{"id":3,"date":"2026-01-10T06:54:30","date_gmt":"2026-01-10T06:54:30","guid":{"rendered":"https:\/\/darkgreen-grouse-660966.hostingersite.com\/?page_id=3"},"modified":"2026-01-11T16:35:41","modified_gmt":"2026-01-11T16:35:41","slug":"politica-de-privacidad","status":"publish","type":"page","link":"https:\/\/trustywatches.com\/en\/politica-de-privacidad\/","title":{"rendered":"Privacy Policy"},"content":{"rendered":"<div data-elementor-type=\"wp-page\" data-elementor-id=\"3\" class=\"elementor elementor-3\" data-elementor-post-type=\"page\">\n\t\t\t\t\t\t<section class=\"elementor-section elementor-top-section elementor-element elementor-element-fe0e789 elementor-section-boxed elementor-section-height-default elementor-section-height-default\" data-id=\"fe0e789\" data-element_type=\"section\" data-settings=\"{&quot;ekit_has_onepagescroll_dot&quot;:&quot;yes&quot;}\">\n\t\t\t\t\t\t<div class=\"elementor-container elementor-column-gap-default\">\n\t\t\t\t\t<div class=\"elementor-column elementor-col-100 elementor-top-column elementor-element elementor-element-4daa2e7\" data-id=\"4daa2e7\" data-element_type=\"column\">\n\t\t\t<div class=\"elementor-widget-wrap elementor-element-populated\">\n\t\t\t\t\t\t<div class=\"elementor-element elementor-element-920f544 elementor-widget elementor-widget-heading\" data-id=\"920f544\" data-element_type=\"widget\" data-settings=\"{&quot;ekit_we_effect_on&quot;:&quot;none&quot;}\" data-widget_type=\"heading.default\">\n\t\t\t\t\t<h2 class=\"elementor-heading-title elementor-size-default\">Privacy Policy<\/h2>\t\t\t\t<\/div>\n\t\t\t\t\t<\/div>\n\t\t<\/div>\n\t\t\t\t\t<\/div>\n\t\t<\/section>\n\t\t\t\t<section class=\"elementor-section elementor-top-section elementor-element elementor-element-15b69c04 elementor-section-boxed elementor-section-height-default elementor-section-height-default\" data-id=\"15b69c04\" data-element_type=\"section\" data-settings=\"{&quot;ekit_has_onepagescroll_dot&quot;:&quot;yes&quot;}\">\n\t\t\t\t\t\t<div class=\"elementor-container elementor-column-gap-default\">\n\t\t\t\t\t<div class=\"elementor-column elementor-col-100 elementor-top-column elementor-element elementor-element-52ab4114\" data-id=\"52ab4114\" data-element_type=\"column\">\n\t\t\t<div class=\"elementor-widget-wrap elementor-element-populated\">\n\t\t\t\t\t\t<div class=\"elementor-element elementor-element-2b105c51 elementor-widget elementor-widget-text-editor\" data-id=\"2b105c51\" data-element_type=\"widget\" data-settings=\"{&quot;ekit_we_effect_on&quot;:&quot;none&quot;}\" data-widget_type=\"text-editor.default\">\n\t\t\t\t\t\t\t\t\t\n<div>\n<h1 class=\"wp-block-heading\">POL\u00cdTICA DE PRIVACIDAD<\/h1>\n<div>\u00a0<\/div>\n<div>Valoramos tu privacidad seriamente, y esta declaraci\u00f3n de privacidad explica c\u00f3mo <strong>nosotros<\/strong> (en conjunto, \u201cnosotros\u201d, \u201cnos\u201d o \u201cnuestro\u201d) recopilamos, utilizamos, compartimos y procesamos tu informaci\u00f3n.<\/div>\n<div>\u00a0<\/div>\n<h2>COLLECCI\u00d3N Y USO DE DATOS PERSONALES<\/h2>\n<div>\u00a0<\/div>\n<div>Los datos personales son la informaci\u00f3n que puede utilizarse para identificarte directamente o indirectamente. Tambi\u00e9n incluyen datos an\u00f3nimos vinculados a informaci\u00f3n que permita tu identificaci\u00f3n directa o indirecta. <strong>No se consideran datos personales<\/strong> la informaci\u00f3n anonimizada de forma irreversible o agregada que, incluso en combinaci\u00f3n con otra informaci\u00f3n, no nos permita identificarte.<\/div>\n<div>\u00a0<\/div>\n<h3>Promoci\u00f3n de la seguridad y protecci\u00f3n<\/h3>\n<div>\u00a0<\/div>\n<div>Cumplimos con los principios de legalidad, legitimidad y transparencia; utilizamos y procesamos la m\u00ednima cantidad de datos dentro de un \u00e1mbito limitado de fines, y adoptamos medidas t\u00e9cnicas y administrativas para proteger la seguridad de los mismos. Recurrimos a los datos personales para verificar cuentas y actividad de usuarios, as\u00ed como para promover la seguridad, por ejemplo, monitoreando fraudes e investigando actividades sospechosas, potencialmente ilegales o violaciones de nuestros t\u00e9rminos o pol\u00edticas. Este procesamiento se basa en nuestro <strong>inter\u00e9s leg\u00edtimo<\/strong> de garantizar la seguridad de nuestros productos y servicios.<\/div>\n<div>\u00a0<\/div>\n<div>A continuaci\u00f3n, se describe los tipos de datos personales que podemos recopilar y su forma de uso:<\/div>\n<div>\u00a0<\/div>\n<h3>\u00bfQu\u00e9 datos personales recopilamos?<\/h3>\n<div>\u00a0<\/div>\n<div>\u2170. <strong>Datos que t\u00fa proporcionas<\/strong>:\n<div>\u00a0<\/div>\nRecopilamos los datos personales que nos facilites al usar nuestros productos y servicios o interactuar con nosotros de cualquier otra manera, como al crear una cuenta, contactarnos, participar en encuestas en l\u00ednea, usar nuestra ayuda online o la herramienta de chat en l\u00ednea. Si realizas una compra, recopilamos datos personales relacionados con la misma, incluidos tus datos de pago (n\u00famero de tarjeta de cr\u00e9dito\/d\u00e9bito y otra informaci\u00f3n asociada), datos de cuenta y autenticaci\u00f3n, as\u00ed como detalles de facturaci\u00f3n, env\u00edo y contacto.<\/div>\n<div>\u00a0<\/div>\n<div>\u2171. <strong>Datos sobre el uso de nuestros servicios y productos<\/strong>:\n<div>\u00a0<\/div>\nAl visitar nuestros sitios web, podemos recopilar datos sobre el tipo de dispositivo que utilizas, su identificador \u00fanico, la direcci\u00f3n IP del dispositivo, el sistema operativo, el navegador de Internet empleado, informaci\u00f3n de uso, datos diagn\u00f3sticos y de ubicaci\u00f3n de los ordenadores, tel\u00e9fonos u otros dispositivos en los que instales o accedas a nuestros productos y servicios. Cuando sea posible, nuestros servicios pueden utilizar GPS, tu direcci\u00f3n IP y otras tecnolog\u00edas para determinar la ubicaci\u00f3n aproximada del dispositivo, con el fin de mejorar nuestros productos y servicios.<\/div>\n<div>\u00a0<\/div>\n<h3>\u00bfC\u00f3mo utilizamos tus datos personales?<\/h3>\n<div>\u00a0<\/div>\n<div>En general, utilizamos los datos personales para <strong>proporcionar, mejorar y desarrollar<\/strong> nuestros productos y servicios, comunicarnos contigo, ofrecerte publicidad y servicios segmentados, y proteger a nosotros mismos y a nuestros clientes.<\/div>\n<div>\u00a0<\/div>\n<div>\u2170. <strong>Provisi\u00f3n, mejora y desarrollo de nuestros productos y servicios<\/strong>:\n<div>\u00a0<\/div>\nRecurrimos a los datos personales para proporcionar, mejorar y desarrollar nuestros productos, servicios y publicidad, incluyendo su uso para an\u00e1lisis de datos, investigaciones y auditor\u00edas. Este procesamiento se basa en nuestro inter\u00e9s leg\u00edtimo de ofrecerte productos y servicios y garantizar la continuidad empresarial. Si participas en un concurso u otra promoci\u00f3n, podemos utilizar los datos personales que nos facilites para administrar estas iniciativas. Algunas de estas actividades tienen normativas adicionales que pueden contener m\u00e1s detalles sobre el uso de tus datos personales, por lo que te animamos a leerlas atentamente antes de participar.<\/div>\n<div>\u00a0<\/div>\n<div>\u2171. <strong>Comunicaci\u00f3n contigo<\/strong>:\n<div>\u00a0<\/div>\n<strong>Con tu consentimiento expreso previo<\/strong>, podemos utilizar tus datos personales para enviarte comunicaciones comerciales sobre nuestros propios productos y servicios, informarte sobre tu cuenta o transacciones, y notificarte cambios en nuestras pol\u00edticas y t\u00e9rminos. Si no deseas recibir m\u00e1s correos electr\u00f3nicos con fines comerciales, contacta con nosotros para darte de baja. Tambi\u00e9n utilizaremos tus datos para procesar y responder a tus solicitudes cuando te pongas en contacto con nosotros. Con tu consentimiento expreso previo, podemos compartir tus datos personales con socios de terceros que puedan enviarte comunicaciones comerciales sobre sus propios productos y servicios. Asimismo, con tu consentimiento expreso previo, podemos personalizar tu experiencia con nuestros productos y servicios (y en sitios web y aplicaciones de terceros) y determinar la eficacia de nuestras campa\u00f1as promocionales.<\/div>\n<div>\u00a0<\/div>\n<div><strong>NOTA<\/strong>: Para cualquier uso de tus datos descrito anteriormente que requiera tu consentimiento expreso previo, ten en cuenta que puedes revocar dicho consentimiento contact\u00e1ndonos en cualquier momento.<\/div>\n<div>\u00a0<\/div>\n<h2>DEFINICI\u00d3N DE COOKIES<\/h2>\n<div>\u00a0<\/div>\n<div>Las Cookies son peque\u00f1os fragmentos de texto que se utilizan para almacenar informaci\u00f3n en los navegadores web. Se emplean ampliamente para guardar y recibir identificadores y otra informaci\u00f3n en ordenadores, tel\u00e9fonos y otros dispositivos. Tambi\u00e9n utilizamos otras tecnolog\u00edas con fines similares, como los datos que almacenamos en tu navegador o dispositivo, los identificadores asociados a tu dispositivo y otro software. En esta declaraci\u00f3n de Cookies, nos referimos a todas estas tecnolog\u00edas como <strong>Cookies<\/strong>.<\/div>\n<div>\u00a0<\/div>\n<h3>USO DE COOKIES<\/h3>\n<div>\u00a0<\/div>\n<div>Utilizamos las Cookies para proporcionar, proteger y mejorar nuestros productos y servicios, por ejemplo, personalizando el contenido, ofreciendo y midiendo la efectividad de la publicidad, comprendiendo el comportamiento de los usuarios y brindando una experiencia m\u00e1s segura. Ten en cuenta que las Cookies espec\u00edficas que podemos utilizar var\u00edan seg\u00fan los sitios web y servicios que accedas.<\/div>\n<div>\u00a0<\/div>\n<h2>DIVULGACI\u00d3N DE DATOS PERSONALES<\/h2>\n<div>\u00a0<\/div>\n<div>Ponemos a disposici\u00f3n de nuestros socios estrat\u00e9gicos ciertos datos personales, quienes colaboran con nosotros para proporcionar nuestros productos y servicios o ayudarnos en la comercializaci\u00f3n a clientes. Solo compartiremos tus datos personales con estas empresas para <strong>proporcionar o mejorar<\/strong> nuestros productos, servicios y publicidad; no los compartiremos con terceros para sus propios fines comerciales sin tu consentimiento expreso previo.<\/div>\n<div>\u00a0<\/div>\n<h2>DIVULGACI\u00d3N, ALMACENAMIENTO, TRASLADO Y PROCESAMIENTO DE DATOS<\/h2>\n<div>\u00a0<\/div>\n<div>\u2170. <strong>Cumplimiento de obligaciones legales<\/strong>:\n<div>\u00a0<\/div>\nDebido a las leyes imperativas del Espacio Econ\u00f3mico Europeo (EEE) o del pa\u00eds de residencia del usuario, as\u00ed como a la existencia o celebraci\u00f3n de actos legales que impliquen cumplimientos obligatorios, aplicamos las siguientes normativas para el procesamiento de datos de residentes en el EEE:\n<div>\u00a0<\/div>\nComo se describe a continuaci\u00f3n, si residen en el Espacio Econ\u00f3mico Europeo (EEE), el procesamiento de tus datos personales se legitima seg\u00fan lo establecido en el <strong>Art\u00edculo 6(1) del Reglamento General de Protecci\u00f3n de Datos (UE) (RGPD)<\/strong> en todos los casos en que requiramos tu consentimiento para dicho procesamiento.<\/div>\n<div>\u00a0<\/div>\n<div>\u2171. <strong>Implementaci\u00f3n o aplicaci\u00f3n razonable de la presente cl\u00e1usula<\/strong>:\n<div>\u00a0<\/div>\nPodemos compartir tus datos personales con todas nuestras empresas afiliadas. En caso de fusi\u00f3n, reorganizaci\u00f3n, adquisici\u00f3n, joint venture, cesi\u00f3n, escisi\u00f3n, traslado o venta de todo o parte de nuestro negocio (incluidas las procedimientos de quiebra o similares), podemos transferir todos los datos personales a los terceros relevantes. Tambi\u00e9n podemos divulgar datos personales si determinamos de buena fe que la divulgaci\u00f3n es razonablemente necesaria para proteger nuestros derechos, ejercer los recursos legales disponibles, hacer cumplir nuestros t\u00e9rminos y condiciones, investigar fraudes o proteger nuestras operaciones o usuarios.<\/div>\n<div>\u00a0<\/div>\n<div>\u2172. <strong>Cumplimiento legal, seguridad y protecci\u00f3n de otros derechos<\/strong>:\n<div>\u00a0<\/div>\nPodr\u00eda ser necesario, <strong>por ley, proceso judicial, litigio y\/o solicitudes de autoridades p\u00fablicas y gubernamentales<\/strong> (dentro o fuera de tu pa\u00eds de residencia), divulgar tus datos personales. Tambi\u00e9n lo haremos si determinamos que la divulgaci\u00f3n es necesaria o adecuada por motivos de seguridad nacional, aplicaci\u00f3n de la ley u otros asuntos de inter\u00e9s p\u00fablico.<\/div>\n<div>\u00a0<\/div>\n<h2>NI\u00d1OS<\/h2>\n<div>\u00a0<\/div>\n<div>Nuestros productos y servicios est\u00e1n destinados exclusivamente a <strong>adultos<\/strong>. Por lo tanto, no recopilamos, utilizamos ni divulgamos datos de ni\u00f1os menores de 16 a\u00f1os de forma consciente. Si descubrimos que hemos recopilado datos personales de un ni\u00f1o menor de 16 a\u00f1os (o la edad m\u00ednima equivalente seg\u00fan la jurisdicci\u00f3n), tomaremos medidas para eliminar dichos datos lo antes posible. Por favor, contacta con nosotros inmediatamente si te das cuenta de que un ni\u00f1o menor de 16 a\u00f1os nos ha proporcionado datos personales.<\/div>\n<div>\u00a0<\/div>\n<h2>TUS DERECHOS<\/h2>\n<div>\u00a0<\/div>\n<div>Adoptamos medidas razonables para garantizar que tus datos personales sean <strong>exactos, completos y actualizados<\/strong>. Tienes el derecho a:<\/div>\n<div>\u00a0<\/div>\n<ul>\n<li>Acceder, corregir o eliminar los datos personales que recopilamos.<\/li>\n<li>Restringir u oponerte, en cualquier momento, al posterior procesamiento de tus datos personales.<\/li>\n<li>Recibir tus datos personales en un formato estructurado y est\u00e1ndar.<\/li>\n<li>Presentar una reclamaci\u00f3n ante la <strong>autoridad de protecci\u00f3n de datos competente<\/strong> respecto al procesamiento de tus datos personales.<\/li>\n<\/ul>\n<div>\u00a0<\/div>\n<div>Para proteger la privacidad y seguridad de tus datos personales, podemos solicitarte informaci\u00f3n adicional para confirmar tu identidad, tu derecho a acceder a dichos datos, as\u00ed como para buscar y proporcionarte los datos personales que conservamos. Existen situaciones en las que las leyes o normativas aplicables permiten o exigen que nos neguemos a proporcionar o eliminar todo o parte de los datos personales que mantenemos. Puedes contactar con nosotros para ejercer tus derechos; responderemos a tu solicitud en un plazo razonable y, en cualquier caso, en menos de 30 d\u00edas.<\/div>\n<div>\u00a0<\/div>\n<h2>SITIOS WEB Y SERVICIOS DE TERCEROS<\/h2>\n<div>\u00a0<\/div>\n<div>Cuando accedas a un enlace a un sitio web de terceros con el que tenemos una relaci\u00f3n, <strong>no asumimos ninguna obligaci\u00f3n ni responsabilidad<\/strong> sobre su pol\u00edtica de privacidad. Nuestros sitios web, productos y servicios pueden contener enlaces o permitir el acceso a sitios web, productos y servicios de terceros. No somos responsables de las pr\u00e1cticas de privacidad de dichos terceros, ni de la informaci\u00f3n o contenido de sus productos y servicios.<\/div>\n<div>\u00a0<\/div>\n<div>Esta declaraci\u00f3n de privacidad se aplica <strong>\u00fanicamente<\/strong> a los datos que recopilamos a trav\u00e9s de nuestros propios productos y servicios. Te animamos a leer las pol\u00edticas de privacidad de cualquier tercero antes de utilizar sus sitios web, productos o servicios.<\/div>\n<div>\u00a0<\/div>\n<h2>SEGURIDAD, INTEGRIDAD Y CONSERVACI\u00d3N DE DATOS<\/h2>\n<div>\u00a0<\/div>\n<div>Utilizamos medidas de seguridad <strong>t\u00e9cnicas, administrativas y f\u00edsicas razonables<\/strong> dise\u00f1adas para proteger tus datos y prevenir el acceso no autorizado, as\u00ed como para garantizar el uso correcto de la informaci\u00f3n recopilada.<\/div>\n<div>\u00a0<\/div>\n<div>Conservaremos tus datos personales <strong>hasta que sea necesario<\/strong> para cumplir los fines establecidos en esta declaraci\u00f3n de privacidad, a menos que la ley exija o permita un plazo de conservaci\u00f3n m\u00e1s largo.<\/div>\n<div>\u00a0<\/div>\n<h2>CAMBIOS EN ESTA DECLARACI\u00d3N DE PRIVACIDAD<\/h2>\n<div>\u00a0<\/div>\n<div>Podemos modificar esta declaraci\u00f3n de privacidad peri\u00f3dicamente para adaptarnos a nuevas tecnolog\u00edas, pr\u00e1cticas sectoriales y requisitos normativos, entre otros motivos. El <strong>uso continuado de nuestros productos y servicios<\/strong> despu\u00e9s de la fecha de entrada en vigor de la versi\u00f3n revisada implica la aceptaci\u00f3n de los cambios. Si no est\u00e1s de acuerdo con la declaraci\u00f3n de privacidad modificada, abstente de usar nuestros productos o servicios y contacta con nosotros para cerrar cualquier cuenta que hayas creado.<\/div>\n<div>\u00a0<\/div>\n<h2>CONTACTO<\/h2>\n<div>\u00a0<\/div>\n<div>Si tienes alguna pregunta sobre esta declaraci\u00f3n de privacidad o su aplicaci\u00f3n, puedes contactarnos en la siguiente direcci\u00f3n de correo electr\u00f3nico:\n<div>\u00a0<\/div>\n<strong>Sale@xwatches.to<\/strong><\/div>\n<\/div>\t\t\t\t\t\t\t\t<\/div>\n\t\t\t\t\t<\/div>\n\t\t<\/div>\n\t\t\t\t\t<\/div>\n\t\t<\/section>\n\t\t\t\t<\/div>","protected":false},"excerpt":{"rendered":"<p>Pol\u00edtica de Privacidad POL\u00cdTICA DE PRIVACIDAD \u00a0 Valoramos tu privacidad seriamente, y esta declaraci\u00f3n de privacidad explica c\u00f3mo nosotros (en conjunto, \u201cnosotros\u201d, \u201cnos\u201d o \u201cnuestro\u201d) recopilamos, utilizamos, compartimos y procesamos tu informaci\u00f3n. \u00a0 COLLECCI\u00d3N Y USO DE DATOS PERSONALES \u00a0 Los datos personales son la informaci\u00f3n que puede utilizarse para identificarte directamente o indirectamente. Tambi\u00e9n [&hellip;]<\/p>\n","protected":false},"author":1,"featured_media":0,"parent":0,"menu_order":0,"comment_status":"closed","ping_status":"closed","template":"","meta":{"iawp_total_views":0,"footnotes":""},"class_list":["post-3","page","type-page","status-publish","hentry"],"yoast_head":"<!-- This site is optimized with the Yoast SEO plugin v27.3 - https:\/\/yoast.com\/product\/yoast-seo-wordpress\/ -->\n<title>Pol\u00edtica de Privacidad - Trustywatches<\/title>\n<meta name=\"robots\" content=\"index, follow, max-snippet:-1, max-image-preview:large, max-video-preview:-1\" \/>\n<link rel=\"canonical\" href=\"https:\/\/trustywatches.com\/en\/politica-de-privacidad\/\" \/>\n<meta property=\"og:locale\" content=\"en_US\" \/>\n<meta property=\"og:type\" content=\"article\" \/>\n<meta property=\"og:title\" content=\"Pol\u00edtica de Privacidad - Trustywatches\" \/>\n<meta property=\"og:description\" content=\"Pol\u00edtica de Privacidad POL\u00cdTICA DE PRIVACIDAD \u00a0 Valoramos tu privacidad seriamente, y esta declaraci\u00f3n de privacidad explica c\u00f3mo nosotros (en conjunto, \u201cnosotros\u201d, \u201cnos\u201d o \u201cnuestro\u201d) recopilamos, utilizamos, compartimos y procesamos tu informaci\u00f3n. \u00a0 COLLECCI\u00d3N Y USO DE DATOS PERSONALES \u00a0 Los datos personales son la informaci\u00f3n que puede utilizarse para identificarte directamente o indirectamente. Tambi\u00e9n [&hellip;]\" \/>\n<meta property=\"og:url\" content=\"https:\/\/trustywatches.com\/en\/politica-de-privacidad\/\" \/>\n<meta property=\"og:site_name\" content=\"Trustywatches\" \/>\n<meta property=\"article:modified_time\" content=\"2026-01-11T16:35:41+00:00\" \/>\n<meta name=\"twitter:card\" content=\"summary_large_image\" \/>\n<meta name=\"twitter:label1\" content=\"Est. reading time\" \/>\n\t<meta name=\"twitter:data1\" content=\"9 minutes\" \/>\n<script type=\"application\/ld+json\" class=\"yoast-schema-graph\">{\"@context\":\"https:\\\/\\\/schema.org\",\"@graph\":[{\"@type\":\"WebPage\",\"@id\":\"https:\\\/\\\/trustywatches.com\\\/politica-de-privacidad\\\/\",\"url\":\"https:\\\/\\\/trustywatches.com\\\/politica-de-privacidad\\\/\",\"name\":\"Pol\u00edtica de Privacidad - Trustywatches\",\"isPartOf\":{\"@id\":\"https:\\\/\\\/trustywatches.com\\\/#website\"},\"datePublished\":\"2026-01-10T06:54:30+00:00\",\"dateModified\":\"2026-01-11T16:35:41+00:00\",\"breadcrumb\":{\"@id\":\"https:\\\/\\\/trustywatches.com\\\/politica-de-privacidad\\\/#breadcrumb\"},\"inLanguage\":\"en-US\",\"potentialAction\":[{\"@type\":\"ReadAction\",\"target\":[\"https:\\\/\\\/trustywatches.com\\\/politica-de-privacidad\\\/\"]}]},{\"@type\":\"BreadcrumbList\",\"@id\":\"https:\\\/\\\/trustywatches.com\\\/politica-de-privacidad\\\/#breadcrumb\",\"itemListElement\":[{\"@type\":\"ListItem\",\"position\":1,\"name\":\"Home\",\"item\":\"https:\\\/\\\/trustywatches.com\\\/\"},{\"@type\":\"ListItem\",\"position\":2,\"name\":\"Pol\u00edtica de Privacidad\"}]},{\"@type\":\"WebSite\",\"@id\":\"https:\\\/\\\/trustywatches.com\\\/#website\",\"url\":\"https:\\\/\\\/trustywatches.com\\\/\",\"name\":\"Trustywatches\",\"description\":\"\",\"potentialAction\":[{\"@type\":\"SearchAction\",\"target\":{\"@type\":\"EntryPoint\",\"urlTemplate\":\"https:\\\/\\\/trustywatches.com\\\/?s={search_term_string}\"},\"query-input\":{\"@type\":\"PropertyValueSpecification\",\"valueRequired\":true,\"valueName\":\"search_term_string\"}}],\"inLanguage\":\"en-US\"}]}<\/script>\n<!-- \/ Yoast SEO plugin. -->","yoast_head_json":{"title":"Pol\u00edtica de Privacidad - Trustywatches","robots":{"index":"index","follow":"follow","max-snippet":"max-snippet:-1","max-image-preview":"max-image-preview:large","max-video-preview":"max-video-preview:-1"},"canonical":"https:\/\/trustywatches.com\/en\/politica-de-privacidad\/","og_locale":"en_US","og_type":"article","og_title":"Pol\u00edtica de Privacidad - Trustywatches","og_description":"Pol\u00edtica de Privacidad POL\u00cdTICA DE PRIVACIDAD \u00a0 Valoramos tu privacidad seriamente, y esta declaraci\u00f3n de privacidad explica c\u00f3mo nosotros (en conjunto, \u201cnosotros\u201d, \u201cnos\u201d o \u201cnuestro\u201d) recopilamos, utilizamos, compartimos y procesamos tu informaci\u00f3n. \u00a0 COLLECCI\u00d3N Y USO DE DATOS PERSONALES \u00a0 Los datos personales son la informaci\u00f3n que puede utilizarse para identificarte directamente o indirectamente. Tambi\u00e9n [&hellip;]","og_url":"https:\/\/trustywatches.com\/en\/politica-de-privacidad\/","og_site_name":"Trustywatches","article_modified_time":"2026-01-11T16:35:41+00:00","twitter_card":"summary_large_image","twitter_misc":{"Est. reading time":"9 minutes"},"schema":{"@context":"https:\/\/schema.org","@graph":[{"@type":"WebPage","@id":"https:\/\/trustywatches.com\/politica-de-privacidad\/","url":"https:\/\/trustywatches.com\/politica-de-privacidad\/","name":"Pol\u00edtica de Privacidad - Trustywatches","isPartOf":{"@id":"https:\/\/trustywatches.com\/#website"},"datePublished":"2026-01-10T06:54:30+00:00","dateModified":"2026-01-11T16:35:41+00:00","breadcrumb":{"@id":"https:\/\/trustywatches.com\/politica-de-privacidad\/#breadcrumb"},"inLanguage":"en-US","potentialAction":[{"@type":"ReadAction","target":["https:\/\/trustywatches.com\/politica-de-privacidad\/"]}]},{"@type":"BreadcrumbList","@id":"https:\/\/trustywatches.com\/politica-de-privacidad\/#breadcrumb","itemListElement":[{"@type":"ListItem","position":1,"name":"Home","item":"https:\/\/trustywatches.com\/"},{"@type":"ListItem","position":2,"name":"Pol\u00edtica de Privacidad"}]},{"@type":"WebSite","@id":"https:\/\/trustywatches.com\/#website","url":"https:\/\/trustywatches.com\/","name":"Trustywatches","description":"","potentialAction":[{"@type":"SearchAction","target":{"@type":"EntryPoint","urlTemplate":"https:\/\/trustywatches.com\/?s={search_term_string}"},"query-input":{"@type":"PropertyValueSpecification","valueRequired":true,"valueName":"search_term_string"}}],"inLanguage":"en-US"}]}},"post_mailing_queue_ids":[],"_links":{"self":[{"href":"https:\/\/trustywatches.com\/en\/wp-json\/wp\/v2\/pages\/3","targetHints":{"allow":["GET"]}}],"collection":[{"href":"https:\/\/trustywatches.com\/en\/wp-json\/wp\/v2\/pages"}],"about":[{"href":"https:\/\/trustywatches.com\/en\/wp-json\/wp\/v2\/types\/page"}],"author":[{"embeddable":true,"href":"https:\/\/trustywatches.com\/en\/wp-json\/wp\/v2\/users\/1"}],"replies":[{"embeddable":true,"href":"https:\/\/trustywatches.com\/en\/wp-json\/wp\/v2\/comments?post=3"}],"version-history":[{"count":0,"href":"https:\/\/trustywatches.com\/en\/wp-json\/wp\/v2\/pages\/3\/revisions"}],"wp:attachment":[{"href":"https:\/\/trustywatches.com\/en\/wp-json\/wp\/v2\/media?parent=3"}],"curies":[{"name":"wp","href":"https:\/\/api.w.org\/{rel}","templated":true}]}}