{"id":3734,"date":"2026-01-10T07:04:39","date_gmt":"2026-01-10T07:04:39","guid":{"rendered":""},"modified":"2026-01-20T06:58:06","modified_gmt":"2026-01-20T06:58:06","slug":"preguntas-frecuentes","status":"publish","type":"page","link":"https:\/\/trustywatches.com\/en\/preguntas-frecuentes\/","title":{"rendered":"Frequently Asked Questions"},"content":{"rendered":"<div data-elementor-type=\"wp-page\" data-elementor-id=\"3734\" class=\"elementor elementor-3734\" data-elementor-post-type=\"page\">\n\t\t\t\t\t\t<section class=\"elementor-section elementor-top-section elementor-element elementor-element-7ed3e906 elementor-section-boxed elementor-section-height-default elementor-section-height-default\" data-id=\"7ed3e906\" data-element_type=\"section\" data-settings=\"{&quot;ekit_has_onepagescroll_dot&quot;:&quot;yes&quot;}\">\n\t\t\t\t\t\t<div class=\"elementor-container elementor-column-gap-default\">\n\t\t\t\t\t<div class=\"elementor-column elementor-col-100 elementor-top-column elementor-element elementor-element-6b44bb17\" data-id=\"6b44bb17\" data-element_type=\"column\">\n\t\t\t<div class=\"elementor-widget-wrap elementor-element-populated\">\n\t\t\t\t\t\t<div class=\"elementor-element elementor-element-51d87ab5 elementor-widget elementor-widget-heading\" data-id=\"51d87ab5\" data-element_type=\"widget\" data-settings=\"{&quot;ekit_we_effect_on&quot;:&quot;none&quot;}\" data-widget_type=\"heading.default\">\n\t\t\t\t\t<h3 class=\"elementor-heading-title elementor-size-default\">Preguntas frecuentes\n<\/h3>\t\t\t\t<\/div>\n\t\t\t\t<div class=\"elementor-element elementor-element-723e0350 elementor-widget elementor-widget-html\" data-id=\"723e0350\" data-element_type=\"widget\" data-settings=\"{&quot;ekit_we_effect_on&quot;:&quot;none&quot;}\" data-widget_type=\"html.default\">\n\t\t\t\t\t<p style=\"line-height: 1; margin: 0\" class=\"text-center nasa-title-desc\">Last Updated on February 29, 2021<\/p>\t\t\t\t<\/div>\n\t\t\t\t<div class=\"elementor-element elementor-element-a6579a0 elementor-widget elementor-widget-text-editor\" data-id=\"a6579a0\" data-element_type=\"widget\" data-settings=\"{&quot;ekit_we_effect_on&quot;:&quot;none&quot;}\" data-widget_type=\"text-editor.default\">\n\t\t\t\t\t\t\t\t\t<p class=\"faq-intro\"><span dir=\"auto\">A continuaci\u00f3n, encontrar\u00e1 respuestas a las preguntas m\u00e1s frecuentes. Si busca algo espec\u00edfico, comience por la categor\u00eda correspondiente.<\/span><\/p>\t\t\t\t\t\t\t\t<\/div>\n\t\t\t\t\t<\/div>\n\t\t<\/div>\n\t\t\t\t\t<\/div>\n\t\t<\/section>\n\t\t\t\t<section class=\"elementor-section elementor-top-section elementor-element elementor-element-0cf81ab elementor-section-boxed elementor-section-height-default elementor-section-height-default\" data-id=\"0cf81ab\" data-element_type=\"section\" data-settings=\"{&quot;ekit_has_onepagescroll_dot&quot;:&quot;yes&quot;}\">\n\t\t\t\t\t\t<div class=\"elementor-container elementor-column-gap-default\">\n\t\t\t\t\t<div class=\"elementor-column elementor-col-100 elementor-top-column elementor-element elementor-element-da0b2ce\" data-id=\"da0b2ce\" data-element_type=\"column\">\n\t\t\t<div class=\"elementor-widget-wrap elementor-element-populated\">\n\t\t\t\t\t\t<div class=\"elementor-element elementor-element-0fba30f elementor-widget elementor-widget-heading\" data-id=\"0fba30f\" data-element_type=\"widget\" data-settings=\"{&quot;ekit_we_effect_on&quot;:&quot;none&quot;}\" data-widget_type=\"heading.default\">\n\t\t\t\t\t<h2 class=\"elementor-heading-title elementor-size-default\">Categor\u00edas de preguntas frecuentes\n<\/h2>\t\t\t\t<\/div>\n\t\t\t\t<div class=\"elementor-element elementor-element-a9c71a2 elementor-widget elementor-widget-text-editor\" data-id=\"a9c71a2\" data-element_type=\"widget\" data-settings=\"{&quot;ekit_we_effect_on&quot;:&quot;none&quot;}\" data-widget_type=\"text-editor.default\">\n\t\t\t\t\t\t\t\t\t<ul class=\"faq-category-list\"><li><a href=\"https:\/\/www.replicafactory.cx\/pages\/clone-watch-basics\" target=\"_blank\" rel=\"noopener\"><span dir=\"auto\">01. Conocimientos generales<\/span><\/a>\u00a0<span class=\"tag\"><span dir=\"auto\">Conocimiento<\/span><\/span><\/li><li><a href=\"https:\/\/www.replicafactory.cx\/pages\/clone-movement\" target=\"_blank\" rel=\"noopener\"><span dir=\"auto\">02. Movimiento y tecnolog\u00eda<\/span><\/a>\u00a0<span class=\"tag\"><span dir=\"auto\">Conocimiento<\/span><\/span><\/li><li><a href=\"https:\/\/www.replicafactory.cx\/pages\/appearance-details\" target=\"_blank\" rel=\"noopener\"><span dir=\"auto\">03. Apariencia y detalles<\/span><\/a>\u00a0<span class=\"tag\"><span dir=\"auto\">Conocimiento<\/span><\/span><\/li><li><a href=\"https:\/\/www.replicafactory.cx\/pages\/usage-maintenance\" target=\"_blank\" rel=\"noopener\"><span dir=\"auto\">04. Uso y mantenimiento<\/span><\/a>\u00a0<span class=\"tag\"><span dir=\"auto\">Conocimiento<\/span><\/span><\/li><li><a href=\"https:\/\/www.replicafactory.cx\/pages\/orders-shipping-warranty\" target=\"_blank\" rel=\"noopener\"><span dir=\"auto\">05. Pedidos, env\u00edos y garant\u00eda<\/span><\/a>\u00a0<span class=\"tag tag-ops\"><span dir=\"auto\">Servicio<\/span><\/span><\/li><\/ul>\t\t\t\t\t\t\t\t<\/div>\n\t\t\t\t\t<\/div>\n\t\t<\/div>\n\t\t\t\t\t<\/div>\n\t\t<\/section>\n\t\t\t\t<section class=\"elementor-section elementor-top-section elementor-element elementor-element-62492f5 elementor-section-boxed elementor-section-height-default elementor-section-height-default\" data-id=\"62492f5\" data-element_type=\"section\" data-settings=\"{&quot;ekit_has_onepagescroll_dot&quot;:&quot;yes&quot;}\">\n\t\t\t\t\t\t<div class=\"elementor-container elementor-column-gap-default\">\n\t\t\t\t\t<div class=\"elementor-column elementor-col-50 elementor-top-column elementor-element elementor-element-ff2ddb9\" data-id=\"ff2ddb9\" data-element_type=\"column\">\n\t\t\t<div class=\"elementor-widget-wrap elementor-element-populated\">\n\t\t\t\t\t\t<div class=\"elementor-element elementor-element-32fa1cf ekit-equal-height-disable elementor-widget elementor-widget-elementskit-icon-box\" data-id=\"32fa1cf\" data-element_type=\"widget\" data-settings=\"{&quot;ekit_we_effect_on&quot;:&quot;none&quot;}\" data-widget_type=\"elementskit-icon-box.default\">\n\t\t\t\t\t<div class=\"ekit-wid-con\" >        <!-- link opening -->\n                <!-- end link opening -->\n\n        <div class=\"elementskit-infobox text- text- icon-lef-right-aligin elementor-animation-\">\n                        <div class=\"box-body\">\n                            <h3 class=\"elementskit-info-box-title\">\n                    Conocimiento general                <\/h3>\n                        \t\t  \t<p>\u00bfQu\u00e9 significa realmente \"reloj clon 1:1\"?\nSe refiere a una r\u00e9plica de alta calidad dise\u00f1ada para ser lo m\u00e1s parecida posible al original en tama\u00f1o, estructura y tacto, no solo en apariencia.<\/p>\n                                        <div class=\"box-footer disable_hover_button\">\n                    <div class=\"btn-wraper\">\n                                                            <a class=\"elementskit-btn whitespace--normal\" href=\"#\">\n                                        M\u00e1s informaci\u00f3n                                         <svg class=\"ekit-svg-icon icon-right-arrow\" viewbox=\"0 0 32 32\" xmlns=\"http:\/\/www.w3.org\/2000\/svg\"><path d=\"M21.548 5.088c-0.436-0.451-1.162-0.451-1.613 0-0.436 0.436-0.436 1.162 0 1.596l8.177 8.177h-26.984c-0.629 0.001-1.129 0.501-1.129 1.13s0.5 1.145 1.129 1.145h26.984l-8.177 8.162c-0.436 0.451-0.436 1.178 0 1.613 0.451 0.451 1.178 0.451 1.613 0l10.113-10.113c0.451-0.436 0.451-1.162 0-1.596l-10.113-10.114z\"><\/path><\/svg>                                    <\/a>\n                                                        <\/div>\n                <\/div>\n                    <\/div>\n        \n        \n                <\/div>\n        <\/div>\t\t\t\t<\/div>\n\t\t\t\t\t<\/div>\n\t\t<\/div>\n\t\t\t\t<div class=\"elementor-column elementor-col-50 elementor-top-column elementor-element elementor-element-a5ccb8a\" data-id=\"a5ccb8a\" data-element_type=\"column\">\n\t\t\t<div class=\"elementor-widget-wrap elementor-element-populated\">\n\t\t\t\t\t\t<div class=\"elementor-element elementor-element-1605294 ekit-equal-height-disable elementor-widget elementor-widget-elementskit-icon-box\" data-id=\"1605294\" data-element_type=\"widget\" data-settings=\"{&quot;ekit_we_effect_on&quot;:&quot;none&quot;}\" data-widget_type=\"elementskit-icon-box.default\">\n\t\t\t\t\t<div class=\"ekit-wid-con\" >        <!-- link opening -->\n                <!-- end link opening -->\n\n        <div class=\"elementskit-infobox text- text- icon-lef-right-aligin elementor-animation-\">\n                        <div class=\"box-body\">\n                            <h3 class=\"elementskit-info-box-title\">\n                    Movimiento y tecnolog\u00eda                <\/h3>\n                        \t\t  \t<p>\u00bfFuncionan todas las funciones del cron\u00f3grafo?\nDepende del mecanismo del reloj. Algunos modelos admiten el uso completo del cron\u00f3grafo, mientras que otros se centran principalmente en la precisi\u00f3n visual. <\/p>\n                                        <div class=\"box-footer disable_hover_button\">\n                    <div class=\"btn-wraper\">\n                                                            <a class=\"elementskit-btn whitespace--normal\" href=\"#\">\n                                        M\u00e1s informaci\u00f3n                                         <svg class=\"ekit-svg-icon icon-right-arrow\" viewbox=\"0 0 32 32\" xmlns=\"http:\/\/www.w3.org\/2000\/svg\"><path d=\"M21.548 5.088c-0.436-0.451-1.162-0.451-1.613 0-0.436 0.436-0.436 1.162 0 1.596l8.177 8.177h-26.984c-0.629 0.001-1.129 0.501-1.129 1.13s0.5 1.145 1.129 1.145h26.984l-8.177 8.162c-0.436 0.451-0.436 1.178 0 1.613 0.451 0.451 1.178 0.451 1.613 0l10.113-10.113c0.451-0.436 0.451-1.162 0-1.596l-10.113-10.114z\"><\/path><\/svg>                                    <\/a>\n                                                        <\/div>\n                <\/div>\n                    <\/div>\n        \n        \n                <\/div>\n        <\/div>\t\t\t\t<\/div>\n\t\t\t\t\t<\/div>\n\t\t<\/div>\n\t\t\t\t\t<\/div>\n\t\t<\/section>\n\t\t\t\t<section class=\"elementor-section elementor-top-section elementor-element elementor-element-c301a9b elementor-section-boxed elementor-section-height-default elementor-section-height-default\" data-id=\"c301a9b\" data-element_type=\"section\" data-settings=\"{&quot;ekit_has_onepagescroll_dot&quot;:&quot;yes&quot;}\">\n\t\t\t\t\t\t<div class=\"elementor-container elementor-column-gap-default\">\n\t\t\t\t\t<div class=\"elementor-column elementor-col-50 elementor-top-column elementor-element elementor-element-208a07d\" data-id=\"208a07d\" data-element_type=\"column\">\n\t\t\t<div class=\"elementor-widget-wrap elementor-element-populated\">\n\t\t\t\t\t\t<div class=\"elementor-element elementor-element-4069334 ekit-equal-height-disable elementor-widget elementor-widget-elementskit-icon-box\" data-id=\"4069334\" data-element_type=\"widget\" data-settings=\"{&quot;ekit_we_effect_on&quot;:&quot;none&quot;}\" data-widget_type=\"elementskit-icon-box.default\">\n\t\t\t\t\t<div class=\"ekit-wid-con\" >        <!-- link opening -->\n                <!-- end link opening -->\n\n        <div class=\"elementskit-infobox text- text- icon-lef-right-aligin elementor-animation-\">\n                        <div class=\"box-body\">\n                            <h3 class=\"elementskit-info-box-title\">\n                    Uso y mantenimiento                <\/h3>\n                        \t\t  \t<p>\u00bfLos relojes resisten al agua?\nSon adecuados para situaciones cotidianas como lavarse las manos o bajo una lluvia ligera, pero no se recomiendan nadar ni ducharse con agua caliente.<\/p>\n                                        <div class=\"box-footer disable_hover_button\">\n                    <div class=\"btn-wraper\">\n                                                            <a class=\"elementskit-btn whitespace--normal\" href=\"#\">\n                                        M\u00e1s informaci\u00f3n                                         <svg class=\"ekit-svg-icon icon-right-arrow\" viewbox=\"0 0 32 32\" xmlns=\"http:\/\/www.w3.org\/2000\/svg\"><path d=\"M21.548 5.088c-0.436-0.451-1.162-0.451-1.613 0-0.436 0.436-0.436 1.162 0 1.596l8.177 8.177h-26.984c-0.629 0.001-1.129 0.501-1.129 1.13s0.5 1.145 1.129 1.145h26.984l-8.177 8.162c-0.436 0.451-0.436 1.178 0 1.613 0.451 0.451 1.178 0.451 1.613 0l10.113-10.113c0.451-0.436 0.451-1.162 0-1.596l-10.113-10.114z\"><\/path><\/svg>                                    <\/a>\n                                                        <\/div>\n                <\/div>\n                    <\/div>\n        \n        \n                <\/div>\n        <\/div>\t\t\t\t<\/div>\n\t\t\t\t\t<\/div>\n\t\t<\/div>\n\t\t\t\t<div class=\"elementor-column elementor-col-50 elementor-top-column elementor-element elementor-element-e3f8650\" data-id=\"e3f8650\" data-element_type=\"column\">\n\t\t\t<div class=\"elementor-widget-wrap elementor-element-populated\">\n\t\t\t\t\t\t<div class=\"elementor-element elementor-element-95e66a6 ekit-equal-height-disable elementor-widget elementor-widget-elementskit-icon-box\" data-id=\"95e66a6\" data-element_type=\"widget\" data-settings=\"{&quot;ekit_we_effect_on&quot;:&quot;none&quot;}\" data-widget_type=\"elementskit-icon-box.default\">\n\t\t\t\t\t<div class=\"ekit-wid-con\" >        <!-- link opening -->\n                <!-- end link opening -->\n\n        <div class=\"elementskit-infobox text- text- icon-lef-right-aligin elementor-animation-\">\n                        <div class=\"box-body\">\n                            <h3 class=\"elementskit-info-box-title\">\n                    Pedidos y env\u00edos                <\/h3>\n                        \t\t  \t<p>\u00bfRecibir\u00e9 un n\u00famero de seguimiento?\nS\u00ed. Una vez enviado el pedido, los detalles de seguimiento suelen enviarse por correo electr\u00f3nico en un plazo de 1 a 3 d\u00edas laborables.<\/p>\n                                        <div class=\"box-footer disable_hover_button\">\n                    <div class=\"btn-wraper\">\n                                                            <a class=\"elementskit-btn whitespace--normal\" href=\"#\">\n                                        M\u00e1s informaci\u00f3n                                         <svg class=\"ekit-svg-icon icon-right-arrow\" viewbox=\"0 0 32 32\" xmlns=\"http:\/\/www.w3.org\/2000\/svg\"><path d=\"M21.548 5.088c-0.436-0.451-1.162-0.451-1.613 0-0.436 0.436-0.436 1.162 0 1.596l8.177 8.177h-26.984c-0.629 0.001-1.129 0.501-1.129 1.13s0.5 1.145 1.129 1.145h26.984l-8.177 8.162c-0.436 0.451-0.436 1.178 0 1.613 0.451 0.451 1.178 0.451 1.613 0l10.113-10.113c0.451-0.436 0.451-1.162 0-1.596l-10.113-10.114z\"><\/path><\/svg>                                    <\/a>\n                                                        <\/div>\n                <\/div>\n                    <\/div>\n        \n        \n                <\/div>\n        <\/div>\t\t\t\t<\/div>\n\t\t\t\t\t<\/div>\n\t\t<\/div>\n\t\t\t\t\t<\/div>\n\t\t<\/section>\n\t\t\t\t<section class=\"elementor-section elementor-top-section elementor-element elementor-element-7a850465 elementor-section-boxed elementor-section-height-default elementor-section-height-default\" data-id=\"7a850465\" data-element_type=\"section\" data-settings=\"{&quot;ekit_has_onepagescroll_dot&quot;:&quot;yes&quot;}\">\n\t\t\t\t\t\t\t<div class=\"elementor-background-overlay\"><\/div>\n\t\t\t\t\t\t\t<div class=\"elementor-container elementor-column-gap-default\">\n\t\t\t\t\t<div class=\"elementor-column elementor-col-100 elementor-top-column elementor-element elementor-element-20aa7452\" data-id=\"20aa7452\" data-element_type=\"column\" data-settings=\"{&quot;background_background&quot;:&quot;classic&quot;}\">\n\t\t\t<div class=\"elementor-widget-wrap elementor-element-populated\">\n\t\t\t\t\t\t<div class=\"elementor-element elementor-element-69423353 elementor-widget elementor-widget-heading\" data-id=\"69423353\" data-element_type=\"widget\" data-settings=\"{&quot;ekit_we_effect_on&quot;:&quot;none&quot;}\" data-widget_type=\"heading.default\">\n\t\t\t\t\t<h4 class=\"elementor-heading-title elementor-size-default\">\u00bfTodav\u00eda tienes preguntas? Cont\u00e1ctanos<\/h4>\t\t\t\t<\/div>\n\t\t\t\t<div class=\"elementor-element elementor-element-8ad37c1 elementor-button-info elementor-align-center elementor-widget elementor-widget-button\" data-id=\"8ad37c1\" data-element_type=\"widget\" data-settings=\"{&quot;ekit_we_effect_on&quot;:&quot;none&quot;}\" data-widget_type=\"button.default\">\n\t\t\t\t\t\t\t\t\t\t<a class=\"elementor-button elementor-button-link elementor-size-md\" href=\"https:\/\/trustywatches.com\/en\/contactenos\/\">\n\t\t\t\t\t\t<span class=\"elementor-button-content-wrapper\">\n\t\t\t\t\t\t\t\t\t<span class=\"elementor-button-text\">cont\u00e1ctenos<\/span>\n\t\t\t\t\t<\/span>\n\t\t\t\t\t<\/a>\n\t\t\t\t\t\t\t\t<\/div>\n\t\t\t\t\t<\/div>\n\t\t<\/div>\n\t\t\t\t\t<\/div>\n\t\t<\/section>\n\t\t\t\t<\/div>","protected":false},"excerpt":{"rendered":"<p>Preguntas frecuentes Last Updated on February 29, 2021 A continuaci\u00f3n, encontrar\u00e1 respuestas a las preguntas m\u00e1s frecuentes. Si busca algo espec\u00edfico, comience por la categor\u00eda correspondiente. Categor\u00edas de preguntas frecuentes 01. Conocimientos generales\u00a0Conocimiento 02. Movimiento y tecnolog\u00eda\u00a0Conocimiento 03. Apariencia y detalles\u00a0Conocimiento 04. Uso y mantenimiento\u00a0Conocimiento 05. Pedidos, env\u00edos y garant\u00eda\u00a0Servicio Conocimiento general \u00bfQu\u00e9 significa realmente [&hellip;]<\/p>\n","protected":false},"author":1,"featured_media":0,"parent":0,"menu_order":0,"comment_status":"closed","ping_status":"closed","template":"","meta":{"iawp_total_views":79,"footnotes":""},"class_list":["post-3734","page","type-page","status-publish","hentry"],"yoast_head":"<!-- This site is optimized with the Yoast SEO plugin v27.3 - https:\/\/yoast.com\/product\/yoast-seo-wordpress\/ -->\n<title>Preguntas Frecuentes - Trustywatches<\/title>\n<meta name=\"robots\" content=\"index, follow, max-snippet:-1, max-image-preview:large, max-video-preview:-1\" \/>\n<link rel=\"canonical\" href=\"https:\/\/trustywatches.com\/en\/preguntas-frecuentes\/\" \/>\n<meta property=\"og:locale\" content=\"en_US\" \/>\n<meta property=\"og:type\" content=\"article\" \/>\n<meta property=\"og:title\" content=\"Preguntas Frecuentes - Trustywatches\" \/>\n<meta property=\"og:description\" content=\"Preguntas frecuentes Last Updated on February 29, 2021 A continuaci\u00f3n, encontrar\u00e1 respuestas a las preguntas m\u00e1s frecuentes. Si busca algo espec\u00edfico, comience por la categor\u00eda correspondiente. Categor\u00edas de preguntas frecuentes 01. Conocimientos generales\u00a0Conocimiento 02. Movimiento y tecnolog\u00eda\u00a0Conocimiento 03. Apariencia y detalles\u00a0Conocimiento 04. Uso y mantenimiento\u00a0Conocimiento 05. Pedidos, env\u00edos y garant\u00eda\u00a0Servicio Conocimiento general \u00bfQu\u00e9 significa realmente [&hellip;]\" \/>\n<meta property=\"og:url\" content=\"https:\/\/trustywatches.com\/en\/preguntas-frecuentes\/\" \/>\n<meta property=\"og:site_name\" content=\"Trustywatches\" \/>\n<meta property=\"article:modified_time\" content=\"2026-01-20T06:58:06+00:00\" \/>\n<meta name=\"twitter:card\" content=\"summary_large_image\" \/>\n<meta name=\"twitter:label1\" content=\"Est. reading time\" \/>\n\t<meta name=\"twitter:data1\" content=\"1 minute\" \/>\n<script type=\"application\/ld+json\" class=\"yoast-schema-graph\">{\"@context\":\"https:\\\/\\\/schema.org\",\"@graph\":[{\"@type\":\"WebPage\",\"@id\":\"https:\\\/\\\/trustywatches.com\\\/preguntas-frecuentes\\\/\",\"url\":\"https:\\\/\\\/trustywatches.com\\\/preguntas-frecuentes\\\/\",\"name\":\"Preguntas Frecuentes - Trustywatches\",\"isPartOf\":{\"@id\":\"https:\\\/\\\/trustywatches.com\\\/#website\"},\"datePublished\":\"2026-01-10T07:04:39+00:00\",\"dateModified\":\"2026-01-20T06:58:06+00:00\",\"breadcrumb\":{\"@id\":\"https:\\\/\\\/trustywatches.com\\\/preguntas-frecuentes\\\/#breadcrumb\"},\"inLanguage\":\"en-US\",\"potentialAction\":[{\"@type\":\"ReadAction\",\"target\":[\"https:\\\/\\\/trustywatches.com\\\/preguntas-frecuentes\\\/\"]}]},{\"@type\":\"BreadcrumbList\",\"@id\":\"https:\\\/\\\/trustywatches.com\\\/preguntas-frecuentes\\\/#breadcrumb\",\"itemListElement\":[{\"@type\":\"ListItem\",\"position\":1,\"name\":\"Home\",\"item\":\"https:\\\/\\\/trustywatches.com\\\/\"},{\"@type\":\"ListItem\",\"position\":2,\"name\":\"Preguntas Frecuentes\"}]},{\"@type\":\"WebSite\",\"@id\":\"https:\\\/\\\/trustywatches.com\\\/#website\",\"url\":\"https:\\\/\\\/trustywatches.com\\\/\",\"name\":\"Trustywatches\",\"description\":\"\",\"potentialAction\":[{\"@type\":\"SearchAction\",\"target\":{\"@type\":\"EntryPoint\",\"urlTemplate\":\"https:\\\/\\\/trustywatches.com\\\/?s={search_term_string}\"},\"query-input\":{\"@type\":\"PropertyValueSpecification\",\"valueRequired\":true,\"valueName\":\"search_term_string\"}}],\"inLanguage\":\"en-US\"}]}<\/script>\n<!-- \/ Yoast SEO plugin. -->","yoast_head_json":{"title":"Preguntas Frecuentes - Trustywatches","robots":{"index":"index","follow":"follow","max-snippet":"max-snippet:-1","max-image-preview":"max-image-preview:large","max-video-preview":"max-video-preview:-1"},"canonical":"https:\/\/trustywatches.com\/en\/preguntas-frecuentes\/","og_locale":"en_US","og_type":"article","og_title":"Preguntas Frecuentes - Trustywatches","og_description":"Preguntas frecuentes Last Updated on February 29, 2021 A continuaci\u00f3n, encontrar\u00e1 respuestas a las preguntas m\u00e1s frecuentes. Si busca algo espec\u00edfico, comience por la categor\u00eda correspondiente. Categor\u00edas de preguntas frecuentes 01. Conocimientos generales\u00a0Conocimiento 02. Movimiento y tecnolog\u00eda\u00a0Conocimiento 03. Apariencia y detalles\u00a0Conocimiento 04. Uso y mantenimiento\u00a0Conocimiento 05. Pedidos, env\u00edos y garant\u00eda\u00a0Servicio Conocimiento general \u00bfQu\u00e9 significa realmente [&hellip;]","og_url":"https:\/\/trustywatches.com\/en\/preguntas-frecuentes\/","og_site_name":"Trustywatches","article_modified_time":"2026-01-20T06:58:06+00:00","twitter_card":"summary_large_image","twitter_misc":{"Est. reading time":"1 minute"},"schema":{"@context":"https:\/\/schema.org","@graph":[{"@type":"WebPage","@id":"https:\/\/trustywatches.com\/preguntas-frecuentes\/","url":"https:\/\/trustywatches.com\/preguntas-frecuentes\/","name":"Preguntas Frecuentes - Trustywatches","isPartOf":{"@id":"https:\/\/trustywatches.com\/#website"},"datePublished":"2026-01-10T07:04:39+00:00","dateModified":"2026-01-20T06:58:06+00:00","breadcrumb":{"@id":"https:\/\/trustywatches.com\/preguntas-frecuentes\/#breadcrumb"},"inLanguage":"en-US","potentialAction":[{"@type":"ReadAction","target":["https:\/\/trustywatches.com\/preguntas-frecuentes\/"]}]},{"@type":"BreadcrumbList","@id":"https:\/\/trustywatches.com\/preguntas-frecuentes\/#breadcrumb","itemListElement":[{"@type":"ListItem","position":1,"name":"Home","item":"https:\/\/trustywatches.com\/"},{"@type":"ListItem","position":2,"name":"Preguntas Frecuentes"}]},{"@type":"WebSite","@id":"https:\/\/trustywatches.com\/#website","url":"https:\/\/trustywatches.com\/","name":"Trustywatches","description":"","potentialAction":[{"@type":"SearchAction","target":{"@type":"EntryPoint","urlTemplate":"https:\/\/trustywatches.com\/?s={search_term_string}"},"query-input":{"@type":"PropertyValueSpecification","valueRequired":true,"valueName":"search_term_string"}}],"inLanguage":"en-US"}]}},"post_mailing_queue_ids":[],"_links":{"self":[{"href":"https:\/\/trustywatches.com\/en\/wp-json\/wp\/v2\/pages\/3734","targetHints":{"allow":["GET"]}}],"collection":[{"href":"https:\/\/trustywatches.com\/en\/wp-json\/wp\/v2\/pages"}],"about":[{"href":"https:\/\/trustywatches.com\/en\/wp-json\/wp\/v2\/types\/page"}],"author":[{"embeddable":true,"href":"https:\/\/trustywatches.com\/en\/wp-json\/wp\/v2\/users\/1"}],"replies":[{"embeddable":true,"href":"https:\/\/trustywatches.com\/en\/wp-json\/wp\/v2\/comments?post=3734"}],"version-history":[{"count":3,"href":"https:\/\/trustywatches.com\/en\/wp-json\/wp\/v2\/pages\/3734\/revisions"}],"predecessor-version":[{"id":43553,"href":"https:\/\/trustywatches.com\/en\/wp-json\/wp\/v2\/pages\/3734\/revisions\/43553"}],"wp:attachment":[{"href":"https:\/\/trustywatches.com\/en\/wp-json\/wp\/v2\/media?parent=3734"}],"curies":[{"name":"wp","href":"https:\/\/api.w.org\/{rel}","templated":true}]}}