{"id":3996,"date":"2026-01-11T16:11:15","date_gmt":"2026-01-11T16:11:15","guid":{"rendered":"https:\/\/darkgreen-grouse-660966.hostingersite.com\/?page_id=3996"},"modified":"2026-01-11T16:21:34","modified_gmt":"2026-01-11T16:21:34","slug":"basicos-del-clone-watch","status":"publish","type":"page","link":"https:\/\/trustywatches.com\/en\/preguntas-frecuentes\/basicos-del-clone-watch\/","title":{"rendered":"CLONE WATCH BASICS"},"content":{"rendered":"<div data-elementor-type=\"wp-page\" data-elementor-id=\"3996\" class=\"elementor elementor-3996\" data-elementor-post-type=\"page\">\n\t\t\t\t\t\t<section class=\"elementor-section elementor-top-section elementor-element elementor-element-4c15a4f elementor-section-boxed elementor-section-height-default elementor-section-height-default\" data-id=\"4c15a4f\" data-element_type=\"section\" data-settings=\"{&quot;ekit_has_onepagescroll_dot&quot;:&quot;yes&quot;}\">\n\t\t\t\t\t\t<div class=\"elementor-container elementor-column-gap-default\">\n\t\t\t\t\t<div class=\"elementor-column elementor-col-100 elementor-top-column elementor-element elementor-element-43c1876\" data-id=\"43c1876\" data-element_type=\"column\">\n\t\t\t<div class=\"elementor-widget-wrap elementor-element-populated\">\n\t\t\t\t\t\t<div class=\"elementor-element elementor-element-8bd7cf2 elementor-widget elementor-widget-heading\" data-id=\"8bd7cf2\" data-element_type=\"widget\" data-settings=\"{&quot;ekit_we_effect_on&quot;:&quot;none&quot;}\" data-widget_type=\"heading.default\">\n\t\t\t\t\t<h2 class=\"elementor-heading-title elementor-size-default\">CLONE WATCH BASICS\n\n<\/h2>\t\t\t\t<\/div>\n\t\t\t\t\t<\/div>\n\t\t<\/div>\n\t\t\t\t\t<\/div>\n\t\t<\/section>\n\t\t\t\t<section class=\"elementor-section elementor-top-section elementor-element elementor-element-82f1186 elementor-section-boxed elementor-section-height-default elementor-section-height-default\" data-id=\"82f1186\" data-element_type=\"section\" data-settings=\"{&quot;ekit_has_onepagescroll_dot&quot;:&quot;yes&quot;}\">\n\t\t\t\t\t\t<div class=\"elementor-container elementor-column-gap-default\">\n\t\t\t\t\t<div class=\"elementor-column elementor-col-100 elementor-top-column elementor-element elementor-element-cc9d838\" data-id=\"cc9d838\" data-element_type=\"column\">\n\t\t\t<div class=\"elementor-widget-wrap elementor-element-populated\">\n\t\t\t\t\t\t<div class=\"elementor-element elementor-element-09441fd elementor-widget elementor-widget-heading\" data-id=\"09441fd\" data-element_type=\"widget\" data-settings=\"{&quot;ekit_we_effect_on&quot;:&quot;none&quot;}\" data-widget_type=\"heading.default\">\n\t\t\t\t\t<h2 class=\"elementor-heading-title elementor-size-default\">Conocimiento General\n<\/h2>\t\t\t\t<\/div>\n\t\t\t\t<div class=\"elementor-element elementor-element-6ca3ef7 elementor-widget elementor-widget-text-editor\" data-id=\"6ca3ef7\" data-element_type=\"widget\" data-settings=\"{&quot;ekit_we_effect_on&quot;:&quot;none&quot;}\" data-widget_type=\"text-editor.default\">\n\t\t\t\t\t\t\t\t\t<p>This section explains key terms and boundaries in a neutral, technical manner\u2014what a \u201cclone watch\u201d is, what it is not, and how common version labels are used in the market.<\/p>\t\t\t\t\t\t\t\t<\/div>\n\t\t\t\t\t<\/div>\n\t\t<\/div>\n\t\t\t\t\t<\/div>\n\t\t<\/section>\n\t\t\t\t<section class=\"elementor-section elementor-top-section elementor-element elementor-element-37543eb elementor-section-boxed elementor-section-height-default elementor-section-height-default\" data-id=\"37543eb\" data-element_type=\"section\" data-settings=\"{&quot;ekit_has_onepagescroll_dot&quot;:&quot;yes&quot;}\">\n\t\t\t\t\t\t<div class=\"elementor-container elementor-column-gap-default\">\n\t\t\t\t\t<div class=\"elementor-column elementor-col-100 elementor-top-column elementor-element elementor-element-5de8407\" data-id=\"5de8407\" data-element_type=\"column\">\n\t\t\t<div class=\"elementor-widget-wrap elementor-element-populated\">\n\t\t\t\t\t\t<div class=\"elementor-element elementor-element-5535073 elementor-widget elementor-widget-elementskit-accordion\" data-id=\"5535073\" data-element_type=\"widget\" data-settings=\"{&quot;ekit_we_effect_on&quot;:&quot;none&quot;}\" data-widget_type=\"elementskit-accordion.default\">\n\t\t\t\t\t<div class=\"ekit-wid-con\" >\n        <div class=\"elementskit-accordion accoedion-primary\" id=\"accordion-69e7c6e213f1f\">\n\n            \n                <div class=\"elementskit-card active\">\n                    <div class=\"elementskit-card-header\" id=\"primaryHeading-0-5535073\">\n                        <a href=\"#collapse-fef43a769e7c6e213f1f\" class=\"ekit-accordion--toggler elementskit-btn-link collapsed\" data-ekit-toggle=\"collapse\" data-target=\"#Collapse-fef43a769e7c6e213f1f\" aria-expanded=\"true\" aria-controls=\"Collapse-fef43a769e7c6e213f1f\">\n                            \n                                <span class=\"number\"><\/span>\n\n                            \n                            <span class=\"ekit-accordion-title\">\u00bfQu\u00e9 es un reloj clon? \u00bfEn qu\u00e9 se diferencia de una r\u00e9plica regular o el llamado &quot;stock original&quot;?<\/span>\n\n                            \n                                <div class=\"ekit_accordion_icon_group\">\n                                    <div class=\"ekit_accordion_normal_icon\">\n                                        <!-- Normal Icon -->\n\t\t\t\t\t\t\t\t\t\t<svg class=\"ekit-svg-icon icon-down-arrow1\" viewbox=\"0 0 32 32\" xmlns=\"http:\/\/www.w3.org\/2000\/svg\"><path d=\"M31.582 8.495c-0.578-0.613-1.544-0.635-2.153-0.059l-13.43 12.723-13.428-12.723c-0.61-0.578-1.574-0.553-2.153 0.059-0.579 0.611-0.553 1.576 0.058 2.155l14.477 13.715c0.293 0.277 0.67 0.418 1.047 0.418s0.756-0.14 1.048-0.418l14.477-13.715c0.611-0.579 0.637-1.544 0.058-2.155z\"><\/path><\/svg>                                    <\/div>\n\n                                    <div class=\"ekit_accordion_active_icon\">\n                                        <!-- Active Icon -->\n\t\t\t\t\t\t\t\t\t\t<svg class=\"ekit-svg-icon icon-up-arrow\" viewbox=\"0 0 32 32\" xmlns=\"http:\/\/www.w3.org\/2000\/svg\"><path d=\"M26.915 10.844c0.451 0.451 0.451 1.162 0 1.613-0.436 0.436-1.162 0.436-1.597 0l-8.18-8.18v26.995c0 0.629-0.5 1.129-1.129 1.129s-1.146-0.5-1.146-1.129v-26.996l-8.164 8.18c-0.451 0.436-1.178 0.436-1.613 0-0.451-0.451-0.451-1.162 0-1.613l10.117-10.117c0.436-0.436 1.162-0.436 1.597 0l10.116 10.118z\"><\/path><\/svg>                                    <\/div>\n                                <\/div>\n\n                            \n                                                    <\/a>\n                    <\/div>\n\n                    <div id=\"Collapse-fef43a769e7c6e213f1f\" class=\"show collapse\" aria-labelledby=\"primaryHeading-0-5535073\" data-parent=\"#accordion-69e7c6e213f1f\">\n\n                        <div class=\"elementskit-card-body ekit-accordion--content\">\n                            <p>Un reloj clon generalmente se refiere a una r\u00e9plica de alta gama dise\u00f1ada para seguir de cerca el modelo original en dimensiones, disposici\u00f3n estructural, peso y experiencia de uso. En comparaci\u00f3n con r\u00e9plicas b\u00e1sicas que se centran principalmente en la similitud visual, los relojes clon ponen m\u00e1s \u00e9nfasis en la consistencia estructural y la ejecuci\u00f3n detallada. El t\u00e9rmino \"stock original\" no forma parte del sistema oficial de fabricaci\u00f3n de relojes y es principalmente una expresi\u00f3n de mercado.<\/p>                        <\/div>\n\n                    <\/div>\n\n                <\/div><!-- .elementskit-card END -->\n\n                \n                <div class=\"elementskit-card\">\n                    <div class=\"elementskit-card-header\" id=\"primaryHeading-1-5535073\">\n                        <a href=\"#collapse-4e0477c69e7c6e213f1f\" class=\"ekit-accordion--toggler elementskit-btn-link collapsed\" data-ekit-toggle=\"collapse\" data-target=\"#Collapse-4e0477c69e7c6e213f1f\" aria-expanded=\"false\" aria-controls=\"Collapse-4e0477c69e7c6e213f1f\">\n                            \n                                <span class=\"number\"><\/span>\n\n                            \n                            <span class=\"ekit-accordion-title\">\u00bfC\u00f3mo evolucionaron las r\u00e9plicas hasta lo que com\u00fanmente se conoce como &quot;clon 1:1&quot;?<\/span>\n\n                            \n                                <div class=\"ekit_accordion_icon_group\">\n                                    <div class=\"ekit_accordion_normal_icon\">\n                                        <!-- Normal Icon -->\n\t\t\t\t\t\t\t\t\t\t<svg class=\"ekit-svg-icon icon-down-arrow1\" viewbox=\"0 0 32 32\" xmlns=\"http:\/\/www.w3.org\/2000\/svg\"><path d=\"M31.582 8.495c-0.578-0.613-1.544-0.635-2.153-0.059l-13.43 12.723-13.428-12.723c-0.61-0.578-1.574-0.553-2.153 0.059-0.579 0.611-0.553 1.576 0.058 2.155l14.477 13.715c0.293 0.277 0.67 0.418 1.047 0.418s0.756-0.14 1.048-0.418l14.477-13.715c0.611-0.579 0.637-1.544 0.058-2.155z\"><\/path><\/svg>                                    <\/div>\n\n                                    <div class=\"ekit_accordion_active_icon\">\n                                        <!-- Active Icon -->\n\t\t\t\t\t\t\t\t\t\t<svg class=\"ekit-svg-icon icon-up-arrow\" viewbox=\"0 0 32 32\" xmlns=\"http:\/\/www.w3.org\/2000\/svg\"><path d=\"M26.915 10.844c0.451 0.451 0.451 1.162 0 1.613-0.436 0.436-1.162 0.436-1.597 0l-8.18-8.18v26.995c0 0.629-0.5 1.129-1.129 1.129s-1.146-0.5-1.146-1.129v-26.996l-8.164 8.18c-0.451 0.436-1.178 0.436-1.613 0-0.451-0.451-0.451-1.162 0-1.613l10.117-10.117c0.436-0.436 1.162-0.436 1.597 0l10.116 10.118z\"><\/path><\/svg>                                    <\/div>\n                                <\/div>\n\n                            \n                                                    <\/a>\n                    <\/div>\n\n                    <div id=\"Collapse-4e0477c69e7c6e213f1f\" class=\"collapse\" aria-labelledby=\"primaryHeading-1-5535073\" data-parent=\"#accordion-69e7c6e213f1f\">\n\n                        <div class=\"elementskit-card-body ekit-accordion--content\">\n                            <p>Las r\u00e9plicas tempranas se centraban principalmente en la apariencia. A medida que mejor\u00f3 la precisi\u00f3n del mecanizado y la replicaci\u00f3n de movimientos, los fabricantes comenzaron a replicar las dimensiones del caso, el grosor, la estructura interna y la l\u00f3gica funcional. \"Clon 1:1\" se entiende mejor como un objetivo de fabricaci\u00f3n\u2014dirigido a alinearse con las especificaciones de dise\u00f1o originales\u2014en lugar de una afirmaci\u00f3n de equivalencia total.<\/p>                        <\/div>\n\n                    <\/div>\n\n                <\/div><!-- .elementskit-card END -->\n\n                \n                <div class=\"elementskit-card\">\n                    <div class=\"elementskit-card-header\" id=\"primaryHeading-2-5535073\">\n                        <a href=\"#collapse-60e5c3a69e7c6e213f1f\" class=\"ekit-accordion--toggler elementskit-btn-link collapsed\" data-ekit-toggle=\"collapse\" data-target=\"#Collapse-60e5c3a69e7c6e213f1f\" aria-expanded=\"false\" aria-controls=\"Collapse-60e5c3a69e7c6e213f1f\">\n                            \n                                <span class=\"number\"><\/span>\n\n                            \n                            <span class=\"ekit-accordion-title\">\u00bfCu\u00e1les son las diferencias fundamentales entre un reloj clonado y un reloj genuino?<\/span>\n\n                            \n                                <div class=\"ekit_accordion_icon_group\">\n                                    <div class=\"ekit_accordion_normal_icon\">\n                                        <!-- Normal Icon -->\n\t\t\t\t\t\t\t\t\t\t<svg class=\"ekit-svg-icon icon-down-arrow1\" viewbox=\"0 0 32 32\" xmlns=\"http:\/\/www.w3.org\/2000\/svg\"><path d=\"M31.582 8.495c-0.578-0.613-1.544-0.635-2.153-0.059l-13.43 12.723-13.428-12.723c-0.61-0.578-1.574-0.553-2.153 0.059-0.579 0.611-0.553 1.576 0.058 2.155l14.477 13.715c0.293 0.277 0.67 0.418 1.047 0.418s0.756-0.14 1.048-0.418l14.477-13.715c0.611-0.579 0.637-1.544 0.058-2.155z\"><\/path><\/svg>                                    <\/div>\n\n                                    <div class=\"ekit_accordion_active_icon\">\n                                        <!-- Active Icon -->\n\t\t\t\t\t\t\t\t\t\t<svg class=\"ekit-svg-icon icon-up-arrow\" viewbox=\"0 0 32 32\" xmlns=\"http:\/\/www.w3.org\/2000\/svg\"><path d=\"M26.915 10.844c0.451 0.451 0.451 1.162 0 1.613-0.436 0.436-1.162 0.436-1.597 0l-8.18-8.18v26.995c0 0.629-0.5 1.129-1.129 1.129s-1.146-0.5-1.146-1.129v-26.996l-8.164 8.18c-0.451 0.436-1.178 0.436-1.613 0-0.451-0.451-0.451-1.162 0-1.613l10.117-10.117c0.436-0.436 1.162-0.436 1.597 0l10.116 10.118z\"><\/path><\/svg>                                    <\/div>\n                                <\/div>\n\n                            \n                                                    <\/a>\n                    <\/div>\n\n                    <div id=\"Collapse-60e5c3a69e7c6e213f1f\" class=\"collapse\" aria-labelledby=\"primaryHeading-2-5535073\" data-parent=\"#accordion-69e7c6e213f1f\">\n\n                        <div class=\"elementskit-card-body ekit-accordion--content\">\n                            <p>Las diferencias fundamentales radican principalmente en la identidad de la marca y los sistemas oficiales. Un reloj clonado no cuenta con autorizaci\u00f3n de marca, estatus de colecci\u00f3n, apoyo al valor de reventa o garant\u00eda oficial del fabricante. Incluso si parece visualmente similar en el uso diario, no es el mismo producto en t\u00e9rminos de marca y legalidad.<\/p>                        <\/div>\n\n                    <\/div>\n\n                <\/div><!-- .elementskit-card END -->\n\n                \n                <div class=\"elementskit-card\">\n                    <div class=\"elementskit-card-header\" id=\"primaryHeading-3-5535073\">\n                        <a href=\"#collapse-6fb252869e7c6e213f1f\" class=\"ekit-accordion--toggler elementskit-btn-link collapsed\" data-ekit-toggle=\"collapse\" data-target=\"#Collapse-6fb252869e7c6e213f1f\" aria-expanded=\"false\" aria-controls=\"Collapse-6fb252869e7c6e213f1f\">\n                            \n                                <span class=\"number\"><\/span>\n\n                            \n                            <span class=\"ekit-accordion-title\">\u00bfQu\u00e9 se est\u00e1 &quot;clonando&quot; exactamente en un reloj clonado?<\/span>\n\n                            \n                                <div class=\"ekit_accordion_icon_group\">\n                                    <div class=\"ekit_accordion_normal_icon\">\n                                        <!-- Normal Icon -->\n\t\t\t\t\t\t\t\t\t\t<svg class=\"ekit-svg-icon icon-down-arrow1\" viewbox=\"0 0 32 32\" xmlns=\"http:\/\/www.w3.org\/2000\/svg\"><path d=\"M31.582 8.495c-0.578-0.613-1.544-0.635-2.153-0.059l-13.43 12.723-13.428-12.723c-0.61-0.578-1.574-0.553-2.153 0.059-0.579 0.611-0.553 1.576 0.058 2.155l14.477 13.715c0.293 0.277 0.67 0.418 1.047 0.418s0.756-0.14 1.048-0.418l14.477-13.715c0.611-0.579 0.637-1.544 0.058-2.155z\"><\/path><\/svg>                                    <\/div>\n\n                                    <div class=\"ekit_accordion_active_icon\">\n                                        <!-- Active Icon -->\n\t\t\t\t\t\t\t\t\t\t<svg class=\"ekit-svg-icon icon-up-arrow\" viewbox=\"0 0 32 32\" xmlns=\"http:\/\/www.w3.org\/2000\/svg\"><path d=\"M26.915 10.844c0.451 0.451 0.451 1.162 0 1.613-0.436 0.436-1.162 0.436-1.597 0l-8.18-8.18v26.995c0 0.629-0.5 1.129-1.129 1.129s-1.146-0.5-1.146-1.129v-26.996l-8.164 8.18c-0.451 0.436-1.178 0.436-1.613 0-0.451-0.451-0.451-1.162 0-1.613l10.117-10.117c0.436-0.436 1.162-0.436 1.597 0l10.116 10.118z\"><\/path><\/svg>                                    <\/div>\n                                <\/div>\n\n                            \n                                                    <\/a>\n                    <\/div>\n\n                    <div id=\"Collapse-6fb252869e7c6e213f1f\" class=\"collapse\" aria-labelledby=\"primaryHeading-3-5535073\" data-parent=\"#accordion-69e7c6e213f1f\">\n\n                        <div class=\"elementskit-card-body ekit-accordion--content\">\n                            <p>Los relojes cl\u00f3nicos de alta precisi\u00f3n suelen replicar las proporciones y dimensiones del caja, el dise\u00f1o del movimiento, el peso y equilibrio general, y detalles visibles como fuentes, aplicaci\u00f3n de luminescencia y grabados. El grado de replicaci\u00f3n var\u00eda seg\u00fan la versi\u00f3n y el fabricante, por lo que las expectativas deben establecerse seg\u00fan el grado y configuraci\u00f3n espec\u00edficos.<\/p>                        <\/div>\n\n                    <\/div>\n\n                <\/div><!-- .elementskit-card END -->\n\n                \n                <div class=\"elementskit-card\">\n                    <div class=\"elementskit-card-header\" id=\"primaryHeading-4-5535073\">\n                        <a href=\"#collapse-c1295f969e7c6e213f1f\" class=\"ekit-accordion--toggler elementskit-btn-link collapsed\" data-ekit-toggle=\"collapse\" data-target=\"#Collapse-c1295f969e7c6e213f1f\" aria-expanded=\"false\" aria-controls=\"Collapse-c1295f969e7c6e213f1f\">\n                            \n                                <span class=\"number\"><\/span>\n\n                            \n                            <span class=\"ekit-accordion-title\">\u00bfC\u00f3mo se clasifican las versiones (est\u00e1ndar, V2, V3, &quot;ultima&quot;)?<\/span>\n\n                            \n                                <div class=\"ekit_accordion_icon_group\">\n                                    <div class=\"ekit_accordion_normal_icon\">\n                                        <!-- Normal Icon -->\n\t\t\t\t\t\t\t\t\t\t<svg class=\"ekit-svg-icon icon-down-arrow1\" viewbox=\"0 0 32 32\" xmlns=\"http:\/\/www.w3.org\/2000\/svg\"><path d=\"M31.582 8.495c-0.578-0.613-1.544-0.635-2.153-0.059l-13.43 12.723-13.428-12.723c-0.61-0.578-1.574-0.553-2.153 0.059-0.579 0.611-0.553 1.576 0.058 2.155l14.477 13.715c0.293 0.277 0.67 0.418 1.047 0.418s0.756-0.14 1.048-0.418l14.477-13.715c0.611-0.579 0.637-1.544 0.058-2.155z\"><\/path><\/svg>                                    <\/div>\n\n                                    <div class=\"ekit_accordion_active_icon\">\n                                        <!-- Active Icon -->\n\t\t\t\t\t\t\t\t\t\t<svg class=\"ekit-svg-icon icon-up-arrow\" viewbox=\"0 0 32 32\" xmlns=\"http:\/\/www.w3.org\/2000\/svg\"><path d=\"M26.915 10.844c0.451 0.451 0.451 1.162 0 1.613-0.436 0.436-1.162 0.436-1.597 0l-8.18-8.18v26.995c0 0.629-0.5 1.129-1.129 1.129s-1.146-0.5-1.146-1.129v-26.996l-8.164 8.18c-0.451 0.436-1.178 0.436-1.613 0-0.451-0.451-0.451-1.162 0-1.613l10.117-10.117c0.436-0.436 1.162-0.436 1.597 0l10.116 10.118z\"><\/path><\/svg>                                    <\/div>\n                                <\/div>\n\n                            \n                                                    <\/a>\n                    <\/div>\n\n                    <div id=\"Collapse-c1295f969e7c6e213f1f\" class=\"collapse\" aria-labelledby=\"primaryHeading-4-5535073\" data-parent=\"#accordion-69e7c6e213f1f\">\n\n                        <div class=\"elementskit-card-body ekit-accordion--content\">\n                            <p>Etiquetas como V2, V3 o \"\u00faltima\" son convenciones comunes de la industria y no est\u00e1ndares oficiales. Generalmente indican mejoras iterativas en acabados, precisi\u00f3n estructural, estabilidad de movimiento y correcci\u00f3n de detalles. Para la evaluaci\u00f3n, la calidad real del producto es m\u00e1s importante que la etiqueta.<\/p>                        <\/div>\n\n                    <\/div>\n\n                <\/div><!-- .elementskit-card END -->\n\n                                        <\/div>\n    <\/div>\t\t\t\t<\/div>\n\t\t\t\t\t<\/div>\n\t\t<\/div>\n\t\t\t\t\t<\/div>\n\t\t<\/section>\n\t\t\t\t<\/div>","protected":false},"excerpt":{"rendered":"<p>B\u00c1SICOS DEL CLONE WATCH Conocimiento General This section explains key terms and boundaries in a neutral, technical manner\u2014what a \u201cclone watch\u201d is, what it is not, and how common version labels are used in the market. \u00bfQu\u00e9 es un reloj clon? \u00bfEn qu\u00e9 se diferencia de una r\u00e9plica regular o el llamado &quot;stock original&quot;? Un [&hellip;]<\/p>\n","protected":false},"author":1,"featured_media":0,"parent":3734,"menu_order":0,"comment_status":"closed","ping_status":"closed","template":"","meta":{"iawp_total_views":3,"footnotes":""},"class_list":["post-3996","page","type-page","status-publish","hentry"],"yoast_head":"<!-- This site is optimized with the Yoast SEO plugin v27.3 - https:\/\/yoast.com\/product\/yoast-seo-wordpress\/ -->\n<title>B\u00c1SICOS DEL CLONE WATCH - Trustywatches<\/title>\n<meta name=\"robots\" content=\"index, follow, max-snippet:-1, max-image-preview:large, max-video-preview:-1\" \/>\n<link rel=\"canonical\" href=\"https:\/\/trustywatches.com\/en\/preguntas-frecuentes\/basicos-del-clone-watch\/\" \/>\n<meta property=\"og:locale\" content=\"en_US\" \/>\n<meta property=\"og:type\" content=\"article\" \/>\n<meta property=\"og:title\" content=\"B\u00c1SICOS DEL CLONE WATCH - Trustywatches\" \/>\n<meta property=\"og:description\" content=\"B\u00c1SICOS DEL CLONE WATCH Conocimiento General This section explains key terms and boundaries in a neutral, technical manner\u2014what a \u201cclone watch\u201d is, what it is not, and how common version labels are used in the market. \u00bfQu\u00e9 es un reloj clon? \u00bfEn qu\u00e9 se diferencia de una r\u00e9plica regular o el llamado &quot;stock original&quot;? Un [&hellip;]\" \/>\n<meta property=\"og:url\" content=\"https:\/\/trustywatches.com\/en\/preguntas-frecuentes\/basicos-del-clone-watch\/\" \/>\n<meta property=\"og:site_name\" content=\"Trustywatches\" \/>\n<meta property=\"article:modified_time\" content=\"2026-01-11T16:21:34+00:00\" \/>\n<meta name=\"twitter:card\" content=\"summary_large_image\" \/>\n<meta name=\"twitter:label1\" content=\"Est. reading time\" \/>\n\t<meta name=\"twitter:data1\" content=\"2 minutes\" \/>\n<script type=\"application\/ld+json\" class=\"yoast-schema-graph\">{\"@context\":\"https:\\\/\\\/schema.org\",\"@graph\":[{\"@type\":\"WebPage\",\"@id\":\"https:\\\/\\\/trustywatches.com\\\/preguntas-frecuentes\\\/basicos-del-clone-watch\\\/\",\"url\":\"https:\\\/\\\/trustywatches.com\\\/preguntas-frecuentes\\\/basicos-del-clone-watch\\\/\",\"name\":\"B\u00c1SICOS DEL CLONE WATCH - Trustywatches\",\"isPartOf\":{\"@id\":\"https:\\\/\\\/trustywatches.com\\\/#website\"},\"datePublished\":\"2026-01-11T16:11:15+00:00\",\"dateModified\":\"2026-01-11T16:21:34+00:00\",\"breadcrumb\":{\"@id\":\"https:\\\/\\\/trustywatches.com\\\/preguntas-frecuentes\\\/basicos-del-clone-watch\\\/#breadcrumb\"},\"inLanguage\":\"en-US\",\"potentialAction\":[{\"@type\":\"ReadAction\",\"target\":[\"https:\\\/\\\/trustywatches.com\\\/preguntas-frecuentes\\\/basicos-del-clone-watch\\\/\"]}]},{\"@type\":\"BreadcrumbList\",\"@id\":\"https:\\\/\\\/trustywatches.com\\\/preguntas-frecuentes\\\/basicos-del-clone-watch\\\/#breadcrumb\",\"itemListElement\":[{\"@type\":\"ListItem\",\"position\":1,\"name\":\"Home\",\"item\":\"https:\\\/\\\/trustywatches.com\\\/\"},{\"@type\":\"ListItem\",\"position\":2,\"name\":\"Preguntas Frecuentes\",\"item\":\"https:\\\/\\\/trustywatches.com\\\/preguntas-frecuentes\\\/\"},{\"@type\":\"ListItem\",\"position\":3,\"name\":\"B\u00c1SICOS DEL CLONE WATCH\"}]},{\"@type\":\"WebSite\",\"@id\":\"https:\\\/\\\/trustywatches.com\\\/#website\",\"url\":\"https:\\\/\\\/trustywatches.com\\\/\",\"name\":\"Trustywatches\",\"description\":\"\",\"potentialAction\":[{\"@type\":\"SearchAction\",\"target\":{\"@type\":\"EntryPoint\",\"urlTemplate\":\"https:\\\/\\\/trustywatches.com\\\/?s={search_term_string}\"},\"query-input\":{\"@type\":\"PropertyValueSpecification\",\"valueRequired\":true,\"valueName\":\"search_term_string\"}}],\"inLanguage\":\"en-US\"}]}<\/script>\n<!-- \/ Yoast SEO plugin. -->","yoast_head_json":{"title":"B\u00c1SICOS DEL CLONE WATCH - Trustywatches","robots":{"index":"index","follow":"follow","max-snippet":"max-snippet:-1","max-image-preview":"max-image-preview:large","max-video-preview":"max-video-preview:-1"},"canonical":"https:\/\/trustywatches.com\/en\/preguntas-frecuentes\/basicos-del-clone-watch\/","og_locale":"en_US","og_type":"article","og_title":"B\u00c1SICOS DEL CLONE WATCH - Trustywatches","og_description":"B\u00c1SICOS DEL CLONE WATCH Conocimiento General This section explains key terms and boundaries in a neutral, technical manner\u2014what a \u201cclone watch\u201d is, what it is not, and how common version labels are used in the market. \u00bfQu\u00e9 es un reloj clon? \u00bfEn qu\u00e9 se diferencia de una r\u00e9plica regular o el llamado &quot;stock original&quot;? Un [&hellip;]","og_url":"https:\/\/trustywatches.com\/en\/preguntas-frecuentes\/basicos-del-clone-watch\/","og_site_name":"Trustywatches","article_modified_time":"2026-01-11T16:21:34+00:00","twitter_card":"summary_large_image","twitter_misc":{"Est. reading time":"2 minutes"},"schema":{"@context":"https:\/\/schema.org","@graph":[{"@type":"WebPage","@id":"https:\/\/trustywatches.com\/preguntas-frecuentes\/basicos-del-clone-watch\/","url":"https:\/\/trustywatches.com\/preguntas-frecuentes\/basicos-del-clone-watch\/","name":"B\u00c1SICOS DEL CLONE WATCH - Trustywatches","isPartOf":{"@id":"https:\/\/trustywatches.com\/#website"},"datePublished":"2026-01-11T16:11:15+00:00","dateModified":"2026-01-11T16:21:34+00:00","breadcrumb":{"@id":"https:\/\/trustywatches.com\/preguntas-frecuentes\/basicos-del-clone-watch\/#breadcrumb"},"inLanguage":"en-US","potentialAction":[{"@type":"ReadAction","target":["https:\/\/trustywatches.com\/preguntas-frecuentes\/basicos-del-clone-watch\/"]}]},{"@type":"BreadcrumbList","@id":"https:\/\/trustywatches.com\/preguntas-frecuentes\/basicos-del-clone-watch\/#breadcrumb","itemListElement":[{"@type":"ListItem","position":1,"name":"Home","item":"https:\/\/trustywatches.com\/"},{"@type":"ListItem","position":2,"name":"Preguntas Frecuentes","item":"https:\/\/trustywatches.com\/preguntas-frecuentes\/"},{"@type":"ListItem","position":3,"name":"B\u00c1SICOS DEL CLONE WATCH"}]},{"@type":"WebSite","@id":"https:\/\/trustywatches.com\/#website","url":"https:\/\/trustywatches.com\/","name":"Trustywatches","description":"","potentialAction":[{"@type":"SearchAction","target":{"@type":"EntryPoint","urlTemplate":"https:\/\/trustywatches.com\/?s={search_term_string}"},"query-input":{"@type":"PropertyValueSpecification","valueRequired":true,"valueName":"search_term_string"}}],"inLanguage":"en-US"}]}},"post_mailing_queue_ids":[],"_links":{"self":[{"href":"https:\/\/trustywatches.com\/en\/wp-json\/wp\/v2\/pages\/3996","targetHints":{"allow":["GET"]}}],"collection":[{"href":"https:\/\/trustywatches.com\/en\/wp-json\/wp\/v2\/pages"}],"about":[{"href":"https:\/\/trustywatches.com\/en\/wp-json\/wp\/v2\/types\/page"}],"author":[{"embeddable":true,"href":"https:\/\/trustywatches.com\/en\/wp-json\/wp\/v2\/users\/1"}],"replies":[{"embeddable":true,"href":"https:\/\/trustywatches.com\/en\/wp-json\/wp\/v2\/comments?post=3996"}],"version-history":[{"count":0,"href":"https:\/\/trustywatches.com\/en\/wp-json\/wp\/v2\/pages\/3996\/revisions"}],"up":[{"embeddable":true,"href":"https:\/\/trustywatches.com\/en\/wp-json\/wp\/v2\/pages\/3734"}],"wp:attachment":[{"href":"https:\/\/trustywatches.com\/en\/wp-json\/wp\/v2\/media?parent=3996"}],"curies":[{"name":"wp","href":"https:\/\/api.w.org\/{rel}","templated":true}]}}