{"id":4018,"date":"2026-01-11T16:22:11","date_gmt":"2026-01-11T16:22:11","guid":{"rendered":"https:\/\/darkgreen-grouse-660966.hostingersite.com\/?page_id=4018"},"modified":"2026-01-21T14:49:09","modified_gmt":"2026-01-21T14:49:09","slug":"detalles-de-apariencia","status":"publish","type":"page","link":"https:\/\/trustywatches.com\/en\/preguntas-frecuentes\/detalles-de-apariencia\/","title":{"rendered":"APPEARANCE DETAILS"},"content":{"rendered":"<div data-elementor-type=\"wp-page\" data-elementor-id=\"4018\" class=\"elementor elementor-4018\" data-elementor-post-type=\"page\">\n\t\t\t\t\t\t<section class=\"elementor-section elementor-top-section elementor-element elementor-element-f9716e8 elementor-section-boxed elementor-section-height-default elementor-section-height-default\" data-id=\"f9716e8\" data-element_type=\"section\" data-settings=\"{&quot;ekit_has_onepagescroll_dot&quot;:&quot;yes&quot;}\">\n\t\t\t\t\t\t<div class=\"elementor-container elementor-column-gap-default\">\n\t\t\t\t\t<div class=\"elementor-column elementor-col-100 elementor-top-column elementor-element elementor-element-c7e9db6\" data-id=\"c7e9db6\" data-element_type=\"column\">\n\t\t\t<div class=\"elementor-widget-wrap elementor-element-populated\">\n\t\t\t\t\t\t<div class=\"elementor-element elementor-element-28e9e82 elementor-widget elementor-widget-heading\" data-id=\"28e9e82\" data-element_type=\"widget\" data-settings=\"{&quot;ekit_we_effect_on&quot;:&quot;none&quot;}\" data-widget_type=\"heading.default\">\n\t\t\t\t\t<h2 class=\"elementor-heading-title elementor-size-default\">APPEARANCE DETAILS<\/h2>\t\t\t\t<\/div>\n\t\t\t\t\t<\/div>\n\t\t<\/div>\n\t\t\t\t\t<\/div>\n\t\t<\/section>\n\t\t\t\t<section class=\"elementor-section elementor-top-section elementor-element elementor-element-00732c1 elementor-section-boxed elementor-section-height-default elementor-section-height-default\" data-id=\"00732c1\" data-element_type=\"section\" data-settings=\"{&quot;ekit_has_onepagescroll_dot&quot;:&quot;yes&quot;}\">\n\t\t\t\t\t\t<div class=\"elementor-container elementor-column-gap-default\">\n\t\t\t\t\t<div class=\"elementor-column elementor-col-100 elementor-top-column elementor-element elementor-element-eb6b3ce\" data-id=\"eb6b3ce\" data-element_type=\"column\">\n\t\t\t<div class=\"elementor-widget-wrap elementor-element-populated\">\n\t\t\t\t\t\t<div class=\"elementor-element elementor-element-e3db4a1 elementor-widget elementor-widget-heading\" data-id=\"e3db4a1\" data-element_type=\"widget\" data-settings=\"{&quot;ekit_we_effect_on&quot;:&quot;none&quot;}\" data-widget_type=\"heading.default\">\n\t\t\t\t\t<h2 class=\"elementor-heading-title elementor-size-default\">Apariencia y detalles\n<\/h2>\t\t\t\t<\/div>\n\t\t\t\t<div class=\"elementor-element elementor-element-a1be475 elementor-widget elementor-widget-text-editor\" data-id=\"a1be475\" data-element_type=\"widget\" data-settings=\"{&quot;ekit_we_effect_on&quot;:&quot;none&quot;}\" data-widget_type=\"text-editor.default\">\n\t\t\t\t\t\t\t\t\t<p>Esta secci\u00f3n se centra en la precisi\u00f3n visual, los detalles de acabado y la sensaci\u00f3n de uso. En las r\u00e9plicas de relojes, el aspecto general puede ser similar, aunque las diferencias suelen encontrarse en peque\u00f1os detalles repetibles.<\/p>\t\t\t\t\t\t\t\t<\/div>\n\t\t\t\t\t<\/div>\n\t\t<\/div>\n\t\t\t\t\t<\/div>\n\t\t<\/section>\n\t\t\t\t<section class=\"elementor-section elementor-top-section elementor-element elementor-element-bd7e9d2 elementor-section-boxed elementor-section-height-default elementor-section-height-default\" data-id=\"bd7e9d2\" data-element_type=\"section\" data-settings=\"{&quot;ekit_has_onepagescroll_dot&quot;:&quot;yes&quot;}\">\n\t\t\t\t\t\t<div class=\"elementor-container elementor-column-gap-default\">\n\t\t\t\t\t<div class=\"elementor-column elementor-col-100 elementor-top-column elementor-element elementor-element-4e24e19\" data-id=\"4e24e19\" data-element_type=\"column\">\n\t\t\t<div class=\"elementor-widget-wrap elementor-element-populated\">\n\t\t\t\t\t\t<div class=\"elementor-element elementor-element-12d5ebc elementor-widget elementor-widget-elementskit-accordion\" data-id=\"12d5ebc\" data-element_type=\"widget\" data-settings=\"{&quot;ekit_we_effect_on&quot;:&quot;none&quot;}\" data-widget_type=\"elementskit-accordion.default\">\n\t\t\t\t\t<div class=\"ekit-wid-con\" >\n        <div class=\"elementskit-accordion accoedion-primary\" id=\"accordion-69e7c6e6a0846\">\n\n            \n                <div class=\"elementskit-card active\">\n                    <div class=\"elementskit-card-header\" id=\"primaryHeading-0-12d5ebc\">\n                        <a href=\"#collapse-fef43a769e7c6e6a0846\" class=\"ekit-accordion--toggler elementskit-btn-link collapsed\" data-ekit-toggle=\"collapse\" data-target=\"#Collapse-fef43a769e7c6e6a0846\" aria-expanded=\"true\" aria-controls=\"Collapse-fef43a769e7c6e6a0846\">\n                            \n                                <span class=\"number\"><\/span>\n\n                            \n                            <span class=\"ekit-accordion-title\">\u00bfQu\u00e9 tan parecida puede ser la apariencia y puede la gente com\u00fan notar la diferencia?<\/span>\n\n                            \n                                <div class=\"ekit_accordion_icon_group\">\n                                    <div class=\"ekit_accordion_normal_icon\">\n                                        <!-- Normal Icon -->\n\t\t\t\t\t\t\t\t\t\t<svg class=\"ekit-svg-icon icon-down-arrow1\" viewbox=\"0 0 32 32\" xmlns=\"http:\/\/www.w3.org\/2000\/svg\"><path d=\"M31.582 8.495c-0.578-0.613-1.544-0.635-2.153-0.059l-13.43 12.723-13.428-12.723c-0.61-0.578-1.574-0.553-2.153 0.059-0.579 0.611-0.553 1.576 0.058 2.155l14.477 13.715c0.293 0.277 0.67 0.418 1.047 0.418s0.756-0.14 1.048-0.418l14.477-13.715c0.611-0.579 0.637-1.544 0.058-2.155z\"><\/path><\/svg>                                    <\/div>\n\n                                    <div class=\"ekit_accordion_active_icon\">\n                                        <!-- Active Icon -->\n\t\t\t\t\t\t\t\t\t\t<svg class=\"ekit-svg-icon icon-up-arrow\" viewbox=\"0 0 32 32\" xmlns=\"http:\/\/www.w3.org\/2000\/svg\"><path d=\"M26.915 10.844c0.451 0.451 0.451 1.162 0 1.613-0.436 0.436-1.162 0.436-1.597 0l-8.18-8.18v26.995c0 0.629-0.5 1.129-1.129 1.129s-1.146-0.5-1.146-1.129v-26.996l-8.164 8.18c-0.451 0.436-1.178 0.436-1.613 0-0.451-0.451-0.451-1.162 0-1.613l10.117-10.117c0.436-0.436 1.162-0.436 1.597 0l10.116 10.118z\"><\/path><\/svg>                                    <\/div>\n                                <\/div>\n\n                            \n                                                    <\/a>\n                    <\/div>\n\n                    <div id=\"Collapse-fef43a769e7c6e6a0846\" class=\"show collapse\" aria-labelledby=\"primaryHeading-0-12d5ebc\" data-parent=\"#accordion-69e7c6e6a0846\">\n\n                        <div class=\"elementskit-card-body ekit-accordion--content\">\n                            <p>En el uso diario, las r\u00e9plicas de alta calidad pueden ser dif\u00edciles de distinguir de las piezas genuinas a simple vista para quienes no son profesionales. Las diferencias se hacen m\u00e1s evidentes al examinarlas con lupa, compararlas en paralelo o al centrarse en detalles espec\u00edficos del acabado. Para la mayor\u00eda de los compradores, es m\u00e1s pr\u00e1ctico comprender los l\u00edmites que esperar una equivalencia total.<\/p>                        <\/div>\n\n                    <\/div>\n\n                <\/div><!-- .elementskit-card END -->\n\n                \n                <div class=\"elementskit-card\">\n                    <div class=\"elementskit-card-header\" id=\"primaryHeading-1-12d5ebc\">\n                        <a href=\"#collapse-4e0477c69e7c6e6a0846\" class=\"ekit-accordion--toggler elementskit-btn-link collapsed\" data-ekit-toggle=\"collapse\" data-target=\"#Collapse-4e0477c69e7c6e6a0846\" aria-expanded=\"false\" aria-controls=\"Collapse-4e0477c69e7c6e6a0846\">\n                            \n                                <span class=\"number\"><\/span>\n\n                            \n                            <span class=\"ekit-accordion-title\">\u00bfQu\u00e9 detalles revelan diferencias con mayor frecuencia (fuentes, lume, caja, cierre)?<\/span>\n\n                            \n                                <div class=\"ekit_accordion_icon_group\">\n                                    <div class=\"ekit_accordion_normal_icon\">\n                                        <!-- Normal Icon -->\n\t\t\t\t\t\t\t\t\t\t<svg class=\"ekit-svg-icon icon-down-arrow1\" viewbox=\"0 0 32 32\" xmlns=\"http:\/\/www.w3.org\/2000\/svg\"><path d=\"M31.582 8.495c-0.578-0.613-1.544-0.635-2.153-0.059l-13.43 12.723-13.428-12.723c-0.61-0.578-1.574-0.553-2.153 0.059-0.579 0.611-0.553 1.576 0.058 2.155l14.477 13.715c0.293 0.277 0.67 0.418 1.047 0.418s0.756-0.14 1.048-0.418l14.477-13.715c0.611-0.579 0.637-1.544 0.058-2.155z\"><\/path><\/svg>                                    <\/div>\n\n                                    <div class=\"ekit_accordion_active_icon\">\n                                        <!-- Active Icon -->\n\t\t\t\t\t\t\t\t\t\t<svg class=\"ekit-svg-icon icon-up-arrow\" viewbox=\"0 0 32 32\" xmlns=\"http:\/\/www.w3.org\/2000\/svg\"><path d=\"M26.915 10.844c0.451 0.451 0.451 1.162 0 1.613-0.436 0.436-1.162 0.436-1.597 0l-8.18-8.18v26.995c0 0.629-0.5 1.129-1.129 1.129s-1.146-0.5-1.146-1.129v-26.996l-8.164 8.18c-0.451 0.436-1.178 0.436-1.613 0-0.451-0.451-0.451-1.162 0-1.613l10.117-10.117c0.436-0.436 1.162-0.436 1.597 0l10.116 10.118z\"><\/path><\/svg>                                    <\/div>\n                                <\/div>\n\n                            \n                                                    <\/a>\n                    <\/div>\n\n                    <div id=\"Collapse-4e0477c69e7c6e6a0846\" class=\"collapse\" aria-labelledby=\"primaryHeading-1-12d5ebc\" data-parent=\"#accordion-69e7c6e6a0846\">\n\n                        <div class=\"elementskit-card-body ekit-accordion--content\">\n                            <p>Las \u00e1reas de inter\u00e9s m\u00e1s comunes incluyen las proporciones de las fuentes y los bordes de impresi\u00f3n, el color y la uniformidad del lume, las transiciones del acabado de la caja, la construcci\u00f3n del cierre y la sensaci\u00f3n de cierre. Estos puntos requieren mayor precisi\u00f3n de mecanizado y tiempo de acabado, por lo que a menudo distinguen los grados est\u00e1ndar de las versiones de mayor acabado.<\/p>                        <\/div>\n\n                    <\/div>\n\n                <\/div><!-- .elementskit-card END -->\n\n                \n                <div class=\"elementskit-card\">\n                    <div class=\"elementskit-card-header\" id=\"primaryHeading-2-12d5ebc\">\n                        <a href=\"#collapse-60e5c3a69e7c6e6a0846\" class=\"ekit-accordion--toggler elementskit-btn-link collapsed\" data-ekit-toggle=\"collapse\" data-target=\"#Collapse-60e5c3a69e7c6e6a0846\" aria-expanded=\"false\" aria-controls=\"Collapse-60e5c3a69e7c6e6a0846\">\n                            \n                                <span class=\"number\"><\/span>\n\n                            \n                            <span class=\"ekit-accordion-title\">\u00bfEl peso, la sensaci\u00f3n al tacto y la comodidad de uso difieren notablemente?<\/span>\n\n                            \n                                <div class=\"ekit_accordion_icon_group\">\n                                    <div class=\"ekit_accordion_normal_icon\">\n                                        <!-- Normal Icon -->\n\t\t\t\t\t\t\t\t\t\t<svg class=\"ekit-svg-icon icon-down-arrow1\" viewbox=\"0 0 32 32\" xmlns=\"http:\/\/www.w3.org\/2000\/svg\"><path d=\"M31.582 8.495c-0.578-0.613-1.544-0.635-2.153-0.059l-13.43 12.723-13.428-12.723c-0.61-0.578-1.574-0.553-2.153 0.059-0.579 0.611-0.553 1.576 0.058 2.155l14.477 13.715c0.293 0.277 0.67 0.418 1.047 0.418s0.756-0.14 1.048-0.418l14.477-13.715c0.611-0.579 0.637-1.544 0.058-2.155z\"><\/path><\/svg>                                    <\/div>\n\n                                    <div class=\"ekit_accordion_active_icon\">\n                                        <!-- Active Icon -->\n\t\t\t\t\t\t\t\t\t\t<svg class=\"ekit-svg-icon icon-up-arrow\" viewbox=\"0 0 32 32\" xmlns=\"http:\/\/www.w3.org\/2000\/svg\"><path d=\"M26.915 10.844c0.451 0.451 0.451 1.162 0 1.613-0.436 0.436-1.162 0.436-1.597 0l-8.18-8.18v26.995c0 0.629-0.5 1.129-1.129 1.129s-1.146-0.5-1.146-1.129v-26.996l-8.164 8.18c-0.451 0.436-1.178 0.436-1.613 0-0.451-0.451-0.451-1.162 0-1.613l10.117-10.117c0.436-0.436 1.162-0.436 1.597 0l10.116 10.118z\"><\/path><\/svg>                                    <\/div>\n                                <\/div>\n\n                            \n                                                    <\/a>\n                    <\/div>\n\n                    <div id=\"Collapse-60e5c3a69e7c6e6a0846\" class=\"collapse\" aria-labelledby=\"primaryHeading-2-12d5ebc\" data-parent=\"#accordion-69e7c6e6a0846\">\n\n                        <div class=\"elementskit-card-body ekit-accordion--content\">\n                            <p>Las versiones de mayor acabado suelen intentar igualar el peso y el equilibrio del original. Es m\u00e1s probable que las diferencias se manifiesten en la comodidad a largo plazo, la articulaci\u00f3n del brazalete y la sensaci\u00f3n t\u00e1ctil de interfaces como la corona, el bisel y el cierre. En otras palabras, la diferencia suele notarse con el tiempo, en lugar de apreciarse al instante.<\/p>                        <\/div>\n\n                    <\/div>\n\n                <\/div><!-- .elementskit-card END -->\n\n                \n                <div class=\"elementskit-card\">\n                    <div class=\"elementskit-card-header\" id=\"primaryHeading-3-12d5ebc\">\n                        <a href=\"#collapse-6fb252869e7c6e6a0846\" class=\"ekit-accordion--toggler elementskit-btn-link collapsed\" data-ekit-toggle=\"collapse\" data-target=\"#Collapse-6fb252869e7c6e6a0846\" aria-expanded=\"false\" aria-controls=\"Collapse-6fb252869e7c6e6a0846\">\n                            \n                                <span class=\"number\"><\/span>\n\n                            \n                            <span class=\"ekit-accordion-title\">\u00bfQu\u00e9 importancia tienen detalles como las lupas c\u00edclopes, las ventanas de fecha y los grabados?<\/span>\n\n                            \n                                <div class=\"ekit_accordion_icon_group\">\n                                    <div class=\"ekit_accordion_normal_icon\">\n                                        <!-- Normal Icon -->\n\t\t\t\t\t\t\t\t\t\t<svg class=\"ekit-svg-icon icon-down-arrow1\" viewbox=\"0 0 32 32\" xmlns=\"http:\/\/www.w3.org\/2000\/svg\"><path d=\"M31.582 8.495c-0.578-0.613-1.544-0.635-2.153-0.059l-13.43 12.723-13.428-12.723c-0.61-0.578-1.574-0.553-2.153 0.059-0.579 0.611-0.553 1.576 0.058 2.155l14.477 13.715c0.293 0.277 0.67 0.418 1.047 0.418s0.756-0.14 1.048-0.418l14.477-13.715c0.611-0.579 0.637-1.544 0.058-2.155z\"><\/path><\/svg>                                    <\/div>\n\n                                    <div class=\"ekit_accordion_active_icon\">\n                                        <!-- Active Icon -->\n\t\t\t\t\t\t\t\t\t\t<svg class=\"ekit-svg-icon icon-up-arrow\" viewbox=\"0 0 32 32\" xmlns=\"http:\/\/www.w3.org\/2000\/svg\"><path d=\"M26.915 10.844c0.451 0.451 0.451 1.162 0 1.613-0.436 0.436-1.162 0.436-1.597 0l-8.18-8.18v26.995c0 0.629-0.5 1.129-1.129 1.129s-1.146-0.5-1.146-1.129v-26.996l-8.164 8.18c-0.451 0.436-1.178 0.436-1.613 0-0.451-0.451-0.451-1.162 0-1.613l10.117-10.117c0.436-0.436 1.162-0.436 1.597 0l10.116 10.118z\"><\/path><\/svg>                                    <\/div>\n                                <\/div>\n\n                            \n                                                    <\/a>\n                    <\/div>\n\n                    <div id=\"Collapse-6fb252869e7c6e6a0846\" class=\"collapse\" aria-labelledby=\"primaryHeading-3-12d5ebc\" data-parent=\"#accordion-69e7c6e6a0846\">\n\n                        <div class=\"elementskit-card-body ekit-accordion--content\">\n                            <p>Estos detalles son puntos clave de evaluaci\u00f3n, ya que reflejan precisi\u00f3n y consistencia. Las ventanas de fecha requieren un posicionamiento y corte precisos, las lupas Cyclops pueden revelar problemas de alineaci\u00f3n y distorsi\u00f3n, y los grabados suelen mostrar la calidad del control de acabado. Son indicadores peque\u00f1os, pero altamente repetibles, del nivel de fabricaci\u00f3n.<\/p>                        <\/div>\n\n                    <\/div>\n\n                <\/div><!-- .elementskit-card END -->\n\n                \n                <div class=\"elementskit-card\">\n                    <div class=\"elementskit-card-header\" id=\"primaryHeading-4-12d5ebc\">\n                        <a href=\"#collapse-dcc909069e7c6e6a0846\" class=\"ekit-accordion--toggler elementskit-btn-link collapsed\" data-ekit-toggle=\"collapse\" data-target=\"#Collapse-dcc909069e7c6e6a0846\" aria-expanded=\"false\" aria-controls=\"Collapse-dcc909069e7c6e6a0846\">\n                            \n                                <span class=\"number\"><\/span>\n\n                            \n                            <span class=\"ekit-accordion-title\">\u00bfEl bisel de cer\u00e1mica es id\u00e9ntico a las im\u00e1genes del producto?<\/span>\n\n                            \n                                <div class=\"ekit_accordion_icon_group\">\n                                    <div class=\"ekit_accordion_normal_icon\">\n                                        <!-- Normal Icon -->\n\t\t\t\t\t\t\t\t\t\t<svg class=\"ekit-svg-icon icon-down-arrow1\" viewbox=\"0 0 32 32\" xmlns=\"http:\/\/www.w3.org\/2000\/svg\"><path d=\"M31.582 8.495c-0.578-0.613-1.544-0.635-2.153-0.059l-13.43 12.723-13.428-12.723c-0.61-0.578-1.574-0.553-2.153 0.059-0.579 0.611-0.553 1.576 0.058 2.155l14.477 13.715c0.293 0.277 0.67 0.418 1.047 0.418s0.756-0.14 1.048-0.418l14.477-13.715c0.611-0.579 0.637-1.544 0.058-2.155z\"><\/path><\/svg>                                    <\/div>\n\n                                    <div class=\"ekit_accordion_active_icon\">\n                                        <!-- Active Icon -->\n\t\t\t\t\t\t\t\t\t\t<svg class=\"ekit-svg-icon icon-up-arrow\" viewbox=\"0 0 32 32\" xmlns=\"http:\/\/www.w3.org\/2000\/svg\"><path d=\"M26.915 10.844c0.451 0.451 0.451 1.162 0 1.613-0.436 0.436-1.162 0.436-1.597 0l-8.18-8.18v26.995c0 0.629-0.5 1.129-1.129 1.129s-1.146-0.5-1.146-1.129v-26.996l-8.164 8.18c-0.451 0.436-1.178 0.436-1.613 0-0.451-0.451-0.451-1.162 0-1.613l10.117-10.117c0.436-0.436 1.162-0.436 1.597 0l10.116 10.118z\"><\/path><\/svg>                                    <\/div>\n                                <\/div>\n\n                            \n                                                    <\/a>\n                    <\/div>\n\n                    <div id=\"Collapse-dcc909069e7c6e6a0846\" class=\"collapse\" aria-labelledby=\"primaryHeading-4-12d5ebc\" data-parent=\"#accordion-69e7c6e6a0846\">\n\n                        <div class=\"elementskit-card-body ekit-accordion--content\">\n                            <p>Las im\u00e1genes del producto representan la configuraci\u00f3n real. Los materiales, colores y detalles de dise\u00f1o son consistentes con las im\u00e1genes mostradas, aunque pueden existir peque\u00f1as diferencias visuales debido a las condiciones de iluminaci\u00f3n, la configuraci\u00f3n de la c\u00e1mara y las diferencias de pantalla.<\/p>                        <\/div>\n\n                    <\/div>\n\n                <\/div><!-- .elementskit-card END -->\n\n                                        <\/div>\n    <\/div>\t\t\t\t<\/div>\n\t\t\t\t\t<\/div>\n\t\t<\/div>\n\t\t\t\t\t<\/div>\n\t\t<\/section>\n\t\t\t\t<\/div>","protected":false},"excerpt":{"rendered":"<p>DETALLES DE APARIENCIA Apariencia y detalles Esta secci\u00f3n se centra en la precisi\u00f3n visual, los detalles de acabado y la sensaci\u00f3n de uso. En las r\u00e9plicas de relojes, el aspecto general puede ser similar, aunque las diferencias suelen encontrarse en peque\u00f1os detalles repetibles. \u00bfQu\u00e9 tan parecida puede ser la apariencia y puede la gente com\u00fan [&hellip;]<\/p>\n","protected":false},"author":1,"featured_media":0,"parent":3734,"menu_order":0,"comment_status":"closed","ping_status":"closed","template":"","meta":{"iawp_total_views":1,"footnotes":""},"class_list":["post-4018","page","type-page","status-publish","hentry"],"yoast_head":"<!-- This site is optimized with the Yoast SEO plugin v27.3 - https:\/\/yoast.com\/product\/yoast-seo-wordpress\/ -->\n<title>DETALLES DE APARIENCIA - Trustywatches<\/title>\n<meta name=\"robots\" content=\"index, follow, max-snippet:-1, max-image-preview:large, max-video-preview:-1\" \/>\n<link rel=\"canonical\" href=\"https:\/\/trustywatches.com\/en\/preguntas-frecuentes\/detalles-de-apariencia\/\" \/>\n<meta property=\"og:locale\" content=\"en_US\" \/>\n<meta property=\"og:type\" content=\"article\" \/>\n<meta property=\"og:title\" content=\"DETALLES DE APARIENCIA - Trustywatches\" \/>\n<meta property=\"og:description\" content=\"DETALLES DE APARIENCIA Apariencia y detalles Esta secci\u00f3n se centra en la precisi\u00f3n visual, los detalles de acabado y la sensaci\u00f3n de uso. En las r\u00e9plicas de relojes, el aspecto general puede ser similar, aunque las diferencias suelen encontrarse en peque\u00f1os detalles repetibles. \u00bfQu\u00e9 tan parecida puede ser la apariencia y puede la gente com\u00fan [&hellip;]\" \/>\n<meta property=\"og:url\" content=\"https:\/\/trustywatches.com\/en\/preguntas-frecuentes\/detalles-de-apariencia\/\" \/>\n<meta property=\"og:site_name\" content=\"Trustywatches\" \/>\n<meta property=\"article:modified_time\" content=\"2026-01-21T14:49:09+00:00\" \/>\n<meta name=\"twitter:card\" content=\"summary_large_image\" \/>\n<meta name=\"twitter:label1\" content=\"Est. reading time\" \/>\n\t<meta name=\"twitter:data1\" content=\"2 minutes\" \/>\n<script type=\"application\/ld+json\" class=\"yoast-schema-graph\">{\"@context\":\"https:\\\/\\\/schema.org\",\"@graph\":[{\"@type\":\"WebPage\",\"@id\":\"https:\\\/\\\/trustywatches.com\\\/preguntas-frecuentes\\\/detalles-de-apariencia\\\/\",\"url\":\"https:\\\/\\\/trustywatches.com\\\/preguntas-frecuentes\\\/detalles-de-apariencia\\\/\",\"name\":\"DETALLES DE APARIENCIA - Trustywatches\",\"isPartOf\":{\"@id\":\"https:\\\/\\\/trustywatches.com\\\/#website\"},\"datePublished\":\"2026-01-11T16:22:11+00:00\",\"dateModified\":\"2026-01-21T14:49:09+00:00\",\"breadcrumb\":{\"@id\":\"https:\\\/\\\/trustywatches.com\\\/preguntas-frecuentes\\\/detalles-de-apariencia\\\/#breadcrumb\"},\"inLanguage\":\"en-US\",\"potentialAction\":[{\"@type\":\"ReadAction\",\"target\":[\"https:\\\/\\\/trustywatches.com\\\/preguntas-frecuentes\\\/detalles-de-apariencia\\\/\"]}]},{\"@type\":\"BreadcrumbList\",\"@id\":\"https:\\\/\\\/trustywatches.com\\\/preguntas-frecuentes\\\/detalles-de-apariencia\\\/#breadcrumb\",\"itemListElement\":[{\"@type\":\"ListItem\",\"position\":1,\"name\":\"Home\",\"item\":\"https:\\\/\\\/trustywatches.com\\\/\"},{\"@type\":\"ListItem\",\"position\":2,\"name\":\"Preguntas Frecuentes\",\"item\":\"https:\\\/\\\/trustywatches.com\\\/preguntas-frecuentes\\\/\"},{\"@type\":\"ListItem\",\"position\":3,\"name\":\"DETALLES DE APARIENCIA\"}]},{\"@type\":\"WebSite\",\"@id\":\"https:\\\/\\\/trustywatches.com\\\/#website\",\"url\":\"https:\\\/\\\/trustywatches.com\\\/\",\"name\":\"Trustywatches\",\"description\":\"\",\"potentialAction\":[{\"@type\":\"SearchAction\",\"target\":{\"@type\":\"EntryPoint\",\"urlTemplate\":\"https:\\\/\\\/trustywatches.com\\\/?s={search_term_string}\"},\"query-input\":{\"@type\":\"PropertyValueSpecification\",\"valueRequired\":true,\"valueName\":\"search_term_string\"}}],\"inLanguage\":\"en-US\"}]}<\/script>\n<!-- \/ Yoast SEO plugin. -->","yoast_head_json":{"title":"DETALLES DE APARIENCIA - Trustywatches","robots":{"index":"index","follow":"follow","max-snippet":"max-snippet:-1","max-image-preview":"max-image-preview:large","max-video-preview":"max-video-preview:-1"},"canonical":"https:\/\/trustywatches.com\/en\/preguntas-frecuentes\/detalles-de-apariencia\/","og_locale":"en_US","og_type":"article","og_title":"DETALLES DE APARIENCIA - Trustywatches","og_description":"DETALLES DE APARIENCIA Apariencia y detalles Esta secci\u00f3n se centra en la precisi\u00f3n visual, los detalles de acabado y la sensaci\u00f3n de uso. En las r\u00e9plicas de relojes, el aspecto general puede ser similar, aunque las diferencias suelen encontrarse en peque\u00f1os detalles repetibles. \u00bfQu\u00e9 tan parecida puede ser la apariencia y puede la gente com\u00fan [&hellip;]","og_url":"https:\/\/trustywatches.com\/en\/preguntas-frecuentes\/detalles-de-apariencia\/","og_site_name":"Trustywatches","article_modified_time":"2026-01-21T14:49:09+00:00","twitter_card":"summary_large_image","twitter_misc":{"Est. reading time":"2 minutes"},"schema":{"@context":"https:\/\/schema.org","@graph":[{"@type":"WebPage","@id":"https:\/\/trustywatches.com\/preguntas-frecuentes\/detalles-de-apariencia\/","url":"https:\/\/trustywatches.com\/preguntas-frecuentes\/detalles-de-apariencia\/","name":"DETALLES DE APARIENCIA - Trustywatches","isPartOf":{"@id":"https:\/\/trustywatches.com\/#website"},"datePublished":"2026-01-11T16:22:11+00:00","dateModified":"2026-01-21T14:49:09+00:00","breadcrumb":{"@id":"https:\/\/trustywatches.com\/preguntas-frecuentes\/detalles-de-apariencia\/#breadcrumb"},"inLanguage":"en-US","potentialAction":[{"@type":"ReadAction","target":["https:\/\/trustywatches.com\/preguntas-frecuentes\/detalles-de-apariencia\/"]}]},{"@type":"BreadcrumbList","@id":"https:\/\/trustywatches.com\/preguntas-frecuentes\/detalles-de-apariencia\/#breadcrumb","itemListElement":[{"@type":"ListItem","position":1,"name":"Home","item":"https:\/\/trustywatches.com\/"},{"@type":"ListItem","position":2,"name":"Preguntas Frecuentes","item":"https:\/\/trustywatches.com\/preguntas-frecuentes\/"},{"@type":"ListItem","position":3,"name":"DETALLES DE APARIENCIA"}]},{"@type":"WebSite","@id":"https:\/\/trustywatches.com\/#website","url":"https:\/\/trustywatches.com\/","name":"Trustywatches","description":"","potentialAction":[{"@type":"SearchAction","target":{"@type":"EntryPoint","urlTemplate":"https:\/\/trustywatches.com\/?s={search_term_string}"},"query-input":{"@type":"PropertyValueSpecification","valueRequired":true,"valueName":"search_term_string"}}],"inLanguage":"en-US"}]}},"post_mailing_queue_ids":[],"_links":{"self":[{"href":"https:\/\/trustywatches.com\/en\/wp-json\/wp\/v2\/pages\/4018","targetHints":{"allow":["GET"]}}],"collection":[{"href":"https:\/\/trustywatches.com\/en\/wp-json\/wp\/v2\/pages"}],"about":[{"href":"https:\/\/trustywatches.com\/en\/wp-json\/wp\/v2\/types\/page"}],"author":[{"embeddable":true,"href":"https:\/\/trustywatches.com\/en\/wp-json\/wp\/v2\/users\/1"}],"replies":[{"embeddable":true,"href":"https:\/\/trustywatches.com\/en\/wp-json\/wp\/v2\/comments?post=4018"}],"version-history":[{"count":15,"href":"https:\/\/trustywatches.com\/en\/wp-json\/wp\/v2\/pages\/4018\/revisions"}],"predecessor-version":[{"id":43734,"href":"https:\/\/trustywatches.com\/en\/wp-json\/wp\/v2\/pages\/4018\/revisions\/43734"}],"up":[{"embeddable":true,"href":"https:\/\/trustywatches.com\/en\/wp-json\/wp\/v2\/pages\/3734"}],"wp:attachment":[{"href":"https:\/\/trustywatches.com\/en\/wp-json\/wp\/v2\/media?parent=4018"}],"curies":[{"name":"wp","href":"https:\/\/api.w.org\/{rel}","templated":true}]}}