{"id":4022,"date":"2026-01-11T16:22:37","date_gmt":"2026-01-11T16:22:37","guid":{"rendered":"https:\/\/darkgreen-grouse-660966.hostingersite.com\/?page_id=4022"},"modified":"2026-01-21T11:55:32","modified_gmt":"2026-01-21T11:55:32","slug":"pedidos-envio-garantia","status":"publish","type":"page","link":"https:\/\/trustywatches.com\/en\/preguntas-frecuentes\/pedidos-envio-garantia\/","title":{"rendered":"ORDERS SHIPPING WARRANTY"},"content":{"rendered":"<div data-elementor-type=\"wp-page\" data-elementor-id=\"4022\" class=\"elementor elementor-4022\" data-elementor-post-type=\"page\">\n\t\t\t\t\t\t<section class=\"elementor-section elementor-top-section elementor-element elementor-element-dec10f6 elementor-section-boxed elementor-section-height-default elementor-section-height-default\" data-id=\"dec10f6\" data-element_type=\"section\" data-e-type=\"section\" data-settings=\"{&quot;ekit_has_onepagescroll_dot&quot;:&quot;yes&quot;}\">\n\t\t\t\t\t\t<div class=\"elementor-container elementor-column-gap-default\">\n\t\t\t\t\t<div class=\"elementor-column elementor-col-100 elementor-top-column elementor-element elementor-element-364fbd0\" data-id=\"364fbd0\" data-element_type=\"column\" data-e-type=\"column\">\n\t\t\t<div class=\"elementor-widget-wrap elementor-element-populated\">\n\t\t\t\t\t\t<div class=\"elementor-element elementor-element-cb14344 elementor-widget elementor-widget-heading\" data-id=\"cb14344\" data-element_type=\"widget\" data-e-type=\"widget\" data-settings=\"{&quot;ekit_we_effect_on&quot;:&quot;none&quot;}\" data-widget_type=\"heading.default\">\n\t\t\t\t\t<h2 class=\"elementor-heading-title elementor-size-default\">ORDERS SHIPPING WARRANTY<\/h2>\t\t\t\t<\/div>\n\t\t\t\t\t<\/div>\n\t\t<\/div>\n\t\t\t\t\t<\/div>\n\t\t<\/section>\n\t\t\t\t<section class=\"elementor-section elementor-top-section elementor-element elementor-element-d378b0a elementor-section-boxed elementor-section-height-default elementor-section-height-default\" data-id=\"d378b0a\" data-element_type=\"section\" data-e-type=\"section\" data-settings=\"{&quot;ekit_has_onepagescroll_dot&quot;:&quot;yes&quot;}\">\n\t\t\t\t\t\t<div class=\"elementor-container elementor-column-gap-default\">\n\t\t\t\t\t<div class=\"elementor-column elementor-col-100 elementor-top-column elementor-element elementor-element-4e9358a\" data-id=\"4e9358a\" data-element_type=\"column\" data-e-type=\"column\">\n\t\t\t<div class=\"elementor-widget-wrap elementor-element-populated\">\n\t\t\t\t\t\t<div class=\"elementor-element elementor-element-2ed5bb6 elementor-widget elementor-widget-heading\" data-id=\"2ed5bb6\" data-element_type=\"widget\" data-e-type=\"widget\" data-settings=\"{&quot;ekit_we_effect_on&quot;:&quot;none&quot;}\" data-widget_type=\"heading.default\">\n\t\t\t\t\t<h2 class=\"elementor-heading-title elementor-size-default\">Env\u00edo de pedidos y garant\u00eda<\/h2>\t\t\t\t<\/div>\n\t\t\t\t<div class=\"elementor-element elementor-element-ba666db elementor-widget elementor-widget-text-editor\" data-id=\"ba666db\" data-element_type=\"widget\" data-e-type=\"widget\" data-settings=\"{&quot;ekit_we_effect_on&quot;:&quot;none&quot;}\" data-widget_type=\"text-editor.default\">\n\t\t\t\t\t\t\t\t\t<p>En esta secci\u00f3n se describe el proceso de env\u00edo, los plazos de entrega, los riesgos log\u00edsticos y las pol\u00edticas de garant\u00eda posventa para ayudarle a comprender sus derechos y responsabilidades tras la compra.<\/p>\t\t\t\t\t\t\t\t<\/div>\n\t\t\t\t\t<\/div>\n\t\t<\/div>\n\t\t\t\t\t<\/div>\n\t\t<\/section>\n\t\t\t\t<section class=\"elementor-section elementor-top-section elementor-element elementor-element-5833184 elementor-section-boxed elementor-section-height-default elementor-section-height-default\" data-id=\"5833184\" data-element_type=\"section\" data-e-type=\"section\" data-settings=\"{&quot;ekit_has_onepagescroll_dot&quot;:&quot;yes&quot;}\">\n\t\t\t\t\t\t<div class=\"elementor-container elementor-column-gap-default\">\n\t\t\t\t\t<div class=\"elementor-column elementor-col-100 elementor-top-column elementor-element elementor-element-c7ff5b4\" data-id=\"c7ff5b4\" data-element_type=\"column\" data-e-type=\"column\">\n\t\t\t<div class=\"elementor-widget-wrap elementor-element-populated\">\n\t\t\t\t\t\t<div class=\"elementor-element elementor-element-c5bf5ab elementor-widget elementor-widget-elementskit-accordion\" data-id=\"c5bf5ab\" data-element_type=\"widget\" data-e-type=\"widget\" data-settings=\"{&quot;ekit_we_effect_on&quot;:&quot;none&quot;}\" data-widget_type=\"elementskit-accordion.default\">\n\t\t\t\t\t<div class=\"ekit-wid-con\" >\n        <div class=\"elementskit-accordion accoedion-primary\" id=\"accordion-69e936f2a9edf\">\n\n            \n                <div class=\"elementskit-card active\">\n                    <div class=\"elementskit-card-header\" id=\"primaryHeading-0-c5bf5ab\">\n                        <a href=\"#collapse-fef43a769e936f2a9edf\" class=\"ekit-accordion--toggler elementskit-btn-link collapsed\" data-ekit-toggle=\"collapse\" data-target=\"#Collapse-fef43a769e936f2a9edf\" aria-expanded=\"true\" aria-controls=\"Collapse-fef43a769e936f2a9edf\">\n                            \n                                <span class=\"number\"><\/span>\n\n                            \n                            <span class=\"ekit-accordion-title\">\u00bfCu\u00e1nto tiempo tarda el env\u00edo?<\/span>\n\n                            \n                                <div class=\"ekit_accordion_icon_group\">\n                                    <div class=\"ekit_accordion_normal_icon\">\n                                        <!-- Normal Icon -->\n\t\t\t\t\t\t\t\t\t\t<svg class=\"ekit-svg-icon icon-down-arrow1\" viewbox=\"0 0 32 32\" xmlns=\"http:\/\/www.w3.org\/2000\/svg\"><path d=\"M31.582 8.495c-0.578-0.613-1.544-0.635-2.153-0.059l-13.43 12.723-13.428-12.723c-0.61-0.578-1.574-0.553-2.153 0.059-0.579 0.611-0.553 1.576 0.058 2.155l14.477 13.715c0.293 0.277 0.67 0.418 1.047 0.418s0.756-0.14 1.048-0.418l14.477-13.715c0.611-0.579 0.637-1.544 0.058-2.155z\"><\/path><\/svg>                                    <\/div>\n\n                                    <div class=\"ekit_accordion_active_icon\">\n                                        <!-- Active Icon -->\n\t\t\t\t\t\t\t\t\t\t<svg class=\"ekit-svg-icon icon-up-arrow\" viewbox=\"0 0 32 32\" xmlns=\"http:\/\/www.w3.org\/2000\/svg\"><path d=\"M26.915 10.844c0.451 0.451 0.451 1.162 0 1.613-0.436 0.436-1.162 0.436-1.597 0l-8.18-8.18v26.995c0 0.629-0.5 1.129-1.129 1.129s-1.146-0.5-1.146-1.129v-26.996l-8.164 8.18c-0.451 0.436-1.178 0.436-1.613 0-0.451-0.451-0.451-1.162 0-1.613l10.117-10.117c0.436-0.436 1.162-0.436 1.597 0l10.116 10.118z\"><\/path><\/svg>                                    <\/div>\n                                <\/div>\n\n                            \n                                                    <\/a>\n                    <\/div>\n\n                    <div id=\"Collapse-fef43a769e936f2a9edf\" class=\"show collapse\" aria-labelledby=\"primaryHeading-0-c5bf5ab\" data-parent=\"#accordion-69e936f2a9edf\">\n\n                        <div class=\"elementskit-card-body ekit-accordion--content\">\n                            <p>La mayor\u00eda de los pedidos se empaquetan y env\u00edan en un plazo de 1 a 3 d\u00edas h\u00e1biles tras la confirmaci\u00f3n del pago. Los env\u00edos desde nuestro almac\u00e9n chino a M\u00e9xico suelen tardar entre 5 y 12 d\u00edas h\u00e1biles (sujeto a los tiempos de tramitaci\u00f3n del despacho de aduanas). Se le proporcionar\u00e1 un n\u00famero de seguimiento internacional una vez que el estado de su pedido se actualice a \u00abEnviado\u00bb.<\/p>                        <\/div>\n\n                    <\/div>\n\n                <\/div><!-- .elementskit-card END -->\n\n                \n                <div class=\"elementskit-card\">\n                    <div class=\"elementskit-card-header\" id=\"primaryHeading-1-c5bf5ab\">\n                        <a href=\"#collapse-4e0477c69e936f2a9edf\" class=\"ekit-accordion--toggler elementskit-btn-link collapsed\" data-ekit-toggle=\"collapse\" data-target=\"#Collapse-4e0477c69e936f2a9edf\" aria-expanded=\"false\" aria-controls=\"Collapse-4e0477c69e936f2a9edf\">\n                            \n                                <span class=\"number\"><\/span>\n\n                            \n                            <span class=\"ekit-accordion-title\">\u00bfQu\u00e9 pasa si mi paquete es retenido por la aduana durante el tr\u00e1nsito?<\/span>\n\n                            \n                                <div class=\"ekit_accordion_icon_group\">\n                                    <div class=\"ekit_accordion_normal_icon\">\n                                        <!-- Normal Icon -->\n\t\t\t\t\t\t\t\t\t\t<svg class=\"ekit-svg-icon icon-down-arrow1\" viewbox=\"0 0 32 32\" xmlns=\"http:\/\/www.w3.org\/2000\/svg\"><path d=\"M31.582 8.495c-0.578-0.613-1.544-0.635-2.153-0.059l-13.43 12.723-13.428-12.723c-0.61-0.578-1.574-0.553-2.153 0.059-0.579 0.611-0.553 1.576 0.058 2.155l14.477 13.715c0.293 0.277 0.67 0.418 1.047 0.418s0.756-0.14 1.048-0.418l14.477-13.715c0.611-0.579 0.637-1.544 0.058-2.155z\"><\/path><\/svg>                                    <\/div>\n\n                                    <div class=\"ekit_accordion_active_icon\">\n                                        <!-- Active Icon -->\n\t\t\t\t\t\t\t\t\t\t<svg class=\"ekit-svg-icon icon-up-arrow\" viewbox=\"0 0 32 32\" xmlns=\"http:\/\/www.w3.org\/2000\/svg\"><path d=\"M26.915 10.844c0.451 0.451 0.451 1.162 0 1.613-0.436 0.436-1.162 0.436-1.597 0l-8.18-8.18v26.995c0 0.629-0.5 1.129-1.129 1.129s-1.146-0.5-1.146-1.129v-26.996l-8.164 8.18c-0.451 0.436-1.178 0.436-1.613 0-0.451-0.451-0.451-1.162 0-1.613l10.117-10.117c0.436-0.436 1.162-0.436 1.597 0l10.116 10.118z\"><\/path><\/svg>                                    <\/div>\n                                <\/div>\n\n                            \n                                                    <\/a>\n                    <\/div>\n\n                    <div id=\"Collapse-4e0477c69e936f2a9edf\" class=\"collapse\" aria-labelledby=\"primaryHeading-1-c5bf5ab\" data-parent=\"#accordion-69e936f2a9edf\">\n\n                        <div class=\"elementskit-card-body ekit-accordion--content\">\n                            <p>Si su paquete es retenido o destruido por la aduana, le ofrecemos la opci\u00f3n de \u00abun reenv\u00edo gratuito\u00bb o un \u00abreembolso completo\u00bb (seleccione una opci\u00f3n). Para los reenv\u00edos, utilizaremos un embalaje m\u00e1s discreto. Los clientes que opten por el reenv\u00edo no incurrir\u00e1n en gastos de env\u00edo adicionales; los que elijan el reembolso recibir\u00e1n un reembolso completo. P\u00f3ngase en contacto con el servicio de atenci\u00f3n al cliente en un plazo de 7 d\u00edas a partir de la recepci\u00f3n de la notificaci\u00f3n de la aduana para acordar una soluci\u00f3n.<\/p>                        <\/div>\n\n                    <\/div>\n\n                <\/div><!-- .elementskit-card END -->\n\n                \n                <div class=\"elementskit-card\">\n                    <div class=\"elementskit-card-header\" id=\"primaryHeading-2-c5bf5ab\">\n                        <a href=\"#collapse-60e5c3a69e936f2a9edf\" class=\"ekit-accordion--toggler elementskit-btn-link collapsed\" data-ekit-toggle=\"collapse\" data-target=\"#Collapse-60e5c3a69e936f2a9edf\" aria-expanded=\"false\" aria-controls=\"Collapse-60e5c3a69e936f2a9edf\">\n                            \n                                <span class=\"number\"><\/span>\n\n                            \n                            <span class=\"ekit-accordion-title\">\u00bfCu\u00e1l es la pol\u00edtica de garant\u00eda?<\/span>\n\n                            \n                                <div class=\"ekit_accordion_icon_group\">\n                                    <div class=\"ekit_accordion_normal_icon\">\n                                        <!-- Normal Icon -->\n\t\t\t\t\t\t\t\t\t\t<svg class=\"ekit-svg-icon icon-down-arrow1\" viewbox=\"0 0 32 32\" xmlns=\"http:\/\/www.w3.org\/2000\/svg\"><path d=\"M31.582 8.495c-0.578-0.613-1.544-0.635-2.153-0.059l-13.43 12.723-13.428-12.723c-0.61-0.578-1.574-0.553-2.153 0.059-0.579 0.611-0.553 1.576 0.058 2.155l14.477 13.715c0.293 0.277 0.67 0.418 1.047 0.418s0.756-0.14 1.048-0.418l14.477-13.715c0.611-0.579 0.637-1.544 0.058-2.155z\"><\/path><\/svg>                                    <\/div>\n\n                                    <div class=\"ekit_accordion_active_icon\">\n                                        <!-- Active Icon -->\n\t\t\t\t\t\t\t\t\t\t<svg class=\"ekit-svg-icon icon-up-arrow\" viewbox=\"0 0 32 32\" xmlns=\"http:\/\/www.w3.org\/2000\/svg\"><path d=\"M26.915 10.844c0.451 0.451 0.451 1.162 0 1.613-0.436 0.436-1.162 0.436-1.597 0l-8.18-8.18v26.995c0 0.629-0.5 1.129-1.129 1.129s-1.146-0.5-1.146-1.129v-26.996l-8.164 8.18c-0.451 0.436-1.178 0.436-1.613 0-0.451-0.451-0.451-1.162 0-1.613l10.117-10.117c0.436-0.436 1.162-0.436 1.597 0l10.116 10.118z\"><\/path><\/svg>                                    <\/div>\n                                <\/div>\n\n                            \n                                                    <\/a>\n                    <\/div>\n\n                    <div id=\"Collapse-60e5c3a69e936f2a9edf\" class=\"collapse\" aria-labelledby=\"primaryHeading-2-c5bf5ab\" data-parent=\"#accordion-69e936f2a9edf\">\n\n                        <div class=\"elementskit-card-body ekit-accordion--content\">\n                            <p>Ofrecemos una garant\u00eda de 1 a 5 a\u00f1os para el movimiento mec\u00e1nico (la duraci\u00f3n espec\u00edfica se indica en la p\u00e1gina del producto), que cubre los fallos del movimiento derivados del uso normal (excluyendo los da\u00f1os causados por error humano, entrada de agua, magnetizaci\u00f3n, ca\u00eddas, etc.). Durante el periodo de garant\u00eda, se ofrece la reparaci\u00f3n o sustituci\u00f3n gratuita por un movimiento id\u00e9ntico, corriendo los gastos de env\u00edo de la devoluci\u00f3n a cargo del cliente. Los componentes est\u00e9ticos (por ejemplo, cristal, correa, bisel) est\u00e1n excluidos de la cobertura de la garant\u00eda y est\u00e1n sujetos a servicios de reparaci\u00f3n de pago razonables.<\/p>                        <\/div>\n\n                    <\/div>\n\n                <\/div><!-- .elementskit-card END -->\n\n                \n                <div class=\"elementskit-card\">\n                    <div class=\"elementskit-card-header\" id=\"primaryHeading-3-c5bf5ab\">\n                        <a href=\"#collapse-6fb252869e936f2a9edf\" class=\"ekit-accordion--toggler elementskit-btn-link collapsed\" data-ekit-toggle=\"collapse\" data-target=\"#Collapse-6fb252869e936f2a9edf\" aria-expanded=\"false\" aria-controls=\"Collapse-6fb252869e936f2a9edf\">\n                            \n                                <span class=\"number\"><\/span>\n\n                            \n                            <span class=\"ekit-accordion-title\">\u00bfCu\u00e1les son las condiciones de devoluci\u00f3n\/reembolso?<\/span>\n\n                            \n                                <div class=\"ekit_accordion_icon_group\">\n                                    <div class=\"ekit_accordion_normal_icon\">\n                                        <!-- Normal Icon -->\n\t\t\t\t\t\t\t\t\t\t<svg class=\"ekit-svg-icon icon-down-arrow1\" viewbox=\"0 0 32 32\" xmlns=\"http:\/\/www.w3.org\/2000\/svg\"><path d=\"M31.582 8.495c-0.578-0.613-1.544-0.635-2.153-0.059l-13.43 12.723-13.428-12.723c-0.61-0.578-1.574-0.553-2.153 0.059-0.579 0.611-0.553 1.576 0.058 2.155l14.477 13.715c0.293 0.277 0.67 0.418 1.047 0.418s0.756-0.14 1.048-0.418l14.477-13.715c0.611-0.579 0.637-1.544 0.058-2.155z\"><\/path><\/svg>                                    <\/div>\n\n                                    <div class=\"ekit_accordion_active_icon\">\n                                        <!-- Active Icon -->\n\t\t\t\t\t\t\t\t\t\t<svg class=\"ekit-svg-icon icon-up-arrow\" viewbox=\"0 0 32 32\" xmlns=\"http:\/\/www.w3.org\/2000\/svg\"><path d=\"M26.915 10.844c0.451 0.451 0.451 1.162 0 1.613-0.436 0.436-1.162 0.436-1.597 0l-8.18-8.18v26.995c0 0.629-0.5 1.129-1.129 1.129s-1.146-0.5-1.146-1.129v-26.996l-8.164 8.18c-0.451 0.436-1.178 0.436-1.613 0-0.451-0.451-0.451-1.162 0-1.613l10.117-10.117c0.436-0.436 1.162-0.436 1.597 0l10.116 10.118z\"><\/path><\/svg>                                    <\/div>\n                                <\/div>\n\n                            \n                                                    <\/a>\n                    <\/div>\n\n                    <div id=\"Collapse-6fb252869e936f2a9edf\" class=\"collapse\" aria-labelledby=\"primaryHeading-3-c5bf5ab\" data-parent=\"#accordion-69e936f2a9edf\">\n\n                        <div class=\"elementskit-card-body ekit-accordion--content\">\n                            <p>Se aceptan devoluciones incondicionales en un plazo de 30 d\u00edas a partir de la entrega (siempre que los art\u00edculos no hayan sido utilizados, no est\u00e9n da\u00f1ados y se encuentren en su embalaje original). Los gastos de env\u00edo de la devoluci\u00f3n corren a cargo del cliente. En caso de problemas evidentes de calidad (da\u00f1os no causados por el hombre) descubiertos en un plazo de 7 d\u00edas a partir de la recepci\u00f3n, cubrimos los gastos de env\u00edo de la devoluci\u00f3n y emitimos un reembolso completo.<\/p>                        <\/div>\n\n                    <\/div>\n\n                <\/div><!-- .elementskit-card END -->\n\n                                        <\/div>\n    <\/div>\t\t\t\t<\/div>\n\t\t\t\t\t<\/div>\n\t\t<\/div>\n\t\t\t\t\t<\/div>\n\t\t<\/section>\n\t\t\t\t<\/div>","protected":false},"excerpt":{"rendered":"<p>PEDIDOS ENV\u00cdO GARANT\u00cdA Env\u00edo de pedidos y garant\u00eda En esta secci\u00f3n se describe el proceso de env\u00edo, los plazos de entrega, los riesgos log\u00edsticos y las pol\u00edticas de garant\u00eda posventa para ayudarle a comprender sus derechos y responsabilidades tras la compra. \u00bfCu\u00e1nto tiempo tarda el env\u00edo? La mayor\u00eda de los pedidos se empaquetan y env\u00edan [&hellip;]<\/p>\n","protected":false},"author":1,"featured_media":0,"parent":3734,"menu_order":0,"comment_status":"closed","ping_status":"closed","template":"","meta":{"iawp_total_views":8,"footnotes":""},"class_list":["post-4022","page","type-page","status-publish","hentry"],"yoast_head":"<!-- This site is optimized with the Yoast SEO plugin v27.3 - https:\/\/yoast.com\/product\/yoast-seo-wordpress\/ -->\n<title>PEDIDOS ENV\u00cdO GARANT\u00cdA - Trustywatches<\/title>\n<meta name=\"robots\" content=\"index, follow, max-snippet:-1, max-image-preview:large, max-video-preview:-1\" \/>\n<link rel=\"canonical\" href=\"https:\/\/trustywatches.com\/en\/preguntas-frecuentes\/pedidos-envio-garantia\/\" \/>\n<meta property=\"og:locale\" content=\"en_US\" \/>\n<meta property=\"og:type\" content=\"article\" \/>\n<meta property=\"og:title\" content=\"PEDIDOS ENV\u00cdO GARANT\u00cdA - Trustywatches\" \/>\n<meta property=\"og:description\" content=\"PEDIDOS ENV\u00cdO GARANT\u00cdA Env\u00edo de pedidos y garant\u00eda En esta secci\u00f3n se describe el proceso de env\u00edo, los plazos de entrega, los riesgos log\u00edsticos y las pol\u00edticas de garant\u00eda posventa para ayudarle a comprender sus derechos y responsabilidades tras la compra. \u00bfCu\u00e1nto tiempo tarda el env\u00edo? La mayor\u00eda de los pedidos se empaquetan y env\u00edan [&hellip;]\" \/>\n<meta property=\"og:url\" content=\"https:\/\/trustywatches.com\/en\/preguntas-frecuentes\/pedidos-envio-garantia\/\" \/>\n<meta property=\"og:site_name\" content=\"Trustywatches\" \/>\n<meta property=\"article:modified_time\" content=\"2026-01-21T11:55:32+00:00\" \/>\n<meta name=\"twitter:card\" content=\"summary_large_image\" \/>\n<meta name=\"twitter:label1\" content=\"Est. reading time\" \/>\n\t<meta name=\"twitter:data1\" content=\"2 minutes\" \/>\n<script type=\"application\/ld+json\" class=\"yoast-schema-graph\">{\"@context\":\"https:\\\/\\\/schema.org\",\"@graph\":[{\"@type\":\"WebPage\",\"@id\":\"https:\\\/\\\/trustywatches.com\\\/preguntas-frecuentes\\\/pedidos-envio-garantia\\\/\",\"url\":\"https:\\\/\\\/trustywatches.com\\\/preguntas-frecuentes\\\/pedidos-envio-garantia\\\/\",\"name\":\"PEDIDOS ENV\u00cdO GARANT\u00cdA - Trustywatches\",\"isPartOf\":{\"@id\":\"https:\\\/\\\/trustywatches.com\\\/#website\"},\"datePublished\":\"2026-01-11T16:22:37+00:00\",\"dateModified\":\"2026-01-21T11:55:32+00:00\",\"breadcrumb\":{\"@id\":\"https:\\\/\\\/trustywatches.com\\\/preguntas-frecuentes\\\/pedidos-envio-garantia\\\/#breadcrumb\"},\"inLanguage\":\"en-US\",\"potentialAction\":[{\"@type\":\"ReadAction\",\"target\":[\"https:\\\/\\\/trustywatches.com\\\/preguntas-frecuentes\\\/pedidos-envio-garantia\\\/\"]}]},{\"@type\":\"BreadcrumbList\",\"@id\":\"https:\\\/\\\/trustywatches.com\\\/preguntas-frecuentes\\\/pedidos-envio-garantia\\\/#breadcrumb\",\"itemListElement\":[{\"@type\":\"ListItem\",\"position\":1,\"name\":\"Home\",\"item\":\"https:\\\/\\\/trustywatches.com\\\/\"},{\"@type\":\"ListItem\",\"position\":2,\"name\":\"Preguntas Frecuentes\",\"item\":\"https:\\\/\\\/trustywatches.com\\\/preguntas-frecuentes\\\/\"},{\"@type\":\"ListItem\",\"position\":3,\"name\":\"PEDIDOS ENV\u00cdO GARANT\u00cdA\"}]},{\"@type\":\"WebSite\",\"@id\":\"https:\\\/\\\/trustywatches.com\\\/#website\",\"url\":\"https:\\\/\\\/trustywatches.com\\\/\",\"name\":\"Trustywatches\",\"description\":\"\",\"potentialAction\":[{\"@type\":\"SearchAction\",\"target\":{\"@type\":\"EntryPoint\",\"urlTemplate\":\"https:\\\/\\\/trustywatches.com\\\/?s={search_term_string}\"},\"query-input\":{\"@type\":\"PropertyValueSpecification\",\"valueRequired\":true,\"valueName\":\"search_term_string\"}}],\"inLanguage\":\"en-US\"}]}<\/script>\n<!-- \/ Yoast SEO plugin. -->","yoast_head_json":{"title":"PEDIDOS ENV\u00cdO GARANT\u00cdA - Trustywatches","robots":{"index":"index","follow":"follow","max-snippet":"max-snippet:-1","max-image-preview":"max-image-preview:large","max-video-preview":"max-video-preview:-1"},"canonical":"https:\/\/trustywatches.com\/en\/preguntas-frecuentes\/pedidos-envio-garantia\/","og_locale":"en_US","og_type":"article","og_title":"PEDIDOS ENV\u00cdO GARANT\u00cdA - Trustywatches","og_description":"PEDIDOS ENV\u00cdO GARANT\u00cdA Env\u00edo de pedidos y garant\u00eda En esta secci\u00f3n se describe el proceso de env\u00edo, los plazos de entrega, los riesgos log\u00edsticos y las pol\u00edticas de garant\u00eda posventa para ayudarle a comprender sus derechos y responsabilidades tras la compra. \u00bfCu\u00e1nto tiempo tarda el env\u00edo? La mayor\u00eda de los pedidos se empaquetan y env\u00edan [&hellip;]","og_url":"https:\/\/trustywatches.com\/en\/preguntas-frecuentes\/pedidos-envio-garantia\/","og_site_name":"Trustywatches","article_modified_time":"2026-01-21T11:55:32+00:00","twitter_card":"summary_large_image","twitter_misc":{"Est. reading time":"2 minutes"},"schema":{"@context":"https:\/\/schema.org","@graph":[{"@type":"WebPage","@id":"https:\/\/trustywatches.com\/preguntas-frecuentes\/pedidos-envio-garantia\/","url":"https:\/\/trustywatches.com\/preguntas-frecuentes\/pedidos-envio-garantia\/","name":"PEDIDOS ENV\u00cdO GARANT\u00cdA - Trustywatches","isPartOf":{"@id":"https:\/\/trustywatches.com\/#website"},"datePublished":"2026-01-11T16:22:37+00:00","dateModified":"2026-01-21T11:55:32+00:00","breadcrumb":{"@id":"https:\/\/trustywatches.com\/preguntas-frecuentes\/pedidos-envio-garantia\/#breadcrumb"},"inLanguage":"en-US","potentialAction":[{"@type":"ReadAction","target":["https:\/\/trustywatches.com\/preguntas-frecuentes\/pedidos-envio-garantia\/"]}]},{"@type":"BreadcrumbList","@id":"https:\/\/trustywatches.com\/preguntas-frecuentes\/pedidos-envio-garantia\/#breadcrumb","itemListElement":[{"@type":"ListItem","position":1,"name":"Home","item":"https:\/\/trustywatches.com\/"},{"@type":"ListItem","position":2,"name":"Preguntas Frecuentes","item":"https:\/\/trustywatches.com\/preguntas-frecuentes\/"},{"@type":"ListItem","position":3,"name":"PEDIDOS ENV\u00cdO GARANT\u00cdA"}]},{"@type":"WebSite","@id":"https:\/\/trustywatches.com\/#website","url":"https:\/\/trustywatches.com\/","name":"Trustywatches","description":"","potentialAction":[{"@type":"SearchAction","target":{"@type":"EntryPoint","urlTemplate":"https:\/\/trustywatches.com\/?s={search_term_string}"},"query-input":{"@type":"PropertyValueSpecification","valueRequired":true,"valueName":"search_term_string"}}],"inLanguage":"en-US"}]}},"post_mailing_queue_ids":[],"_links":{"self":[{"href":"https:\/\/trustywatches.com\/en\/wp-json\/wp\/v2\/pages\/4022","targetHints":{"allow":["GET"]}}],"collection":[{"href":"https:\/\/trustywatches.com\/en\/wp-json\/wp\/v2\/pages"}],"about":[{"href":"https:\/\/trustywatches.com\/en\/wp-json\/wp\/v2\/types\/page"}],"author":[{"embeddable":true,"href":"https:\/\/trustywatches.com\/en\/wp-json\/wp\/v2\/users\/1"}],"replies":[{"embeddable":true,"href":"https:\/\/trustywatches.com\/en\/wp-json\/wp\/v2\/comments?post=4022"}],"version-history":[{"count":9,"href":"https:\/\/trustywatches.com\/en\/wp-json\/wp\/v2\/pages\/4022\/revisions"}],"predecessor-version":[{"id":43689,"href":"https:\/\/trustywatches.com\/en\/wp-json\/wp\/v2\/pages\/4022\/revisions\/43689"}],"up":[{"embeddable":true,"href":"https:\/\/trustywatches.com\/en\/wp-json\/wp\/v2\/pages\/3734"}],"wp:attachment":[{"href":"https:\/\/trustywatches.com\/en\/wp-json\/wp\/v2\/media?parent=4022"}],"curies":[{"name":"wp","href":"https:\/\/api.w.org\/{rel}","templated":true}]}}