{"id":4028,"date":"2026-01-11T16:26:23","date_gmt":"2026-01-11T16:26:23","guid":{"rendered":"https:\/\/darkgreen-grouse-660966.hostingersite.com\/?page_id=4028"},"modified":"2026-02-09T01:06:45","modified_gmt":"2026-02-09T07:06:45","slug":"politica-de-envio","status":"publish","type":"page","link":"https:\/\/trustywatches.com\/en\/politica-de-envio\/","title":{"rendered":"Shipping Policy"},"content":{"rendered":"<div data-elementor-type=\"wp-page\" data-elementor-id=\"4028\" class=\"elementor elementor-4028\" data-elementor-post-type=\"page\">\n\t\t\t\t\t\t<section class=\"elementor-section elementor-top-section elementor-element elementor-element-4e67e00 elementor-section-boxed elementor-section-height-default elementor-section-height-default\" data-id=\"4e67e00\" data-element_type=\"section\" data-settings=\"{&quot;ekit_has_onepagescroll_dot&quot;:&quot;yes&quot;}\">\n\t\t\t\t\t\t<div class=\"elementor-container elementor-column-gap-default\">\n\t\t\t\t\t<div class=\"elementor-column elementor-col-100 elementor-top-column elementor-element elementor-element-07006f5\" data-id=\"07006f5\" data-element_type=\"column\">\n\t\t\t<div class=\"elementor-widget-wrap elementor-element-populated\">\n\t\t\t\t\t\t<div class=\"elementor-element elementor-element-84f8c51 elementor-widget elementor-widget-heading\" data-id=\"84f8c51\" data-element_type=\"widget\" data-settings=\"{&quot;ekit_we_effect_on&quot;:&quot;none&quot;}\" data-widget_type=\"heading.default\">\n\t\t\t\t\t<h2 class=\"elementor-heading-title elementor-size-default\">POL\u00cdTICA DE ENV\u00cdOS<\/h2>\t\t\t\t<\/div>\n\t\t\t\t\t<\/div>\n\t\t<\/div>\n\t\t\t\t\t<\/div>\n\t\t<\/section>\n\t\t\t\t<section class=\"elementor-section elementor-top-section elementor-element elementor-element-41a8cae2 elementor-section-boxed elementor-section-height-default elementor-section-height-default\" data-id=\"41a8cae2\" data-element_type=\"section\" data-settings=\"{&quot;ekit_has_onepagescroll_dot&quot;:&quot;yes&quot;}\">\n\t\t\t\t\t\t<div class=\"elementor-container elementor-column-gap-default\">\n\t\t\t\t\t<div class=\"elementor-column elementor-col-100 elementor-top-column elementor-element elementor-element-472d4f80\" data-id=\"472d4f80\" data-element_type=\"column\">\n\t\t\t<div class=\"elementor-widget-wrap elementor-element-populated\">\n\t\t\t\t\t\t<div class=\"elementor-element elementor-element-aaa97ff elementor-widget elementor-widget-text-editor\" data-id=\"aaa97ff\" data-element_type=\"widget\" data-settings=\"{&quot;ekit_we_effect_on&quot;:&quot;none&quot;}\" data-widget_type=\"text-editor.default\">\n\t\t\t\t\t\t\t\t\t\n<h1 class=\"wp-block-heading\">POL\u00cdTICA DE ENV\u00cdOS<\/h1>\n\n<p>Eres responsable de proporcionar los datos de env\u00edo correctos. No cubriremos los gastos de reenv\u00edo en caso de direcciones incorrectas. Ponte en contacto con el transportista (DHL \/ EMS \/ USPS \/ FedEx) para modificar la direcci\u00f3n de entrega.<\/p>\n\n<p>El cliente es responsable de cualquier derecho aduanero o tarifa de importaci\u00f3n que se genere.<\/p>\n\n<p>Etiquetamos todos nuestros paquetes como <strong>regalos de bajo valor<\/strong> para evitar el cobro de impuestos de importaci\u00f3n.<\/p>\n\n<p>Todos nuestros productos se env\u00edan directamente desde nuestro almac\u00e9n en Shen Zhen.<\/p>\n\n<p>Te enviaremos el n\u00famero de seguimiento por correo electr\u00f3nico y SMS tan pronto como se procese tu pedido.<\/p>\n\n<p>La informaci\u00f3n del albar\u00e1n puede tardar entre uno y tres d\u00edas h\u00e1biles en aparecer en el sitio web de la empresa de mensajer\u00eda.<\/p>\n\n<p>Podr\u00edan producirse retrasos en la tramitaci\u00f3n aduanera en pa\u00edses espec\u00edficos.<\/p>\n\n<h2 class=\"wp-block-heading\">Costos de env\u00edo<\/h2>\n\n<p>El env\u00edo es actualmente gratuito para el mercado mexicano, cubierto por nosotros.<\/p>\n\n<p>Los costos de env\u00edo var\u00edan seg\u00fan el transportista y las zonas de env\u00edo mundiales, y se determinan en el momento del checkout.<\/p>\n\n<h3 class=\"wp-block-heading\">Tiempos de procesamiento y env\u00edo<\/h3>\n\n<ul class=\"wp-block-list\">\n<li>Tiempo de procesamiento: 1 d\u00edas h\u00e1biles<\/li>\n<li>Tiempo de env\u00edo: Entre 7 y 12 d\u00edas h\u00e1biles<\/li>\n<\/ul>\n\n<p>Algunos art\u00edculos pueden tener tiempos de procesamiento m\u00e1s prolongados, seg\u00fan el volumen de pedidos recibidos.<\/p>\n\n<p>El plazo de entrega puede incrementarse durante \u00e9pocas de alta demanda.<\/p>\n\n<h2 class=\"wp-block-heading\">Aviso<\/h2>\n\n<p>La retenci\u00f3n de paquetes es muy poco frecuente; pr\u00e1cticamente no existe en M\u00e9xico, aunque pueden darse casos ocasionales debido a las estrictas regulaciones que rigen la industria relojera y los procedimientos aduaneros en M\u00e9xico. Para evitar fraudes, exigiremos una prueba de la retenci\u00f3n del paquete antes de enviar un reloj de reemplazo.<\/p>\n\n<p>Si el env\u00edo se pierde o es incautado, nosotros cubriremos los gastos de reenv\u00edo.<\/p>\n\t\t\t\t\t\t\t\t<\/div>\n\t\t\t\t\t<\/div>\n\t\t<\/div>\n\t\t\t\t\t<\/div>\n\t\t<\/section>\n\t\t\t\t<\/div>","protected":false},"excerpt":{"rendered":"<p>POL\u00cdTICA DE ENV\u00cdOS POL\u00cdTICA DE ENV\u00cdOS Eres responsable de proporcionar los datos de env\u00edo correctos. No cubriremos los gastos de reenv\u00edo en caso de direcciones incorrectas. Ponte en contacto con el transportista (DHL \/ EMS \/ USPS \/ FedEx) para modificar la direcci\u00f3n de entrega. El cliente es responsable de cualquier derecho aduanero o tarifa [&hellip;]<\/p>\n","protected":false},"author":1,"featured_media":0,"parent":0,"menu_order":0,"comment_status":"closed","ping_status":"closed","template":"","meta":{"iawp_total_views":8,"footnotes":""},"class_list":["post-4028","page","type-page","status-publish","hentry"],"yoast_head":"<!-- This site is optimized with the Yoast SEO plugin v27.3 - https:\/\/yoast.com\/product\/yoast-seo-wordpress\/ -->\n<title>Pol\u00edtica de env\u00edo - Trustywatches<\/title>\n<meta name=\"robots\" content=\"index, follow, max-snippet:-1, max-image-preview:large, max-video-preview:-1\" \/>\n<link rel=\"canonical\" href=\"https:\/\/trustywatches.com\/en\/politica-de-envio\/\" \/>\n<meta property=\"og:locale\" content=\"en_US\" \/>\n<meta property=\"og:type\" content=\"article\" \/>\n<meta property=\"og:title\" content=\"Pol\u00edtica de env\u00edo - Trustywatches\" \/>\n<meta property=\"og:description\" content=\"POL\u00cdTICA DE ENV\u00cdOS POL\u00cdTICA DE ENV\u00cdOS Eres responsable de proporcionar los datos de env\u00edo correctos. No cubriremos los gastos de reenv\u00edo en caso de direcciones incorrectas. Ponte en contacto con el transportista (DHL \/ EMS \/ USPS \/ FedEx) para modificar la direcci\u00f3n de entrega. El cliente es responsable de cualquier derecho aduanero o tarifa [&hellip;]\" \/>\n<meta property=\"og:url\" content=\"https:\/\/trustywatches.com\/en\/politica-de-envio\/\" \/>\n<meta property=\"og:site_name\" content=\"Trustywatches\" \/>\n<meta property=\"article:modified_time\" content=\"2026-02-09T07:06:45+00:00\" \/>\n<meta name=\"twitter:card\" content=\"summary_large_image\" \/>\n<meta name=\"twitter:label1\" content=\"Est. reading time\" \/>\n\t<meta name=\"twitter:data1\" content=\"2 minutes\" \/>\n<script type=\"application\/ld+json\" class=\"yoast-schema-graph\">{\"@context\":\"https:\\\/\\\/schema.org\",\"@graph\":[{\"@type\":\"WebPage\",\"@id\":\"https:\\\/\\\/trustywatches.com\\\/politica-de-envio\\\/\",\"url\":\"https:\\\/\\\/trustywatches.com\\\/politica-de-envio\\\/\",\"name\":\"Pol\u00edtica de env\u00edo - Trustywatches\",\"isPartOf\":{\"@id\":\"https:\\\/\\\/trustywatches.com\\\/#website\"},\"datePublished\":\"2026-01-11T16:26:23+00:00\",\"dateModified\":\"2026-02-09T07:06:45+00:00\",\"breadcrumb\":{\"@id\":\"https:\\\/\\\/trustywatches.com\\\/politica-de-envio\\\/#breadcrumb\"},\"inLanguage\":\"en-US\",\"potentialAction\":[{\"@type\":\"ReadAction\",\"target\":[\"https:\\\/\\\/trustywatches.com\\\/politica-de-envio\\\/\"]}]},{\"@type\":\"BreadcrumbList\",\"@id\":\"https:\\\/\\\/trustywatches.com\\\/politica-de-envio\\\/#breadcrumb\",\"itemListElement\":[{\"@type\":\"ListItem\",\"position\":1,\"name\":\"Home\",\"item\":\"https:\\\/\\\/trustywatches.com\\\/\"},{\"@type\":\"ListItem\",\"position\":2,\"name\":\"Pol\u00edtica de env\u00edo\"}]},{\"@type\":\"WebSite\",\"@id\":\"https:\\\/\\\/trustywatches.com\\\/#website\",\"url\":\"https:\\\/\\\/trustywatches.com\\\/\",\"name\":\"Trustywatches\",\"description\":\"\",\"potentialAction\":[{\"@type\":\"SearchAction\",\"target\":{\"@type\":\"EntryPoint\",\"urlTemplate\":\"https:\\\/\\\/trustywatches.com\\\/?s={search_term_string}\"},\"query-input\":{\"@type\":\"PropertyValueSpecification\",\"valueRequired\":true,\"valueName\":\"search_term_string\"}}],\"inLanguage\":\"en-US\"}]}<\/script>\n<!-- \/ Yoast SEO plugin. -->","yoast_head_json":{"title":"Pol\u00edtica de env\u00edo - Trustywatches","robots":{"index":"index","follow":"follow","max-snippet":"max-snippet:-1","max-image-preview":"max-image-preview:large","max-video-preview":"max-video-preview:-1"},"canonical":"https:\/\/trustywatches.com\/en\/politica-de-envio\/","og_locale":"en_US","og_type":"article","og_title":"Pol\u00edtica de env\u00edo - Trustywatches","og_description":"POL\u00cdTICA DE ENV\u00cdOS POL\u00cdTICA DE ENV\u00cdOS Eres responsable de proporcionar los datos de env\u00edo correctos. No cubriremos los gastos de reenv\u00edo en caso de direcciones incorrectas. Ponte en contacto con el transportista (DHL \/ EMS \/ USPS \/ FedEx) para modificar la direcci\u00f3n de entrega. El cliente es responsable de cualquier derecho aduanero o tarifa [&hellip;]","og_url":"https:\/\/trustywatches.com\/en\/politica-de-envio\/","og_site_name":"Trustywatches","article_modified_time":"2026-02-09T07:06:45+00:00","twitter_card":"summary_large_image","twitter_misc":{"Est. reading time":"2 minutes"},"schema":{"@context":"https:\/\/schema.org","@graph":[{"@type":"WebPage","@id":"https:\/\/trustywatches.com\/politica-de-envio\/","url":"https:\/\/trustywatches.com\/politica-de-envio\/","name":"Pol\u00edtica de env\u00edo - Trustywatches","isPartOf":{"@id":"https:\/\/trustywatches.com\/#website"},"datePublished":"2026-01-11T16:26:23+00:00","dateModified":"2026-02-09T07:06:45+00:00","breadcrumb":{"@id":"https:\/\/trustywatches.com\/politica-de-envio\/#breadcrumb"},"inLanguage":"en-US","potentialAction":[{"@type":"ReadAction","target":["https:\/\/trustywatches.com\/politica-de-envio\/"]}]},{"@type":"BreadcrumbList","@id":"https:\/\/trustywatches.com\/politica-de-envio\/#breadcrumb","itemListElement":[{"@type":"ListItem","position":1,"name":"Home","item":"https:\/\/trustywatches.com\/"},{"@type":"ListItem","position":2,"name":"Pol\u00edtica de env\u00edo"}]},{"@type":"WebSite","@id":"https:\/\/trustywatches.com\/#website","url":"https:\/\/trustywatches.com\/","name":"Trustywatches","description":"","potentialAction":[{"@type":"SearchAction","target":{"@type":"EntryPoint","urlTemplate":"https:\/\/trustywatches.com\/?s={search_term_string}"},"query-input":{"@type":"PropertyValueSpecification","valueRequired":true,"valueName":"search_term_string"}}],"inLanguage":"en-US"}]}},"post_mailing_queue_ids":[],"_links":{"self":[{"href":"https:\/\/trustywatches.com\/en\/wp-json\/wp\/v2\/pages\/4028","targetHints":{"allow":["GET"]}}],"collection":[{"href":"https:\/\/trustywatches.com\/en\/wp-json\/wp\/v2\/pages"}],"about":[{"href":"https:\/\/trustywatches.com\/en\/wp-json\/wp\/v2\/types\/page"}],"author":[{"embeddable":true,"href":"https:\/\/trustywatches.com\/en\/wp-json\/wp\/v2\/users\/1"}],"replies":[{"embeddable":true,"href":"https:\/\/trustywatches.com\/en\/wp-json\/wp\/v2\/comments?post=4028"}],"version-history":[{"count":3,"href":"https:\/\/trustywatches.com\/en\/wp-json\/wp\/v2\/pages\/4028\/revisions"}],"predecessor-version":[{"id":43942,"href":"https:\/\/trustywatches.com\/en\/wp-json\/wp\/v2\/pages\/4028\/revisions\/43942"}],"wp:attachment":[{"href":"https:\/\/trustywatches.com\/en\/wp-json\/wp\/v2\/media?parent=4028"}],"curies":[{"name":"wp","href":"https:\/\/api.w.org\/{rel}","templated":true}]}}