{"id":22180,"date":"2026-01-14T03:55:42","date_gmt":"2026-01-14T09:55:42","guid":{"rendered":"https:\/\/darkgreen-grouse-660966.hostingersite.com\/product\/replica-del-reloj-omega-planet-ocean-correa-de-metal-esfera-negra-vs-fabrica-435-mm\/"},"modified":"2026-03-05T00:45:14","modified_gmt":"2026-03-05T06:45:14","slug":"replica-del-reloj-omega-planet-ocean-correa-de-metal-esfera-negra-vs-fabrica-435-mm","status":"publish","type":"product","link":"https:\/\/trustywatches.com\/en\/product\/replica-del-reloj-omega-planet-ocean-correa-de-metal-esfera-negra-vs-fabrica-435-mm\/","title":{"rendered":"Replica Omega Planet Ocean watch, metal strap, black dial (vs. factory), 43.5 mm"},"content":{"rendered":"<h2><strong style=\"font-size: 23.04px\"> Introducing the Omega replica watch in King Replica<\/strong><\/h2>\n<p><img fetchpriority=\"high\" decoding=\"async\" class=\"aligncenter size-large wp-image-18516\" src=\"https:\/\/kingreplica.com.vn\/wp-content\/uploads\/2024\/08\/Dong-Ho-Omega-Replica-Cao-Cap-Planet-Ocean-Nha-May-VS-Factory-3-1024x769.jpg\" alt=\"??ng H? Omega Replica Cao C?p Planet Ocean Nh?? M??y VS Factory (2)\" width=\"1020\" height=\"766\" \/> <img decoding=\"async\" class=\"aligncenter size-large wp-image-18517\" src=\"https:\/\/kingreplica.com.vn\/wp-content\/uploads\/2024\/08\/Dong-Ho-Omega-Replica-Cao-Cap-Planet-Ocean-Nha-May-VS-Factory-4-1024x769.jpg\" alt=\"??ng H? Omega Replica Cao C?p Planet Ocean Nh?? M??y VS Factory (2)\" width=\"1020\" height=\"766\" \/> <img decoding=\"async\" class=\"aligncenter size-large wp-image-18518\" src=\"https:\/\/kingreplica.com.vn\/wp-content\/uploads\/2024\/08\/Dong-Ho-Omega-Replica-Cao-Cap-Planet-Ocean-Nha-May-VS-Factory-5-1024x769.jpg\" alt=\"??ng Replica Omega Cao Cap Planet Ocean Nh?? May VS Factory (2)\" width=\"1020\" height=\"766\" \/> <img loading=\"lazy\" decoding=\"async\" class=\"aligncenter size-large wp-image-18519\" src=\"https:\/\/kingreplica.com.vn\/wp-content\/uploads\/2024\/08\/Dong-Ho-Omega-Replica-Cao-Cap-Planet-Ocean-Nha-May-VS-Factory-6-1024x769.jpg\" alt=\"Replica of the Omega Cao Cap Planet Ocean Nh?? May VS Factory (2)\" width=\"1020\" height=\"766\" \/> <img loading=\"lazy\" decoding=\"async\" class=\"aligncenter size-large wp-image-18520\" src=\"https:\/\/kingreplica.com.vn\/wp-content\/uploads\/2024\/08\/Dong-Ho-Omega-Replica-Cao-Cap-Planet-Ocean-Nha-May-VS-Factory-7-1024x769.jpg\" alt=\"??ng H? Omega Replica Cao C?p Planet Ocean Nh?? M??y VS Factory (2)\" width=\"1020\" height=\"766\" \/> <img loading=\"lazy\" decoding=\"async\" class=\"aligncenter size-large wp-image-18521\" src=\"https:\/\/kingreplica.com.vn\/wp-content\/uploads\/2024\/08\/Dong-Ho-Omega-Replica-Cao-Cap-Planet-Ocean-Nha-May-VS-Factory-8-1024x769.jpg\" alt=\"??ng Replica Omega Cao Cap Planet Ocean Nh?? May VS Factory (2)\" width=\"1020\" height=\"766\" \/> <img loading=\"lazy\" decoding=\"async\" class=\"aligncenter size-large wp-image-18515\" src=\"https:\/\/kingreplica.com.vn\/wp-content\/uploads\/2024\/08\/Dong-Ho-Omega-Replica-Cao-Cap-Planet-Ocean-Nha-May-VS-Factory-2-1024x769.jpg\" alt=\"Replica of the Omega Cao Cap Planet Ocean Nh?? May VS Factory (2)\" width=\"1020\" height=\"766\" \/> <img loading=\"lazy\" decoding=\"async\" class=\"aligncenter size-large wp-image-18522\" src=\"https:\/\/kingreplica.com.vn\/wp-content\/uploads\/2024\/08\/Dong-Ho-Omega-Replica-Cao-Cap-Planet-Ocean-Nha-May-VS-Factory-1-1024x769.jpg\" alt=\"??ng H? Omega Replica Cao C?p Planet Ocean Nh?? M??y VS Factory (2)\" width=\"1020\" height=\"766\" \/><\/p>","protected":false},"excerpt":{"rendered":"<h2><strong>ESPECIFICACIONES \u2013 GARANT\u00cdA<\/strong><strong>DE LA R\u00c9PLICA DEL RELOJ OMEGA<\/strong><\/h2>\n<table>\n<thead>\n<tr>\n<th><strong>Especificaci\u00f3n<\/strong><\/th>\n<th><strong>Detalles<\/strong><\/th>\n<\/tr>\n<\/thead>\n<tbody>\n<tr>\n<td>Tama\u00f1o<\/td>\n<td>43,5 mm<\/td>\n<\/tr>\n<tr>\n<td>Material<\/td>\n<td>Acero inoxidable<\/td>\n<\/tr>\n<tr>\n<td>Correa<\/td>\n<td>Acero inoxidable<\/td>\n<\/tr>\n<tr>\n<td>Movimiento<\/td>\n<td>Autom\u00e1tico \u2013 Superclon<\/td>\n<\/tr>\n<tr>\n<td>Cristal<\/td>\n<td>S\u00f3lido Zafiro<\/td>\n<\/tr>\n<tr>\n<td>Funciones<\/td>\n<td>Plena funcionalidad<\/td>\n<\/tr>\n<tr>\n<td>Resistencia al agua<\/td>\n<td>Buena<\/td>\n<\/tr>\n<tr>\n<td>Garant\u00eda<\/td>\n<td>5 a\u00f1os para el movimiento<\/td>\n<\/tr>\n<tr>\n<td>Servicios<\/td>\n<td>SPA gratuito: lubricaci\u00f3n de la m\u00e1quina<\/td>\n<\/tr>\n<tr>\n<td>Soporte<\/td>\n<td>Cambio a un mejor precio<\/td>\n<\/tr>\n<tr>\n<td>Soporte<\/td>\n<td>Reparaci\u00f3n: Reemplazo de piezas<\/td>\n<\/tr>\n<\/tbody>\n<\/table>","protected":false},"featured_media":22179,"comment_status":"open","ping_status":"closed","template":"","meta":{"iawp_total_views":0},"product_brand":[],"product_cat":[211,194],"product_tag":[452,451],"class_list":{"0":"post-22180","1":"product","2":"type-product","3":"status-publish","4":"has-post-thumbnail","6":"product_cat-constellation","7":"product_cat-omega","8":"product_tag-replica-de-reloj","9":"product_tag-replica-de-reloj-omega","11":"first","12":"instock","13":"sale","14":"shipping-taxable","15":"purchasable","16":"product-type-simple"},"yoast_head":"<!-- This site is optimized with the Yoast SEO plugin v27.3 - https:\/\/yoast.com\/product\/yoast-seo-wordpress\/ -->\n<title>Replica Omega Planet Ocean watch, metal strap, black dial (vs. factory), 43.5 mm - Trustywatches<\/title>\n<meta name=\"robots\" content=\"index, follow, max-snippet:-1, max-image-preview:large, max-video-preview:-1\" \/>\n<link rel=\"canonical\" href=\"https:\/\/trustywatches.com\/en\/product\/replica-del-reloj-omega-planet-ocean-correa-de-metal-esfera-negra-vs-fabrica-435-mm\/\" \/>\n<meta property=\"og:locale\" content=\"en_US\" \/>\n<meta property=\"og:type\" content=\"article\" \/>\n<meta property=\"og:title\" content=\"Replica Omega Planet Ocean watch, metal strap, black dial (vs. factory), 43.5 mm - Trustywatches\" \/>\n<meta property=\"og:description\" content=\"ESPECIFICACIONES \u2013 GARANT\u00cdADE LA R\u00c9PLICA DEL RELOJ OMEGA  Especificaci\u00f3n Detalles   Tama\u00f1o 43,5 mm  Material Acero inoxidable  Correa Acero inoxidable  Movimiento Autom\u00e1tico \u2013 Superclon  Cristal S\u00f3lido Zafiro  Funciones Plena funcionalidad  Resistencia al agua Buena  Garant\u00eda 5 a\u00f1os para el movimiento  Servicios SPA gratuito: lubricaci\u00f3n de la m\u00e1quina  Soporte Cambio a un mejor precio  Soporte Reparaci\u00f3n: Reemplazo de piezas\" \/>\n<meta property=\"og:url\" content=\"https:\/\/trustywatches.com\/en\/product\/replica-del-reloj-omega-planet-ocean-correa-de-metal-esfera-negra-vs-fabrica-435-mm\/\" \/>\n<meta property=\"og:site_name\" content=\"Trustywatches\" \/>\n<meta property=\"article:modified_time\" content=\"2026-03-05T06:45:14+00:00\" \/>\n<meta property=\"og:image\" content=\"https:\/\/trustywatches.com\/wp-content\/uploads\/2026\/01\/Dong-Ho-Omega-Replica-Cao-Cap-Planet-Ocean-Nha-May-VS-Factory-3.jpg\" \/>\n\t<meta property=\"og:image:width\" content=\"1920\" \/>\n\t<meta property=\"og:image:height\" content=\"1442\" \/>\n\t<meta property=\"og:image:type\" content=\"image\/jpeg\" \/>\n<meta name=\"twitter:card\" content=\"summary_large_image\" \/>\n<script type=\"application\/ld+json\" class=\"yoast-schema-graph\">{\"@context\":\"https:\\\/\\\/schema.org\",\"@graph\":[{\"@type\":\"WebPage\",\"@id\":\"https:\\\/\\\/trustywatches.com\\\/product\\\/replica-del-reloj-omega-planet-ocean-correa-de-metal-esfera-negra-vs-fabrica-435-mm\\\/\",\"url\":\"https:\\\/\\\/trustywatches.com\\\/product\\\/replica-del-reloj-omega-planet-ocean-correa-de-metal-esfera-negra-vs-fabrica-435-mm\\\/\",\"name\":\"Replica Omega Planet Ocean watch, metal strap, black dial (vs. factory), 43.5 mm - Trustywatches\",\"isPartOf\":{\"@id\":\"https:\\\/\\\/trustywatches.com\\\/#website\"},\"primaryImageOfPage\":{\"@id\":\"https:\\\/\\\/trustywatches.com\\\/product\\\/replica-del-reloj-omega-planet-ocean-correa-de-metal-esfera-negra-vs-fabrica-435-mm\\\/#primaryimage\"},\"image\":{\"@id\":\"https:\\\/\\\/trustywatches.com\\\/product\\\/replica-del-reloj-omega-planet-ocean-correa-de-metal-esfera-negra-vs-fabrica-435-mm\\\/#primaryimage\"},\"thumbnailUrl\":\"https:\\\/\\\/trustywatches.com\\\/wp-content\\\/uploads\\\/2026\\\/01\\\/Dong-Ho-Omega-Replica-Cao-Cap-Planet-Ocean-Nha-May-VS-Factory-3.jpg\",\"datePublished\":\"2026-01-14T09:55:42+00:00\",\"dateModified\":\"2026-03-05T06:45:14+00:00\",\"breadcrumb\":{\"@id\":\"https:\\\/\\\/trustywatches.com\\\/product\\\/replica-del-reloj-omega-planet-ocean-correa-de-metal-esfera-negra-vs-fabrica-435-mm\\\/#breadcrumb\"},\"inLanguage\":\"en-US\",\"potentialAction\":[{\"@type\":\"ReadAction\",\"target\":[\"https:\\\/\\\/trustywatches.com\\\/product\\\/replica-del-reloj-omega-planet-ocean-correa-de-metal-esfera-negra-vs-fabrica-435-mm\\\/\"]}]},{\"@type\":\"ImageObject\",\"inLanguage\":\"en-US\",\"@id\":\"https:\\\/\\\/trustywatches.com\\\/product\\\/replica-del-reloj-omega-planet-ocean-correa-de-metal-esfera-negra-vs-fabrica-435-mm\\\/#primaryimage\",\"url\":\"https:\\\/\\\/trustywatches.com\\\/wp-content\\\/uploads\\\/2026\\\/01\\\/Dong-Ho-Omega-Replica-Cao-Cap-Planet-Ocean-Nha-May-VS-Factory-3.jpg\",\"contentUrl\":\"https:\\\/\\\/trustywatches.com\\\/wp-content\\\/uploads\\\/2026\\\/01\\\/Dong-Ho-Omega-Replica-Cao-Cap-Planet-Ocean-Nha-May-VS-Factory-3.jpg\",\"width\":1920,\"height\":1442},{\"@type\":\"BreadcrumbList\",\"@id\":\"https:\\\/\\\/trustywatches.com\\\/product\\\/replica-del-reloj-omega-planet-ocean-correa-de-metal-esfera-negra-vs-fabrica-435-mm\\\/#breadcrumb\",\"itemListElement\":[{\"@type\":\"ListItem\",\"position\":1,\"name\":\"Home\",\"item\":\"https:\\\/\\\/trustywatches.com\\\/\"},{\"@type\":\"ListItem\",\"position\":2,\"name\":\"TIENDA\",\"item\":\"https:\\\/\\\/trustywatches.com\\\/tienda\\\/\"},{\"@type\":\"ListItem\",\"position\":3,\"name\":\"Replica Omega Planet Ocean watch, metal strap, black dial (vs. factory), 43.5 mm\"}]},{\"@type\":\"WebSite\",\"@id\":\"https:\\\/\\\/trustywatches.com\\\/#website\",\"url\":\"https:\\\/\\\/trustywatches.com\\\/\",\"name\":\"Trustywatches\",\"description\":\"\",\"potentialAction\":[{\"@type\":\"SearchAction\",\"target\":{\"@type\":\"EntryPoint\",\"urlTemplate\":\"https:\\\/\\\/trustywatches.com\\\/?s={search_term_string}\"},\"query-input\":{\"@type\":\"PropertyValueSpecification\",\"valueRequired\":true,\"valueName\":\"search_term_string\"}}],\"inLanguage\":\"en-US\"}]}<\/script>\n<!-- \/ Yoast SEO plugin. -->","yoast_head_json":{"title":"Replica Omega Planet Ocean watch, metal strap, black dial (vs. factory), 43.5 mm - Trustywatches","robots":{"index":"index","follow":"follow","max-snippet":"max-snippet:-1","max-image-preview":"max-image-preview:large","max-video-preview":"max-video-preview:-1"},"canonical":"https:\/\/trustywatches.com\/en\/product\/replica-del-reloj-omega-planet-ocean-correa-de-metal-esfera-negra-vs-fabrica-435-mm\/","og_locale":"en_US","og_type":"article","og_title":"Replica Omega Planet Ocean watch, metal strap, black dial (vs. factory), 43.5 mm - Trustywatches","og_description":"ESPECIFICACIONES \u2013 GARANT\u00cdADE LA R\u00c9PLICA DEL RELOJ OMEGA  Especificaci\u00f3n Detalles   Tama\u00f1o 43,5 mm  Material Acero inoxidable  Correa Acero inoxidable  Movimiento Autom\u00e1tico \u2013 Superclon  Cristal S\u00f3lido Zafiro  Funciones Plena funcionalidad  Resistencia al agua Buena  Garant\u00eda 5 a\u00f1os para el movimiento  Servicios SPA gratuito: lubricaci\u00f3n de la m\u00e1quina  Soporte Cambio a un mejor precio  Soporte Reparaci\u00f3n: Reemplazo de piezas","og_url":"https:\/\/trustywatches.com\/en\/product\/replica-del-reloj-omega-planet-ocean-correa-de-metal-esfera-negra-vs-fabrica-435-mm\/","og_site_name":"Trustywatches","article_modified_time":"2026-03-05T06:45:14+00:00","og_image":[{"width":1920,"height":1442,"url":"https:\/\/trustywatches.com\/wp-content\/uploads\/2026\/01\/Dong-Ho-Omega-Replica-Cao-Cap-Planet-Ocean-Nha-May-VS-Factory-3.jpg","type":"image\/jpeg"}],"twitter_card":"summary_large_image","schema":{"@context":"https:\/\/schema.org","@graph":[{"@type":"WebPage","@id":"https:\/\/trustywatches.com\/product\/replica-del-reloj-omega-planet-ocean-correa-de-metal-esfera-negra-vs-fabrica-435-mm\/","url":"https:\/\/trustywatches.com\/product\/replica-del-reloj-omega-planet-ocean-correa-de-metal-esfera-negra-vs-fabrica-435-mm\/","name":"Replica Omega Planet Ocean watch, metal strap, black dial (vs. factory), 43.5 mm - Trustywatches","isPartOf":{"@id":"https:\/\/trustywatches.com\/#website"},"primaryImageOfPage":{"@id":"https:\/\/trustywatches.com\/product\/replica-del-reloj-omega-planet-ocean-correa-de-metal-esfera-negra-vs-fabrica-435-mm\/#primaryimage"},"image":{"@id":"https:\/\/trustywatches.com\/product\/replica-del-reloj-omega-planet-ocean-correa-de-metal-esfera-negra-vs-fabrica-435-mm\/#primaryimage"},"thumbnailUrl":"https:\/\/trustywatches.com\/wp-content\/uploads\/2026\/01\/Dong-Ho-Omega-Replica-Cao-Cap-Planet-Ocean-Nha-May-VS-Factory-3.jpg","datePublished":"2026-01-14T09:55:42+00:00","dateModified":"2026-03-05T06:45:14+00:00","breadcrumb":{"@id":"https:\/\/trustywatches.com\/product\/replica-del-reloj-omega-planet-ocean-correa-de-metal-esfera-negra-vs-fabrica-435-mm\/#breadcrumb"},"inLanguage":"en-US","potentialAction":[{"@type":"ReadAction","target":["https:\/\/trustywatches.com\/product\/replica-del-reloj-omega-planet-ocean-correa-de-metal-esfera-negra-vs-fabrica-435-mm\/"]}]},{"@type":"ImageObject","inLanguage":"en-US","@id":"https:\/\/trustywatches.com\/product\/replica-del-reloj-omega-planet-ocean-correa-de-metal-esfera-negra-vs-fabrica-435-mm\/#primaryimage","url":"https:\/\/trustywatches.com\/wp-content\/uploads\/2026\/01\/Dong-Ho-Omega-Replica-Cao-Cap-Planet-Ocean-Nha-May-VS-Factory-3.jpg","contentUrl":"https:\/\/trustywatches.com\/wp-content\/uploads\/2026\/01\/Dong-Ho-Omega-Replica-Cao-Cap-Planet-Ocean-Nha-May-VS-Factory-3.jpg","width":1920,"height":1442},{"@type":"BreadcrumbList","@id":"https:\/\/trustywatches.com\/product\/replica-del-reloj-omega-planet-ocean-correa-de-metal-esfera-negra-vs-fabrica-435-mm\/#breadcrumb","itemListElement":[{"@type":"ListItem","position":1,"name":"Home","item":"https:\/\/trustywatches.com\/"},{"@type":"ListItem","position":2,"name":"TIENDA","item":"https:\/\/trustywatches.com\/tienda\/"},{"@type":"ListItem","position":3,"name":"Replica Omega Planet Ocean watch, metal strap, black dial (vs. factory), 43.5 mm"}]},{"@type":"WebSite","@id":"https:\/\/trustywatches.com\/#website","url":"https:\/\/trustywatches.com\/","name":"Trustywatches","description":"","potentialAction":[{"@type":"SearchAction","target":{"@type":"EntryPoint","urlTemplate":"https:\/\/trustywatches.com\/?s={search_term_string}"},"query-input":{"@type":"PropertyValueSpecification","valueRequired":true,"valueName":"search_term_string"}}],"inLanguage":"en-US"}]}},"post_mailing_queue_ids":[],"_links":{"self":[{"href":"https:\/\/trustywatches.com\/en\/wp-json\/wp\/v2\/product\/22180","targetHints":{"allow":["GET"]}}],"collection":[{"href":"https:\/\/trustywatches.com\/en\/wp-json\/wp\/v2\/product"}],"about":[{"href":"https:\/\/trustywatches.com\/en\/wp-json\/wp\/v2\/types\/product"}],"replies":[{"embeddable":true,"href":"https:\/\/trustywatches.com\/en\/wp-json\/wp\/v2\/comments?post=22180"}],"wp:featuredmedia":[{"embeddable":true,"href":"https:\/\/trustywatches.com\/en\/wp-json\/wp\/v2\/media\/22179"}],"wp:attachment":[{"href":"https:\/\/trustywatches.com\/en\/wp-json\/wp\/v2\/media?parent=22180"}],"wp:term":[{"taxonomy":"product_brand","embeddable":true,"href":"https:\/\/trustywatches.com\/en\/wp-json\/wp\/v2\/product_brand?post=22180"},{"taxonomy":"product_cat","embeddable":true,"href":"https:\/\/trustywatches.com\/en\/wp-json\/wp\/v2\/product_cat?post=22180"},{"taxonomy":"product_tag","embeddable":true,"href":"https:\/\/trustywatches.com\/en\/wp-json\/wp\/v2\/product_tag?post=22180"}],"curies":[{"name":"wp","href":"https:\/\/api.w.org\/{rel}","templated":true}]}}