{"id":22214,"date":"2026-01-14T04:15:19","date_gmt":"2026-01-14T10:15:19","guid":{"rendered":"https:\/\/darkgreen-grouse-660966.hostingersite.com\/product\/replicas-de-relojes-audemars-piguet-royal-oak-15720st-esfera-verde-ip-factory-42-mm\/"},"modified":"2026-03-05T00:45:14","modified_gmt":"2026-03-05T06:45:14","slug":"replicas-de-relojes-audemars-piguet-royal-oak-15720st-esfera-verde-ip-factory-42-mm","status":"publish","type":"product","link":"https:\/\/trustywatches.com\/en\/product\/replicas-de-relojes-audemars-piguet-royal-oak-15720st-esfera-verde-ip-factory-42-mm\/","title":{"rendered":"Audemars Piguet Royal Oak 15720ST replica watches, green dial, IP Factory, 42 mm"},"content":{"rendered":"<h2><strong>We present the Audemars Piguet Royal Oak 15720ST, replica watch with green IP dial, made of King Replica<\/strong><\/h2>\n<p><img fetchpriority=\"high\" decoding=\"async\" class=\"aligncenter size-large wp-image-17137\" src=\"https:\/\/kingreplica.com.vn\/wp-content\/uploads\/2024\/07\/Dong-Ho-Audemars-Piguet-Royal-Oak-15720ST-Mau-Xanh-La-Fake-11-Nha-May-IP-42mm-6-1024x1024.jpg\" alt=\"??ng H? Audemars Piguet Royal Oak 15720ST M??u Xanh L?? Fake 11 Nh?? M??y IP 42mm (6)\" width=\"1020\" height=\"1020\" \/> <img decoding=\"async\" class=\"aligncenter size-large wp-image-17134\" src=\"https:\/\/kingreplica.com.vn\/wp-content\/uploads\/2024\/07\/Dong-Ho-Audemars-Piguet-Royal-Oak-15720ST-Mau-Xanh-La-Fake-11-Nha-May-IP-42mm-3-1024x1024.jpg\" alt=\"Dong Ho Audemars Piguet Royal Oak 15720ST M??u Xanh L?? Fake 11 Nh?? M??y IP 42mm (6)\" width=\"1020\" height=\"1020\" \/> <img decoding=\"async\" class=\"aligncenter size-large wp-image-17133\" src=\"https:\/\/kingreplica.com.vn\/wp-content\/uploads\/2024\/07\/Dong-Ho-Audemars-Piguet-Royal-Oak-15720ST-Mau-Xanh-La-Fake-11-Nha-May-IP-42mm-2-1024x1024.jpg\" alt=\"Dong Ho Audemars Piguet Royal Oak 15720ST M??u Xanh L?? Fake 11 Nh?? M??y IP 42mm (6)\" width=\"1020\" height=\"1020\" \/> <img loading=\"lazy\" decoding=\"async\" class=\"aligncenter size-large wp-image-17132\" src=\"https:\/\/kingreplica.com.vn\/wp-content\/uploads\/2024\/07\/Dong-Ho-Audemars-Piguet-Royal-Oak-15720ST-Mau-Xanh-La-Fake-11-Nha-May-IP-42mm-1-1024x1024.jpg\" alt=\"Dong Ho Audemars Piguet Royal Oak 15720ST M??u Xanh L?? Fake 11 Nh?? M??y IP 42mm (6)\" width=\"1020\" height=\"1020\" \/> <img decoding=\"async\" class=\"aligncenter size-large wp-image-17135\" src=\"https:\/\/kingreplica.com.vn\/wp-content\/uploads\/2024\/07\/Dong-Ho-Audemars-Piguet-Royal-Oak-15720ST-Mau-Xanh-La-Fake-11-Nha-May-IP-42mm-4-1024x1024.jpg\" alt=\"Dong Ho Audemars Piguet Royal Oak 15720ST M??u Xanh L?? Fake 11 Nh?? M??y IP 42mm (6)\" width=\"1020\" height=\" 1020\" \/> <img loading=\"lazy\" decoding=\"async\" class=\"aligncenter size-large wp-image-17136\" src=\"https:\/\/kingreplica.com.vn\/wp-content\/uploads\/2024\/07\/Dong-Ho-Audemars-Piguet-Royal-Oak-15720ST-Mau-Xanh-La-Fake-11-Nha-May-IP-42mm-5-1024x1024.jpg\" alt=\"Dong Ho Audemars Piguet Royal Oak 15720ST M??u Xanh L?? Fake 11 Nh?? M??y IP 42mm (6)\" width=\"1020\" height=\"1020\" \/><\/p>","protected":false},"excerpt":{"rendered":"<h2><strong>ESPECIFICACIONES \u2013 GARANT\u00cdA<\/strong><strong>DE LAS R\u00c9PLICAS DE RELOJES AUDEMARS PIGUET<\/strong><\/h2>\n<table>\n<thead>\n<tr>\n<th><strong>Especificaci\u00f3n<\/strong><\/th>\n<th><strong>Detalles<\/strong><\/th>\n<\/tr>\n<\/thead>\n<tbody>\n<tr>\n<td><strong>Tama\u00f1o<\/strong><\/td>\n<td><strong>42 mm<\/strong><\/td>\n<\/tr>\n<tr>\n<td><strong>Material<\/strong><\/td>\n<td><strong>Acero inoxidable<\/strong><\/td>\n<\/tr>\n<tr>\n<td><strong>Correa<\/strong><\/td>\n<td><strong>Caucho Correa<\/strong><\/td>\n<\/tr>\n<tr>\n<td><strong>Movimiento<\/strong><\/td>\n<td><strong>Autom\u00e1tico \u2013 Super Clone<\/strong><\/td>\n<\/tr>\n<tr>\n<td><strong>Cristal<\/strong><\/td>\n<td><strong>Zafiro macizo<\/strong><\/td>\n<\/tr>\n<tr>\n<td><strong>Funciones<\/strong><\/td>\n<td><strong>Funcionalidad completa<\/strong><\/td>\n<\/tr>\n<tr>\n<td><strong>Resistencia al agua<\/strong><\/td>\n<td><strong>Buena<\/strong><\/td>\n<\/tr>\n<tr>\n<td><strong>Garant\u00eda<\/strong><\/td>\n<td><strong>5 a\u00f1os en el Movimiento<\/strong><\/td>\n<\/tr>\n<tr>\n<td><strong>Servicios<\/strong><\/td>\n<td><strong>Spa gratuito: lubricaci\u00f3n de la m\u00e1quina<\/strong><\/td>\n<\/tr>\n<tr>\n<td><strong>Soporte<\/strong><\/td>\n<td><strong>Cambio a un precio competitivo<\/strong><\/td>\n<\/tr>\n<tr>\n<td><strong>Soporte<\/strong><\/td>\n<td><strong>Reparaci\u00f3n: reemplazo de piezas<\/strong><\/td>\n<\/tr>\n<\/tbody>\n<\/table>","protected":false},"featured_media":22775,"comment_status":"open","ping_status":"closed","template":"","meta":{"iawp_total_views":2},"product_brand":[],"product_cat":[195,216],"product_tag":[452,459],"class_list":{"0":"post-22214","1":"product","2":"type-product","3":"status-publish","4":"has-post-thumbnail","6":"product_cat-audemars-piguet","7":"product_cat-audemars-piguet-royal-oak","8":"product_tag-replica-de-reloj","9":"product_tag-replica-de-reloj-audemars-piguet","11":"first","12":"instock","13":"sale","14":"shipping-taxable","15":"purchasable","16":"product-type-simple"},"yoast_head":"<!-- This site is optimized with the Yoast SEO plugin v27.3 - https:\/\/yoast.com\/product\/yoast-seo-wordpress\/ -->\n<title>Audemars Piguet Royal Oak 15720ST replica watches, green dial, IP Factory, 42 mm - Trustywatches<\/title>\n<meta name=\"robots\" content=\"index, follow, max-snippet:-1, max-image-preview:large, max-video-preview:-1\" \/>\n<link rel=\"canonical\" href=\"https:\/\/trustywatches.com\/en\/product\/replicas-de-relojes-audemars-piguet-royal-oak-15720st-esfera-verde-ip-factory-42-mm\/\" \/>\n<meta property=\"og:locale\" content=\"en_US\" \/>\n<meta property=\"og:type\" content=\"article\" \/>\n<meta property=\"og:title\" content=\"Audemars Piguet Royal Oak 15720ST replica watches, green dial, IP Factory, 42 mm - Trustywatches\" \/>\n<meta property=\"og:description\" content=\"ESPECIFICACIONES \u2013 GARANT\u00cdADE LAS R\u00c9PLICAS DE RELOJES AUDEMARS PIGUET    Especificaci\u00f3n Detalles     Tama\u00f1o 42 mm   Material Acero inoxidable   Correa Caucho Correa   Movimiento Autom\u00e1tico \u2013 Super Clone   Cristal Zafiro macizo   Funciones Funcionalidad completa   Resistencia al agua Buena   Garant\u00eda 5 a\u00f1os en el Movimiento   Servicios Spa gratuito: lubricaci\u00f3n de la m\u00e1quina   Soporte Cambio a un precio competitivo   Soporte Reparaci\u00f3n: reemplazo de piezas\" \/>\n<meta property=\"og:url\" content=\"https:\/\/trustywatches.com\/en\/product\/replicas-de-relojes-audemars-piguet-royal-oak-15720st-esfera-verde-ip-factory-42-mm\/\" \/>\n<meta property=\"og:site_name\" content=\"Trustywatches\" \/>\n<meta property=\"article:modified_time\" content=\"2026-03-05T06:45:14+00:00\" \/>\n<meta property=\"og:image\" content=\"https:\/\/trustywatches.com\/wp-content\/uploads\/2026\/01\/Dong-Ho-Audemars-Piguet-Royal-Oak-15720ST-Mau-Xanh-La-Fake-11-Nha-May-IP-42mm-6.jpg\" \/>\n\t<meta property=\"og:image:width\" content=\"1920\" \/>\n\t<meta property=\"og:image:height\" content=\"1918\" \/>\n\t<meta property=\"og:image:type\" content=\"image\/jpeg\" \/>\n<meta name=\"twitter:card\" content=\"summary_large_image\" \/>\n<script type=\"application\/ld+json\" class=\"yoast-schema-graph\">{\"@context\":\"https:\\\/\\\/schema.org\",\"@graph\":[{\"@type\":\"WebPage\",\"@id\":\"https:\\\/\\\/trustywatches.com\\\/product\\\/replicas-de-relojes-audemars-piguet-royal-oak-15720st-esfera-verde-ip-factory-42-mm\\\/\",\"url\":\"https:\\\/\\\/trustywatches.com\\\/product\\\/replicas-de-relojes-audemars-piguet-royal-oak-15720st-esfera-verde-ip-factory-42-mm\\\/\",\"name\":\"Audemars Piguet Royal Oak 15720ST replica watches, green dial, IP Factory, 42 mm - Trustywatches\",\"isPartOf\":{\"@id\":\"https:\\\/\\\/trustywatches.com\\\/#website\"},\"primaryImageOfPage\":{\"@id\":\"https:\\\/\\\/trustywatches.com\\\/product\\\/replicas-de-relojes-audemars-piguet-royal-oak-15720st-esfera-verde-ip-factory-42-mm\\\/#primaryimage\"},\"image\":{\"@id\":\"https:\\\/\\\/trustywatches.com\\\/product\\\/replicas-de-relojes-audemars-piguet-royal-oak-15720st-esfera-verde-ip-factory-42-mm\\\/#primaryimage\"},\"thumbnailUrl\":\"https:\\\/\\\/trustywatches.com\\\/wp-content\\\/uploads\\\/2026\\\/01\\\/Dong-Ho-Audemars-Piguet-Royal-Oak-15720ST-Mau-Xanh-La-Fake-11-Nha-May-IP-42mm-6.jpg\",\"datePublished\":\"2026-01-14T10:15:19+00:00\",\"dateModified\":\"2026-03-05T06:45:14+00:00\",\"breadcrumb\":{\"@id\":\"https:\\\/\\\/trustywatches.com\\\/product\\\/replicas-de-relojes-audemars-piguet-royal-oak-15720st-esfera-verde-ip-factory-42-mm\\\/#breadcrumb\"},\"inLanguage\":\"en-US\",\"potentialAction\":[{\"@type\":\"ReadAction\",\"target\":[\"https:\\\/\\\/trustywatches.com\\\/product\\\/replicas-de-relojes-audemars-piguet-royal-oak-15720st-esfera-verde-ip-factory-42-mm\\\/\"]}]},{\"@type\":\"ImageObject\",\"inLanguage\":\"en-US\",\"@id\":\"https:\\\/\\\/trustywatches.com\\\/product\\\/replicas-de-relojes-audemars-piguet-royal-oak-15720st-esfera-verde-ip-factory-42-mm\\\/#primaryimage\",\"url\":\"https:\\\/\\\/trustywatches.com\\\/wp-content\\\/uploads\\\/2026\\\/01\\\/Dong-Ho-Audemars-Piguet-Royal-Oak-15720ST-Mau-Xanh-La-Fake-11-Nha-May-IP-42mm-6.jpg\",\"contentUrl\":\"https:\\\/\\\/trustywatches.com\\\/wp-content\\\/uploads\\\/2026\\\/01\\\/Dong-Ho-Audemars-Piguet-Royal-Oak-15720ST-Mau-Xanh-La-Fake-11-Nha-May-IP-42mm-6.jpg\",\"width\":1920,\"height\":1918},{\"@type\":\"BreadcrumbList\",\"@id\":\"https:\\\/\\\/trustywatches.com\\\/product\\\/replicas-de-relojes-audemars-piguet-royal-oak-15720st-esfera-verde-ip-factory-42-mm\\\/#breadcrumb\",\"itemListElement\":[{\"@type\":\"ListItem\",\"position\":1,\"name\":\"Home\",\"item\":\"https:\\\/\\\/trustywatches.com\\\/\"},{\"@type\":\"ListItem\",\"position\":2,\"name\":\"TIENDA\",\"item\":\"https:\\\/\\\/trustywatches.com\\\/tienda\\\/\"},{\"@type\":\"ListItem\",\"position\":3,\"name\":\"Audemars Piguet Royal Oak 15720ST replica watches, green dial, IP Factory, 42 mm\"}]},{\"@type\":\"WebSite\",\"@id\":\"https:\\\/\\\/trustywatches.com\\\/#website\",\"url\":\"https:\\\/\\\/trustywatches.com\\\/\",\"name\":\"Trustywatches\",\"description\":\"\",\"potentialAction\":[{\"@type\":\"SearchAction\",\"target\":{\"@type\":\"EntryPoint\",\"urlTemplate\":\"https:\\\/\\\/trustywatches.com\\\/?s={search_term_string}\"},\"query-input\":{\"@type\":\"PropertyValueSpecification\",\"valueRequired\":true,\"valueName\":\"search_term_string\"}}],\"inLanguage\":\"en-US\"}]}<\/script>\n<!-- \/ Yoast SEO plugin. -->","yoast_head_json":{"title":"Audemars Piguet Royal Oak 15720ST replica watches, green dial, IP Factory, 42 mm - Trustywatches","robots":{"index":"index","follow":"follow","max-snippet":"max-snippet:-1","max-image-preview":"max-image-preview:large","max-video-preview":"max-video-preview:-1"},"canonical":"https:\/\/trustywatches.com\/en\/product\/replicas-de-relojes-audemars-piguet-royal-oak-15720st-esfera-verde-ip-factory-42-mm\/","og_locale":"en_US","og_type":"article","og_title":"Audemars Piguet Royal Oak 15720ST replica watches, green dial, IP Factory, 42 mm - Trustywatches","og_description":"ESPECIFICACIONES \u2013 GARANT\u00cdADE LAS R\u00c9PLICAS DE RELOJES AUDEMARS PIGUET    Especificaci\u00f3n Detalles     Tama\u00f1o 42 mm   Material Acero inoxidable   Correa Caucho Correa   Movimiento Autom\u00e1tico \u2013 Super Clone   Cristal Zafiro macizo   Funciones Funcionalidad completa   Resistencia al agua Buena   Garant\u00eda 5 a\u00f1os en el Movimiento   Servicios Spa gratuito: lubricaci\u00f3n de la m\u00e1quina   Soporte Cambio a un precio competitivo   Soporte Reparaci\u00f3n: reemplazo de piezas","og_url":"https:\/\/trustywatches.com\/en\/product\/replicas-de-relojes-audemars-piguet-royal-oak-15720st-esfera-verde-ip-factory-42-mm\/","og_site_name":"Trustywatches","article_modified_time":"2026-03-05T06:45:14+00:00","og_image":[{"width":1920,"height":1918,"url":"https:\/\/trustywatches.com\/wp-content\/uploads\/2026\/01\/Dong-Ho-Audemars-Piguet-Royal-Oak-15720ST-Mau-Xanh-La-Fake-11-Nha-May-IP-42mm-6.jpg","type":"image\/jpeg"}],"twitter_card":"summary_large_image","schema":{"@context":"https:\/\/schema.org","@graph":[{"@type":"WebPage","@id":"https:\/\/trustywatches.com\/product\/replicas-de-relojes-audemars-piguet-royal-oak-15720st-esfera-verde-ip-factory-42-mm\/","url":"https:\/\/trustywatches.com\/product\/replicas-de-relojes-audemars-piguet-royal-oak-15720st-esfera-verde-ip-factory-42-mm\/","name":"Audemars Piguet Royal Oak 15720ST replica watches, green dial, IP Factory, 42 mm - Trustywatches","isPartOf":{"@id":"https:\/\/trustywatches.com\/#website"},"primaryImageOfPage":{"@id":"https:\/\/trustywatches.com\/product\/replicas-de-relojes-audemars-piguet-royal-oak-15720st-esfera-verde-ip-factory-42-mm\/#primaryimage"},"image":{"@id":"https:\/\/trustywatches.com\/product\/replicas-de-relojes-audemars-piguet-royal-oak-15720st-esfera-verde-ip-factory-42-mm\/#primaryimage"},"thumbnailUrl":"https:\/\/trustywatches.com\/wp-content\/uploads\/2026\/01\/Dong-Ho-Audemars-Piguet-Royal-Oak-15720ST-Mau-Xanh-La-Fake-11-Nha-May-IP-42mm-6.jpg","datePublished":"2026-01-14T10:15:19+00:00","dateModified":"2026-03-05T06:45:14+00:00","breadcrumb":{"@id":"https:\/\/trustywatches.com\/product\/replicas-de-relojes-audemars-piguet-royal-oak-15720st-esfera-verde-ip-factory-42-mm\/#breadcrumb"},"inLanguage":"en-US","potentialAction":[{"@type":"ReadAction","target":["https:\/\/trustywatches.com\/product\/replicas-de-relojes-audemars-piguet-royal-oak-15720st-esfera-verde-ip-factory-42-mm\/"]}]},{"@type":"ImageObject","inLanguage":"en-US","@id":"https:\/\/trustywatches.com\/product\/replicas-de-relojes-audemars-piguet-royal-oak-15720st-esfera-verde-ip-factory-42-mm\/#primaryimage","url":"https:\/\/trustywatches.com\/wp-content\/uploads\/2026\/01\/Dong-Ho-Audemars-Piguet-Royal-Oak-15720ST-Mau-Xanh-La-Fake-11-Nha-May-IP-42mm-6.jpg","contentUrl":"https:\/\/trustywatches.com\/wp-content\/uploads\/2026\/01\/Dong-Ho-Audemars-Piguet-Royal-Oak-15720ST-Mau-Xanh-La-Fake-11-Nha-May-IP-42mm-6.jpg","width":1920,"height":1918},{"@type":"BreadcrumbList","@id":"https:\/\/trustywatches.com\/product\/replicas-de-relojes-audemars-piguet-royal-oak-15720st-esfera-verde-ip-factory-42-mm\/#breadcrumb","itemListElement":[{"@type":"ListItem","position":1,"name":"Home","item":"https:\/\/trustywatches.com\/"},{"@type":"ListItem","position":2,"name":"TIENDA","item":"https:\/\/trustywatches.com\/tienda\/"},{"@type":"ListItem","position":3,"name":"Audemars Piguet Royal Oak 15720ST replica watches, green dial, IP Factory, 42 mm"}]},{"@type":"WebSite","@id":"https:\/\/trustywatches.com\/#website","url":"https:\/\/trustywatches.com\/","name":"Trustywatches","description":"","potentialAction":[{"@type":"SearchAction","target":{"@type":"EntryPoint","urlTemplate":"https:\/\/trustywatches.com\/?s={search_term_string}"},"query-input":{"@type":"PropertyValueSpecification","valueRequired":true,"valueName":"search_term_string"}}],"inLanguage":"en-US"}]}},"post_mailing_queue_ids":[],"_links":{"self":[{"href":"https:\/\/trustywatches.com\/en\/wp-json\/wp\/v2\/product\/22214","targetHints":{"allow":["GET"]}}],"collection":[{"href":"https:\/\/trustywatches.com\/en\/wp-json\/wp\/v2\/product"}],"about":[{"href":"https:\/\/trustywatches.com\/en\/wp-json\/wp\/v2\/types\/product"}],"replies":[{"embeddable":true,"href":"https:\/\/trustywatches.com\/en\/wp-json\/wp\/v2\/comments?post=22214"}],"wp:featuredmedia":[{"embeddable":true,"href":"https:\/\/trustywatches.com\/en\/wp-json\/wp\/v2\/media\/22775"}],"wp:attachment":[{"href":"https:\/\/trustywatches.com\/en\/wp-json\/wp\/v2\/media?parent=22214"}],"wp:term":[{"taxonomy":"product_brand","embeddable":true,"href":"https:\/\/trustywatches.com\/en\/wp-json\/wp\/v2\/product_brand?post=22214"},{"taxonomy":"product_cat","embeddable":true,"href":"https:\/\/trustywatches.com\/en\/wp-json\/wp\/v2\/product_cat?post=22214"},{"taxonomy":"product_tag","embeddable":true,"href":"https:\/\/trustywatches.com\/en\/wp-json\/wp\/v2\/product_tag?post=22214"}],"curies":[{"name":"wp","href":"https:\/\/api.w.org\/{rel}","templated":true}]}}