{"id":22222,"date":"2026-01-14T04:15:20","date_gmt":"2026-01-14T10:15:20","guid":{"rendered":"https:\/\/darkgreen-grouse-660966.hostingersite.com\/product\/replica-de-relojes-omega-seamaster-con-esfera-azul-vs-fabrica-42-mm\/"},"modified":"2026-03-05T00:45:14","modified_gmt":"2026-03-05T06:45:14","slug":"replica-de-relojes-omega-seamaster-con-esfera-azul-vs-fabrica-42-mm","status":"publish","type":"product","link":"https:\/\/trustywatches.com\/en\/product\/replica-de-relojes-omega-seamaster-con-esfera-azul-vs-fabrica-42-mm\/","title":{"rendered":"Replica Omega Seamaster watches with blue dial (vs. factory, 42 mm)"},"content":{"rendered":"<h2><strong>We present the replica Omega Seamaster watches with blue dial VS Factory in King Replica<\/strong><\/h2>\n<div class=\"related related-products-wrapper product-section\"><img fetchpriority=\"high\" decoding=\"async\" class=\"aligncenter size-large wp-image-14081\" src=\"https:\/\/kingreplica.com.vn\/wp-content\/uploads\/2023\/08\/Dong-Ho-Omega-Seamaster-Replica-11-Mat-Xanh-Duong-VSF-1-1024x1024.jpg\" alt=\"Dong Ho Omega Seamaster Replica 11 M?t Replica of the Omega Seamaster ??ng H? 1:1 M?t Xanh D??ng VSF (3)\" width=\"1020\" height=\"1020\" \/> <img decoding=\"async\" class=\"aligncenter size-large wp-image-14083\" src=\"https:\/\/kingreplica.com.vn\/wp-content\/uploads\/2023\/08\/Dong-Ho-Omega-Seamaster-Replica-11-Mat-Xanh-Duong-VSF-3-1024x1024.jpg\" alt=\"??ng Replica of the Omega Seamaster 1:1 with VSF dial (3)\" width=\"1020\" height=\"1020\" \/> <img decoding=\"async\" class=\"aligncenter size-large wp-image-14077\" src=\"https:\/\/kingreplica.com.vn\/wp-content\/uploads\/2024\/03\/Replica-Omega-Watch-1024x1024.jpg\" alt=\"\" width=\"1020\" height=\"1020\" \/> <img loading=\"lazy\" decoding=\"async\" class=\"aligncenter size-large wp-image-14074\" src=\"https:\/\/kingreplica.com.vn\/wp-content\/uploads\/2024\/03\/Fake-Omega-Watches-1024x1024.jpg\" alt=\"\" width=\"1020\" height=\"1020\" \/> <img loading=\"lazy\" decoding=\"async\" class=\"aligncenter size-large wp-image-14073\" src=\"https:\/\/kingreplica.com.vn\/wp-content\/uploads\/2024\/03\/Reloj Omega False-1024x1024.jpg\" alt=\"\" width=\"1020\" height=\"1020\" \/> <img loading=\"lazy\" decoding=\"async\" class=\"aligncenter size-large wp-image-14079\" src=\"https:\/\/kingreplica.com.vn\/wp-content\/uploads\/2024\/03\/Replica-Omega-Watches-1024x1024.jpg\" alt=\"\" width=\"1020\" height=\"1020\" \/> <img loading=\"lazy\" decoding=\"async\" class=\"aligncenter size-large wp-image-14075\" src=\"https:\/\/kingreplica.com.vn\/wp-content\/uploads\/2024\/03\/Omega-Fake-Watch-1024x1024.jpg\" alt=\"Fake Omega Watch\" width=\"1020\" height=\"1020\" \/><\/div>","protected":false},"excerpt":{"rendered":"<h2><strong>ESPECIFICACIONES \u2013 GARANT\u00cdA<\/strong><strong>DE LOS RELOJES R\u00c9PLICA OMEGA<\/strong><\/h2>\n<table class=\"shop_attributes\" width=\"480\">\n<tbody>\n<tr>\n<th><strong>Especificaci\u00f3n<\/strong><\/th>\n<td><strong>Detalles<\/strong><\/td>\n<\/tr>\n<tr>\n<th><strong>Tama\u00f1o<\/strong><\/th>\n<td><strong>42 mm<\/strong><\/td>\n<\/tr>\n<tr>\n<th>Material<\/th>\n<td><strong>Acero inoxidable<\/strong><\/td>\n<\/tr>\n<tr>\n<th><strong>Correa<\/strong><\/th>\n<td><strong>Correa de cuero + alambre met\u00e1lico<\/strong><\/td>\n<\/tr>\n<tr>\n<th><strong>Movimiento<\/strong><\/th>\n<td><strong>Autom\u00e1tico \u2013 Calibre 8800<\/strong><\/td>\n<\/tr>\n<tr>\n<th><strong>Cristal<\/strong><\/th>\n<td><strong>Zafiro macizo<\/strong><\/td>\n<\/tr>\n<tr>\n<th><strong>Funciones<\/strong><\/th>\n<td><strong>Funcionalidad<\/strong><\/td>\n<\/tr>\n<tr>\n<th>Resistencia al agua<\/th>\n<td><strong><span class=\"text_exposed_show\">Buena<\/span><\/strong><\/td>\n<\/tr>\n<tr>\n<th>Garant\u00eda<\/th>\n<td><strong>5 a\u00f1os en el movimiento<\/strong><\/td>\n<\/tr>\n<tr>\n<th><strong>Servicios<\/strong><\/th>\n<td><strong>Spa gratuito &#8211; M\u00e1quina Lubricaci\u00f3n<br \/>\n<\/strong><\/td>\n<\/tr>\n<tr>\n<th><strong>Soporte<\/strong><\/th>\n<td><strong>Cambio a mejor precio<\/strong><\/td>\n<\/tr>\n<\/tbody>\n<\/table>","protected":false},"featured_media":22835,"comment_status":"open","ping_status":"closed","template":"","meta":{"iawp_total_views":3},"product_brand":[],"product_cat":[194,213],"product_tag":[452,451],"class_list":{"0":"post-22222","1":"product","2":"type-product","3":"status-publish","4":"has-post-thumbnail","6":"product_cat-omega","7":"product_cat-seamaster","8":"product_tag-replica-de-reloj","9":"product_tag-replica-de-reloj-omega","11":"first","12":"instock","13":"sale","14":"shipping-taxable","15":"purchasable","16":"product-type-simple"},"yoast_head":"<!-- This site is optimized with the Yoast SEO plugin v27.3 - https:\/\/yoast.com\/product\/yoast-seo-wordpress\/ -->\n<title>Replica Omega Seamaster watches with blue dial (vs. factory, 42 mm) - Trustywatches<\/title>\n<meta name=\"robots\" content=\"index, follow, max-snippet:-1, max-image-preview:large, max-video-preview:-1\" \/>\n<link rel=\"canonical\" href=\"https:\/\/trustywatches.com\/en\/product\/replica-de-relojes-omega-seamaster-con-esfera-azul-vs-fabrica-42-mm\/\" \/>\n<meta property=\"og:locale\" content=\"en_US\" \/>\n<meta property=\"og:type\" content=\"article\" \/>\n<meta property=\"og:title\" content=\"Replica Omega Seamaster watches with blue dial (vs. factory, 42 mm) - Trustywatches\" \/>\n<meta property=\"og:description\" content=\"ESPECIFICACIONES \u2013 GARANT\u00cdADE LOS RELOJES R\u00c9PLICA OMEGA  Especificaci\u00f3n Detalles  Tama\u00f1o 42 mm  Material Acero inoxidable  Correa Correa de cuero + alambre met\u00e1lico  Movimiento Autom\u00e1tico \u2013 Calibre 8800  Cristal Zafiro macizo  Funciones Funcionalidad  Resistencia al agua Buena  Garant\u00eda 5 a\u00f1os en el movimiento  Servicios Spa gratuito - M\u00e1quina Lubricaci\u00f3n  Soporte Cambio a mejor precio\" \/>\n<meta property=\"og:url\" content=\"https:\/\/trustywatches.com\/en\/product\/replica-de-relojes-omega-seamaster-con-esfera-azul-vs-fabrica-42-mm\/\" \/>\n<meta property=\"og:site_name\" content=\"Trustywatches\" \/>\n<meta property=\"article:modified_time\" content=\"2026-03-05T06:45:14+00:00\" \/>\n<meta property=\"og:image\" content=\"https:\/\/trustywatches.com\/wp-content\/uploads\/2026\/01\/Dong-Ho-Omega-Seamaster-Replica-11-Mat-Xanh-Duong-VSF-1.jpg\" \/>\n\t<meta property=\"og:image:width\" content=\"1920\" \/>\n\t<meta property=\"og:image:height\" content=\"1920\" \/>\n\t<meta property=\"og:image:type\" content=\"image\/jpeg\" \/>\n<meta name=\"twitter:card\" content=\"summary_large_image\" \/>\n<script type=\"application\/ld+json\" class=\"yoast-schema-graph\">{\"@context\":\"https:\\\/\\\/schema.org\",\"@graph\":[{\"@type\":\"WebPage\",\"@id\":\"https:\\\/\\\/trustywatches.com\\\/en\\\/product\\\/replica-de-relojes-omega-seamaster-con-esfera-azul-vs-fabrica-42-mm\\\/\",\"url\":\"https:\\\/\\\/trustywatches.com\\\/en\\\/product\\\/replica-de-relojes-omega-seamaster-con-esfera-azul-vs-fabrica-42-mm\\\/\",\"name\":\"Replica Omega Seamaster watches with blue dial (vs. factory, 42 mm) - Trustywatches\",\"isPartOf\":{\"@id\":\"https:\\\/\\\/trustywatches.com\\\/#website\"},\"primaryImageOfPage\":{\"@id\":\"https:\\\/\\\/trustywatches.com\\\/en\\\/product\\\/replica-de-relojes-omega-seamaster-con-esfera-azul-vs-fabrica-42-mm\\\/#primaryimage\"},\"image\":{\"@id\":\"https:\\\/\\\/trustywatches.com\\\/en\\\/product\\\/replica-de-relojes-omega-seamaster-con-esfera-azul-vs-fabrica-42-mm\\\/#primaryimage\"},\"thumbnailUrl\":\"https:\\\/\\\/trustywatches.com\\\/wp-content\\\/uploads\\\/2026\\\/01\\\/Dong-Ho-Omega-Seamaster-Replica-11-Mat-Xanh-Duong-VSF-1.jpg\",\"datePublished\":\"2026-01-14T10:15:20+00:00\",\"dateModified\":\"2026-03-05T06:45:14+00:00\",\"breadcrumb\":{\"@id\":\"https:\\\/\\\/trustywatches.com\\\/en\\\/product\\\/replica-de-relojes-omega-seamaster-con-esfera-azul-vs-fabrica-42-mm\\\/#breadcrumb\"},\"inLanguage\":\"en-US\",\"potentialAction\":[{\"@type\":\"ReadAction\",\"target\":[\"https:\\\/\\\/trustywatches.com\\\/en\\\/product\\\/replica-de-relojes-omega-seamaster-con-esfera-azul-vs-fabrica-42-mm\\\/\"]}]},{\"@type\":\"ImageObject\",\"inLanguage\":\"en-US\",\"@id\":\"https:\\\/\\\/trustywatches.com\\\/en\\\/product\\\/replica-de-relojes-omega-seamaster-con-esfera-azul-vs-fabrica-42-mm\\\/#primaryimage\",\"url\":\"https:\\\/\\\/trustywatches.com\\\/wp-content\\\/uploads\\\/2026\\\/01\\\/Dong-Ho-Omega-Seamaster-Replica-11-Mat-Xanh-Duong-VSF-1.jpg\",\"contentUrl\":\"https:\\\/\\\/trustywatches.com\\\/wp-content\\\/uploads\\\/2026\\\/01\\\/Dong-Ho-Omega-Seamaster-Replica-11-Mat-Xanh-Duong-VSF-1.jpg\",\"width\":1920,\"height\":1920},{\"@type\":\"BreadcrumbList\",\"@id\":\"https:\\\/\\\/trustywatches.com\\\/en\\\/product\\\/replica-de-relojes-omega-seamaster-con-esfera-azul-vs-fabrica-42-mm\\\/#breadcrumb\",\"itemListElement\":[{\"@type\":\"ListItem\",\"position\":1,\"name\":\"Home\",\"item\":\"https:\\\/\\\/trustywatches.com\\\/\"},{\"@type\":\"ListItem\",\"position\":2,\"name\":\"TIENDA\",\"item\":\"https:\\\/\\\/trustywatches.com\\\/tienda\\\/\"},{\"@type\":\"ListItem\",\"position\":3,\"name\":\"Replica Omega Seamaster watches with blue dial (vs. factory, 42 mm)\"}]},{\"@type\":\"WebSite\",\"@id\":\"https:\\\/\\\/trustywatches.com\\\/#website\",\"url\":\"https:\\\/\\\/trustywatches.com\\\/\",\"name\":\"Trustywatches\",\"description\":\"\",\"potentialAction\":[{\"@type\":\"SearchAction\",\"target\":{\"@type\":\"EntryPoint\",\"urlTemplate\":\"https:\\\/\\\/trustywatches.com\\\/?s={search_term_string}\"},\"query-input\":{\"@type\":\"PropertyValueSpecification\",\"valueRequired\":true,\"valueName\":\"search_term_string\"}}],\"inLanguage\":\"en-US\"}]}<\/script>\n<!-- \/ Yoast SEO plugin. -->","yoast_head_json":{"title":"Replica Omega Seamaster watches with blue dial (vs. factory, 42 mm) - Trustywatches","robots":{"index":"index","follow":"follow","max-snippet":"max-snippet:-1","max-image-preview":"max-image-preview:large","max-video-preview":"max-video-preview:-1"},"canonical":"https:\/\/trustywatches.com\/en\/product\/replica-de-relojes-omega-seamaster-con-esfera-azul-vs-fabrica-42-mm\/","og_locale":"en_US","og_type":"article","og_title":"Replica Omega Seamaster watches with blue dial (vs. factory, 42 mm) - Trustywatches","og_description":"ESPECIFICACIONES \u2013 GARANT\u00cdADE LOS RELOJES R\u00c9PLICA OMEGA  Especificaci\u00f3n Detalles  Tama\u00f1o 42 mm  Material Acero inoxidable  Correa Correa de cuero + alambre met\u00e1lico  Movimiento Autom\u00e1tico \u2013 Calibre 8800  Cristal Zafiro macizo  Funciones Funcionalidad  Resistencia al agua Buena  Garant\u00eda 5 a\u00f1os en el movimiento  Servicios Spa gratuito - M\u00e1quina Lubricaci\u00f3n  Soporte Cambio a mejor precio","og_url":"https:\/\/trustywatches.com\/en\/product\/replica-de-relojes-omega-seamaster-con-esfera-azul-vs-fabrica-42-mm\/","og_site_name":"Trustywatches","article_modified_time":"2026-03-05T06:45:14+00:00","og_image":[{"width":1920,"height":1920,"url":"https:\/\/trustywatches.com\/wp-content\/uploads\/2026\/01\/Dong-Ho-Omega-Seamaster-Replica-11-Mat-Xanh-Duong-VSF-1.jpg","type":"image\/jpeg"}],"twitter_card":"summary_large_image","schema":{"@context":"https:\/\/schema.org","@graph":[{"@type":"WebPage","@id":"https:\/\/trustywatches.com\/en\/product\/replica-de-relojes-omega-seamaster-con-esfera-azul-vs-fabrica-42-mm\/","url":"https:\/\/trustywatches.com\/en\/product\/replica-de-relojes-omega-seamaster-con-esfera-azul-vs-fabrica-42-mm\/","name":"Replica Omega Seamaster watches with blue dial (vs. factory, 42 mm) - Trustywatches","isPartOf":{"@id":"https:\/\/trustywatches.com\/#website"},"primaryImageOfPage":{"@id":"https:\/\/trustywatches.com\/en\/product\/replica-de-relojes-omega-seamaster-con-esfera-azul-vs-fabrica-42-mm\/#primaryimage"},"image":{"@id":"https:\/\/trustywatches.com\/en\/product\/replica-de-relojes-omega-seamaster-con-esfera-azul-vs-fabrica-42-mm\/#primaryimage"},"thumbnailUrl":"https:\/\/trustywatches.com\/wp-content\/uploads\/2026\/01\/Dong-Ho-Omega-Seamaster-Replica-11-Mat-Xanh-Duong-VSF-1.jpg","datePublished":"2026-01-14T10:15:20+00:00","dateModified":"2026-03-05T06:45:14+00:00","breadcrumb":{"@id":"https:\/\/trustywatches.com\/en\/product\/replica-de-relojes-omega-seamaster-con-esfera-azul-vs-fabrica-42-mm\/#breadcrumb"},"inLanguage":"en-US","potentialAction":[{"@type":"ReadAction","target":["https:\/\/trustywatches.com\/en\/product\/replica-de-relojes-omega-seamaster-con-esfera-azul-vs-fabrica-42-mm\/"]}]},{"@type":"ImageObject","inLanguage":"en-US","@id":"https:\/\/trustywatches.com\/en\/product\/replica-de-relojes-omega-seamaster-con-esfera-azul-vs-fabrica-42-mm\/#primaryimage","url":"https:\/\/trustywatches.com\/wp-content\/uploads\/2026\/01\/Dong-Ho-Omega-Seamaster-Replica-11-Mat-Xanh-Duong-VSF-1.jpg","contentUrl":"https:\/\/trustywatches.com\/wp-content\/uploads\/2026\/01\/Dong-Ho-Omega-Seamaster-Replica-11-Mat-Xanh-Duong-VSF-1.jpg","width":1920,"height":1920},{"@type":"BreadcrumbList","@id":"https:\/\/trustywatches.com\/en\/product\/replica-de-relojes-omega-seamaster-con-esfera-azul-vs-fabrica-42-mm\/#breadcrumb","itemListElement":[{"@type":"ListItem","position":1,"name":"Home","item":"https:\/\/trustywatches.com\/"},{"@type":"ListItem","position":2,"name":"TIENDA","item":"https:\/\/trustywatches.com\/tienda\/"},{"@type":"ListItem","position":3,"name":"Replica Omega Seamaster watches with blue dial (vs. factory, 42 mm)"}]},{"@type":"WebSite","@id":"https:\/\/trustywatches.com\/#website","url":"https:\/\/trustywatches.com\/","name":"Trustywatches","description":"","potentialAction":[{"@type":"SearchAction","target":{"@type":"EntryPoint","urlTemplate":"https:\/\/trustywatches.com\/?s={search_term_string}"},"query-input":{"@type":"PropertyValueSpecification","valueRequired":true,"valueName":"search_term_string"}}],"inLanguage":"en-US"}]}},"post_mailing_queue_ids":[],"_links":{"self":[{"href":"https:\/\/trustywatches.com\/en\/wp-json\/wp\/v2\/product\/22222","targetHints":{"allow":["GET"]}}],"collection":[{"href":"https:\/\/trustywatches.com\/en\/wp-json\/wp\/v2\/product"}],"about":[{"href":"https:\/\/trustywatches.com\/en\/wp-json\/wp\/v2\/types\/product"}],"replies":[{"embeddable":true,"href":"https:\/\/trustywatches.com\/en\/wp-json\/wp\/v2\/comments?post=22222"}],"wp:featuredmedia":[{"embeddable":true,"href":"https:\/\/trustywatches.com\/en\/wp-json\/wp\/v2\/media\/22835"}],"wp:attachment":[{"href":"https:\/\/trustywatches.com\/en\/wp-json\/wp\/v2\/media?parent=22222"}],"wp:term":[{"taxonomy":"product_brand","embeddable":true,"href":"https:\/\/trustywatches.com\/en\/wp-json\/wp\/v2\/product_brand?post=22222"},{"taxonomy":"product_cat","embeddable":true,"href":"https:\/\/trustywatches.com\/en\/wp-json\/wp\/v2\/product_cat?post=22222"},{"taxonomy":"product_tag","embeddable":true,"href":"https:\/\/trustywatches.com\/en\/wp-json\/wp\/v2\/product_tag?post=22222"}],"curies":[{"name":"wp","href":"https:\/\/api.w.org\/{rel}","templated":true}]}}