{"id":22291,"date":"2026-01-14T04:15:26","date_gmt":"2026-01-14T10:15:26","guid":{"rendered":"https:\/\/darkgreen-grouse-660966.hostingersite.com\/product\/replicas-de-relojes-omega-seamaster-esfera-blanca-vs-caja-de-fabrica-de-40-mm\/"},"modified":"2026-03-05T00:45:19","modified_gmt":"2026-03-05T06:45:19","slug":"replicas-de-relojes-omega-seamaster-esfera-blanca-vs-caja-de-fabrica-de-40-mm","status":"publish","type":"product","link":"https:\/\/trustywatches.com\/en\/product\/replicas-de-relojes-omega-seamaster-esfera-blanca-vs-caja-de-fabrica-de-40-mm\/","title":{"rendered":"Omega Seamaster replica watches: white dial vs. 40mm factory case"},"content":{"rendered":"<h2><strong>Omega Seamaster replica watches<\/strong><\/h2>\n<div style=\"width: 720px\" class=\"wp-video\"><!--[if lt IE 9]>document.createElement('video');<![endif]--><br \/>\n<video class=\"wp-video-shortcode\" id=\"video-0-1\" width=\"720\" height=\"1280\" preload=\"metadata\" controls=\"controls\"><a href=\"https:\/\/kingreplica.com.vn\/wp-content\/uploads\/2024\/09\/Dong-Ho-Omega-Seamaster-Replica-Cap-Mat-Trang-Nha-May-VS-40mm-1.mp4\" target=\"_blank\" rel=\"noopener\">https:\/\/kingreplica.com.vn\/wp-content\/uploads\/2024\/09\/Dong-Ho-Omega-Seamaster-Replica-Cap-Mat-Trang-Nha-May-VS-40mm-1.mp4<\/a><\/video><\/div>\n<p><img fetchpriority=\"high\" decoding=\"async\" class=\"aligncenter size-large wp-image-21111\" src=\"https:\/\/kingreplica.com.vn\/wp-content\/uploads\/2024\/09\/Dong-Ho-Omega-Seamaster-Replica-Cap-Mat-Trang-Nha-May-VS-40mm-1-1024x1024.jpg\" alt=\"Omega Seamaster Replica Nh?? M??y VS 40mm cap replica (3)\" width=\"1020\" height=\"1020\" \/><\/p>\n","protected":false},"excerpt":{"rendered":"<h2><strong>ESPECIFICACIONES \u2013 GARANT\u00cdA<\/strong><strong>DE LA R\u00c9PLICA DEL RELOJ OMEGA<\/strong><\/h2>\n<table>\n<thead>\n<tr>\n<th><strong>Especificaci\u00f3n<\/strong><\/th>\n<th><strong>Detalles<\/strong><\/th>\n<\/tr>\n<\/thead>\n<tbody>\n<tr>\n<td>Tama\u00f1o<\/td>\n<td>40 mm<\/td>\n<\/tr>\n<tr>\n<td>Material<\/td>\n<td>Acero inoxidable<\/td>\n<\/tr>\n<tr>\n<td>Correa<\/td>\n<td>Acero inoxidable<\/td>\n<\/tr>\n<tr>\n<td>Movimiento<\/td>\n<td>Autom\u00e1tico \u2013 Superclon<\/td>\n<\/tr>\n<tr>\n<td>Cristal<\/td>\n<td>S\u00f3lido Zafiro<\/td>\n<\/tr>\n<tr>\n<td>Funciones<\/td>\n<td>Plena funcionalidad<\/td>\n<\/tr>\n<tr>\n<td>Resistencia al agua<\/td>\n<td>Buena<\/td>\n<\/tr>\n<tr>\n<td>Garant\u00eda<\/td>\n<td>5 a\u00f1os para el movimiento<\/td>\n<\/tr>\n<tr>\n<td>Servicios<\/td>\n<td>SPA gratuito: lubricaci\u00f3n de la m\u00e1quina<\/td>\n<\/tr>\n<tr>\n<td>Soporte<\/td>\n<td>Cambio a un mejor precio<\/td>\n<\/tr>\n<tr>\n<td>Soporte<\/td>\n<td>Reparaci\u00f3n: Reemplazo de piezas<\/td>\n<\/tr>\n<\/tbody>\n<\/table>","protected":false},"featured_media":23366,"comment_status":"open","ping_status":"closed","template":"","meta":{"iawp_total_views":1},"product_brand":[],"product_cat":[194,213],"product_tag":[453],"class_list":{"0":"post-22291","1":"product","2":"type-product","3":"status-publish","4":"has-post-thumbnail","6":"product_cat-omega","7":"product_cat-seamaster","8":"product_tag-replica-del-reloj-omega","10":"first","11":"instock","12":"sale","13":"shipping-taxable","14":"purchasable","15":"product-type-simple"},"yoast_head":"<!-- This site is optimized with the Yoast SEO plugin v27.3 - https:\/\/yoast.com\/product\/yoast-seo-wordpress\/ -->\n<title>Omega Seamaster replica watches: white dial vs. 40mm factory case - Trustywatches<\/title>\n<meta name=\"robots\" content=\"index, follow, max-snippet:-1, max-image-preview:large, max-video-preview:-1\" \/>\n<link rel=\"canonical\" href=\"https:\/\/trustywatches.com\/en\/product\/replicas-de-relojes-omega-seamaster-esfera-blanca-vs-caja-de-fabrica-de-40-mm\/\" \/>\n<meta property=\"og:locale\" content=\"en_US\" \/>\n<meta property=\"og:type\" content=\"article\" \/>\n<meta property=\"og:title\" content=\"Omega Seamaster replica watches: white dial vs. 40mm factory case - Trustywatches\" \/>\n<meta property=\"og:description\" content=\"ESPECIFICACIONES \u2013 GARANT\u00cdADE LA R\u00c9PLICA DEL RELOJ OMEGA  Especificaci\u00f3n Detalles   Tama\u00f1o 40 mm  Material Acero inoxidable  Correa Acero inoxidable  Movimiento Autom\u00e1tico \u2013 Superclon  Cristal S\u00f3lido Zafiro  Funciones Plena funcionalidad  Resistencia al agua Buena  Garant\u00eda 5 a\u00f1os para el movimiento  Servicios SPA gratuito: lubricaci\u00f3n de la m\u00e1quina  Soporte Cambio a un mejor precio  Soporte Reparaci\u00f3n: Reemplazo de piezas\" \/>\n<meta property=\"og:url\" content=\"https:\/\/trustywatches.com\/en\/product\/replicas-de-relojes-omega-seamaster-esfera-blanca-vs-caja-de-fabrica-de-40-mm\/\" \/>\n<meta property=\"og:site_name\" content=\"Trustywatches\" \/>\n<meta property=\"article:modified_time\" content=\"2026-03-05T06:45:19+00:00\" \/>\n<meta property=\"og:image\" content=\"https:\/\/trustywatches.com\/wp-content\/uploads\/2026\/01\/Dong-Ho-Omega-Seamaster-Replica-Cap-Mat-Trang-Nha-May-VS-40mm-2.jpg\" \/>\n\t<meta property=\"og:image:width\" content=\"1920\" \/>\n\t<meta property=\"og:image:height\" content=\"1920\" \/>\n\t<meta property=\"og:image:type\" content=\"image\/jpeg\" \/>\n<meta name=\"twitter:card\" content=\"summary_large_image\" \/>\n<script type=\"application\/ld+json\" class=\"yoast-schema-graph\">{\"@context\":\"https:\\\/\\\/schema.org\",\"@graph\":[{\"@type\":\"WebPage\",\"@id\":\"https:\\\/\\\/trustywatches.com\\\/product\\\/replicas-de-relojes-omega-seamaster-esfera-blanca-vs-caja-de-fabrica-de-40-mm\\\/\",\"url\":\"https:\\\/\\\/trustywatches.com\\\/product\\\/replicas-de-relojes-omega-seamaster-esfera-blanca-vs-caja-de-fabrica-de-40-mm\\\/\",\"name\":\"Omega Seamaster replica watches: white dial vs. 40mm factory case - Trustywatches\",\"isPartOf\":{\"@id\":\"https:\\\/\\\/trustywatches.com\\\/#website\"},\"primaryImageOfPage\":{\"@id\":\"https:\\\/\\\/trustywatches.com\\\/product\\\/replicas-de-relojes-omega-seamaster-esfera-blanca-vs-caja-de-fabrica-de-40-mm\\\/#primaryimage\"},\"image\":{\"@id\":\"https:\\\/\\\/trustywatches.com\\\/product\\\/replicas-de-relojes-omega-seamaster-esfera-blanca-vs-caja-de-fabrica-de-40-mm\\\/#primaryimage\"},\"thumbnailUrl\":\"https:\\\/\\\/trustywatches.com\\\/wp-content\\\/uploads\\\/2026\\\/01\\\/Dong-Ho-Omega-Seamaster-Replica-Cap-Mat-Trang-Nha-May-VS-40mm-2.jpg\",\"datePublished\":\"2026-01-14T10:15:26+00:00\",\"dateModified\":\"2026-03-05T06:45:19+00:00\",\"breadcrumb\":{\"@id\":\"https:\\\/\\\/trustywatches.com\\\/product\\\/replicas-de-relojes-omega-seamaster-esfera-blanca-vs-caja-de-fabrica-de-40-mm\\\/#breadcrumb\"},\"inLanguage\":\"en-US\",\"potentialAction\":[{\"@type\":\"ReadAction\",\"target\":[\"https:\\\/\\\/trustywatches.com\\\/product\\\/replicas-de-relojes-omega-seamaster-esfera-blanca-vs-caja-de-fabrica-de-40-mm\\\/\"]}]},{\"@type\":\"ImageObject\",\"inLanguage\":\"en-US\",\"@id\":\"https:\\\/\\\/trustywatches.com\\\/product\\\/replicas-de-relojes-omega-seamaster-esfera-blanca-vs-caja-de-fabrica-de-40-mm\\\/#primaryimage\",\"url\":\"https:\\\/\\\/trustywatches.com\\\/wp-content\\\/uploads\\\/2026\\\/01\\\/Dong-Ho-Omega-Seamaster-Replica-Cap-Mat-Trang-Nha-May-VS-40mm-2.jpg\",\"contentUrl\":\"https:\\\/\\\/trustywatches.com\\\/wp-content\\\/uploads\\\/2026\\\/01\\\/Dong-Ho-Omega-Seamaster-Replica-Cap-Mat-Trang-Nha-May-VS-40mm-2.jpg\",\"width\":1920,\"height\":1920},{\"@type\":\"BreadcrumbList\",\"@id\":\"https:\\\/\\\/trustywatches.com\\\/product\\\/replicas-de-relojes-omega-seamaster-esfera-blanca-vs-caja-de-fabrica-de-40-mm\\\/#breadcrumb\",\"itemListElement\":[{\"@type\":\"ListItem\",\"position\":1,\"name\":\"Home\",\"item\":\"https:\\\/\\\/trustywatches.com\\\/\"},{\"@type\":\"ListItem\",\"position\":2,\"name\":\"TIENDA\",\"item\":\"https:\\\/\\\/trustywatches.com\\\/tienda\\\/\"},{\"@type\":\"ListItem\",\"position\":3,\"name\":\"Omega Seamaster replica watches: white dial vs. 40mm factory case\"}]},{\"@type\":\"WebSite\",\"@id\":\"https:\\\/\\\/trustywatches.com\\\/#website\",\"url\":\"https:\\\/\\\/trustywatches.com\\\/\",\"name\":\"Trustywatches\",\"description\":\"\",\"potentialAction\":[{\"@type\":\"SearchAction\",\"target\":{\"@type\":\"EntryPoint\",\"urlTemplate\":\"https:\\\/\\\/trustywatches.com\\\/?s={search_term_string}\"},\"query-input\":{\"@type\":\"PropertyValueSpecification\",\"valueRequired\":true,\"valueName\":\"search_term_string\"}}],\"inLanguage\":\"en-US\"}]}<\/script>\n<!-- \/ Yoast SEO plugin. -->","yoast_head_json":{"title":"Omega Seamaster replica watches: white dial vs. 40mm factory case - Trustywatches","robots":{"index":"index","follow":"follow","max-snippet":"max-snippet:-1","max-image-preview":"max-image-preview:large","max-video-preview":"max-video-preview:-1"},"canonical":"https:\/\/trustywatches.com\/en\/product\/replicas-de-relojes-omega-seamaster-esfera-blanca-vs-caja-de-fabrica-de-40-mm\/","og_locale":"en_US","og_type":"article","og_title":"Omega Seamaster replica watches: white dial vs. 40mm factory case - Trustywatches","og_description":"ESPECIFICACIONES \u2013 GARANT\u00cdADE LA R\u00c9PLICA DEL RELOJ OMEGA  Especificaci\u00f3n Detalles   Tama\u00f1o 40 mm  Material Acero inoxidable  Correa Acero inoxidable  Movimiento Autom\u00e1tico \u2013 Superclon  Cristal S\u00f3lido Zafiro  Funciones Plena funcionalidad  Resistencia al agua Buena  Garant\u00eda 5 a\u00f1os para el movimiento  Servicios SPA gratuito: lubricaci\u00f3n de la m\u00e1quina  Soporte Cambio a un mejor precio  Soporte Reparaci\u00f3n: Reemplazo de piezas","og_url":"https:\/\/trustywatches.com\/en\/product\/replicas-de-relojes-omega-seamaster-esfera-blanca-vs-caja-de-fabrica-de-40-mm\/","og_site_name":"Trustywatches","article_modified_time":"2026-03-05T06:45:19+00:00","og_image":[{"width":1920,"height":1920,"url":"https:\/\/trustywatches.com\/wp-content\/uploads\/2026\/01\/Dong-Ho-Omega-Seamaster-Replica-Cap-Mat-Trang-Nha-May-VS-40mm-2.jpg","type":"image\/jpeg"}],"twitter_card":"summary_large_image","schema":{"@context":"https:\/\/schema.org","@graph":[{"@type":"WebPage","@id":"https:\/\/trustywatches.com\/product\/replicas-de-relojes-omega-seamaster-esfera-blanca-vs-caja-de-fabrica-de-40-mm\/","url":"https:\/\/trustywatches.com\/product\/replicas-de-relojes-omega-seamaster-esfera-blanca-vs-caja-de-fabrica-de-40-mm\/","name":"Omega Seamaster replica watches: white dial vs. 40mm factory case - Trustywatches","isPartOf":{"@id":"https:\/\/trustywatches.com\/#website"},"primaryImageOfPage":{"@id":"https:\/\/trustywatches.com\/product\/replicas-de-relojes-omega-seamaster-esfera-blanca-vs-caja-de-fabrica-de-40-mm\/#primaryimage"},"image":{"@id":"https:\/\/trustywatches.com\/product\/replicas-de-relojes-omega-seamaster-esfera-blanca-vs-caja-de-fabrica-de-40-mm\/#primaryimage"},"thumbnailUrl":"https:\/\/trustywatches.com\/wp-content\/uploads\/2026\/01\/Dong-Ho-Omega-Seamaster-Replica-Cap-Mat-Trang-Nha-May-VS-40mm-2.jpg","datePublished":"2026-01-14T10:15:26+00:00","dateModified":"2026-03-05T06:45:19+00:00","breadcrumb":{"@id":"https:\/\/trustywatches.com\/product\/replicas-de-relojes-omega-seamaster-esfera-blanca-vs-caja-de-fabrica-de-40-mm\/#breadcrumb"},"inLanguage":"en-US","potentialAction":[{"@type":"ReadAction","target":["https:\/\/trustywatches.com\/product\/replicas-de-relojes-omega-seamaster-esfera-blanca-vs-caja-de-fabrica-de-40-mm\/"]}]},{"@type":"ImageObject","inLanguage":"en-US","@id":"https:\/\/trustywatches.com\/product\/replicas-de-relojes-omega-seamaster-esfera-blanca-vs-caja-de-fabrica-de-40-mm\/#primaryimage","url":"https:\/\/trustywatches.com\/wp-content\/uploads\/2026\/01\/Dong-Ho-Omega-Seamaster-Replica-Cap-Mat-Trang-Nha-May-VS-40mm-2.jpg","contentUrl":"https:\/\/trustywatches.com\/wp-content\/uploads\/2026\/01\/Dong-Ho-Omega-Seamaster-Replica-Cap-Mat-Trang-Nha-May-VS-40mm-2.jpg","width":1920,"height":1920},{"@type":"BreadcrumbList","@id":"https:\/\/trustywatches.com\/product\/replicas-de-relojes-omega-seamaster-esfera-blanca-vs-caja-de-fabrica-de-40-mm\/#breadcrumb","itemListElement":[{"@type":"ListItem","position":1,"name":"Home","item":"https:\/\/trustywatches.com\/"},{"@type":"ListItem","position":2,"name":"TIENDA","item":"https:\/\/trustywatches.com\/tienda\/"},{"@type":"ListItem","position":3,"name":"Omega Seamaster replica watches: white dial vs. 40mm factory case"}]},{"@type":"WebSite","@id":"https:\/\/trustywatches.com\/#website","url":"https:\/\/trustywatches.com\/","name":"Trustywatches","description":"","potentialAction":[{"@type":"SearchAction","target":{"@type":"EntryPoint","urlTemplate":"https:\/\/trustywatches.com\/?s={search_term_string}"},"query-input":{"@type":"PropertyValueSpecification","valueRequired":true,"valueName":"search_term_string"}}],"inLanguage":"en-US"}]}},"post_mailing_queue_ids":[],"_links":{"self":[{"href":"https:\/\/trustywatches.com\/en\/wp-json\/wp\/v2\/product\/22291","targetHints":{"allow":["GET"]}}],"collection":[{"href":"https:\/\/trustywatches.com\/en\/wp-json\/wp\/v2\/product"}],"about":[{"href":"https:\/\/trustywatches.com\/en\/wp-json\/wp\/v2\/types\/product"}],"replies":[{"embeddable":true,"href":"https:\/\/trustywatches.com\/en\/wp-json\/wp\/v2\/comments?post=22291"}],"wp:featuredmedia":[{"embeddable":true,"href":"https:\/\/trustywatches.com\/en\/wp-json\/wp\/v2\/media\/23366"}],"wp:attachment":[{"href":"https:\/\/trustywatches.com\/en\/wp-json\/wp\/v2\/media?parent=22291"}],"wp:term":[{"taxonomy":"product_brand","embeddable":true,"href":"https:\/\/trustywatches.com\/en\/wp-json\/wp\/v2\/product_brand?post=22291"},{"taxonomy":"product_cat","embeddable":true,"href":"https:\/\/trustywatches.com\/en\/wp-json\/wp\/v2\/product_cat?post=22291"},{"taxonomy":"product_tag","embeddable":true,"href":"https:\/\/trustywatches.com\/en\/wp-json\/wp\/v2\/product_tag?post=22291"}],"curies":[{"name":"wp","href":"https:\/\/api.w.org\/{rel}","templated":true}]}}