{"id":22305,"date":"2026-01-14T04:15:27","date_gmt":"2026-01-14T10:15:27","guid":{"rendered":"https:\/\/darkgreen-grouse-660966.hostingersite.com\/product\/audemars-piguet-royal-oak-offshore-diver-15707ce-replica-del-reloj-ceramica-negra-42-mm\/"},"modified":"2026-03-05T00:45:20","modified_gmt":"2026-03-05T06:45:20","slug":"audemars-piguet-royal-oak-offshore-diver-15707ce-replica-del-reloj-ceramica-negra-42-mm","status":"publish","type":"product","link":"https:\/\/trustywatches.com\/en\/product\/audemars-piguet-royal-oak-offshore-diver-15707ce-replica-del-reloj-ceramica-negra-42-mm\/","title":{"rendered":"Audemars Piguet Royal Oak Offshore Diver 15707CE &#8211; Replica watch (black ceramic, 42 mm)"},"content":{"rendered":"<h2><strong>Best Audemars Piguet replica watch<\/strong><\/h2>\n<p>The Audemars Piguet Royal Oak Offshore collection opens a new creative space where the brand can boldly experiment with ideas that cannot be apply to the traditional Royal Oak line. An excellent example of this innovation is the Audemars Piguet Royal Oak Offshore Diver 15707CE with black ceramic case, which brings a fresh and captivating appeal to the brand.<\/p>\n<p>The 1:1 replica of <a href=\"https:\/\/kingreplicawatch.com\/home\/\" target=\"_blank\" rel=\"noopener\">King Replica<\/a> enhances the mystery with its black ceramic case, combined with contrasting orange details. This design is not only powerful, but also radiates masculinity, creating a strong impression on the wrist of the wearer. At a sizable 42mm, the Royal Oak Offshore case feels more robust compared to the original Royal Oak line, creating a stunning and eye-catching look. The AP replica uses ceramic on both the case and bezel, offering several premium benefits. This material, often used in the automotive and aerospace industries, is not only extremely hard (surpassed only by diamond in hardness), but also lightweight, providing comfort to the wearer. The Royal Oak Offshore case retains its distinctive features, including the iconic octagonal bezel and eight hexagonal screws, ensuring balance and solidity. This design is a legacy of the talented Gerald Genta, leaving an indelible mark on watch enthusiasts. With water resistance of up to 100 meters, the case of the Audemars Piguet Royal Oak Offshore Diver 15707CE guarantees reliable performance during dives. Additionally, the dial details are meticulously finished, with the exclusive Mega Tapisserie pattern giving it a distinctive touch.<\/p>\n<p><img fetchpriority=\"high\" decoding=\"async\" class=\"aligncenter size-full wp-image-21540\" src=\"https:\/\/kingreplica.com.vn\/wp-content\/uploads\/2024\/09\/Dong-Ho-Audemars-Piguet-Che-Tac-Royal-Oak-Offshore-Diver-15707CE-Gom-Den-42mm-1.jpg\" alt=\"??ng H? Audemars Piguet Ch? T??c Royal Oak Offshore Diver 15707CE Gom ?en 42mm (2)\" width=\"600\" height=\"400\" \/> <img decoding=\"async\" class=\"aligncenter size-full wp-image-21539\" src=\"https:\/\/kingreplica.com.vn\/wp-content\/uploads\/2024\/09\/Dong-Ho-Audemars-Piguet-Che-Tac-Royal-Oak-Offshore-Diver-15707CE-Gom-Den-42mm-9.jpg\" alt=\"Dong Ho Audemars Piguet Che T??c Royal Oak Offshore Diver 15707CE Gom ?en 42mm (2)\" width=\"600\" height=\"400\" \/> <img decoding=\"async\" class=\"aligncenter size-full wp-image-21538\" src=\"https:\/\/kingreplica.com.vn\/wp-content\/uploads\/2024\/09\/Dong-Ho-Audemars-Piguet-Che-Tac-Royal-Oak-Offshore-Diver-15707CE-Gom-Den-42mm-8.jpg\" alt=\"Dong Ho Audemars Piguet Che T??c Royal Oak Offshore Diver 15707CE Gom ?en 42mm (2)\" width=\"600\" height=\"400\" \/> <img loading=\"lazy\" decoding=\"async\" class=\"aligncenter size-full wp-image-21536\" src=\"https:\/\/kingreplica.com.vn\/wp-content\/uploads\/2024\/09\/Dong-Ho-Audemars-Piguet-Che-Tac-Royal-Oak-Offshore-Diver-15707CE-Gom-Den-42mm-6.jpg\" alt=\"Dong Ho Audemars Piguet Che T??c Royal Oak Offshore Diver 15707CE Gom ?en 42mm (2)\" width=\"600\" height=\"400\" \/> <img loading=\"lazy\" decoding=\"async\" class=\"aligncenter size-full wp-image-21537\" src=\"https:\/\/kingreplica.com.vn\/wp-content\/uploads\/2024\/09\/Dong-Ho-Audemars-Piguet-Che-Tac-Royal-Oak-Offshore-Diver-15707CE-Gom-Den-42mm-7.jpg\" alt=\"Dong Ho Audemars Piguet Che T??c Royal Oak Offshore Diver 15707CE Gom ?en 42mm (2)\" width=\"600\" height=\"400\" \/> <img loading=\"lazy\" decoding=\"async\" class=\"aligncenter size-full wp-image-21534\" src=\"https:\/\/kingreplica.com.vn\/wp-content\/uploads\/2024\/09\/Dong-Ho-Audemars-Piguet-Che-Tac-Royal-Oak-Offshore-Diver-15707CE-Gom-Den-42mm-4.jpg\" alt=\"Dong Ho Audemars Piguet Che T??c Royal Oak Offshore Diver 15707CE Gom ?en 42mm (2)\" width=\"600\" height=\"400\" \/> <img loading=\"lazy\" decoding=\"async\" class=\"aligncenter size-full wp-image-21535\" src=\"https:\/\/kingreplica.com.vn\/wp-content\/uploads\/2024\/09\/Dong-Ho-Audemars-Piguet-Che-Tac-Royal-Oak-Offshore-Diver-15707CE-Gom-Den-42mm-5.jpg\" alt=\"Dong Ho Audemars Piguet Che T??c Royal Oak Offshore Diver 15707CE Gom ?en 42mm (2)\" width=\"600\" height=\"400\" \/> <img loading=\"lazy\" decoding=\"async\" class=\"aligncenter size-full wp-image-21533\" src=\"https:\/\/kingreplica.com.vn\/wp-content\/uploads\/2024\/09\/Dong-Ho-Audemars-Piguet-Che-Tac-Royal-Oak-Offshore-Diver-15707CE-Gom-Den-42mm-3.jpg\" alt=\"Dong Ho Audemars Piguet Che T??c Royal Oak Offshore Diver 15707CE Gom ?en 42mm (2)\" width=\"600\" height=\"400\" \/> <img loading=\"lazy\" decoding=\"async\" class=\"aligncenter size-full wp-image-21532\" src=\"https:\/\/kingreplica.com.vn\/wp-content\/uploads\/2024\/09\/Dong-Ho-Audemars-Piguet-Che-Tac-Royal-Oak-Offshore-Diver-15707CE-Gom-Den-42mm-2.jpg\" alt=\"Dong Ho Audemars Piguet Ch? Royal Oak Offshore Diver 15707CE Gom ?en 42mm (2)\" width=\"600\" height=\"400\" \/><\/p>","protected":false},"excerpt":{"rendered":"<h2><strong>ESPECIFICACIONES \u2013 GARANT\u00cdA<\/strong><strong>DE LA MEJOR R\u00c9PLICA DEL RELOJ AUDEMARS PIGUET<\/strong><\/h2>\n<table class=\"shop_attributes\" width=\"480\">\n<tbody>\n<tr>\n<th><strong>Especificaci\u00f3n<\/strong><\/th>\n<td><strong>Detalles<\/strong><\/td>\n<\/tr>\n<tr>\n<th><strong>Tama\u00f1o<\/strong><\/th>\n<td><strong>42 mm<\/strong><\/td>\n<\/tr>\n<tr>\n<th>Material<\/th>\n<td><strong>Cer\u00e1mica<\/strong><\/td>\n<\/tr>\n<tr>\n<th><strong>Correa<\/strong><\/th>\n<td><strong>Correa de caucho<\/strong><\/td>\n<\/tr>\n<tr>\n<th><strong>Movimiento<\/strong><\/th>\n<td><strong>Autom\u00e1tico \u2013 Super Clon<\/strong><\/td>\n<\/tr>\n<tr>\n<th><strong>Cristal<\/strong><\/th>\n<td><strong>Zafiro macizo<\/strong><\/td>\n<\/tr>\n<tr>\n<th><strong>Funciones<\/strong><\/th>\n<td><strong>Funcionalidad<\/strong><\/td>\n<\/tr>\n<tr>\n<th>Resistencia al agua<\/th>\n<td><strong><span class=\"text_exposed_show\">Buena<\/span><\/strong><\/td>\n<\/tr>\n<tr>\n<th>Garant\u00eda<\/th>\n<td><strong>5 a\u00f1os de garant\u00eda<\/strong><\/td>\n<\/tr>\n<tr>\n<th><strong>Servicios<\/strong><\/th>\n<td><strong>Spa gratuito &#8211; M\u00e1quina Lubricaci\u00f3n<br \/>\n<\/strong><\/td>\n<\/tr>\n<tr>\n<th><strong>Soporte<\/strong><\/th>\n<td><strong>Cambio a mejor precio<\/strong><\/td>\n<\/tr>\n<\/tbody>\n<\/table>","protected":false},"featured_media":23464,"comment_status":"open","ping_status":"closed","template":"","meta":{"iawp_total_views":2},"product_brand":[],"product_cat":[195,215],"product_tag":[458],"class_list":{"0":"post-22305","1":"product","2":"type-product","3":"status-publish","4":"has-post-thumbnail","6":"product_cat-audemars-piguet","7":"product_cat-oak-offshore","8":"product_tag-replica-del-reloj-audemars-piguet","10":"first","11":"instock","12":"sale","13":"shipping-taxable","14":"purchasable","15":"product-type-simple"},"yoast_head":"<!-- This site is optimized with the Yoast SEO plugin v27.3 - https:\/\/yoast.com\/product\/yoast-seo-wordpress\/ -->\n<title>Audemars Piguet Royal Oak Offshore Diver 15707CE - Replica watch (black ceramic, 42 mm) - Trustywatches<\/title>\n<meta name=\"robots\" content=\"index, follow, max-snippet:-1, max-image-preview:large, max-video-preview:-1\" \/>\n<link rel=\"canonical\" href=\"https:\/\/trustywatches.com\/en\/product\/audemars-piguet-royal-oak-offshore-diver-15707ce-replica-del-reloj-ceramica-negra-42-mm\/\" \/>\n<meta property=\"og:locale\" content=\"en_US\" \/>\n<meta property=\"og:type\" content=\"article\" \/>\n<meta property=\"og:title\" content=\"Audemars Piguet Royal Oak Offshore Diver 15707CE - Replica watch (black ceramic, 42 mm) - Trustywatches\" \/>\n<meta property=\"og:description\" content=\"ESPECIFICACIONES \u2013 GARANT\u00cdADE LA MEJOR R\u00c9PLICA DEL RELOJ AUDEMARS PIGUET  Especificaci\u00f3n Detalles  Tama\u00f1o 42 mm  Material Cer\u00e1mica  Correa Correa de caucho  Movimiento Autom\u00e1tico \u2013 Super Clon  Cristal Zafiro macizo  Funciones Funcionalidad  Resistencia al agua Buena  Garant\u00eda 5 a\u00f1os de garant\u00eda  Servicios Spa gratuito - M\u00e1quina Lubricaci\u00f3n  Soporte Cambio a mejor precio\" \/>\n<meta property=\"og:url\" content=\"https:\/\/trustywatches.com\/en\/product\/audemars-piguet-royal-oak-offshore-diver-15707ce-replica-del-reloj-ceramica-negra-42-mm\/\" \/>\n<meta property=\"og:site_name\" content=\"Trustywatches\" \/>\n<meta property=\"article:modified_time\" content=\"2026-03-05T06:45:20+00:00\" \/>\n<meta property=\"og:image\" content=\"https:\/\/trustywatches.com\/wp-content\/uploads\/2026\/01\/Dong-Ho-Audemars-Piguet-Che-Tac-Royal-Oak-Offshore-Diver-15707CE-Gom-Den-42mm-1.jpg\" \/>\n\t<meta property=\"og:image:width\" content=\"600\" \/>\n\t<meta property=\"og:image:height\" content=\"400\" \/>\n\t<meta property=\"og:image:type\" content=\"image\/jpeg\" \/>\n<meta name=\"twitter:card\" content=\"summary_large_image\" \/>\n<meta name=\"twitter:label1\" content=\"Est. reading time\" \/>\n\t<meta name=\"twitter:data1\" content=\"1 minute\" \/>\n<script type=\"application\/ld+json\" class=\"yoast-schema-graph\">{\"@context\":\"https:\\\/\\\/schema.org\",\"@graph\":[{\"@type\":\"WebPage\",\"@id\":\"https:\\\/\\\/trustywatches.com\\\/product\\\/audemars-piguet-royal-oak-offshore-diver-15707ce-replica-del-reloj-ceramica-negra-42-mm\\\/\",\"url\":\"https:\\\/\\\/trustywatches.com\\\/product\\\/audemars-piguet-royal-oak-offshore-diver-15707ce-replica-del-reloj-ceramica-negra-42-mm\\\/\",\"name\":\"Audemars Piguet Royal Oak Offshore Diver 15707CE - Replica watch (black ceramic, 42 mm) - Trustywatches\",\"isPartOf\":{\"@id\":\"https:\\\/\\\/trustywatches.com\\\/#website\"},\"primaryImageOfPage\":{\"@id\":\"https:\\\/\\\/trustywatches.com\\\/product\\\/audemars-piguet-royal-oak-offshore-diver-15707ce-replica-del-reloj-ceramica-negra-42-mm\\\/#primaryimage\"},\"image\":{\"@id\":\"https:\\\/\\\/trustywatches.com\\\/product\\\/audemars-piguet-royal-oak-offshore-diver-15707ce-replica-del-reloj-ceramica-negra-42-mm\\\/#primaryimage\"},\"thumbnailUrl\":\"https:\\\/\\\/trustywatches.com\\\/wp-content\\\/uploads\\\/2026\\\/01\\\/Dong-Ho-Audemars-Piguet-Che-Tac-Royal-Oak-Offshore-Diver-15707CE-Gom-Den-42mm-1.jpg\",\"datePublished\":\"2026-01-14T10:15:27+00:00\",\"dateModified\":\"2026-03-05T06:45:20+00:00\",\"breadcrumb\":{\"@id\":\"https:\\\/\\\/trustywatches.com\\\/product\\\/audemars-piguet-royal-oak-offshore-diver-15707ce-replica-del-reloj-ceramica-negra-42-mm\\\/#breadcrumb\"},\"inLanguage\":\"en-US\",\"potentialAction\":[{\"@type\":\"ReadAction\",\"target\":[\"https:\\\/\\\/trustywatches.com\\\/product\\\/audemars-piguet-royal-oak-offshore-diver-15707ce-replica-del-reloj-ceramica-negra-42-mm\\\/\"]}]},{\"@type\":\"ImageObject\",\"inLanguage\":\"en-US\",\"@id\":\"https:\\\/\\\/trustywatches.com\\\/product\\\/audemars-piguet-royal-oak-offshore-diver-15707ce-replica-del-reloj-ceramica-negra-42-mm\\\/#primaryimage\",\"url\":\"https:\\\/\\\/trustywatches.com\\\/wp-content\\\/uploads\\\/2026\\\/01\\\/Dong-Ho-Audemars-Piguet-Che-Tac-Royal-Oak-Offshore-Diver-15707CE-Gom-Den-42mm-1.jpg\",\"contentUrl\":\"https:\\\/\\\/trustywatches.com\\\/wp-content\\\/uploads\\\/2026\\\/01\\\/Dong-Ho-Audemars-Piguet-Che-Tac-Royal-Oak-Offshore-Diver-15707CE-Gom-Den-42mm-1.jpg\",\"width\":600,\"height\":400},{\"@type\":\"BreadcrumbList\",\"@id\":\"https:\\\/\\\/trustywatches.com\\\/product\\\/audemars-piguet-royal-oak-offshore-diver-15707ce-replica-del-reloj-ceramica-negra-42-mm\\\/#breadcrumb\",\"itemListElement\":[{\"@type\":\"ListItem\",\"position\":1,\"name\":\"Home\",\"item\":\"https:\\\/\\\/trustywatches.com\\\/\"},{\"@type\":\"ListItem\",\"position\":2,\"name\":\"TIENDA\",\"item\":\"https:\\\/\\\/trustywatches.com\\\/tienda\\\/\"},{\"@type\":\"ListItem\",\"position\":3,\"name\":\"Audemars Piguet Royal Oak Offshore Diver 15707CE &#8211; Replica watch (black ceramic, 42 mm)\"}]},{\"@type\":\"WebSite\",\"@id\":\"https:\\\/\\\/trustywatches.com\\\/#website\",\"url\":\"https:\\\/\\\/trustywatches.com\\\/\",\"name\":\"Trustywatches\",\"description\":\"\",\"potentialAction\":[{\"@type\":\"SearchAction\",\"target\":{\"@type\":\"EntryPoint\",\"urlTemplate\":\"https:\\\/\\\/trustywatches.com\\\/?s={search_term_string}\"},\"query-input\":{\"@type\":\"PropertyValueSpecification\",\"valueRequired\":true,\"valueName\":\"search_term_string\"}}],\"inLanguage\":\"en-US\"}]}<\/script>\n<!-- \/ Yoast SEO plugin. -->","yoast_head_json":{"title":"Audemars Piguet Royal Oak Offshore Diver 15707CE - Replica watch (black ceramic, 42 mm) - Trustywatches","robots":{"index":"index","follow":"follow","max-snippet":"max-snippet:-1","max-image-preview":"max-image-preview:large","max-video-preview":"max-video-preview:-1"},"canonical":"https:\/\/trustywatches.com\/en\/product\/audemars-piguet-royal-oak-offshore-diver-15707ce-replica-del-reloj-ceramica-negra-42-mm\/","og_locale":"en_US","og_type":"article","og_title":"Audemars Piguet Royal Oak Offshore Diver 15707CE - Replica watch (black ceramic, 42 mm) - Trustywatches","og_description":"ESPECIFICACIONES \u2013 GARANT\u00cdADE LA MEJOR R\u00c9PLICA DEL RELOJ AUDEMARS PIGUET  Especificaci\u00f3n Detalles  Tama\u00f1o 42 mm  Material Cer\u00e1mica  Correa Correa de caucho  Movimiento Autom\u00e1tico \u2013 Super Clon  Cristal Zafiro macizo  Funciones Funcionalidad  Resistencia al agua Buena  Garant\u00eda 5 a\u00f1os de garant\u00eda  Servicios Spa gratuito - M\u00e1quina Lubricaci\u00f3n  Soporte Cambio a mejor precio","og_url":"https:\/\/trustywatches.com\/en\/product\/audemars-piguet-royal-oak-offshore-diver-15707ce-replica-del-reloj-ceramica-negra-42-mm\/","og_site_name":"Trustywatches","article_modified_time":"2026-03-05T06:45:20+00:00","og_image":[{"width":600,"height":400,"url":"https:\/\/trustywatches.com\/wp-content\/uploads\/2026\/01\/Dong-Ho-Audemars-Piguet-Che-Tac-Royal-Oak-Offshore-Diver-15707CE-Gom-Den-42mm-1.jpg","type":"image\/jpeg"}],"twitter_card":"summary_large_image","twitter_misc":{"Est. reading time":"1 minute"},"schema":{"@context":"https:\/\/schema.org","@graph":[{"@type":"WebPage","@id":"https:\/\/trustywatches.com\/product\/audemars-piguet-royal-oak-offshore-diver-15707ce-replica-del-reloj-ceramica-negra-42-mm\/","url":"https:\/\/trustywatches.com\/product\/audemars-piguet-royal-oak-offshore-diver-15707ce-replica-del-reloj-ceramica-negra-42-mm\/","name":"Audemars Piguet Royal Oak Offshore Diver 15707CE - Replica watch (black ceramic, 42 mm) - Trustywatches","isPartOf":{"@id":"https:\/\/trustywatches.com\/#website"},"primaryImageOfPage":{"@id":"https:\/\/trustywatches.com\/product\/audemars-piguet-royal-oak-offshore-diver-15707ce-replica-del-reloj-ceramica-negra-42-mm\/#primaryimage"},"image":{"@id":"https:\/\/trustywatches.com\/product\/audemars-piguet-royal-oak-offshore-diver-15707ce-replica-del-reloj-ceramica-negra-42-mm\/#primaryimage"},"thumbnailUrl":"https:\/\/trustywatches.com\/wp-content\/uploads\/2026\/01\/Dong-Ho-Audemars-Piguet-Che-Tac-Royal-Oak-Offshore-Diver-15707CE-Gom-Den-42mm-1.jpg","datePublished":"2026-01-14T10:15:27+00:00","dateModified":"2026-03-05T06:45:20+00:00","breadcrumb":{"@id":"https:\/\/trustywatches.com\/product\/audemars-piguet-royal-oak-offshore-diver-15707ce-replica-del-reloj-ceramica-negra-42-mm\/#breadcrumb"},"inLanguage":"en-US","potentialAction":[{"@type":"ReadAction","target":["https:\/\/trustywatches.com\/product\/audemars-piguet-royal-oak-offshore-diver-15707ce-replica-del-reloj-ceramica-negra-42-mm\/"]}]},{"@type":"ImageObject","inLanguage":"en-US","@id":"https:\/\/trustywatches.com\/product\/audemars-piguet-royal-oak-offshore-diver-15707ce-replica-del-reloj-ceramica-negra-42-mm\/#primaryimage","url":"https:\/\/trustywatches.com\/wp-content\/uploads\/2026\/01\/Dong-Ho-Audemars-Piguet-Che-Tac-Royal-Oak-Offshore-Diver-15707CE-Gom-Den-42mm-1.jpg","contentUrl":"https:\/\/trustywatches.com\/wp-content\/uploads\/2026\/01\/Dong-Ho-Audemars-Piguet-Che-Tac-Royal-Oak-Offshore-Diver-15707CE-Gom-Den-42mm-1.jpg","width":600,"height":400},{"@type":"BreadcrumbList","@id":"https:\/\/trustywatches.com\/product\/audemars-piguet-royal-oak-offshore-diver-15707ce-replica-del-reloj-ceramica-negra-42-mm\/#breadcrumb","itemListElement":[{"@type":"ListItem","position":1,"name":"Home","item":"https:\/\/trustywatches.com\/"},{"@type":"ListItem","position":2,"name":"TIENDA","item":"https:\/\/trustywatches.com\/tienda\/"},{"@type":"ListItem","position":3,"name":"Audemars Piguet Royal Oak Offshore Diver 15707CE &#8211; Replica watch (black ceramic, 42 mm)"}]},{"@type":"WebSite","@id":"https:\/\/trustywatches.com\/#website","url":"https:\/\/trustywatches.com\/","name":"Trustywatches","description":"","potentialAction":[{"@type":"SearchAction","target":{"@type":"EntryPoint","urlTemplate":"https:\/\/trustywatches.com\/?s={search_term_string}"},"query-input":{"@type":"PropertyValueSpecification","valueRequired":true,"valueName":"search_term_string"}}],"inLanguage":"en-US"}]}},"post_mailing_queue_ids":[],"_links":{"self":[{"href":"https:\/\/trustywatches.com\/en\/wp-json\/wp\/v2\/product\/22305","targetHints":{"allow":["GET"]}}],"collection":[{"href":"https:\/\/trustywatches.com\/en\/wp-json\/wp\/v2\/product"}],"about":[{"href":"https:\/\/trustywatches.com\/en\/wp-json\/wp\/v2\/types\/product"}],"replies":[{"embeddable":true,"href":"https:\/\/trustywatches.com\/en\/wp-json\/wp\/v2\/comments?post=22305"}],"wp:featuredmedia":[{"embeddable":true,"href":"https:\/\/trustywatches.com\/en\/wp-json\/wp\/v2\/media\/23464"}],"wp:attachment":[{"href":"https:\/\/trustywatches.com\/en\/wp-json\/wp\/v2\/media?parent=22305"}],"wp:term":[{"taxonomy":"product_brand","embeddable":true,"href":"https:\/\/trustywatches.com\/en\/wp-json\/wp\/v2\/product_brand?post=22305"},{"taxonomy":"product_cat","embeddable":true,"href":"https:\/\/trustywatches.com\/en\/wp-json\/wp\/v2\/product_cat?post=22305"},{"taxonomy":"product_tag","embeddable":true,"href":"https:\/\/trustywatches.com\/en\/wp-json\/wp\/v2\/product_tag?post=22305"}],"curies":[{"name":"wp","href":"https:\/\/api.w.org\/{rel}","templated":true}]}}