{"id":22313,"date":"2026-01-14T04:15:28","date_gmt":"2026-01-14T10:15:28","guid":{"rendered":"https:\/\/darkgreen-grouse-660966.hostingersite.com\/product\/replica-del-reloj-audemars-piguet-15500st-esfera-gris-zf-41-mm\/"},"modified":"2026-03-05T00:45:20","modified_gmt":"2026-03-05T06:45:20","slug":"replica-del-reloj-audemars-piguet-15500st-esfera-gris-zf-41-mm","status":"publish","type":"product","link":"https:\/\/trustywatches.com\/en\/product\/replica-del-reloj-audemars-piguet-15500st-esfera-gris-zf-41-mm\/","title":{"rendered":"Audemars Piguet 15500ST replica watch, gray dial, ZF, 41 mm"},"content":{"rendered":"<h2><strong>We present the replica of the Audemars Piguet 15500ST watch with gray dial<\/strong><\/h2>\n<p><img fetchpriority=\"high\" decoding=\"async\" class=\"aligncenter size-large wp-image-3617\" src=\"https:\/\/kingreplica.com.vn\/wp-content\/uploads\/2023\/07\/Dong-Ho-Audemars-Piguet-15500ST-Replica-11-Mat-So-Xam-ZF-41mm-1-1024x682.jpg\" alt=\"??ng H? Audemars Piguet 15500ST Replica 11 M?t S? X??m ZF 41mm (2)\" width=\"1020\" height=\"679\" \/> <img decoding=\"async\" class=\"aligncenter size-large wp-image-3619\" src=\"https:\/\/kingreplica.com.vn\/wp-content\/uploads\/2023\/07\/Dong-Ho-Audemars-Piguet-15500ST-Replica-11-Mat-So-Xam-ZF-41mm-3-1024x682.jpg\" alt=\"Dong Ho Audemars Piguet 15500ST Replica 11 M?t S? X??m ZF 41mm (2)\" width=\"1020\" height=\"679\" \/> <img decoding=\"async\" class=\"aligncenter size-large wp-image-3618\" src=\"https:\/\/kingreplica.com.vn\/wp-content\/uploads\/2023\/07\/Dong-Ho-Audemars-Piguet-15500ST-Replica-11-Mat-So-Xam-ZF-41mm-2-1024x682.jpg\" alt=\"Dong Ho Audemars Piguet 15500ST Replica 11 M?t S? X??m ZF 41mm (2)\" width=\"1020\" height=\"679\" \/> <img loading=\"lazy\" decoding=\"async\" class=\"aligncenter size-large wp-image-3610\" src=\"https:\/\/kingreplica.com.vn\/wp-content\/uploads\/2023\/07\/Dong-Ho-AP-Replica-Cao-Cap-3-1024x682.jpg\" alt=\"Dong Replica Cao Cap by Dong Ho AP (1)\" width=\"1020\" height=\"679\" \/> <img loading=\"lazy\" decoding=\"async\" class=\"aligncenter size-large wp-image-3611\" src=\"https:\/\/kingreplica.com.vn\/wp-content\/uploads\/2023\/07\/Dong-Ho-AP-Replica-Cao-Cap-4-1024x682.jpg\" alt=\"Replica of Cao Cap de Dong Ho AP (1)\" width=\"1020\" height=\"679\" \/> <img loading=\"lazy\" decoding=\"async\" class=\"aligncenter size-large wp-image-3609\" src=\"https:\/\/kingreplica.com.vn\/wp-content\/uploads\/2023\/07\/Dong-Ho-AP-Replica-Cao-Cap-2-1024x682.jpg\" alt=\"Replica of Cao Cap de Dong Ho AP (1)\" width=\"1020\" height=\"679\" \/> <img loading=\"lazy\" decoding=\"async\" class=\"aligncenter size-large wp-image-3609\" src=\"https:\/\/kingreplica.com.vn\/wp-content\/uploads\/2023\/07\/Dong-Ho-AP-Replica-Cao-Cap-2-1024x682.jpg\" alt=\"Cao Cap Replica by Dong Ho AP AP Cao Cap Replica (1)\" width=\"1020\" height=\"679\" \/> <img loading=\"lazy\" decoding=\"async\" class=\"aligncenter size-large wp-image-3608\" src=\"https:\/\/kingreplica.com.vn\/wp-content\/uploads\/2023\/07\/Dong-Ho-AP-Replica-Cao-Cap-1-1024x682.jpg\" alt=\"AP replica of ??ng H? Cao Cap (1)\" width=\"1020\" height=\"679\" \/><\/p>","protected":false},"excerpt":{"rendered":"<table class=\"shop_attributes\" width=\"480\">\n<tbody>\n<tr>\n<th><strong>Especificaci\u00f3n<\/strong><\/th>\n<td><strong>Detalles<\/strong><\/td>\n<\/tr>\n<tr>\n<th><strong>Tama\u00f1o<\/strong><\/th>\n<td><strong>41 mm<\/strong><\/td>\n<\/tr>\n<tr>\n<th>Material<\/th>\n<td><strong>Acero inoxidable<\/strong><\/td>\n<\/tr>\n<tr>\n<th><strong>Correa<\/strong><\/th>\n<td><strong>Correa met\u00e1lica<\/strong><\/td>\n<\/tr>\n<tr>\n<th><strong>Movimiento<\/strong><\/th>\n<td><strong>Autom\u00e1tico \u2013 Superclon<\/strong><\/td>\n<\/tr>\n<tr>\n<th><strong>Cristal<\/strong><\/th>\n<td><strong>S\u00f3lido Zafiro<\/strong><\/td>\n<\/tr>\n<tr>\n<th><strong>Funciones<\/strong><\/th>\n<td><strong>Funcionalidad<\/strong><\/td>\n<\/tr>\n<tr>\n<th>Resistencia al agua<\/th>\n<td><strong><span class=\"text_exposed_show\">Buena<\/span><\/strong><\/td>\n<\/tr>\n<tr>\n<th>Garant\u00eda<\/th>\n<td><strong>5 a\u00f1os de funcionamiento<\/strong><\/td>\n<\/tr>\n<tr>\n<th><strong>Servicios<\/strong><\/th>\n<td><strong>Spa gratuito: lubricaci\u00f3n de la m\u00e1quina<\/strong><\/td>\n<\/tr>\n<tr>\n<th><strong>Soporte<\/strong><\/th>\n<td><strong>Cambio a un mejor precio<\/strong><\/td>\n<\/tr>\n<\/tbody>\n<\/table>","protected":false},"featured_media":23537,"comment_status":"open","ping_status":"closed","template":"","meta":{"iawp_total_views":0},"product_brand":[],"product_cat":[195,216],"product_tag":[458],"class_list":{"0":"post-22313","1":"product","2":"type-product","3":"status-publish","4":"has-post-thumbnail","6":"product_cat-audemars-piguet","7":"product_cat-audemars-piguet-royal-oak","8":"product_tag-replica-del-reloj-audemars-piguet","10":"first","11":"instock","12":"sale","13":"shipping-taxable","14":"purchasable","15":"product-type-simple"},"yoast_head":"<!-- This site is optimized with the Yoast SEO plugin v27.3 - https:\/\/yoast.com\/product\/yoast-seo-wordpress\/ -->\n<title>Audemars Piguet 15500ST replica watch, gray dial, ZF, 41 mm - Trustywatches<\/title>\n<meta name=\"robots\" content=\"index, follow, max-snippet:-1, max-image-preview:large, max-video-preview:-1\" \/>\n<link rel=\"canonical\" href=\"https:\/\/trustywatches.com\/en\/product\/replica-del-reloj-audemars-piguet-15500st-esfera-gris-zf-41-mm\/\" \/>\n<meta property=\"og:locale\" content=\"en_US\" \/>\n<meta property=\"og:type\" content=\"article\" \/>\n<meta property=\"og:title\" content=\"Audemars Piguet 15500ST replica watch, gray dial, ZF, 41 mm - Trustywatches\" \/>\n<meta property=\"og:description\" content=\"Especificaci\u00f3n Detalles  Tama\u00f1o 41 mm  Material Acero inoxidable  Correa Correa met\u00e1lica  Movimiento Autom\u00e1tico \u2013 Superclon  Cristal S\u00f3lido Zafiro  Funciones Funcionalidad  Resistencia al agua Buena  Garant\u00eda 5 a\u00f1os de funcionamiento  Servicios Spa gratuito: lubricaci\u00f3n de la m\u00e1quina  Soporte Cambio a un mejor precio\" \/>\n<meta property=\"og:url\" content=\"https:\/\/trustywatches.com\/en\/product\/replica-del-reloj-audemars-piguet-15500st-esfera-gris-zf-41-mm\/\" \/>\n<meta property=\"og:site_name\" content=\"Trustywatches\" \/>\n<meta property=\"article:modified_time\" content=\"2026-03-05T06:45:20+00:00\" \/>\n<meta property=\"og:image\" content=\"https:\/\/trustywatches.com\/wp-content\/uploads\/2026\/01\/Dong-Ho-Audemars-Piguet-15500ST-Replica-11-Mat-So-Xam-ZF-41mm-1.jpg\" \/>\n\t<meta property=\"og:image:width\" content=\"1920\" \/>\n\t<meta property=\"og:image:height\" content=\"1280\" \/>\n\t<meta property=\"og:image:type\" content=\"image\/jpeg\" \/>\n<meta name=\"twitter:card\" content=\"summary_large_image\" \/>\n<script type=\"application\/ld+json\" class=\"yoast-schema-graph\">{\"@context\":\"https:\\\/\\\/schema.org\",\"@graph\":[{\"@type\":\"WebPage\",\"@id\":\"https:\\\/\\\/trustywatches.com\\\/product\\\/replica-del-reloj-audemars-piguet-15500st-esfera-gris-zf-41-mm\\\/\",\"url\":\"https:\\\/\\\/trustywatches.com\\\/product\\\/replica-del-reloj-audemars-piguet-15500st-esfera-gris-zf-41-mm\\\/\",\"name\":\"Audemars Piguet 15500ST replica watch, gray dial, ZF, 41 mm - Trustywatches\",\"isPartOf\":{\"@id\":\"https:\\\/\\\/trustywatches.com\\\/#website\"},\"primaryImageOfPage\":{\"@id\":\"https:\\\/\\\/trustywatches.com\\\/product\\\/replica-del-reloj-audemars-piguet-15500st-esfera-gris-zf-41-mm\\\/#primaryimage\"},\"image\":{\"@id\":\"https:\\\/\\\/trustywatches.com\\\/product\\\/replica-del-reloj-audemars-piguet-15500st-esfera-gris-zf-41-mm\\\/#primaryimage\"},\"thumbnailUrl\":\"https:\\\/\\\/trustywatches.com\\\/wp-content\\\/uploads\\\/2026\\\/01\\\/Dong-Ho-Audemars-Piguet-15500ST-Replica-11-Mat-So-Xam-ZF-41mm-1.jpg\",\"datePublished\":\"2026-01-14T10:15:28+00:00\",\"dateModified\":\"2026-03-05T06:45:20+00:00\",\"breadcrumb\":{\"@id\":\"https:\\\/\\\/trustywatches.com\\\/product\\\/replica-del-reloj-audemars-piguet-15500st-esfera-gris-zf-41-mm\\\/#breadcrumb\"},\"inLanguage\":\"en-US\",\"potentialAction\":[{\"@type\":\"ReadAction\",\"target\":[\"https:\\\/\\\/trustywatches.com\\\/product\\\/replica-del-reloj-audemars-piguet-15500st-esfera-gris-zf-41-mm\\\/\"]}]},{\"@type\":\"ImageObject\",\"inLanguage\":\"en-US\",\"@id\":\"https:\\\/\\\/trustywatches.com\\\/product\\\/replica-del-reloj-audemars-piguet-15500st-esfera-gris-zf-41-mm\\\/#primaryimage\",\"url\":\"https:\\\/\\\/trustywatches.com\\\/wp-content\\\/uploads\\\/2026\\\/01\\\/Dong-Ho-Audemars-Piguet-15500ST-Replica-11-Mat-So-Xam-ZF-41mm-1.jpg\",\"contentUrl\":\"https:\\\/\\\/trustywatches.com\\\/wp-content\\\/uploads\\\/2026\\\/01\\\/Dong-Ho-Audemars-Piguet-15500ST-Replica-11-Mat-So-Xam-ZF-41mm-1.jpg\",\"width\":1920,\"height\":1280},{\"@type\":\"BreadcrumbList\",\"@id\":\"https:\\\/\\\/trustywatches.com\\\/product\\\/replica-del-reloj-audemars-piguet-15500st-esfera-gris-zf-41-mm\\\/#breadcrumb\",\"itemListElement\":[{\"@type\":\"ListItem\",\"position\":1,\"name\":\"Home\",\"item\":\"https:\\\/\\\/trustywatches.com\\\/\"},{\"@type\":\"ListItem\",\"position\":2,\"name\":\"TIENDA\",\"item\":\"https:\\\/\\\/trustywatches.com\\\/tienda\\\/\"},{\"@type\":\"ListItem\",\"position\":3,\"name\":\"Audemars Piguet 15500ST replica watch, gray dial, ZF, 41 mm\"}]},{\"@type\":\"WebSite\",\"@id\":\"https:\\\/\\\/trustywatches.com\\\/#website\",\"url\":\"https:\\\/\\\/trustywatches.com\\\/\",\"name\":\"Trustywatches\",\"description\":\"\",\"potentialAction\":[{\"@type\":\"SearchAction\",\"target\":{\"@type\":\"EntryPoint\",\"urlTemplate\":\"https:\\\/\\\/trustywatches.com\\\/?s={search_term_string}\"},\"query-input\":{\"@type\":\"PropertyValueSpecification\",\"valueRequired\":true,\"valueName\":\"search_term_string\"}}],\"inLanguage\":\"en-US\"}]}<\/script>\n<!-- \/ Yoast SEO plugin. -->","yoast_head_json":{"title":"Audemars Piguet 15500ST replica watch, gray dial, ZF, 41 mm - Trustywatches","robots":{"index":"index","follow":"follow","max-snippet":"max-snippet:-1","max-image-preview":"max-image-preview:large","max-video-preview":"max-video-preview:-1"},"canonical":"https:\/\/trustywatches.com\/en\/product\/replica-del-reloj-audemars-piguet-15500st-esfera-gris-zf-41-mm\/","og_locale":"en_US","og_type":"article","og_title":"Audemars Piguet 15500ST replica watch, gray dial, ZF, 41 mm - Trustywatches","og_description":"Especificaci\u00f3n Detalles  Tama\u00f1o 41 mm  Material Acero inoxidable  Correa Correa met\u00e1lica  Movimiento Autom\u00e1tico \u2013 Superclon  Cristal S\u00f3lido Zafiro  Funciones Funcionalidad  Resistencia al agua Buena  Garant\u00eda 5 a\u00f1os de funcionamiento  Servicios Spa gratuito: lubricaci\u00f3n de la m\u00e1quina  Soporte Cambio a un mejor precio","og_url":"https:\/\/trustywatches.com\/en\/product\/replica-del-reloj-audemars-piguet-15500st-esfera-gris-zf-41-mm\/","og_site_name":"Trustywatches","article_modified_time":"2026-03-05T06:45:20+00:00","og_image":[{"width":1920,"height":1280,"url":"https:\/\/trustywatches.com\/wp-content\/uploads\/2026\/01\/Dong-Ho-Audemars-Piguet-15500ST-Replica-11-Mat-So-Xam-ZF-41mm-1.jpg","type":"image\/jpeg"}],"twitter_card":"summary_large_image","schema":{"@context":"https:\/\/schema.org","@graph":[{"@type":"WebPage","@id":"https:\/\/trustywatches.com\/product\/replica-del-reloj-audemars-piguet-15500st-esfera-gris-zf-41-mm\/","url":"https:\/\/trustywatches.com\/product\/replica-del-reloj-audemars-piguet-15500st-esfera-gris-zf-41-mm\/","name":"Audemars Piguet 15500ST replica watch, gray dial, ZF, 41 mm - Trustywatches","isPartOf":{"@id":"https:\/\/trustywatches.com\/#website"},"primaryImageOfPage":{"@id":"https:\/\/trustywatches.com\/product\/replica-del-reloj-audemars-piguet-15500st-esfera-gris-zf-41-mm\/#primaryimage"},"image":{"@id":"https:\/\/trustywatches.com\/product\/replica-del-reloj-audemars-piguet-15500st-esfera-gris-zf-41-mm\/#primaryimage"},"thumbnailUrl":"https:\/\/trustywatches.com\/wp-content\/uploads\/2026\/01\/Dong-Ho-Audemars-Piguet-15500ST-Replica-11-Mat-So-Xam-ZF-41mm-1.jpg","datePublished":"2026-01-14T10:15:28+00:00","dateModified":"2026-03-05T06:45:20+00:00","breadcrumb":{"@id":"https:\/\/trustywatches.com\/product\/replica-del-reloj-audemars-piguet-15500st-esfera-gris-zf-41-mm\/#breadcrumb"},"inLanguage":"en-US","potentialAction":[{"@type":"ReadAction","target":["https:\/\/trustywatches.com\/product\/replica-del-reloj-audemars-piguet-15500st-esfera-gris-zf-41-mm\/"]}]},{"@type":"ImageObject","inLanguage":"en-US","@id":"https:\/\/trustywatches.com\/product\/replica-del-reloj-audemars-piguet-15500st-esfera-gris-zf-41-mm\/#primaryimage","url":"https:\/\/trustywatches.com\/wp-content\/uploads\/2026\/01\/Dong-Ho-Audemars-Piguet-15500ST-Replica-11-Mat-So-Xam-ZF-41mm-1.jpg","contentUrl":"https:\/\/trustywatches.com\/wp-content\/uploads\/2026\/01\/Dong-Ho-Audemars-Piguet-15500ST-Replica-11-Mat-So-Xam-ZF-41mm-1.jpg","width":1920,"height":1280},{"@type":"BreadcrumbList","@id":"https:\/\/trustywatches.com\/product\/replica-del-reloj-audemars-piguet-15500st-esfera-gris-zf-41-mm\/#breadcrumb","itemListElement":[{"@type":"ListItem","position":1,"name":"Home","item":"https:\/\/trustywatches.com\/"},{"@type":"ListItem","position":2,"name":"TIENDA","item":"https:\/\/trustywatches.com\/tienda\/"},{"@type":"ListItem","position":3,"name":"Audemars Piguet 15500ST replica watch, gray dial, ZF, 41 mm"}]},{"@type":"WebSite","@id":"https:\/\/trustywatches.com\/#website","url":"https:\/\/trustywatches.com\/","name":"Trustywatches","description":"","potentialAction":[{"@type":"SearchAction","target":{"@type":"EntryPoint","urlTemplate":"https:\/\/trustywatches.com\/?s={search_term_string}"},"query-input":{"@type":"PropertyValueSpecification","valueRequired":true,"valueName":"search_term_string"}}],"inLanguage":"en-US"}]}},"post_mailing_queue_ids":[],"_links":{"self":[{"href":"https:\/\/trustywatches.com\/en\/wp-json\/wp\/v2\/product\/22313","targetHints":{"allow":["GET"]}}],"collection":[{"href":"https:\/\/trustywatches.com\/en\/wp-json\/wp\/v2\/product"}],"about":[{"href":"https:\/\/trustywatches.com\/en\/wp-json\/wp\/v2\/types\/product"}],"replies":[{"embeddable":true,"href":"https:\/\/trustywatches.com\/en\/wp-json\/wp\/v2\/comments?post=22313"}],"wp:featuredmedia":[{"embeddable":true,"href":"https:\/\/trustywatches.com\/en\/wp-json\/wp\/v2\/media\/23537"}],"wp:attachment":[{"href":"https:\/\/trustywatches.com\/en\/wp-json\/wp\/v2\/media?parent=22313"}],"wp:term":[{"taxonomy":"product_brand","embeddable":true,"href":"https:\/\/trustywatches.com\/en\/wp-json\/wp\/v2\/product_brand?post=22313"},{"taxonomy":"product_cat","embeddable":true,"href":"https:\/\/trustywatches.com\/en\/wp-json\/wp\/v2\/product_cat?post=22313"},{"taxonomy":"product_tag","embeddable":true,"href":"https:\/\/trustywatches.com\/en\/wp-json\/wp\/v2\/product_tag?post=22313"}],"curies":[{"name":"wp","href":"https:\/\/api.w.org\/{rel}","templated":true}]}}