{"id":22329,"date":"2026-01-14T04:15:30","date_gmt":"2026-01-14T10:15:30","guid":{"rendered":"https:\/\/darkgreen-grouse-660966.hostingersite.com\/product\/replica-de-reloj-cartier-santos-wssa0029-esfera-blanca-movimiento-automatico-bv-factory-35-mm\/"},"modified":"2026-03-05T00:45:22","modified_gmt":"2026-03-05T06:45:22","slug":"replica-de-reloj-cartier-santos-wssa0029-esfera-blanca-movimiento-automatico-bv-factory-35-mm","status":"publish","type":"product","link":"https:\/\/trustywatches.com\/en\/product\/replica-de-reloj-cartier-santos-wssa0029-esfera-blanca-movimiento-automatico-bv-factory-35-mm\/","title":{"rendered":"Cartier Santos WSSA0029 replica watch, white dial, automatic movement, BV Factory, 35 mm"},"content":{"rendered":"<h2><strong>We present the Cartier Santos WSSA0029 replica watches<\/strong><\/h2>\n<h2><img fetchpriority=\"high\" decoding=\"async\" class=\"aligncenter size-large wp-image-5332\" src=\"https:\/\/kingreplica.com.vn\/wp-content\/uploads\/2023\/08\/Dong-Ho-Cartier-Santos-WSSA0029-Replica-11-Nu-BCF-35mm-2-768x1024.jpg\" alt=\"??ng H? Cartier Santos WSSA0029 Replica 11 N? BCF 35mm (4)\" width=\"768\" height=\"1024\" \/> <img decoding=\"async\" class=\"aligncenter size-large wp-image-5331\" src=\"https:\/\/kingreplica.com.vn\/wp-content\/uploads\/2023\/08\/Dong-Ho-Cartier-Santos-WSSA0029-Replica-11-Nu-BCF-35mm-1-768x1024.jpg\" alt=\"Dong Ho Cartier Santos WSSA0029 Replica 11 N? BCF 35mm (4)\" width=\"768\" height=\"1024\" \/> <img decoding=\"async\" class=\"aligncenter size -large wp-image-5333\" src=\"https:\/\/kingreplica.com.vn\/wp-content\/uploads\/2023\/08\/Dong-Ho-Cartier-Santos-WSSA0029-Replica-11-Nu-BCF-35mm-3-768x1024.jpg\" alt=\"Dong Replica Cartier Santos WSSA0029 watch, 11 BCF numbers, 35 mm (4)\" width=\"768\" height=\"1024\" \/> <img decoding=\"async\" class=\"aligncenter size-large wp-image-5334\" src=\"https:\/\/kingreplica.com.vn\/wp-content\/uploads\/2023\/08\/Dong-Ho-Cartier-Santos-WSSA0029-Replica-11-Nu-BCF-35mm-4-768x1024.jpg\" alt=\"Replica Cartier Santos WSSA0029 watch, 11 BCF numbers, 35 mm (4)\" width=\" 768\" height=\"1024\" \/> <img loading=\"lazy\" decoding=\"async\" class=\"aligncenter size-large wp-image-5326\" src=\"https:\/\/kingreplica.com.vn\/wp-content\/uploads\/2023\/08\/Dong-Ho-Cartier-Santos-WSSA0018-Replica-11-Mau-Trang-39-2-768x1024.jpg\" alt=\"Replica Cartier Santos WSSA0018 by Dong Ho, 11 M??u Trang 39 (2)\" width=\"768\" height=\"1024\" \/> <img loading=\"lazy\" decoding=\"async\" class=\"aligncenter size-large wp-image-5323\" src=\"https:\/\/kingreplica.com.vn\/wp-content\/uploads\/2023\/08\/Dong-Ho-Carier-Replica-11-1-768x1024.jpg\" alt=\"Replica of Cartier Santos WSSA0018 by Dong Ho, 11 M??u Trang 39 (2)\" width=\"768\" height=\"1024\" \/> <img loading=\"lazy\" decoding=\"async\" class=\"aligncenter size-large wp-image-5324\" src=\"https:\/\/kingreplica.com.vn\/wp-content\/uploads\/2023\/08\/Dong-Ho-Carier-Replica-11-2-768x1024.jpg\" alt=\"Dong Ho Carier Replica 11 (2)\" width=\"768\" height=\"1024\" \/><\/h2>","protected":false},"excerpt":{"rendered":"<h2><strong>ESPECIFICACIONES \u2013 GARANT\u00cdA<\/strong><strong>DE LOS RELOJES R\u00c9PLICA CARTIER SANTOS WSSA0029<\/strong><\/h2>\n<table class=\"shop_attributes\" width=\"480\">\n<tbody>\n<tr>\n<th><strong>Especificaci\u00f3n<\/strong><\/th>\n<td><strong>Detalles<\/strong><\/td>\n<\/tr>\n<tr>\n<th><strong>Tama\u00f1o<\/strong><\/th>\n<td><strong>35 mm<\/strong><\/td>\n<\/tr>\n<tr>\n<th>Material<\/th>\n<td><strong>Acero inoxidable<\/strong><\/td>\n<\/tr>\n<tr>\n<th><strong>Correa<\/strong><\/th>\n<td><strong>Correa met\u00e1lica<\/strong><\/td>\n<\/tr>\n<tr>\n<th><strong>Movimiento<\/strong><\/th>\n<td><strong>Autom\u00e1tico \u2013 Super Clone<br \/>\n<\/strong><\/td>\n<\/tr>\n<tr>\n<th><strong>Cristal<\/strong><\/th>\n<td><strong>Zafiro macizo<\/strong><\/td>\n<\/tr>\n<tr>\n<th><strong>Funciones<\/strong><\/th>\n<td><strong>Funcionalidad<\/strong><\/td>\n<\/tr>\n<tr>\n<th>Resistencia al agua<\/th>\n<td><strong><span class=\"text_exposed_show\">Buena<\/span><\/strong><\/td>\n<\/tr>\n<tr>\n<th>Garant\u00eda<\/th>\n<td><strong>5 a\u00f1os de garant\u00eda en el movimiento<\/strong><\/td>\n<\/tr>\n<tr>\n<th><strong>Servicios<\/strong><\/th>\n<td><strong>Spa gratuito \u2013 M\u00e1quina Lubricaci\u00f3n<br \/>\n<\/strong><\/td>\n<\/tr>\n<tr>\n<th><strong>Soporte<\/strong><\/th>\n<td><strong>Cambio a mejor precio<\/strong><\/td>\n<\/tr>\n<\/tbody>\n<\/table>","protected":false},"featured_media":23638,"comment_status":"open","ping_status":"closed","template":"","meta":{"iawp_total_views":17},"product_brand":[],"product_cat":[196,235],"product_tag":[452,464],"class_list":{"0":"post-22329","1":"product","2":"type-product","3":"status-publish","4":"has-post-thumbnail","6":"product_cat-cartier","7":"product_cat-santos","8":"product_tag-replica-de-reloj","9":"product_tag-replica-de-reloj-cartier","11":"first","12":"instock","13":"sale","14":"shipping-taxable","15":"purchasable","16":"product-type-simple"},"yoast_head":"<!-- This site is optimized with the Yoast SEO plugin v27.3 - https:\/\/yoast.com\/product\/yoast-seo-wordpress\/ -->\n<title>Cartier Santos WSSA0029 replica watch, white dial, automatic movement, BV Factory, 35 mm - Trustywatches<\/title>\n<meta name=\"robots\" content=\"index, follow, max-snippet:-1, max-image-preview:large, max-video-preview:-1\" \/>\n<link rel=\"canonical\" href=\"https:\/\/trustywatches.com\/en\/product\/replica-de-reloj-cartier-santos-wssa0029-esfera-blanca-movimiento-automatico-bv-factory-35-mm\/\" \/>\n<meta property=\"og:locale\" content=\"en_US\" \/>\n<meta property=\"og:type\" content=\"article\" \/>\n<meta property=\"og:title\" content=\"Cartier Santos WSSA0029 replica watch, white dial, automatic movement, BV Factory, 35 mm - Trustywatches\" \/>\n<meta property=\"og:description\" content=\"ESPECIFICACIONES \u2013 GARANT\u00cdADE LOS RELOJES R\u00c9PLICA CARTIER SANTOS WSSA0029  Especificaci\u00f3n Detalles  Tama\u00f1o 35 mm  Material Acero inoxidable  Correa Correa met\u00e1lica  Movimiento Autom\u00e1tico \u2013 Super Clone  Cristal Zafiro macizo  Funciones Funcionalidad  Resistencia al agua Buena  Garant\u00eda 5 a\u00f1os de garant\u00eda en el movimiento  Servicios Spa gratuito \u2013 M\u00e1quina Lubricaci\u00f3n  Soporte Cambio a mejor precio\" \/>\n<meta property=\"og:url\" content=\"https:\/\/trustywatches.com\/en\/product\/replica-de-reloj-cartier-santos-wssa0029-esfera-blanca-movimiento-automatico-bv-factory-35-mm\/\" \/>\n<meta property=\"og:site_name\" content=\"Trustywatches\" \/>\n<meta property=\"article:modified_time\" content=\"2026-03-05T06:45:22+00:00\" \/>\n<meta property=\"og:image\" content=\"https:\/\/trustywatches.com\/wp-content\/uploads\/2026\/01\/Dong-Ho-Cartier-Santos-WSSA0029-Replica-11-Nu-Mat-Trang-May-Thuy-Sy-Nha-May-BV-35mm-1.jpg\" \/>\n\t<meta property=\"og:image:width\" content=\"1920\" \/>\n\t<meta property=\"og:image:height\" content=\"1920\" \/>\n\t<meta property=\"og:image:type\" content=\"image\/jpeg\" \/>\n<meta name=\"twitter:card\" content=\"summary_large_image\" \/>\n<script type=\"application\/ld+json\" class=\"yoast-schema-graph\">{\"@context\":\"https:\\\/\\\/schema.org\",\"@graph\":[{\"@type\":\"WebPage\",\"@id\":\"https:\\\/\\\/trustywatches.com\\\/product\\\/replica-de-reloj-cartier-santos-wssa0029-esfera-blanca-movimiento-automatico-bv-factory-35-mm\\\/\",\"url\":\"https:\\\/\\\/trustywatches.com\\\/product\\\/replica-de-reloj-cartier-santos-wssa0029-esfera-blanca-movimiento-automatico-bv-factory-35-mm\\\/\",\"name\":\"Cartier Santos WSSA0029 replica watch, white dial, automatic movement, BV Factory, 35 mm - Trustywatches\",\"isPartOf\":{\"@id\":\"https:\\\/\\\/trustywatches.com\\\/#website\"},\"primaryImageOfPage\":{\"@id\":\"https:\\\/\\\/trustywatches.com\\\/product\\\/replica-de-reloj-cartier-santos-wssa0029-esfera-blanca-movimiento-automatico-bv-factory-35-mm\\\/#primaryimage\"},\"image\":{\"@id\":\"https:\\\/\\\/trustywatches.com\\\/product\\\/replica-de-reloj-cartier-santos-wssa0029-esfera-blanca-movimiento-automatico-bv-factory-35-mm\\\/#primaryimage\"},\"thumbnailUrl\":\"https:\\\/\\\/trustywatches.com\\\/wp-content\\\/uploads\\\/2026\\\/01\\\/Dong-Ho-Cartier-Santos-WSSA0029-Replica-11-Nu-Mat-Trang-May-Thuy-Sy-Nha-May-BV-35mm-1.jpg\",\"datePublished\":\"2026-01-14T10:15:30+00:00\",\"dateModified\":\"2026-03-05T06:45:22+00:00\",\"breadcrumb\":{\"@id\":\"https:\\\/\\\/trustywatches.com\\\/product\\\/replica-de-reloj-cartier-santos-wssa0029-esfera-blanca-movimiento-automatico-bv-factory-35-mm\\\/#breadcrumb\"},\"inLanguage\":\"en-US\",\"potentialAction\":[{\"@type\":\"ReadAction\",\"target\":[\"https:\\\/\\\/trustywatches.com\\\/product\\\/replica-de-reloj-cartier-santos-wssa0029-esfera-blanca-movimiento-automatico-bv-factory-35-mm\\\/\"]}]},{\"@type\":\"ImageObject\",\"inLanguage\":\"en-US\",\"@id\":\"https:\\\/\\\/trustywatches.com\\\/product\\\/replica-de-reloj-cartier-santos-wssa0029-esfera-blanca-movimiento-automatico-bv-factory-35-mm\\\/#primaryimage\",\"url\":\"https:\\\/\\\/trustywatches.com\\\/wp-content\\\/uploads\\\/2026\\\/01\\\/Dong-Ho-Cartier-Santos-WSSA0029-Replica-11-Nu-Mat-Trang-May-Thuy-Sy-Nha-May-BV-35mm-1.jpg\",\"contentUrl\":\"https:\\\/\\\/trustywatches.com\\\/wp-content\\\/uploads\\\/2026\\\/01\\\/Dong-Ho-Cartier-Santos-WSSA0029-Replica-11-Nu-Mat-Trang-May-Thuy-Sy-Nha-May-BV-35mm-1.jpg\",\"width\":1920,\"height\":1920},{\"@type\":\"BreadcrumbList\",\"@id\":\"https:\\\/\\\/trustywatches.com\\\/product\\\/replica-de-reloj-cartier-santos-wssa0029-esfera-blanca-movimiento-automatico-bv-factory-35-mm\\\/#breadcrumb\",\"itemListElement\":[{\"@type\":\"ListItem\",\"position\":1,\"name\":\"Home\",\"item\":\"https:\\\/\\\/trustywatches.com\\\/\"},{\"@type\":\"ListItem\",\"position\":2,\"name\":\"TIENDA\",\"item\":\"https:\\\/\\\/trustywatches.com\\\/tienda\\\/\"},{\"@type\":\"ListItem\",\"position\":3,\"name\":\"Cartier Santos WSSA0029 replica watch, white dial, automatic movement, BV Factory, 35 mm\"}]},{\"@type\":\"WebSite\",\"@id\":\"https:\\\/\\\/trustywatches.com\\\/#website\",\"url\":\"https:\\\/\\\/trustywatches.com\\\/\",\"name\":\"Trustywatches\",\"description\":\"\",\"potentialAction\":[{\"@type\":\"SearchAction\",\"target\":{\"@type\":\"EntryPoint\",\"urlTemplate\":\"https:\\\/\\\/trustywatches.com\\\/?s={search_term_string}\"},\"query-input\":{\"@type\":\"PropertyValueSpecification\",\"valueRequired\":true,\"valueName\":\"search_term_string\"}}],\"inLanguage\":\"en-US\"}]}<\/script>\n<!-- \/ Yoast SEO plugin. -->","yoast_head_json":{"title":"Cartier Santos WSSA0029 replica watch, white dial, automatic movement, BV Factory, 35 mm - Trustywatches","robots":{"index":"index","follow":"follow","max-snippet":"max-snippet:-1","max-image-preview":"max-image-preview:large","max-video-preview":"max-video-preview:-1"},"canonical":"https:\/\/trustywatches.com\/en\/product\/replica-de-reloj-cartier-santos-wssa0029-esfera-blanca-movimiento-automatico-bv-factory-35-mm\/","og_locale":"en_US","og_type":"article","og_title":"Cartier Santos WSSA0029 replica watch, white dial, automatic movement, BV Factory, 35 mm - Trustywatches","og_description":"ESPECIFICACIONES \u2013 GARANT\u00cdADE LOS RELOJES R\u00c9PLICA CARTIER SANTOS WSSA0029  Especificaci\u00f3n Detalles  Tama\u00f1o 35 mm  Material Acero inoxidable  Correa Correa met\u00e1lica  Movimiento Autom\u00e1tico \u2013 Super Clone  Cristal Zafiro macizo  Funciones Funcionalidad  Resistencia al agua Buena  Garant\u00eda 5 a\u00f1os de garant\u00eda en el movimiento  Servicios Spa gratuito \u2013 M\u00e1quina Lubricaci\u00f3n  Soporte Cambio a mejor precio","og_url":"https:\/\/trustywatches.com\/en\/product\/replica-de-reloj-cartier-santos-wssa0029-esfera-blanca-movimiento-automatico-bv-factory-35-mm\/","og_site_name":"Trustywatches","article_modified_time":"2026-03-05T06:45:22+00:00","og_image":[{"width":1920,"height":1920,"url":"https:\/\/trustywatches.com\/wp-content\/uploads\/2026\/01\/Dong-Ho-Cartier-Santos-WSSA0029-Replica-11-Nu-Mat-Trang-May-Thuy-Sy-Nha-May-BV-35mm-1.jpg","type":"image\/jpeg"}],"twitter_card":"summary_large_image","schema":{"@context":"https:\/\/schema.org","@graph":[{"@type":"WebPage","@id":"https:\/\/trustywatches.com\/product\/replica-de-reloj-cartier-santos-wssa0029-esfera-blanca-movimiento-automatico-bv-factory-35-mm\/","url":"https:\/\/trustywatches.com\/product\/replica-de-reloj-cartier-santos-wssa0029-esfera-blanca-movimiento-automatico-bv-factory-35-mm\/","name":"Cartier Santos WSSA0029 replica watch, white dial, automatic movement, BV Factory, 35 mm - Trustywatches","isPartOf":{"@id":"https:\/\/trustywatches.com\/#website"},"primaryImageOfPage":{"@id":"https:\/\/trustywatches.com\/product\/replica-de-reloj-cartier-santos-wssa0029-esfera-blanca-movimiento-automatico-bv-factory-35-mm\/#primaryimage"},"image":{"@id":"https:\/\/trustywatches.com\/product\/replica-de-reloj-cartier-santos-wssa0029-esfera-blanca-movimiento-automatico-bv-factory-35-mm\/#primaryimage"},"thumbnailUrl":"https:\/\/trustywatches.com\/wp-content\/uploads\/2026\/01\/Dong-Ho-Cartier-Santos-WSSA0029-Replica-11-Nu-Mat-Trang-May-Thuy-Sy-Nha-May-BV-35mm-1.jpg","datePublished":"2026-01-14T10:15:30+00:00","dateModified":"2026-03-05T06:45:22+00:00","breadcrumb":{"@id":"https:\/\/trustywatches.com\/product\/replica-de-reloj-cartier-santos-wssa0029-esfera-blanca-movimiento-automatico-bv-factory-35-mm\/#breadcrumb"},"inLanguage":"en-US","potentialAction":[{"@type":"ReadAction","target":["https:\/\/trustywatches.com\/product\/replica-de-reloj-cartier-santos-wssa0029-esfera-blanca-movimiento-automatico-bv-factory-35-mm\/"]}]},{"@type":"ImageObject","inLanguage":"en-US","@id":"https:\/\/trustywatches.com\/product\/replica-de-reloj-cartier-santos-wssa0029-esfera-blanca-movimiento-automatico-bv-factory-35-mm\/#primaryimage","url":"https:\/\/trustywatches.com\/wp-content\/uploads\/2026\/01\/Dong-Ho-Cartier-Santos-WSSA0029-Replica-11-Nu-Mat-Trang-May-Thuy-Sy-Nha-May-BV-35mm-1.jpg","contentUrl":"https:\/\/trustywatches.com\/wp-content\/uploads\/2026\/01\/Dong-Ho-Cartier-Santos-WSSA0029-Replica-11-Nu-Mat-Trang-May-Thuy-Sy-Nha-May-BV-35mm-1.jpg","width":1920,"height":1920},{"@type":"BreadcrumbList","@id":"https:\/\/trustywatches.com\/product\/replica-de-reloj-cartier-santos-wssa0029-esfera-blanca-movimiento-automatico-bv-factory-35-mm\/#breadcrumb","itemListElement":[{"@type":"ListItem","position":1,"name":"Home","item":"https:\/\/trustywatches.com\/"},{"@type":"ListItem","position":2,"name":"TIENDA","item":"https:\/\/trustywatches.com\/tienda\/"},{"@type":"ListItem","position":3,"name":"Cartier Santos WSSA0029 replica watch, white dial, automatic movement, BV Factory, 35 mm"}]},{"@type":"WebSite","@id":"https:\/\/trustywatches.com\/#website","url":"https:\/\/trustywatches.com\/","name":"Trustywatches","description":"","potentialAction":[{"@type":"SearchAction","target":{"@type":"EntryPoint","urlTemplate":"https:\/\/trustywatches.com\/?s={search_term_string}"},"query-input":{"@type":"PropertyValueSpecification","valueRequired":true,"valueName":"search_term_string"}}],"inLanguage":"en-US"}]}},"post_mailing_queue_ids":[],"_links":{"self":[{"href":"https:\/\/trustywatches.com\/en\/wp-json\/wp\/v2\/product\/22329","targetHints":{"allow":["GET"]}}],"collection":[{"href":"https:\/\/trustywatches.com\/en\/wp-json\/wp\/v2\/product"}],"about":[{"href":"https:\/\/trustywatches.com\/en\/wp-json\/wp\/v2\/types\/product"}],"replies":[{"embeddable":true,"href":"https:\/\/trustywatches.com\/en\/wp-json\/wp\/v2\/comments?post=22329"}],"wp:featuredmedia":[{"embeddable":true,"href":"https:\/\/trustywatches.com\/en\/wp-json\/wp\/v2\/media\/23638"}],"wp:attachment":[{"href":"https:\/\/trustywatches.com\/en\/wp-json\/wp\/v2\/media?parent=22329"}],"wp:term":[{"taxonomy":"product_brand","embeddable":true,"href":"https:\/\/trustywatches.com\/en\/wp-json\/wp\/v2\/product_brand?post=22329"},{"taxonomy":"product_cat","embeddable":true,"href":"https:\/\/trustywatches.com\/en\/wp-json\/wp\/v2\/product_cat?post=22329"},{"taxonomy":"product_tag","embeddable":true,"href":"https:\/\/trustywatches.com\/en\/wp-json\/wp\/v2\/product_tag?post=22329"}],"curies":[{"name":"wp","href":"https:\/\/api.w.org\/{rel}","templated":true}]}}