{"id":22370,"date":"2026-01-14T04:15:33","date_gmt":"2026-01-14T10:15:33","guid":{"rendered":"https:\/\/darkgreen-grouse-660966.hostingersite.com\/product\/replica-del-reloj-cartier-panthere-para-mujer-cuarzo-en-oro-rosa-de-27-mm\/"},"modified":"2026-03-05T00:45:24","modified_gmt":"2026-03-05T06:45:24","slug":"replica-del-reloj-cartier-panthere-para-mujer-cuarzo-en-oro-rosa-de-27-mm","status":"publish","type":"product","link":"https:\/\/trustywatches.com\/en\/product\/replica-del-reloj-cartier-panthere-para-mujer-cuarzo-en-oro-rosa-de-27-mm\/","title":{"rendered":"Replica Cartier Panthere watch for women, quartz in 27 mm rose gold"},"content":{"rendered":"<h2><strong> Introducing the Cartier Panthere for women<\/strong><\/h2>\n<p><img fetchpriority=\"high\" decoding=\"async\" class=\"aligncenter size-large wp-image-22799\" src=\"https:\/\/kingreplica.com.vn\/wp-content\/uploads\/2024\/09\/Dong-Ho-Cartier-Panthere-Replica-11-Nu-Mau-Vang-Hong-May-Pin-Thuy-Sy-27mm-1-1024x1024.jpg\" alt=\"??ng H? Cartier Panthere Replica 11 N? M??u V??ng H?ng M??y Pin Thu? S? 27mm (2)\" width=\"1020\" height=\"1020\" \/> <img decoding=\"async\" class=\"aligncenter size-large wp-image-22795\" src=\"https:\/\/kingreplica.com.vn\/wp-content\/uploads\/2024\/09\/Dong-Ho-Cartier-Panthere-Replica-11-Nu-Mau-Vang-Hong-May-Pin-Thuy-Sy-27mm-5-1024x1024.jpg\" alt=\"Replica Cartier Panthere 11 Nuevo M??u V??ng H?ng M??y Pin Thu? S? 27mm (2)\" width=\"1020\" height=\"1020\" \/> <img decoding=\"async\" class=\"aligncenter size-large wp-image-22798\" src=\"https:\/\/kingreplica.com.vn\/wp-content\/uploads\/2024\/09\/Dong-Ho-Cartier-Panthere-Replica-11-Nu-Mau-Vang-Hong-May-Pin-Thuy-Sy-27mm-8-683x1024.jpg\" alt=\"Replica Cartier Panthere 11 New M??u V??ng H?ng M??y Pin Thu? S? 27mm (2)\" width=\"683\" height=\"1024\" \/> <img loading=\"lazy\" decoding=\"async\" class=\"aligncenter size-large wp-image-22792\" src=\"https:\/\/kingreplica.com.vn\/wp-content\/uploads\/2024\/09\/Dong-Ho-Cartier-Panthere-Replica-11-Nu-Mau-Vang-Hong-May-Pin-Thuy-Sy-27mm-2-683x1024.jpg\" alt=\"Replica Cartier Panthere 11 New M??u V??ng H?ng M??y Pin Thu? S? 27mm (2)\" width=\"683\" height=\"1024\" \/> <img loading=\"lazy\" decoding=\"async\" class=\"aligncenter size-large wp-image-22794\" src=\"https:\/\/kingreplica.com.vn\/wp-content\/uploads\/2024\/09\/Dong-Ho-Cartier-Panthere-Replica-11-Nu-Mau-Vang-Hong-May-Pin-Thuy-Sy-27mm-4-1024x1024.jpg\" alt=\"Replica Cartier Panthere 11 Nuevo M??u V??ng H?ng M??y Pin Thu? S? 27mm (2)\" width=\"1020\" height=\"1020\" \/> <img loading=\"lazy\" decoding=\"async\" class=\"aligncenter size-large wp-image-22793\" src=\"https:\/\/kingreplica.com.vn\/wp-content\/uploads\/2024\/09\/Dong-Ho-Cartier-Panthere-Replica-11-Nu-Mau-Vang-Hong-May-Pin-Thuy-Sy-27mm-3-1024x1024.jpg\" alt=\"Replica Cartier Panthere 11 New M??u V??ng H?ng M??y Pin Thu? S? 27mm (2)\" width=\"1020\" height=\"1020\" \/> <img loading=\"lazy\" decoding=\"async\" class=\"aligncenter size-large wp-image-22797\" src=\"https:\/\/kingreplica.com.vn\/wp-content\/uploads\/2024\/09\/Dong-Ho-Cartier-Panthere-Replica-11-Nu-Mau-Vang-Hong-May-Pin-Thuy-Sy-27mm-7-1024x1024.jpg\" alt=\"Replica Cartier Panthere 11 New M??u V??ng H?ng M??y Pin Thu? S? 27mm (2)\" width=\"1020\" height=\"1020\" \/> <img loading=\"lazy\" decoding=\"async\" class=\"aligncenter size-large wp-image-22796\" src=\"https:\/\/kingreplica.com.vn\/wp-content\/uploads\/2024\/09\/Dong-Ho-Cartier-Panthere-Replica-11-Nu-Mau-Vang-Hong-May-Pin-Thuy-Sy-27mm-6-1024x1024.jpg\" alt=\"Replica Cartier Panthere 11 Nuevo M??u V??ng H?ng M??y Pin Thu? S? 27mm (2)\" width=\"1020\" height=\"1020\" \/><\/p>","protected":false},"excerpt":{"rendered":"<h2><strong>ESPECIFICACIONES \u2013 GARANT\u00cdA<\/strong><strong>DE LA R\u00c9PLICA DEL RELOJ CARTIER PANTHERE<\/strong><\/h2>\n<table class=\"shop_attributes\" width=\"480\">\n<tbody>\n<tr>\n<th><strong>Especificaci\u00f3n<\/strong><\/th>\n<td><strong>Detalles<\/strong><\/td>\n<\/tr>\n<tr>\n<th><strong>Tama\u00f1o<\/strong><\/th>\n<td><strong>27 mm<\/strong><\/td>\n<\/tr>\n<tr>\n<th>Material<\/th>\n<td><strong>Acero inoxidable<\/strong><\/td>\n<\/tr>\n<tr>\n<th><strong>Correa<\/strong><\/th>\n<td><strong>Correa met\u00e1lica<\/strong><\/td>\n<\/tr>\n<tr>\n<th><strong>Movimiento<\/strong><\/th>\n<td><strong>Cuarzo Pila suiza<br \/>\n<\/strong><\/td>\n<\/tr>\n<tr>\n<th><strong>Cristal<\/strong><\/th>\n<td><strong>Zafiro macizo<\/strong><\/td>\n<\/tr>\n<tr>\n<th><strong>Funciones<\/strong><\/th>\n<td><strong>Funcionalidad<\/strong><\/td>\n<\/tr>\n<tr>\n<th>Resistencia al agua<\/th>\n<td><strong><span class=\"text_exposed_show\">Buena<\/span><\/strong><\/td>\n<\/tr>\n<tr>\n<th>Garant\u00eda<\/th>\n<td><strong>5 a\u00f1os en el movimiento<\/strong><\/td>\n<\/tr>\n<tr>\n<th><strong>Servicios<\/strong><\/th>\n<td><strong>Spa gratuito &#8211; M\u00e1quina Lubricaci\u00f3n<br \/>\n<\/strong><\/td>\n<\/tr>\n<tr>\n<th><strong>Soporte<\/strong><\/th>\n<td><strong>Cambio a mejor precio<\/strong><\/td>\n<\/tr>\n<\/tbody>\n<\/table>","protected":false},"featured_media":23935,"comment_status":"open","ping_status":"closed","template":"","meta":{"iawp_total_views":0},"product_brand":[],"product_cat":[196,478],"product_tag":[454],"class_list":{"0":"post-22370","1":"product","2":"type-product","3":"status-publish","4":"has-post-thumbnail","6":"product_cat-cartier","7":"product_cat-panthere-de-cartier","8":"product_tag-replica-del-reloj-cartier","10":"first","11":"instock","12":"sale","13":"shipping-taxable","14":"purchasable","15":"product-type-simple"},"yoast_head":"<!-- This site is optimized with the Yoast SEO plugin v27.3 - https:\/\/yoast.com\/product\/yoast-seo-wordpress\/ -->\n<title>Replica Cartier Panthere watch for women, quartz in 27 mm rose gold - Trustywatches<\/title>\n<meta name=\"robots\" content=\"index, follow, max-snippet:-1, max-image-preview:large, max-video-preview:-1\" \/>\n<link rel=\"canonical\" href=\"https:\/\/trustywatches.com\/en\/product\/replica-del-reloj-cartier-panthere-para-mujer-cuarzo-en-oro-rosa-de-27-mm\/\" \/>\n<meta property=\"og:locale\" content=\"en_US\" \/>\n<meta property=\"og:type\" content=\"article\" \/>\n<meta property=\"og:title\" content=\"Replica Cartier Panthere watch for women, quartz in 27 mm rose gold - Trustywatches\" \/>\n<meta property=\"og:description\" content=\"ESPECIFICACIONES \u2013 GARANT\u00cdADE LA R\u00c9PLICA DEL RELOJ CARTIER PANTHERE  Especificaci\u00f3n Detalles  Tama\u00f1o 27 mm  Material Acero inoxidable  Correa Correa met\u00e1lica  Movimiento Cuarzo Pila suiza  Cristal Zafiro macizo  Funciones Funcionalidad  Resistencia al agua Buena  Garant\u00eda 5 a\u00f1os en el movimiento  Servicios Spa gratuito - M\u00e1quina Lubricaci\u00f3n  Soporte Cambio a mejor precio\" \/>\n<meta property=\"og:url\" content=\"https:\/\/trustywatches.com\/en\/product\/replica-del-reloj-cartier-panthere-para-mujer-cuarzo-en-oro-rosa-de-27-mm\/\" \/>\n<meta property=\"og:site_name\" content=\"Trustywatches\" \/>\n<meta property=\"article:modified_time\" content=\"2026-03-05T06:45:24+00:00\" \/>\n<meta property=\"og:image\" content=\"https:\/\/trustywatches.com\/wp-content\/uploads\/2026\/01\/Dong-Ho-Cartier-Panthere-Replica-11-Nu-Mau-Vang-Hong-May-Pin-Thuy-Sy-27mm-1.jpg\" \/>\n\t<meta property=\"og:image:width\" content=\"1920\" \/>\n\t<meta property=\"og:image:height\" content=\"1920\" \/>\n\t<meta property=\"og:image:type\" content=\"image\/jpeg\" \/>\n<meta name=\"twitter:card\" content=\"summary_large_image\" \/>\n<script type=\"application\/ld+json\" class=\"yoast-schema-graph\">{\"@context\":\"https:\\\/\\\/schema.org\",\"@graph\":[{\"@type\":\"WebPage\",\"@id\":\"https:\\\/\\\/trustywatches.com\\\/product\\\/replica-del-reloj-cartier-panthere-para-mujer-cuarzo-en-oro-rosa-de-27-mm\\\/\",\"url\":\"https:\\\/\\\/trustywatches.com\\\/product\\\/replica-del-reloj-cartier-panthere-para-mujer-cuarzo-en-oro-rosa-de-27-mm\\\/\",\"name\":\"Replica Cartier Panthere watch for women, quartz in 27 mm rose gold - Trustywatches\",\"isPartOf\":{\"@id\":\"https:\\\/\\\/trustywatches.com\\\/#website\"},\"primaryImageOfPage\":{\"@id\":\"https:\\\/\\\/trustywatches.com\\\/product\\\/replica-del-reloj-cartier-panthere-para-mujer-cuarzo-en-oro-rosa-de-27-mm\\\/#primaryimage\"},\"image\":{\"@id\":\"https:\\\/\\\/trustywatches.com\\\/product\\\/replica-del-reloj-cartier-panthere-para-mujer-cuarzo-en-oro-rosa-de-27-mm\\\/#primaryimage\"},\"thumbnailUrl\":\"https:\\\/\\\/trustywatches.com\\\/wp-content\\\/uploads\\\/2026\\\/01\\\/Dong-Ho-Cartier-Panthere-Replica-11-Nu-Mau-Vang-Hong-May-Pin-Thuy-Sy-27mm-1.jpg\",\"datePublished\":\"2026-01-14T10:15:33+00:00\",\"dateModified\":\"2026-03-05T06:45:24+00:00\",\"breadcrumb\":{\"@id\":\"https:\\\/\\\/trustywatches.com\\\/product\\\/replica-del-reloj-cartier-panthere-para-mujer-cuarzo-en-oro-rosa-de-27-mm\\\/#breadcrumb\"},\"inLanguage\":\"en-US\",\"potentialAction\":[{\"@type\":\"ReadAction\",\"target\":[\"https:\\\/\\\/trustywatches.com\\\/product\\\/replica-del-reloj-cartier-panthere-para-mujer-cuarzo-en-oro-rosa-de-27-mm\\\/\"]}]},{\"@type\":\"ImageObject\",\"inLanguage\":\"en-US\",\"@id\":\"https:\\\/\\\/trustywatches.com\\\/product\\\/replica-del-reloj-cartier-panthere-para-mujer-cuarzo-en-oro-rosa-de-27-mm\\\/#primaryimage\",\"url\":\"https:\\\/\\\/trustywatches.com\\\/wp-content\\\/uploads\\\/2026\\\/01\\\/Dong-Ho-Cartier-Panthere-Replica-11-Nu-Mau-Vang-Hong-May-Pin-Thuy-Sy-27mm-1.jpg\",\"contentUrl\":\"https:\\\/\\\/trustywatches.com\\\/wp-content\\\/uploads\\\/2026\\\/01\\\/Dong-Ho-Cartier-Panthere-Replica-11-Nu-Mau-Vang-Hong-May-Pin-Thuy-Sy-27mm-1.jpg\",\"width\":1920,\"height\":1920},{\"@type\":\"BreadcrumbList\",\"@id\":\"https:\\\/\\\/trustywatches.com\\\/product\\\/replica-del-reloj-cartier-panthere-para-mujer-cuarzo-en-oro-rosa-de-27-mm\\\/#breadcrumb\",\"itemListElement\":[{\"@type\":\"ListItem\",\"position\":1,\"name\":\"Home\",\"item\":\"https:\\\/\\\/trustywatches.com\\\/\"},{\"@type\":\"ListItem\",\"position\":2,\"name\":\"TIENDA\",\"item\":\"https:\\\/\\\/trustywatches.com\\\/tienda\\\/\"},{\"@type\":\"ListItem\",\"position\":3,\"name\":\"Replica Cartier Panthere watch for women, quartz in 27 mm rose gold\"}]},{\"@type\":\"WebSite\",\"@id\":\"https:\\\/\\\/trustywatches.com\\\/#website\",\"url\":\"https:\\\/\\\/trustywatches.com\\\/\",\"name\":\"Trustywatches\",\"description\":\"\",\"potentialAction\":[{\"@type\":\"SearchAction\",\"target\":{\"@type\":\"EntryPoint\",\"urlTemplate\":\"https:\\\/\\\/trustywatches.com\\\/?s={search_term_string}\"},\"query-input\":{\"@type\":\"PropertyValueSpecification\",\"valueRequired\":true,\"valueName\":\"search_term_string\"}}],\"inLanguage\":\"en-US\"}]}<\/script>\n<!-- \/ Yoast SEO plugin. -->","yoast_head_json":{"title":"Replica Cartier Panthere watch for women, quartz in 27 mm rose gold - Trustywatches","robots":{"index":"index","follow":"follow","max-snippet":"max-snippet:-1","max-image-preview":"max-image-preview:large","max-video-preview":"max-video-preview:-1"},"canonical":"https:\/\/trustywatches.com\/en\/product\/replica-del-reloj-cartier-panthere-para-mujer-cuarzo-en-oro-rosa-de-27-mm\/","og_locale":"en_US","og_type":"article","og_title":"Replica Cartier Panthere watch for women, quartz in 27 mm rose gold - Trustywatches","og_description":"ESPECIFICACIONES \u2013 GARANT\u00cdADE LA R\u00c9PLICA DEL RELOJ CARTIER PANTHERE  Especificaci\u00f3n Detalles  Tama\u00f1o 27 mm  Material Acero inoxidable  Correa Correa met\u00e1lica  Movimiento Cuarzo Pila suiza  Cristal Zafiro macizo  Funciones Funcionalidad  Resistencia al agua Buena  Garant\u00eda 5 a\u00f1os en el movimiento  Servicios Spa gratuito - M\u00e1quina Lubricaci\u00f3n  Soporte Cambio a mejor precio","og_url":"https:\/\/trustywatches.com\/en\/product\/replica-del-reloj-cartier-panthere-para-mujer-cuarzo-en-oro-rosa-de-27-mm\/","og_site_name":"Trustywatches","article_modified_time":"2026-03-05T06:45:24+00:00","og_image":[{"width":1920,"height":1920,"url":"https:\/\/trustywatches.com\/wp-content\/uploads\/2026\/01\/Dong-Ho-Cartier-Panthere-Replica-11-Nu-Mau-Vang-Hong-May-Pin-Thuy-Sy-27mm-1.jpg","type":"image\/jpeg"}],"twitter_card":"summary_large_image","schema":{"@context":"https:\/\/schema.org","@graph":[{"@type":"WebPage","@id":"https:\/\/trustywatches.com\/product\/replica-del-reloj-cartier-panthere-para-mujer-cuarzo-en-oro-rosa-de-27-mm\/","url":"https:\/\/trustywatches.com\/product\/replica-del-reloj-cartier-panthere-para-mujer-cuarzo-en-oro-rosa-de-27-mm\/","name":"Replica Cartier Panthere watch for women, quartz in 27 mm rose gold - Trustywatches","isPartOf":{"@id":"https:\/\/trustywatches.com\/#website"},"primaryImageOfPage":{"@id":"https:\/\/trustywatches.com\/product\/replica-del-reloj-cartier-panthere-para-mujer-cuarzo-en-oro-rosa-de-27-mm\/#primaryimage"},"image":{"@id":"https:\/\/trustywatches.com\/product\/replica-del-reloj-cartier-panthere-para-mujer-cuarzo-en-oro-rosa-de-27-mm\/#primaryimage"},"thumbnailUrl":"https:\/\/trustywatches.com\/wp-content\/uploads\/2026\/01\/Dong-Ho-Cartier-Panthere-Replica-11-Nu-Mau-Vang-Hong-May-Pin-Thuy-Sy-27mm-1.jpg","datePublished":"2026-01-14T10:15:33+00:00","dateModified":"2026-03-05T06:45:24+00:00","breadcrumb":{"@id":"https:\/\/trustywatches.com\/product\/replica-del-reloj-cartier-panthere-para-mujer-cuarzo-en-oro-rosa-de-27-mm\/#breadcrumb"},"inLanguage":"en-US","potentialAction":[{"@type":"ReadAction","target":["https:\/\/trustywatches.com\/product\/replica-del-reloj-cartier-panthere-para-mujer-cuarzo-en-oro-rosa-de-27-mm\/"]}]},{"@type":"ImageObject","inLanguage":"en-US","@id":"https:\/\/trustywatches.com\/product\/replica-del-reloj-cartier-panthere-para-mujer-cuarzo-en-oro-rosa-de-27-mm\/#primaryimage","url":"https:\/\/trustywatches.com\/wp-content\/uploads\/2026\/01\/Dong-Ho-Cartier-Panthere-Replica-11-Nu-Mau-Vang-Hong-May-Pin-Thuy-Sy-27mm-1.jpg","contentUrl":"https:\/\/trustywatches.com\/wp-content\/uploads\/2026\/01\/Dong-Ho-Cartier-Panthere-Replica-11-Nu-Mau-Vang-Hong-May-Pin-Thuy-Sy-27mm-1.jpg","width":1920,"height":1920},{"@type":"BreadcrumbList","@id":"https:\/\/trustywatches.com\/product\/replica-del-reloj-cartier-panthere-para-mujer-cuarzo-en-oro-rosa-de-27-mm\/#breadcrumb","itemListElement":[{"@type":"ListItem","position":1,"name":"Home","item":"https:\/\/trustywatches.com\/"},{"@type":"ListItem","position":2,"name":"TIENDA","item":"https:\/\/trustywatches.com\/tienda\/"},{"@type":"ListItem","position":3,"name":"Replica Cartier Panthere watch for women, quartz in 27 mm rose gold"}]},{"@type":"WebSite","@id":"https:\/\/trustywatches.com\/#website","url":"https:\/\/trustywatches.com\/","name":"Trustywatches","description":"","potentialAction":[{"@type":"SearchAction","target":{"@type":"EntryPoint","urlTemplate":"https:\/\/trustywatches.com\/?s={search_term_string}"},"query-input":{"@type":"PropertyValueSpecification","valueRequired":true,"valueName":"search_term_string"}}],"inLanguage":"en-US"}]}},"post_mailing_queue_ids":[],"_links":{"self":[{"href":"https:\/\/trustywatches.com\/en\/wp-json\/wp\/v2\/product\/22370","targetHints":{"allow":["GET"]}}],"collection":[{"href":"https:\/\/trustywatches.com\/en\/wp-json\/wp\/v2\/product"}],"about":[{"href":"https:\/\/trustywatches.com\/en\/wp-json\/wp\/v2\/types\/product"}],"replies":[{"embeddable":true,"href":"https:\/\/trustywatches.com\/en\/wp-json\/wp\/v2\/comments?post=22370"}],"wp:featuredmedia":[{"embeddable":true,"href":"https:\/\/trustywatches.com\/en\/wp-json\/wp\/v2\/media\/23935"}],"wp:attachment":[{"href":"https:\/\/trustywatches.com\/en\/wp-json\/wp\/v2\/media?parent=22370"}],"wp:term":[{"taxonomy":"product_brand","embeddable":true,"href":"https:\/\/trustywatches.com\/en\/wp-json\/wp\/v2\/product_brand?post=22370"},{"taxonomy":"product_cat","embeddable":true,"href":"https:\/\/trustywatches.com\/en\/wp-json\/wp\/v2\/product_cat?post=22370"},{"taxonomy":"product_tag","embeddable":true,"href":"https:\/\/trustywatches.com\/en\/wp-json\/wp\/v2\/product_tag?post=22370"}],"curies":[{"name":"wp","href":"https:\/\/api.w.org\/{rel}","templated":true}]}}