{"id":22377,"date":"2026-01-14T04:15:34","date_gmt":"2026-01-14T10:15:34","guid":{"rendered":"https:\/\/darkgreen-grouse-660966.hostingersite.com\/product\/replica-del-reloj-audemars-piguet-15500-11-esfera-azul-aps-factory-41-mm\/"},"modified":"2026-03-05T00:45:24","modified_gmt":"2026-03-05T06:45:24","slug":"replica-del-reloj-audemars-piguet-15500-11-esfera-azul-aps-factory-41-mm","status":"publish","type":"product","link":"https:\/\/trustywatches.com\/en\/product\/replica-del-reloj-audemars-piguet-15500-11-esfera-azul-aps-factory-41-mm\/","title":{"rendered":"Audemars Piguet 15500 11 replica watch, blue dial, APS Factory, 41 mm"},"content":{"rendered":"<h2><strong>Audemars Piguet 15500 Replica 11 watch in King Replica<\/strong><\/h2>\n<p><img fetchpriority=\"high\" decoding=\"async\" class=\"aligncenter size-large wp-image-24003\" src=\"https:\/\/kingreplica.com.vn\/wp-content\/uploads\/2024\/10\/Dong-Ho-Audemars-Piguet-15500-Replica-11-Mat-Xanh-Blue-Nha-May-APS-41mm-1-1024x1024.jpg\" alt=\"??ng H? Audemars Piguet 15500 Replica 11 M?t Xanh Blue Nh?? M??y APS 41mm (2)\" width=\"1020\" height=\"1020\" \/> <img decoding=\"async\" class=\"aligncenter size-large wp-image-23995\" src=\"https:\/\/kingreplica.com.vn\/wp-content\/uploads\/2024\/10\/Dong-Ho-Audemars-Piguet-15500-Replica-11-Mat-Xanh-Blue-Nha-May-APS-41mm-2-1024x1024.jpg\" alt=\"Dong Ho Audemars Piguet 15500 Replica 11 M?t Xanh Blue Nh?? M??y APS 41mm (2)\" width=\"1020\" height=\" 1020\" \/> <img decoding=\"async\" class=\"aligncenter size-large wp-image-23997\" src=\"https:\/\/kingreplica.com.vn\/wp-content\/uploads\/2024\/10\/Dong-Ho-Audemars-Piguet-15500-Replica-11-Mat-Xanh-Blue-Nha-May-APS-41mm-4-1024x1024.jpg\" alt=\"Dong Ho Audemars Piguet 15500 Replica 11 M?t Xanh Blue Nh?? M??y APS 41mm (2)\" width=\"1020\" height=\"1020\" \/> <img decoding=\"async\" class=\"aligncenter size-large wp-image-23996\" src=\"https:\/\/kingreplica.com.vn\/wp-content\/uploads\/2024\/10\/Dong-Ho-Audemars-Piguet-15500-Replica-11-Mat-Xanh-Blue-Nha-May-APS-41mm-3-1024x1024.jpg\" alt=\"Dong Ho Audemars Piguet 15500 Replica 11 M?t Xanh Blue Nh?? M??y APS 41mm (2)\" width=\"1020\" height=\"1020\" \/> <img decoding=\"async\" class=\"aligncenter size-large wp-image-24002\" src=\"https:\/\/kingreplica.com.vn\/wp-content\/uploads\/2024\/10\/Dong-Ho-Audemars-Piguet-15500-Replica-11-Mat-Xanh-Blue-Nha-May-APS-41mm-9-1024x1024.jpg\" alt=\"Dong Ho Audemars Piguet 15500 Replica 11 M?t Xanh Blue Nh?? M??y APS 41mm (2)\" width=\"1020\" height=\" 1020\" \/> <img loading=\"lazy\" decoding=\"async\" class=\"aligncenter size-large wp-image-23998\" src=\"https:\/\/kingreplica.com.vn\/wp-content\/uploads\/2024\/10\/Dong-Ho-Audemars-Piguet-15500-Replica-11-Mat-Xanh-Blue-Nha-May-APS-41mm-5-1024x1024.jpg\" alt=\"Dong Ho Audemars Piguet 15500 Replica 11 M?t Xanh Blue Nh?? M??y APS 41mm (2)\" width=\"1020\" height=\"1020\" \/> <img loading=\"lazy\" decoding=\"async\" class=\"aligncenter size-large wp-image-24001\" src=\"https:\/\/kingreplica.com.vn\/wp-content\/uploads\/2024\/10\/Dong-Ho-Audemars-Piguet-15500-Replica-11-Mat-Xanh-Blue-Nha-May-APS-41mm-8-1024x1024.jpg\" alt=\"Dong Ho Audemars Piguet 15500 Replica 11 M?t Xanh Blue Nh?? M??y APS 41mm (2)\" width=\"1020\" height=\"1020\" \/> <img decoding=\"async\" class=\"aligncenter size-large wp-image-23999\" src=\"https:\/\/kingreplica.com.vn\/wp-content\/uploads\/2024\/10\/Dong-Ho-Audemars-Piguet-15500-Replica-11-Mat-Xanh-Blue-Nha-May-APS-41mm-6-1024x1024.jpg\" alt=\"Dong Ho Audemars Piguet 15500 Replica 11 M?t Xanh Blue Nh?? M??y APS 41mm (2)\" width=\"1020\" height=\" 1020\" \/> <img loading=\"lazy\" decoding=\"async\" class=\"aligncenter size-large wp-image-24000\" src=\"https:\/\/kingreplica.com.vn\/wp-content\/uploads\/2024\/10\/Dong-Ho-Audemars-Piguet-15500-Replica-11-Mat-Xanh-Blue-Nha-May-APS-41mm-7-1024x1024.jpg\" alt=\"??ng H? Audemars Piguet 15500 Replica 11 M?t Xanh Blue Nh?? M??y APS 41mm (2)\" width=\"1020\" height=\"1020\" \/><\/p>","protected":false},"excerpt":{"rendered":"<h2><strong>ESPECIFICACIONES \u2013 GARANT\u00cdA<\/strong><strong>DE LA R\u00c9PLICA DEL RELOJ AUDEMARS PIGUET 15500<\/strong><\/h2>\n<table class=\"shop_attributes\" width=\"480\">\n<tbody>\n<tr>\n<th><strong>Especificaci\u00f3n<\/strong><\/th>\n<td><strong>Detalles<\/strong><\/td>\n<\/tr>\n<tr>\n<th><strong>Tama\u00f1o<\/strong><\/th>\n<td><strong>41 mm<\/strong><\/td>\n<\/tr>\n<tr>\n<th>Material<\/th>\n<td><strong>Acero inoxidable<\/strong><\/td>\n<\/tr>\n<tr>\n<th><strong>Correa<\/strong><\/th>\n<td><strong>Correa met\u00e1lica<\/strong><\/td>\n<\/tr>\n<tr>\n<th><strong>Movimiento<\/strong><\/th>\n<td><strong>Autom\u00e1tico \u2013 Super Clone<br \/>\n<\/strong><\/td>\n<\/tr>\n<tr>\n<th><strong>Cristal<\/strong><\/th>\n<td><strong>Zafiro macizo<\/strong><\/td>\n<\/tr>\n<tr>\n<th><strong>Funciones<\/strong><\/th>\n<td><strong>Funcionalidad<\/strong><\/td>\n<\/tr>\n<tr>\n<th>Resistencia al agua<\/th>\n<td><strong><span class=\"text_exposed_show\">Buena<\/span><\/strong><\/td>\n<\/tr>\n<tr>\n<th>Garant\u00eda<\/th>\n<td><strong>5 a\u00f1os de garant\u00eda en el movimiento<\/strong><\/td>\n<\/tr>\n<tr>\n<th><strong>Servicios<\/strong><\/th>\n<td><strong>Spa gratuito \u2013 M\u00e1quina Lubricaci\u00f3n<br \/>\n<\/strong><\/td>\n<\/tr>\n<tr>\n<th><strong>Soporte<\/strong><\/th>\n<td><strong>Cambio a mejor precio<\/strong><\/td>\n<\/tr>\n<\/tbody>\n<\/table>","protected":false},"featured_media":23999,"comment_status":"open","ping_status":"closed","template":"","meta":{"iawp_total_views":1},"product_brand":[],"product_cat":[195,216],"product_tag":[452,459],"class_list":{"0":"post-22377","1":"product","2":"type-product","3":"status-publish","4":"has-post-thumbnail","6":"product_cat-audemars-piguet","7":"product_cat-audemars-piguet-royal-oak","8":"product_tag-replica-de-reloj","9":"product_tag-replica-de-reloj-audemars-piguet","11":"first","12":"instock","13":"sale","14":"shipping-taxable","15":"purchasable","16":"product-type-simple"},"yoast_head":"<!-- This site is optimized with the Yoast SEO plugin v27.3 - https:\/\/yoast.com\/product\/yoast-seo-wordpress\/ -->\n<title>Audemars Piguet 15500 11 replica watch, blue dial, APS Factory, 41 mm - Trustywatches<\/title>\n<meta name=\"robots\" content=\"index, follow, max-snippet:-1, max-image-preview:large, max-video-preview:-1\" \/>\n<link rel=\"canonical\" href=\"https:\/\/trustywatches.com\/en\/product\/replica-del-reloj-audemars-piguet-15500-11-esfera-azul-aps-factory-41-mm\/\" \/>\n<meta property=\"og:locale\" content=\"en_US\" \/>\n<meta property=\"og:type\" content=\"article\" \/>\n<meta property=\"og:title\" content=\"Audemars Piguet 15500 11 replica watch, blue dial, APS Factory, 41 mm - Trustywatches\" \/>\n<meta property=\"og:description\" content=\"ESPECIFICACIONES \u2013 GARANT\u00cdADE LA R\u00c9PLICA DEL RELOJ AUDEMARS PIGUET 15500  Especificaci\u00f3n Detalles  Tama\u00f1o 41 mm  Material Acero inoxidable  Correa Correa met\u00e1lica  Movimiento Autom\u00e1tico \u2013 Super Clone  Cristal Zafiro macizo  Funciones Funcionalidad  Resistencia al agua Buena  Garant\u00eda 5 a\u00f1os de garant\u00eda en el movimiento  Servicios Spa gratuito \u2013 M\u00e1quina Lubricaci\u00f3n  Soporte Cambio a mejor precio\" \/>\n<meta property=\"og:url\" content=\"https:\/\/trustywatches.com\/en\/product\/replica-del-reloj-audemars-piguet-15500-11-esfera-azul-aps-factory-41-mm\/\" \/>\n<meta property=\"og:site_name\" content=\"Trustywatches\" \/>\n<meta property=\"article:modified_time\" content=\"2026-03-05T06:45:24+00:00\" \/>\n<meta property=\"og:image\" content=\"https:\/\/trustywatches.com\/wp-content\/uploads\/2026\/01\/Dong-Ho-Audemars-Piguet-15500-Replica-11-Mat-Xanh-Blue-Nha-May-APS-41mm-1.jpg\" \/>\n\t<meta property=\"og:image:width\" content=\"1920\" \/>\n\t<meta property=\"og:image:height\" content=\"1920\" \/>\n\t<meta property=\"og:image:type\" content=\"image\/jpeg\" \/>\n<meta name=\"twitter:card\" content=\"summary_large_image\" \/>\n<script type=\"application\/ld+json\" class=\"yoast-schema-graph\">{\"@context\":\"https:\\\/\\\/schema.org\",\"@graph\":[{\"@type\":\"WebPage\",\"@id\":\"https:\\\/\\\/trustywatches.com\\\/product\\\/replica-del-reloj-audemars-piguet-15500-11-esfera-azul-aps-factory-41-mm\\\/\",\"url\":\"https:\\\/\\\/trustywatches.com\\\/product\\\/replica-del-reloj-audemars-piguet-15500-11-esfera-azul-aps-factory-41-mm\\\/\",\"name\":\"Audemars Piguet 15500 11 replica watch, blue dial, APS Factory, 41 mm - Trustywatches\",\"isPartOf\":{\"@id\":\"https:\\\/\\\/trustywatches.com\\\/#website\"},\"primaryImageOfPage\":{\"@id\":\"https:\\\/\\\/trustywatches.com\\\/product\\\/replica-del-reloj-audemars-piguet-15500-11-esfera-azul-aps-factory-41-mm\\\/#primaryimage\"},\"image\":{\"@id\":\"https:\\\/\\\/trustywatches.com\\\/product\\\/replica-del-reloj-audemars-piguet-15500-11-esfera-azul-aps-factory-41-mm\\\/#primaryimage\"},\"thumbnailUrl\":\"https:\\\/\\\/trustywatches.com\\\/wp-content\\\/uploads\\\/2026\\\/01\\\/Dong-Ho-Audemars-Piguet-15500-Replica-11-Mat-Xanh-Blue-Nha-May-APS-41mm-1.jpg\",\"datePublished\":\"2026-01-14T10:15:34+00:00\",\"dateModified\":\"2026-03-05T06:45:24+00:00\",\"breadcrumb\":{\"@id\":\"https:\\\/\\\/trustywatches.com\\\/product\\\/replica-del-reloj-audemars-piguet-15500-11-esfera-azul-aps-factory-41-mm\\\/#breadcrumb\"},\"inLanguage\":\"en-US\",\"potentialAction\":[{\"@type\":\"ReadAction\",\"target\":[\"https:\\\/\\\/trustywatches.com\\\/product\\\/replica-del-reloj-audemars-piguet-15500-11-esfera-azul-aps-factory-41-mm\\\/\"]}]},{\"@type\":\"ImageObject\",\"inLanguage\":\"en-US\",\"@id\":\"https:\\\/\\\/trustywatches.com\\\/product\\\/replica-del-reloj-audemars-piguet-15500-11-esfera-azul-aps-factory-41-mm\\\/#primaryimage\",\"url\":\"https:\\\/\\\/trustywatches.com\\\/wp-content\\\/uploads\\\/2026\\\/01\\\/Dong-Ho-Audemars-Piguet-15500-Replica-11-Mat-Xanh-Blue-Nha-May-APS-41mm-1.jpg\",\"contentUrl\":\"https:\\\/\\\/trustywatches.com\\\/wp-content\\\/uploads\\\/2026\\\/01\\\/Dong-Ho-Audemars-Piguet-15500-Replica-11-Mat-Xanh-Blue-Nha-May-APS-41mm-1.jpg\",\"width\":1920,\"height\":1920},{\"@type\":\"BreadcrumbList\",\"@id\":\"https:\\\/\\\/trustywatches.com\\\/product\\\/replica-del-reloj-audemars-piguet-15500-11-esfera-azul-aps-factory-41-mm\\\/#breadcrumb\",\"itemListElement\":[{\"@type\":\"ListItem\",\"position\":1,\"name\":\"Home\",\"item\":\"https:\\\/\\\/trustywatches.com\\\/\"},{\"@type\":\"ListItem\",\"position\":2,\"name\":\"TIENDA\",\"item\":\"https:\\\/\\\/trustywatches.com\\\/tienda\\\/\"},{\"@type\":\"ListItem\",\"position\":3,\"name\":\"Audemars Piguet 15500 11 replica watch, blue dial, APS Factory, 41 mm\"}]},{\"@type\":\"WebSite\",\"@id\":\"https:\\\/\\\/trustywatches.com\\\/#website\",\"url\":\"https:\\\/\\\/trustywatches.com\\\/\",\"name\":\"Trustywatches\",\"description\":\"\",\"potentialAction\":[{\"@type\":\"SearchAction\",\"target\":{\"@type\":\"EntryPoint\",\"urlTemplate\":\"https:\\\/\\\/trustywatches.com\\\/?s={search_term_string}\"},\"query-input\":{\"@type\":\"PropertyValueSpecification\",\"valueRequired\":true,\"valueName\":\"search_term_string\"}}],\"inLanguage\":\"en-US\"}]}<\/script>\n<!-- \/ Yoast SEO plugin. -->","yoast_head_json":{"title":"Audemars Piguet 15500 11 replica watch, blue dial, APS Factory, 41 mm - Trustywatches","robots":{"index":"index","follow":"follow","max-snippet":"max-snippet:-1","max-image-preview":"max-image-preview:large","max-video-preview":"max-video-preview:-1"},"canonical":"https:\/\/trustywatches.com\/en\/product\/replica-del-reloj-audemars-piguet-15500-11-esfera-azul-aps-factory-41-mm\/","og_locale":"en_US","og_type":"article","og_title":"Audemars Piguet 15500 11 replica watch, blue dial, APS Factory, 41 mm - Trustywatches","og_description":"ESPECIFICACIONES \u2013 GARANT\u00cdADE LA R\u00c9PLICA DEL RELOJ AUDEMARS PIGUET 15500  Especificaci\u00f3n Detalles  Tama\u00f1o 41 mm  Material Acero inoxidable  Correa Correa met\u00e1lica  Movimiento Autom\u00e1tico \u2013 Super Clone  Cristal Zafiro macizo  Funciones Funcionalidad  Resistencia al agua Buena  Garant\u00eda 5 a\u00f1os de garant\u00eda en el movimiento  Servicios Spa gratuito \u2013 M\u00e1quina Lubricaci\u00f3n  Soporte Cambio a mejor precio","og_url":"https:\/\/trustywatches.com\/en\/product\/replica-del-reloj-audemars-piguet-15500-11-esfera-azul-aps-factory-41-mm\/","og_site_name":"Trustywatches","article_modified_time":"2026-03-05T06:45:24+00:00","og_image":[{"width":1920,"height":1920,"url":"https:\/\/trustywatches.com\/wp-content\/uploads\/2026\/01\/Dong-Ho-Audemars-Piguet-15500-Replica-11-Mat-Xanh-Blue-Nha-May-APS-41mm-1.jpg","type":"image\/jpeg"}],"twitter_card":"summary_large_image","schema":{"@context":"https:\/\/schema.org","@graph":[{"@type":"WebPage","@id":"https:\/\/trustywatches.com\/product\/replica-del-reloj-audemars-piguet-15500-11-esfera-azul-aps-factory-41-mm\/","url":"https:\/\/trustywatches.com\/product\/replica-del-reloj-audemars-piguet-15500-11-esfera-azul-aps-factory-41-mm\/","name":"Audemars Piguet 15500 11 replica watch, blue dial, APS Factory, 41 mm - Trustywatches","isPartOf":{"@id":"https:\/\/trustywatches.com\/#website"},"primaryImageOfPage":{"@id":"https:\/\/trustywatches.com\/product\/replica-del-reloj-audemars-piguet-15500-11-esfera-azul-aps-factory-41-mm\/#primaryimage"},"image":{"@id":"https:\/\/trustywatches.com\/product\/replica-del-reloj-audemars-piguet-15500-11-esfera-azul-aps-factory-41-mm\/#primaryimage"},"thumbnailUrl":"https:\/\/trustywatches.com\/wp-content\/uploads\/2026\/01\/Dong-Ho-Audemars-Piguet-15500-Replica-11-Mat-Xanh-Blue-Nha-May-APS-41mm-1.jpg","datePublished":"2026-01-14T10:15:34+00:00","dateModified":"2026-03-05T06:45:24+00:00","breadcrumb":{"@id":"https:\/\/trustywatches.com\/product\/replica-del-reloj-audemars-piguet-15500-11-esfera-azul-aps-factory-41-mm\/#breadcrumb"},"inLanguage":"en-US","potentialAction":[{"@type":"ReadAction","target":["https:\/\/trustywatches.com\/product\/replica-del-reloj-audemars-piguet-15500-11-esfera-azul-aps-factory-41-mm\/"]}]},{"@type":"ImageObject","inLanguage":"en-US","@id":"https:\/\/trustywatches.com\/product\/replica-del-reloj-audemars-piguet-15500-11-esfera-azul-aps-factory-41-mm\/#primaryimage","url":"https:\/\/trustywatches.com\/wp-content\/uploads\/2026\/01\/Dong-Ho-Audemars-Piguet-15500-Replica-11-Mat-Xanh-Blue-Nha-May-APS-41mm-1.jpg","contentUrl":"https:\/\/trustywatches.com\/wp-content\/uploads\/2026\/01\/Dong-Ho-Audemars-Piguet-15500-Replica-11-Mat-Xanh-Blue-Nha-May-APS-41mm-1.jpg","width":1920,"height":1920},{"@type":"BreadcrumbList","@id":"https:\/\/trustywatches.com\/product\/replica-del-reloj-audemars-piguet-15500-11-esfera-azul-aps-factory-41-mm\/#breadcrumb","itemListElement":[{"@type":"ListItem","position":1,"name":"Home","item":"https:\/\/trustywatches.com\/"},{"@type":"ListItem","position":2,"name":"TIENDA","item":"https:\/\/trustywatches.com\/tienda\/"},{"@type":"ListItem","position":3,"name":"Audemars Piguet 15500 11 replica watch, blue dial, APS Factory, 41 mm"}]},{"@type":"WebSite","@id":"https:\/\/trustywatches.com\/#website","url":"https:\/\/trustywatches.com\/","name":"Trustywatches","description":"","potentialAction":[{"@type":"SearchAction","target":{"@type":"EntryPoint","urlTemplate":"https:\/\/trustywatches.com\/?s={search_term_string}"},"query-input":{"@type":"PropertyValueSpecification","valueRequired":true,"valueName":"search_term_string"}}],"inLanguage":"en-US"}]}},"post_mailing_queue_ids":[],"_links":{"self":[{"href":"https:\/\/trustywatches.com\/en\/wp-json\/wp\/v2\/product\/22377","targetHints":{"allow":["GET"]}}],"collection":[{"href":"https:\/\/trustywatches.com\/en\/wp-json\/wp\/v2\/product"}],"about":[{"href":"https:\/\/trustywatches.com\/en\/wp-json\/wp\/v2\/types\/product"}],"replies":[{"embeddable":true,"href":"https:\/\/trustywatches.com\/en\/wp-json\/wp\/v2\/comments?post=22377"}],"wp:featuredmedia":[{"embeddable":true,"href":"https:\/\/trustywatches.com\/en\/wp-json\/wp\/v2\/media\/23999"}],"wp:attachment":[{"href":"https:\/\/trustywatches.com\/en\/wp-json\/wp\/v2\/media?parent=22377"}],"wp:term":[{"taxonomy":"product_brand","embeddable":true,"href":"https:\/\/trustywatches.com\/en\/wp-json\/wp\/v2\/product_brand?post=22377"},{"taxonomy":"product_cat","embeddable":true,"href":"https:\/\/trustywatches.com\/en\/wp-json\/wp\/v2\/product_cat?post=22377"},{"taxonomy":"product_tag","embeddable":true,"href":"https:\/\/trustywatches.com\/en\/wp-json\/wp\/v2\/product_tag?post=22377"}],"curies":[{"name":"wp","href":"https:\/\/api.w.org\/{rel}","templated":true}]}}