{"id":22380,"date":"2026-01-14T04:15:34","date_gmt":"2026-01-14T10:15:34","guid":{"rendered":"https:\/\/darkgreen-grouse-660966.hostingersite.com\/product\/replica-omega-de-ville-prestige-power-reserve-11-relojes-esfera-blanca-correa-de-cuero-395-mm\/"},"modified":"2026-03-05T00:45:25","modified_gmt":"2026-03-05T06:45:25","slug":"replica-omega-de-ville-prestige-power-reserve-11-relojes-esfera-blanca-correa-de-cuero-395-mm","status":"publish","type":"product","link":"https:\/\/trustywatches.com\/en\/product\/replica-omega-de-ville-prestige-power-reserve-11-relojes-esfera-blanca-correa-de-cuero-395-mm\/","title":{"rendered":"Replica Omega De Ville Prestige Power Reserve 11 Watches White Dial Leather Strap 39.5 mm"},"content":{"rendered":"<h2><strong>Replica Omega De Ville Prestige Power Reserve 11 Watches<\/strong><\/h2>\n<p><a href=\"http:\/\/omegawatches.com\/\" target=\"_blank\" rel=\"noopener\">Omega<\/a> It is one of the most recognized and popular watch brands in the world, recognized for its sophisticated combination of craftsmanship and modern technology. Among Omega&#8217;s most notable models is the Omega De Ville Prestige Power Reserve, with an elegant design and superior functionality. Although the replica 11 of this model is not an official Omega product, it has numerous attractive features that attract watch enthusiasts.<\/p>\n<p>With a diameter of 39.5 mm, this watch fits comfortably on most wrists, providing a feeling of elegance and comfort. The simple yet refined silver dial, enhanced by rose gold Roman numerals, creates a classic look and ensures easy reading. This design is ideal for both formal occasions and everyday use.<\/p>\n<p>The case and strap are made of high-quality stainless steel, offering durability and scratch resistance, while maintaining its polished appearance. over time. The robust metal bracelet, with meticulously crafted links, provides harmony and comfort when wearing it.<\/p>\n<p>The special feature of the Omega De Ville Prestige Power Reserve is its power reserve function, which allows the watch runs smoothly for long periods when not in use. A small indicator on the dial shows the remaining power level, allowing users to control and recharge the watch at the right time.<\/p>\n<p>This replica of the Omega De Ville Prestige is equipped with a movement Automatic mechanical that works similarly to the original, ensuring high precision. Although not the standard Omega movement, this replica offers stability and reliability, especially at a reasonable price.<\/p>\n<p>Precision is a crucial aspect for any watch. The Replica 11 version of the Omega De Ville Prestige, while not as flawless as the original, achieves a remarkable level of precision. Elements such as the hour, minute and second hands move fluidly and without significant delays.<\/p>\n<p>Replicas are ideal for those who appreciate the design and prestige of famous brands without wanting to spend too much. The Omega De Ville Prestige Power Reserve Replica 11 offers the opportunity to own a premium design at a much more affordable price than the original. Although it does not reach the perfection of an authentic Omega, its reasonable price and careful manufacturing make it an option to consider.<\/p>\n<p>The <a href=\"https:\/\/kingreplica.com.vn\/sanpham\/omega-replica-watch\/\" target=\"_blank\" rel=\"noopener\">Omega De Ville Prestige Power Reserve Replica 11 High quality with brown leather strap, 39.5 mm<\/a> combines elegant design, power reserve function and durability. Although it is only a replica, this watch offers substantial value in aesthetics and functionality. With its affordable price, it is the ideal option for those who love luxury watches without a large investment.<\/p>\n<p><img fetchpriority=\"high\" decoding=\"async\" class=\"aligncenter size-large wp-image-24228\" src=\"https:\/\/kingreplica.com.vn\/wp-content\/uploads\/2024\/10\/Dong-Ho-Omega-De-Ville-Prestige-Power-Reserve-Replica-11-Mat-Trang-Day-Da-39-2-1024x1024.jpg\" alt=\"??ng H? Omega De Ville Prestige Power Reserve Replica 11 M?t Tr?ng Day Da 39 (2)\" width=\"1020\" height=\"1020\" \/> <img decoding=\"async\" class=\"aligncenter size-large wp-image-24235\" src=\"https:\/\/kingreplica.com.vn\/wp-content\/uploads\/2024\/10\/Dong-Ho-Omega-De-Ville-Prestige-Power-Reserve-Replica-11-Mat-Trang-Day-Da-39-9-1024x1024.jpg\" alt=\"Dong Ho Omega De Ville Prestige Power Reserve Replica 11 M?t Tr?ng Day Da 39 (7)\" width=\"1020\" height=\"1020\" \/> <img decoding=\"async\" class=\"aligncenter size-large wp-image-24233\" src=\"https:\/\/kingreplica.com.vn\/wp-content\/uploads\/2024\/10\/Dong-Ho-Omega-De-Ville-Prestige-Power-Reserve-Replica-11-Mat-Trang-Day-Da-39-7-1024x1024.jpg\" alt=\"Dong Ho Omega De Ville Prestige Power Reserve Replica 11 M?t Tr?ng Day Da 39 (7)\" width=\"1020\" height=\"1020\" \/> <img loading=\"lazy\" decoding=\"async\" class=\"aligncenter size-large wp-image-24231\" src=\"https:\/\/kingreplica.com.vn\/wp-content\/uploads\/2024\/10\/Dong-Ho-Omega-De-Ville-Prestige-Power-Reserve-Replica-11-Mat-Trang-Day-Da-39-5-1024x1024.jpg\" alt=\"Dong Ho Omega De Ville Prestige Power Reserve Replica 11 M?t Tr?ng Day Da 39 (2)\" width=\"1020\" height=\"1020\" \/> <img loading=\"lazy\" decoding=\"async\" class=\"aligncenter size-large wp-image-24229\" src=\"https:\/\/kingreplica.com.vn\/wp-content\/uploads\/2024\/10\/Dong-Ho-Omega-De-Ville-Prestige-Power-Reserve-Replica-11-Mat-Trang-Day-Da-39-3-1024x1024.jpg\" alt=\"Dong Ho Omega De Ville Prestige Power Reserve Replica 11 M?t Tr?ng Day Da 39 (2)\" width=\"1020\" height=\"1020\" \/> <img loading=\"lazy\" decoding=\"async\" class=\"aligncenter size-large wp-image-24230\" src=\"https:\/\/kingreplica.com.vn\/wp-content\/uploads\/2024\/10\/Dong-Ho-Omega-De-Ville-Prestige-Power-Reserve-Replica-11-Mat-Trang-Day-Da-39-4-1024x1024.jpg\" alt=\"Dong Ho Omega De Ville Prestige Power Reserve Replica 11 M?t Tr?ng Day Da 39 (2)\" width=\"1020\" height=\"1020\" \/> <img loading=\"lazy\" decoding=\"async\" class=\"aligncenter size-large wp-image-24236\" src=\"https:\/\/kingreplica.com.vn\/wp-content\/uploads\/2024\/10\/Dong-Ho-Omega-De-Ville-Prestige-Power-Reserve-Replica-11-Mat-Trang-Day-Da-39-1-1024x1024.jpg\" alt=\"Dong Ho Omega De Ville Prestige Power Reserve Replica 11 M?t Tr?ng Day Da 39 (7)\" width=\"1020\" height=\"1020\" \/> <img loading=\"lazy\" decoding=\"async\" class=\"aligncenter size-large wp-image-24234\" src=\"https:\/\/kingreplica.com.vn\/wp-content\/uploads\/2024\/10\/Dong-Ho-Omega-De-Ville-Prestige-Power-Reserve-Replica-11-Mat-Trang-Day-Da-39-8-1024x1024.jpg\" alt=\"Dong Ho Omega De Ville Prestige Power Reserve Replica 11 M?t Tr?ng Day Da 39 (7)\" width=\"1020\" height=\"1020\" \/> <img loading=\"lazy\" decoding=\"async\" class=\"aligncenter size-large wp-image-24232\" src=\"https:\/\/kingreplica.com.vn\/wp-content\/uploads\/2024\/10\/Dong-Ho-Omega-De-Ville-Prestige-Power-Reserve-Replica-11-Mat-Trang-Day-Da-39-6-1024x1024.jpg\" alt=\"??ng H? Omega De Ville Prestige Power Reserve Replica 11 M?t Tr?ng Day Da 39 (2)\" width=\"1020\" height=\"1020\" \/><\/p>","protected":false},"excerpt":{"rendered":"<h2><strong>ESPECIFICACIONES \u2013 GARANT\u00cdA<\/strong><strong>DE LOS RELOJES OMEGA R\u00c9PLICA 11<\/strong><\/h2>\n<table class=\"shop_attributes\" width=\"480\">\n<tbody>\n<tr>\n<th><strong>Especificaci\u00f3n<\/strong><\/th>\n<td><strong>Detalles<\/strong><\/td>\n<\/tr>\n<tr>\n<th><strong>Tama\u00f1o<\/strong><\/th>\n<td><strong>39,5 mm<\/strong><\/td>\n<\/tr>\n<tr>\n<th>Material<\/th>\n<td><strong>Acero inoxidable<\/strong><\/td>\n<\/tr>\n<tr>\n<th><strong>Correa<\/strong><\/th>\n<td><strong>Correa de cuero<\/strong><\/td>\n<\/tr>\n<tr>\n<th><strong>Movimiento<\/strong><\/th>\n<td><strong>Autom\u00e1tico \u2013 ETA 2824<\/strong><\/td>\n<\/tr>\n<tr>\n<th><strong>Cristal<\/strong><\/th>\n<td><strong>Zafiro macizo<\/strong><\/td>\n<\/tr>\n<tr>\n<th><strong>Funciones<\/strong><\/th>\n<td><strong>Funcionalidad<\/strong><\/td>\n<\/tr>\n<tr>\n<th>Resistencia al agua<\/th>\n<td><strong><span class=\"text_exposed_show\">Buena<\/span><\/strong><\/td>\n<\/tr>\n<tr>\n<th>Garant\u00eda<\/th>\n<td><strong>5 a\u00f1os en el movimiento<\/strong><\/td>\n<\/tr>\n<tr>\n<th><strong>Servicios<\/strong><\/th>\n<td><strong>Spa gratuito &#8211; M\u00e1quina Lubricaci\u00f3n<br \/>\n<\/strong><\/td>\n<\/tr>\n<tr>\n<th><strong>Soporte<\/strong><\/th>\n<td><strong>Cambio a mejor precio<\/strong><\/td>\n<\/tr>\n<\/tbody>\n<\/table>","protected":false},"featured_media":24030,"comment_status":"open","ping_status":"closed","template":"","meta":{"iawp_total_views":4},"product_brand":[],"product_cat":[194,213],"product_tag":[453],"class_list":{"0":"post-22380","1":"product","2":"type-product","3":"status-publish","4":"has-post-thumbnail","6":"product_cat-omega","7":"product_cat-seamaster","8":"product_tag-replica-del-reloj-omega","10":"first","11":"instock","12":"sale","13":"shipping-taxable","14":"purchasable","15":"product-type-simple"},"yoast_head":"<!-- This site is optimized with the Yoast SEO plugin v27.3 - https:\/\/yoast.com\/product\/yoast-seo-wordpress\/ -->\n<title>Replica Omega De Ville Prestige Power Reserve 11 Watches White Dial Leather Strap 39.5 mm - Trustywatches<\/title>\n<meta name=\"robots\" content=\"index, follow, max-snippet:-1, max-image-preview:large, max-video-preview:-1\" \/>\n<link rel=\"canonical\" href=\"https:\/\/trustywatches.com\/en\/product\/replica-omega-de-ville-prestige-power-reserve-11-relojes-esfera-blanca-correa-de-cuero-395-mm\/\" \/>\n<meta property=\"og:locale\" content=\"en_US\" \/>\n<meta property=\"og:type\" content=\"article\" \/>\n<meta property=\"og:title\" content=\"Replica Omega De Ville Prestige Power Reserve 11 Watches White Dial Leather Strap 39.5 mm - Trustywatches\" \/>\n<meta property=\"og:description\" content=\"ESPECIFICACIONES \u2013 GARANT\u00cdADE LOS RELOJES OMEGA R\u00c9PLICA 11  Especificaci\u00f3n Detalles  Tama\u00f1o 39,5 mm  Material Acero inoxidable  Correa Correa de cuero  Movimiento Autom\u00e1tico \u2013 ETA 2824  Cristal Zafiro macizo  Funciones Funcionalidad  Resistencia al agua Buena  Garant\u00eda 5 a\u00f1os en el movimiento  Servicios Spa gratuito - M\u00e1quina Lubricaci\u00f3n  Soporte Cambio a mejor precio\" \/>\n<meta property=\"og:url\" content=\"https:\/\/trustywatches.com\/en\/product\/replica-omega-de-ville-prestige-power-reserve-11-relojes-esfera-blanca-correa-de-cuero-395-mm\/\" \/>\n<meta property=\"og:site_name\" content=\"Trustywatches\" \/>\n<meta property=\"article:modified_time\" content=\"2026-03-05T06:45:25+00:00\" \/>\n<meta property=\"og:image\" content=\"https:\/\/trustywatches.com\/wp-content\/uploads\/2026\/01\/Dong-Ho-Omega-De-Ville-Prestige-Power-Reserve-Replica-11-Mat-Trang-Day-Da-39-2.jpg\" \/>\n\t<meta property=\"og:image:width\" content=\"1920\" \/>\n\t<meta property=\"og:image:height\" content=\"1920\" \/>\n\t<meta property=\"og:image:type\" content=\"image\/jpeg\" \/>\n<meta name=\"twitter:card\" content=\"summary_large_image\" \/>\n<meta name=\"twitter:label1\" content=\"Est. reading time\" \/>\n\t<meta name=\"twitter:data1\" content=\"2 minutes\" \/>\n<script type=\"application\/ld+json\" class=\"yoast-schema-graph\">{\"@context\":\"https:\\\/\\\/schema.org\",\"@graph\":[{\"@type\":\"WebPage\",\"@id\":\"https:\\\/\\\/trustywatches.com\\\/product\\\/replica-omega-de-ville-prestige-power-reserve-11-relojes-esfera-blanca-correa-de-cuero-395-mm\\\/\",\"url\":\"https:\\\/\\\/trustywatches.com\\\/product\\\/replica-omega-de-ville-prestige-power-reserve-11-relojes-esfera-blanca-correa-de-cuero-395-mm\\\/\",\"name\":\"Replica Omega De Ville Prestige Power Reserve 11 Watches White Dial Leather Strap 39.5 mm - Trustywatches\",\"isPartOf\":{\"@id\":\"https:\\\/\\\/trustywatches.com\\\/#website\"},\"primaryImageOfPage\":{\"@id\":\"https:\\\/\\\/trustywatches.com\\\/product\\\/replica-omega-de-ville-prestige-power-reserve-11-relojes-esfera-blanca-correa-de-cuero-395-mm\\\/#primaryimage\"},\"image\":{\"@id\":\"https:\\\/\\\/trustywatches.com\\\/product\\\/replica-omega-de-ville-prestige-power-reserve-11-relojes-esfera-blanca-correa-de-cuero-395-mm\\\/#primaryimage\"},\"thumbnailUrl\":\"https:\\\/\\\/trustywatches.com\\\/wp-content\\\/uploads\\\/2026\\\/01\\\/Dong-Ho-Omega-De-Ville-Prestige-Power-Reserve-Replica-11-Mat-Trang-Day-Da-39-2.jpg\",\"datePublished\":\"2026-01-14T10:15:34+00:00\",\"dateModified\":\"2026-03-05T06:45:25+00:00\",\"breadcrumb\":{\"@id\":\"https:\\\/\\\/trustywatches.com\\\/product\\\/replica-omega-de-ville-prestige-power-reserve-11-relojes-esfera-blanca-correa-de-cuero-395-mm\\\/#breadcrumb\"},\"inLanguage\":\"en-US\",\"potentialAction\":[{\"@type\":\"ReadAction\",\"target\":[\"https:\\\/\\\/trustywatches.com\\\/product\\\/replica-omega-de-ville-prestige-power-reserve-11-relojes-esfera-blanca-correa-de-cuero-395-mm\\\/\"]}]},{\"@type\":\"ImageObject\",\"inLanguage\":\"en-US\",\"@id\":\"https:\\\/\\\/trustywatches.com\\\/product\\\/replica-omega-de-ville-prestige-power-reserve-11-relojes-esfera-blanca-correa-de-cuero-395-mm\\\/#primaryimage\",\"url\":\"https:\\\/\\\/trustywatches.com\\\/wp-content\\\/uploads\\\/2026\\\/01\\\/Dong-Ho-Omega-De-Ville-Prestige-Power-Reserve-Replica-11-Mat-Trang-Day-Da-39-2.jpg\",\"contentUrl\":\"https:\\\/\\\/trustywatches.com\\\/wp-content\\\/uploads\\\/2026\\\/01\\\/Dong-Ho-Omega-De-Ville-Prestige-Power-Reserve-Replica-11-Mat-Trang-Day-Da-39-2.jpg\",\"width\":1920,\"height\":1920},{\"@type\":\"BreadcrumbList\",\"@id\":\"https:\\\/\\\/trustywatches.com\\\/product\\\/replica-omega-de-ville-prestige-power-reserve-11-relojes-esfera-blanca-correa-de-cuero-395-mm\\\/#breadcrumb\",\"itemListElement\":[{\"@type\":\"ListItem\",\"position\":1,\"name\":\"Home\",\"item\":\"https:\\\/\\\/trustywatches.com\\\/\"},{\"@type\":\"ListItem\",\"position\":2,\"name\":\"TIENDA\",\"item\":\"https:\\\/\\\/trustywatches.com\\\/tienda\\\/\"},{\"@type\":\"ListItem\",\"position\":3,\"name\":\"Replica Omega De Ville Prestige Power Reserve 11 Watches White Dial Leather Strap 39.5 mm\"}]},{\"@type\":\"WebSite\",\"@id\":\"https:\\\/\\\/trustywatches.com\\\/#website\",\"url\":\"https:\\\/\\\/trustywatches.com\\\/\",\"name\":\"Trustywatches\",\"description\":\"\",\"potentialAction\":[{\"@type\":\"SearchAction\",\"target\":{\"@type\":\"EntryPoint\",\"urlTemplate\":\"https:\\\/\\\/trustywatches.com\\\/?s={search_term_string}\"},\"query-input\":{\"@type\":\"PropertyValueSpecification\",\"valueRequired\":true,\"valueName\":\"search_term_string\"}}],\"inLanguage\":\"en-US\"}]}<\/script>\n<!-- \/ Yoast SEO plugin. -->","yoast_head_json":{"title":"Replica Omega De Ville Prestige Power Reserve 11 Watches White Dial Leather Strap 39.5 mm - Trustywatches","robots":{"index":"index","follow":"follow","max-snippet":"max-snippet:-1","max-image-preview":"max-image-preview:large","max-video-preview":"max-video-preview:-1"},"canonical":"https:\/\/trustywatches.com\/en\/product\/replica-omega-de-ville-prestige-power-reserve-11-relojes-esfera-blanca-correa-de-cuero-395-mm\/","og_locale":"en_US","og_type":"article","og_title":"Replica Omega De Ville Prestige Power Reserve 11 Watches White Dial Leather Strap 39.5 mm - Trustywatches","og_description":"ESPECIFICACIONES \u2013 GARANT\u00cdADE LOS RELOJES OMEGA R\u00c9PLICA 11  Especificaci\u00f3n Detalles  Tama\u00f1o 39,5 mm  Material Acero inoxidable  Correa Correa de cuero  Movimiento Autom\u00e1tico \u2013 ETA 2824  Cristal Zafiro macizo  Funciones Funcionalidad  Resistencia al agua Buena  Garant\u00eda 5 a\u00f1os en el movimiento  Servicios Spa gratuito - M\u00e1quina Lubricaci\u00f3n  Soporte Cambio a mejor precio","og_url":"https:\/\/trustywatches.com\/en\/product\/replica-omega-de-ville-prestige-power-reserve-11-relojes-esfera-blanca-correa-de-cuero-395-mm\/","og_site_name":"Trustywatches","article_modified_time":"2026-03-05T06:45:25+00:00","og_image":[{"width":1920,"height":1920,"url":"https:\/\/trustywatches.com\/wp-content\/uploads\/2026\/01\/Dong-Ho-Omega-De-Ville-Prestige-Power-Reserve-Replica-11-Mat-Trang-Day-Da-39-2.jpg","type":"image\/jpeg"}],"twitter_card":"summary_large_image","twitter_misc":{"Est. reading time":"2 minutes"},"schema":{"@context":"https:\/\/schema.org","@graph":[{"@type":"WebPage","@id":"https:\/\/trustywatches.com\/product\/replica-omega-de-ville-prestige-power-reserve-11-relojes-esfera-blanca-correa-de-cuero-395-mm\/","url":"https:\/\/trustywatches.com\/product\/replica-omega-de-ville-prestige-power-reserve-11-relojes-esfera-blanca-correa-de-cuero-395-mm\/","name":"Replica Omega De Ville Prestige Power Reserve 11 Watches White Dial Leather Strap 39.5 mm - Trustywatches","isPartOf":{"@id":"https:\/\/trustywatches.com\/#website"},"primaryImageOfPage":{"@id":"https:\/\/trustywatches.com\/product\/replica-omega-de-ville-prestige-power-reserve-11-relojes-esfera-blanca-correa-de-cuero-395-mm\/#primaryimage"},"image":{"@id":"https:\/\/trustywatches.com\/product\/replica-omega-de-ville-prestige-power-reserve-11-relojes-esfera-blanca-correa-de-cuero-395-mm\/#primaryimage"},"thumbnailUrl":"https:\/\/trustywatches.com\/wp-content\/uploads\/2026\/01\/Dong-Ho-Omega-De-Ville-Prestige-Power-Reserve-Replica-11-Mat-Trang-Day-Da-39-2.jpg","datePublished":"2026-01-14T10:15:34+00:00","dateModified":"2026-03-05T06:45:25+00:00","breadcrumb":{"@id":"https:\/\/trustywatches.com\/product\/replica-omega-de-ville-prestige-power-reserve-11-relojes-esfera-blanca-correa-de-cuero-395-mm\/#breadcrumb"},"inLanguage":"en-US","potentialAction":[{"@type":"ReadAction","target":["https:\/\/trustywatches.com\/product\/replica-omega-de-ville-prestige-power-reserve-11-relojes-esfera-blanca-correa-de-cuero-395-mm\/"]}]},{"@type":"ImageObject","inLanguage":"en-US","@id":"https:\/\/trustywatches.com\/product\/replica-omega-de-ville-prestige-power-reserve-11-relojes-esfera-blanca-correa-de-cuero-395-mm\/#primaryimage","url":"https:\/\/trustywatches.com\/wp-content\/uploads\/2026\/01\/Dong-Ho-Omega-De-Ville-Prestige-Power-Reserve-Replica-11-Mat-Trang-Day-Da-39-2.jpg","contentUrl":"https:\/\/trustywatches.com\/wp-content\/uploads\/2026\/01\/Dong-Ho-Omega-De-Ville-Prestige-Power-Reserve-Replica-11-Mat-Trang-Day-Da-39-2.jpg","width":1920,"height":1920},{"@type":"BreadcrumbList","@id":"https:\/\/trustywatches.com\/product\/replica-omega-de-ville-prestige-power-reserve-11-relojes-esfera-blanca-correa-de-cuero-395-mm\/#breadcrumb","itemListElement":[{"@type":"ListItem","position":1,"name":"Home","item":"https:\/\/trustywatches.com\/"},{"@type":"ListItem","position":2,"name":"TIENDA","item":"https:\/\/trustywatches.com\/tienda\/"},{"@type":"ListItem","position":3,"name":"Replica Omega De Ville Prestige Power Reserve 11 Watches White Dial Leather Strap 39.5 mm"}]},{"@type":"WebSite","@id":"https:\/\/trustywatches.com\/#website","url":"https:\/\/trustywatches.com\/","name":"Trustywatches","description":"","potentialAction":[{"@type":"SearchAction","target":{"@type":"EntryPoint","urlTemplate":"https:\/\/trustywatches.com\/?s={search_term_string}"},"query-input":{"@type":"PropertyValueSpecification","valueRequired":true,"valueName":"search_term_string"}}],"inLanguage":"en-US"}]}},"post_mailing_queue_ids":[],"_links":{"self":[{"href":"https:\/\/trustywatches.com\/en\/wp-json\/wp\/v2\/product\/22380","targetHints":{"allow":["GET"]}}],"collection":[{"href":"https:\/\/trustywatches.com\/en\/wp-json\/wp\/v2\/product"}],"about":[{"href":"https:\/\/trustywatches.com\/en\/wp-json\/wp\/v2\/types\/product"}],"replies":[{"embeddable":true,"href":"https:\/\/trustywatches.com\/en\/wp-json\/wp\/v2\/comments?post=22380"}],"wp:featuredmedia":[{"embeddable":true,"href":"https:\/\/trustywatches.com\/en\/wp-json\/wp\/v2\/media\/24030"}],"wp:attachment":[{"href":"https:\/\/trustywatches.com\/en\/wp-json\/wp\/v2\/media?parent=22380"}],"wp:term":[{"taxonomy":"product_brand","embeddable":true,"href":"https:\/\/trustywatches.com\/en\/wp-json\/wp\/v2\/product_brand?post=22380"},{"taxonomy":"product_cat","embeddable":true,"href":"https:\/\/trustywatches.com\/en\/wp-json\/wp\/v2\/product_cat?post=22380"},{"taxonomy":"product_tag","embeddable":true,"href":"https:\/\/trustywatches.com\/en\/wp-json\/wp\/v2\/product_tag?post=22380"}],"curies":[{"name":"wp","href":"https:\/\/api.w.org\/{rel}","templated":true}]}}