{"id":22384,"date":"2026-01-14T04:15:35","date_gmt":"2026-01-14T10:15:35","guid":{"rendered":"https:\/\/darkgreen-grouse-660966.hostingersite.com\/product\/replica-del-reloj-audemars-piguet-royal-oak-15500st-en-oro-esmerilado-esfera-azul-41-mm\/"},"modified":"2026-03-05T00:45:25","modified_gmt":"2026-03-05T06:45:25","slug":"replica-del-reloj-audemars-piguet-royal-oak-15500st-en-oro-esmerilado-esfera-azul-41-mm","status":"publish","type":"product","link":"https:\/\/trustywatches.com\/en\/product\/replica-del-reloj-audemars-piguet-royal-oak-15500st-en-oro-esmerilado-esfera-azul-41-mm\/","title":{"rendered":"Replica Audemars Piguet Royal Oak 15500ST watch in frosted gold, blue dial, 41 mm"},"content":{"rendered":"<h2><strong>Audemars Piguet Royal Oak 15500ST Frosted Gold<\/strong><\/h2>\n<p>How to create a shiny effect on a watch case without using diamonds? Although it may seem like a challenge, <a href=\"http:\/\/audemarspiguet.com\" target=\"_blank\" rel=\"noopener\">Audemars Piguet<\/a> has solved it with elegance with the Audemars Piguet Royal Oak 15500ST Frosted Gold Replica Watch Dial Blue.<\/p>\n<p>In this model, the renowned Swiss brand presents a unique finishing technique called Frosted Gold. This technique uses a small hammer to hit the surface of the box, creating a textured effect. Each small indentation reflects light, giving the case a dazzling shine that resembles the effect of diamonds.<\/p>\n<p>The Audemars Piguet Royal Oak 15500ST Frosted Gold Replica 11 with blue dial, 41 mm, exhibits this frosted gold technique, where the surface of the watch is no longer brushed as usual. However, the iconic structure of the Royal Oak line remains intact.<\/p>\n<p>Discover the Audemars Piguet Royal Oak 15500ST Frosted Gold Replica Watch Dial Blue 41mm!<\/strong> with <a href=\"https:\/\/kingreplicawatch.com\/\" target=\"_blank\" rel=\"noopener\">King Replica Watch<\/a>.<\/p>\n<div style=\"width: 720px\" class=\"wp-video\"><!--[if lt IE 9]>document.createElement('video');<![endif]--><br \/>\n<video class=\"wp-video-shortcode\" id=\"video-0-1\" width=\"720\" height=\"1280\" preload=\"metadata\" controls=\"controls\"><a href=\"https:\/\/kingreplica.com.vn\/wp-content\/uploads\/2024\/11\/Dong-Ho-Audemars-Piguet-Royal-Oak-15500ST-Frosted-Gold-Replica-11-Mat-Xanh-41mm-1.mp4\" target=\"_blank\" rel=\"noopener\">https:\/\/kingreplica.com.vn\/wp-content\/uploads\/2024\/11\/Dong-Ho-Audemars-Piguet-Royal-Oak-15500ST-Frosted-Gold-Replica-11-Mat-Xanh-41mm-1.mp4<\/a><\/video><\/div>\n<p><img fetchpriority=\"high\" decoding=\"async\" class=\"aligncenter size-large wp-image-24760\" src=\"https:\/\/kingreplica.com.vn\/wp-content\/uploads\/2024\/11\/Dong-Ho-Audemars-Piguet-Royal-Oak-15500ST-Frosted-Gold-Replica-11-Mat-Xanh-41mm-6-1024x1024.jpg\" alt=\"Dong Ho Audemars Piguet Royal Oak 15500ST Frosted Gold Replica 11 M?t Xanh 41mm (2)\" width=\"1020\" height=\"1020\" \/> <img decoding=\"async\" class=\"aligncenter size-large wp-image-24755\" src=\"https:\/\/kingreplica.com.vn\/wp-content\/uploads\/2024\/11\/Dong-Ho-Audemars-Piguet-Royal-Oak-15500ST-Frosted-Gold-Replica-11-Mat-Xanh-41mm-3-1024x1024.jpg\" alt=\"Dong Ho Audemars Piguet Royal Oak 15500ST Frosted Gold Replica 11 M?t Xanh 41mm (2)\" width=\"1020\" height=\"1020\" \/> <img decoding=\"async\" class=\"aligncenter size-large wp-image-24754\" src=\"https:\/\/kingreplica.com.vn\/wp-content\/uploads\/2024\/11\/Dong-Ho-Audemars-Piguet-Royal-Oak-15500ST-Frosted-Gold-Replica-11-Mat-Xanh-41mm-2-1024x1024.jpg\" alt=\"Dong Ho Audemars Piguet Royal Oak 15500ST Frosted Gold Replica 11 M?t Xanh 41mm (2)\" width=\"1020\" height=\" 1020\" \/> <img decoding=\"async\" class=\"aligncenter size-large wp-image-24756\" src=\"https:\/\/kingreplica.com.vn\/wp-content\/uploads\/2024\/11\/Dong-Ho-Audemars-Piguet-Royal-Oak-15500ST-Frosted-Gold-Replica-11-Mat-Xanh-41mm-4-1024x1024.jpg\" alt=\"Dong Ho Audemars Piguet Royal Oak 15500ST Frosted Gold Replica 11 M?t Xanh 41mm (2)\" width=\"1020\" height=\"1020\" \/> <img loading=\"lazy\" decoding=\"async\" class=\"aligncenter size-large wp-image-24757\" src=\"https:\/\/kingreplica.com.vn\/wp-content\/uploads\/2024\/11\/Dong-Ho-Audemars-Piguet-Royal-Oak-15500ST-Frosted-Gold-Replica-11-Mat-Xanh-41mm-5-1024x1024.jpg\" alt=\"Dong Ho Audemars Piguet Royal Oak 15500ST Frosted Gold Replica 11 M?t Xanh 41mm (2)\" width=\"1020\" height=\"1020\" \/> <img decoding=\"async\" class=\"aligncenter size-large wp-image-24761\" src=\"https:\/\/kingreplica.com.vn\/wp-content\/uploads\/2024\/11\/Dong-Ho-Audemars-Piguet-Royal-Oak-15500ST-Frosted-Gold-Replica-11-Mat-Xanh-41mm-7-1024x1024.jpg\" alt=\"Dong Ho Audemars Piguet Royal Oak 15500ST Frosted Gold Replica 11 M?t Xanh 41mm (2)\" width=\"1020\" height=\" 1020\" \/> <img loading=\"lazy\" decoding=\"async\" class=\"aligncenter size-large wp-image-24762\" src=\"https:\/\/kingreplica.com.vn\/wp-content\/uploads\/2024\/11\/Dong-Ho-Audemars-Piguet-Royal-Oak-15500ST-Frosted-Gold-Replica-11-Mat-Xanh-41mm-8-1024x1024.jpg\" alt=\"Dong Ho Audemars Piguet Royal Oak 15500ST Frosted Gold Replica 11 M?t Xanh 41mm (2)\" width=\"1020\" height=\"1020\" \/> <img loading=\"lazy\" decoding=\"async\" class=\"aligncenter size-large wp-image-24764\" src=\"https:\/\/kingreplica.com.vn\/wp-content\/uploads\/2024\/11\/Dong-Ho-Audemars-Piguet-Royal-Oak-15500ST-Frosted-Gold-Replica-11-Mat-Xanh-41mm-10-1024x1024.jpg\" alt=\"Dong Ho Audemars Piguet Royal Oak 15500ST Frosted Gold Replica 11 M?t Xanh 41mm (2)\" width=\"1020\" height=\"1020\" \/> <img decoding=\"async\" class=\"aligncenter size-large wp-image-24758\" src=\"https:\/\/kingreplica.com.vn\/wp-content\/uploads\/2024\/11\/Dong-Ho-Audemars-Piguet-Royal-Oak-15500ST-Frosted-Gold-Replica-11-Mat-Xanh-41mm-1-1024x1024.jpg\" alt=\"Dong Ho Audemars Piguet Royal Oak 15500ST Frosted Gold Replica 11 M?t Xanh 41mm (2)\" width=\"1020\" height=\" 1020\" \/> <img loading=\"lazy\" decoding=\"async\" class=\"aligncenter size-large wp-image-24763\" src=\"https:\/\/kingreplica.com.vn\/wp-content\/uploads\/2024\/11\/Dong-Ho-Audemars-Piguet-Royal-Oak-15500ST-Frosted-Gold-Replica-11-Mat-Xanh-41mm-9-1024x1024.jpg\" alt=\"Dong Ho Audemars Piguet Royal Oak 15500ST Frosted Gold Replica 11 M?t Xanh 41mm (2)\" width=\"1020\" height=\"1020\" \/>0<\/p>\n","protected":false},"excerpt":{"rendered":"<h2><strong>ESPECIFICACIONES \u2013 GARANT\u00cdA<\/strong><strong>DE LA R\u00c9PLICA DEL RELOJ AUDEMARS PIGUET ROYAL OAK 15500ST<\/strong><\/h2>\n<table class=\"shop_attributes\" width=\"480\">\n<tbody>\n<tr>\n<th><strong>Especificaci\u00f3n<\/strong><\/th>\n<td><strong>Detalles<\/strong><\/td>\n<\/tr>\n<tr>\n<th><strong>Tama\u00f1o<\/strong><\/th>\n<td><strong>41 mm<\/strong><\/td>\n<\/tr>\n<tr>\n<th>Material<\/th>\n<td><strong>Acero inoxidable<\/strong><\/td>\n<\/tr>\n<tr>\n<th><strong>Correa<\/strong><\/th>\n<td><strong>Acero inoxidable Acero<\/strong><\/td>\n<\/tr>\n<tr>\n<th><strong>Movimiento<\/strong><\/th>\n<td><strong>Autom\u00e1tico \u2013 Superclon<\/strong><\/td>\n<\/tr>\n<tr>\n<th><strong>Cristal<\/strong><\/th>\n<td><strong>Zafiro macizo<\/strong><\/td>\n<\/tr>\n<tr>\n<th><strong>Funciones<\/strong><\/th>\n<td><strong>Funcionalidad<\/strong><\/td>\n<\/tr>\n<tr>\n<th>Resistencia al agua<\/th>\n<td><strong><span class=\"text_exposed_show\">Buena<\/span><\/strong><\/td>\n<\/tr>\n<tr>\n<th>Garant\u00eda<\/th>\n<td><strong>5 a\u00f1os en el Movimiento<\/strong><\/td>\n<\/tr>\n<tr>\n<th><strong>Servicios<\/strong><\/th>\n<td><strong>Spa gratuito: lubricaci\u00f3n de m\u00e1quinas<\/strong><\/td>\n<\/tr>\n<tr>\n<th><strong>Soporte<\/strong><\/th>\n<td><strong>Cambio a un precio excelente<\/strong><\/td>\n<\/tr>\n<\/tbody>\n<\/table>","protected":false},"featured_media":24067,"comment_status":"open","ping_status":"closed","template":"","meta":{"iawp_total_views":0},"product_brand":[],"product_cat":[195,216],"product_tag":[452,459],"class_list":{"0":"post-22384","1":"product","2":"type-product","3":"status-publish","4":"has-post-thumbnail","6":"product_cat-audemars-piguet","7":"product_cat-audemars-piguet-royal-oak","8":"product_tag-replica-de-reloj","9":"product_tag-replica-de-reloj-audemars-piguet","11":"first","12":"instock","13":"sale","14":"shipping-taxable","15":"purchasable","16":"product-type-simple"},"yoast_head":"<!-- This site is optimized with the Yoast SEO plugin v27.3 - https:\/\/yoast.com\/product\/yoast-seo-wordpress\/ -->\n<title>Replica Audemars Piguet Royal Oak 15500ST watch in frosted gold, blue dial, 41 mm - Trustywatches<\/title>\n<meta name=\"robots\" content=\"index, follow, max-snippet:-1, max-image-preview:large, max-video-preview:-1\" \/>\n<link rel=\"canonical\" href=\"https:\/\/trustywatches.com\/en\/product\/replica-del-reloj-audemars-piguet-royal-oak-15500st-en-oro-esmerilado-esfera-azul-41-mm\/\" \/>\n<meta property=\"og:locale\" content=\"en_US\" \/>\n<meta property=\"og:type\" content=\"article\" \/>\n<meta property=\"og:title\" content=\"Replica Audemars Piguet Royal Oak 15500ST watch in frosted gold, blue dial, 41 mm - Trustywatches\" \/>\n<meta property=\"og:description\" content=\"ESPECIFICACIONES \u2013 GARANT\u00cdADE LA R\u00c9PLICA DEL RELOJ AUDEMARS PIGUET ROYAL OAK 15500ST  Especificaci\u00f3n Detalles  Tama\u00f1o 41 mm  Material Acero inoxidable  Correa Acero inoxidable Acero  Movimiento Autom\u00e1tico \u2013 Superclon  Cristal Zafiro macizo  Funciones Funcionalidad  Resistencia al agua Buena  Garant\u00eda 5 a\u00f1os en el Movimiento  Servicios Spa gratuito: lubricaci\u00f3n de m\u00e1quinas  Soporte Cambio a un precio excelente\" \/>\n<meta property=\"og:url\" content=\"https:\/\/trustywatches.com\/en\/product\/replica-del-reloj-audemars-piguet-royal-oak-15500st-en-oro-esmerilado-esfera-azul-41-mm\/\" \/>\n<meta property=\"og:site_name\" content=\"Trustywatches\" \/>\n<meta property=\"article:modified_time\" content=\"2026-03-05T06:45:25+00:00\" \/>\n<meta property=\"og:image\" content=\"https:\/\/trustywatches.com\/wp-content\/uploads\/2026\/01\/Dong-Ho-Audemars-Piguet-Royal-Oak-15500ST-Frosted-Gold-Replica-11-Mat-Xanh-41mm-6.jpg\" \/>\n\t<meta property=\"og:image:width\" content=\"1920\" \/>\n\t<meta property=\"og:image:height\" content=\"1920\" \/>\n\t<meta property=\"og:image:type\" content=\"image\/jpeg\" \/>\n<meta name=\"twitter:card\" content=\"summary_large_image\" \/>\n<meta name=\"twitter:label1\" content=\"Est. reading time\" \/>\n\t<meta name=\"twitter:data1\" content=\"1 minute\" \/>\n<script type=\"application\/ld+json\" class=\"yoast-schema-graph\">{\"@context\":\"https:\\\/\\\/schema.org\",\"@graph\":[{\"@type\":\"WebPage\",\"@id\":\"https:\\\/\\\/trustywatches.com\\\/product\\\/replica-del-reloj-audemars-piguet-royal-oak-15500st-en-oro-esmerilado-esfera-azul-41-mm\\\/\",\"url\":\"https:\\\/\\\/trustywatches.com\\\/product\\\/replica-del-reloj-audemars-piguet-royal-oak-15500st-en-oro-esmerilado-esfera-azul-41-mm\\\/\",\"name\":\"Replica Audemars Piguet Royal Oak 15500ST watch in frosted gold, blue dial, 41 mm - Trustywatches\",\"isPartOf\":{\"@id\":\"https:\\\/\\\/trustywatches.com\\\/#website\"},\"primaryImageOfPage\":{\"@id\":\"https:\\\/\\\/trustywatches.com\\\/product\\\/replica-del-reloj-audemars-piguet-royal-oak-15500st-en-oro-esmerilado-esfera-azul-41-mm\\\/#primaryimage\"},\"image\":{\"@id\":\"https:\\\/\\\/trustywatches.com\\\/product\\\/replica-del-reloj-audemars-piguet-royal-oak-15500st-en-oro-esmerilado-esfera-azul-41-mm\\\/#primaryimage\"},\"thumbnailUrl\":\"https:\\\/\\\/trustywatches.com\\\/wp-content\\\/uploads\\\/2026\\\/01\\\/Dong-Ho-Audemars-Piguet-Royal-Oak-15500ST-Frosted-Gold-Replica-11-Mat-Xanh-41mm-6.jpg\",\"datePublished\":\"2026-01-14T10:15:35+00:00\",\"dateModified\":\"2026-03-05T06:45:25+00:00\",\"breadcrumb\":{\"@id\":\"https:\\\/\\\/trustywatches.com\\\/product\\\/replica-del-reloj-audemars-piguet-royal-oak-15500st-en-oro-esmerilado-esfera-azul-41-mm\\\/#breadcrumb\"},\"inLanguage\":\"en-US\",\"potentialAction\":[{\"@type\":\"ReadAction\",\"target\":[\"https:\\\/\\\/trustywatches.com\\\/product\\\/replica-del-reloj-audemars-piguet-royal-oak-15500st-en-oro-esmerilado-esfera-azul-41-mm\\\/\"]}]},{\"@type\":\"ImageObject\",\"inLanguage\":\"en-US\",\"@id\":\"https:\\\/\\\/trustywatches.com\\\/product\\\/replica-del-reloj-audemars-piguet-royal-oak-15500st-en-oro-esmerilado-esfera-azul-41-mm\\\/#primaryimage\",\"url\":\"https:\\\/\\\/trustywatches.com\\\/wp-content\\\/uploads\\\/2026\\\/01\\\/Dong-Ho-Audemars-Piguet-Royal-Oak-15500ST-Frosted-Gold-Replica-11-Mat-Xanh-41mm-6.jpg\",\"contentUrl\":\"https:\\\/\\\/trustywatches.com\\\/wp-content\\\/uploads\\\/2026\\\/01\\\/Dong-Ho-Audemars-Piguet-Royal-Oak-15500ST-Frosted-Gold-Replica-11-Mat-Xanh-41mm-6.jpg\",\"width\":1920,\"height\":1920},{\"@type\":\"BreadcrumbList\",\"@id\":\"https:\\\/\\\/trustywatches.com\\\/product\\\/replica-del-reloj-audemars-piguet-royal-oak-15500st-en-oro-esmerilado-esfera-azul-41-mm\\\/#breadcrumb\",\"itemListElement\":[{\"@type\":\"ListItem\",\"position\":1,\"name\":\"Home\",\"item\":\"https:\\\/\\\/trustywatches.com\\\/\"},{\"@type\":\"ListItem\",\"position\":2,\"name\":\"TIENDA\",\"item\":\"https:\\\/\\\/trustywatches.com\\\/tienda\\\/\"},{\"@type\":\"ListItem\",\"position\":3,\"name\":\"Replica Audemars Piguet Royal Oak 15500ST watch in frosted gold, blue dial, 41 mm\"}]},{\"@type\":\"WebSite\",\"@id\":\"https:\\\/\\\/trustywatches.com\\\/#website\",\"url\":\"https:\\\/\\\/trustywatches.com\\\/\",\"name\":\"Trustywatches\",\"description\":\"\",\"potentialAction\":[{\"@type\":\"SearchAction\",\"target\":{\"@type\":\"EntryPoint\",\"urlTemplate\":\"https:\\\/\\\/trustywatches.com\\\/?s={search_term_string}\"},\"query-input\":{\"@type\":\"PropertyValueSpecification\",\"valueRequired\":true,\"valueName\":\"search_term_string\"}}],\"inLanguage\":\"en-US\"}]}<\/script>\n<!-- \/ Yoast SEO plugin. -->","yoast_head_json":{"title":"Replica Audemars Piguet Royal Oak 15500ST watch in frosted gold, blue dial, 41 mm - Trustywatches","robots":{"index":"index","follow":"follow","max-snippet":"max-snippet:-1","max-image-preview":"max-image-preview:large","max-video-preview":"max-video-preview:-1"},"canonical":"https:\/\/trustywatches.com\/en\/product\/replica-del-reloj-audemars-piguet-royal-oak-15500st-en-oro-esmerilado-esfera-azul-41-mm\/","og_locale":"en_US","og_type":"article","og_title":"Replica Audemars Piguet Royal Oak 15500ST watch in frosted gold, blue dial, 41 mm - Trustywatches","og_description":"ESPECIFICACIONES \u2013 GARANT\u00cdADE LA R\u00c9PLICA DEL RELOJ AUDEMARS PIGUET ROYAL OAK 15500ST  Especificaci\u00f3n Detalles  Tama\u00f1o 41 mm  Material Acero inoxidable  Correa Acero inoxidable Acero  Movimiento Autom\u00e1tico \u2013 Superclon  Cristal Zafiro macizo  Funciones Funcionalidad  Resistencia al agua Buena  Garant\u00eda 5 a\u00f1os en el Movimiento  Servicios Spa gratuito: lubricaci\u00f3n de m\u00e1quinas  Soporte Cambio a un precio excelente","og_url":"https:\/\/trustywatches.com\/en\/product\/replica-del-reloj-audemars-piguet-royal-oak-15500st-en-oro-esmerilado-esfera-azul-41-mm\/","og_site_name":"Trustywatches","article_modified_time":"2026-03-05T06:45:25+00:00","og_image":[{"width":1920,"height":1920,"url":"https:\/\/trustywatches.com\/wp-content\/uploads\/2026\/01\/Dong-Ho-Audemars-Piguet-Royal-Oak-15500ST-Frosted-Gold-Replica-11-Mat-Xanh-41mm-6.jpg","type":"image\/jpeg"}],"twitter_card":"summary_large_image","twitter_misc":{"Est. reading time":"1 minute"},"schema":{"@context":"https:\/\/schema.org","@graph":[{"@type":"WebPage","@id":"https:\/\/trustywatches.com\/product\/replica-del-reloj-audemars-piguet-royal-oak-15500st-en-oro-esmerilado-esfera-azul-41-mm\/","url":"https:\/\/trustywatches.com\/product\/replica-del-reloj-audemars-piguet-royal-oak-15500st-en-oro-esmerilado-esfera-azul-41-mm\/","name":"Replica Audemars Piguet Royal Oak 15500ST watch in frosted gold, blue dial, 41 mm - Trustywatches","isPartOf":{"@id":"https:\/\/trustywatches.com\/#website"},"primaryImageOfPage":{"@id":"https:\/\/trustywatches.com\/product\/replica-del-reloj-audemars-piguet-royal-oak-15500st-en-oro-esmerilado-esfera-azul-41-mm\/#primaryimage"},"image":{"@id":"https:\/\/trustywatches.com\/product\/replica-del-reloj-audemars-piguet-royal-oak-15500st-en-oro-esmerilado-esfera-azul-41-mm\/#primaryimage"},"thumbnailUrl":"https:\/\/trustywatches.com\/wp-content\/uploads\/2026\/01\/Dong-Ho-Audemars-Piguet-Royal-Oak-15500ST-Frosted-Gold-Replica-11-Mat-Xanh-41mm-6.jpg","datePublished":"2026-01-14T10:15:35+00:00","dateModified":"2026-03-05T06:45:25+00:00","breadcrumb":{"@id":"https:\/\/trustywatches.com\/product\/replica-del-reloj-audemars-piguet-royal-oak-15500st-en-oro-esmerilado-esfera-azul-41-mm\/#breadcrumb"},"inLanguage":"en-US","potentialAction":[{"@type":"ReadAction","target":["https:\/\/trustywatches.com\/product\/replica-del-reloj-audemars-piguet-royal-oak-15500st-en-oro-esmerilado-esfera-azul-41-mm\/"]}]},{"@type":"ImageObject","inLanguage":"en-US","@id":"https:\/\/trustywatches.com\/product\/replica-del-reloj-audemars-piguet-royal-oak-15500st-en-oro-esmerilado-esfera-azul-41-mm\/#primaryimage","url":"https:\/\/trustywatches.com\/wp-content\/uploads\/2026\/01\/Dong-Ho-Audemars-Piguet-Royal-Oak-15500ST-Frosted-Gold-Replica-11-Mat-Xanh-41mm-6.jpg","contentUrl":"https:\/\/trustywatches.com\/wp-content\/uploads\/2026\/01\/Dong-Ho-Audemars-Piguet-Royal-Oak-15500ST-Frosted-Gold-Replica-11-Mat-Xanh-41mm-6.jpg","width":1920,"height":1920},{"@type":"BreadcrumbList","@id":"https:\/\/trustywatches.com\/product\/replica-del-reloj-audemars-piguet-royal-oak-15500st-en-oro-esmerilado-esfera-azul-41-mm\/#breadcrumb","itemListElement":[{"@type":"ListItem","position":1,"name":"Home","item":"https:\/\/trustywatches.com\/"},{"@type":"ListItem","position":2,"name":"TIENDA","item":"https:\/\/trustywatches.com\/tienda\/"},{"@type":"ListItem","position":3,"name":"Replica Audemars Piguet Royal Oak 15500ST watch in frosted gold, blue dial, 41 mm"}]},{"@type":"WebSite","@id":"https:\/\/trustywatches.com\/#website","url":"https:\/\/trustywatches.com\/","name":"Trustywatches","description":"","potentialAction":[{"@type":"SearchAction","target":{"@type":"EntryPoint","urlTemplate":"https:\/\/trustywatches.com\/?s={search_term_string}"},"query-input":{"@type":"PropertyValueSpecification","valueRequired":true,"valueName":"search_term_string"}}],"inLanguage":"en-US"}]}},"post_mailing_queue_ids":[],"_links":{"self":[{"href":"https:\/\/trustywatches.com\/en\/wp-json\/wp\/v2\/product\/22384","targetHints":{"allow":["GET"]}}],"collection":[{"href":"https:\/\/trustywatches.com\/en\/wp-json\/wp\/v2\/product"}],"about":[{"href":"https:\/\/trustywatches.com\/en\/wp-json\/wp\/v2\/types\/product"}],"replies":[{"embeddable":true,"href":"https:\/\/trustywatches.com\/en\/wp-json\/wp\/v2\/comments?post=22384"}],"wp:featuredmedia":[{"embeddable":true,"href":"https:\/\/trustywatches.com\/en\/wp-json\/wp\/v2\/media\/24067"}],"wp:attachment":[{"href":"https:\/\/trustywatches.com\/en\/wp-json\/wp\/v2\/media?parent=22384"}],"wp:term":[{"taxonomy":"product_brand","embeddable":true,"href":"https:\/\/trustywatches.com\/en\/wp-json\/wp\/v2\/product_brand?post=22384"},{"taxonomy":"product_cat","embeddable":true,"href":"https:\/\/trustywatches.com\/en\/wp-json\/wp\/v2\/product_cat?post=22384"},{"taxonomy":"product_tag","embeddable":true,"href":"https:\/\/trustywatches.com\/en\/wp-json\/wp\/v2\/product_tag?post=22384"}],"curies":[{"name":"wp","href":"https:\/\/api.w.org\/{rel}","templated":true}]}}