{"id":22422,"date":"2026-01-14T04:15:38","date_gmt":"2026-01-14T10:15:38","guid":{"rendered":"https:\/\/darkgreen-grouse-660966.hostingersite.com\/product\/reloj-audemars-piguet-royal-oak-replica-11-para-mujer-movimiento-automatico-34-mm\/"},"modified":"2026-03-05T00:45:28","modified_gmt":"2026-03-05T06:45:28","slug":"reloj-audemars-piguet-royal-oak-replica-11-para-mujer-movimiento-automatico-34-mm","status":"publish","type":"product","link":"https:\/\/trustywatches.com\/en\/product\/reloj-audemars-piguet-royal-oak-replica-11-para-mujer-movimiento-automatico-34-mm\/","title":{"rendered":"[hot-selling model]Audemars Piguet Royal Oak Replica 11 Women&#8217;s Watch, Automatic Movement, 34mm"},"content":{"rendered":"<h2><strong>Introducing the Audemars Piguet Royal Oak<\/strong><\/h2>\n<p><img fetchpriority=\"high\" decoding=\"async\" class=\"aligncenter size-large wp-image-26820\" src=\"https:\/\/kingreplica.com.vn\/wp-content\/uploads\/2025\/02\/Dong-Ho-Audemars-Piguet-Royal-Oak-Rep-11-Cao-Cap-Nu-May-Co-Tu-Dong-34mm-2-1024x683.jpg\" alt=\"Dong Ho Audemars Piguet Royal Oak Rep 11 Cao Cap N? M??y C? T? Dong 34mm (2)\" width=\"1020\" height=\"680\" \/> <img decoding=\"async\" class=\"aligncenter size-large wp-image-26823\" src=\"https:\/\/kingreplica.com.vn\/wp-content\/uploads\/2025\/02\/Dong-Ho-Audemars-Piguet-Royal-Oak-Rep-11-Cao-Cap-Nu-May-Co-Tu-Dong-34mm-5-1024x683.jpg\" alt=\"??ng H? Audemars Piguet Royal Oak Rep 11 Cao C?p N? M??y C? T? ??ng 34mm (2)\" width=\" 1020\" height=\"680\" \/> <img decoding=\"async\" class=\"aligncenter size-large wp-image-26826\" src=\"https:\/\/kingreplica.com.vn\/wp-content\/uploads\/2025\/02\/Dong-Ho-Audemars-Piguet-Royal-Oak-Rep-11-Cao-Cap-Nu-May-Co-Tu-Dong-34mm-8-1024x683.jpg\" alt=\"??ng H? Audemars Piguet Royal Oak Rep 11 Cao C?p N? M??y C? T? ??ng 34mm (2)\" width=\"1020\" height=\"680\" \/> <img decoding=\"async\" class=\"aligncenter size-large wp-image-26827\" src=\"https:\/\/kingreplica.com.vn\/wp-content\/uploads\/2025\/02\/Dong-Ho-Audemars-Piguet-Royal-Oak-Rep-11-Cao-Cap-Nu-May-Co-Tu-Dong-34mm-1-1024x683.jpg\" alt=\"??ng H? Audemars Piguet Royal Oak Rep 11 Cao C?p N? M??y C? T? ??ng 34mm (2)\" width=\"1020\" height=\"680\" \/> <img loading=\"lazy\" decoding=\"async\" class=\"aligncenter size-large wp-image-26821\" src=\"https:\/\/kingreplica.com.vn\/wp-content\/uploads\/2025\/02\/Dong-Ho-Audemars-Piguet-Royal-Oak-Rep-11-Cao-Cap-Nu-May-Co-Tu-Dong-34mm-3-1024x683.jpg\" alt=\"??ng H? Audemars Piguet Royal Oak Rep 11 Cao C?p N? M??y C? T? ??ng 34 mm (2)\" width=\"1020\" height=\"680\" \/> <img loading=\"lazy\" decoding=\"async\" class=\"aligncenter size-large wp-image-26825\" src=\"https:\/\/kingreplica.com.vn\/wp-content\/uploads\/2025\/02\/Dong-Ho-Audemars-Piguet-Royal-Oak-Rep-11-Cao-Cap-Nu-May-Co-Tu-Dong-34mm-7-1024x683.jpg\" alt=\"??ng H? Audemars Piguet Royal Oak Rep 11 Cao C?p N? M??y C? T? ??ng 34mm (2)\" width=\"1020\" height=\"680\" \/> <img loading=\"lazy\" decoding=\"async\" class=\"aligncenter size-large wp-image-26824\" src=\"https:\/\/kingreplica.com.vn\/wp-content\/uploads\/2025\/02\/Dong-Ho-Audemars-Piguet-Royal-Oak-Rep-11-Cao-Cap-Nu-May-Co-Tu-Dong-34mm-6-1024x683.jpg\" alt=\"??ng H? Audemars Piguet Royal Oak Rep 11 Cao C?p N? M??y C? T? ??ng 34mm (2)\" width=\"1020\" height=\"680\" \/> <img decoding=\"async\" class=\"aligncenter size-large wp-image-26822\" src=\"https:\/\/kingreplica.com.vn\/wp-content\/uploads\/2025\/02\/Dong-Ho-Audemars-Piguet-Royal-Oak-Rep-11-Cao-Cap-Nu-May-Co-Tu-Dong-34mm-4-1024x683.jpg\" alt=\"??ng H? Audemars Piguet Royal Oak Rep 11 Cao C?p N? M??y C? T? ??ng 34mm (2)\" width=\" 1020\" height=\"680\" \/><\/p>","protected":false},"excerpt":{"rendered":"<h2><strong>ESPECIFICACIONES \u2013 GARANT\u00cdA<\/strong><strong>DEL RELOJ AUDEMARS PIGUET ROYAL OAK REPLICA 11<\/strong><\/h2>\n<table class=\"shop_attributes\" width=\"480\">\n<tbody>\n<tr>\n<th><strong>Especificaci\u00f3n<\/strong><\/th>\n<td><strong>Detalles<\/strong><\/td>\n<\/tr>\n<tr>\n<th><strong>Tama\u00f1o<\/strong><\/th>\n<td><strong>34 mm<\/strong><\/td>\n<\/tr>\n<tr>\n<th>Material<\/th>\n<td><strong>Acero inoxidable<\/strong><\/td>\n<\/tr>\n<tr>\n<th><strong>Correa<\/strong><\/th>\n<td><strong>Acero inoxidable Acero<\/strong><\/td>\n<\/tr>\n<tr>\n<th><strong>Movimiento<\/strong><\/th>\n<td><strong>Autom\u00e1tico \u2013 Calibre 5500<\/strong><\/td>\n<\/tr>\n<tr>\n<th><strong>Cristal<\/strong><\/th>\n<td><strong>Zafiro macizo<\/strong><\/td>\n<\/tr>\n<tr>\n<th><strong>Funciones<\/strong><\/th>\n<td><strong>Funcionalidad<\/strong><\/td>\n<\/tr>\n<tr>\n<th>Resistencia al agua<\/th>\n<td><strong><span class=\"text_exposed_show\">Buena<\/span><\/strong><\/td>\n<\/tr>\n<tr>\n<th>Garant\u00eda<\/th>\n<td><strong>5 a\u00f1os en el Movimiento<\/strong><\/td>\n<\/tr>\n<tr>\n<th><strong>Servicios<\/strong><\/th>\n<td><strong>Spa gratuito: lubricaci\u00f3n de m\u00e1quinas<\/strong><\/td>\n<\/tr>\n<tr>\n<th><strong>Soporte<\/strong><\/th>\n<td><strong>Cambio a una mejor relaci\u00f3n calidad-precio<\/strong><\/td>\n<\/tr>\n<\/tbody>\n<\/table>","protected":false},"featured_media":24473,"comment_status":"open","ping_status":"closed","template":"","meta":{"iawp_total_views":3},"product_brand":[],"product_cat":[195,216],"product_tag":[452,459],"class_list":{"0":"post-22422","1":"product","2":"type-product","3":"status-publish","4":"has-post-thumbnail","6":"product_cat-audemars-piguet","7":"product_cat-audemars-piguet-royal-oak","8":"product_tag-replica-de-reloj","9":"product_tag-replica-de-reloj-audemars-piguet","11":"first","12":"instock","13":"sale","14":"shipping-taxable","15":"purchasable","16":"product-type-simple"},"yoast_head":"<!-- This site is optimized with the Yoast SEO plugin v27.3 - https:\/\/yoast.com\/product\/yoast-seo-wordpress\/ -->\n<title>[hot-selling model]Audemars Piguet Royal Oak Replica 11 Women&#039;s Watch, Automatic Movement, 34mm - Trustywatches<\/title>\n<meta name=\"robots\" content=\"index, follow, max-snippet:-1, max-image-preview:large, max-video-preview:-1\" \/>\n<link rel=\"canonical\" href=\"https:\/\/trustywatches.com\/en\/product\/reloj-audemars-piguet-royal-oak-replica-11-para-mujer-movimiento-automatico-34-mm\/\" \/>\n<meta property=\"og:locale\" content=\"en_US\" \/>\n<meta property=\"og:type\" content=\"article\" \/>\n<meta property=\"og:title\" content=\"[hot-selling model]Audemars Piguet Royal Oak Replica 11 Women&#039;s Watch, Automatic Movement, 34mm - Trustywatches\" \/>\n<meta property=\"og:description\" content=\"ESPECIFICACIONES \u2013 GARANT\u00cdADEL RELOJ AUDEMARS PIGUET ROYAL OAK REPLICA 11  Especificaci\u00f3n Detalles  Tama\u00f1o 34 mm  Material Acero inoxidable  Correa Acero inoxidable Acero  Movimiento Autom\u00e1tico \u2013 Calibre 5500  Cristal Zafiro macizo  Funciones Funcionalidad  Resistencia al agua Buena  Garant\u00eda 5 a\u00f1os en el Movimiento  Servicios Spa gratuito: lubricaci\u00f3n de m\u00e1quinas  Soporte Cambio a una mejor relaci\u00f3n calidad-precio\" \/>\n<meta property=\"og:url\" content=\"https:\/\/trustywatches.com\/en\/product\/reloj-audemars-piguet-royal-oak-replica-11-para-mujer-movimiento-automatico-34-mm\/\" \/>\n<meta property=\"og:site_name\" content=\"Trustywatches\" \/>\n<meta property=\"article:modified_time\" content=\"2026-03-05T06:45:28+00:00\" \/>\n<meta property=\"og:image\" content=\"https:\/\/trustywatches.com\/wp-content\/uploads\/2026\/01\/Dong-Ho-Audemars-Piguet-Royal-Oak-Rep-11-Cao-Cap-Nu-May-Co-Tu-Dong-34mm-2.jpg\" \/>\n\t<meta property=\"og:image:width\" content=\"1920\" \/>\n\t<meta property=\"og:image:height\" content=\"1280\" \/>\n\t<meta property=\"og:image:type\" content=\"image\/jpeg\" \/>\n<meta name=\"twitter:card\" content=\"summary_large_image\" \/>\n<script type=\"application\/ld+json\" class=\"yoast-schema-graph\">{\"@context\":\"https:\\\/\\\/schema.org\",\"@graph\":[{\"@type\":\"WebPage\",\"@id\":\"https:\\\/\\\/trustywatches.com\\\/en\\\/product\\\/reloj-audemars-piguet-royal-oak-replica-11-para-mujer-movimiento-automatico-34-mm\\\/\",\"url\":\"https:\\\/\\\/trustywatches.com\\\/en\\\/product\\\/reloj-audemars-piguet-royal-oak-replica-11-para-mujer-movimiento-automatico-34-mm\\\/\",\"name\":\"[hot-selling model]Audemars Piguet Royal Oak Replica 11 Women's Watch, Automatic Movement, 34mm - Trustywatches\",\"isPartOf\":{\"@id\":\"https:\\\/\\\/trustywatches.com\\\/#website\"},\"primaryImageOfPage\":{\"@id\":\"https:\\\/\\\/trustywatches.com\\\/en\\\/product\\\/reloj-audemars-piguet-royal-oak-replica-11-para-mujer-movimiento-automatico-34-mm\\\/#primaryimage\"},\"image\":{\"@id\":\"https:\\\/\\\/trustywatches.com\\\/en\\\/product\\\/reloj-audemars-piguet-royal-oak-replica-11-para-mujer-movimiento-automatico-34-mm\\\/#primaryimage\"},\"thumbnailUrl\":\"https:\\\/\\\/trustywatches.com\\\/wp-content\\\/uploads\\\/2026\\\/01\\\/Dong-Ho-Audemars-Piguet-Royal-Oak-Rep-11-Cao-Cap-Nu-May-Co-Tu-Dong-34mm-2.jpg\",\"datePublished\":\"2026-01-14T10:15:38+00:00\",\"dateModified\":\"2026-03-05T06:45:28+00:00\",\"breadcrumb\":{\"@id\":\"https:\\\/\\\/trustywatches.com\\\/en\\\/product\\\/reloj-audemars-piguet-royal-oak-replica-11-para-mujer-movimiento-automatico-34-mm\\\/#breadcrumb\"},\"inLanguage\":\"en-US\",\"potentialAction\":[{\"@type\":\"ReadAction\",\"target\":[\"https:\\\/\\\/trustywatches.com\\\/en\\\/product\\\/reloj-audemars-piguet-royal-oak-replica-11-para-mujer-movimiento-automatico-34-mm\\\/\"]}]},{\"@type\":\"ImageObject\",\"inLanguage\":\"en-US\",\"@id\":\"https:\\\/\\\/trustywatches.com\\\/en\\\/product\\\/reloj-audemars-piguet-royal-oak-replica-11-para-mujer-movimiento-automatico-34-mm\\\/#primaryimage\",\"url\":\"https:\\\/\\\/trustywatches.com\\\/wp-content\\\/uploads\\\/2026\\\/01\\\/Dong-Ho-Audemars-Piguet-Royal-Oak-Rep-11-Cao-Cap-Nu-May-Co-Tu-Dong-34mm-2.jpg\",\"contentUrl\":\"https:\\\/\\\/trustywatches.com\\\/wp-content\\\/uploads\\\/2026\\\/01\\\/Dong-Ho-Audemars-Piguet-Royal-Oak-Rep-11-Cao-Cap-Nu-May-Co-Tu-Dong-34mm-2.jpg\",\"width\":1920,\"height\":1280},{\"@type\":\"BreadcrumbList\",\"@id\":\"https:\\\/\\\/trustywatches.com\\\/en\\\/product\\\/reloj-audemars-piguet-royal-oak-replica-11-para-mujer-movimiento-automatico-34-mm\\\/#breadcrumb\",\"itemListElement\":[{\"@type\":\"ListItem\",\"position\":1,\"name\":\"Home\",\"item\":\"https:\\\/\\\/trustywatches.com\\\/\"},{\"@type\":\"ListItem\",\"position\":2,\"name\":\"TIENDA\",\"item\":\"https:\\\/\\\/trustywatches.com\\\/tienda\\\/\"},{\"@type\":\"ListItem\",\"position\":3,\"name\":\"[hot-selling model]Audemars Piguet Royal Oak Replica 11 Women&#8217;s Watch, Automatic Movement, 34mm\"}]},{\"@type\":\"WebSite\",\"@id\":\"https:\\\/\\\/trustywatches.com\\\/#website\",\"url\":\"https:\\\/\\\/trustywatches.com\\\/\",\"name\":\"Trustywatches\",\"description\":\"\",\"potentialAction\":[{\"@type\":\"SearchAction\",\"target\":{\"@type\":\"EntryPoint\",\"urlTemplate\":\"https:\\\/\\\/trustywatches.com\\\/?s={search_term_string}\"},\"query-input\":{\"@type\":\"PropertyValueSpecification\",\"valueRequired\":true,\"valueName\":\"search_term_string\"}}],\"inLanguage\":\"en-US\"}]}<\/script>\n<!-- \/ Yoast SEO plugin. -->","yoast_head_json":{"title":"[hot-selling model]Audemars Piguet Royal Oak Replica 11 Women's Watch, Automatic Movement, 34mm - Trustywatches","robots":{"index":"index","follow":"follow","max-snippet":"max-snippet:-1","max-image-preview":"max-image-preview:large","max-video-preview":"max-video-preview:-1"},"canonical":"https:\/\/trustywatches.com\/en\/product\/reloj-audemars-piguet-royal-oak-replica-11-para-mujer-movimiento-automatico-34-mm\/","og_locale":"en_US","og_type":"article","og_title":"[hot-selling model]Audemars Piguet Royal Oak Replica 11 Women's Watch, Automatic Movement, 34mm - Trustywatches","og_description":"ESPECIFICACIONES \u2013 GARANT\u00cdADEL RELOJ AUDEMARS PIGUET ROYAL OAK REPLICA 11  Especificaci\u00f3n Detalles  Tama\u00f1o 34 mm  Material Acero inoxidable  Correa Acero inoxidable Acero  Movimiento Autom\u00e1tico \u2013 Calibre 5500  Cristal Zafiro macizo  Funciones Funcionalidad  Resistencia al agua Buena  Garant\u00eda 5 a\u00f1os en el Movimiento  Servicios Spa gratuito: lubricaci\u00f3n de m\u00e1quinas  Soporte Cambio a una mejor relaci\u00f3n calidad-precio","og_url":"https:\/\/trustywatches.com\/en\/product\/reloj-audemars-piguet-royal-oak-replica-11-para-mujer-movimiento-automatico-34-mm\/","og_site_name":"Trustywatches","article_modified_time":"2026-03-05T06:45:28+00:00","og_image":[{"width":1920,"height":1280,"url":"https:\/\/trustywatches.com\/wp-content\/uploads\/2026\/01\/Dong-Ho-Audemars-Piguet-Royal-Oak-Rep-11-Cao-Cap-Nu-May-Co-Tu-Dong-34mm-2.jpg","type":"image\/jpeg"}],"twitter_card":"summary_large_image","schema":{"@context":"https:\/\/schema.org","@graph":[{"@type":"WebPage","@id":"https:\/\/trustywatches.com\/en\/product\/reloj-audemars-piguet-royal-oak-replica-11-para-mujer-movimiento-automatico-34-mm\/","url":"https:\/\/trustywatches.com\/en\/product\/reloj-audemars-piguet-royal-oak-replica-11-para-mujer-movimiento-automatico-34-mm\/","name":"[hot-selling model]Audemars Piguet Royal Oak Replica 11 Women's Watch, Automatic Movement, 34mm - Trustywatches","isPartOf":{"@id":"https:\/\/trustywatches.com\/#website"},"primaryImageOfPage":{"@id":"https:\/\/trustywatches.com\/en\/product\/reloj-audemars-piguet-royal-oak-replica-11-para-mujer-movimiento-automatico-34-mm\/#primaryimage"},"image":{"@id":"https:\/\/trustywatches.com\/en\/product\/reloj-audemars-piguet-royal-oak-replica-11-para-mujer-movimiento-automatico-34-mm\/#primaryimage"},"thumbnailUrl":"https:\/\/trustywatches.com\/wp-content\/uploads\/2026\/01\/Dong-Ho-Audemars-Piguet-Royal-Oak-Rep-11-Cao-Cap-Nu-May-Co-Tu-Dong-34mm-2.jpg","datePublished":"2026-01-14T10:15:38+00:00","dateModified":"2026-03-05T06:45:28+00:00","breadcrumb":{"@id":"https:\/\/trustywatches.com\/en\/product\/reloj-audemars-piguet-royal-oak-replica-11-para-mujer-movimiento-automatico-34-mm\/#breadcrumb"},"inLanguage":"en-US","potentialAction":[{"@type":"ReadAction","target":["https:\/\/trustywatches.com\/en\/product\/reloj-audemars-piguet-royal-oak-replica-11-para-mujer-movimiento-automatico-34-mm\/"]}]},{"@type":"ImageObject","inLanguage":"en-US","@id":"https:\/\/trustywatches.com\/en\/product\/reloj-audemars-piguet-royal-oak-replica-11-para-mujer-movimiento-automatico-34-mm\/#primaryimage","url":"https:\/\/trustywatches.com\/wp-content\/uploads\/2026\/01\/Dong-Ho-Audemars-Piguet-Royal-Oak-Rep-11-Cao-Cap-Nu-May-Co-Tu-Dong-34mm-2.jpg","contentUrl":"https:\/\/trustywatches.com\/wp-content\/uploads\/2026\/01\/Dong-Ho-Audemars-Piguet-Royal-Oak-Rep-11-Cao-Cap-Nu-May-Co-Tu-Dong-34mm-2.jpg","width":1920,"height":1280},{"@type":"BreadcrumbList","@id":"https:\/\/trustywatches.com\/en\/product\/reloj-audemars-piguet-royal-oak-replica-11-para-mujer-movimiento-automatico-34-mm\/#breadcrumb","itemListElement":[{"@type":"ListItem","position":1,"name":"Home","item":"https:\/\/trustywatches.com\/"},{"@type":"ListItem","position":2,"name":"TIENDA","item":"https:\/\/trustywatches.com\/tienda\/"},{"@type":"ListItem","position":3,"name":"[hot-selling model]Audemars Piguet Royal Oak Replica 11 Women&#8217;s Watch, Automatic Movement, 34mm"}]},{"@type":"WebSite","@id":"https:\/\/trustywatches.com\/#website","url":"https:\/\/trustywatches.com\/","name":"Trustywatches","description":"","potentialAction":[{"@type":"SearchAction","target":{"@type":"EntryPoint","urlTemplate":"https:\/\/trustywatches.com\/?s={search_term_string}"},"query-input":{"@type":"PropertyValueSpecification","valueRequired":true,"valueName":"search_term_string"}}],"inLanguage":"en-US"}]}},"post_mailing_queue_ids":[],"_links":{"self":[{"href":"https:\/\/trustywatches.com\/en\/wp-json\/wp\/v2\/product\/22422","targetHints":{"allow":["GET"]}}],"collection":[{"href":"https:\/\/trustywatches.com\/en\/wp-json\/wp\/v2\/product"}],"about":[{"href":"https:\/\/trustywatches.com\/en\/wp-json\/wp\/v2\/types\/product"}],"replies":[{"embeddable":true,"href":"https:\/\/trustywatches.com\/en\/wp-json\/wp\/v2\/comments?post=22422"}],"wp:featuredmedia":[{"embeddable":true,"href":"https:\/\/trustywatches.com\/en\/wp-json\/wp\/v2\/media\/24473"}],"wp:attachment":[{"href":"https:\/\/trustywatches.com\/en\/wp-json\/wp\/v2\/media?parent=22422"}],"wp:term":[{"taxonomy":"product_brand","embeddable":true,"href":"https:\/\/trustywatches.com\/en\/wp-json\/wp\/v2\/product_brand?post=22422"},{"taxonomy":"product_cat","embeddable":true,"href":"https:\/\/trustywatches.com\/en\/wp-json\/wp\/v2\/product_cat?post=22422"},{"taxonomy":"product_tag","embeddable":true,"href":"https:\/\/trustywatches.com\/en\/wp-json\/wp\/v2\/product_tag?post=22422"}],"curies":[{"name":"wp","href":"https:\/\/api.w.org\/{rel}","templated":true}]}}