{"id":22440,"date":"2026-01-14T04:15:39","date_gmt":"2026-01-14T10:15:39","guid":{"rendered":"https:\/\/darkgreen-grouse-660966.hostingersite.com\/product\/omega-seamaster-diver-300m-cronografo-esfera-azul-n1-factory-44mm\/"},"modified":"2026-03-05T00:45:29","modified_gmt":"2026-03-05T06:45:29","slug":"omega-seamaster-diver-300m-cronografo-esfera-azul-n1-factory-44mm","status":"publish","type":"product","link":"https:\/\/trustywatches.com\/en\/product\/omega-seamaster-diver-300m-cronografo-esfera-azul-n1-factory-44mm\/","title":{"rendered":"Omega Seamaster Diver 300M Chronograph Blue Dial N1 Factory 44mm"},"content":{"rendered":"<h2><strong>We present the best replica Omega watches<\/strong><\/h2>\n<div style=\"width: 720px\" class=\"wp-video\"><!--[if lt IE 9]>document.createElement('video');<![endif]--><br \/>\n<video class=\"wp-video-shortcode\" id=\"video-0-1\" width=\"720\" height=\"1280\" preload=\"metadata\" controls=\"controls\"><a href=\"https:\/\/kingreplica.com.vn\/wp-content\/uploads\/2025\/03\/Dong-Ho-Omega-Replica-11-Seamaster-Diver-300M-Chronograph-Mat-Xanh-Blue-N1-Factory-44mm-1.mp4\" target=\"_blank\" rel=\"noopener\">https:\/\/kingreplica.com.vn\/wp-content\/uploads\/2025\/03\/Dong-Ho-Omega-Replica-11-Seamaster-Diver-300M-Chronograph-Mat-Xanh-Blue-N1-Factory-44mm-1.mp4<\/a><\/video><\/div>\n<p><img fetchpriority=\"high\" decoding=\"async\" class=\"aligncenter size-full wp-image-27942\" src=\"https:\/\/kingreplica.com.vn\/wp-content\/uploads\/2025\/03\/Dong-Ho-Omega-Replica-11-Seamaster-Diver-300M-Chronograph-Mat-Xanh-Blue-N1-Factory-44mm-6.jpg\" alt=\"Dong Ho Omega Replica 11 Seamaster Diver 300M Chronograph Mat Xanh Blue N1 Factory 44mm (1)\" width=\"1024\" height=\"1024\" \/> <img decoding=\"async\" class=\"aligncenter size-full wp-image-27941\" src=\"https:\/\/kingreplica.com.vn\/wp-content\/uploads\/2025\/03\/Dong-Ho-Omega-Replica-11-Seamaster-Diver-300M-Chronograph-Mat-Xanh-Blue-N1-Factory-44mm-5.jpg\" alt=\"Dong Ho Omega Replica 11 Seamaster Diver 300M Chronograph Mat Xanh Blue N1 Factory 44mm (1)\" width=\"1024\" height=\"1024\" \/> <img decoding=\"async\" class=\"aligncenter size-full wp-image-27940\" src=\"https:\/\/kingreplica.com.vn\/wp-content\/uploads\/2025\/03\/Dong-Ho-Omega-Replica-11-Seamaster-Diver-300M-Chronograph-Mat-Xanh-Blue-N1-Factory-44mm-4.jpg\" alt=\"Dong Ho Omega Replica 11 Seamaster Diver 300M Chronograph Mat Xanh Blue N1 Factory 44mm (1)\" width=\"1024\" height=\" 1024\" \/> <img decoding=\"async\" class=\"aligncenter size-full wp-image-27939\" src=\"https:\/\/kingreplica.com.vn\/wp-content\/uploads\/2025\/03\/Dong-Ho-Omega-Replica-11-Seamaster-Diver-300M-Chronograph-Mat-Xanh-Blue-N1-Factory-44mm-3.jpg\" alt=\"Dong Ho Omega Replica 11 Seamaster Diver 300M Chronograph Mat Xanh Blue N1 Factory 44mm (1)\" width=\"1024\" height=\"1024\" \/> <img loading=\"lazy\" decoding=\"async\" class=\"aligncenter size-full wp-image-27938\" src=\"https:\/\/kingreplica.com.vn\/wp-content\/uploads\/2025\/03\/Dong-Ho-Omega-Replica-11-Seamaster-Diver-300M-Chronograph-Mat-Xanh-Blue-N1-Factory-44mm-2.jpg\" alt=\"Dong Ho Omega Replica 11 Seamaster Diver 300M Chronograph Mat Xanh Blue N1 Factory 44mm (1)\" width=\"1024\" height=\"1024\" \/> <img decoding=\"async\" class=\"aligncenter size-full wp-image-27937\" src=\"https:\/\/kingreplica.com.vn\/wp-content\/uploads\/2025\/03\/Dong-Ho-Omega-Replica-11-Seamaster-Diver-300M-Chronograph-Mat-Xanh-Blue-N1-Factory-44mm-1.jpg\" alt=\"Dong Ho Omega Replica 11 Seamaster Diver 300M Chronograph Mat Xanh Blue N1 Factory 44mm (1)\" width=\"1024\" height=\" 1024\" \/> <img loading=\"lazy\" decoding=\"async\" class=\"aligncenter size-full wp-image-27920\" src=\"https:\/\/kingreplica.com.vn\/wp-content\/uploads\/2025\/03\/Dong-Ho-Omega-Replica-11-Seamaster-Diver-300M-Chronograph.jpg\" alt=\"Dong Ho Omega Replica 11 Seamaster Diver 300M Chronograph\" width=\"1024\" height=\"1024\" \/> <img loading=\"lazy\" decoding=\"async\" class=\"aligncenter size-full wp-image-27919\" src=\"https:\/\/kingreplica.com.vn\/wp-content\/uploads\/2025\/03\/Dong-Ho-Omega-Seamaster-Diver-300M-Replica-11.jpg\" alt=\"Dong Ho Omega Seamaster Diver 300M Replica 11\" width=\"1024\" height=\"1024\" \/> <img loading=\"lazy\" decoding=\"async\" class=\"aligncenter size-full wp-image-27918\" src=\"https:\/\/kingreplica.com.vn\/wp-content\/uploads\/2025\/03\/Dong-Ho-Omega-Seamaster-Diver-300M-Fake-11.jpg\" alt=\"Dong Ho Omega Seamaster Diver 300M False 11\" width=\"1024\" height=\"1024\" \/> <img loading=\"lazy\" decoding=\"async\" class=\"aligncenter size-full wp-image-27917\" src=\"https:\/\/kingreplica.com.vn\/wp-content\/uploads\/2025\/03\/Dong-Ho-Omega-Seamaster-Diver-300M-Rep-Cao-Cap.jpg\" alt=\"Dong Ho Omega Seamaster Diver 300M Rep Cao Cap\" width=\"1024\" height=\"1024\" \/><\/p>\n","protected":false},"excerpt":{"rendered":"<h2><strong>ESPECIFICACIONES \u2013 GARANT\u00cdA<\/strong><strong>DE LOS RELOJES OMEGA BEST COPIES<\/strong><\/h2>\n<table class=\"shop_attributes\" width=\"480\">\n<tbody>\n<tr>\n<th><strong>Especificaci\u00f3n<\/strong><\/th>\n<td><strong>Detalles<\/strong><\/td>\n<\/tr>\n<tr>\n<th><strong>Tama\u00f1o<\/strong><\/th>\n<td><strong>44 mm<\/strong><\/td>\n<\/tr>\n<tr>\n<th>Material<\/th>\n<td><strong>Acero inoxidable<\/strong><\/td>\n<\/tr>\n<tr>\n<th><strong>Correa<\/strong><\/th>\n<td><strong>Acero inoxidable<\/strong><\/td>\n<\/tr>\n<tr>\n<th><strong>Movimiento<\/strong><\/th>\n<td><strong>Autom\u00e1tico \u2013 Calibre 9900<\/strong><\/td>\n<\/tr>\n<tr>\n<th><strong>Cristal<\/strong><\/th>\n<td><strong>Zafiro macizo<\/strong><\/td>\n<\/tr>\n<tr>\n<th><strong>Funciones<\/strong><\/th>\n<td><strong>Funcionalidad<\/strong><\/td>\n<\/tr>\n<tr>\n<th>Resistencia al agua<\/th>\n<td><strong><span class=\"text_exposed_show\">Buena<\/span><\/strong><\/td>\n<\/tr>\n<tr>\n<th>Garant\u00eda<\/th>\n<td><strong>5 a\u00f1os en el movimiento<\/strong><\/td>\n<\/tr>\n<tr>\n<th><strong>Servicios<\/strong><\/th>\n<td><strong>Spa gratuito &#8211; M\u00e1quina Lubricaci\u00f3n<br \/>\n<\/strong><\/td>\n<\/tr>\n<tr>\n<th><strong>Soporte<\/strong><\/th>\n<td><strong>Cambio a mejor precio<\/strong><\/td>\n<\/tr>\n<\/tbody>\n<\/table>","protected":false},"featured_media":24642,"comment_status":"open","ping_status":"closed","template":"","meta":{"iawp_total_views":10},"product_brand":[],"product_cat":[194,213],"product_tag":[452,451],"class_list":{"0":"post-22440","1":"product","2":"type-product","3":"status-publish","4":"has-post-thumbnail","6":"product_cat-omega","7":"product_cat-seamaster","8":"product_tag-replica-de-reloj","9":"product_tag-replica-de-reloj-omega","11":"first","12":"instock","13":"sale","14":"shipping-taxable","15":"purchasable","16":"product-type-simple"},"yoast_head":"<!-- This site is optimized with the Yoast SEO plugin v27.3 - https:\/\/yoast.com\/product\/yoast-seo-wordpress\/ -->\n<title>Omega Seamaster Diver 300M Chronograph Blue Dial N1 Factory 44mm - Trustywatches<\/title>\n<meta name=\"robots\" content=\"index, follow, max-snippet:-1, max-image-preview:large, max-video-preview:-1\" \/>\n<link rel=\"canonical\" href=\"https:\/\/trustywatches.com\/en\/product\/omega-seamaster-diver-300m-cronografo-esfera-azul-n1-factory-44mm\/\" \/>\n<meta property=\"og:locale\" content=\"en_US\" \/>\n<meta property=\"og:type\" content=\"article\" \/>\n<meta property=\"og:title\" content=\"Omega Seamaster Diver 300M Chronograph Blue Dial N1 Factory 44mm - Trustywatches\" \/>\n<meta property=\"og:description\" content=\"ESPECIFICACIONES \u2013 GARANT\u00cdADE LOS RELOJES OMEGA BEST COPIES  Especificaci\u00f3n Detalles  Tama\u00f1o 44 mm  Material Acero inoxidable  Correa Acero inoxidable  Movimiento Autom\u00e1tico \u2013 Calibre 9900  Cristal Zafiro macizo  Funciones Funcionalidad  Resistencia al agua Buena  Garant\u00eda 5 a\u00f1os en el movimiento  Servicios Spa gratuito - M\u00e1quina Lubricaci\u00f3n  Soporte Cambio a mejor precio\" \/>\n<meta property=\"og:url\" content=\"https:\/\/trustywatches.com\/en\/product\/omega-seamaster-diver-300m-cronografo-esfera-azul-n1-factory-44mm\/\" \/>\n<meta property=\"og:site_name\" content=\"Trustywatches\" \/>\n<meta property=\"article:modified_time\" content=\"2026-03-05T06:45:29+00:00\" \/>\n<meta property=\"og:image\" content=\"https:\/\/trustywatches.com\/wp-content\/uploads\/2026\/01\/Dong-Ho-Omega-Replica-11-Seamaster-Diver-300M-Chronograph-Mat-Xanh-Blue-N1-Factory-44mm-6.jpg\" \/>\n\t<meta property=\"og:image:width\" content=\"1024\" \/>\n\t<meta property=\"og:image:height\" content=\"1024\" \/>\n\t<meta property=\"og:image:type\" content=\"image\/jpeg\" \/>\n<meta name=\"twitter:card\" content=\"summary_large_image\" \/>\n<script type=\"application\/ld+json\" class=\"yoast-schema-graph\">{\"@context\":\"https:\\\/\\\/schema.org\",\"@graph\":[{\"@type\":\"WebPage\",\"@id\":\"https:\\\/\\\/trustywatches.com\\\/product\\\/omega-seamaster-diver-300m-cronografo-esfera-azul-n1-factory-44mm\\\/\",\"url\":\"https:\\\/\\\/trustywatches.com\\\/product\\\/omega-seamaster-diver-300m-cronografo-esfera-azul-n1-factory-44mm\\\/\",\"name\":\"Omega Seamaster Diver 300M Chronograph Blue Dial N1 Factory 44mm - Trustywatches\",\"isPartOf\":{\"@id\":\"https:\\\/\\\/trustywatches.com\\\/#website\"},\"primaryImageOfPage\":{\"@id\":\"https:\\\/\\\/trustywatches.com\\\/product\\\/omega-seamaster-diver-300m-cronografo-esfera-azul-n1-factory-44mm\\\/#primaryimage\"},\"image\":{\"@id\":\"https:\\\/\\\/trustywatches.com\\\/product\\\/omega-seamaster-diver-300m-cronografo-esfera-azul-n1-factory-44mm\\\/#primaryimage\"},\"thumbnailUrl\":\"https:\\\/\\\/trustywatches.com\\\/wp-content\\\/uploads\\\/2026\\\/01\\\/Dong-Ho-Omega-Replica-11-Seamaster-Diver-300M-Chronograph-Mat-Xanh-Blue-N1-Factory-44mm-6.jpg\",\"datePublished\":\"2026-01-14T10:15:39+00:00\",\"dateModified\":\"2026-03-05T06:45:29+00:00\",\"breadcrumb\":{\"@id\":\"https:\\\/\\\/trustywatches.com\\\/product\\\/omega-seamaster-diver-300m-cronografo-esfera-azul-n1-factory-44mm\\\/#breadcrumb\"},\"inLanguage\":\"en-US\",\"potentialAction\":[{\"@type\":\"ReadAction\",\"target\":[\"https:\\\/\\\/trustywatches.com\\\/product\\\/omega-seamaster-diver-300m-cronografo-esfera-azul-n1-factory-44mm\\\/\"]}]},{\"@type\":\"ImageObject\",\"inLanguage\":\"en-US\",\"@id\":\"https:\\\/\\\/trustywatches.com\\\/product\\\/omega-seamaster-diver-300m-cronografo-esfera-azul-n1-factory-44mm\\\/#primaryimage\",\"url\":\"https:\\\/\\\/trustywatches.com\\\/wp-content\\\/uploads\\\/2026\\\/01\\\/Dong-Ho-Omega-Replica-11-Seamaster-Diver-300M-Chronograph-Mat-Xanh-Blue-N1-Factory-44mm-6.jpg\",\"contentUrl\":\"https:\\\/\\\/trustywatches.com\\\/wp-content\\\/uploads\\\/2026\\\/01\\\/Dong-Ho-Omega-Replica-11-Seamaster-Diver-300M-Chronograph-Mat-Xanh-Blue-N1-Factory-44mm-6.jpg\",\"width\":1024,\"height\":1024},{\"@type\":\"BreadcrumbList\",\"@id\":\"https:\\\/\\\/trustywatches.com\\\/product\\\/omega-seamaster-diver-300m-cronografo-esfera-azul-n1-factory-44mm\\\/#breadcrumb\",\"itemListElement\":[{\"@type\":\"ListItem\",\"position\":1,\"name\":\"Home\",\"item\":\"https:\\\/\\\/trustywatches.com\\\/\"},{\"@type\":\"ListItem\",\"position\":2,\"name\":\"TIENDA\",\"item\":\"https:\\\/\\\/trustywatches.com\\\/tienda\\\/\"},{\"@type\":\"ListItem\",\"position\":3,\"name\":\"Omega Seamaster Diver 300M Chronograph Blue Dial N1 Factory 44mm\"}]},{\"@type\":\"WebSite\",\"@id\":\"https:\\\/\\\/trustywatches.com\\\/#website\",\"url\":\"https:\\\/\\\/trustywatches.com\\\/\",\"name\":\"Trustywatches\",\"description\":\"\",\"potentialAction\":[{\"@type\":\"SearchAction\",\"target\":{\"@type\":\"EntryPoint\",\"urlTemplate\":\"https:\\\/\\\/trustywatches.com\\\/?s={search_term_string}\"},\"query-input\":{\"@type\":\"PropertyValueSpecification\",\"valueRequired\":true,\"valueName\":\"search_term_string\"}}],\"inLanguage\":\"en-US\"}]}<\/script>\n<!-- \/ Yoast SEO plugin. -->","yoast_head_json":{"title":"Omega Seamaster Diver 300M Chronograph Blue Dial N1 Factory 44mm - Trustywatches","robots":{"index":"index","follow":"follow","max-snippet":"max-snippet:-1","max-image-preview":"max-image-preview:large","max-video-preview":"max-video-preview:-1"},"canonical":"https:\/\/trustywatches.com\/en\/product\/omega-seamaster-diver-300m-cronografo-esfera-azul-n1-factory-44mm\/","og_locale":"en_US","og_type":"article","og_title":"Omega Seamaster Diver 300M Chronograph Blue Dial N1 Factory 44mm - Trustywatches","og_description":"ESPECIFICACIONES \u2013 GARANT\u00cdADE LOS RELOJES OMEGA BEST COPIES  Especificaci\u00f3n Detalles  Tama\u00f1o 44 mm  Material Acero inoxidable  Correa Acero inoxidable  Movimiento Autom\u00e1tico \u2013 Calibre 9900  Cristal Zafiro macizo  Funciones Funcionalidad  Resistencia al agua Buena  Garant\u00eda 5 a\u00f1os en el movimiento  Servicios Spa gratuito - M\u00e1quina Lubricaci\u00f3n  Soporte Cambio a mejor precio","og_url":"https:\/\/trustywatches.com\/en\/product\/omega-seamaster-diver-300m-cronografo-esfera-azul-n1-factory-44mm\/","og_site_name":"Trustywatches","article_modified_time":"2026-03-05T06:45:29+00:00","og_image":[{"width":1024,"height":1024,"url":"https:\/\/trustywatches.com\/wp-content\/uploads\/2026\/01\/Dong-Ho-Omega-Replica-11-Seamaster-Diver-300M-Chronograph-Mat-Xanh-Blue-N1-Factory-44mm-6.jpg","type":"image\/jpeg"}],"twitter_card":"summary_large_image","schema":{"@context":"https:\/\/schema.org","@graph":[{"@type":"WebPage","@id":"https:\/\/trustywatches.com\/product\/omega-seamaster-diver-300m-cronografo-esfera-azul-n1-factory-44mm\/","url":"https:\/\/trustywatches.com\/product\/omega-seamaster-diver-300m-cronografo-esfera-azul-n1-factory-44mm\/","name":"Omega Seamaster Diver 300M Chronograph Blue Dial N1 Factory 44mm - Trustywatches","isPartOf":{"@id":"https:\/\/trustywatches.com\/#website"},"primaryImageOfPage":{"@id":"https:\/\/trustywatches.com\/product\/omega-seamaster-diver-300m-cronografo-esfera-azul-n1-factory-44mm\/#primaryimage"},"image":{"@id":"https:\/\/trustywatches.com\/product\/omega-seamaster-diver-300m-cronografo-esfera-azul-n1-factory-44mm\/#primaryimage"},"thumbnailUrl":"https:\/\/trustywatches.com\/wp-content\/uploads\/2026\/01\/Dong-Ho-Omega-Replica-11-Seamaster-Diver-300M-Chronograph-Mat-Xanh-Blue-N1-Factory-44mm-6.jpg","datePublished":"2026-01-14T10:15:39+00:00","dateModified":"2026-03-05T06:45:29+00:00","breadcrumb":{"@id":"https:\/\/trustywatches.com\/product\/omega-seamaster-diver-300m-cronografo-esfera-azul-n1-factory-44mm\/#breadcrumb"},"inLanguage":"en-US","potentialAction":[{"@type":"ReadAction","target":["https:\/\/trustywatches.com\/product\/omega-seamaster-diver-300m-cronografo-esfera-azul-n1-factory-44mm\/"]}]},{"@type":"ImageObject","inLanguage":"en-US","@id":"https:\/\/trustywatches.com\/product\/omega-seamaster-diver-300m-cronografo-esfera-azul-n1-factory-44mm\/#primaryimage","url":"https:\/\/trustywatches.com\/wp-content\/uploads\/2026\/01\/Dong-Ho-Omega-Replica-11-Seamaster-Diver-300M-Chronograph-Mat-Xanh-Blue-N1-Factory-44mm-6.jpg","contentUrl":"https:\/\/trustywatches.com\/wp-content\/uploads\/2026\/01\/Dong-Ho-Omega-Replica-11-Seamaster-Diver-300M-Chronograph-Mat-Xanh-Blue-N1-Factory-44mm-6.jpg","width":1024,"height":1024},{"@type":"BreadcrumbList","@id":"https:\/\/trustywatches.com\/product\/omega-seamaster-diver-300m-cronografo-esfera-azul-n1-factory-44mm\/#breadcrumb","itemListElement":[{"@type":"ListItem","position":1,"name":"Home","item":"https:\/\/trustywatches.com\/"},{"@type":"ListItem","position":2,"name":"TIENDA","item":"https:\/\/trustywatches.com\/tienda\/"},{"@type":"ListItem","position":3,"name":"Omega Seamaster Diver 300M Chronograph Blue Dial N1 Factory 44mm"}]},{"@type":"WebSite","@id":"https:\/\/trustywatches.com\/#website","url":"https:\/\/trustywatches.com\/","name":"Trustywatches","description":"","potentialAction":[{"@type":"SearchAction","target":{"@type":"EntryPoint","urlTemplate":"https:\/\/trustywatches.com\/?s={search_term_string}"},"query-input":{"@type":"PropertyValueSpecification","valueRequired":true,"valueName":"search_term_string"}}],"inLanguage":"en-US"}]}},"post_mailing_queue_ids":[],"_links":{"self":[{"href":"https:\/\/trustywatches.com\/en\/wp-json\/wp\/v2\/product\/22440","targetHints":{"allow":["GET"]}}],"collection":[{"href":"https:\/\/trustywatches.com\/en\/wp-json\/wp\/v2\/product"}],"about":[{"href":"https:\/\/trustywatches.com\/en\/wp-json\/wp\/v2\/types\/product"}],"replies":[{"embeddable":true,"href":"https:\/\/trustywatches.com\/en\/wp-json\/wp\/v2\/comments?post=22440"}],"wp:featuredmedia":[{"embeddable":true,"href":"https:\/\/trustywatches.com\/en\/wp-json\/wp\/v2\/media\/24642"}],"wp:attachment":[{"href":"https:\/\/trustywatches.com\/en\/wp-json\/wp\/v2\/media?parent=22440"}],"wp:term":[{"taxonomy":"product_brand","embeddable":true,"href":"https:\/\/trustywatches.com\/en\/wp-json\/wp\/v2\/product_brand?post=22440"},{"taxonomy":"product_cat","embeddable":true,"href":"https:\/\/trustywatches.com\/en\/wp-json\/wp\/v2\/product_cat?post=22440"},{"taxonomy":"product_tag","embeddable":true,"href":"https:\/\/trustywatches.com\/en\/wp-json\/wp\/v2\/product_tag?post=22440"}],"curies":[{"name":"wp","href":"https:\/\/api.w.org\/{rel}","templated":true}]}}