{"id":22441,"date":"2026-01-14T04:15:40","date_gmt":"2026-01-14T10:15:40","guid":{"rendered":"https:\/\/darkgreen-grouse-660966.hostingersite.com\/product\/relojes-omega-seamaster-diver-300m-cronografo-demi-rose-gold-n1-factory-44mm-con-esfera-negra\/"},"modified":"2026-03-05T00:45:29","modified_gmt":"2026-03-05T06:45:29","slug":"relojes-omega-seamaster-diver-300m-cronografo-demi-rose-gold-n1-factory-44mm-con-esfera-negra","status":"publish","type":"product","link":"https:\/\/trustywatches.com\/en\/product\/relojes-omega-seamaster-diver-300m-cronografo-demi-rose-gold-n1-factory-44mm-con-esfera-negra\/","title":{"rendered":"Omega Seamaster Diver 300M Chronograph Demi Rose Gold N1 Factory 44mm watches with black dial"},"content":{"rendered":"<h2><strong> Introducing Omega watches with black dial<\/strong><\/h2>\n<div class=\"wp-video\" style=\"width: 720px;\"><!-- [if lt IE 9]>document.createElement('video');<![endif]--> <video id=\"video-0-1\" class=\"wp-video-shortcode\" preload=\"metadata\" controls=\"controls\" width=\"720\" height=\"1280\"><a href=\"https:\/\/kingreplica.com.vn\/wp-content\/uploads\/2025\/03\/Dong-Ho-Omega-Rep-11-Seamaster-Diver-300M-Chronograph-Demi-Vang-Hong-Mat-Den-N1-44mm-1.mp4\" target=\"_blank\" rel=\"noopener\">https:\/\/kingreplica.com.vn\/wp-content\/uploads\/2025\/03\/Dong-Ho-Omega-Rep-11-Seamaster-Diver-300M-Chronograph-Demi-Vang-Hong-Mat-Den-N1-44mm-1.mp4<\/a><\/video><\/div>\n<p><img fetchpriority=\"high\" decoding=\"async\" class=\"aligncenter size-full wp-image-27954\" src=\"https:\/\/kingreplica.com.vn\/wp-content\/uploads\/2025\/03\/Dong-Ho-Omega-Rep-11-Seamaster-Diver-300M-Chronograph-Demi-Vang-Hong-Mat-Den-N1-44mm-8.jpg\" alt=\"Dong Ho Omega Rep 11 Seamaster Diver 300M Chronograph Demi V??ng H?ng M?t ?en N1 44mm (1)\" width=\"1024\" height=\"1024\" \/> <img decoding=\"async\" class=\"aligncenter size-full wp-image-27956\" src=\"https:\/\/kingreplica.com.vn\/wp-content\/uploads\/2025\/03\/Dong-Ho-Omega-Rep-11-Seamaster-Diver-300M-Chronograph-Demi-Vang-Hong-Mat-Den-N1-44mm-10.jpg\" alt=\"Dong Ho Omega Rep 11 Seamaster Diver 300M Chronograph Demi Vang Hong Mat ?en N1 44mm (9)\" width=\"1024\" height=\"1024\" \/> <img decoding=\"async\" class=\"aligncenter size-full wp-image-27955\" src=\"https:\/\/kingreplica.com.vn\/wp-content\/uploads\/2025\/03\/Dong-Ho-Omega-Rep-11-Seamaster-Diver-300M-Chronograph-Demi-Vang-Hong-Mat-Den-N1-44mm-9.jpg\" alt=\"Dong Ho Omega Rep 11 Seamaster Diver 300M Chronograph Demi V??ng H?ng M?t ?en N1 44mm (9)\" width=\"1024\" height=\"1024\" \/> <img loading=\"lazy\" decoding=\"async\" class=\"aligncenter size-full wp-image-27953\" src=\"https:\/\/kingreplica.com.vn\/wp-content\/uploads\/2025\/03\/Dong-Ho-Omega-Rep-11-Seamaster-Diver-300M-Chronograph-Demi-Vang-Hong-Mat-Den-N1-44mm-7.jpg\" alt=\"Dong Ho Omega Rep 11 Seamaster Diver 300M Chronograph Demi Vang Hong Mat ?en N1 44mm (1)\" width=\"1024\" height=\"1024\" \/> <img loading=\"lazy\" decoding=\"async\" class=\"aligncenter size-full wp-image-27952\" src=\"https:\/\/kingreplica.com.vn\/wp-content\/uploads\/2025\/03\/Dong-Ho-Omega-Rep-11-Seamaster-Diver-300M-Chronograph-Demi-Vang-Hong-Mat-Den-N1-44mm-6.jpg\" alt=\"Dong Ho Omega Rep 11 Seamaster Diver 300M Chronograph Demi V??ng H?ng M?t ?en N1 44mm (1)\" width=\"1024\" height=\"1024\" \/> <img decoding=\"async\" class=\"aligncenter size-full wp-image-27951\" src=\"https:\/\/kingreplica.com.vn\/wp-content\/uploads\/2025\/03\/Dong-Ho-Omega-Rep-11-Seamaster-Diver-300M-Chronograph-Demi-Vang-Hong-Mat-Den-N1-44mm-5.jpg\" alt=\"Dong Ho Omega Rep 11 Seamaster Diver 300M Chronograph Demi Vang Hong Mat ?en N1 44mm (1)\" width=\"1024\" height=\" 1024\" \/> <img loading=\"lazy\" decoding=\"async\" class=\"aligncenter size-full wp-image-27950\" src=\"https:\/\/kingreplica.com.vn\/wp-content\/uploads\/2025\/03\/Dong-Ho-Omega-Rep-11-Seamaster-Diver-300M-Chronograph-Demi-Vang-Hong-Mat-Den-N1-44mm-4.jpg\" alt=\"Dong Ho Omega Rep 11 Seamaster Diver 300M Chronograph Demi Vang Hong Mat ?en N1 44mm (1)\" width=\"1024\" height=\"1024\" \/> <img loading=\"lazy\" decoding=\"async\" class=\"aligncenter size-full wp-image-27949\" src=\"https:\/\/kingreplica.com.vn\/wp-content\/uploads\/2025\/03\/Dong-Ho-Omega-Rep-11-Seamaster-Diver-300M-Chronograph-Demi-Vang-Hong-Mat-Den-N1-44mm-3.jpg\" alt=\"Dong Ho Omega Rep 11 Seamaster Diver 300M Chronograph Demi V??ng H?ng M?t ?en N1 44mm (1)\" width=\"1024\" height=\"1024\" \/> <img loading=\"lazy\" decoding=\"async\" class=\"aligncenter size-full wp-image-27948\" src=\"https:\/\/kingreplica.com.vn\/wp-content\/uploads\/2025\/03\/Dong-Ho-Omega-Rep-11-Seamaster-Diver-300M-Chronograph-Demi-Vang-Hong-Mat-Den-N1-44mm-2.jpg\" alt=\"Dong Ho Omega Rep 11 Seamaster Diver 300M Chronograph Demi V??ng H?ng M?t ?en N1 44mm (1)\" width=\"1024\" height=\"1024\" \/> <img loading=\"lazy\" decoding=\"async\" class=\"aligncenter size-full wp-image-27947\" src=\"https:\/\/kingreplica.com.vn\/wp-content\/uploads\/2025\/03\/Dong-Ho-Omega-Rep-11-Seamaster-Diver-300M-Chronograph-Demi-Vang-Hong-Mat-Den-N1-44mm-1.jpg\" alt=\"??ng H? Omega Rep 11 Seamaster Diver 300M Chronograph Demi V??ng H?ng M?t ?en N1 44mm (1)\" width=\"1024\" height=\"1024\" \/><\/p>\n","protected":false},"excerpt":{"rendered":"<h2><strong>ESPECIFICACIONES \u2013 GARANT\u00cdA<\/strong><strong>DE LOS RELOJES OMEGA CON ESFERA NEGRA<\/strong><\/h2>\n<table class=\"shop_attributes\" width=\"480\">\n<tbody>\n<tr>\n<th><strong>Especificaci\u00f3n<\/strong><\/th>\n<td><strong>Detalles<\/strong><\/td>\n<\/tr>\n<tr>\n<th><strong>Tama\u00f1o<\/strong><\/th>\n<td><strong>44 mm<\/strong><\/td>\n<\/tr>\n<tr>\n<th>Material<\/th>\n<td><strong>Acero inoxidable<\/strong><\/td>\n<\/tr>\n<tr>\n<th><strong>Correa<\/strong><\/th>\n<td><strong>Acero inoxidable<\/strong><\/td>\n<\/tr>\n<tr>\n<th><strong>Movimiento<\/strong><\/th>\n<td><strong>Autom\u00e1tico \u2013 Calibre 9900<\/strong><\/td>\n<\/tr>\n<tr>\n<th><strong>Cristal<\/strong><\/th>\n<td><strong>Zafiro macizo<\/strong><\/td>\n<\/tr>\n<tr>\n<th><strong>Funciones<\/strong><\/th>\n<td><strong>Funcionalidad<\/strong><\/td>\n<\/tr>\n<tr>\n<th>Resistencia al agua<\/th>\n<td><strong><span class=\"text_exposed_show\">Buena<\/span><\/strong><\/td>\n<\/tr>\n<tr>\n<th>Garant\u00eda<\/th>\n<td><strong>5 a\u00f1os en el movimiento<\/strong><\/td>\n<\/tr>\n<tr>\n<th><strong>Servicios<\/strong><\/th>\n<td><strong>Spa gratuito &#8211; M\u00e1quina Lubricaci\u00f3n<br \/>\n<\/strong><\/td>\n<\/tr>\n<tr>\n<th><strong>Soporte<\/strong><\/th>\n<td><strong>Cambio a mejor precio<\/strong><\/td>\n<\/tr>\n<\/tbody>\n<\/table>","protected":false},"featured_media":24648,"comment_status":"open","ping_status":"closed","template":"","meta":{"iawp_total_views":7},"product_brand":[],"product_cat":[194,213],"product_tag":[452,451],"class_list":{"0":"post-22441","1":"product","2":"type-product","3":"status-publish","4":"has-post-thumbnail","6":"product_cat-omega","7":"product_cat-seamaster","8":"product_tag-replica-de-reloj","9":"product_tag-replica-de-reloj-omega","11":"first","12":"instock","13":"sale","14":"shipping-taxable","15":"purchasable","16":"product-type-simple"},"yoast_head":"<!-- This site is optimized with the Yoast SEO plugin v27.3 - https:\/\/yoast.com\/product\/yoast-seo-wordpress\/ -->\n<title>Omega Seamaster Diver 300M Chronograph Demi Rose Gold N1 Factory 44mm watches with black dial - Trustywatches<\/title>\n<meta name=\"robots\" content=\"index, follow, max-snippet:-1, max-image-preview:large, max-video-preview:-1\" \/>\n<link rel=\"canonical\" href=\"https:\/\/trustywatches.com\/en\/product\/relojes-omega-seamaster-diver-300m-cronografo-demi-rose-gold-n1-factory-44mm-con-esfera-negra\/\" \/>\n<meta property=\"og:locale\" content=\"en_US\" \/>\n<meta property=\"og:type\" content=\"article\" \/>\n<meta property=\"og:title\" content=\"Omega Seamaster Diver 300M Chronograph Demi Rose Gold N1 Factory 44mm watches with black dial - Trustywatches\" \/>\n<meta property=\"og:description\" content=\"ESPECIFICACIONES \u2013 GARANT\u00cdADE LOS RELOJES OMEGA CON ESFERA NEGRA  Especificaci\u00f3n Detalles  Tama\u00f1o 44 mm  Material Acero inoxidable  Correa Acero inoxidable  Movimiento Autom\u00e1tico \u2013 Calibre 9900  Cristal Zafiro macizo  Funciones Funcionalidad  Resistencia al agua Buena  Garant\u00eda 5 a\u00f1os en el movimiento  Servicios Spa gratuito - M\u00e1quina Lubricaci\u00f3n  Soporte Cambio a mejor precio\" \/>\n<meta property=\"og:url\" content=\"https:\/\/trustywatches.com\/en\/product\/relojes-omega-seamaster-diver-300m-cronografo-demi-rose-gold-n1-factory-44mm-con-esfera-negra\/\" \/>\n<meta property=\"og:site_name\" content=\"Trustywatches\" \/>\n<meta property=\"article:modified_time\" content=\"2026-03-05T06:45:29+00:00\" \/>\n<meta property=\"og:image\" content=\"https:\/\/trustywatches.com\/wp-content\/uploads\/2026\/01\/Dong-Ho-Omega-Rep-11-Seamaster-Diver-300M-Chronograph-Demi-Vang-Hong-Mat-Den-N1-44mm-8.jpg\" \/>\n\t<meta property=\"og:image:width\" content=\"1024\" \/>\n\t<meta property=\"og:image:height\" content=\"1024\" \/>\n\t<meta property=\"og:image:type\" content=\"image\/jpeg\" \/>\n<meta name=\"twitter:card\" content=\"summary_large_image\" \/>\n<script type=\"application\/ld+json\" class=\"yoast-schema-graph\">{\"@context\":\"https:\\\/\\\/schema.org\",\"@graph\":[{\"@type\":\"WebPage\",\"@id\":\"https:\\\/\\\/trustywatches.com\\\/product\\\/relojes-omega-seamaster-diver-300m-cronografo-demi-rose-gold-n1-factory-44mm-con-esfera-negra\\\/\",\"url\":\"https:\\\/\\\/trustywatches.com\\\/product\\\/relojes-omega-seamaster-diver-300m-cronografo-demi-rose-gold-n1-factory-44mm-con-esfera-negra\\\/\",\"name\":\"Omega Seamaster Diver 300M Chronograph Demi Rose Gold N1 Factory 44mm watches with black dial - Trustywatches\",\"isPartOf\":{\"@id\":\"https:\\\/\\\/trustywatches.com\\\/#website\"},\"primaryImageOfPage\":{\"@id\":\"https:\\\/\\\/trustywatches.com\\\/product\\\/relojes-omega-seamaster-diver-300m-cronografo-demi-rose-gold-n1-factory-44mm-con-esfera-negra\\\/#primaryimage\"},\"image\":{\"@id\":\"https:\\\/\\\/trustywatches.com\\\/product\\\/relojes-omega-seamaster-diver-300m-cronografo-demi-rose-gold-n1-factory-44mm-con-esfera-negra\\\/#primaryimage\"},\"thumbnailUrl\":\"https:\\\/\\\/trustywatches.com\\\/wp-content\\\/uploads\\\/2026\\\/01\\\/Dong-Ho-Omega-Rep-11-Seamaster-Diver-300M-Chronograph-Demi-Vang-Hong-Mat-Den-N1-44mm-8.jpg\",\"datePublished\":\"2026-01-14T10:15:40+00:00\",\"dateModified\":\"2026-03-05T06:45:29+00:00\",\"breadcrumb\":{\"@id\":\"https:\\\/\\\/trustywatches.com\\\/product\\\/relojes-omega-seamaster-diver-300m-cronografo-demi-rose-gold-n1-factory-44mm-con-esfera-negra\\\/#breadcrumb\"},\"inLanguage\":\"en-US\",\"potentialAction\":[{\"@type\":\"ReadAction\",\"target\":[\"https:\\\/\\\/trustywatches.com\\\/product\\\/relojes-omega-seamaster-diver-300m-cronografo-demi-rose-gold-n1-factory-44mm-con-esfera-negra\\\/\"]}]},{\"@type\":\"ImageObject\",\"inLanguage\":\"en-US\",\"@id\":\"https:\\\/\\\/trustywatches.com\\\/product\\\/relojes-omega-seamaster-diver-300m-cronografo-demi-rose-gold-n1-factory-44mm-con-esfera-negra\\\/#primaryimage\",\"url\":\"https:\\\/\\\/trustywatches.com\\\/wp-content\\\/uploads\\\/2026\\\/01\\\/Dong-Ho-Omega-Rep-11-Seamaster-Diver-300M-Chronograph-Demi-Vang-Hong-Mat-Den-N1-44mm-8.jpg\",\"contentUrl\":\"https:\\\/\\\/trustywatches.com\\\/wp-content\\\/uploads\\\/2026\\\/01\\\/Dong-Ho-Omega-Rep-11-Seamaster-Diver-300M-Chronograph-Demi-Vang-Hong-Mat-Den-N1-44mm-8.jpg\",\"width\":1024,\"height\":1024},{\"@type\":\"BreadcrumbList\",\"@id\":\"https:\\\/\\\/trustywatches.com\\\/product\\\/relojes-omega-seamaster-diver-300m-cronografo-demi-rose-gold-n1-factory-44mm-con-esfera-negra\\\/#breadcrumb\",\"itemListElement\":[{\"@type\":\"ListItem\",\"position\":1,\"name\":\"Home\",\"item\":\"https:\\\/\\\/trustywatches.com\\\/\"},{\"@type\":\"ListItem\",\"position\":2,\"name\":\"TIENDA\",\"item\":\"https:\\\/\\\/trustywatches.com\\\/tienda\\\/\"},{\"@type\":\"ListItem\",\"position\":3,\"name\":\"Omega Seamaster Diver 300M Chronograph Demi Rose Gold N1 Factory 44mm watches with black dial\"}]},{\"@type\":\"WebSite\",\"@id\":\"https:\\\/\\\/trustywatches.com\\\/#website\",\"url\":\"https:\\\/\\\/trustywatches.com\\\/\",\"name\":\"Trustywatches\",\"description\":\"\",\"potentialAction\":[{\"@type\":\"SearchAction\",\"target\":{\"@type\":\"EntryPoint\",\"urlTemplate\":\"https:\\\/\\\/trustywatches.com\\\/?s={search_term_string}\"},\"query-input\":{\"@type\":\"PropertyValueSpecification\",\"valueRequired\":true,\"valueName\":\"search_term_string\"}}],\"inLanguage\":\"en-US\"}]}<\/script>\n<!-- \/ Yoast SEO plugin. -->","yoast_head_json":{"title":"Omega Seamaster Diver 300M Chronograph Demi Rose Gold N1 Factory 44mm watches with black dial - Trustywatches","robots":{"index":"index","follow":"follow","max-snippet":"max-snippet:-1","max-image-preview":"max-image-preview:large","max-video-preview":"max-video-preview:-1"},"canonical":"https:\/\/trustywatches.com\/en\/product\/relojes-omega-seamaster-diver-300m-cronografo-demi-rose-gold-n1-factory-44mm-con-esfera-negra\/","og_locale":"en_US","og_type":"article","og_title":"Omega Seamaster Diver 300M Chronograph Demi Rose Gold N1 Factory 44mm watches with black dial - Trustywatches","og_description":"ESPECIFICACIONES \u2013 GARANT\u00cdADE LOS RELOJES OMEGA CON ESFERA NEGRA  Especificaci\u00f3n Detalles  Tama\u00f1o 44 mm  Material Acero inoxidable  Correa Acero inoxidable  Movimiento Autom\u00e1tico \u2013 Calibre 9900  Cristal Zafiro macizo  Funciones Funcionalidad  Resistencia al agua Buena  Garant\u00eda 5 a\u00f1os en el movimiento  Servicios Spa gratuito - M\u00e1quina Lubricaci\u00f3n  Soporte Cambio a mejor precio","og_url":"https:\/\/trustywatches.com\/en\/product\/relojes-omega-seamaster-diver-300m-cronografo-demi-rose-gold-n1-factory-44mm-con-esfera-negra\/","og_site_name":"Trustywatches","article_modified_time":"2026-03-05T06:45:29+00:00","og_image":[{"width":1024,"height":1024,"url":"https:\/\/trustywatches.com\/wp-content\/uploads\/2026\/01\/Dong-Ho-Omega-Rep-11-Seamaster-Diver-300M-Chronograph-Demi-Vang-Hong-Mat-Den-N1-44mm-8.jpg","type":"image\/jpeg"}],"twitter_card":"summary_large_image","schema":{"@context":"https:\/\/schema.org","@graph":[{"@type":"WebPage","@id":"https:\/\/trustywatches.com\/product\/relojes-omega-seamaster-diver-300m-cronografo-demi-rose-gold-n1-factory-44mm-con-esfera-negra\/","url":"https:\/\/trustywatches.com\/product\/relojes-omega-seamaster-diver-300m-cronografo-demi-rose-gold-n1-factory-44mm-con-esfera-negra\/","name":"Omega Seamaster Diver 300M Chronograph Demi Rose Gold N1 Factory 44mm watches with black dial - Trustywatches","isPartOf":{"@id":"https:\/\/trustywatches.com\/#website"},"primaryImageOfPage":{"@id":"https:\/\/trustywatches.com\/product\/relojes-omega-seamaster-diver-300m-cronografo-demi-rose-gold-n1-factory-44mm-con-esfera-negra\/#primaryimage"},"image":{"@id":"https:\/\/trustywatches.com\/product\/relojes-omega-seamaster-diver-300m-cronografo-demi-rose-gold-n1-factory-44mm-con-esfera-negra\/#primaryimage"},"thumbnailUrl":"https:\/\/trustywatches.com\/wp-content\/uploads\/2026\/01\/Dong-Ho-Omega-Rep-11-Seamaster-Diver-300M-Chronograph-Demi-Vang-Hong-Mat-Den-N1-44mm-8.jpg","datePublished":"2026-01-14T10:15:40+00:00","dateModified":"2026-03-05T06:45:29+00:00","breadcrumb":{"@id":"https:\/\/trustywatches.com\/product\/relojes-omega-seamaster-diver-300m-cronografo-demi-rose-gold-n1-factory-44mm-con-esfera-negra\/#breadcrumb"},"inLanguage":"en-US","potentialAction":[{"@type":"ReadAction","target":["https:\/\/trustywatches.com\/product\/relojes-omega-seamaster-diver-300m-cronografo-demi-rose-gold-n1-factory-44mm-con-esfera-negra\/"]}]},{"@type":"ImageObject","inLanguage":"en-US","@id":"https:\/\/trustywatches.com\/product\/relojes-omega-seamaster-diver-300m-cronografo-demi-rose-gold-n1-factory-44mm-con-esfera-negra\/#primaryimage","url":"https:\/\/trustywatches.com\/wp-content\/uploads\/2026\/01\/Dong-Ho-Omega-Rep-11-Seamaster-Diver-300M-Chronograph-Demi-Vang-Hong-Mat-Den-N1-44mm-8.jpg","contentUrl":"https:\/\/trustywatches.com\/wp-content\/uploads\/2026\/01\/Dong-Ho-Omega-Rep-11-Seamaster-Diver-300M-Chronograph-Demi-Vang-Hong-Mat-Den-N1-44mm-8.jpg","width":1024,"height":1024},{"@type":"BreadcrumbList","@id":"https:\/\/trustywatches.com\/product\/relojes-omega-seamaster-diver-300m-cronografo-demi-rose-gold-n1-factory-44mm-con-esfera-negra\/#breadcrumb","itemListElement":[{"@type":"ListItem","position":1,"name":"Home","item":"https:\/\/trustywatches.com\/"},{"@type":"ListItem","position":2,"name":"TIENDA","item":"https:\/\/trustywatches.com\/tienda\/"},{"@type":"ListItem","position":3,"name":"Omega Seamaster Diver 300M Chronograph Demi Rose Gold N1 Factory 44mm watches with black dial"}]},{"@type":"WebSite","@id":"https:\/\/trustywatches.com\/#website","url":"https:\/\/trustywatches.com\/","name":"Trustywatches","description":"","potentialAction":[{"@type":"SearchAction","target":{"@type":"EntryPoint","urlTemplate":"https:\/\/trustywatches.com\/?s={search_term_string}"},"query-input":{"@type":"PropertyValueSpecification","valueRequired":true,"valueName":"search_term_string"}}],"inLanguage":"en-US"}]}},"post_mailing_queue_ids":[],"_links":{"self":[{"href":"https:\/\/trustywatches.com\/en\/wp-json\/wp\/v2\/product\/22441","targetHints":{"allow":["GET"]}}],"collection":[{"href":"https:\/\/trustywatches.com\/en\/wp-json\/wp\/v2\/product"}],"about":[{"href":"https:\/\/trustywatches.com\/en\/wp-json\/wp\/v2\/types\/product"}],"replies":[{"embeddable":true,"href":"https:\/\/trustywatches.com\/en\/wp-json\/wp\/v2\/comments?post=22441"}],"wp:featuredmedia":[{"embeddable":true,"href":"https:\/\/trustywatches.com\/en\/wp-json\/wp\/v2\/media\/24648"}],"wp:attachment":[{"href":"https:\/\/trustywatches.com\/en\/wp-json\/wp\/v2\/media?parent=22441"}],"wp:term":[{"taxonomy":"product_brand","embeddable":true,"href":"https:\/\/trustywatches.com\/en\/wp-json\/wp\/v2\/product_brand?post=22441"},{"taxonomy":"product_cat","embeddable":true,"href":"https:\/\/trustywatches.com\/en\/wp-json\/wp\/v2\/product_cat?post=22441"},{"taxonomy":"product_tag","embeddable":true,"href":"https:\/\/trustywatches.com\/en\/wp-json\/wp\/v2\/product_tag?post=22441"}],"curies":[{"name":"wp","href":"https:\/\/api.w.org\/{rel}","templated":true}]}}