{"id":22475,"date":"2026-01-14T04:15:44","date_gmt":"2026-01-14T10:15:44","guid":{"rendered":"https:\/\/darkgreen-grouse-660966.hostingersite.com\/product\/replica-del-reloj-cartier-ballon-bleu-w6920046-esfera-blanca-alambre-metalico-af-factory-36-mm\/"},"modified":"2026-03-05T00:45:31","modified_gmt":"2026-03-05T06:45:31","slug":"replica-del-reloj-cartier-ballon-bleu-w6920046-esfera-blanca-alambre-metalico-af-factory-36-mm","status":"publish","type":"product","link":"https:\/\/trustywatches.com\/en\/product\/replica-del-reloj-cartier-ballon-bleu-w6920046-esfera-blanca-alambre-metalico-af-factory-36-mm\/","title":{"rendered":"Cartier Ballon Bleu W6920046 replica watch, white dial, metal wire, AF Factory, 36 mm"},"content":{"rendered":"<h2><strong>We present the Cartier Ballon Bleu W6920046 replica watch<\/strong><\/h2>\n<p><img fetchpriority=\"high\" decoding=\"async\" class=\"large-size aligncenter wp-image-29950\" src=\"https:\/\/kingreplica.com.vn\/wp-content\/uploads\/2025\/04\/Dong-Ho-Cartier-Ballon-Bleu-W6920046-Replica-11-Mat-Trang-Day-Kim-Loai-Nha-May-AF-36mm-10-683x1024.jpg\" alt=\"??ng H? Balloon Cartier Blue W6920046 Replica 11 M?t Tr?ng Day Kim Lo?i Nh?? M??y AF 36mm (2)\" width=\"683\" height=\"1024\" \/> <img decoding=\"async\" class=\"aligncenter large-size wp-image-29951\" src=\"https:\/\/kingreplica.com.vn\/wp-content\/uploads\/2025\/04\/Dong-Ho-Cartier-Ballon-Bleu-W6920046-Replica-11-Mat-Trang-Day-Kim-Loai-Nha-May-AF-36mm-11-683x1024.jpg\" alt=\"??ng H? Balloon Cartier Blue W6920046 Replica 11 M?t Tr?ng Day Kim Lo?i Nh?? M??y AF 36mm (2)\" width=\" 683\" height=\"1024\" \/> <img decoding=\"async\" class=\"aligncenter size-large wp-image-29952\" src=\"https:\/\/kingreplica.com.vn\/wp-content\/uploads\/2025\/04\/Dong-Ho-Cartier-Ballon-Bleu-W6920046-Replica-11-Mat-Trang-Day-Kim-Loai-Nha-May-AF-36mm-12-683x1024.jpg\" alt=\"??ng H? Cartier Ballon Bleu W6920046 Replica 11 M?t Tr?ng Day Kim Lo?i Nh?? M??y AF 36mm (2)\" width=\"683\" height=\"1024\" \/> <img decoding=\"async\" class=\"aligncenter size-large wp-image-29953\" src=\"https:\/\/kingreplica.com.vn\/wp-content\/uploads\/2025\/04\/Dong-Ho-Cartier-Ballon-Bleu-W6920046-Replica-11-Mat-Trang-Day-Kim-Loai-Nha-May-AF-36mm-1-683x1024.jpg\" alt=\"??ng H? Balloon Cartier Blue W6920046 Replica 11 M?t Tr?ng Day Kim Lo?i Nh?? M??y AF 36mm (2)\" width=\"683\" height=\"1024\" \/> <img loading=\"lazy\" decoding=\"async\" class=\"aligncenter size-large wp-image-29949\" src=\"https:\/\/kingreplica.com.vn\/wp-content\/uploads\/2025\/04\/Dong-Ho-Cartier-Ballon-Bleu-W6920046-Replica-11-Mat-Trang-Day-Kim-Loai-Nha-May-AF-36mm-9-683x1024.jpg\" alt=\"??ng H? Balloon Cartier Blue W6920046 Replica 11 M?t Tr?ng Day Kim Lo?i Nh?? M??y AF 36mm (2)\" width=\"683\" height=\"1024\" \/> <img loading=\"lazy\" decoding=\"async\" class=\"aligncenter size-large wp-image-29948\" src=\"https:\/\/kingreplica.com.vn\/wp-content\/uploads\/2025\/04\/Dong-Ho-Cartier-Ballon-Bleu-W6920046-Replica-11-Mat-Trang-Day-Kim-Loai-Nha-May-AF-36mm-8-683x1024.jpg\" alt=\"??ng H? Balloon Cartier Blue W6920046 Replica 11 M?t Tr?ng Day Kim Lo?i Nh?? M??y AF 36mm (2)\" width=\"683\" height=\"1024\" \/> <img loading=\"lazy\" decoding=\"async\" class=\"aligncenter size-large wp-image-29943\" src=\"https:\/\/kingreplica.com.vn\/wp-content\/uploads\/2025\/04\/Dong-Ho-Cartier-Ballon-Bleu-W6920046-Replica-11-Mat-Trang-Day-Kim-Loai-Nha-May-AF-36mm-3-683x1024.jpg\" alt=\"??ng H? Balloon Cartier Blue W6920046 Replica 11 M?t Tr?ng Day Kim Lo?i Nh?? M??y AF 36mm (2)\" width=\"683\" height=\"1024\" \/> <img loading=\"lazy\" decoding=\"async\" class=\"aligncenter size-large wp-image-29942\" src=\"https:\/\/kingreplica.com.vn\/wp-content\/uploads\/2025\/04\/Dong-Ho-Cartier-Ballon-Bleu-W6920046-Replica-11-Mat-Trang-Day-Kim-Loai-Nha-May-AF-36mm-2-683x1024.jpg\" alt=\"??ng H? Balloon Cartier Blue W6920046 Replica 11 M?t Tr?ng Day Kim Lo?i Nh?? M??y AF 36mm (2)\" width=\"683\" height=\"1024\" \/> <img loading=\"lazy\" decoding=\"async\" class=\"aligncenter size-large wp-image-29944\" src=\"https:\/\/kingreplica.com.vn\/wp-content\/uploads\/2025\/04\/Dong-Ho-Cartier-Ballon-Bleu-W6920046-Replica-11-Mat-Trang-Day-Kim-Loai-Nha-May-AF-36mm-4-683x1024.jpg\" alt=\"??ng H? Balloon Cartier Blue W6920046 Replica 11 M?t Tr?ng Day Kim Lo?i Nh?? M??y AF 36mm (2)\" width=\"683\" height=\"1024\" \/><\/p>","protected":false},"excerpt":{"rendered":"<h2><strong>ESPECIFICACIONES \u2013 GARANT\u00cdA<\/strong><strong>DE LA R\u00c9PLICA DEL RELOJ CARTIER BALLON BLEU W6920046<\/strong><\/h2>\n<table class=\"shop_attributes\" width=\"480\">\n<tbody>\n<tr>\n<th><strong>Especificaci\u00f3n<\/strong><\/th>\n<td><strong>Detalles<\/strong><\/td>\n<\/tr>\n<tr>\n<th><strong>Tama\u00f1o<\/strong><\/th>\n<td><strong>36 mm<\/strong><\/td>\n<\/tr>\n<tr>\n<th>Material<\/th>\n<td><strong>Acero inoxidable<\/strong><\/td>\n<\/tr>\n<tr>\n<th><strong>Correa<\/strong><\/th>\n<td><strong>Acero inoxidable Acero<\/strong><\/td>\n<\/tr>\n<tr>\n<th><strong>Movimiento<\/strong><\/th>\n<td><strong>Autom\u00e1tico ETA 2824<br \/>\n<\/strong><\/td>\n<\/tr>\n<tr>\n<th><strong>Cristal<\/strong><\/th>\n<td><strong>Zafiro macizo<\/strong><\/td>\n<\/tr>\n<tr>\n<th><strong>Funciones<\/strong><\/th>\n<td><strong>Funcionalidad<\/strong><\/td>\n<\/tr>\n<tr>\n<th>Resistencia al agua<\/th>\n<td><strong><span class=\"text_exposed_show\">Buena<\/span><\/strong><\/td>\n<\/tr>\n<tr>\n<th>Garant\u00eda<\/th>\n<td><strong>5 a\u00f1os en el movimiento<\/strong><\/td>\n<\/tr>\n<tr>\n<th><strong>Servicios<\/strong><\/th>\n<td><strong>Spa gratuito &#8211; M\u00e1quina Lubricaci\u00f3n<br \/>\n<\/strong><\/td>\n<\/tr>\n<tr>\n<th><strong>Soporte<\/strong><\/th>\n<td><strong>Cambio a mejor precio<\/strong><\/td>\n<\/tr>\n<\/tbody>\n<\/table>","protected":false},"featured_media":24988,"comment_status":"open","ping_status":"closed","template":"","meta":{"iawp_total_views":0},"product_brand":[],"product_cat":[223,196],"product_tag":[452,464],"class_list":{"0":"post-22475","1":"product","2":"type-product","3":"status-publish","4":"has-post-thumbnail","6":"product_cat-ballon-bleu","7":"product_cat-cartier","8":"product_tag-replica-de-reloj","9":"product_tag-replica-de-reloj-cartier","11":"first","12":"instock","13":"sale","14":"shipping-taxable","15":"purchasable","16":"product-type-simple"},"yoast_head":"<!-- This site is optimized with the Yoast SEO plugin v27.3 - https:\/\/yoast.com\/product\/yoast-seo-wordpress\/ -->\n<title>Cartier Ballon Bleu W6920046 replica watch, white dial, metal wire, AF Factory, 36 mm - Trustywatches<\/title>\n<meta name=\"robots\" content=\"index, follow, max-snippet:-1, max-image-preview:large, max-video-preview:-1\" \/>\n<link rel=\"canonical\" href=\"https:\/\/trustywatches.com\/en\/product\/replica-del-reloj-cartier-ballon-bleu-w6920046-esfera-blanca-alambre-metalico-af-factory-36-mm\/\" \/>\n<meta property=\"og:locale\" content=\"en_US\" \/>\n<meta property=\"og:type\" content=\"article\" \/>\n<meta property=\"og:title\" content=\"Cartier Ballon Bleu W6920046 replica watch, white dial, metal wire, AF Factory, 36 mm - Trustywatches\" \/>\n<meta property=\"og:description\" content=\"ESPECIFICACIONES \u2013 GARANT\u00cdADE LA R\u00c9PLICA DEL RELOJ CARTIER BALLON BLEU W6920046  Especificaci\u00f3n Detalles  Tama\u00f1o 36 mm  Material Acero inoxidable  Correa Acero inoxidable Acero  Movimiento Autom\u00e1tico ETA 2824  Cristal Zafiro macizo  Funciones Funcionalidad  Resistencia al agua Buena  Garant\u00eda 5 a\u00f1os en el movimiento  Servicios Spa gratuito - M\u00e1quina Lubricaci\u00f3n  Soporte Cambio a mejor precio\" \/>\n<meta property=\"og:url\" content=\"https:\/\/trustywatches.com\/en\/product\/replica-del-reloj-cartier-ballon-bleu-w6920046-esfera-blanca-alambre-metalico-af-factory-36-mm\/\" \/>\n<meta property=\"og:site_name\" content=\"Trustywatches\" \/>\n<meta property=\"article:modified_time\" content=\"2026-03-05T06:45:31+00:00\" \/>\n<meta property=\"og:image\" content=\"https:\/\/trustywatches.com\/wp-content\/uploads\/2026\/01\/Dong-Ho-Cartier-Ballon-Bleu-W6920046-Replica-11-Mat-Trang-Day-Kim-Loai-Nha-May-AF-36mm-10.jpg\" \/>\n\t<meta property=\"og:image:width\" content=\"1280\" \/>\n\t<meta property=\"og:image:height\" content=\"1920\" \/>\n\t<meta property=\"og:image:type\" content=\"image\/jpeg\" \/>\n<meta name=\"twitter:card\" content=\"summary_large_image\" \/>\n<script type=\"application\/ld+json\" class=\"yoast-schema-graph\">{\"@context\":\"https:\\\/\\\/schema.org\",\"@graph\":[{\"@type\":\"WebPage\",\"@id\":\"https:\\\/\\\/trustywatches.com\\\/en\\\/product\\\/replica-del-reloj-cartier-ballon-bleu-w6920046-esfera-blanca-alambre-metalico-af-factory-36-mm\\\/\",\"url\":\"https:\\\/\\\/trustywatches.com\\\/en\\\/product\\\/replica-del-reloj-cartier-ballon-bleu-w6920046-esfera-blanca-alambre-metalico-af-factory-36-mm\\\/\",\"name\":\"Cartier Ballon Bleu W6920046 replica watch, white dial, metal wire, AF Factory, 36 mm - Trustywatches\",\"isPartOf\":{\"@id\":\"https:\\\/\\\/trustywatches.com\\\/#website\"},\"primaryImageOfPage\":{\"@id\":\"https:\\\/\\\/trustywatches.com\\\/en\\\/product\\\/replica-del-reloj-cartier-ballon-bleu-w6920046-esfera-blanca-alambre-metalico-af-factory-36-mm\\\/#primaryimage\"},\"image\":{\"@id\":\"https:\\\/\\\/trustywatches.com\\\/en\\\/product\\\/replica-del-reloj-cartier-ballon-bleu-w6920046-esfera-blanca-alambre-metalico-af-factory-36-mm\\\/#primaryimage\"},\"thumbnailUrl\":\"https:\\\/\\\/trustywatches.com\\\/wp-content\\\/uploads\\\/2026\\\/01\\\/Dong-Ho-Cartier-Ballon-Bleu-W6920046-Replica-11-Mat-Trang-Day-Kim-Loai-Nha-May-AF-36mm-10.jpg\",\"datePublished\":\"2026-01-14T10:15:44+00:00\",\"dateModified\":\"2026-03-05T06:45:31+00:00\",\"breadcrumb\":{\"@id\":\"https:\\\/\\\/trustywatches.com\\\/en\\\/product\\\/replica-del-reloj-cartier-ballon-bleu-w6920046-esfera-blanca-alambre-metalico-af-factory-36-mm\\\/#breadcrumb\"},\"inLanguage\":\"en-US\",\"potentialAction\":[{\"@type\":\"ReadAction\",\"target\":[\"https:\\\/\\\/trustywatches.com\\\/en\\\/product\\\/replica-del-reloj-cartier-ballon-bleu-w6920046-esfera-blanca-alambre-metalico-af-factory-36-mm\\\/\"]}]},{\"@type\":\"ImageObject\",\"inLanguage\":\"en-US\",\"@id\":\"https:\\\/\\\/trustywatches.com\\\/en\\\/product\\\/replica-del-reloj-cartier-ballon-bleu-w6920046-esfera-blanca-alambre-metalico-af-factory-36-mm\\\/#primaryimage\",\"url\":\"https:\\\/\\\/trustywatches.com\\\/wp-content\\\/uploads\\\/2026\\\/01\\\/Dong-Ho-Cartier-Ballon-Bleu-W6920046-Replica-11-Mat-Trang-Day-Kim-Loai-Nha-May-AF-36mm-10.jpg\",\"contentUrl\":\"https:\\\/\\\/trustywatches.com\\\/wp-content\\\/uploads\\\/2026\\\/01\\\/Dong-Ho-Cartier-Ballon-Bleu-W6920046-Replica-11-Mat-Trang-Day-Kim-Loai-Nha-May-AF-36mm-10.jpg\",\"width\":1280,\"height\":1920},{\"@type\":\"BreadcrumbList\",\"@id\":\"https:\\\/\\\/trustywatches.com\\\/en\\\/product\\\/replica-del-reloj-cartier-ballon-bleu-w6920046-esfera-blanca-alambre-metalico-af-factory-36-mm\\\/#breadcrumb\",\"itemListElement\":[{\"@type\":\"ListItem\",\"position\":1,\"name\":\"Home\",\"item\":\"https:\\\/\\\/trustywatches.com\\\/\"},{\"@type\":\"ListItem\",\"position\":2,\"name\":\"TIENDA\",\"item\":\"https:\\\/\\\/trustywatches.com\\\/tienda\\\/\"},{\"@type\":\"ListItem\",\"position\":3,\"name\":\"Cartier Ballon Bleu W6920046 replica watch, white dial, metal wire, AF Factory, 36 mm\"}]},{\"@type\":\"WebSite\",\"@id\":\"https:\\\/\\\/trustywatches.com\\\/#website\",\"url\":\"https:\\\/\\\/trustywatches.com\\\/\",\"name\":\"Trustywatches\",\"description\":\"\",\"potentialAction\":[{\"@type\":\"SearchAction\",\"target\":{\"@type\":\"EntryPoint\",\"urlTemplate\":\"https:\\\/\\\/trustywatches.com\\\/?s={search_term_string}\"},\"query-input\":{\"@type\":\"PropertyValueSpecification\",\"valueRequired\":true,\"valueName\":\"search_term_string\"}}],\"inLanguage\":\"en-US\"}]}<\/script>\n<!-- \/ Yoast SEO plugin. -->","yoast_head_json":{"title":"Cartier Ballon Bleu W6920046 replica watch, white dial, metal wire, AF Factory, 36 mm - Trustywatches","robots":{"index":"index","follow":"follow","max-snippet":"max-snippet:-1","max-image-preview":"max-image-preview:large","max-video-preview":"max-video-preview:-1"},"canonical":"https:\/\/trustywatches.com\/en\/product\/replica-del-reloj-cartier-ballon-bleu-w6920046-esfera-blanca-alambre-metalico-af-factory-36-mm\/","og_locale":"en_US","og_type":"article","og_title":"Cartier Ballon Bleu W6920046 replica watch, white dial, metal wire, AF Factory, 36 mm - Trustywatches","og_description":"ESPECIFICACIONES \u2013 GARANT\u00cdADE LA R\u00c9PLICA DEL RELOJ CARTIER BALLON BLEU W6920046  Especificaci\u00f3n Detalles  Tama\u00f1o 36 mm  Material Acero inoxidable  Correa Acero inoxidable Acero  Movimiento Autom\u00e1tico ETA 2824  Cristal Zafiro macizo  Funciones Funcionalidad  Resistencia al agua Buena  Garant\u00eda 5 a\u00f1os en el movimiento  Servicios Spa gratuito - M\u00e1quina Lubricaci\u00f3n  Soporte Cambio a mejor precio","og_url":"https:\/\/trustywatches.com\/en\/product\/replica-del-reloj-cartier-ballon-bleu-w6920046-esfera-blanca-alambre-metalico-af-factory-36-mm\/","og_site_name":"Trustywatches","article_modified_time":"2026-03-05T06:45:31+00:00","og_image":[{"width":1280,"height":1920,"url":"https:\/\/trustywatches.com\/wp-content\/uploads\/2026\/01\/Dong-Ho-Cartier-Ballon-Bleu-W6920046-Replica-11-Mat-Trang-Day-Kim-Loai-Nha-May-AF-36mm-10.jpg","type":"image\/jpeg"}],"twitter_card":"summary_large_image","schema":{"@context":"https:\/\/schema.org","@graph":[{"@type":"WebPage","@id":"https:\/\/trustywatches.com\/en\/product\/replica-del-reloj-cartier-ballon-bleu-w6920046-esfera-blanca-alambre-metalico-af-factory-36-mm\/","url":"https:\/\/trustywatches.com\/en\/product\/replica-del-reloj-cartier-ballon-bleu-w6920046-esfera-blanca-alambre-metalico-af-factory-36-mm\/","name":"Cartier Ballon Bleu W6920046 replica watch, white dial, metal wire, AF Factory, 36 mm - Trustywatches","isPartOf":{"@id":"https:\/\/trustywatches.com\/#website"},"primaryImageOfPage":{"@id":"https:\/\/trustywatches.com\/en\/product\/replica-del-reloj-cartier-ballon-bleu-w6920046-esfera-blanca-alambre-metalico-af-factory-36-mm\/#primaryimage"},"image":{"@id":"https:\/\/trustywatches.com\/en\/product\/replica-del-reloj-cartier-ballon-bleu-w6920046-esfera-blanca-alambre-metalico-af-factory-36-mm\/#primaryimage"},"thumbnailUrl":"https:\/\/trustywatches.com\/wp-content\/uploads\/2026\/01\/Dong-Ho-Cartier-Ballon-Bleu-W6920046-Replica-11-Mat-Trang-Day-Kim-Loai-Nha-May-AF-36mm-10.jpg","datePublished":"2026-01-14T10:15:44+00:00","dateModified":"2026-03-05T06:45:31+00:00","breadcrumb":{"@id":"https:\/\/trustywatches.com\/en\/product\/replica-del-reloj-cartier-ballon-bleu-w6920046-esfera-blanca-alambre-metalico-af-factory-36-mm\/#breadcrumb"},"inLanguage":"en-US","potentialAction":[{"@type":"ReadAction","target":["https:\/\/trustywatches.com\/en\/product\/replica-del-reloj-cartier-ballon-bleu-w6920046-esfera-blanca-alambre-metalico-af-factory-36-mm\/"]}]},{"@type":"ImageObject","inLanguage":"en-US","@id":"https:\/\/trustywatches.com\/en\/product\/replica-del-reloj-cartier-ballon-bleu-w6920046-esfera-blanca-alambre-metalico-af-factory-36-mm\/#primaryimage","url":"https:\/\/trustywatches.com\/wp-content\/uploads\/2026\/01\/Dong-Ho-Cartier-Ballon-Bleu-W6920046-Replica-11-Mat-Trang-Day-Kim-Loai-Nha-May-AF-36mm-10.jpg","contentUrl":"https:\/\/trustywatches.com\/wp-content\/uploads\/2026\/01\/Dong-Ho-Cartier-Ballon-Bleu-W6920046-Replica-11-Mat-Trang-Day-Kim-Loai-Nha-May-AF-36mm-10.jpg","width":1280,"height":1920},{"@type":"BreadcrumbList","@id":"https:\/\/trustywatches.com\/en\/product\/replica-del-reloj-cartier-ballon-bleu-w6920046-esfera-blanca-alambre-metalico-af-factory-36-mm\/#breadcrumb","itemListElement":[{"@type":"ListItem","position":1,"name":"Home","item":"https:\/\/trustywatches.com\/"},{"@type":"ListItem","position":2,"name":"TIENDA","item":"https:\/\/trustywatches.com\/tienda\/"},{"@type":"ListItem","position":3,"name":"Cartier Ballon Bleu W6920046 replica watch, white dial, metal wire, AF Factory, 36 mm"}]},{"@type":"WebSite","@id":"https:\/\/trustywatches.com\/#website","url":"https:\/\/trustywatches.com\/","name":"Trustywatches","description":"","potentialAction":[{"@type":"SearchAction","target":{"@type":"EntryPoint","urlTemplate":"https:\/\/trustywatches.com\/?s={search_term_string}"},"query-input":{"@type":"PropertyValueSpecification","valueRequired":true,"valueName":"search_term_string"}}],"inLanguage":"en-US"}]}},"post_mailing_queue_ids":[],"_links":{"self":[{"href":"https:\/\/trustywatches.com\/en\/wp-json\/wp\/v2\/product\/22475","targetHints":{"allow":["GET"]}}],"collection":[{"href":"https:\/\/trustywatches.com\/en\/wp-json\/wp\/v2\/product"}],"about":[{"href":"https:\/\/trustywatches.com\/en\/wp-json\/wp\/v2\/types\/product"}],"replies":[{"embeddable":true,"href":"https:\/\/trustywatches.com\/en\/wp-json\/wp\/v2\/comments?post=22475"}],"wp:featuredmedia":[{"embeddable":true,"href":"https:\/\/trustywatches.com\/en\/wp-json\/wp\/v2\/media\/24988"}],"wp:attachment":[{"href":"https:\/\/trustywatches.com\/en\/wp-json\/wp\/v2\/media?parent=22475"}],"wp:term":[{"taxonomy":"product_brand","embeddable":true,"href":"https:\/\/trustywatches.com\/en\/wp-json\/wp\/v2\/product_brand?post=22475"},{"taxonomy":"product_cat","embeddable":true,"href":"https:\/\/trustywatches.com\/en\/wp-json\/wp\/v2\/product_cat?post=22475"},{"taxonomy":"product_tag","embeddable":true,"href":"https:\/\/trustywatches.com\/en\/wp-json\/wp\/v2\/product_tag?post=22475"}],"curies":[{"name":"wp","href":"https:\/\/api.w.org\/{rel}","templated":true}]}}