{"id":22476,"date":"2026-01-14T04:15:44","date_gmt":"2026-01-14T10:15:44","guid":{"rendered":"https:\/\/darkgreen-grouse-660966.hostingersite.com\/product\/replica-del-reloj-cartier-ballon-bleu-we9009z3-con-esfera-blanca-bisel-de-diamantes-y-moissanita-af-factory-de-42-mm\/"},"modified":"2026-03-05T00:45:31","modified_gmt":"2026-03-05T06:45:31","slug":"replica-del-reloj-cartier-ballon-bleu-we9009z3-con-esfera-blanca-bisel-de-diamantes-y-moissanita-af-factory-de-42-mm","status":"publish","type":"product","link":"https:\/\/trustywatches.com\/en\/product\/replica-del-reloj-cartier-ballon-bleu-we9009z3-con-esfera-blanca-bisel-de-diamantes-y-moissanita-af-factory-de-42-mm\/","title":{"rendered":"Replica Cartier Ballon Bleu WE9009Z3 watch with white dial, diamond bezel and 42 mm AF Factory moissanite"},"content":{"rendered":"<h2><strong>We present the Cartier Ballon Bleu WE9009Z3 replica watch with white dial<\/strong><\/h2>\n<p><img fetchpriority=\"high\" decoding=\"async\" class=\"large-size aligncenter wp-image-30006\" src=\"https:\/\/kingreplica.com.vn\/wp-content\/uploads\/2025\/04\/Dong-Ho-Cartier-Ballon-Bleu-WE9009Z3-Mat-Trang-Che-Tac-Vien-Kim-Cuong-Moissanite-Xuong-AF-42mm-1-683x1024.jpg\" alt=\"??ng H? Cartier Ballon Bleu WE9009Z3 M?t Tr?ng Ch? T??c Vi?n Kim C??ng Moissanite X??ng AF 42mm (2)\" width=\"683\" height=\"1024\" \/> <img decoding=\"async\" class=\"aligncenter large-size wp-image-29994\" src=\"https:\/\/kingreplica.com.vn\/wp-content\/uploads\/2025\/04\/Dong-Ho-Cartier-Ballon-Bleu-WE9009Z3-Mat-Trang-Che-Tac-Vien-Kim-Cuong-Moissanite-Xuong-AF-42mm-3-683x1024.jpg\" alt=\"??ng H? Cartier Ballon Bleu WE9009Z3 M?t Tr?ng Ch? T??c Vi?n Kim C??ng Moissanite X??ng AF 42mm (2)\" width=\"683\" height=\"1024\" \/> <img decoding=\"async\" class=\"aligncenter size-large wp-image-29993\" src=\"https:\/\/kingreplica.com.vn\/wp-content\/uploads\/2025\/04\/Dong-Ho-Cartier-Ballon-Bleu-WE9009Z3-Mat-Trang-Che-Tac-Vien-Kim-Cuong-Moissanite-Xuong-AF-42mm-2-683x1024.jpg\" alt=\"??ng H? Cartier Ballon Bleu WE9009Z3 M?t Tr?ng Ch? T??c Vi?n Kim C??ng Moissanite X??ng AF 42 mm (2)\" width=\"683\" height=\"1024\" \/> <img loading=\"lazy\" decoding=\"async\" class=\"aligncenter size-large wp-image-29995\" src=\"https:\/\/kingreplica.com.vn\/wp-content\/uploads\/2025\/04\/Dong-Ho-Cartier-Ballon-Bleu-WE9009Z3-Mat-Trang-Che-Tac-Vien-Kim-Cuong-Moissanite-Xuong-AF-42mm-4-1024x683.jpg\" alt=\"??ng H? Cartier Ballon Bleu WE9009Z3 M?t Tr?ng Ch? T??c Vi?n Kim C??ng Moissanite X??ng AF 42 mm (2)\" width=\"1020\" height=\"680\" \/> <img loading=\"lazy\" decoding=\"async\" class=\"aligncenter size-large wp-image-29996\" src=\"https:\/\/kingreplica.com.vn\/wp-content\/uploads\/2025\/04\/Dong-Ho-Cartier-Ballon-Bleu-WE9009Z3-Mat-Trang-Che-Tac-Vien-Kim-Cuong-Moissanite-Xuong-AF-42mm-5-683x1024.jpg\" alt=\"??ng H? Cartier Ballon Bleu WE9009Z3 M?t Tr?ng Ch? T??c Vi?n Kim C??ng Moissanite X??ng AF 42 mm (2)\" width=\"683\" height=\"1024\" \/> <img loading=\"lazy\" decoding=\"async\" class=\"aligncenter size-large wp-image-30003\" src=\"https:\/\/kingreplica.com.vn\/wp-content\/uploads\/2025\/04\/Dong-Ho-Cartier-Ballon-Bleu-WE9009Z3-Mat-Trang-Che-Tac-Vien-Kim-Cuong-Moissanite-Xuong-AF-42mm-12-683x1024.jpg\" alt=\"??ng H? Cartier Ballon Bleu WE9009Z3 M?t Tr?ng Ch? T??c Vi?n Kim C??ng Moissanite X??ng AF 42 mm (2)\" width=\"683\" height=\"1024\" \/> <img loading=\"lazy\" decoding=\"async\" class=\"aligncenter size-large wp-image-30005\" src=\"https:\/\/kingreplica.com.vn\/wp-content\/uploads\/2025\/04\/Dong-Ho-Cartier-Ballon-Bleu-WE9009Z3-Mat-Trang-Che-Tac-Vien-Kim-Cuong-Moissanite-Xuong-AF-42mm-14-683x1024.jpg\" alt=\"??ng H? Cartier Ballon Bleu WE9009Z3 M?t Tr?ng Ch? T??c Vi?n Kim C??ng Moissanite X??ng AF 42 mm (2)\" width=\"683\" height=\"1024\" \/> <img loading=\"lazy\" decoding=\"async\" class=\"aligncenter size-large wp-image-30002\" src=\"https:\/\/kingreplica.com.vn\/wp-content\/uploads\/2025\/04\/Dong-Ho-Cartier-Ballon-Bleu-WE9009Z3-Mat-Trang-Che-Tac-Vien-Kim-Cuong-Moissanite-Xuong-AF-42mm-11-683x1024.jpg\" alt=\"??ng H? Cartier Ballon Bleu WE9009Z3 M?t Tr?ng Ch? T??c Vi?n Kim C??ng Moissanite X??ng AF 42 mm (2)\" width=\"683\" height=\"1024\" \/> <img loading=\"lazy\" decoding=\"async\" class=\"aligncenter size-large wp-image-30004\" src=\"https:\/\/kingreplica.com.vn\/wp-content\/uploads\/2025\/04\/Dong-Ho-Cartier-Ballon-Bleu-WE9009Z3-Mat-Trang-Che-Tac-Vien-Kim-Cuong-Moissanite-Xuong-AF-42mm-13-683x1024.jpg\" alt=\"??ng H? Cartier Ballon Bleu WE9009Z3 M?t Tr?ng Ch? T??c Vi?n Kim C??ng Moissanite X??ng AF 42 mm (2)\" width=\"683\" height=\"1024\" \/> <img loading=\"lazy\" decoding=\"async\" class=\"aligncenter size-large wp-image-29999\" src=\"https:\/\/kingreplica.com.vn\/wp-content\/uploads\/2025\/04\/Dong-Ho-Cartier-Ballon-Bleu-WE9009Z3-Mat-Trang-Che-Tac-Vien-Kim-Cuong-Moissanite-Xuong-AF-42mm-8-683x1024.jpg\" alt=\"??ng H? Cartier Ballon Bleu WE9009Z3 M?t Tr?ng Ch? T??c Vi?n Kim C??ng Moissanite X??ng AF 42 mm (2)\" width=\"683\" height=\"1024\" \/> <img loading=\"lazy\" decoding=\"async\" class=\"aligncenter size-large wp-image-29998\" src=\"https:\/\/kingreplica.com.vn\/wp-content\/uploads\/2025\/04\/Dong-Ho-Cartier-Ballon-Bleu-WE9009Z3-Mat-Trang-Che-Tac-Vien-Kim-Cuong-Moissanite-Xuong-AF-42mm-7-683x1024.jpg\" alt=\"??ng H? Cartier Ballon Bleu WE9009Z3 M?t Tr?ng Ch? T??c Vi?n Kim C??ng Moissanite X??ng AF 42 mm (2)\" width=\"683\" height=\"1024\" \/> <img loading=\"lazy\" decoding=\"async\" class=\"aligncenter size-large wp-image-29997\" src=\"https:\/\/kingreplica.com.vn\/wp-content\/uploads\/2025\/04\/Dong-Ho-Cartier-Ballon-Bleu-WE9009Z3-Mat-Trang-Che-Tac-Vien-Kim-Cuong-Moissanite-Xuong-AF-42mm-6-683x1024.jpg\" alt=\"??ng H? Cartier Ballon Bleu WE9009Z3 M?t Tr?ng Ch? T??c Vi?n Kim C??ng Moissanite X??ng AF 42 mm (2)\" width=\"683\" height=\"1024\" \/> <img loading=\"lazy\" decoding=\"async\" class=\"aligncenter size-large wp-image-30001\" src=\"https:\/\/kingreplica.com.vn\/wp-content\/uploads\/2025\/04\/Dong-Ho-Cartier-Ballon-Bleu-WE9009Z3-Mat-Trang-Che-Tac-Vien-Kim-Cuong-Moissanite-Xuong-AF-42mm-10-683x1024.jpg\" alt=\"??ng H? Cartier Ballon Bleu WE9009Z3 M?t Tr?ng Ch? T??c Vi?n Kim C??ng Moissanite X??ng AF 42 mm (2)\" width=\"683\" height=\"1024\" \/> <img loading=\"lazy\" decoding=\"async\" class=\"aligncenter size-large wp-image-30000\" src=\"https:\/\/kingreplica.com.vn\/wp-content\/uploads\/2025\/04\/Dong-Ho-Cartier-Ballon-Bleu-WE9009Z3-Mat-Trang-Che-Tac-Vien-Kim-Cuong-Moissanite-Xuong-AF-42mm-9-683x1024.jpg\" alt=\"??ng H? Cartier Ballon Bleu WE9009Z3 M?t Tr?ng Ch? T??c Vi?n Kim C??ng Moissanite X??ng AF 42 mm (2)\" width=\"683\" height=\"1024\" \/><\/p>","protected":false},"excerpt":{"rendered":"<h2><strong>ESPECIFICACIONES \u2013 GARANT\u00cdA<\/strong><strong>DE LA R\u00c9PLICA DEL RELOJ CARTIER BALLON BLEU WE9009Z3 CON ESFERA BLANCA<\/strong><\/h2>\n<table class=\"shop_attributes\" width=\"480\">\n<tbody>\n<tr>\n<th><strong>Especificaci\u00f3n<\/strong><\/th>\n<td><strong>Detalles<\/strong><\/td>\n<\/tr>\n<tr>\n<th><strong>Tama\u00f1o<\/strong><\/th>\n<td><strong>42 mm<\/strong><\/td>\n<\/tr>\n<tr>\n<th>Material<\/th>\n<td><strong>Acero inoxidable + moissanita<\/strong><\/td>\n<\/tr>\n<tr>\n<th><strong>Correa<\/strong><\/th>\n<td><strong>Acero inoxidable Acero<\/strong><\/td>\n<\/tr>\n<tr>\n<th><strong>Movimiento<\/strong><\/th>\n<td><strong>Autom\u00e1tico ETA 2824<br \/>\n<\/strong><\/td>\n<\/tr>\n<tr>\n<th><strong>Cristal<\/strong><\/th>\n<td><strong>Zafiro macizo<\/strong><\/td>\n<\/tr>\n<tr>\n<th><strong>Funciones<\/strong><\/th>\n<td><strong>Funcionalidad<\/strong><\/td>\n<\/tr>\n<tr>\n<th>Resistencia al agua<\/th>\n<td><strong><span class=\"text_exposed_show\">Buena<\/span><\/strong><\/td>\n<\/tr>\n<tr>\n<th>Garant\u00eda<\/th>\n<td><strong>5 a\u00f1os en el movimiento<\/strong><\/td>\n<\/tr>\n<tr>\n<th><strong>Servicios<\/strong><\/th>\n<td><strong>Spa gratuito &#8211; M\u00e1quina Lubricaci\u00f3n<br \/>\n<\/strong><\/td>\n<\/tr>\n<tr>\n<th><strong>Soporte<\/strong><\/th>\n<td><strong>Cambio a mejor precio<\/strong><\/td>\n<\/tr>\n<\/tbody>\n<\/table>","protected":false},"featured_media":24996,"comment_status":"open","ping_status":"closed","template":"","meta":{"iawp_total_views":0},"product_brand":[],"product_cat":[223,196],"product_tag":[455,452,464,465],"class_list":{"0":"post-22476","1":"product","2":"type-product","3":"status-publish","4":"has-post-thumbnail","6":"product_cat-ballon-bleu","7":"product_cat-cartier","8":"product_tag-relojes-con-diamantes","9":"product_tag-replica-de-reloj","10":"product_tag-replica-de-reloj-cartier","11":"product_tag-replica-de-reloj-con-diamantes-y-oro","13":"first","14":"instock","15":"sale","16":"shipping-taxable","17":"purchasable","18":"product-type-simple"},"yoast_head":"<!-- This site is optimized with the Yoast SEO plugin v27.3 - https:\/\/yoast.com\/product\/yoast-seo-wordpress\/ -->\n<title>Replica Cartier Ballon Bleu WE9009Z3 watch with white dial, diamond bezel and 42 mm AF Factory moissanite - Trustywatches<\/title>\n<meta name=\"robots\" content=\"index, follow, max-snippet:-1, max-image-preview:large, max-video-preview:-1\" \/>\n<link rel=\"canonical\" href=\"https:\/\/trustywatches.com\/en\/product\/replica-del-reloj-cartier-ballon-bleu-we9009z3-con-esfera-blanca-bisel-de-diamantes-y-moissanita-af-factory-de-42-mm\/\" \/>\n<meta property=\"og:locale\" content=\"en_US\" \/>\n<meta property=\"og:type\" content=\"article\" \/>\n<meta property=\"og:title\" content=\"Replica Cartier Ballon Bleu WE9009Z3 watch with white dial, diamond bezel and 42 mm AF Factory moissanite - Trustywatches\" \/>\n<meta property=\"og:description\" content=\"ESPECIFICACIONES \u2013 GARANT\u00cdADE LA R\u00c9PLICA DEL RELOJ CARTIER BALLON BLEU WE9009Z3 CON ESFERA BLANCA  Especificaci\u00f3n Detalles  Tama\u00f1o 42 mm  Material Acero inoxidable + moissanita  Correa Acero inoxidable Acero  Movimiento Autom\u00e1tico ETA 2824  Cristal Zafiro macizo  Funciones Funcionalidad  Resistencia al agua Buena  Garant\u00eda 5 a\u00f1os en el movimiento  Servicios Spa gratuito - M\u00e1quina Lubricaci\u00f3n  Soporte Cambio a mejor precio\" \/>\n<meta property=\"og:url\" content=\"https:\/\/trustywatches.com\/en\/product\/replica-del-reloj-cartier-ballon-bleu-we9009z3-con-esfera-blanca-bisel-de-diamantes-y-moissanita-af-factory-de-42-mm\/\" \/>\n<meta property=\"og:site_name\" content=\"Trustywatches\" \/>\n<meta property=\"article:modified_time\" content=\"2026-03-05T06:45:31+00:00\" \/>\n<meta property=\"og:image\" content=\"https:\/\/trustywatches.com\/wp-content\/uploads\/2026\/01\/Dong-Ho-Cartier-Ballon-Bleu-WE9009Z3-Mat-Trang-Che-Tac-Vien-Kim-Cuong-Moissanite-Xuong-AF-42mm-1.jpg\" \/>\n\t<meta property=\"og:image:width\" content=\"1280\" \/>\n\t<meta property=\"og:image:height\" content=\"1920\" \/>\n\t<meta property=\"og:image:type\" content=\"image\/jpeg\" \/>\n<meta name=\"twitter:card\" content=\"summary_large_image\" \/>\n<script type=\"application\/ld+json\" class=\"yoast-schema-graph\">{\"@context\":\"https:\\\/\\\/schema.org\",\"@graph\":[{\"@type\":\"WebPage\",\"@id\":\"https:\\\/\\\/trustywatches.com\\\/product\\\/replica-del-reloj-cartier-ballon-bleu-we9009z3-con-esfera-blanca-bisel-de-diamantes-y-moissanita-af-factory-de-42-mm\\\/\",\"url\":\"https:\\\/\\\/trustywatches.com\\\/product\\\/replica-del-reloj-cartier-ballon-bleu-we9009z3-con-esfera-blanca-bisel-de-diamantes-y-moissanita-af-factory-de-42-mm\\\/\",\"name\":\"Replica Cartier Ballon Bleu WE9009Z3 watch with white dial, diamond bezel and 42 mm AF Factory moissanite - Trustywatches\",\"isPartOf\":{\"@id\":\"https:\\\/\\\/trustywatches.com\\\/#website\"},\"primaryImageOfPage\":{\"@id\":\"https:\\\/\\\/trustywatches.com\\\/product\\\/replica-del-reloj-cartier-ballon-bleu-we9009z3-con-esfera-blanca-bisel-de-diamantes-y-moissanita-af-factory-de-42-mm\\\/#primaryimage\"},\"image\":{\"@id\":\"https:\\\/\\\/trustywatches.com\\\/product\\\/replica-del-reloj-cartier-ballon-bleu-we9009z3-con-esfera-blanca-bisel-de-diamantes-y-moissanita-af-factory-de-42-mm\\\/#primaryimage\"},\"thumbnailUrl\":\"https:\\\/\\\/trustywatches.com\\\/wp-content\\\/uploads\\\/2026\\\/01\\\/Dong-Ho-Cartier-Ballon-Bleu-WE9009Z3-Mat-Trang-Che-Tac-Vien-Kim-Cuong-Moissanite-Xuong-AF-42mm-1.jpg\",\"datePublished\":\"2026-01-14T10:15:44+00:00\",\"dateModified\":\"2026-03-05T06:45:31+00:00\",\"breadcrumb\":{\"@id\":\"https:\\\/\\\/trustywatches.com\\\/product\\\/replica-del-reloj-cartier-ballon-bleu-we9009z3-con-esfera-blanca-bisel-de-diamantes-y-moissanita-af-factory-de-42-mm\\\/#breadcrumb\"},\"inLanguage\":\"en-US\",\"potentialAction\":[{\"@type\":\"ReadAction\",\"target\":[\"https:\\\/\\\/trustywatches.com\\\/product\\\/replica-del-reloj-cartier-ballon-bleu-we9009z3-con-esfera-blanca-bisel-de-diamantes-y-moissanita-af-factory-de-42-mm\\\/\"]}]},{\"@type\":\"ImageObject\",\"inLanguage\":\"en-US\",\"@id\":\"https:\\\/\\\/trustywatches.com\\\/product\\\/replica-del-reloj-cartier-ballon-bleu-we9009z3-con-esfera-blanca-bisel-de-diamantes-y-moissanita-af-factory-de-42-mm\\\/#primaryimage\",\"url\":\"https:\\\/\\\/trustywatches.com\\\/wp-content\\\/uploads\\\/2026\\\/01\\\/Dong-Ho-Cartier-Ballon-Bleu-WE9009Z3-Mat-Trang-Che-Tac-Vien-Kim-Cuong-Moissanite-Xuong-AF-42mm-1.jpg\",\"contentUrl\":\"https:\\\/\\\/trustywatches.com\\\/wp-content\\\/uploads\\\/2026\\\/01\\\/Dong-Ho-Cartier-Ballon-Bleu-WE9009Z3-Mat-Trang-Che-Tac-Vien-Kim-Cuong-Moissanite-Xuong-AF-42mm-1.jpg\",\"width\":1280,\"height\":1920},{\"@type\":\"BreadcrumbList\",\"@id\":\"https:\\\/\\\/trustywatches.com\\\/product\\\/replica-del-reloj-cartier-ballon-bleu-we9009z3-con-esfera-blanca-bisel-de-diamantes-y-moissanita-af-factory-de-42-mm\\\/#breadcrumb\",\"itemListElement\":[{\"@type\":\"ListItem\",\"position\":1,\"name\":\"Home\",\"item\":\"https:\\\/\\\/trustywatches.com\\\/\"},{\"@type\":\"ListItem\",\"position\":2,\"name\":\"TIENDA\",\"item\":\"https:\\\/\\\/trustywatches.com\\\/tienda\\\/\"},{\"@type\":\"ListItem\",\"position\":3,\"name\":\"Replica Cartier Ballon Bleu WE9009Z3 watch with white dial, diamond bezel and 42 mm AF Factory moissanite\"}]},{\"@type\":\"WebSite\",\"@id\":\"https:\\\/\\\/trustywatches.com\\\/#website\",\"url\":\"https:\\\/\\\/trustywatches.com\\\/\",\"name\":\"Trustywatches\",\"description\":\"\",\"potentialAction\":[{\"@type\":\"SearchAction\",\"target\":{\"@type\":\"EntryPoint\",\"urlTemplate\":\"https:\\\/\\\/trustywatches.com\\\/?s={search_term_string}\"},\"query-input\":{\"@type\":\"PropertyValueSpecification\",\"valueRequired\":true,\"valueName\":\"search_term_string\"}}],\"inLanguage\":\"en-US\"}]}<\/script>\n<!-- \/ Yoast SEO plugin. -->","yoast_head_json":{"title":"Replica Cartier Ballon Bleu WE9009Z3 watch with white dial, diamond bezel and 42 mm AF Factory moissanite - Trustywatches","robots":{"index":"index","follow":"follow","max-snippet":"max-snippet:-1","max-image-preview":"max-image-preview:large","max-video-preview":"max-video-preview:-1"},"canonical":"https:\/\/trustywatches.com\/en\/product\/replica-del-reloj-cartier-ballon-bleu-we9009z3-con-esfera-blanca-bisel-de-diamantes-y-moissanita-af-factory-de-42-mm\/","og_locale":"en_US","og_type":"article","og_title":"Replica Cartier Ballon Bleu WE9009Z3 watch with white dial, diamond bezel and 42 mm AF Factory moissanite - Trustywatches","og_description":"ESPECIFICACIONES \u2013 GARANT\u00cdADE LA R\u00c9PLICA DEL RELOJ CARTIER BALLON BLEU WE9009Z3 CON ESFERA BLANCA  Especificaci\u00f3n Detalles  Tama\u00f1o 42 mm  Material Acero inoxidable + moissanita  Correa Acero inoxidable Acero  Movimiento Autom\u00e1tico ETA 2824  Cristal Zafiro macizo  Funciones Funcionalidad  Resistencia al agua Buena  Garant\u00eda 5 a\u00f1os en el movimiento  Servicios Spa gratuito - M\u00e1quina Lubricaci\u00f3n  Soporte Cambio a mejor precio","og_url":"https:\/\/trustywatches.com\/en\/product\/replica-del-reloj-cartier-ballon-bleu-we9009z3-con-esfera-blanca-bisel-de-diamantes-y-moissanita-af-factory-de-42-mm\/","og_site_name":"Trustywatches","article_modified_time":"2026-03-05T06:45:31+00:00","og_image":[{"width":1280,"height":1920,"url":"https:\/\/trustywatches.com\/wp-content\/uploads\/2026\/01\/Dong-Ho-Cartier-Ballon-Bleu-WE9009Z3-Mat-Trang-Che-Tac-Vien-Kim-Cuong-Moissanite-Xuong-AF-42mm-1.jpg","type":"image\/jpeg"}],"twitter_card":"summary_large_image","schema":{"@context":"https:\/\/schema.org","@graph":[{"@type":"WebPage","@id":"https:\/\/trustywatches.com\/product\/replica-del-reloj-cartier-ballon-bleu-we9009z3-con-esfera-blanca-bisel-de-diamantes-y-moissanita-af-factory-de-42-mm\/","url":"https:\/\/trustywatches.com\/product\/replica-del-reloj-cartier-ballon-bleu-we9009z3-con-esfera-blanca-bisel-de-diamantes-y-moissanita-af-factory-de-42-mm\/","name":"Replica Cartier Ballon Bleu WE9009Z3 watch with white dial, diamond bezel and 42 mm AF Factory moissanite - Trustywatches","isPartOf":{"@id":"https:\/\/trustywatches.com\/#website"},"primaryImageOfPage":{"@id":"https:\/\/trustywatches.com\/product\/replica-del-reloj-cartier-ballon-bleu-we9009z3-con-esfera-blanca-bisel-de-diamantes-y-moissanita-af-factory-de-42-mm\/#primaryimage"},"image":{"@id":"https:\/\/trustywatches.com\/product\/replica-del-reloj-cartier-ballon-bleu-we9009z3-con-esfera-blanca-bisel-de-diamantes-y-moissanita-af-factory-de-42-mm\/#primaryimage"},"thumbnailUrl":"https:\/\/trustywatches.com\/wp-content\/uploads\/2026\/01\/Dong-Ho-Cartier-Ballon-Bleu-WE9009Z3-Mat-Trang-Che-Tac-Vien-Kim-Cuong-Moissanite-Xuong-AF-42mm-1.jpg","datePublished":"2026-01-14T10:15:44+00:00","dateModified":"2026-03-05T06:45:31+00:00","breadcrumb":{"@id":"https:\/\/trustywatches.com\/product\/replica-del-reloj-cartier-ballon-bleu-we9009z3-con-esfera-blanca-bisel-de-diamantes-y-moissanita-af-factory-de-42-mm\/#breadcrumb"},"inLanguage":"en-US","potentialAction":[{"@type":"ReadAction","target":["https:\/\/trustywatches.com\/product\/replica-del-reloj-cartier-ballon-bleu-we9009z3-con-esfera-blanca-bisel-de-diamantes-y-moissanita-af-factory-de-42-mm\/"]}]},{"@type":"ImageObject","inLanguage":"en-US","@id":"https:\/\/trustywatches.com\/product\/replica-del-reloj-cartier-ballon-bleu-we9009z3-con-esfera-blanca-bisel-de-diamantes-y-moissanita-af-factory-de-42-mm\/#primaryimage","url":"https:\/\/trustywatches.com\/wp-content\/uploads\/2026\/01\/Dong-Ho-Cartier-Ballon-Bleu-WE9009Z3-Mat-Trang-Che-Tac-Vien-Kim-Cuong-Moissanite-Xuong-AF-42mm-1.jpg","contentUrl":"https:\/\/trustywatches.com\/wp-content\/uploads\/2026\/01\/Dong-Ho-Cartier-Ballon-Bleu-WE9009Z3-Mat-Trang-Che-Tac-Vien-Kim-Cuong-Moissanite-Xuong-AF-42mm-1.jpg","width":1280,"height":1920},{"@type":"BreadcrumbList","@id":"https:\/\/trustywatches.com\/product\/replica-del-reloj-cartier-ballon-bleu-we9009z3-con-esfera-blanca-bisel-de-diamantes-y-moissanita-af-factory-de-42-mm\/#breadcrumb","itemListElement":[{"@type":"ListItem","position":1,"name":"Home","item":"https:\/\/trustywatches.com\/"},{"@type":"ListItem","position":2,"name":"TIENDA","item":"https:\/\/trustywatches.com\/tienda\/"},{"@type":"ListItem","position":3,"name":"Replica Cartier Ballon Bleu WE9009Z3 watch with white dial, diamond bezel and 42 mm AF Factory moissanite"}]},{"@type":"WebSite","@id":"https:\/\/trustywatches.com\/#website","url":"https:\/\/trustywatches.com\/","name":"Trustywatches","description":"","potentialAction":[{"@type":"SearchAction","target":{"@type":"EntryPoint","urlTemplate":"https:\/\/trustywatches.com\/?s={search_term_string}"},"query-input":{"@type":"PropertyValueSpecification","valueRequired":true,"valueName":"search_term_string"}}],"inLanguage":"en-US"}]}},"post_mailing_queue_ids":[],"_links":{"self":[{"href":"https:\/\/trustywatches.com\/en\/wp-json\/wp\/v2\/product\/22476","targetHints":{"allow":["GET"]}}],"collection":[{"href":"https:\/\/trustywatches.com\/en\/wp-json\/wp\/v2\/product"}],"about":[{"href":"https:\/\/trustywatches.com\/en\/wp-json\/wp\/v2\/types\/product"}],"replies":[{"embeddable":true,"href":"https:\/\/trustywatches.com\/en\/wp-json\/wp\/v2\/comments?post=22476"}],"wp:featuredmedia":[{"embeddable":true,"href":"https:\/\/trustywatches.com\/en\/wp-json\/wp\/v2\/media\/24996"}],"wp:attachment":[{"href":"https:\/\/trustywatches.com\/en\/wp-json\/wp\/v2\/media?parent=22476"}],"wp:term":[{"taxonomy":"product_brand","embeddable":true,"href":"https:\/\/trustywatches.com\/en\/wp-json\/wp\/v2\/product_brand?post=22476"},{"taxonomy":"product_cat","embeddable":true,"href":"https:\/\/trustywatches.com\/en\/wp-json\/wp\/v2\/product_cat?post=22476"},{"taxonomy":"product_tag","embeddable":true,"href":"https:\/\/trustywatches.com\/en\/wp-json\/wp\/v2\/product_tag?post=22476"}],"curies":[{"name":"wp","href":"https:\/\/api.w.org\/{rel}","templated":true}]}}