{"id":22505,"date":"2026-01-14T04:15:47","date_gmt":"2026-01-14T10:15:47","guid":{"rendered":"https:\/\/darkgreen-grouse-660966.hostingersite.com\/product\/reloj-cartier-ballon-bleu-mejores-copias-esfera-marron-alambre-metalico-af-factory-40-mm\/"},"modified":"2026-03-05T00:45:33","modified_gmt":"2026-03-05T06:45:33","slug":"reloj-cartier-ballon-bleu-mejores-copias-esfera-marron-alambre-metalico-af-factory-40-mm","status":"publish","type":"product","link":"https:\/\/trustywatches.com\/en\/product\/reloj-cartier-ballon-bleu-mejores-copias-esfera-marron-alambre-metalico-af-factory-40-mm\/","title":{"rendered":"Cartier Ballon Bleu watch, best copies, brown dial, metal wire, AF Factory, 40 mm"},"content":{"rendered":"<h2><strong>We present the Cartier Ballon Bleu watch, the best copies<\/strong><\/h2>\n<div style=\"width: 720px\" class=\"wp-video\"><!--[if lt IE 9]>document.createElement('video');<![endif]--><br \/>\n<video class=\"wp-video-shortcode\" id=\"video-0-1\" width=\"720\" height=\"1280\" preload=\"metadata\" controls=\"controls\"><a href=\"https:\/\/kingreplica.com.vn\/wp-content\/uploads\/2025\/05\/Dong-Ho-Cartier-Ballon-Bleu-Rep-Cao-Cap-Mat-Nau-Day-Kim-Loai-Xuong-AF-40mm-1.mp4\" target=\"_blank\" rel=\"noopener\">https:\/\/kingreplica.com.vn\/wp-content\/uploads\/2025\/05\/Dong-Ho-Cartier-Ballon-Bleu-Rep-Cao-Cap-Mat-Nau-Day-Kim-Loai-Xuong-AF-40mm-1.mp4<\/a><\/video><\/div>\n<p><img fetchpriority=\"high\" decoding=\"async\" class=\"aligncenter size-large wp-image-32462\" src=\"https:\/\/kingreplica.com.vn\/wp-content\/uploads\/2025\/05\/Dong-Ho-Cartier-Ballon-Bleu-Rep-Cao-Cap-Mat-Nau-Day-Kim-Loai-Xuong-AF-40mm-7-1024x1024.jpg\" alt=\"\" width=\"1020\" height=\"1020\" \/> <img decoding=\"async\" class=\"aligncenter size-large wp-image-32464\" src=\"https:\/\/kingreplica.com.vn\/wp-content\/uploads\/2025\/05\/Dong-Ho-Cartier-Ballon-Bleu-Rep-Cao-Cap-Mat-Nau-Day-Kim-Loai-Xuong-AF-40mm-1-1024x1024.jpg\" alt=\"\" width=\"1020\" height=\"1020\" \/> <img decoding=\"async\" class=\"aligncenter size-large wp-image-32460\" src=\"https:\/\/kingreplica.com.vn\/wp-content\/uploads\/2025\/05\/Dong-Ho-Cartier-Ballon-Bleu-Rep-Cao-Cap-Mat-Nau-Day-Kim-Loai-Xuong-AF-40mm-6-1024x1024.jpg\" alt=\"\" width=\"1020\" height=\"1020\" \/> <img loading=\"lazy\" decoding=\"async\" class=\"aligncenter size-large wp-image-32458\" src=\"https:\/\/kingreplica.com.vn\/wp-content\/uploads\/2025\/05\/Dong-Ho-Cartier-Ballon-Bleu-Rep-Cao-Cap-Mat-Nau-Day-Kim-Loai-Xuong-AF-40mm-5-1024x1024.jpg\" alt=\"\" width=\"1020\" height=\"1020\" \/> <img loading=\"lazy\" decoding=\"async\" class=\"aligncenter size-large wp-image-32456\" src=\"https:\/\/kingreplica.com.vn\/wp-content\/uploads\/2025\/05\/Dong-Ho-Cartier-Ballon-Bleu-Rep-Cao-Cap-Mat-Nau-Day-Kim-Loai-Xuong-AF-40mm-4-1024x1024.jpg\" alt=\"\" width=\"1020\" height=\"1020\" \/> <img loading=\"lazy\" decoding=\"async\" class=\"aligncenter size-large wp-image-32454\" src=\"https:\/\/kingreplica.com.vn\/wp-content\/uploads\/2025\/05\/Dong-Ho-Cartier-Ballon-Bleu-Rep-Cao-Cap-Mat-Nau-Day-Kim-Loai-Xuong-AF-40mm-2-1024x1024.jpg\" alt=\"\" width=\"1020\" height=\"1020\" \/> <img loading=\"lazy\" decoding=\"async\" class=\"aligncenter size-large wp-image-32455\" src=\"https:\/\/kingreplica.com.vn\/wp-content\/uploads\/2025\/05\/Dong-Ho-Cartier-Ballon-Bleu-Rep-Cao-Cap-Mat-Nau-Day-Kim-Loai-Xuong-AF-40mm-3-1024x1024.jpg\" alt=\"\" width=\"1020\" height=\"1020\" \/> <img loading=\"lazy\" decoding=\"async\" class=\"aligncenter size-large wp-image-32432\" src=\"https:\/\/kingreplica.com.vn\/wp-content\/uploads\/2025\/05\/Dong-Ho-Cartier-Ballon-Bleu-Replica-11-1024x1024.jpg\" alt=\"Replica of the Cartier Ballon Bleu by ??ng H? 11\" width=\"1020\" height=\"1020\" \/> <img loading=\"lazy\" decoding=\"async\" <img loading=\"lazy\" decoding=\"async\" class=\"aligncenter size-large wp-image-32431\" src=\"https:\/\/kingreplica.com.vn\/wp-content\/uploads\/2025\/05\/Dong-Ho-Cartier-Ballon-Bleu-Replica-11-Cao-Cap-1024x1024.jpg\" alt=\"??ng H? Cartier Ballon Bleu Replica 11 Cao C?p\" width=\"1020\" height=\"1020\" \/> <img loading=\"lazy\" decoding=\"async\" class=\"aligncenter size-large wp-image-32429\" src=\"https:\/\/kingreplica.com.vn\/wp-content\/uploads\/2025\/05\/Dong-Ho-Cartier-Ballon-Bleu-Replica-11-May-Automatic-1024x1024.jpg\" alt=\"??ng H? Cartier Ballon Replica blue May 11 automatic alt=\"??ng H? Cartier Ballon Bleu Replica Cao C?p\" width=\"1020\" height=\"1020\" \/><\/p>\n","protected":false},"excerpt":{"rendered":"<h2><strong>ESPECIFICACIONES \u2013 GARANT\u00cdA<\/strong><strong>DE RELOJ CARTIER BEST COPIES<\/strong><\/h2>\n<table class=\"shop_attributes\" width=\"480\">\n<tbody>\n<tr>\n<th><strong>Especificaciones<\/strong><\/th>\n<td><strong>Detalles<\/strong><\/td>\n<\/tr>\n<tr>\n<th><strong>Tama\u00f1o<\/strong><\/th>\n<td><strong>40 mm<\/strong><\/td>\n<\/tr>\n<tr>\n<th>Material<\/th>\n<td><strong>Acero inoxidable<\/strong><\/td>\n<\/tr>\n<tr>\n<th><strong>Correa<\/strong><\/th>\n<td><strong>Alambre met\u00e1lico<\/strong><\/td>\n<\/tr>\n<tr>\n<th><strong>Movimiento<\/strong><\/th>\n<td><strong>Autom\u00e1tico \u2013 ETA 2824<\/strong><\/td>\n<\/tr>\n<tr>\n<th><strong>Cristal<\/strong><\/th>\n<td><strong>Zafiro macizo<\/strong><\/td>\n<\/tr>\n<tr>\n<th><strong>Funciones<\/strong><\/th>\n<td><strong>Funcionalidad<\/strong><\/td>\n<\/tr>\n<tr>\n<th>Resistencia al agua<\/th>\n<td><strong><span class=\"text_exposed_show\">Buena<\/span><\/strong><\/td>\n<\/tr>\n<tr>\n<th>Garant\u00eda<\/th>\n<td><strong>5 a\u00f1os en el movimiento<\/strong><\/td>\n<\/tr>\n<tr>\n<th><strong>Servicios<\/strong><\/th>\n<td><strong>Spa gratuito &#8211; M\u00e1quina Lubricaci\u00f3n<br \/>\n<\/strong><\/td>\n<\/tr>\n<tr>\n<th><strong>Soporte<\/strong><\/th>\n<td><strong>Cambio a mejor precio<\/strong><\/td>\n<\/tr>\n<\/tbody>\n<\/table>","protected":false},"featured_media":25289,"comment_status":"open","ping_status":"closed","template":"","meta":{"iawp_total_views":4},"product_brand":[],"product_cat":[223,196],"product_tag":[452,464],"class_list":{"0":"post-22505","1":"product","2":"type-product","3":"status-publish","4":"has-post-thumbnail","6":"product_cat-ballon-bleu","7":"product_cat-cartier","8":"product_tag-replica-de-reloj","9":"product_tag-replica-de-reloj-cartier","11":"first","12":"instock","13":"sale","14":"shipping-taxable","15":"purchasable","16":"product-type-simple"},"yoast_head":"<!-- This site is optimized with the Yoast SEO plugin v27.3 - https:\/\/yoast.com\/product\/yoast-seo-wordpress\/ -->\n<title>Cartier Ballon Bleu watch, best copies, brown dial, metal wire, AF Factory, 40 mm - Trustywatches<\/title>\n<meta name=\"robots\" content=\"index, follow, max-snippet:-1, max-image-preview:large, max-video-preview:-1\" \/>\n<link rel=\"canonical\" href=\"https:\/\/trustywatches.com\/en\/product\/reloj-cartier-ballon-bleu-mejores-copias-esfera-marron-alambre-metalico-af-factory-40-mm\/\" \/>\n<meta property=\"og:locale\" content=\"en_US\" \/>\n<meta property=\"og:type\" content=\"article\" \/>\n<meta property=\"og:title\" content=\"Cartier Ballon Bleu watch, best copies, brown dial, metal wire, AF Factory, 40 mm - Trustywatches\" \/>\n<meta property=\"og:description\" content=\"ESPECIFICACIONES \u2013 GARANT\u00cdADE RELOJ CARTIER BEST COPIES  Especificaciones Detalles  Tama\u00f1o 40 mm  Material Acero inoxidable  Correa Alambre met\u00e1lico  Movimiento Autom\u00e1tico \u2013 ETA 2824  Cristal Zafiro macizo  Funciones Funcionalidad  Resistencia al agua Buena  Garant\u00eda 5 a\u00f1os en el movimiento  Servicios Spa gratuito - M\u00e1quina Lubricaci\u00f3n  Soporte Cambio a mejor precio\" \/>\n<meta property=\"og:url\" content=\"https:\/\/trustywatches.com\/en\/product\/reloj-cartier-ballon-bleu-mejores-copias-esfera-marron-alambre-metalico-af-factory-40-mm\/\" \/>\n<meta property=\"og:site_name\" content=\"Trustywatches\" \/>\n<meta property=\"article:modified_time\" content=\"2026-03-05T06:45:33+00:00\" \/>\n<meta property=\"og:image\" content=\"https:\/\/trustywatches.com\/wp-content\/uploads\/2026\/01\/Dong-Ho-Cartier-Ballon-Bleu-Rep-Cao-Cap-Mat-Nau-Day-Kim-Loai-Xuong-AF-40mm-7.jpg\" \/>\n\t<meta property=\"og:image:width\" content=\"1920\" \/>\n\t<meta property=\"og:image:height\" content=\"1920\" \/>\n\t<meta property=\"og:image:type\" content=\"image\/jpeg\" \/>\n<meta name=\"twitter:card\" content=\"summary_large_image\" \/>\n<script type=\"application\/ld+json\" class=\"yoast-schema-graph\">{\"@context\":\"https:\\\/\\\/schema.org\",\"@graph\":[{\"@type\":\"WebPage\",\"@id\":\"https:\\\/\\\/trustywatches.com\\\/en\\\/product\\\/reloj-cartier-ballon-bleu-mejores-copias-esfera-marron-alambre-metalico-af-factory-40-mm\\\/\",\"url\":\"https:\\\/\\\/trustywatches.com\\\/en\\\/product\\\/reloj-cartier-ballon-bleu-mejores-copias-esfera-marron-alambre-metalico-af-factory-40-mm\\\/\",\"name\":\"Cartier Ballon Bleu watch, best copies, brown dial, metal wire, AF Factory, 40 mm - Trustywatches\",\"isPartOf\":{\"@id\":\"https:\\\/\\\/trustywatches.com\\\/#website\"},\"primaryImageOfPage\":{\"@id\":\"https:\\\/\\\/trustywatches.com\\\/en\\\/product\\\/reloj-cartier-ballon-bleu-mejores-copias-esfera-marron-alambre-metalico-af-factory-40-mm\\\/#primaryimage\"},\"image\":{\"@id\":\"https:\\\/\\\/trustywatches.com\\\/en\\\/product\\\/reloj-cartier-ballon-bleu-mejores-copias-esfera-marron-alambre-metalico-af-factory-40-mm\\\/#primaryimage\"},\"thumbnailUrl\":\"https:\\\/\\\/trustywatches.com\\\/wp-content\\\/uploads\\\/2026\\\/01\\\/Dong-Ho-Cartier-Ballon-Bleu-Rep-Cao-Cap-Mat-Nau-Day-Kim-Loai-Xuong-AF-40mm-7.jpg\",\"datePublished\":\"2026-01-14T10:15:47+00:00\",\"dateModified\":\"2026-03-05T06:45:33+00:00\",\"breadcrumb\":{\"@id\":\"https:\\\/\\\/trustywatches.com\\\/en\\\/product\\\/reloj-cartier-ballon-bleu-mejores-copias-esfera-marron-alambre-metalico-af-factory-40-mm\\\/#breadcrumb\"},\"inLanguage\":\"en-US\",\"potentialAction\":[{\"@type\":\"ReadAction\",\"target\":[\"https:\\\/\\\/trustywatches.com\\\/en\\\/product\\\/reloj-cartier-ballon-bleu-mejores-copias-esfera-marron-alambre-metalico-af-factory-40-mm\\\/\"]}]},{\"@type\":\"ImageObject\",\"inLanguage\":\"en-US\",\"@id\":\"https:\\\/\\\/trustywatches.com\\\/en\\\/product\\\/reloj-cartier-ballon-bleu-mejores-copias-esfera-marron-alambre-metalico-af-factory-40-mm\\\/#primaryimage\",\"url\":\"https:\\\/\\\/trustywatches.com\\\/wp-content\\\/uploads\\\/2026\\\/01\\\/Dong-Ho-Cartier-Ballon-Bleu-Rep-Cao-Cap-Mat-Nau-Day-Kim-Loai-Xuong-AF-40mm-7.jpg\",\"contentUrl\":\"https:\\\/\\\/trustywatches.com\\\/wp-content\\\/uploads\\\/2026\\\/01\\\/Dong-Ho-Cartier-Ballon-Bleu-Rep-Cao-Cap-Mat-Nau-Day-Kim-Loai-Xuong-AF-40mm-7.jpg\",\"width\":1920,\"height\":1920},{\"@type\":\"BreadcrumbList\",\"@id\":\"https:\\\/\\\/trustywatches.com\\\/en\\\/product\\\/reloj-cartier-ballon-bleu-mejores-copias-esfera-marron-alambre-metalico-af-factory-40-mm\\\/#breadcrumb\",\"itemListElement\":[{\"@type\":\"ListItem\",\"position\":1,\"name\":\"Home\",\"item\":\"https:\\\/\\\/trustywatches.com\\\/\"},{\"@type\":\"ListItem\",\"position\":2,\"name\":\"TIENDA\",\"item\":\"https:\\\/\\\/trustywatches.com\\\/tienda\\\/\"},{\"@type\":\"ListItem\",\"position\":3,\"name\":\"Cartier Ballon Bleu watch, best copies, brown dial, metal wire, AF Factory, 40 mm\"}]},{\"@type\":\"WebSite\",\"@id\":\"https:\\\/\\\/trustywatches.com\\\/#website\",\"url\":\"https:\\\/\\\/trustywatches.com\\\/\",\"name\":\"Trustywatches\",\"description\":\"\",\"potentialAction\":[{\"@type\":\"SearchAction\",\"target\":{\"@type\":\"EntryPoint\",\"urlTemplate\":\"https:\\\/\\\/trustywatches.com\\\/?s={search_term_string}\"},\"query-input\":{\"@type\":\"PropertyValueSpecification\",\"valueRequired\":true,\"valueName\":\"search_term_string\"}}],\"inLanguage\":\"en-US\"}]}<\/script>\n<!-- \/ Yoast SEO plugin. -->","yoast_head_json":{"title":"Cartier Ballon Bleu watch, best copies, brown dial, metal wire, AF Factory, 40 mm - Trustywatches","robots":{"index":"index","follow":"follow","max-snippet":"max-snippet:-1","max-image-preview":"max-image-preview:large","max-video-preview":"max-video-preview:-1"},"canonical":"https:\/\/trustywatches.com\/en\/product\/reloj-cartier-ballon-bleu-mejores-copias-esfera-marron-alambre-metalico-af-factory-40-mm\/","og_locale":"en_US","og_type":"article","og_title":"Cartier Ballon Bleu watch, best copies, brown dial, metal wire, AF Factory, 40 mm - Trustywatches","og_description":"ESPECIFICACIONES \u2013 GARANT\u00cdADE RELOJ CARTIER BEST COPIES  Especificaciones Detalles  Tama\u00f1o 40 mm  Material Acero inoxidable  Correa Alambre met\u00e1lico  Movimiento Autom\u00e1tico \u2013 ETA 2824  Cristal Zafiro macizo  Funciones Funcionalidad  Resistencia al agua Buena  Garant\u00eda 5 a\u00f1os en el movimiento  Servicios Spa gratuito - M\u00e1quina Lubricaci\u00f3n  Soporte Cambio a mejor precio","og_url":"https:\/\/trustywatches.com\/en\/product\/reloj-cartier-ballon-bleu-mejores-copias-esfera-marron-alambre-metalico-af-factory-40-mm\/","og_site_name":"Trustywatches","article_modified_time":"2026-03-05T06:45:33+00:00","og_image":[{"width":1920,"height":1920,"url":"https:\/\/trustywatches.com\/wp-content\/uploads\/2026\/01\/Dong-Ho-Cartier-Ballon-Bleu-Rep-Cao-Cap-Mat-Nau-Day-Kim-Loai-Xuong-AF-40mm-7.jpg","type":"image\/jpeg"}],"twitter_card":"summary_large_image","schema":{"@context":"https:\/\/schema.org","@graph":[{"@type":"WebPage","@id":"https:\/\/trustywatches.com\/en\/product\/reloj-cartier-ballon-bleu-mejores-copias-esfera-marron-alambre-metalico-af-factory-40-mm\/","url":"https:\/\/trustywatches.com\/en\/product\/reloj-cartier-ballon-bleu-mejores-copias-esfera-marron-alambre-metalico-af-factory-40-mm\/","name":"Cartier Ballon Bleu watch, best copies, brown dial, metal wire, AF Factory, 40 mm - Trustywatches","isPartOf":{"@id":"https:\/\/trustywatches.com\/#website"},"primaryImageOfPage":{"@id":"https:\/\/trustywatches.com\/en\/product\/reloj-cartier-ballon-bleu-mejores-copias-esfera-marron-alambre-metalico-af-factory-40-mm\/#primaryimage"},"image":{"@id":"https:\/\/trustywatches.com\/en\/product\/reloj-cartier-ballon-bleu-mejores-copias-esfera-marron-alambre-metalico-af-factory-40-mm\/#primaryimage"},"thumbnailUrl":"https:\/\/trustywatches.com\/wp-content\/uploads\/2026\/01\/Dong-Ho-Cartier-Ballon-Bleu-Rep-Cao-Cap-Mat-Nau-Day-Kim-Loai-Xuong-AF-40mm-7.jpg","datePublished":"2026-01-14T10:15:47+00:00","dateModified":"2026-03-05T06:45:33+00:00","breadcrumb":{"@id":"https:\/\/trustywatches.com\/en\/product\/reloj-cartier-ballon-bleu-mejores-copias-esfera-marron-alambre-metalico-af-factory-40-mm\/#breadcrumb"},"inLanguage":"en-US","potentialAction":[{"@type":"ReadAction","target":["https:\/\/trustywatches.com\/en\/product\/reloj-cartier-ballon-bleu-mejores-copias-esfera-marron-alambre-metalico-af-factory-40-mm\/"]}]},{"@type":"ImageObject","inLanguage":"en-US","@id":"https:\/\/trustywatches.com\/en\/product\/reloj-cartier-ballon-bleu-mejores-copias-esfera-marron-alambre-metalico-af-factory-40-mm\/#primaryimage","url":"https:\/\/trustywatches.com\/wp-content\/uploads\/2026\/01\/Dong-Ho-Cartier-Ballon-Bleu-Rep-Cao-Cap-Mat-Nau-Day-Kim-Loai-Xuong-AF-40mm-7.jpg","contentUrl":"https:\/\/trustywatches.com\/wp-content\/uploads\/2026\/01\/Dong-Ho-Cartier-Ballon-Bleu-Rep-Cao-Cap-Mat-Nau-Day-Kim-Loai-Xuong-AF-40mm-7.jpg","width":1920,"height":1920},{"@type":"BreadcrumbList","@id":"https:\/\/trustywatches.com\/en\/product\/reloj-cartier-ballon-bleu-mejores-copias-esfera-marron-alambre-metalico-af-factory-40-mm\/#breadcrumb","itemListElement":[{"@type":"ListItem","position":1,"name":"Home","item":"https:\/\/trustywatches.com\/"},{"@type":"ListItem","position":2,"name":"TIENDA","item":"https:\/\/trustywatches.com\/tienda\/"},{"@type":"ListItem","position":3,"name":"Cartier Ballon Bleu watch, best copies, brown dial, metal wire, AF Factory, 40 mm"}]},{"@type":"WebSite","@id":"https:\/\/trustywatches.com\/#website","url":"https:\/\/trustywatches.com\/","name":"Trustywatches","description":"","potentialAction":[{"@type":"SearchAction","target":{"@type":"EntryPoint","urlTemplate":"https:\/\/trustywatches.com\/?s={search_term_string}"},"query-input":{"@type":"PropertyValueSpecification","valueRequired":true,"valueName":"search_term_string"}}],"inLanguage":"en-US"}]}},"post_mailing_queue_ids":[],"_links":{"self":[{"href":"https:\/\/trustywatches.com\/en\/wp-json\/wp\/v2\/product\/22505","targetHints":{"allow":["GET"]}}],"collection":[{"href":"https:\/\/trustywatches.com\/en\/wp-json\/wp\/v2\/product"}],"about":[{"href":"https:\/\/trustywatches.com\/en\/wp-json\/wp\/v2\/types\/product"}],"replies":[{"embeddable":true,"href":"https:\/\/trustywatches.com\/en\/wp-json\/wp\/v2\/comments?post=22505"}],"wp:featuredmedia":[{"embeddable":true,"href":"https:\/\/trustywatches.com\/en\/wp-json\/wp\/v2\/media\/25289"}],"wp:attachment":[{"href":"https:\/\/trustywatches.com\/en\/wp-json\/wp\/v2\/media?parent=22505"}],"wp:term":[{"taxonomy":"product_brand","embeddable":true,"href":"https:\/\/trustywatches.com\/en\/wp-json\/wp\/v2\/product_brand?post=22505"},{"taxonomy":"product_cat","embeddable":true,"href":"https:\/\/trustywatches.com\/en\/wp-json\/wp\/v2\/product_cat?post=22505"},{"taxonomy":"product_tag","embeddable":true,"href":"https:\/\/trustywatches.com\/en\/wp-json\/wp\/v2\/product_tag?post=22505"}],"curies":[{"name":"wp","href":"https:\/\/api.w.org\/{rel}","templated":true}]}}