{"id":22522,"date":"2026-01-14T04:15:48","date_gmt":"2026-01-14T10:15:48","guid":{"rendered":"https:\/\/darkgreen-grouse-660966.hostingersite.com\/product\/reloj-cartier-santos-con-esfera-verde-replica-diamantes-personalizados-moissanita-bv-de-fabrica-398-mm\/"},"modified":"2026-03-05T00:45:34","modified_gmt":"2026-03-05T06:45:34","slug":"reloj-cartier-santos-con-esfera-verde-replica-diamantes-personalizados-moissanita-bv-de-fabrica-398-mm","status":"publish","type":"product","link":"https:\/\/trustywatches.com\/en\/product\/reloj-cartier-santos-con-esfera-verde-replica-diamantes-personalizados-moissanita-bv-de-fabrica-398-mm\/","title":{"rendered":"Cartier Santos watch with green dial, replica, personalized diamonds, factory moissanite BV, 39.8 mm"},"content":{"rendered":"<h2><strong>We present the replicas of the Cartier Santos watch with green dial<\/strong><\/h2>\n<div style=\"width: 720px\" class=\"wp-video\"><!--[if lt IE 9]>document.createElement('video');<![endif]--><br \/>\n<video class=\"wp-video-shortcode\" id=\"video-0-1\" width=\"720\" height=\"1280\" preload=\"metadata\" controls=\"controls\"><a href=\"https:\/\/kingreplica.com.vn\/wp-content\/uploads\/2025\/06\/Dong-Ho-Cartier-Santos-Che-Tac-Dinh-Full-Kim-Cuong-Moissanite-Mat-Xanh-La-Cay-Xuong-BV-39-1.mp4\" target=\"_blank\" rel=\"noopener\">https:\/\/kingreplica.com.vn\/wp-content\/uploads\/2025\/06\/Dong-Ho-Cartier-Santos-Che-Tac-Dinh-Full-Kim-Cuong-Moissanite-Mat-Xanh-La-Cay-Xuong-BV-39-1.mp4<\/a><\/video><\/div>\n<p><img fetchpriority=\"high\" decoding=\"async\" class=\"aligncenter size-large wp-image-33606\" src=\"https:\/\/kingreplica.com.vn\/wp-content\/uploads\/2025\/06\/Dong-Ho-Cartier-Santos-Che-Tac-Dinh-Full-Kim-Cuong-Moissanite-Mat-Xanh-La-Cay-Xuong-BV-39-1-1024x1024.jpg\" alt=\"??ng H? Cartier Santos Ch? T??c ???nh Full Kim C??ng Moissanite M?t Xanh L?? Cay X??ng BV 39 (2)\" width=\"1020\" height=\"1020\" \/> <img decoding=\"async\" class=\"aligncenter size-large wp-image-33597\" src=\"https:\/\/kingreplica.com.vn\/wp-content\/uploads\/2025\/06\/Dong-Ho-Cartier-Santos-Che-Tac-Dinh-Full-Kim-Cuong-Moissanite-Mat-Xanh-La-Cay-Xuong-BV-39-3-1024x1024.jpg\" alt=\"??ng H? Cartier Santos Ch? T??c ???nh Full Kim C??ng Moissanite M?t Xanh L?? Cay X??ng BV 39 (2)\" width=\"1020\" height=\"1020\" \/> <img decoding=\"async\" class=\"aligncenter size-large wp-image-33596\" src=\"https:\/\/kingreplica.com.vn\/wp-content\/uploads\/2025\/06\/Dong-Ho-Cartier-Santos-Che-Tac-Dinh-Full-Kim-Cuong-Moissanite-Mat-Xanh-La-Cay-Xuong-BV-39-2-1024x1024.jpg\" alt=\"??ng H? Cartier Santos Ch? T??c ???nh Full Kim C??ng Moissanite M?t Xanh L?? Cay X??ng BV 39 (2)\" width=\"1020\" height=\"1020\" \/> <img loading=\"lazy\" decoding=\"async\" class=\"aligncenter size-large wp-image-33601\" src=\"https:\/\/kingreplica.com.vn\/wp-content\/uploads\/2025\/06\/Dong-Ho-Cartier-Santos-Che-Tac-Dinh-Full-Kim-Cuong-Moissanite-Mat-Xanh-La-Cay-Xuong-BV-39-7-1024x1024.jpg\" alt=\"??ng H? Cartier Santos Ch? T??c ???nh Full Kim C??ng Moissanite M?t Xanh L?? Cay X??ng BV 39 (2)\" width=\"1020\" height=\"1020\" \/> <img loading=\"lazy\" decoding=\"async\" class=\"aligncenter size-large wp-image-33599\" src=\"https:\/\/kingreplica.com.vn\/wp-content\/uploads\/2025\/06\/Dong-Ho-Cartier-Santos-Che-Tac-Dinh-Full-Kim-Cuong-Moissanite-Mat-Xanh-La-Cay-Xuong-BV-39-5-1024x1010.jpg\" alt=\"??ng H? Cartier Santos Ch? T??c ???nh Full Kim C??ng Moissanite M?t Xanh L?? Cay X??ng BV 39 (2)\" width=\"1020\" height=\"1006\" \/> <img loading=\"lazy\" decoding=\"async\" class=\"aligncenter size-large wp-image-33600\" src=\"https:\/\/kingreplica.com.vn\/wp-content\/uploads\/2025\/06\/Dong-Ho-Cartier-Santos-Che-Tac-Dinh-Full-Kim-Cuong-Moissanite-Mat-Xanh-La-Cay-Xuong-BV-39-6-1024x991.jpg\" alt=\"??ng H? Cartier Santos Ch? T??c ???nh Full Kim C??ng Moissanite M?t Xanh L?? Cay X??ng BV 39 (2)\" width=\"1020\" height=\"987\" \/> <img loading=\"lazy\" decoding=\"async\" class=\"aligncenter size-large wp-image-33598\" src=\"https:\/\/kingreplica.com.vn\/wp-content\/uploads\/2025\/06\/Dong-Ho-Cartier-Santos-Che-Tac-Dinh-Full-Kim-Cuong-Moissanite-Mat-Xanh-La-Cay-Xuong-BV-39-4-1024x1024.jpg\" alt=\"??ng H? Cartier Santos Ch? T??c ???nh Full Kim C??ng Moissanite M?t Xanh L?? Cay X??ng BV 39 (2)\" width=\"1020\" height=\"1020\" \/> <img loading=\"lazy\" decoding=\"async\" class=\"aligncenter size-large wp-image-33602\" src=\"https:\/\/kingreplica.com.vn\/wp-content\/uploads\/2025\/06\/Dong-Ho-Cartier-Santos-Che-Tac-Dinh-Full-Kim-Cuong-Moissanite-Mat-Xanh-La-Cay-Xuong-BV-39-8-1024x1024.jpg\" alt=\"??ng H? Cartier Santos Ch? T??c ???nh Full Kim C??ng Moissanite M?t Xanh L?? Cay X??ng BV 39 (2)\" width=\"1020\" height=\"1020\" \/> <img loading=\"lazy\" decoding=\"async\" class=\"aligncenter size-large wp-image-33603\" src=\"https:\/\/kingreplica.com.vn\/wp-content\/uploads\/2025\/06\/Dong-Ho-Cartier-Santos-Che-Tac-Dinh-Full-Kim-Cuong-Moissanite-Mat-Xanh-La-Cay-Xuong-BV-39-9-1024x1024.jpg\" alt=\"??ng H? Cartier Santos Ch? T??c ???nh Full Kim C??ng Moissanite M?t Xanh L?? Cay X??ng BV 39 (2)\" width=\"1020\" height=\"1020\" \/> <img loading=\"lazy\" decoding=\"async\" class=\"aligncenter size-large wp-image-33604\" src=\"https:\/\/kingreplica.com.vn\/wp-content\/uploads\/2025\/06\/Dong-Ho-Cartier-Santos-Che-Tac-Dinh-Full-Kim-Cuong-Moissanite-Mat-Xanh-La-Cay-Xuong-BV-39-10-1004x1024.jpg\" alt=\"??ng H? Cartier Santos Ch? T??c ???nh Full Kim C??ng Moissanite M?t Xanh L?? Cay X??ng BV 39 (2)\" width=\"1004\" height=\"1024\" \/> <img loading=\"lazy\" decoding=\"async\" class=\"aligncenter size-large wp-image-33605\" src=\"https:\/\/kingreplica.com.vn\/wp-content\/uploads\/2025\/06\/Dong-Ho-Cartier-Santos-Che-Tac-Dinh-Full-Kim-Cuong-Moissanite-Mat-Xanh-La-Cay-Xuong-BV-39-11-1024x1024.jpg\" alt=\"??ng H? Cartier Santos Ch? T??c ???nh Full Kim C??ng Moissanite M?t Xanh L?? Cay X??ng BV 39 (2)\" width=\"1020\" height=\"1020\" \/><\/p>\n","protected":false},"excerpt":{"rendered":"<h2><strong>ESPECIFICACIONES \u2013 GARANT\u00cdA<\/strong><strong>DE RELOJ CARTIER SANTOS GREEN COPIES<\/strong><\/h2>\n<table class=\"shop_attributes\" width=\"480\">\n<tbody>\n<tr>\n<th><strong>Especificaci\u00f3n<\/strong><\/th>\n<td><strong>Detalles<\/strong><\/td>\n<\/tr>\n<tr>\n<th><strong>Tama\u00f1o<\/strong><\/th>\n<td><strong>39.8 mm<\/strong><\/td>\n<\/tr>\n<tr>\n<th>Material<\/th>\n<td><strong>Acero inoxidable + Moissnite<\/strong><\/td>\n<\/tr>\n<tr>\n<th><strong>Correa<\/strong><\/th>\n<td><strong>Alambre met\u00e1lico + Moissanita<br \/>\n<\/strong><\/td>\n<\/tr>\n<tr>\n<th><strong>Movimiento<\/strong><\/th>\n<td><strong>Autom\u00e1tico \u2013 Calibre 324 SC<\/strong><\/td>\n<\/tr>\n<tr>\n<th><strong>Cristal<\/strong><\/th>\n<td><strong>Zafiro macizo<\/strong><\/td>\n<\/tr>\n<tr>\n<th><strong>Funciones<\/strong><\/th>\n<td><strong>Funcionalidad<\/strong><\/td>\n<\/tr>\n<tr>\n<th>Resistencia al agua<\/th>\n<td><strong><span class=\"text_exposed_show\">Buena<\/span><\/strong><\/td>\n<\/tr>\n<tr>\n<th>Garant\u00eda<\/th>\n<td><strong>5 a\u00f1os en el Movimiento<\/strong><\/td>\n<\/tr>\n<tr>\n<th><strong>Servicios<\/strong><\/th>\n<td><strong>Spa gratuito: lubricaci\u00f3n de m\u00e1quinas<\/strong><\/td>\n<\/tr>\n<tr>\n<th><strong>Soporte<\/strong><\/th>\n<td><strong>Cambio a un precio excelente<\/strong><\/td>\n<\/tr>\n<\/tbody>\n<\/table>","protected":false},"featured_media":25472,"comment_status":"open","ping_status":"closed","template":"","meta":{"iawp_total_views":9},"product_brand":[],"product_cat":[196,235],"product_tag":[466,463,460,457],"class_list":{"0":"post-22522","1":"product","2":"type-product","3":"status-publish","4":"has-post-thumbnail","6":"product_cat-cartier","7":"product_cat-santos","8":"product_tag-relojes-envueltos-en-oro-de-18-quilates","9":"product_tag-replicas-de-relojes","10":"product_tag-replicas-de-relojes-cartier","11":"product_tag-replicas-de-relojes-con-diamantes-y-oro","13":"first","14":"instock","15":"sale","16":"shipping-taxable","17":"purchasable","18":"product-type-simple"},"yoast_head":"<!-- This site is optimized with the Yoast SEO plugin v27.3 - https:\/\/yoast.com\/product\/yoast-seo-wordpress\/ -->\n<title>Cartier Santos watch with green dial, replica, personalized diamonds, factory moissanite BV, 39.8 mm - Trustywatches<\/title>\n<meta name=\"robots\" content=\"index, follow, max-snippet:-1, max-image-preview:large, max-video-preview:-1\" \/>\n<link rel=\"canonical\" href=\"https:\/\/trustywatches.com\/en\/product\/reloj-cartier-santos-con-esfera-verde-replica-diamantes-personalizados-moissanita-bv-de-fabrica-398-mm\/\" \/>\n<meta property=\"og:locale\" content=\"en_US\" \/>\n<meta property=\"og:type\" content=\"article\" \/>\n<meta property=\"og:title\" content=\"Cartier Santos watch with green dial, replica, personalized diamonds, factory moissanite BV, 39.8 mm - Trustywatches\" \/>\n<meta property=\"og:description\" content=\"ESPECIFICACIONES \u2013 GARANT\u00cdADE RELOJ CARTIER SANTOS GREEN COPIES  Especificaci\u00f3n Detalles  Tama\u00f1o 39.8 mm  Material Acero inoxidable + Moissnite  Correa Alambre met\u00e1lico + Moissanita  Movimiento Autom\u00e1tico \u2013 Calibre 324 SC  Cristal Zafiro macizo  Funciones Funcionalidad  Resistencia al agua Buena  Garant\u00eda 5 a\u00f1os en el Movimiento  Servicios Spa gratuito: lubricaci\u00f3n de m\u00e1quinas  Soporte Cambio a un precio excelente\" \/>\n<meta property=\"og:url\" content=\"https:\/\/trustywatches.com\/en\/product\/reloj-cartier-santos-con-esfera-verde-replica-diamantes-personalizados-moissanita-bv-de-fabrica-398-mm\/\" \/>\n<meta property=\"og:site_name\" content=\"Trustywatches\" \/>\n<meta property=\"article:modified_time\" content=\"2026-03-05T06:45:34+00:00\" \/>\n<meta property=\"og:image\" content=\"https:\/\/trustywatches.com\/wp-content\/uploads\/2026\/01\/Dong-Ho-Cartier-Santos-Che-Tac-Dinh-Full-Kim-Cuong-Moissanite-Mat-Xanh-La-Cay-Xuong-BV-39-1.jpg\" \/>\n\t<meta property=\"og:image:width\" content=\"1920\" \/>\n\t<meta property=\"og:image:height\" content=\"1920\" \/>\n\t<meta property=\"og:image:type\" content=\"image\/jpeg\" \/>\n<meta name=\"twitter:card\" content=\"summary_large_image\" \/>\n<script type=\"application\/ld+json\" class=\"yoast-schema-graph\">{\"@context\":\"https:\\\/\\\/schema.org\",\"@graph\":[{\"@type\":\"WebPage\",\"@id\":\"https:\\\/\\\/trustywatches.com\\\/product\\\/reloj-cartier-santos-con-esfera-verde-replica-diamantes-personalizados-moissanita-bv-de-fabrica-398-mm\\\/\",\"url\":\"https:\\\/\\\/trustywatches.com\\\/product\\\/reloj-cartier-santos-con-esfera-verde-replica-diamantes-personalizados-moissanita-bv-de-fabrica-398-mm\\\/\",\"name\":\"Cartier Santos watch with green dial, replica, personalized diamonds, factory moissanite BV, 39.8 mm - Trustywatches\",\"isPartOf\":{\"@id\":\"https:\\\/\\\/trustywatches.com\\\/#website\"},\"primaryImageOfPage\":{\"@id\":\"https:\\\/\\\/trustywatches.com\\\/product\\\/reloj-cartier-santos-con-esfera-verde-replica-diamantes-personalizados-moissanita-bv-de-fabrica-398-mm\\\/#primaryimage\"},\"image\":{\"@id\":\"https:\\\/\\\/trustywatches.com\\\/product\\\/reloj-cartier-santos-con-esfera-verde-replica-diamantes-personalizados-moissanita-bv-de-fabrica-398-mm\\\/#primaryimage\"},\"thumbnailUrl\":\"https:\\\/\\\/trustywatches.com\\\/wp-content\\\/uploads\\\/2026\\\/01\\\/Dong-Ho-Cartier-Santos-Che-Tac-Dinh-Full-Kim-Cuong-Moissanite-Mat-Xanh-La-Cay-Xuong-BV-39-1.jpg\",\"datePublished\":\"2026-01-14T10:15:48+00:00\",\"dateModified\":\"2026-03-05T06:45:34+00:00\",\"breadcrumb\":{\"@id\":\"https:\\\/\\\/trustywatches.com\\\/product\\\/reloj-cartier-santos-con-esfera-verde-replica-diamantes-personalizados-moissanita-bv-de-fabrica-398-mm\\\/#breadcrumb\"},\"inLanguage\":\"en-US\",\"potentialAction\":[{\"@type\":\"ReadAction\",\"target\":[\"https:\\\/\\\/trustywatches.com\\\/product\\\/reloj-cartier-santos-con-esfera-verde-replica-diamantes-personalizados-moissanita-bv-de-fabrica-398-mm\\\/\"]}]},{\"@type\":\"ImageObject\",\"inLanguage\":\"en-US\",\"@id\":\"https:\\\/\\\/trustywatches.com\\\/product\\\/reloj-cartier-santos-con-esfera-verde-replica-diamantes-personalizados-moissanita-bv-de-fabrica-398-mm\\\/#primaryimage\",\"url\":\"https:\\\/\\\/trustywatches.com\\\/wp-content\\\/uploads\\\/2026\\\/01\\\/Dong-Ho-Cartier-Santos-Che-Tac-Dinh-Full-Kim-Cuong-Moissanite-Mat-Xanh-La-Cay-Xuong-BV-39-1.jpg\",\"contentUrl\":\"https:\\\/\\\/trustywatches.com\\\/wp-content\\\/uploads\\\/2026\\\/01\\\/Dong-Ho-Cartier-Santos-Che-Tac-Dinh-Full-Kim-Cuong-Moissanite-Mat-Xanh-La-Cay-Xuong-BV-39-1.jpg\",\"width\":1920,\"height\":1920},{\"@type\":\"BreadcrumbList\",\"@id\":\"https:\\\/\\\/trustywatches.com\\\/product\\\/reloj-cartier-santos-con-esfera-verde-replica-diamantes-personalizados-moissanita-bv-de-fabrica-398-mm\\\/#breadcrumb\",\"itemListElement\":[{\"@type\":\"ListItem\",\"position\":1,\"name\":\"Home\",\"item\":\"https:\\\/\\\/trustywatches.com\\\/\"},{\"@type\":\"ListItem\",\"position\":2,\"name\":\"TIENDA\",\"item\":\"https:\\\/\\\/trustywatches.com\\\/tienda\\\/\"},{\"@type\":\"ListItem\",\"position\":3,\"name\":\"Cartier Santos watch with green dial, replica, personalized diamonds, factory moissanite BV, 39.8 mm\"}]},{\"@type\":\"WebSite\",\"@id\":\"https:\\\/\\\/trustywatches.com\\\/#website\",\"url\":\"https:\\\/\\\/trustywatches.com\\\/\",\"name\":\"Trustywatches\",\"description\":\"\",\"potentialAction\":[{\"@type\":\"SearchAction\",\"target\":{\"@type\":\"EntryPoint\",\"urlTemplate\":\"https:\\\/\\\/trustywatches.com\\\/?s={search_term_string}\"},\"query-input\":{\"@type\":\"PropertyValueSpecification\",\"valueRequired\":true,\"valueName\":\"search_term_string\"}}],\"inLanguage\":\"en-US\"}]}<\/script>\n<!-- \/ Yoast SEO plugin. -->","yoast_head_json":{"title":"Cartier Santos watch with green dial, replica, personalized diamonds, factory moissanite BV, 39.8 mm - Trustywatches","robots":{"index":"index","follow":"follow","max-snippet":"max-snippet:-1","max-image-preview":"max-image-preview:large","max-video-preview":"max-video-preview:-1"},"canonical":"https:\/\/trustywatches.com\/en\/product\/reloj-cartier-santos-con-esfera-verde-replica-diamantes-personalizados-moissanita-bv-de-fabrica-398-mm\/","og_locale":"en_US","og_type":"article","og_title":"Cartier Santos watch with green dial, replica, personalized diamonds, factory moissanite BV, 39.8 mm - Trustywatches","og_description":"ESPECIFICACIONES \u2013 GARANT\u00cdADE RELOJ CARTIER SANTOS GREEN COPIES  Especificaci\u00f3n Detalles  Tama\u00f1o 39.8 mm  Material Acero inoxidable + Moissnite  Correa Alambre met\u00e1lico + Moissanita  Movimiento Autom\u00e1tico \u2013 Calibre 324 SC  Cristal Zafiro macizo  Funciones Funcionalidad  Resistencia al agua Buena  Garant\u00eda 5 a\u00f1os en el Movimiento  Servicios Spa gratuito: lubricaci\u00f3n de m\u00e1quinas  Soporte Cambio a un precio excelente","og_url":"https:\/\/trustywatches.com\/en\/product\/reloj-cartier-santos-con-esfera-verde-replica-diamantes-personalizados-moissanita-bv-de-fabrica-398-mm\/","og_site_name":"Trustywatches","article_modified_time":"2026-03-05T06:45:34+00:00","og_image":[{"width":1920,"height":1920,"url":"https:\/\/trustywatches.com\/wp-content\/uploads\/2026\/01\/Dong-Ho-Cartier-Santos-Che-Tac-Dinh-Full-Kim-Cuong-Moissanite-Mat-Xanh-La-Cay-Xuong-BV-39-1.jpg","type":"image\/jpeg"}],"twitter_card":"summary_large_image","schema":{"@context":"https:\/\/schema.org","@graph":[{"@type":"WebPage","@id":"https:\/\/trustywatches.com\/product\/reloj-cartier-santos-con-esfera-verde-replica-diamantes-personalizados-moissanita-bv-de-fabrica-398-mm\/","url":"https:\/\/trustywatches.com\/product\/reloj-cartier-santos-con-esfera-verde-replica-diamantes-personalizados-moissanita-bv-de-fabrica-398-mm\/","name":"Cartier Santos watch with green dial, replica, personalized diamonds, factory moissanite BV, 39.8 mm - Trustywatches","isPartOf":{"@id":"https:\/\/trustywatches.com\/#website"},"primaryImageOfPage":{"@id":"https:\/\/trustywatches.com\/product\/reloj-cartier-santos-con-esfera-verde-replica-diamantes-personalizados-moissanita-bv-de-fabrica-398-mm\/#primaryimage"},"image":{"@id":"https:\/\/trustywatches.com\/product\/reloj-cartier-santos-con-esfera-verde-replica-diamantes-personalizados-moissanita-bv-de-fabrica-398-mm\/#primaryimage"},"thumbnailUrl":"https:\/\/trustywatches.com\/wp-content\/uploads\/2026\/01\/Dong-Ho-Cartier-Santos-Che-Tac-Dinh-Full-Kim-Cuong-Moissanite-Mat-Xanh-La-Cay-Xuong-BV-39-1.jpg","datePublished":"2026-01-14T10:15:48+00:00","dateModified":"2026-03-05T06:45:34+00:00","breadcrumb":{"@id":"https:\/\/trustywatches.com\/product\/reloj-cartier-santos-con-esfera-verde-replica-diamantes-personalizados-moissanita-bv-de-fabrica-398-mm\/#breadcrumb"},"inLanguage":"en-US","potentialAction":[{"@type":"ReadAction","target":["https:\/\/trustywatches.com\/product\/reloj-cartier-santos-con-esfera-verde-replica-diamantes-personalizados-moissanita-bv-de-fabrica-398-mm\/"]}]},{"@type":"ImageObject","inLanguage":"en-US","@id":"https:\/\/trustywatches.com\/product\/reloj-cartier-santos-con-esfera-verde-replica-diamantes-personalizados-moissanita-bv-de-fabrica-398-mm\/#primaryimage","url":"https:\/\/trustywatches.com\/wp-content\/uploads\/2026\/01\/Dong-Ho-Cartier-Santos-Che-Tac-Dinh-Full-Kim-Cuong-Moissanite-Mat-Xanh-La-Cay-Xuong-BV-39-1.jpg","contentUrl":"https:\/\/trustywatches.com\/wp-content\/uploads\/2026\/01\/Dong-Ho-Cartier-Santos-Che-Tac-Dinh-Full-Kim-Cuong-Moissanite-Mat-Xanh-La-Cay-Xuong-BV-39-1.jpg","width":1920,"height":1920},{"@type":"BreadcrumbList","@id":"https:\/\/trustywatches.com\/product\/reloj-cartier-santos-con-esfera-verde-replica-diamantes-personalizados-moissanita-bv-de-fabrica-398-mm\/#breadcrumb","itemListElement":[{"@type":"ListItem","position":1,"name":"Home","item":"https:\/\/trustywatches.com\/"},{"@type":"ListItem","position":2,"name":"TIENDA","item":"https:\/\/trustywatches.com\/tienda\/"},{"@type":"ListItem","position":3,"name":"Cartier Santos watch with green dial, replica, personalized diamonds, factory moissanite BV, 39.8 mm"}]},{"@type":"WebSite","@id":"https:\/\/trustywatches.com\/#website","url":"https:\/\/trustywatches.com\/","name":"Trustywatches","description":"","potentialAction":[{"@type":"SearchAction","target":{"@type":"EntryPoint","urlTemplate":"https:\/\/trustywatches.com\/?s={search_term_string}"},"query-input":{"@type":"PropertyValueSpecification","valueRequired":true,"valueName":"search_term_string"}}],"inLanguage":"en-US"}]}},"post_mailing_queue_ids":[],"_links":{"self":[{"href":"https:\/\/trustywatches.com\/en\/wp-json\/wp\/v2\/product\/22522","targetHints":{"allow":["GET"]}}],"collection":[{"href":"https:\/\/trustywatches.com\/en\/wp-json\/wp\/v2\/product"}],"about":[{"href":"https:\/\/trustywatches.com\/en\/wp-json\/wp\/v2\/types\/product"}],"replies":[{"embeddable":true,"href":"https:\/\/trustywatches.com\/en\/wp-json\/wp\/v2\/comments?post=22522"}],"wp:featuredmedia":[{"embeddable":true,"href":"https:\/\/trustywatches.com\/en\/wp-json\/wp\/v2\/media\/25472"}],"wp:attachment":[{"href":"https:\/\/trustywatches.com\/en\/wp-json\/wp\/v2\/media?parent=22522"}],"wp:term":[{"taxonomy":"product_brand","embeddable":true,"href":"https:\/\/trustywatches.com\/en\/wp-json\/wp\/v2\/product_brand?post=22522"},{"taxonomy":"product_cat","embeddable":true,"href":"https:\/\/trustywatches.com\/en\/wp-json\/wp\/v2\/product_cat?post=22522"},{"taxonomy":"product_tag","embeddable":true,"href":"https:\/\/trustywatches.com\/en\/wp-json\/wp\/v2\/product_tag?post=22522"}],"curies":[{"name":"wp","href":"https:\/\/api.w.org\/{rel}","templated":true}]}}