{"id":22526,"date":"2026-01-14T04:15:48","date_gmt":"2026-01-14T10:15:48","guid":{"rendered":"https:\/\/darkgreen-grouse-660966.hostingersite.com\/product\/audemars-piguet-royal-oak-15416ce-ceramica-negra-relojes-de-personalizacion-exclusivos-el-numero-1-del-mundo-41-mm\/"},"modified":"2026-03-05T00:45:34","modified_gmt":"2026-03-05T06:45:34","slug":"audemars-piguet-royal-oak-15416ce-ceramica-negra-relojes-de-personalizacion-exclusivos-el-numero-1-del-mundo-41-mm","status":"publish","type":"product","link":"https:\/\/trustywatches.com\/en\/product\/audemars-piguet-royal-oak-15416ce-ceramica-negra-relojes-de-personalizacion-exclusivos-el-numero-1-del-mundo-41-mm\/","title":{"rendered":"Audemars Piguet Royal Oak 15416CE Black ceramic, exclusive personalization watches, world number 1, 41 mm"},"content":{"rendered":"<div class=\"wp-video\" style=\"width: 720px;\"><!-- [if lt IE 9]>document.createElement('video');<![endif]--><br \/>\n<video id=\"video-0-1\" class=\"wp-video-shortcode\" preload=\"metadata\" controls=\"controls\" width=\"720\" height=\"1280\"><a href=\"https:\/\/kingreplica.com.vn\/wp-content\/uploads\/2025\/06\/Dong-Ho-Audemars-Piguet-Royal-Oak-15416CE-Tuy-Chinh-Gom-That-Doc-Quyen-VVIP-41mm-2.mp4\" target=\"_blank\" rel=\"noopener\">https:\/\/kingreplica.com.vn\/wp-content\/uploads\/2025\/06\/Dong-Ho-Audemars-Piguet-Royal-Oak-15416CE-Tuy-Chinh-Gom-That-Doc-Quyen-VVIP-41mm-2.mp4<\/a><\/video><\/div>\n","protected":false},"excerpt":{"rendered":"<h2><strong>ESPECIFICACIONES \u2013 GARANT\u00cdA<\/strong><strong>DE LOS RELOJES DE PERSONALIZACI\u00d3N EXCLUSIVOS DE AUDEMARS PIGUET<\/strong><\/h2>\n<table class=\"shop_attributes\" width=\"480\">\n<tbody>\n<tr>\n<th><strong>Especificaci\u00f3n<\/strong><\/th>\n<td><strong>Detalles<\/strong><\/td>\n<\/tr>\n<tr>\n<th><strong>Tama\u00f1o<\/strong><\/th>\n<td><strong>41 mm<\/strong><\/td>\n<\/tr>\n<tr>\n<th>Material<\/th>\n<td><strong>Cer\u00e1mica<\/strong><\/td>\n<\/tr>\n<tr>\n<th><strong>Correa<\/strong><\/th>\n<td><strong>Cer\u00e1mica<\/strong><\/td>\n<\/tr>\n<tr>\n<th><strong>Movimiento<\/strong><\/th>\n<td><strong>Personalizaci\u00f3n Movimiento autom\u00e1tico<br \/>\n<\/strong><\/td>\n<\/tr>\n<tr>\n<th><strong>Cristal<\/strong><\/th>\n<td><strong>Zafiro macizo<\/strong><\/td>\n<\/tr>\n<tr>\n<th><strong>Funciones<\/strong><\/th>\n<td><strong>Funcionalidad<\/strong><\/td>\n<\/tr>\n<tr>\n<th>Resistencia al agua<\/th>\n<td><strong><span class=\"text_exposed_show\">Buena<\/span><\/strong><\/td>\n<\/tr>\n<tr>\n<th>Garant\u00eda<\/th>\n<td><strong>5 a\u00f1os en el movimiento<\/strong><\/td>\n<\/tr>\n<tr>\n<th><strong>Servicios<\/strong><\/th>\n<td><strong>Spa gratuito &#8211; M\u00e1quina Lubricaci\u00f3n<br \/>\n<\/strong><\/td>\n<\/tr>\n<tr>\n<th><strong>Soporte<\/strong><\/th>\n<td><strong>Cambio a mejor precio<\/strong><\/td>\n<\/tr>\n<\/tbody>\n<\/table>","protected":false},"featured_media":43598,"comment_status":"open","ping_status":"closed","template":"","meta":{"iawp_total_views":8},"product_brand":[],"product_cat":[195,216],"product_tag":[452,459,465],"class_list":{"0":"post-22526","1":"product","2":"type-product","3":"status-publish","4":"has-post-thumbnail","6":"product_cat-audemars-piguet","7":"product_cat-audemars-piguet-royal-oak","8":"product_tag-replica-de-reloj","9":"product_tag-replica-de-reloj-audemars-piguet","10":"product_tag-replica-de-reloj-con-diamantes-y-oro","12":"first","13":"instock","14":"sale","15":"shipping-taxable","16":"purchasable","17":"product-type-simple"},"yoast_head":"<!-- This site is optimized with the Yoast SEO plugin v27.3 - https:\/\/yoast.com\/product\/yoast-seo-wordpress\/ -->\n<title>Audemars Piguet Royal Oak 15416CE Black ceramic, exclusive personalization watches, world number 1, 41 mm - Trustywatches<\/title>\n<meta name=\"robots\" content=\"index, follow, max-snippet:-1, max-image-preview:large, max-video-preview:-1\" \/>\n<link rel=\"canonical\" href=\"https:\/\/trustywatches.com\/en\/product\/audemars-piguet-royal-oak-15416ce-ceramica-negra-relojes-de-personalizacion-exclusivos-el-numero-1-del-mundo-41-mm\/\" \/>\n<meta property=\"og:locale\" content=\"en_US\" \/>\n<meta property=\"og:type\" content=\"article\" \/>\n<meta property=\"og:title\" content=\"Audemars Piguet Royal Oak 15416CE Black ceramic, exclusive personalization watches, world number 1, 41 mm - Trustywatches\" \/>\n<meta property=\"og:description\" content=\"ESPECIFICACIONES \u2013 GARANT\u00cdADE LOS RELOJES DE PERSONALIZACI\u00d3N EXCLUSIVOS DE AUDEMARS PIGUET    Especificaci\u00f3n Detalles   Tama\u00f1o 41 mm   Material Cer\u00e1mica   Correa Cer\u00e1mica   Movimiento Personalizaci\u00f3n Movimiento autom\u00e1tico    Cristal Zafiro macizo   Funciones Funcionalidad   Resistencia al agua Buena   Garant\u00eda 5 a\u00f1os en el movimiento   Servicios Spa gratuito - M\u00e1quina Lubricaci\u00f3n    Soporte Cambio a mejor precio\" \/>\n<meta property=\"og:url\" content=\"https:\/\/trustywatches.com\/en\/product\/audemars-piguet-royal-oak-15416ce-ceramica-negra-relojes-de-personalizacion-exclusivos-el-numero-1-del-mundo-41-mm\/\" \/>\n<meta property=\"og:site_name\" content=\"Trustywatches\" \/>\n<meta property=\"article:modified_time\" content=\"2026-03-05T06:45:34+00:00\" \/>\n<meta property=\"og:image\" content=\"https:\/\/trustywatches.com\/wp-content\/uploads\/2026\/01\/Dong-Ho-Audemars-Piguet-Royal-Oak-15416CE-Skeleton-Nha-May-THB-Che-Tac-41mm-8-600x600-1.webp\" \/>\n\t<meta property=\"og:image:width\" content=\"600\" \/>\n\t<meta property=\"og:image:height\" content=\"600\" \/>\n\t<meta property=\"og:image:type\" content=\"image\/webp\" \/>\n<meta name=\"twitter:card\" content=\"summary_large_image\" \/>\n<script type=\"application\/ld+json\" class=\"yoast-schema-graph\">{\"@context\":\"https:\\\/\\\/schema.org\",\"@graph\":[{\"@type\":\"WebPage\",\"@id\":\"https:\\\/\\\/trustywatches.com\\\/product\\\/audemars-piguet-royal-oak-15416ce-ceramica-negra-relojes-de-personalizacion-exclusivos-el-numero-1-del-mundo-41-mm\\\/\",\"url\":\"https:\\\/\\\/trustywatches.com\\\/product\\\/audemars-piguet-royal-oak-15416ce-ceramica-negra-relojes-de-personalizacion-exclusivos-el-numero-1-del-mundo-41-mm\\\/\",\"name\":\"Audemars Piguet Royal Oak 15416CE Black ceramic, exclusive personalization watches, world number 1, 41 mm - Trustywatches\",\"isPartOf\":{\"@id\":\"https:\\\/\\\/trustywatches.com\\\/#website\"},\"primaryImageOfPage\":{\"@id\":\"https:\\\/\\\/trustywatches.com\\\/product\\\/audemars-piguet-royal-oak-15416ce-ceramica-negra-relojes-de-personalizacion-exclusivos-el-numero-1-del-mundo-41-mm\\\/#primaryimage\"},\"image\":{\"@id\":\"https:\\\/\\\/trustywatches.com\\\/product\\\/audemars-piguet-royal-oak-15416ce-ceramica-negra-relojes-de-personalizacion-exclusivos-el-numero-1-del-mundo-41-mm\\\/#primaryimage\"},\"thumbnailUrl\":\"https:\\\/\\\/trustywatches.com\\\/wp-content\\\/uploads\\\/2026\\\/01\\\/Dong-Ho-Audemars-Piguet-Royal-Oak-15416CE-Skeleton-Nha-May-THB-Che-Tac-41mm-8-600x600-1.webp\",\"datePublished\":\"2026-01-14T10:15:48+00:00\",\"dateModified\":\"2026-03-05T06:45:34+00:00\",\"breadcrumb\":{\"@id\":\"https:\\\/\\\/trustywatches.com\\\/product\\\/audemars-piguet-royal-oak-15416ce-ceramica-negra-relojes-de-personalizacion-exclusivos-el-numero-1-del-mundo-41-mm\\\/#breadcrumb\"},\"inLanguage\":\"en-US\",\"potentialAction\":[{\"@type\":\"ReadAction\",\"target\":[\"https:\\\/\\\/trustywatches.com\\\/product\\\/audemars-piguet-royal-oak-15416ce-ceramica-negra-relojes-de-personalizacion-exclusivos-el-numero-1-del-mundo-41-mm\\\/\"]}]},{\"@type\":\"ImageObject\",\"inLanguage\":\"en-US\",\"@id\":\"https:\\\/\\\/trustywatches.com\\\/product\\\/audemars-piguet-royal-oak-15416ce-ceramica-negra-relojes-de-personalizacion-exclusivos-el-numero-1-del-mundo-41-mm\\\/#primaryimage\",\"url\":\"https:\\\/\\\/trustywatches.com\\\/wp-content\\\/uploads\\\/2026\\\/01\\\/Dong-Ho-Audemars-Piguet-Royal-Oak-15416CE-Skeleton-Nha-May-THB-Che-Tac-41mm-8-600x600-1.webp\",\"contentUrl\":\"https:\\\/\\\/trustywatches.com\\\/wp-content\\\/uploads\\\/2026\\\/01\\\/Dong-Ho-Audemars-Piguet-Royal-Oak-15416CE-Skeleton-Nha-May-THB-Che-Tac-41mm-8-600x600-1.webp\",\"width\":600,\"height\":600},{\"@type\":\"BreadcrumbList\",\"@id\":\"https:\\\/\\\/trustywatches.com\\\/product\\\/audemars-piguet-royal-oak-15416ce-ceramica-negra-relojes-de-personalizacion-exclusivos-el-numero-1-del-mundo-41-mm\\\/#breadcrumb\",\"itemListElement\":[{\"@type\":\"ListItem\",\"position\":1,\"name\":\"Home\",\"item\":\"https:\\\/\\\/trustywatches.com\\\/\"},{\"@type\":\"ListItem\",\"position\":2,\"name\":\"TIENDA\",\"item\":\"https:\\\/\\\/trustywatches.com\\\/tienda\\\/\"},{\"@type\":\"ListItem\",\"position\":3,\"name\":\"Audemars Piguet Royal Oak 15416CE Black ceramic, exclusive personalization watches, world number 1, 41 mm\"}]},{\"@type\":\"WebSite\",\"@id\":\"https:\\\/\\\/trustywatches.com\\\/#website\",\"url\":\"https:\\\/\\\/trustywatches.com\\\/\",\"name\":\"Trustywatches\",\"description\":\"\",\"potentialAction\":[{\"@type\":\"SearchAction\",\"target\":{\"@type\":\"EntryPoint\",\"urlTemplate\":\"https:\\\/\\\/trustywatches.com\\\/?s={search_term_string}\"},\"query-input\":{\"@type\":\"PropertyValueSpecification\",\"valueRequired\":true,\"valueName\":\"search_term_string\"}}],\"inLanguage\":\"en-US\"}]}<\/script>\n<!-- \/ Yoast SEO plugin. -->","yoast_head_json":{"title":"Audemars Piguet Royal Oak 15416CE Black ceramic, exclusive personalization watches, world number 1, 41 mm - Trustywatches","robots":{"index":"index","follow":"follow","max-snippet":"max-snippet:-1","max-image-preview":"max-image-preview:large","max-video-preview":"max-video-preview:-1"},"canonical":"https:\/\/trustywatches.com\/en\/product\/audemars-piguet-royal-oak-15416ce-ceramica-negra-relojes-de-personalizacion-exclusivos-el-numero-1-del-mundo-41-mm\/","og_locale":"en_US","og_type":"article","og_title":"Audemars Piguet Royal Oak 15416CE Black ceramic, exclusive personalization watches, world number 1, 41 mm - Trustywatches","og_description":"ESPECIFICACIONES \u2013 GARANT\u00cdADE LOS RELOJES DE PERSONALIZACI\u00d3N EXCLUSIVOS DE AUDEMARS PIGUET    Especificaci\u00f3n Detalles   Tama\u00f1o 41 mm   Material Cer\u00e1mica   Correa Cer\u00e1mica   Movimiento Personalizaci\u00f3n Movimiento autom\u00e1tico    Cristal Zafiro macizo   Funciones Funcionalidad   Resistencia al agua Buena   Garant\u00eda 5 a\u00f1os en el movimiento   Servicios Spa gratuito - M\u00e1quina Lubricaci\u00f3n    Soporte Cambio a mejor precio","og_url":"https:\/\/trustywatches.com\/en\/product\/audemars-piguet-royal-oak-15416ce-ceramica-negra-relojes-de-personalizacion-exclusivos-el-numero-1-del-mundo-41-mm\/","og_site_name":"Trustywatches","article_modified_time":"2026-03-05T06:45:34+00:00","og_image":[{"width":600,"height":600,"url":"https:\/\/trustywatches.com\/wp-content\/uploads\/2026\/01\/Dong-Ho-Audemars-Piguet-Royal-Oak-15416CE-Skeleton-Nha-May-THB-Che-Tac-41mm-8-600x600-1.webp","type":"image\/webp"}],"twitter_card":"summary_large_image","schema":{"@context":"https:\/\/schema.org","@graph":[{"@type":"WebPage","@id":"https:\/\/trustywatches.com\/product\/audemars-piguet-royal-oak-15416ce-ceramica-negra-relojes-de-personalizacion-exclusivos-el-numero-1-del-mundo-41-mm\/","url":"https:\/\/trustywatches.com\/product\/audemars-piguet-royal-oak-15416ce-ceramica-negra-relojes-de-personalizacion-exclusivos-el-numero-1-del-mundo-41-mm\/","name":"Audemars Piguet Royal Oak 15416CE Black ceramic, exclusive personalization watches, world number 1, 41 mm - Trustywatches","isPartOf":{"@id":"https:\/\/trustywatches.com\/#website"},"primaryImageOfPage":{"@id":"https:\/\/trustywatches.com\/product\/audemars-piguet-royal-oak-15416ce-ceramica-negra-relojes-de-personalizacion-exclusivos-el-numero-1-del-mundo-41-mm\/#primaryimage"},"image":{"@id":"https:\/\/trustywatches.com\/product\/audemars-piguet-royal-oak-15416ce-ceramica-negra-relojes-de-personalizacion-exclusivos-el-numero-1-del-mundo-41-mm\/#primaryimage"},"thumbnailUrl":"https:\/\/trustywatches.com\/wp-content\/uploads\/2026\/01\/Dong-Ho-Audemars-Piguet-Royal-Oak-15416CE-Skeleton-Nha-May-THB-Che-Tac-41mm-8-600x600-1.webp","datePublished":"2026-01-14T10:15:48+00:00","dateModified":"2026-03-05T06:45:34+00:00","breadcrumb":{"@id":"https:\/\/trustywatches.com\/product\/audemars-piguet-royal-oak-15416ce-ceramica-negra-relojes-de-personalizacion-exclusivos-el-numero-1-del-mundo-41-mm\/#breadcrumb"},"inLanguage":"en-US","potentialAction":[{"@type":"ReadAction","target":["https:\/\/trustywatches.com\/product\/audemars-piguet-royal-oak-15416ce-ceramica-negra-relojes-de-personalizacion-exclusivos-el-numero-1-del-mundo-41-mm\/"]}]},{"@type":"ImageObject","inLanguage":"en-US","@id":"https:\/\/trustywatches.com\/product\/audemars-piguet-royal-oak-15416ce-ceramica-negra-relojes-de-personalizacion-exclusivos-el-numero-1-del-mundo-41-mm\/#primaryimage","url":"https:\/\/trustywatches.com\/wp-content\/uploads\/2026\/01\/Dong-Ho-Audemars-Piguet-Royal-Oak-15416CE-Skeleton-Nha-May-THB-Che-Tac-41mm-8-600x600-1.webp","contentUrl":"https:\/\/trustywatches.com\/wp-content\/uploads\/2026\/01\/Dong-Ho-Audemars-Piguet-Royal-Oak-15416CE-Skeleton-Nha-May-THB-Che-Tac-41mm-8-600x600-1.webp","width":600,"height":600},{"@type":"BreadcrumbList","@id":"https:\/\/trustywatches.com\/product\/audemars-piguet-royal-oak-15416ce-ceramica-negra-relojes-de-personalizacion-exclusivos-el-numero-1-del-mundo-41-mm\/#breadcrumb","itemListElement":[{"@type":"ListItem","position":1,"name":"Home","item":"https:\/\/trustywatches.com\/"},{"@type":"ListItem","position":2,"name":"TIENDA","item":"https:\/\/trustywatches.com\/tienda\/"},{"@type":"ListItem","position":3,"name":"Audemars Piguet Royal Oak 15416CE Black ceramic, exclusive personalization watches, world number 1, 41 mm"}]},{"@type":"WebSite","@id":"https:\/\/trustywatches.com\/#website","url":"https:\/\/trustywatches.com\/","name":"Trustywatches","description":"","potentialAction":[{"@type":"SearchAction","target":{"@type":"EntryPoint","urlTemplate":"https:\/\/trustywatches.com\/?s={search_term_string}"},"query-input":{"@type":"PropertyValueSpecification","valueRequired":true,"valueName":"search_term_string"}}],"inLanguage":"en-US"}]}},"post_mailing_queue_ids":[],"_links":{"self":[{"href":"https:\/\/trustywatches.com\/en\/wp-json\/wp\/v2\/product\/22526","targetHints":{"allow":["GET"]}}],"collection":[{"href":"https:\/\/trustywatches.com\/en\/wp-json\/wp\/v2\/product"}],"about":[{"href":"https:\/\/trustywatches.com\/en\/wp-json\/wp\/v2\/types\/product"}],"replies":[{"embeddable":true,"href":"https:\/\/trustywatches.com\/en\/wp-json\/wp\/v2\/comments?post=22526"}],"wp:featuredmedia":[{"embeddable":true,"href":"https:\/\/trustywatches.com\/en\/wp-json\/wp\/v2\/media\/43598"}],"wp:attachment":[{"href":"https:\/\/trustywatches.com\/en\/wp-json\/wp\/v2\/media?parent=22526"}],"wp:term":[{"taxonomy":"product_brand","embeddable":true,"href":"https:\/\/trustywatches.com\/en\/wp-json\/wp\/v2\/product_brand?post=22526"},{"taxonomy":"product_cat","embeddable":true,"href":"https:\/\/trustywatches.com\/en\/wp-json\/wp\/v2\/product_cat?post=22526"},{"taxonomy":"product_tag","embeddable":true,"href":"https:\/\/trustywatches.com\/en\/wp-json\/wp\/v2\/product_tag?post=22526"}],"curies":[{"name":"wp","href":"https:\/\/api.w.org\/{rel}","templated":true}]}}