{"id":22540,"date":"2026-01-14T04:15:50","date_gmt":"2026-01-14T10:15:50","guid":{"rendered":"https:\/\/darkgreen-grouse-660966.hostingersite.com\/product\/replica-de-reloj-cartier-santos-dumont-wssa0022-para-hombre-correa-de-piel-negra-435-mm\/"},"modified":"2026-03-05T00:45:36","modified_gmt":"2026-03-05T06:45:36","slug":"replica-de-reloj-cartier-santos-dumont-wssa0022-para-hombre-correa-de-piel-negra-435-mm","status":"publish","type":"product","link":"https:\/\/trustywatches.com\/en\/product\/replica-de-reloj-cartier-santos-dumont-wssa0022-para-hombre-correa-de-piel-negra-435-mm\/","title":{"rendered":"Replica Cartier Santos Dumont WSSA0022 Men&#8217;s Watch, Black Leather Strap, 43.5mm"},"content":{"rendered":"<h2><strong>We present the Cartier Santos Dumont WSSA0022<\/strong><\/h2>\n<p><img fetchpriority=\"high\" decoding=\"async\" class=\"aligncenter size-large wp-image-36756\" src=\"https:\/\/kingreplica.com.vn\/wp-content\/uploads\/2025\/07\/Dong-Ho-Cartier-Santos-Dumont-WSSA0022-Rep-11-Nam-Day-Da-Mau-Xanh-Duong-AF-Factory-435mm-3-768x1024.jpg\" alt=\"??ng H? Cartier Santos Dumont WSSA0022 Rep 11 Nam Day Da M??u Xanh D??ng AF Factory 43.5 mm (1)\" width=\"768\" height=\"1024\" \/> wp-image-36755&#8243; src=&#8221;https:\/\/kingreplica.com.vn\/wp-content\/uploads\/2025\/07\/Dong-Ho-Cartier-Santos-Dumont-WSSA0022-Rep-11-Nam-Day-Da-Mau-Xanh-Duong-AF-Factory-435mm-2-768&#215;1024.jpg&#8221; alt=&#8221;Dong Ho Cartier Santos Dumont WSSA0022 Rep 11 Nam Day-Da-Mau Xanh Duong AF Factory 43.5 mm (1)&#8221; width=&#8221;768&#8243; height=&#8221;1024&#8243; \/> <img decoding=\"async\" class=\"aligncenter size-large wp-image-36760\" src=\"https:\/\/kingreplica.com.vn\/wp-content\/uploads\/2025\/07\/Dong-Ho-Cartier-Santos-Dumont-WSSA0022-Rep-11-Nam-Day-Da-Mau-Xanh-Duong-AF-Factory-435mm-7-768x1024.jpg\" alt=\"Dong Ho Cartier Santos Dumont WSSA0022 Rep 11 Nam Day-Da-Mau 36757\" width=\"768\" height=\"1024\" \/><\/p>","protected":false},"excerpt":{"rendered":"<h2><strong>ESPECIFICACIONES \u2013 GARANT\u00cdA<\/strong><strong>DE LOS RELOJES R\u00c9PLICA CARTIER SANTOS DUMONT WSSA0022<\/strong><\/h2>\n<table class=\"shop_attributes\" width=\"480\">\n<tbody>\n<tr>\n<th><strong>Especificaci\u00f3n<\/strong><\/th>\n<td><strong>Detalles<\/strong><\/td>\n<\/tr>\n<tr>\n<th><strong>Tama\u00f1o<\/strong><\/th>\n<td><strong>43,5 mm<\/strong><\/td>\n<\/tr>\n<tr>\n<th>Material<\/th>\n<td><strong>Acero inoxidable<\/strong><\/td>\n<\/tr>\n<tr>\n<th><strong>Correa<\/strong><\/th>\n<td><strong>Cuero Correa<\/strong><\/td>\n<\/tr>\n<tr>\n<th><strong>Movimiento<\/strong><\/th>\n<td><strong>Cuarzo &#8211; Fabricado en Suiza<br \/>\n<\/strong><\/td>\n<\/tr>\n<tr>\n<th><strong>Cristal<\/strong><\/th>\n<td><strong>Zafiro macizo<\/strong><\/td>\n<\/tr>\n<tr>\n<th><strong>Funciones<\/strong><\/th>\n<td><strong>Funcionalidad<\/strong><\/td>\n<\/tr>\n<tr>\n<th>Resistencia al agua<\/th>\n<td><strong><span class=\"text_exposed_show\">Buena<\/span><\/strong><\/td>\n<\/tr>\n<tr>\n<th>Garant\u00eda<\/th>\n<td><strong>5 a\u00f1os en el movimiento<\/strong><\/td>\n<\/tr>\n<tr>\n<th><strong>Servicios<\/strong><\/th>\n<td><strong>Spa gratuito &#8211; M\u00e1quina Lubricaci\u00f3n<br \/>\n<\/strong><\/td>\n<\/tr>\n<tr>\n<th><strong>Soporte<\/strong><\/th>\n<td><strong>Cambio a mejor precio<\/strong><\/td>\n<\/tr>\n<\/tbody>\n<\/table>","protected":false},"featured_media":25651,"comment_status":"open","ping_status":"closed","template":"","meta":{"iawp_total_views":2},"product_brand":[],"product_cat":[196,235],"product_tag":[452,464],"class_list":{"0":"post-22540","1":"product","2":"type-product","3":"status-publish","4":"has-post-thumbnail","6":"product_cat-cartier","7":"product_cat-santos","8":"product_tag-replica-de-reloj","9":"product_tag-replica-de-reloj-cartier","11":"first","12":"instock","13":"sale","14":"shipping-taxable","15":"purchasable","16":"product-type-simple"},"yoast_head":"<!-- This site is optimized with the Yoast SEO plugin v27.3 - https:\/\/yoast.com\/product\/yoast-seo-wordpress\/ -->\n<title>Replica Cartier Santos Dumont WSSA0022 Men&#039;s Watch, Black Leather Strap, 43.5mm - Trustywatches<\/title>\n<meta name=\"robots\" content=\"index, follow, max-snippet:-1, max-image-preview:large, max-video-preview:-1\" \/>\n<link rel=\"canonical\" href=\"https:\/\/trustywatches.com\/en\/product\/replica-de-reloj-cartier-santos-dumont-wssa0022-para-hombre-correa-de-piel-negra-435-mm\/\" \/>\n<meta property=\"og:locale\" content=\"en_US\" \/>\n<meta property=\"og:type\" content=\"article\" \/>\n<meta property=\"og:title\" content=\"Replica Cartier Santos Dumont WSSA0022 Men&#039;s Watch, Black Leather Strap, 43.5mm - Trustywatches\" \/>\n<meta property=\"og:description\" content=\"ESPECIFICACIONES \u2013 GARANT\u00cdADE LOS RELOJES R\u00c9PLICA CARTIER SANTOS DUMONT WSSA0022  Especificaci\u00f3n Detalles  Tama\u00f1o 43,5 mm  Material Acero inoxidable  Correa Cuero Correa  Movimiento Cuarzo - Fabricado en Suiza  Cristal Zafiro macizo  Funciones Funcionalidad  Resistencia al agua Buena  Garant\u00eda 5 a\u00f1os en el movimiento  Servicios Spa gratuito - M\u00e1quina Lubricaci\u00f3n  Soporte Cambio a mejor precio\" \/>\n<meta property=\"og:url\" content=\"https:\/\/trustywatches.com\/en\/product\/replica-de-reloj-cartier-santos-dumont-wssa0022-para-hombre-correa-de-piel-negra-435-mm\/\" \/>\n<meta property=\"og:site_name\" content=\"Trustywatches\" \/>\n<meta property=\"article:modified_time\" content=\"2026-03-05T06:45:36+00:00\" \/>\n<meta property=\"og:image\" content=\"https:\/\/trustywatches.com\/wp-content\/uploads\/2026\/01\/Dong-Ho-Cartier-Santos-Dumont-WSSA0022-Rep-11-Nam-Day-Da-Mau-Xanh-Duong-AF-Factory-435mm-3.jpg\" \/>\n\t<meta property=\"og:image:width\" content=\"1440\" \/>\n\t<meta property=\"og:image:height\" content=\"1920\" \/>\n\t<meta property=\"og:image:type\" content=\"image\/jpeg\" \/>\n<meta name=\"twitter:card\" content=\"summary_large_image\" \/>\n<script type=\"application\/ld+json\" class=\"yoast-schema-graph\">{\"@context\":\"https:\\\/\\\/schema.org\",\"@graph\":[{\"@type\":\"WebPage\",\"@id\":\"https:\\\/\\\/trustywatches.com\\\/product\\\/replica-de-reloj-cartier-santos-dumont-wssa0022-para-hombre-correa-de-piel-negra-435-mm\\\/\",\"url\":\"https:\\\/\\\/trustywatches.com\\\/product\\\/replica-de-reloj-cartier-santos-dumont-wssa0022-para-hombre-correa-de-piel-negra-435-mm\\\/\",\"name\":\"Replica Cartier Santos Dumont WSSA0022 Men's Watch, Black Leather Strap, 43.5mm - Trustywatches\",\"isPartOf\":{\"@id\":\"https:\\\/\\\/trustywatches.com\\\/#website\"},\"primaryImageOfPage\":{\"@id\":\"https:\\\/\\\/trustywatches.com\\\/product\\\/replica-de-reloj-cartier-santos-dumont-wssa0022-para-hombre-correa-de-piel-negra-435-mm\\\/#primaryimage\"},\"image\":{\"@id\":\"https:\\\/\\\/trustywatches.com\\\/product\\\/replica-de-reloj-cartier-santos-dumont-wssa0022-para-hombre-correa-de-piel-negra-435-mm\\\/#primaryimage\"},\"thumbnailUrl\":\"https:\\\/\\\/trustywatches.com\\\/wp-content\\\/uploads\\\/2026\\\/01\\\/Dong-Ho-Cartier-Santos-Dumont-WSSA0022-Rep-11-Nam-Day-Da-Mau-Xanh-Duong-AF-Factory-435mm-3.jpg\",\"datePublished\":\"2026-01-14T10:15:50+00:00\",\"dateModified\":\"2026-03-05T06:45:36+00:00\",\"breadcrumb\":{\"@id\":\"https:\\\/\\\/trustywatches.com\\\/product\\\/replica-de-reloj-cartier-santos-dumont-wssa0022-para-hombre-correa-de-piel-negra-435-mm\\\/#breadcrumb\"},\"inLanguage\":\"en-US\",\"potentialAction\":[{\"@type\":\"ReadAction\",\"target\":[\"https:\\\/\\\/trustywatches.com\\\/product\\\/replica-de-reloj-cartier-santos-dumont-wssa0022-para-hombre-correa-de-piel-negra-435-mm\\\/\"]}]},{\"@type\":\"ImageObject\",\"inLanguage\":\"en-US\",\"@id\":\"https:\\\/\\\/trustywatches.com\\\/product\\\/replica-de-reloj-cartier-santos-dumont-wssa0022-para-hombre-correa-de-piel-negra-435-mm\\\/#primaryimage\",\"url\":\"https:\\\/\\\/trustywatches.com\\\/wp-content\\\/uploads\\\/2026\\\/01\\\/Dong-Ho-Cartier-Santos-Dumont-WSSA0022-Rep-11-Nam-Day-Da-Mau-Xanh-Duong-AF-Factory-435mm-3.jpg\",\"contentUrl\":\"https:\\\/\\\/trustywatches.com\\\/wp-content\\\/uploads\\\/2026\\\/01\\\/Dong-Ho-Cartier-Santos-Dumont-WSSA0022-Rep-11-Nam-Day-Da-Mau-Xanh-Duong-AF-Factory-435mm-3.jpg\",\"width\":1440,\"height\":1920},{\"@type\":\"BreadcrumbList\",\"@id\":\"https:\\\/\\\/trustywatches.com\\\/product\\\/replica-de-reloj-cartier-santos-dumont-wssa0022-para-hombre-correa-de-piel-negra-435-mm\\\/#breadcrumb\",\"itemListElement\":[{\"@type\":\"ListItem\",\"position\":1,\"name\":\"Home\",\"item\":\"https:\\\/\\\/trustywatches.com\\\/\"},{\"@type\":\"ListItem\",\"position\":2,\"name\":\"TIENDA\",\"item\":\"https:\\\/\\\/trustywatches.com\\\/tienda\\\/\"},{\"@type\":\"ListItem\",\"position\":3,\"name\":\"Replica Cartier Santos Dumont WSSA0022 Men&#8217;s Watch, Black Leather Strap, 43.5mm\"}]},{\"@type\":\"WebSite\",\"@id\":\"https:\\\/\\\/trustywatches.com\\\/#website\",\"url\":\"https:\\\/\\\/trustywatches.com\\\/\",\"name\":\"Trustywatches\",\"description\":\"\",\"potentialAction\":[{\"@type\":\"SearchAction\",\"target\":{\"@type\":\"EntryPoint\",\"urlTemplate\":\"https:\\\/\\\/trustywatches.com\\\/?s={search_term_string}\"},\"query-input\":{\"@type\":\"PropertyValueSpecification\",\"valueRequired\":true,\"valueName\":\"search_term_string\"}}],\"inLanguage\":\"en-US\"}]}<\/script>\n<!-- \/ Yoast SEO plugin. -->","yoast_head_json":{"title":"Replica Cartier Santos Dumont WSSA0022 Men's Watch, Black Leather Strap, 43.5mm - Trustywatches","robots":{"index":"index","follow":"follow","max-snippet":"max-snippet:-1","max-image-preview":"max-image-preview:large","max-video-preview":"max-video-preview:-1"},"canonical":"https:\/\/trustywatches.com\/en\/product\/replica-de-reloj-cartier-santos-dumont-wssa0022-para-hombre-correa-de-piel-negra-435-mm\/","og_locale":"en_US","og_type":"article","og_title":"Replica Cartier Santos Dumont WSSA0022 Men's Watch, Black Leather Strap, 43.5mm - Trustywatches","og_description":"ESPECIFICACIONES \u2013 GARANT\u00cdADE LOS RELOJES R\u00c9PLICA CARTIER SANTOS DUMONT WSSA0022  Especificaci\u00f3n Detalles  Tama\u00f1o 43,5 mm  Material Acero inoxidable  Correa Cuero Correa  Movimiento Cuarzo - Fabricado en Suiza  Cristal Zafiro macizo  Funciones Funcionalidad  Resistencia al agua Buena  Garant\u00eda 5 a\u00f1os en el movimiento  Servicios Spa gratuito - M\u00e1quina Lubricaci\u00f3n  Soporte Cambio a mejor precio","og_url":"https:\/\/trustywatches.com\/en\/product\/replica-de-reloj-cartier-santos-dumont-wssa0022-para-hombre-correa-de-piel-negra-435-mm\/","og_site_name":"Trustywatches","article_modified_time":"2026-03-05T06:45:36+00:00","og_image":[{"width":1440,"height":1920,"url":"https:\/\/trustywatches.com\/wp-content\/uploads\/2026\/01\/Dong-Ho-Cartier-Santos-Dumont-WSSA0022-Rep-11-Nam-Day-Da-Mau-Xanh-Duong-AF-Factory-435mm-3.jpg","type":"image\/jpeg"}],"twitter_card":"summary_large_image","schema":{"@context":"https:\/\/schema.org","@graph":[{"@type":"WebPage","@id":"https:\/\/trustywatches.com\/product\/replica-de-reloj-cartier-santos-dumont-wssa0022-para-hombre-correa-de-piel-negra-435-mm\/","url":"https:\/\/trustywatches.com\/product\/replica-de-reloj-cartier-santos-dumont-wssa0022-para-hombre-correa-de-piel-negra-435-mm\/","name":"Replica Cartier Santos Dumont WSSA0022 Men's Watch, Black Leather Strap, 43.5mm - Trustywatches","isPartOf":{"@id":"https:\/\/trustywatches.com\/#website"},"primaryImageOfPage":{"@id":"https:\/\/trustywatches.com\/product\/replica-de-reloj-cartier-santos-dumont-wssa0022-para-hombre-correa-de-piel-negra-435-mm\/#primaryimage"},"image":{"@id":"https:\/\/trustywatches.com\/product\/replica-de-reloj-cartier-santos-dumont-wssa0022-para-hombre-correa-de-piel-negra-435-mm\/#primaryimage"},"thumbnailUrl":"https:\/\/trustywatches.com\/wp-content\/uploads\/2026\/01\/Dong-Ho-Cartier-Santos-Dumont-WSSA0022-Rep-11-Nam-Day-Da-Mau-Xanh-Duong-AF-Factory-435mm-3.jpg","datePublished":"2026-01-14T10:15:50+00:00","dateModified":"2026-03-05T06:45:36+00:00","breadcrumb":{"@id":"https:\/\/trustywatches.com\/product\/replica-de-reloj-cartier-santos-dumont-wssa0022-para-hombre-correa-de-piel-negra-435-mm\/#breadcrumb"},"inLanguage":"en-US","potentialAction":[{"@type":"ReadAction","target":["https:\/\/trustywatches.com\/product\/replica-de-reloj-cartier-santos-dumont-wssa0022-para-hombre-correa-de-piel-negra-435-mm\/"]}]},{"@type":"ImageObject","inLanguage":"en-US","@id":"https:\/\/trustywatches.com\/product\/replica-de-reloj-cartier-santos-dumont-wssa0022-para-hombre-correa-de-piel-negra-435-mm\/#primaryimage","url":"https:\/\/trustywatches.com\/wp-content\/uploads\/2026\/01\/Dong-Ho-Cartier-Santos-Dumont-WSSA0022-Rep-11-Nam-Day-Da-Mau-Xanh-Duong-AF-Factory-435mm-3.jpg","contentUrl":"https:\/\/trustywatches.com\/wp-content\/uploads\/2026\/01\/Dong-Ho-Cartier-Santos-Dumont-WSSA0022-Rep-11-Nam-Day-Da-Mau-Xanh-Duong-AF-Factory-435mm-3.jpg","width":1440,"height":1920},{"@type":"BreadcrumbList","@id":"https:\/\/trustywatches.com\/product\/replica-de-reloj-cartier-santos-dumont-wssa0022-para-hombre-correa-de-piel-negra-435-mm\/#breadcrumb","itemListElement":[{"@type":"ListItem","position":1,"name":"Home","item":"https:\/\/trustywatches.com\/"},{"@type":"ListItem","position":2,"name":"TIENDA","item":"https:\/\/trustywatches.com\/tienda\/"},{"@type":"ListItem","position":3,"name":"Replica Cartier Santos Dumont WSSA0022 Men&#8217;s Watch, Black Leather Strap, 43.5mm"}]},{"@type":"WebSite","@id":"https:\/\/trustywatches.com\/#website","url":"https:\/\/trustywatches.com\/","name":"Trustywatches","description":"","potentialAction":[{"@type":"SearchAction","target":{"@type":"EntryPoint","urlTemplate":"https:\/\/trustywatches.com\/?s={search_term_string}"},"query-input":{"@type":"PropertyValueSpecification","valueRequired":true,"valueName":"search_term_string"}}],"inLanguage":"en-US"}]}},"post_mailing_queue_ids":[],"_links":{"self":[{"href":"https:\/\/trustywatches.com\/en\/wp-json\/wp\/v2\/product\/22540","targetHints":{"allow":["GET"]}}],"collection":[{"href":"https:\/\/trustywatches.com\/en\/wp-json\/wp\/v2\/product"}],"about":[{"href":"https:\/\/trustywatches.com\/en\/wp-json\/wp\/v2\/types\/product"}],"replies":[{"embeddable":true,"href":"https:\/\/trustywatches.com\/en\/wp-json\/wp\/v2\/comments?post=22540"}],"wp:featuredmedia":[{"embeddable":true,"href":"https:\/\/trustywatches.com\/en\/wp-json\/wp\/v2\/media\/25651"}],"wp:attachment":[{"href":"https:\/\/trustywatches.com\/en\/wp-json\/wp\/v2\/media?parent=22540"}],"wp:term":[{"taxonomy":"product_brand","embeddable":true,"href":"https:\/\/trustywatches.com\/en\/wp-json\/wp\/v2\/product_brand?post=22540"},{"taxonomy":"product_cat","embeddable":true,"href":"https:\/\/trustywatches.com\/en\/wp-json\/wp\/v2\/product_cat?post=22540"},{"taxonomy":"product_tag","embeddable":true,"href":"https:\/\/trustywatches.com\/en\/wp-json\/wp\/v2\/product_tag?post=22540"}],"curies":[{"name":"wp","href":"https:\/\/api.w.org\/{rel}","templated":true}]}}