{"id":22543,"date":"2026-01-14T04:15:50","date_gmt":"2026-01-14T10:15:50","guid":{"rendered":"https:\/\/darkgreen-grouse-660966.hostingersite.com\/product\/replica-de-relojes-cartier-tank-para-hombre-movimiento-de-cuarzo-af-factory-31-x-40-mm\/"},"modified":"2026-03-05T00:45:36","modified_gmt":"2026-03-05T06:45:36","slug":"replica-de-relojes-cartier-tank-para-hombre-movimiento-de-cuarzo-af-factory-31-x-40-mm","status":"publish","type":"product","link":"https:\/\/trustywatches.com\/en\/product\/replica-de-relojes-cartier-tank-para-hombre-movimiento-de-cuarzo-af-factory-31-x-40-mm\/","title":{"rendered":"Replica Cartier Tank Men&#8217;s Watches, AF Factory Quartz Movement, 31 x 40 mm"},"content":{"rendered":"<h2><strong>We present the Cartier Tank<\/strong><\/h2>\n<p><img fetchpriority=\"high\" decoding=\"async\" class=\"aligncenter size-large wp-image-36784\" src=\"https:\/\/kingreplica.com.vn\/wp-content\/uploads\/2025\/07\/Dong-Ho-Cartier-Tank-Replica-11-Nam-Dinh-Da-May-Pin-Nha-May-AF-31x40mm-4-768x1024.jpg\" alt=\"??ng H? Cartier Tank Replica 11 Nam ???nh ??? M??y Pin Nh?? M??y AF 31x40mm (1)\" width=\"768\" height=\"1024\" \/> <img decoding=\"async\" class=\"aligncenter size-large wp-image-36789\" src=\"https:\/\/kingreplica.com.vn\/wp-content\/uploads\/2025\/07\/Dong-Ho-Cartier-Tank-Replica-11-Nam-Dinh-Da-May-Pin-Nha-May-AF-31x40mm-9-768x1024.jpg\" alt=\"??ng H? Cartier Tank Replica 11 Nam ???nh ??? M??y Pin Nh?? M??y AF 31x40mm (1)\" width=\"768\" height=\"1024\" \/> <img decoding=\"async\" class=\"aligncenter size-large wp-image-36788\" src=\"https:\/\/kingreplica.com.vn\/wp-content\/uploads\/2025\/07\/Dong-Ho-Cartier-Tank-Replica-11-Nam-Dinh-Da-May-Pin-Nha-May-AF-31x40mm-8-768x1024.jpg\" alt=\"??ng H? Cartier Tank Replica 11 Nam ???nh ??? M??y Pin Nh?? M??y AF 31x40mm (1)\" width=\"768\" height=\"1024\" \/> <img loading=\"lazy\" decoding=\"async\" class=\"aligncenter size-large wp-image-36781\" src=\"https:\/\/kingreplica.com.vn\/wp-content\/uploads\/2025\/07\/Dong-Ho-Cartier-Tank-Replica-11-Nam-Dinh-Da-May-Pin-Nha-May-AF-31x40mm-1-768x1024.jpg\" alt=\"??ng H? Cartier Tank Replica 11 Nam ???nh ??? M??y Pin Nh?? M??y AF 31x40mm (1)\" width=\"768\" height=\"1024\" \/> <img loading=\"lazy\" decoding=\"async\" class=\"aligncenter size-large wp-image-36790\" src=\"https:\/\/kingreplica.com.vn\/wp-content\/uploads\/2025\/07\/Dong-Ho-Cartier-Tank-Replica-11-Nam-Dinh-Da-May-Pin-Nha-May-AF-31x40mm-10-768x1024.jpg\" alt=\"??ng H? Cartier Tank Replica 11 Nam ???nh ??? M??y Pin Nh?? M??y AF 31x40mm (1)\" width=\"768\" height=\"1024\" \/> <img loading=\"lazy\" decoding=\"async\" class=\"aligncenter size-large wp-image-36786\" src=\"https:\/\/kingreplica.com.vn\/wp-content\/uploads\/2025\/07\/Dong-Ho-Cartier-Tank-Replica-11-Nam-Dinh-Da-May-Pin-Nha-May-AF-31x40mm-6-768x1024.jpg\" alt=\"??ng H? Cartier Tank Replica 11 Nam ???nh ??? M??y Pin Nh?? M??y AF 31x40mm (1)\" width=\"768\" height=\"1024\" \/> <img loading=\"lazy\" decoding=\"async\" class=\"aligncenter size-large wp-image-36783\" src=\"https:\/\/kingreplica.com.vn\/wp-content\/uploads\/2025\/07\/Dong-Ho-Cartier-Tank-Replica-11-Nam-Dinh-Da-May-Pin-Nha-May-AF-31x40mm-3-768x1024.jpg\" alt=\"??ng H? Cartier Tank Replica 11 Nam ???nh ??? M??y Pin Nh?? M??y AF 31x40mm (1)\" width=\"768\" height=\"1024\" \/> <img loading=\"lazy\" decoding=\"async\" class=\"aligncenter size-large wp-image-36785\" src=\"https:\/\/kingreplica.com.vn\/wp-content\/uploads\/2025\/07\/Dong-Ho-Cartier-Tank-Replica-11-Nam-Dinh-Da-May-Pin-Nha-May-AF-31x40mm-5-768x1024.jpg\" alt=\"??ng H? Cartier Tank Replica 11 Nam ???nh ??? M??y Pin Nh?? M??y AF 31x40mm (1)\" width=\"768\" height=\"1024\" \/> <img loading=\"lazy\" decoding=\"async\" class=\"aligncenter size-large wp-image-36787\" src=\"https:\/\/kingreplica.com.vn\/wp-content\/uploads\/2025\/07\/Dong-Ho-Cartier-Tank-Replica-11-Nam-Dinh-Da-May-Pin-Nha-May-AF-31x40mm-7-768x1024.jpg\" alt=\"??ng H? Cartier Tank Replica 11 Nam ???nh ??? M??y Pin Nh?? M??y AF 31x40mm (1)\" width=\"768\" height=\"1024\" \/> <img loading=\"lazy\" decoding=\"async\" class=\"aligncenter size-large wp-image-36782\" src=\"https:\/\/kingreplica.com.vn\/wp-content\/uploads\/2025\/07\/Dong-Ho-Cartier-Tank-Replica-11-Nam-Dinh-Da-May-Pin-Nha-May-AF-31x40mm-2-768x1024.jpg\" alt=\"??ng H? Cartier Tank Replica 11 Nam ???nh ??? M??y Pin Nh?? M??y AF 31x40mm (1)\" width=\"768\" height=\"1024\" \/><\/p>","protected":false},"excerpt":{"rendered":"<div class=\"encabezado del panel\">\n<h4 class=\"panel-title\"><strong>TH\u00d4NG S\u1ed0 \u2013 B\u1ea2O H\u00c0NH<\/strong><\/h4>\n<\/div>\n<div id=\"textarea_simple1\" class=\"colapso de panel colapsar en\">\n<div class=\"cuerpo-panel\">\n<table class=\"atributos_tienda\">\n<tcuerpo><\/p>\n<tr>\n<th>K\u00edch th\u01b0\u1edbc<\/th>\n<td><strong>31x40mm<\/strong><\/td>\n<\/tr>\n<tr>\n<th>Ch\u1ea5t li\u1ec7u<\/th>\n<td><strong>T\u00e9p kh\u00f4ng g\u1ec9<\/strong><\/td>\n<\/tr>\n<tr>\n<th>D\u00e2y \u0111eo<\/th>\n<td><strong>D\u00eda kim lo\u1ea1i<\/strong><\/td>\n<\/tr>\n<tr>\n<th>B\u1ed9 mayo<\/th>\n<td><strong>Cuarzo (m\u00e1y pin)<\/strong><\/td>\n<\/tr>\n<tr>\n<th>M\u1eb7t k\u00ednh<\/th>\n<td><strong>Zafiro nguy\u00ean kh\u1ed1i<\/strong><\/td>\n<\/tr>\n<tr>\n<th>Ch\u1ee9c n\u0103ng<\/th>\n<td><strong>Completo contenido<\/strong><\/td>\n<\/tr>\n<tr>\n<th>\u0110\u1ed9 ch\u1ecbu n\u01b0\u1edbc<\/th>\n<td><strong>T\u1ed1t<\/strong><\/td>\n<\/tr>\n<tr>\n<th>Boo h\u00e0nh<\/th>\n<td><strong>B\u1ea3o h\u00e0nh 5 n\u0103m \u2013 H\u1ed7 tr\u1ee3 tr\u1ecdn \u0111\u1eddi m\u00e1y <\/strong><\/td>\n<\/tr>\n<tr>\n<th>D\u1ecbch v\u1ee5<\/th>\n<td><strong>Thay pin \u0111\u1ed3ng h\u1ed3 \u2013 Spa l\u00e0m m\u1edbi mi\u1ec5n ph\u00ed <\/strong><\/td>\n<\/tr>\n<tr>\n<th>H\u1ed7 tr\u1ee3<\/th>\n<td><strong>Thu c\u0169 \u0111\u1ed5i m\u1edbi \u2013 L\u00ean \u0111\u1eddi \u0111\u1ed3ng h\u1ed3 gi\u00e1 t\u1ed1t <\/strong><\/td>\n<\/tr>\n<tr>\n<th>H\u1ed7 <\/th>\n<td><strong>H\u1ed7 tr\u1ee3 s\u1eeda ch\u1eefa \u2013 Thay th\u1ebf linh ki\u1ec7n<\/strong><\/td>\n<\/tr>\n<\/tbody>\n<p><\/tabla>\n<\/div>\n<\/div>","protected":false},"featured_media":25678,"comment_status":"open","ping_status":"closed","template":"","meta":{"iawp_total_views":11},"product_brand":[],"product_cat":[196,238],"product_tag":[452,464],"class_list":{"0":"post-22543","1":"product","2":"type-product","3":"status-publish","4":"has-post-thumbnail","6":"product_cat-cartier","7":"product_cat-tank","8":"product_tag-replica-de-reloj","9":"product_tag-replica-de-reloj-cartier","11":"first","12":"instock","13":"sale","14":"shipping-taxable","15":"purchasable","16":"product-type-simple"},"yoast_head":"<!-- This site is optimized with the Yoast SEO plugin v27.3 - https:\/\/yoast.com\/product\/yoast-seo-wordpress\/ -->\n<title>Replica Cartier Tank Men&#039;s Watches, AF Factory Quartz Movement, 31 x 40 mm - Trustywatches<\/title>\n<meta name=\"robots\" content=\"index, follow, max-snippet:-1, max-image-preview:large, max-video-preview:-1\" \/>\n<link rel=\"canonical\" href=\"https:\/\/trustywatches.com\/en\/product\/replica-de-relojes-cartier-tank-para-hombre-movimiento-de-cuarzo-af-factory-31-x-40-mm\/\" \/>\n<meta property=\"og:locale\" content=\"en_US\" \/>\n<meta property=\"og:type\" content=\"article\" \/>\n<meta property=\"og:title\" content=\"Replica Cartier Tank Men&#039;s Watches, AF Factory Quartz Movement, 31 x 40 mm - Trustywatches\" \/>\n<meta property=\"og:description\" content=\"TH\u00d4NG S\u1ed0 \u2013 B\u1ea2O H\u00c0NH    K\u00edch th\u01b0\u1edbc 31x40mm  Ch\u1ea5t li\u1ec7u T\u00e9p kh\u00f4ng g\u1ec9  D\u00e2y \u0111eo D\u00eda kim lo\u1ea1i  B\u1ed9 mayo Cuarzo (m\u00e1y pin)  M\u1eb7t k\u00ednh Zafiro nguy\u00ean kh\u1ed1i  Ch\u1ee9c n\u0103ng Completo contenido  \u0110\u1ed9 ch\u1ecbu n\u01b0\u1edbc T\u1ed1t  Boo h\u00e0nh B\u1ea3o h\u00e0nh 5 n\u0103m \u2013 H\u1ed7 tr\u1ee3 tr\u1ecdn \u0111\u1eddi m\u00e1y  D\u1ecbch v\u1ee5 Thay pin \u0111\u1ed3ng h\u1ed3 \u2013 Spa l\u00e0m m\u1edbi mi\u1ec5n ph\u00ed  H\u1ed7 tr\u1ee3 Thu c\u0169 \u0111\u1ed5i m\u1edbi \u2013 L\u00ean \u0111\u1eddi \u0111\u1ed3ng h\u1ed3 gi\u00e1 t\u1ed1t  H\u1ed7 H\u1ed7 tr\u1ee3 s\u1eeda ch\u1eefa \u2013 Thay th\u1ebf linh ki\u1ec7n\" \/>\n<meta property=\"og:url\" content=\"https:\/\/trustywatches.com\/en\/product\/replica-de-relojes-cartier-tank-para-hombre-movimiento-de-cuarzo-af-factory-31-x-40-mm\/\" \/>\n<meta property=\"og:site_name\" content=\"Trustywatches\" \/>\n<meta property=\"article:modified_time\" content=\"2026-03-05T06:45:36+00:00\" \/>\n<meta property=\"og:image\" content=\"https:\/\/trustywatches.com\/wp-content\/uploads\/2026\/01\/Dong-Ho-Cartier-Tank-Replica-11-Nam-Dinh-Da-May-Pin-Nha-May-AF-31x40mm-4.jpg\" \/>\n\t<meta property=\"og:image:width\" content=\"1440\" \/>\n\t<meta property=\"og:image:height\" content=\"1920\" \/>\n\t<meta property=\"og:image:type\" content=\"image\/jpeg\" \/>\n<meta name=\"twitter:card\" content=\"summary_large_image\" \/>\n<script type=\"application\/ld+json\" class=\"yoast-schema-graph\">{\"@context\":\"https:\\\/\\\/schema.org\",\"@graph\":[{\"@type\":\"WebPage\",\"@id\":\"https:\\\/\\\/trustywatches.com\\\/en\\\/product\\\/replica-de-relojes-cartier-tank-para-hombre-movimiento-de-cuarzo-af-factory-31-x-40-mm\\\/\",\"url\":\"https:\\\/\\\/trustywatches.com\\\/en\\\/product\\\/replica-de-relojes-cartier-tank-para-hombre-movimiento-de-cuarzo-af-factory-31-x-40-mm\\\/\",\"name\":\"Replica Cartier Tank Men's Watches, AF Factory Quartz Movement, 31 x 40 mm - Trustywatches\",\"isPartOf\":{\"@id\":\"https:\\\/\\\/trustywatches.com\\\/#website\"},\"primaryImageOfPage\":{\"@id\":\"https:\\\/\\\/trustywatches.com\\\/en\\\/product\\\/replica-de-relojes-cartier-tank-para-hombre-movimiento-de-cuarzo-af-factory-31-x-40-mm\\\/#primaryimage\"},\"image\":{\"@id\":\"https:\\\/\\\/trustywatches.com\\\/en\\\/product\\\/replica-de-relojes-cartier-tank-para-hombre-movimiento-de-cuarzo-af-factory-31-x-40-mm\\\/#primaryimage\"},\"thumbnailUrl\":\"https:\\\/\\\/trustywatches.com\\\/wp-content\\\/uploads\\\/2026\\\/01\\\/Dong-Ho-Cartier-Tank-Replica-11-Nam-Dinh-Da-May-Pin-Nha-May-AF-31x40mm-4.jpg\",\"datePublished\":\"2026-01-14T10:15:50+00:00\",\"dateModified\":\"2026-03-05T06:45:36+00:00\",\"breadcrumb\":{\"@id\":\"https:\\\/\\\/trustywatches.com\\\/en\\\/product\\\/replica-de-relojes-cartier-tank-para-hombre-movimiento-de-cuarzo-af-factory-31-x-40-mm\\\/#breadcrumb\"},\"inLanguage\":\"en-US\",\"potentialAction\":[{\"@type\":\"ReadAction\",\"target\":[\"https:\\\/\\\/trustywatches.com\\\/en\\\/product\\\/replica-de-relojes-cartier-tank-para-hombre-movimiento-de-cuarzo-af-factory-31-x-40-mm\\\/\"]}]},{\"@type\":\"ImageObject\",\"inLanguage\":\"en-US\",\"@id\":\"https:\\\/\\\/trustywatches.com\\\/en\\\/product\\\/replica-de-relojes-cartier-tank-para-hombre-movimiento-de-cuarzo-af-factory-31-x-40-mm\\\/#primaryimage\",\"url\":\"https:\\\/\\\/trustywatches.com\\\/wp-content\\\/uploads\\\/2026\\\/01\\\/Dong-Ho-Cartier-Tank-Replica-11-Nam-Dinh-Da-May-Pin-Nha-May-AF-31x40mm-4.jpg\",\"contentUrl\":\"https:\\\/\\\/trustywatches.com\\\/wp-content\\\/uploads\\\/2026\\\/01\\\/Dong-Ho-Cartier-Tank-Replica-11-Nam-Dinh-Da-May-Pin-Nha-May-AF-31x40mm-4.jpg\",\"width\":1440,\"height\":1920},{\"@type\":\"BreadcrumbList\",\"@id\":\"https:\\\/\\\/trustywatches.com\\\/en\\\/product\\\/replica-de-relojes-cartier-tank-para-hombre-movimiento-de-cuarzo-af-factory-31-x-40-mm\\\/#breadcrumb\",\"itemListElement\":[{\"@type\":\"ListItem\",\"position\":1,\"name\":\"Home\",\"item\":\"https:\\\/\\\/trustywatches.com\\\/\"},{\"@type\":\"ListItem\",\"position\":2,\"name\":\"TIENDA\",\"item\":\"https:\\\/\\\/trustywatches.com\\\/tienda\\\/\"},{\"@type\":\"ListItem\",\"position\":3,\"name\":\"Replica Cartier Tank Men&#8217;s Watches, AF Factory Quartz Movement, 31 x 40 mm\"}]},{\"@type\":\"WebSite\",\"@id\":\"https:\\\/\\\/trustywatches.com\\\/#website\",\"url\":\"https:\\\/\\\/trustywatches.com\\\/\",\"name\":\"Trustywatches\",\"description\":\"\",\"potentialAction\":[{\"@type\":\"SearchAction\",\"target\":{\"@type\":\"EntryPoint\",\"urlTemplate\":\"https:\\\/\\\/trustywatches.com\\\/?s={search_term_string}\"},\"query-input\":{\"@type\":\"PropertyValueSpecification\",\"valueRequired\":true,\"valueName\":\"search_term_string\"}}],\"inLanguage\":\"en-US\"}]}<\/script>\n<!-- \/ Yoast SEO plugin. -->","yoast_head_json":{"title":"Replica Cartier Tank Men's Watches, AF Factory Quartz Movement, 31 x 40 mm - Trustywatches","robots":{"index":"index","follow":"follow","max-snippet":"max-snippet:-1","max-image-preview":"max-image-preview:large","max-video-preview":"max-video-preview:-1"},"canonical":"https:\/\/trustywatches.com\/en\/product\/replica-de-relojes-cartier-tank-para-hombre-movimiento-de-cuarzo-af-factory-31-x-40-mm\/","og_locale":"en_US","og_type":"article","og_title":"Replica Cartier Tank Men's Watches, AF Factory Quartz Movement, 31 x 40 mm - Trustywatches","og_description":"TH\u00d4NG S\u1ed0 \u2013 B\u1ea2O H\u00c0NH    K\u00edch th\u01b0\u1edbc 31x40mm  Ch\u1ea5t li\u1ec7u T\u00e9p kh\u00f4ng g\u1ec9  D\u00e2y \u0111eo D\u00eda kim lo\u1ea1i  B\u1ed9 mayo Cuarzo (m\u00e1y pin)  M\u1eb7t k\u00ednh Zafiro nguy\u00ean kh\u1ed1i  Ch\u1ee9c n\u0103ng Completo contenido  \u0110\u1ed9 ch\u1ecbu n\u01b0\u1edbc T\u1ed1t  Boo h\u00e0nh B\u1ea3o h\u00e0nh 5 n\u0103m \u2013 H\u1ed7 tr\u1ee3 tr\u1ecdn \u0111\u1eddi m\u00e1y  D\u1ecbch v\u1ee5 Thay pin \u0111\u1ed3ng h\u1ed3 \u2013 Spa l\u00e0m m\u1edbi mi\u1ec5n ph\u00ed  H\u1ed7 tr\u1ee3 Thu c\u0169 \u0111\u1ed5i m\u1edbi \u2013 L\u00ean \u0111\u1eddi \u0111\u1ed3ng h\u1ed3 gi\u00e1 t\u1ed1t  H\u1ed7 H\u1ed7 tr\u1ee3 s\u1eeda ch\u1eefa \u2013 Thay th\u1ebf linh ki\u1ec7n","og_url":"https:\/\/trustywatches.com\/en\/product\/replica-de-relojes-cartier-tank-para-hombre-movimiento-de-cuarzo-af-factory-31-x-40-mm\/","og_site_name":"Trustywatches","article_modified_time":"2026-03-05T06:45:36+00:00","og_image":[{"width":1440,"height":1920,"url":"https:\/\/trustywatches.com\/wp-content\/uploads\/2026\/01\/Dong-Ho-Cartier-Tank-Replica-11-Nam-Dinh-Da-May-Pin-Nha-May-AF-31x40mm-4.jpg","type":"image\/jpeg"}],"twitter_card":"summary_large_image","schema":{"@context":"https:\/\/schema.org","@graph":[{"@type":"WebPage","@id":"https:\/\/trustywatches.com\/en\/product\/replica-de-relojes-cartier-tank-para-hombre-movimiento-de-cuarzo-af-factory-31-x-40-mm\/","url":"https:\/\/trustywatches.com\/en\/product\/replica-de-relojes-cartier-tank-para-hombre-movimiento-de-cuarzo-af-factory-31-x-40-mm\/","name":"Replica Cartier Tank Men's Watches, AF Factory Quartz Movement, 31 x 40 mm - Trustywatches","isPartOf":{"@id":"https:\/\/trustywatches.com\/#website"},"primaryImageOfPage":{"@id":"https:\/\/trustywatches.com\/en\/product\/replica-de-relojes-cartier-tank-para-hombre-movimiento-de-cuarzo-af-factory-31-x-40-mm\/#primaryimage"},"image":{"@id":"https:\/\/trustywatches.com\/en\/product\/replica-de-relojes-cartier-tank-para-hombre-movimiento-de-cuarzo-af-factory-31-x-40-mm\/#primaryimage"},"thumbnailUrl":"https:\/\/trustywatches.com\/wp-content\/uploads\/2026\/01\/Dong-Ho-Cartier-Tank-Replica-11-Nam-Dinh-Da-May-Pin-Nha-May-AF-31x40mm-4.jpg","datePublished":"2026-01-14T10:15:50+00:00","dateModified":"2026-03-05T06:45:36+00:00","breadcrumb":{"@id":"https:\/\/trustywatches.com\/en\/product\/replica-de-relojes-cartier-tank-para-hombre-movimiento-de-cuarzo-af-factory-31-x-40-mm\/#breadcrumb"},"inLanguage":"en-US","potentialAction":[{"@type":"ReadAction","target":["https:\/\/trustywatches.com\/en\/product\/replica-de-relojes-cartier-tank-para-hombre-movimiento-de-cuarzo-af-factory-31-x-40-mm\/"]}]},{"@type":"ImageObject","inLanguage":"en-US","@id":"https:\/\/trustywatches.com\/en\/product\/replica-de-relojes-cartier-tank-para-hombre-movimiento-de-cuarzo-af-factory-31-x-40-mm\/#primaryimage","url":"https:\/\/trustywatches.com\/wp-content\/uploads\/2026\/01\/Dong-Ho-Cartier-Tank-Replica-11-Nam-Dinh-Da-May-Pin-Nha-May-AF-31x40mm-4.jpg","contentUrl":"https:\/\/trustywatches.com\/wp-content\/uploads\/2026\/01\/Dong-Ho-Cartier-Tank-Replica-11-Nam-Dinh-Da-May-Pin-Nha-May-AF-31x40mm-4.jpg","width":1440,"height":1920},{"@type":"BreadcrumbList","@id":"https:\/\/trustywatches.com\/en\/product\/replica-de-relojes-cartier-tank-para-hombre-movimiento-de-cuarzo-af-factory-31-x-40-mm\/#breadcrumb","itemListElement":[{"@type":"ListItem","position":1,"name":"Home","item":"https:\/\/trustywatches.com\/"},{"@type":"ListItem","position":2,"name":"TIENDA","item":"https:\/\/trustywatches.com\/tienda\/"},{"@type":"ListItem","position":3,"name":"Replica Cartier Tank Men&#8217;s Watches, AF Factory Quartz Movement, 31 x 40 mm"}]},{"@type":"WebSite","@id":"https:\/\/trustywatches.com\/#website","url":"https:\/\/trustywatches.com\/","name":"Trustywatches","description":"","potentialAction":[{"@type":"SearchAction","target":{"@type":"EntryPoint","urlTemplate":"https:\/\/trustywatches.com\/?s={search_term_string}"},"query-input":{"@type":"PropertyValueSpecification","valueRequired":true,"valueName":"search_term_string"}}],"inLanguage":"en-US"}]}},"post_mailing_queue_ids":[],"_links":{"self":[{"href":"https:\/\/trustywatches.com\/en\/wp-json\/wp\/v2\/product\/22543","targetHints":{"allow":["GET"]}}],"collection":[{"href":"https:\/\/trustywatches.com\/en\/wp-json\/wp\/v2\/product"}],"about":[{"href":"https:\/\/trustywatches.com\/en\/wp-json\/wp\/v2\/types\/product"}],"replies":[{"embeddable":true,"href":"https:\/\/trustywatches.com\/en\/wp-json\/wp\/v2\/comments?post=22543"}],"wp:featuredmedia":[{"embeddable":true,"href":"https:\/\/trustywatches.com\/en\/wp-json\/wp\/v2\/media\/25678"}],"wp:attachment":[{"href":"https:\/\/trustywatches.com\/en\/wp-json\/wp\/v2\/media?parent=22543"}],"wp:term":[{"taxonomy":"product_brand","embeddable":true,"href":"https:\/\/trustywatches.com\/en\/wp-json\/wp\/v2\/product_brand?post=22543"},{"taxonomy":"product_cat","embeddable":true,"href":"https:\/\/trustywatches.com\/en\/wp-json\/wp\/v2\/product_cat?post=22543"},{"taxonomy":"product_tag","embeddable":true,"href":"https:\/\/trustywatches.com\/en\/wp-json\/wp\/v2\/product_tag?post=22543"}],"curies":[{"name":"wp","href":"https:\/\/api.w.org\/{rel}","templated":true}]}}