{"id":22546,"date":"2026-01-14T04:15:50","date_gmt":"2026-01-14T10:15:50","guid":{"rendered":"https:\/\/darkgreen-grouse-660966.hostingersite.com\/product\/replica-de-relojes-omega-seamaster-300-heritage-con-esfera-azul-y-alambre-de-metal-vs-fabrica-41-mm\/"},"modified":"2026-03-05T00:45:36","modified_gmt":"2026-03-05T06:45:36","slug":"replica-de-relojes-omega-seamaster-300-heritage-con-esfera-azul-y-alambre-de-metal-vs-fabrica-41-mm","status":"publish","type":"product","link":"https:\/\/trustywatches.com\/en\/product\/replica-de-relojes-omega-seamaster-300-heritage-con-esfera-azul-y-alambre-de-metal-vs-fabrica-41-mm\/","title":{"rendered":"Replica Omega Seamaster 300 Heritage watches with blue dial and metal wire (vs. factory, 41 mm)"},"content":{"rendered":"<h2><strong>Presentation of replica Omega watches<\/strong><\/h2>\n<div style=\"width: 720px\" class=\"wp-video\"><!--[if lt IE 9]>document.createElement('video');<![endif]--><br \/>\n<video class=\"wp-video-shortcode\" id=\"video-0-1\" width=\"720\" height=\"1280\" preload=\"metadata\" controls=\"controls\"><a href=\"https:\/\/kingreplica.com.vn\/wp-content\/uploads\/2025\/07\/Dong-Ho-Omega-Replica-Cao-Cap-Seamaster-300-Heritage-Mat-Xanh-Xuong-VS-41mm-1.mp4\" target=\"_blank\" rel=\"noopener\">https:\/\/kingreplica.com.vn\/wp-content\/uploads\/2025\/07\/Dong-Ho-Omega-Replica-Cao-Cap-Seamaster-300-Heritage-Mat-Xanh-Xuong-VS-41mm-1.mp4<\/a><\/video><\/div>\n<p><img fetchpriority=\"high\" decoding=\"async\" class=\"aligncenter size-large wp-image-36898\" src=\"https:\/\/kingreplica.com.vn\/wp-content\/uploads\/2025\/07\/Dong-Ho-Omega-Replica-Cao-Cap-Seamaster-300-Heritage-Mat-Xanh-Xuong-VS-41mm-1-1024x1024.jpg\" alt=\"Replica Omega Cao C?p Seamaster 300 Heritage M?t Xanhhttps:\/\/kingreplica.com.vn\/wp-content\/uploads\/2025\/07\/Dong-Ho-Omega-Replica-Cao-Cap-Seamaster-300-Heritage-Mat-Xanh-Xuong-VS-41mm-9-1024x1024.jpg\" alt=\"Replica Omega Cao C?p Seamaster 300 Heritage M?t Xanh X??ng VS 41 mm (2)\" width=\"1020\" height=\"1020\" \/> <img decoding=\"async\" class=\"aligncenter size-large wp-image-36894\" src=\"https:\/\/kingreplica.com.vn\/wp-content\/uploads\/2025\/07\/Dong-Ho-Omega-Replica-Cao-Cap-Seamaster-300-Heritage-Mat-Xanh-Xuong-VS-41mm-8-1024x1024.jpg\" alt=\"Replica Omega Cao C?p Seamaster 300 Heritage M?t Xanh class=\"aligncenter size-large wp-image-36897\" src=\"https:\/\/kingreplica.com.vn\/wp-content\/uploads\/2025\/07\/Dong-Ho-Omega-Replica-Cao-Cap-Seamaster-300-Heritage-Mat-Xanh-Xuong-VS-41mm-11-1024x1024.jpg\" alt=\"??ng H? Omega Replica Cao C?p Seamaster 300 Heritage M?t Xanh src=\"https:\/\/kingreplica.com.vn\/wp-content\/uploads\/2025\/07\/Dong-Ho-Omega-Replica-Cao-Cap-Seamaster-300-Heritage-Mat-Xanh-Xuong-VS-41mm-10-1024x1024.jpg\" alt=\"??ng H? Omega Replica Cao C?p Seamaster 300 Heritage M?t Xanh X??ng VS 41 mm (2)\" width=\"1020\" height=\"1020\" \/> <img decoding=\"async\" class=\"aligncenter size-large wp-image-36893\" src=\"https:\/\/kingreplica.com.vn\/wp-content\/uploads\/2025\/07\/Dong-Ho-Omega-Replica-Cao-Cap-Seamaster-300-Heritage-Mat-Xanh-Xuong-VS-41mm-7-1024x1024.jpg\" alt=\"Replica Omega Cao C?p Seamaster 300 Heritage M?t Xanh X??ng VS 41 mm (2)\" width=\"1020\" height=\" 1020\" \/><\/p>\n","protected":false},"excerpt":{"rendered":"<h2><strong>ESPECIFICACIONES \u2013 GARANT\u00cdA<\/strong><strong>DE LOS RELOJES R\u00c9PLICA OMEGA<\/strong><\/h2>\n<table class=\"shop_attributes\" width=\"480\">\n<tbody>\n<tr>\n<th><strong>Especificaci\u00f3n<\/strong><\/th>\n<td><strong>Detalles<\/strong><\/td>\n<\/tr>\n<tr>\n<th><strong>Tama\u00f1o<\/strong><\/th>\n<td><strong>41 mm<\/strong><\/td>\n<\/tr>\n<tr>\n<th>Material<\/th>\n<td><strong>Acero inoxidable<\/strong><\/td>\n<\/tr>\n<tr>\n<th><strong>Correa<\/strong><\/th>\n<td><strong>Correa met\u00e1lica<\/strong><\/td>\n<\/tr>\n<tr>\n<th><strong>Movimiento<\/strong><\/th>\n<td><strong>Autom\u00e1tico \u2013 Calibre 8912<\/strong><\/td>\n<\/tr>\n<tr>\n<th><strong>Cristal<\/strong><\/th>\n<td><strong>Zafiro macizo<\/strong><\/td>\n<\/tr>\n<tr>\n<th><strong>Funciones<\/strong><\/th>\n<td><strong>Funcionalidad<\/strong><\/td>\n<\/tr>\n<tr>\n<th>Resistencia al agua<\/th>\n<td><strong><span class=\"text_exposed_show\">Buena<\/span><\/strong><\/td>\n<\/tr>\n<tr>\n<th>Garant\u00eda<\/th>\n<td><strong>5 a\u00f1os en el movimiento<\/strong><\/td>\n<\/tr>\n<tr>\n<th><strong>Servicios<\/strong><\/th>\n<td><strong>Spa gratuito &#8211; M\u00e1quina Lubricaci\u00f3n<br \/>\n<\/strong><\/td>\n<\/tr>\n<tr>\n<th><strong>Soporte<\/strong><\/th>\n<td><strong>Cambio a mejor precio<\/strong><\/td>\n<\/tr>\n<\/tbody>\n<\/table>","protected":false},"featured_media":25706,"comment_status":"open","ping_status":"closed","template":"","meta":{"iawp_total_views":1},"product_brand":[],"product_cat":[194,214],"product_tag":[452,451],"class_list":{"0":"post-22546","1":"product","2":"type-product","3":"status-publish","4":"has-post-thumbnail","6":"product_cat-omega","7":"product_cat-speedmaster","8":"product_tag-replica-de-reloj","9":"product_tag-replica-de-reloj-omega","11":"first","12":"outofstock","13":"sale","14":"shipping-taxable","15":"purchasable","16":"product-type-simple"},"yoast_head":"<!-- This site is optimized with the Yoast SEO plugin v27.3 - https:\/\/yoast.com\/product\/yoast-seo-wordpress\/ -->\n<title>Replica Omega Seamaster 300 Heritage watches with blue dial and metal wire (vs. factory, 41 mm) - Trustywatches<\/title>\n<meta name=\"robots\" content=\"index, follow, max-snippet:-1, max-image-preview:large, max-video-preview:-1\" \/>\n<link rel=\"canonical\" href=\"https:\/\/trustywatches.com\/en\/product\/replica-de-relojes-omega-seamaster-300-heritage-con-esfera-azul-y-alambre-de-metal-vs-fabrica-41-mm\/\" \/>\n<meta property=\"og:locale\" content=\"en_US\" \/>\n<meta property=\"og:type\" content=\"article\" \/>\n<meta property=\"og:title\" content=\"Replica Omega Seamaster 300 Heritage watches with blue dial and metal wire (vs. factory, 41 mm) - Trustywatches\" \/>\n<meta property=\"og:description\" content=\"ESPECIFICACIONES \u2013 GARANT\u00cdADE LOS RELOJES R\u00c9PLICA OMEGA  Especificaci\u00f3n Detalles  Tama\u00f1o 41 mm  Material Acero inoxidable  Correa Correa met\u00e1lica  Movimiento Autom\u00e1tico \u2013 Calibre 8912  Cristal Zafiro macizo  Funciones Funcionalidad  Resistencia al agua Buena  Garant\u00eda 5 a\u00f1os en el movimiento  Servicios Spa gratuito - M\u00e1quina Lubricaci\u00f3n  Soporte Cambio a mejor precio\" \/>\n<meta property=\"og:url\" content=\"https:\/\/trustywatches.com\/en\/product\/replica-de-relojes-omega-seamaster-300-heritage-con-esfera-azul-y-alambre-de-metal-vs-fabrica-41-mm\/\" \/>\n<meta property=\"og:site_name\" content=\"Trustywatches\" \/>\n<meta property=\"article:modified_time\" content=\"2026-03-05T06:45:36+00:00\" \/>\n<meta property=\"og:image\" content=\"https:\/\/trustywatches.com\/wp-content\/uploads\/2026\/01\/Dong-Ho-Omega-Replica-Cao-Cap-Seamaster-300-Heritage-Mat-Xanh-Xuong-VS-41mm-1.jpg\" \/>\n\t<meta property=\"og:image:width\" content=\"1920\" \/>\n\t<meta property=\"og:image:height\" content=\"1920\" \/>\n\t<meta property=\"og:image:type\" content=\"image\/jpeg\" \/>\n<meta name=\"twitter:card\" content=\"summary_large_image\" \/>\n<script type=\"application\/ld+json\" class=\"yoast-schema-graph\">{\"@context\":\"https:\\\/\\\/schema.org\",\"@graph\":[{\"@type\":\"WebPage\",\"@id\":\"https:\\\/\\\/trustywatches.com\\\/en\\\/product\\\/replica-de-relojes-omega-seamaster-300-heritage-con-esfera-azul-y-alambre-de-metal-vs-fabrica-41-mm\\\/\",\"url\":\"https:\\\/\\\/trustywatches.com\\\/en\\\/product\\\/replica-de-relojes-omega-seamaster-300-heritage-con-esfera-azul-y-alambre-de-metal-vs-fabrica-41-mm\\\/\",\"name\":\"Replica Omega Seamaster 300 Heritage watches with blue dial and metal wire (vs. factory, 41 mm) - Trustywatches\",\"isPartOf\":{\"@id\":\"https:\\\/\\\/trustywatches.com\\\/#website\"},\"primaryImageOfPage\":{\"@id\":\"https:\\\/\\\/trustywatches.com\\\/en\\\/product\\\/replica-de-relojes-omega-seamaster-300-heritage-con-esfera-azul-y-alambre-de-metal-vs-fabrica-41-mm\\\/#primaryimage\"},\"image\":{\"@id\":\"https:\\\/\\\/trustywatches.com\\\/en\\\/product\\\/replica-de-relojes-omega-seamaster-300-heritage-con-esfera-azul-y-alambre-de-metal-vs-fabrica-41-mm\\\/#primaryimage\"},\"thumbnailUrl\":\"https:\\\/\\\/trustywatches.com\\\/wp-content\\\/uploads\\\/2026\\\/01\\\/Dong-Ho-Omega-Replica-Cao-Cap-Seamaster-300-Heritage-Mat-Xanh-Xuong-VS-41mm-1.jpg\",\"datePublished\":\"2026-01-14T10:15:50+00:00\",\"dateModified\":\"2026-03-05T06:45:36+00:00\",\"breadcrumb\":{\"@id\":\"https:\\\/\\\/trustywatches.com\\\/en\\\/product\\\/replica-de-relojes-omega-seamaster-300-heritage-con-esfera-azul-y-alambre-de-metal-vs-fabrica-41-mm\\\/#breadcrumb\"},\"inLanguage\":\"en-US\",\"potentialAction\":[{\"@type\":\"ReadAction\",\"target\":[\"https:\\\/\\\/trustywatches.com\\\/en\\\/product\\\/replica-de-relojes-omega-seamaster-300-heritage-con-esfera-azul-y-alambre-de-metal-vs-fabrica-41-mm\\\/\"]}]},{\"@type\":\"ImageObject\",\"inLanguage\":\"en-US\",\"@id\":\"https:\\\/\\\/trustywatches.com\\\/en\\\/product\\\/replica-de-relojes-omega-seamaster-300-heritage-con-esfera-azul-y-alambre-de-metal-vs-fabrica-41-mm\\\/#primaryimage\",\"url\":\"https:\\\/\\\/trustywatches.com\\\/wp-content\\\/uploads\\\/2026\\\/01\\\/Dong-Ho-Omega-Replica-Cao-Cap-Seamaster-300-Heritage-Mat-Xanh-Xuong-VS-41mm-1.jpg\",\"contentUrl\":\"https:\\\/\\\/trustywatches.com\\\/wp-content\\\/uploads\\\/2026\\\/01\\\/Dong-Ho-Omega-Replica-Cao-Cap-Seamaster-300-Heritage-Mat-Xanh-Xuong-VS-41mm-1.jpg\",\"width\":1920,\"height\":1920},{\"@type\":\"BreadcrumbList\",\"@id\":\"https:\\\/\\\/trustywatches.com\\\/en\\\/product\\\/replica-de-relojes-omega-seamaster-300-heritage-con-esfera-azul-y-alambre-de-metal-vs-fabrica-41-mm\\\/#breadcrumb\",\"itemListElement\":[{\"@type\":\"ListItem\",\"position\":1,\"name\":\"Home\",\"item\":\"https:\\\/\\\/trustywatches.com\\\/\"},{\"@type\":\"ListItem\",\"position\":2,\"name\":\"TIENDA\",\"item\":\"https:\\\/\\\/trustywatches.com\\\/tienda\\\/\"},{\"@type\":\"ListItem\",\"position\":3,\"name\":\"Replica Omega Seamaster 300 Heritage watches with blue dial and metal wire (vs. factory, 41 mm)\"}]},{\"@type\":\"WebSite\",\"@id\":\"https:\\\/\\\/trustywatches.com\\\/#website\",\"url\":\"https:\\\/\\\/trustywatches.com\\\/\",\"name\":\"Trustywatches\",\"description\":\"\",\"potentialAction\":[{\"@type\":\"SearchAction\",\"target\":{\"@type\":\"EntryPoint\",\"urlTemplate\":\"https:\\\/\\\/trustywatches.com\\\/?s={search_term_string}\"},\"query-input\":{\"@type\":\"PropertyValueSpecification\",\"valueRequired\":true,\"valueName\":\"search_term_string\"}}],\"inLanguage\":\"en-US\"}]}<\/script>\n<!-- \/ Yoast SEO plugin. -->","yoast_head_json":{"title":"Replica Omega Seamaster 300 Heritage watches with blue dial and metal wire (vs. factory, 41 mm) - Trustywatches","robots":{"index":"index","follow":"follow","max-snippet":"max-snippet:-1","max-image-preview":"max-image-preview:large","max-video-preview":"max-video-preview:-1"},"canonical":"https:\/\/trustywatches.com\/en\/product\/replica-de-relojes-omega-seamaster-300-heritage-con-esfera-azul-y-alambre-de-metal-vs-fabrica-41-mm\/","og_locale":"en_US","og_type":"article","og_title":"Replica Omega Seamaster 300 Heritage watches with blue dial and metal wire (vs. factory, 41 mm) - Trustywatches","og_description":"ESPECIFICACIONES \u2013 GARANT\u00cdADE LOS RELOJES R\u00c9PLICA OMEGA  Especificaci\u00f3n Detalles  Tama\u00f1o 41 mm  Material Acero inoxidable  Correa Correa met\u00e1lica  Movimiento Autom\u00e1tico \u2013 Calibre 8912  Cristal Zafiro macizo  Funciones Funcionalidad  Resistencia al agua Buena  Garant\u00eda 5 a\u00f1os en el movimiento  Servicios Spa gratuito - M\u00e1quina Lubricaci\u00f3n  Soporte Cambio a mejor precio","og_url":"https:\/\/trustywatches.com\/en\/product\/replica-de-relojes-omega-seamaster-300-heritage-con-esfera-azul-y-alambre-de-metal-vs-fabrica-41-mm\/","og_site_name":"Trustywatches","article_modified_time":"2026-03-05T06:45:36+00:00","og_image":[{"width":1920,"height":1920,"url":"https:\/\/trustywatches.com\/wp-content\/uploads\/2026\/01\/Dong-Ho-Omega-Replica-Cao-Cap-Seamaster-300-Heritage-Mat-Xanh-Xuong-VS-41mm-1.jpg","type":"image\/jpeg"}],"twitter_card":"summary_large_image","schema":{"@context":"https:\/\/schema.org","@graph":[{"@type":"WebPage","@id":"https:\/\/trustywatches.com\/en\/product\/replica-de-relojes-omega-seamaster-300-heritage-con-esfera-azul-y-alambre-de-metal-vs-fabrica-41-mm\/","url":"https:\/\/trustywatches.com\/en\/product\/replica-de-relojes-omega-seamaster-300-heritage-con-esfera-azul-y-alambre-de-metal-vs-fabrica-41-mm\/","name":"Replica Omega Seamaster 300 Heritage watches with blue dial and metal wire (vs. factory, 41 mm) - Trustywatches","isPartOf":{"@id":"https:\/\/trustywatches.com\/#website"},"primaryImageOfPage":{"@id":"https:\/\/trustywatches.com\/en\/product\/replica-de-relojes-omega-seamaster-300-heritage-con-esfera-azul-y-alambre-de-metal-vs-fabrica-41-mm\/#primaryimage"},"image":{"@id":"https:\/\/trustywatches.com\/en\/product\/replica-de-relojes-omega-seamaster-300-heritage-con-esfera-azul-y-alambre-de-metal-vs-fabrica-41-mm\/#primaryimage"},"thumbnailUrl":"https:\/\/trustywatches.com\/wp-content\/uploads\/2026\/01\/Dong-Ho-Omega-Replica-Cao-Cap-Seamaster-300-Heritage-Mat-Xanh-Xuong-VS-41mm-1.jpg","datePublished":"2026-01-14T10:15:50+00:00","dateModified":"2026-03-05T06:45:36+00:00","breadcrumb":{"@id":"https:\/\/trustywatches.com\/en\/product\/replica-de-relojes-omega-seamaster-300-heritage-con-esfera-azul-y-alambre-de-metal-vs-fabrica-41-mm\/#breadcrumb"},"inLanguage":"en-US","potentialAction":[{"@type":"ReadAction","target":["https:\/\/trustywatches.com\/en\/product\/replica-de-relojes-omega-seamaster-300-heritage-con-esfera-azul-y-alambre-de-metal-vs-fabrica-41-mm\/"]}]},{"@type":"ImageObject","inLanguage":"en-US","@id":"https:\/\/trustywatches.com\/en\/product\/replica-de-relojes-omega-seamaster-300-heritage-con-esfera-azul-y-alambre-de-metal-vs-fabrica-41-mm\/#primaryimage","url":"https:\/\/trustywatches.com\/wp-content\/uploads\/2026\/01\/Dong-Ho-Omega-Replica-Cao-Cap-Seamaster-300-Heritage-Mat-Xanh-Xuong-VS-41mm-1.jpg","contentUrl":"https:\/\/trustywatches.com\/wp-content\/uploads\/2026\/01\/Dong-Ho-Omega-Replica-Cao-Cap-Seamaster-300-Heritage-Mat-Xanh-Xuong-VS-41mm-1.jpg","width":1920,"height":1920},{"@type":"BreadcrumbList","@id":"https:\/\/trustywatches.com\/en\/product\/replica-de-relojes-omega-seamaster-300-heritage-con-esfera-azul-y-alambre-de-metal-vs-fabrica-41-mm\/#breadcrumb","itemListElement":[{"@type":"ListItem","position":1,"name":"Home","item":"https:\/\/trustywatches.com\/"},{"@type":"ListItem","position":2,"name":"TIENDA","item":"https:\/\/trustywatches.com\/tienda\/"},{"@type":"ListItem","position":3,"name":"Replica Omega Seamaster 300 Heritage watches with blue dial and metal wire (vs. factory, 41 mm)"}]},{"@type":"WebSite","@id":"https:\/\/trustywatches.com\/#website","url":"https:\/\/trustywatches.com\/","name":"Trustywatches","description":"","potentialAction":[{"@type":"SearchAction","target":{"@type":"EntryPoint","urlTemplate":"https:\/\/trustywatches.com\/?s={search_term_string}"},"query-input":{"@type":"PropertyValueSpecification","valueRequired":true,"valueName":"search_term_string"}}],"inLanguage":"en-US"}]}},"post_mailing_queue_ids":[],"_links":{"self":[{"href":"https:\/\/trustywatches.com\/en\/wp-json\/wp\/v2\/product\/22546","targetHints":{"allow":["GET"]}}],"collection":[{"href":"https:\/\/trustywatches.com\/en\/wp-json\/wp\/v2\/product"}],"about":[{"href":"https:\/\/trustywatches.com\/en\/wp-json\/wp\/v2\/types\/product"}],"replies":[{"embeddable":true,"href":"https:\/\/trustywatches.com\/en\/wp-json\/wp\/v2\/comments?post=22546"}],"wp:featuredmedia":[{"embeddable":true,"href":"https:\/\/trustywatches.com\/en\/wp-json\/wp\/v2\/media\/25706"}],"wp:attachment":[{"href":"https:\/\/trustywatches.com\/en\/wp-json\/wp\/v2\/media?parent=22546"}],"wp:term":[{"taxonomy":"product_brand","embeddable":true,"href":"https:\/\/trustywatches.com\/en\/wp-json\/wp\/v2\/product_brand?post=22546"},{"taxonomy":"product_cat","embeddable":true,"href":"https:\/\/trustywatches.com\/en\/wp-json\/wp\/v2\/product_cat?post=22546"},{"taxonomy":"product_tag","embeddable":true,"href":"https:\/\/trustywatches.com\/en\/wp-json\/wp\/v2\/product_tag?post=22546"}],"curies":[{"name":"wp","href":"https:\/\/api.w.org\/{rel}","templated":true}]}}