{"id":22563,"date":"2026-01-14T04:15:52","date_gmt":"2026-01-14T10:15:52","guid":{"rendered":"https:\/\/darkgreen-grouse-660966.hostingersite.com\/product\/audemars-piguet-royal-oak-77450-relojes-falsos-con-esfera-tiffany-alambre-de-metal-om-factory-34-mm\/"},"modified":"2026-03-05T00:45:38","modified_gmt":"2026-03-05T06:45:38","slug":"audemars-piguet-royal-oak-77450-relojes-falsos-con-esfera-tiffany-alambre-de-metal-om-factory-34-mm","status":"publish","type":"product","link":"https:\/\/trustywatches.com\/en\/product\/audemars-piguet-royal-oak-77450-relojes-falsos-con-esfera-tiffany-alambre-de-metal-om-factory-34-mm\/","title":{"rendered":"[hot-selling model]Audemars Piguet Royal Oak 77450 Fake Watches with Tiffany Dial, Metal Wire, OM Factory, 34mm"},"content":{"rendered":"<h2><strong>We present the fake watches Audemars Piguet Royal Oak 77450<\/strong><\/h2>\n<p><img fetchpriority=\"high\" decoding=\"async\" class=\"aligncenter size-large wp-image-39873\" src=\"https:\/\/kingreplica.com.vn\/wp-content\/uploads\/2025\/08\/Dong-Ho-Audemars-Piguet-Royal-Oak-77450-Fake-Cao-Cap-Mat-Tiffany-Day-Kim-Loai-Xuong-OM-34mm-11-1024x1024.jpg\" alt=\"??ng H? Audemars Piguet Royal Oak 77450 fake Cao C?p M?t Tiffany Day Kim Lo?i X??ng OM 34mm (2)\" width=\"1020\" height=\"1020\" \/> <img decoding=\"async\" class=\"aligncenter size-large wp-image-39871\" src=\"https:\/\/kingreplica.com.vn\/wp-content\/uploads\/2025\/08\/Dong-Ho-Audemars-Piguet-Royal-Oak-77450-Fake-Cao-Cap-Mat-Tiffany-Day-Kim-Loai-Xuong-OM-34mm-9-1024x1024.jpg\" alt=\"Dong Ho Audemars Piguet Royal Oak 77450 Cao Cap M?t Tiffany Day Kim Lo?i X??ng OM 34mm (2)\" width=\"1020\" height=\"1020\" \/> <img decoding=\"async\" class=\"aligncenter size-large wp-image-39874\" src=\"https:\/\/kingreplica.com.vn\/wp-content\/uploads\/2025\/08\/Dong-Ho-Audemars-Piguet-Royal-Oak-77450-Fake-Cao-Cap-Mat-Tiffany-Day-Kim-Loai-Xuong-OM-34mm-12-1024x1024.jpg\" alt=\"Dong Ho Audemars Piguet Royal Oak 77450 Cao Cap Mat Tiffany Day Kim Loai Xuong OM 34 mm (2)\" width=\"1020\" height=\"1020\" \/> <img loading=\"lazy\" decoding=\"async\" class=\"aligncenter size-large wp-image-39875\" src=\"https:\/\/kingreplica.com.vn\/wp-content\/uploads\/2025\/08\/Dong-Ho-Audemars-Piguet-Royal-Oak-77450-Fake-Cao-Cap-Mat-Tiffany-Day-Kim-Loai-Xuong-OM-34mm-13-1024x1024.jpg\" alt=\"Dong Ho Audemars Piguet Royal Oak 77450 Cao Cap Mat Tiffany Day Kim Loai Xuong OM 34 mm (2)\" width=\"1020\" height=\"1020\" \/> <img loading=\"lazy\" decoding=\"async\" class=\"aligncenter size-large wp-image-39870\" src=\"https:\/\/kingreplica.com.vn\/wp-content\/uploads\/2025\/08\/Dong-Ho-Audemars-Piguet-Royal-Oak-77450-Fake-Cao-Cap-Mat-Tiffany-Day-Kim-Loai-Xuong-OM-34mm-1-1024x1024.jpg\" alt=\"Dong Ho Audemars Piguet Royal Oak 77450 Cao Cap Mat Tiffany Day Kim Loai Xuong OM 34mm (2)\" width=\"1020\" height=\"1020\" \/><\/p>","protected":false},"excerpt":{"rendered":"<h2><strong>ESPECIFICACIONES \u2013 GARANT\u00cdA DE RELOJES AUDEMARS PIGUET FALSO<\/strong><strong><\/strong><\/h2>\n<table class=\"shop_attributes\" width=\"480\">\n<tbody>\n<tr>\n<th><strong>Especificaci\u00f3n<\/strong><\/th>\n<td><strong>Detalles<\/strong><\/td>\n<\/tr>\n<tr>\n<th><strong>Tama\u00f1o<\/strong><\/th>\n<td><strong>34 mm<\/strong><\/td>\n<\/tr>\n<tr>\n<th>Material<\/th>\n<td><strong>Acero inoxidable<\/strong><\/td>\n<\/tr>\n<tr>\n<th><strong>Correa<\/strong><\/th>\n<td><b>Alambre met\u00e1lico<\/b><\/td>\n<\/tr>\n<tr>\n<th><strong>Movimiento<\/strong><\/th>\n<td><strong>Autom\u00e1tico Calibre 5800<br \/>\n<\/strong><\/td>\n<\/tr>\n<tr>\n<th><strong>Cristal<\/strong><\/th>\n<td><strong>Zafiro macizo<\/strong><\/td>\n<\/tr>\n<tr>\n<th><strong>Funciones<\/strong><\/th>\n<td><strong>Funcionalidad<\/strong><\/td>\n<\/tr>\n<tr>\n<th>Resistencia al agua<\/th>\n<td><strong><span class=\"text_exposed_show\">Buena<\/span><\/strong><\/td>\n<\/tr>\n<tr>\n<th>Garant\u00eda<\/th>\n<td><strong>5 a\u00f1os en el movimiento<\/strong><\/td>\n<\/tr>\n<tr>\n<th><strong>Servicios<\/strong><\/th>\n<td><strong>Spa gratuito &#8211; M\u00e1quina Lubricaci\u00f3n<br \/>\n<\/strong><\/td>\n<\/tr>\n<tr>\n<th><strong>Soporte<\/strong><\/th>\n<td><strong>Cambio a mejor precio<\/strong><\/td>\n<\/tr>\n<\/tbody>\n<\/table>","protected":false},"featured_media":25885,"comment_status":"open","ping_status":"closed","template":"","meta":{"iawp_total_views":8},"product_brand":[],"product_cat":[195,216],"product_tag":[452,459],"class_list":{"0":"post-22563","1":"product","2":"type-product","3":"status-publish","4":"has-post-thumbnail","6":"product_cat-audemars-piguet","7":"product_cat-audemars-piguet-royal-oak","8":"product_tag-replica-de-reloj","9":"product_tag-replica-de-reloj-audemars-piguet","11":"first","12":"instock","13":"sale","14":"shipping-taxable","15":"purchasable","16":"product-type-simple"},"yoast_head":"<!-- This site is optimized with the Yoast SEO plugin v27.3 - https:\/\/yoast.com\/product\/yoast-seo-wordpress\/ -->\n<title>[hot-selling model]Audemars Piguet Royal Oak 77450 Fake Watches with Tiffany Dial, Metal Wire, OM Factory, 34mm - Trustywatches<\/title>\n<meta name=\"robots\" content=\"index, follow, max-snippet:-1, max-image-preview:large, max-video-preview:-1\" \/>\n<link rel=\"canonical\" href=\"https:\/\/trustywatches.com\/en\/product\/audemars-piguet-royal-oak-77450-relojes-falsos-con-esfera-tiffany-alambre-de-metal-om-factory-34-mm\/\" \/>\n<meta property=\"og:locale\" content=\"en_US\" \/>\n<meta property=\"og:type\" content=\"article\" \/>\n<meta property=\"og:title\" content=\"[hot-selling model]Audemars Piguet Royal Oak 77450 Fake Watches with Tiffany Dial, Metal Wire, OM Factory, 34mm - Trustywatches\" \/>\n<meta property=\"og:description\" content=\"ESPECIFICACIONES \u2013 GARANT\u00cdA DE RELOJES AUDEMARS PIGUET FALSO  Especificaci\u00f3n Detalles  Tama\u00f1o 34 mm  Material Acero inoxidable  Correa Alambre met\u00e1lico  Movimiento Autom\u00e1tico Calibre 5800  Cristal Zafiro macizo  Funciones Funcionalidad  Resistencia al agua Buena  Garant\u00eda 5 a\u00f1os en el movimiento  Servicios Spa gratuito - M\u00e1quina Lubricaci\u00f3n  Soporte Cambio a mejor precio\" \/>\n<meta property=\"og:url\" content=\"https:\/\/trustywatches.com\/en\/product\/audemars-piguet-royal-oak-77450-relojes-falsos-con-esfera-tiffany-alambre-de-metal-om-factory-34-mm\/\" \/>\n<meta property=\"og:site_name\" content=\"Trustywatches\" \/>\n<meta property=\"article:modified_time\" content=\"2026-03-05T06:45:38+00:00\" \/>\n<meta property=\"og:image\" content=\"https:\/\/trustywatches.com\/wp-content\/uploads\/2026\/01\/Dong-Ho-Audemars-Piguet-Royal-Oak-77450-Fake-Cao-Cap-Mat-Tiffany-Day-Kim-Loai-Xuong-OM-34mm-11.jpg\" \/>\n\t<meta property=\"og:image:width\" content=\"1920\" \/>\n\t<meta property=\"og:image:height\" content=\"1920\" \/>\n\t<meta property=\"og:image:type\" content=\"image\/jpeg\" \/>\n<meta name=\"twitter:card\" content=\"summary_large_image\" \/>\n<script type=\"application\/ld+json\" class=\"yoast-schema-graph\">{\"@context\":\"https:\\\/\\\/schema.org\",\"@graph\":[{\"@type\":\"WebPage\",\"@id\":\"https:\\\/\\\/trustywatches.com\\\/en\\\/product\\\/audemars-piguet-royal-oak-77450-relojes-falsos-con-esfera-tiffany-alambre-de-metal-om-factory-34-mm\\\/\",\"url\":\"https:\\\/\\\/trustywatches.com\\\/en\\\/product\\\/audemars-piguet-royal-oak-77450-relojes-falsos-con-esfera-tiffany-alambre-de-metal-om-factory-34-mm\\\/\",\"name\":\"[hot-selling model]Audemars Piguet Royal Oak 77450 Fake Watches with Tiffany Dial, Metal Wire, OM Factory, 34mm - Trustywatches\",\"isPartOf\":{\"@id\":\"https:\\\/\\\/trustywatches.com\\\/#website\"},\"primaryImageOfPage\":{\"@id\":\"https:\\\/\\\/trustywatches.com\\\/en\\\/product\\\/audemars-piguet-royal-oak-77450-relojes-falsos-con-esfera-tiffany-alambre-de-metal-om-factory-34-mm\\\/#primaryimage\"},\"image\":{\"@id\":\"https:\\\/\\\/trustywatches.com\\\/en\\\/product\\\/audemars-piguet-royal-oak-77450-relojes-falsos-con-esfera-tiffany-alambre-de-metal-om-factory-34-mm\\\/#primaryimage\"},\"thumbnailUrl\":\"https:\\\/\\\/trustywatches.com\\\/wp-content\\\/uploads\\\/2026\\\/01\\\/Dong-Ho-Audemars-Piguet-Royal-Oak-77450-Fake-Cao-Cap-Mat-Tiffany-Day-Kim-Loai-Xuong-OM-34mm-11.jpg\",\"datePublished\":\"2026-01-14T10:15:52+00:00\",\"dateModified\":\"2026-03-05T06:45:38+00:00\",\"breadcrumb\":{\"@id\":\"https:\\\/\\\/trustywatches.com\\\/en\\\/product\\\/audemars-piguet-royal-oak-77450-relojes-falsos-con-esfera-tiffany-alambre-de-metal-om-factory-34-mm\\\/#breadcrumb\"},\"inLanguage\":\"en-US\",\"potentialAction\":[{\"@type\":\"ReadAction\",\"target\":[\"https:\\\/\\\/trustywatches.com\\\/en\\\/product\\\/audemars-piguet-royal-oak-77450-relojes-falsos-con-esfera-tiffany-alambre-de-metal-om-factory-34-mm\\\/\"]}]},{\"@type\":\"ImageObject\",\"inLanguage\":\"en-US\",\"@id\":\"https:\\\/\\\/trustywatches.com\\\/en\\\/product\\\/audemars-piguet-royal-oak-77450-relojes-falsos-con-esfera-tiffany-alambre-de-metal-om-factory-34-mm\\\/#primaryimage\",\"url\":\"https:\\\/\\\/trustywatches.com\\\/wp-content\\\/uploads\\\/2026\\\/01\\\/Dong-Ho-Audemars-Piguet-Royal-Oak-77450-Fake-Cao-Cap-Mat-Tiffany-Day-Kim-Loai-Xuong-OM-34mm-11.jpg\",\"contentUrl\":\"https:\\\/\\\/trustywatches.com\\\/wp-content\\\/uploads\\\/2026\\\/01\\\/Dong-Ho-Audemars-Piguet-Royal-Oak-77450-Fake-Cao-Cap-Mat-Tiffany-Day-Kim-Loai-Xuong-OM-34mm-11.jpg\",\"width\":1920,\"height\":1920},{\"@type\":\"BreadcrumbList\",\"@id\":\"https:\\\/\\\/trustywatches.com\\\/en\\\/product\\\/audemars-piguet-royal-oak-77450-relojes-falsos-con-esfera-tiffany-alambre-de-metal-om-factory-34-mm\\\/#breadcrumb\",\"itemListElement\":[{\"@type\":\"ListItem\",\"position\":1,\"name\":\"Home\",\"item\":\"https:\\\/\\\/trustywatches.com\\\/\"},{\"@type\":\"ListItem\",\"position\":2,\"name\":\"TIENDA\",\"item\":\"https:\\\/\\\/trustywatches.com\\\/tienda\\\/\"},{\"@type\":\"ListItem\",\"position\":3,\"name\":\"[hot-selling model]Audemars Piguet Royal Oak 77450 Fake Watches with Tiffany Dial, Metal Wire, OM Factory, 34mm\"}]},{\"@type\":\"WebSite\",\"@id\":\"https:\\\/\\\/trustywatches.com\\\/#website\",\"url\":\"https:\\\/\\\/trustywatches.com\\\/\",\"name\":\"Trustywatches\",\"description\":\"\",\"potentialAction\":[{\"@type\":\"SearchAction\",\"target\":{\"@type\":\"EntryPoint\",\"urlTemplate\":\"https:\\\/\\\/trustywatches.com\\\/?s={search_term_string}\"},\"query-input\":{\"@type\":\"PropertyValueSpecification\",\"valueRequired\":true,\"valueName\":\"search_term_string\"}}],\"inLanguage\":\"en-US\"}]}<\/script>\n<!-- \/ Yoast SEO plugin. -->","yoast_head_json":{"title":"[hot-selling model]Audemars Piguet Royal Oak 77450 Fake Watches with Tiffany Dial, Metal Wire, OM Factory, 34mm - Trustywatches","robots":{"index":"index","follow":"follow","max-snippet":"max-snippet:-1","max-image-preview":"max-image-preview:large","max-video-preview":"max-video-preview:-1"},"canonical":"https:\/\/trustywatches.com\/en\/product\/audemars-piguet-royal-oak-77450-relojes-falsos-con-esfera-tiffany-alambre-de-metal-om-factory-34-mm\/","og_locale":"en_US","og_type":"article","og_title":"[hot-selling model]Audemars Piguet Royal Oak 77450 Fake Watches with Tiffany Dial, Metal Wire, OM Factory, 34mm - Trustywatches","og_description":"ESPECIFICACIONES \u2013 GARANT\u00cdA DE RELOJES AUDEMARS PIGUET FALSO  Especificaci\u00f3n Detalles  Tama\u00f1o 34 mm  Material Acero inoxidable  Correa Alambre met\u00e1lico  Movimiento Autom\u00e1tico Calibre 5800  Cristal Zafiro macizo  Funciones Funcionalidad  Resistencia al agua Buena  Garant\u00eda 5 a\u00f1os en el movimiento  Servicios Spa gratuito - M\u00e1quina Lubricaci\u00f3n  Soporte Cambio a mejor precio","og_url":"https:\/\/trustywatches.com\/en\/product\/audemars-piguet-royal-oak-77450-relojes-falsos-con-esfera-tiffany-alambre-de-metal-om-factory-34-mm\/","og_site_name":"Trustywatches","article_modified_time":"2026-03-05T06:45:38+00:00","og_image":[{"width":1920,"height":1920,"url":"https:\/\/trustywatches.com\/wp-content\/uploads\/2026\/01\/Dong-Ho-Audemars-Piguet-Royal-Oak-77450-Fake-Cao-Cap-Mat-Tiffany-Day-Kim-Loai-Xuong-OM-34mm-11.jpg","type":"image\/jpeg"}],"twitter_card":"summary_large_image","schema":{"@context":"https:\/\/schema.org","@graph":[{"@type":"WebPage","@id":"https:\/\/trustywatches.com\/en\/product\/audemars-piguet-royal-oak-77450-relojes-falsos-con-esfera-tiffany-alambre-de-metal-om-factory-34-mm\/","url":"https:\/\/trustywatches.com\/en\/product\/audemars-piguet-royal-oak-77450-relojes-falsos-con-esfera-tiffany-alambre-de-metal-om-factory-34-mm\/","name":"[hot-selling model]Audemars Piguet Royal Oak 77450 Fake Watches with Tiffany Dial, Metal Wire, OM Factory, 34mm - Trustywatches","isPartOf":{"@id":"https:\/\/trustywatches.com\/#website"},"primaryImageOfPage":{"@id":"https:\/\/trustywatches.com\/en\/product\/audemars-piguet-royal-oak-77450-relojes-falsos-con-esfera-tiffany-alambre-de-metal-om-factory-34-mm\/#primaryimage"},"image":{"@id":"https:\/\/trustywatches.com\/en\/product\/audemars-piguet-royal-oak-77450-relojes-falsos-con-esfera-tiffany-alambre-de-metal-om-factory-34-mm\/#primaryimage"},"thumbnailUrl":"https:\/\/trustywatches.com\/wp-content\/uploads\/2026\/01\/Dong-Ho-Audemars-Piguet-Royal-Oak-77450-Fake-Cao-Cap-Mat-Tiffany-Day-Kim-Loai-Xuong-OM-34mm-11.jpg","datePublished":"2026-01-14T10:15:52+00:00","dateModified":"2026-03-05T06:45:38+00:00","breadcrumb":{"@id":"https:\/\/trustywatches.com\/en\/product\/audemars-piguet-royal-oak-77450-relojes-falsos-con-esfera-tiffany-alambre-de-metal-om-factory-34-mm\/#breadcrumb"},"inLanguage":"en-US","potentialAction":[{"@type":"ReadAction","target":["https:\/\/trustywatches.com\/en\/product\/audemars-piguet-royal-oak-77450-relojes-falsos-con-esfera-tiffany-alambre-de-metal-om-factory-34-mm\/"]}]},{"@type":"ImageObject","inLanguage":"en-US","@id":"https:\/\/trustywatches.com\/en\/product\/audemars-piguet-royal-oak-77450-relojes-falsos-con-esfera-tiffany-alambre-de-metal-om-factory-34-mm\/#primaryimage","url":"https:\/\/trustywatches.com\/wp-content\/uploads\/2026\/01\/Dong-Ho-Audemars-Piguet-Royal-Oak-77450-Fake-Cao-Cap-Mat-Tiffany-Day-Kim-Loai-Xuong-OM-34mm-11.jpg","contentUrl":"https:\/\/trustywatches.com\/wp-content\/uploads\/2026\/01\/Dong-Ho-Audemars-Piguet-Royal-Oak-77450-Fake-Cao-Cap-Mat-Tiffany-Day-Kim-Loai-Xuong-OM-34mm-11.jpg","width":1920,"height":1920},{"@type":"BreadcrumbList","@id":"https:\/\/trustywatches.com\/en\/product\/audemars-piguet-royal-oak-77450-relojes-falsos-con-esfera-tiffany-alambre-de-metal-om-factory-34-mm\/#breadcrumb","itemListElement":[{"@type":"ListItem","position":1,"name":"Home","item":"https:\/\/trustywatches.com\/"},{"@type":"ListItem","position":2,"name":"TIENDA","item":"https:\/\/trustywatches.com\/tienda\/"},{"@type":"ListItem","position":3,"name":"[hot-selling model]Audemars Piguet Royal Oak 77450 Fake Watches with Tiffany Dial, Metal Wire, OM Factory, 34mm"}]},{"@type":"WebSite","@id":"https:\/\/trustywatches.com\/#website","url":"https:\/\/trustywatches.com\/","name":"Trustywatches","description":"","potentialAction":[{"@type":"SearchAction","target":{"@type":"EntryPoint","urlTemplate":"https:\/\/trustywatches.com\/?s={search_term_string}"},"query-input":{"@type":"PropertyValueSpecification","valueRequired":true,"valueName":"search_term_string"}}],"inLanguage":"en-US"}]}},"post_mailing_queue_ids":[],"_links":{"self":[{"href":"https:\/\/trustywatches.com\/en\/wp-json\/wp\/v2\/product\/22563","targetHints":{"allow":["GET"]}}],"collection":[{"href":"https:\/\/trustywatches.com\/en\/wp-json\/wp\/v2\/product"}],"about":[{"href":"https:\/\/trustywatches.com\/en\/wp-json\/wp\/v2\/types\/product"}],"replies":[{"embeddable":true,"href":"https:\/\/trustywatches.com\/en\/wp-json\/wp\/v2\/comments?post=22563"}],"wp:featuredmedia":[{"embeddable":true,"href":"https:\/\/trustywatches.com\/en\/wp-json\/wp\/v2\/media\/25885"}],"wp:attachment":[{"href":"https:\/\/trustywatches.com\/en\/wp-json\/wp\/v2\/media?parent=22563"}],"wp:term":[{"taxonomy":"product_brand","embeddable":true,"href":"https:\/\/trustywatches.com\/en\/wp-json\/wp\/v2\/product_brand?post=22563"},{"taxonomy":"product_cat","embeddable":true,"href":"https:\/\/trustywatches.com\/en\/wp-json\/wp\/v2\/product_cat?post=22563"},{"taxonomy":"product_tag","embeddable":true,"href":"https:\/\/trustywatches.com\/en\/wp-json\/wp\/v2\/product_tag?post=22563"}],"curies":[{"name":"wp","href":"https:\/\/api.w.org\/{rel}","templated":true}]}}