{"id":22593,"date":"2026-01-14T04:15:55","date_gmt":"2026-01-14T10:15:55","guid":{"rendered":"https:\/\/darkgreen-grouse-660966.hostingersite.com\/product\/audemars-piguet-royal-oak-flying-tourbillon-26530-relojes-de-imitacion-esfera-gris-bbs-de-fabrica-41-mm\/"},"modified":"2026-03-05T00:45:40","modified_gmt":"2026-03-05T06:45:40","slug":"audemars-piguet-royal-oak-flying-tourbillon-26530-relojes-de-imitacion-esfera-gris-bbs-de-fabrica-41-mm","status":"publish","type":"product","link":"https:\/\/trustywatches.com\/en\/product\/audemars-piguet-royal-oak-flying-tourbillon-26530-relojes-de-imitacion-esfera-gris-bbs-de-fabrica-41-mm\/","title":{"rendered":"Audemars Piguet Royal Oak Flying Tourbillon 26530 &#8211; Faux Watches (Gray Dial, Factory BBS, 41mm)"},"content":{"rendered":"<h2><strong>We present Audemars Piguet replica watches<\/strong><\/h2>\n<div style=\"width: 720px\" class=\"wp-video\"><!--[if lt IE 9]>document.createElement('video');<![endif]--><br \/>\n<video class=\"wp-video-shortcode\" id=\"video-0-1\" width=\"720\" height=\"1280\" preload=\"metadata\" controls=\"controls\"><a href=\"https:\/\/kingreplica.com.vn\/wp-content\/uploads\/2025\/09\/Dong-Ho-Audemars-Piguet-Replica-11-Royal-Oak-Flying-Tourbillon-26530-Mat-Xam-Nha-May-BBS-41mm-1.mp4\" target=\"_blank\" rel=\"noopener\">https:\/\/kingreplica.com.vn\/wp-content\/uploads\/2025\/09\/Dong-Ho-Audemars-Piguet-Replica-11-Royal-Oak-Flying-Tourbillon-26530-Mat-Xam-Nha-May-BBS-41mm-1.mp4<\/a><\/video><\/div>\n<p><img fetchpriority=\"high\" decoding=\"async\" class=\"aligncenter size-large wp-image-42045\" src=\"https:\/\/kingreplica.com.vn\/wp-content\/uploads\/2025\/09\/Dong-Ho-Audemars-Piguet-Replica-11-Royal-Oak-Flying-Tourbillon-26530-Mat-Xam-Nha-May-BBS-41mm-1-1024x1024.jpg\" alt=\"Dong Ho Audemars Piguet Replica 11 Royal Oak Flying Tourbillon 26530 Mat Xam Nha May BBS 41mm (2)\" width=\"1020\" height=\"1020\" \/> <img decoding=\"async\" class=\"aligncenter size-large wp-image-42043\" src=\"https:\/\/kingreplica.com.vn\/wp-content\/uploads\/2025\/09\/Dong-Ho-Audemars-Piguet-Replica-11-Royal-Oak-Flying-Tourbillon-26530-Mat-Xam-Nha-May-BBS-41mm-9-1024x1024.jpg\" alt=\"Dong Ho Audemars Piguet Replica 11 Royal Oak Flying Tourbillon 26530 Mat Xam Nha May BBS 41mm (2)\" width=\"1020\" height=\"1020\" \/> <img decoding=\"async\" class=\"aligncenter size-large wp-image-42037\" src=\"https:\/\/kingreplica.com.vn\/wp-content\/uploads\/2025\/09\/Dong-Ho-Audemars-Piguet-Replica-11-Royal-Oak-Flying-Tourbillon-26530-Mat-Xam-Nha-May-BBS-41mm-3-1024x1024.jpg\" alt=\"Dong Ho Audemars Piguet Replica 11 Royal Oak Flying Tourbillon 26530 Mat Xam Nha May BBS 41mm (2)\" width=\"1020\" height=\"1020\" \/> <img loading=\"lazy\" decoding=\"async\" class=\"aligncenter size-large wp-image-42036\" src=\"https:\/\/kingreplica.com.vn\/wp-content\/uploads\/2025\/09\/Dong-Ho-Audemars-Piguet-Replica-11-Royal-Oak-Flying-Tourbillon-26530-Mat-Xam-Nha-May-BBS-41mm-2-1024x1024.jpg\" alt=\"Dong Ho Audemars Piguet Replica 11 Royal Oak Flying Tourbillon 26530 Mat X??m Nh?? M??y BBS 41mm (2)\" width=\"1020\" height=\"1020\" \/> <img loading=\"lazy\" decoding=\"async\" class=\"aligncenter size-large wp-image-42038\" src=\"https:\/\/kingreplica.com.vn\/wp-content\/uploads\/2025\/09\/Dong-Ho-Audemars-Piguet-Replica-11-Royal-Oak-Flying-Tourbillon-26530-Mat-Xam-Nha-May-BBS-41mm-4-1024x1024.jpg\" alt=\"Dong Ho Audemars Piguet Replica 11 Royal Oak Flying Tourbillon 26530 M?t X??m Nh?? M??y BBS 41mm (2)\" width=\"1020\" height=\"1020\" \/><\/p>\n","protected":false},"excerpt":{"rendered":"<h2><strong>ESPECIFICACIONES \u2013 GARANT\u00cdA DE LOS RELOJES DE IMITACI\u00d3N AUDEMARS PIGUET<\/strong><strong><\/strong><\/h2>\n<table class=\"shop_attributes\" width=\"480\">\n<tbody>\n<tr>\n<th><strong>Especificaci\u00f3n<\/strong><\/th>\n<td><strong>Detalles<\/strong><\/td>\n<\/tr>\n<tr>\n<th><strong>Tama\u00f1o<\/strong><\/th>\n<td><strong>41 mm<\/strong><\/td>\n<\/tr>\n<tr>\n<th>Material<\/th>\n<td><strong>Acero inoxidable<\/strong><\/td>\n<\/tr>\n<tr>\n<th><strong>Correa<\/strong><\/th>\n<td><strong>Metal Correa<\/strong><\/td>\n<\/tr>\n<tr>\n<th><strong>Movimiento<\/strong><\/th>\n<td><strong>Tourbillon<\/strong><\/td>\n<\/tr>\n<tr>\n<th><strong>Cristal<\/strong><\/th>\n<td><strong>Zafiro macizo<\/strong><\/td>\n<\/tr>\n<tr>\n<th><strong>Funciones<\/strong><\/th>\n<td><strong>Funcionalidad<\/strong><\/td>\n<\/tr>\n<tr>\n<th>Resistencia al agua<\/th>\n<td><strong><span class=\"text_exposed_show\">Buena<\/span><\/strong><\/td>\n<\/tr>\n<tr>\n<th>Garant\u00eda<\/th>\n<td><strong>5 a\u00f1os en el Movimiento<\/strong><\/td>\n<\/tr>\n<tr>\n<th><strong>Servicios<\/strong><\/th>\n<td><strong>Spa gratuito: lubricaci\u00f3n de m\u00e1quinas<\/strong><\/td>\n<\/tr>\n<tr>\n<th><strong>Soporte<\/strong><\/th>\n<td><strong>Cambio a un precio excelente<\/strong><\/td>\n<\/tr>\n<\/tbody>\n<\/table>","protected":false},"featured_media":26228,"comment_status":"open","ping_status":"closed","template":"","meta":{"iawp_total_views":1},"product_brand":[],"product_cat":[195,217],"product_tag":[462,452,459],"class_list":{"0":"post-22593","1":"product","2":"type-product","3":"status-publish","4":"has-post-thumbnail","6":"product_cat-audemars-piguet","7":"product_cat-oak-tourbillon","8":"product_tag-relojes-tourbillon","9":"product_tag-replica-de-reloj","10":"product_tag-replica-de-reloj-audemars-piguet","12":"first","13":"instock","14":"sale","15":"shipping-taxable","16":"purchasable","17":"product-type-simple"},"yoast_head":"<!-- This site is optimized with the Yoast SEO plugin v27.3 - https:\/\/yoast.com\/product\/yoast-seo-wordpress\/ -->\n<title>Audemars Piguet Royal Oak Flying Tourbillon 26530 - Faux Watches (Gray Dial, Factory BBS, 41mm) - Trustywatches<\/title>\n<meta name=\"robots\" content=\"index, follow, max-snippet:-1, max-image-preview:large, max-video-preview:-1\" \/>\n<link rel=\"canonical\" href=\"https:\/\/trustywatches.com\/en\/product\/audemars-piguet-royal-oak-flying-tourbillon-26530-relojes-de-imitacion-esfera-gris-bbs-de-fabrica-41-mm\/\" \/>\n<meta property=\"og:locale\" content=\"en_US\" \/>\n<meta property=\"og:type\" content=\"article\" \/>\n<meta property=\"og:title\" content=\"Audemars Piguet Royal Oak Flying Tourbillon 26530 - Faux Watches (Gray Dial, Factory BBS, 41mm) - Trustywatches\" \/>\n<meta property=\"og:description\" content=\"ESPECIFICACIONES \u2013 GARANT\u00cdA DE LOS RELOJES DE IMITACI\u00d3N AUDEMARS PIGUET  Especificaci\u00f3n Detalles  Tama\u00f1o 41 mm  Material Acero inoxidable  Correa Metal Correa  Movimiento Tourbillon  Cristal Zafiro macizo  Funciones Funcionalidad  Resistencia al agua Buena  Garant\u00eda 5 a\u00f1os en el Movimiento  Servicios Spa gratuito: lubricaci\u00f3n de m\u00e1quinas  Soporte Cambio a un precio excelente\" \/>\n<meta property=\"og:url\" content=\"https:\/\/trustywatches.com\/en\/product\/audemars-piguet-royal-oak-flying-tourbillon-26530-relojes-de-imitacion-esfera-gris-bbs-de-fabrica-41-mm\/\" \/>\n<meta property=\"og:site_name\" content=\"Trustywatches\" \/>\n<meta property=\"article:modified_time\" content=\"2026-03-05T06:45:40+00:00\" \/>\n<meta property=\"og:image\" content=\"https:\/\/trustywatches.com\/wp-content\/uploads\/2026\/01\/Dong-Ho-Audemars-Piguet-Replica-11-Royal-Oak-Flying-Tourbillon-26530-Mat-Xam-Nha-May-BBS-41mm-1.jpg\" \/>\n\t<meta property=\"og:image:width\" content=\"1920\" \/>\n\t<meta property=\"og:image:height\" content=\"1920\" \/>\n\t<meta property=\"og:image:type\" content=\"image\/jpeg\" \/>\n<meta name=\"twitter:card\" content=\"summary_large_image\" \/>\n<script type=\"application\/ld+json\" class=\"yoast-schema-graph\">{\"@context\":\"https:\\\/\\\/schema.org\",\"@graph\":[{\"@type\":\"WebPage\",\"@id\":\"https:\\\/\\\/trustywatches.com\\\/product\\\/audemars-piguet-royal-oak-flying-tourbillon-26530-relojes-de-imitacion-esfera-gris-bbs-de-fabrica-41-mm\\\/\",\"url\":\"https:\\\/\\\/trustywatches.com\\\/product\\\/audemars-piguet-royal-oak-flying-tourbillon-26530-relojes-de-imitacion-esfera-gris-bbs-de-fabrica-41-mm\\\/\",\"name\":\"Audemars Piguet Royal Oak Flying Tourbillon 26530 - Faux Watches (Gray Dial, Factory BBS, 41mm) - Trustywatches\",\"isPartOf\":{\"@id\":\"https:\\\/\\\/trustywatches.com\\\/#website\"},\"primaryImageOfPage\":{\"@id\":\"https:\\\/\\\/trustywatches.com\\\/product\\\/audemars-piguet-royal-oak-flying-tourbillon-26530-relojes-de-imitacion-esfera-gris-bbs-de-fabrica-41-mm\\\/#primaryimage\"},\"image\":{\"@id\":\"https:\\\/\\\/trustywatches.com\\\/product\\\/audemars-piguet-royal-oak-flying-tourbillon-26530-relojes-de-imitacion-esfera-gris-bbs-de-fabrica-41-mm\\\/#primaryimage\"},\"thumbnailUrl\":\"https:\\\/\\\/trustywatches.com\\\/wp-content\\\/uploads\\\/2026\\\/01\\\/Dong-Ho-Audemars-Piguet-Replica-11-Royal-Oak-Flying-Tourbillon-26530-Mat-Xam-Nha-May-BBS-41mm-1.jpg\",\"datePublished\":\"2026-01-14T10:15:55+00:00\",\"dateModified\":\"2026-03-05T06:45:40+00:00\",\"breadcrumb\":{\"@id\":\"https:\\\/\\\/trustywatches.com\\\/product\\\/audemars-piguet-royal-oak-flying-tourbillon-26530-relojes-de-imitacion-esfera-gris-bbs-de-fabrica-41-mm\\\/#breadcrumb\"},\"inLanguage\":\"en-US\",\"potentialAction\":[{\"@type\":\"ReadAction\",\"target\":[\"https:\\\/\\\/trustywatches.com\\\/product\\\/audemars-piguet-royal-oak-flying-tourbillon-26530-relojes-de-imitacion-esfera-gris-bbs-de-fabrica-41-mm\\\/\"]}]},{\"@type\":\"ImageObject\",\"inLanguage\":\"en-US\",\"@id\":\"https:\\\/\\\/trustywatches.com\\\/product\\\/audemars-piguet-royal-oak-flying-tourbillon-26530-relojes-de-imitacion-esfera-gris-bbs-de-fabrica-41-mm\\\/#primaryimage\",\"url\":\"https:\\\/\\\/trustywatches.com\\\/wp-content\\\/uploads\\\/2026\\\/01\\\/Dong-Ho-Audemars-Piguet-Replica-11-Royal-Oak-Flying-Tourbillon-26530-Mat-Xam-Nha-May-BBS-41mm-1.jpg\",\"contentUrl\":\"https:\\\/\\\/trustywatches.com\\\/wp-content\\\/uploads\\\/2026\\\/01\\\/Dong-Ho-Audemars-Piguet-Replica-11-Royal-Oak-Flying-Tourbillon-26530-Mat-Xam-Nha-May-BBS-41mm-1.jpg\",\"width\":1920,\"height\":1920},{\"@type\":\"BreadcrumbList\",\"@id\":\"https:\\\/\\\/trustywatches.com\\\/product\\\/audemars-piguet-royal-oak-flying-tourbillon-26530-relojes-de-imitacion-esfera-gris-bbs-de-fabrica-41-mm\\\/#breadcrumb\",\"itemListElement\":[{\"@type\":\"ListItem\",\"position\":1,\"name\":\"Home\",\"item\":\"https:\\\/\\\/trustywatches.com\\\/\"},{\"@type\":\"ListItem\",\"position\":2,\"name\":\"TIENDA\",\"item\":\"https:\\\/\\\/trustywatches.com\\\/tienda\\\/\"},{\"@type\":\"ListItem\",\"position\":3,\"name\":\"Audemars Piguet Royal Oak Flying Tourbillon 26530 &#8211; Faux Watches (Gray Dial, Factory BBS, 41mm)\"}]},{\"@type\":\"WebSite\",\"@id\":\"https:\\\/\\\/trustywatches.com\\\/#website\",\"url\":\"https:\\\/\\\/trustywatches.com\\\/\",\"name\":\"Trustywatches\",\"description\":\"\",\"potentialAction\":[{\"@type\":\"SearchAction\",\"target\":{\"@type\":\"EntryPoint\",\"urlTemplate\":\"https:\\\/\\\/trustywatches.com\\\/?s={search_term_string}\"},\"query-input\":{\"@type\":\"PropertyValueSpecification\",\"valueRequired\":true,\"valueName\":\"search_term_string\"}}],\"inLanguage\":\"en-US\"}]}<\/script>\n<!-- \/ Yoast SEO plugin. -->","yoast_head_json":{"title":"Audemars Piguet Royal Oak Flying Tourbillon 26530 - Faux Watches (Gray Dial, Factory BBS, 41mm) - Trustywatches","robots":{"index":"index","follow":"follow","max-snippet":"max-snippet:-1","max-image-preview":"max-image-preview:large","max-video-preview":"max-video-preview:-1"},"canonical":"https:\/\/trustywatches.com\/en\/product\/audemars-piguet-royal-oak-flying-tourbillon-26530-relojes-de-imitacion-esfera-gris-bbs-de-fabrica-41-mm\/","og_locale":"en_US","og_type":"article","og_title":"Audemars Piguet Royal Oak Flying Tourbillon 26530 - Faux Watches (Gray Dial, Factory BBS, 41mm) - Trustywatches","og_description":"ESPECIFICACIONES \u2013 GARANT\u00cdA DE LOS RELOJES DE IMITACI\u00d3N AUDEMARS PIGUET  Especificaci\u00f3n Detalles  Tama\u00f1o 41 mm  Material Acero inoxidable  Correa Metal Correa  Movimiento Tourbillon  Cristal Zafiro macizo  Funciones Funcionalidad  Resistencia al agua Buena  Garant\u00eda 5 a\u00f1os en el Movimiento  Servicios Spa gratuito: lubricaci\u00f3n de m\u00e1quinas  Soporte Cambio a un precio excelente","og_url":"https:\/\/trustywatches.com\/en\/product\/audemars-piguet-royal-oak-flying-tourbillon-26530-relojes-de-imitacion-esfera-gris-bbs-de-fabrica-41-mm\/","og_site_name":"Trustywatches","article_modified_time":"2026-03-05T06:45:40+00:00","og_image":[{"width":1920,"height":1920,"url":"https:\/\/trustywatches.com\/wp-content\/uploads\/2026\/01\/Dong-Ho-Audemars-Piguet-Replica-11-Royal-Oak-Flying-Tourbillon-26530-Mat-Xam-Nha-May-BBS-41mm-1.jpg","type":"image\/jpeg"}],"twitter_card":"summary_large_image","schema":{"@context":"https:\/\/schema.org","@graph":[{"@type":"WebPage","@id":"https:\/\/trustywatches.com\/product\/audemars-piguet-royal-oak-flying-tourbillon-26530-relojes-de-imitacion-esfera-gris-bbs-de-fabrica-41-mm\/","url":"https:\/\/trustywatches.com\/product\/audemars-piguet-royal-oak-flying-tourbillon-26530-relojes-de-imitacion-esfera-gris-bbs-de-fabrica-41-mm\/","name":"Audemars Piguet Royal Oak Flying Tourbillon 26530 - Faux Watches (Gray Dial, Factory BBS, 41mm) - Trustywatches","isPartOf":{"@id":"https:\/\/trustywatches.com\/#website"},"primaryImageOfPage":{"@id":"https:\/\/trustywatches.com\/product\/audemars-piguet-royal-oak-flying-tourbillon-26530-relojes-de-imitacion-esfera-gris-bbs-de-fabrica-41-mm\/#primaryimage"},"image":{"@id":"https:\/\/trustywatches.com\/product\/audemars-piguet-royal-oak-flying-tourbillon-26530-relojes-de-imitacion-esfera-gris-bbs-de-fabrica-41-mm\/#primaryimage"},"thumbnailUrl":"https:\/\/trustywatches.com\/wp-content\/uploads\/2026\/01\/Dong-Ho-Audemars-Piguet-Replica-11-Royal-Oak-Flying-Tourbillon-26530-Mat-Xam-Nha-May-BBS-41mm-1.jpg","datePublished":"2026-01-14T10:15:55+00:00","dateModified":"2026-03-05T06:45:40+00:00","breadcrumb":{"@id":"https:\/\/trustywatches.com\/product\/audemars-piguet-royal-oak-flying-tourbillon-26530-relojes-de-imitacion-esfera-gris-bbs-de-fabrica-41-mm\/#breadcrumb"},"inLanguage":"en-US","potentialAction":[{"@type":"ReadAction","target":["https:\/\/trustywatches.com\/product\/audemars-piguet-royal-oak-flying-tourbillon-26530-relojes-de-imitacion-esfera-gris-bbs-de-fabrica-41-mm\/"]}]},{"@type":"ImageObject","inLanguage":"en-US","@id":"https:\/\/trustywatches.com\/product\/audemars-piguet-royal-oak-flying-tourbillon-26530-relojes-de-imitacion-esfera-gris-bbs-de-fabrica-41-mm\/#primaryimage","url":"https:\/\/trustywatches.com\/wp-content\/uploads\/2026\/01\/Dong-Ho-Audemars-Piguet-Replica-11-Royal-Oak-Flying-Tourbillon-26530-Mat-Xam-Nha-May-BBS-41mm-1.jpg","contentUrl":"https:\/\/trustywatches.com\/wp-content\/uploads\/2026\/01\/Dong-Ho-Audemars-Piguet-Replica-11-Royal-Oak-Flying-Tourbillon-26530-Mat-Xam-Nha-May-BBS-41mm-1.jpg","width":1920,"height":1920},{"@type":"BreadcrumbList","@id":"https:\/\/trustywatches.com\/product\/audemars-piguet-royal-oak-flying-tourbillon-26530-relojes-de-imitacion-esfera-gris-bbs-de-fabrica-41-mm\/#breadcrumb","itemListElement":[{"@type":"ListItem","position":1,"name":"Home","item":"https:\/\/trustywatches.com\/"},{"@type":"ListItem","position":2,"name":"TIENDA","item":"https:\/\/trustywatches.com\/tienda\/"},{"@type":"ListItem","position":3,"name":"Audemars Piguet Royal Oak Flying Tourbillon 26530 &#8211; Faux Watches (Gray Dial, Factory BBS, 41mm)"}]},{"@type":"WebSite","@id":"https:\/\/trustywatches.com\/#website","url":"https:\/\/trustywatches.com\/","name":"Trustywatches","description":"","potentialAction":[{"@type":"SearchAction","target":{"@type":"EntryPoint","urlTemplate":"https:\/\/trustywatches.com\/?s={search_term_string}"},"query-input":{"@type":"PropertyValueSpecification","valueRequired":true,"valueName":"search_term_string"}}],"inLanguage":"en-US"}]}},"post_mailing_queue_ids":[],"_links":{"self":[{"href":"https:\/\/trustywatches.com\/en\/wp-json\/wp\/v2\/product\/22593","targetHints":{"allow":["GET"]}}],"collection":[{"href":"https:\/\/trustywatches.com\/en\/wp-json\/wp\/v2\/product"}],"about":[{"href":"https:\/\/trustywatches.com\/en\/wp-json\/wp\/v2\/types\/product"}],"replies":[{"embeddable":true,"href":"https:\/\/trustywatches.com\/en\/wp-json\/wp\/v2\/comments?post=22593"}],"wp:featuredmedia":[{"embeddable":true,"href":"https:\/\/trustywatches.com\/en\/wp-json\/wp\/v2\/media\/26228"}],"wp:attachment":[{"href":"https:\/\/trustywatches.com\/en\/wp-json\/wp\/v2\/media?parent=22593"}],"wp:term":[{"taxonomy":"product_brand","embeddable":true,"href":"https:\/\/trustywatches.com\/en\/wp-json\/wp\/v2\/product_brand?post=22593"},{"taxonomy":"product_cat","embeddable":true,"href":"https:\/\/trustywatches.com\/en\/wp-json\/wp\/v2\/product_cat?post=22593"},{"taxonomy":"product_tag","embeddable":true,"href":"https:\/\/trustywatches.com\/en\/wp-json\/wp\/v2\/product_tag?post=22593"}],"curies":[{"name":"wp","href":"https:\/\/api.w.org\/{rel}","templated":true}]}}