{"id":22628,"date":"2026-01-14T04:15:58","date_gmt":"2026-01-14T10:15:58","guid":{"rendered":"https:\/\/darkgreen-grouse-660966.hostingersite.com\/product\/cartier-replicas-de-relojes-ballon-bleu-de-cartier-wjbb0033-correa-de-cuero-para-mujer-af-factory-33-mm\/"},"modified":"2026-03-05T00:45:42","modified_gmt":"2026-03-05T06:45:42","slug":"cartier-replicas-de-relojes-ballon-bleu-de-cartier-wjbb0033-correa-de-cuero-para-mujer-af-factory-33-mm","status":"publish","type":"product","link":"https:\/\/trustywatches.com\/en\/product\/cartier-replicas-de-relojes-ballon-bleu-de-cartier-wjbb0033-correa-de-cuero-para-mujer-af-factory-33-mm\/","title":{"rendered":"[hot-selling model]Cartier Ballon Bleu De Cartier replica watches WJBB0033 AF Factory women&#8217;s leather strap 33 mm"},"content":{"rendered":"<h2><strong>Presentation of Cartier replica watches<\/strong><\/h2>\n<div style=\"width: 720px\" class=\"wp-video\"><!--[if lt IE 9]>document.createElement('video');<![endif]--><br \/>\n<video class=\"wp-video-shortcode\" id=\"video-0-1\" width=\"720\" height=\"1280\" preload=\"metadata\" controls=\"controls\"><a href=\"https:\/\/kingreplica.com.vn\/wp-content\/uploads\/2025\/11\/Dong-Ho-Cartier-Replica-11-Ballon-Bleu-De-Cartier-WJBB0033-Nu-Dinh-Da-Xuong-AF-33mm-1.mp4\" target=\"_blank\" rel=\"noopener\">https :\/\/kingreplica.com.vn\/wp-content\/uploads\/2025\/11\/Dong-Ho-Cartier-Replica-11-Ballon-Bleu-De-Cartier-WJBB0033-Nu-Dinh-Da-Xuong-AF-33mm-1.mp4<\/a><\/video><\/div>\n<p><img fetchpriority=\"high\" decoding=\"async\" class=\"large-size aligncenter wp-image-43798\" src=\"https:\/\/kingreplica.com.vn\/wp-content\/uploads\/2025\/11\/Dong-Ho-Cartier-Replica-11-Ballon-Bleu-De-Cartier-WJBB0033-Nu-Dinh-Da-Xuong-AF-33mm-12-1024x1024.jpg\" alt=\"??ng H? Cartier Replica of 11 Ballon Bleu De Cartier WJBB0033 N? ???nh ??? X??ng AF 33 mm (2)\" width=\"1020\" height=\"1020\" \/> <img decoding=\"async\" class=\"aligncenter size-large wp-image-43792\" src=\"https:\/\/kingreplica.com.vn\/wp-content\/uploads\/2025\/11\/Dong-Ho-Cartier-Replica-11-Ballon-Bleu-De-Cartier-WJBB0033-Nu-Dinh-Da-Xuong-AF-33mm-6-1024x1024.jpg\" alt=\"Replica de Cartier 11 Ballon Bleu De Cartier WJBB0033 N? ???nh ??? X??ng AF 33 mm (2)\" width=\"1020\" height=\"1020\" \/> <img decoding=\"async\" class=\"aligncenter size-large wp-image-43790\" src=\"https:\/\/kingreplica.com.vn\/wp-content\/uploads\/2025\/11\/Dong-Ho-Cartier-Replica-11-Ballon-Bleu-De-Cartier-WJBB0033-Nu-Dinh-Da-Xuong-AF-33mm-4-1024x1024.jpg\" alt=\"??ng H? Replica Cartier 11 Ballon Bleu De Cartier WJBB0033 N? ???nh ??? X??ng AF 33 mm (2)\" width=\"1020\" height=\"1020\" \/> <img loading=\"lazy\" decoding=\"async\" class=\"aligncenter size-large wp-image-43788\" src=\"https:\/\/kingreplica.com.vn\/wp-content\/uploads\/2025\/11\/Dong-Ho-Cartier-Replica-11-Ballon-Bleu-De-Cartier-WJBB0033-Nu-Dinh-Da-Xuong-AF-33mm-2-1024x1024.jpg\" alt=\"Replica de Cartier 11 Ballon Bleu De Cartier WJBB0033 N? ???nh ??? X??ng AF 33 mm (2)\" width=\"1020\" height=\"1020\" \/> <img loading=\"lazy\" decoding=\"async\" class=\"aligncenter size-large wp-image-43789\" src=\"https:\/\/kingreplica.com.vn\/wp-content\/uploads\/2025\/11\/Dong-Ho-Cartier-Replica-11-Ballon-Bleu-De-Cartier-WJBB0033-Nu-Dinh-Da-Xuong-AF-33mm-3-1024x1024.jpg\" alt=\"??ng H? Replica Cartier 11 Ballon Bleu De Cartier WJBB0033 N? ???nh ??? X??ng AF 33mm (2)\" width=\"1020\" height=\"1020\" \/><\/p>\n","protected":false},"excerpt":{"rendered":"<h2><strong>ESPECIFICACIONES \u2013 GARANT\u00cdA<\/strong><strong>DE LOS RELOJES R\u00c9PLICA DE CARTIER<\/strong><\/h2>\n<table class=\"shop_attributes\" width=\"480\">\n<tbody>\n<tr>\n<th><strong>Especificaci\u00f3n<\/strong><\/th>\n<td><strong>Detalles<\/strong><\/td>\n<\/tr>\n<tr>\n<th><strong>Tama\u00f1o<\/strong><\/th>\n<td><strong>33 mm<\/strong><\/td>\n<\/tr>\n<tr>\n<th>Material<\/th>\n<td><strong>Acero inoxidable<\/strong><\/td>\n<\/tr>\n<tr>\n<th><strong>Correa<\/strong><\/th>\n<td><strong>Cuero Correa<\/strong><\/td>\n<\/tr>\n<tr>\n<th><strong>Movimiento<\/strong><\/th>\n<td><strong>Cuarzo<\/strong><\/td>\n<\/tr>\n<tr>\n<th><strong>Cristal<\/strong><\/th>\n<td><strong>Zafiro macizo<\/strong><\/td>\n<\/tr>\n<tr>\n<th><strong>Funciones<\/strong><\/th>\n<td><strong>Funcionalidad<\/strong><\/td>\n<\/tr>\n<tr>\n<th>Resistencia al agua<\/th>\n<td><strong><span class=\"text_exposed_show\">Buena<\/span><\/strong><\/td>\n<\/tr>\n<tr>\n<th>Garant\u00eda<\/th>\n<td><strong>5 a\u00f1os en el Movimiento<\/strong><\/td>\n<\/tr>\n<tr>\n<th><strong>Servicios<\/strong><\/th>\n<td><strong>Spa gratuito: lubricaci\u00f3n de m\u00e1quinas<\/strong><\/td>\n<\/tr>\n<tr>\n<th><strong>Soporte<\/strong><\/th>\n<td><strong>Cambio a una mejor relaci\u00f3n calidad-precio<\/strong><\/td>\n<\/tr>\n<\/tbody>\n<\/table>","protected":false},"featured_media":26625,"comment_status":"open","ping_status":"closed","template":"","meta":{"iawp_total_views":7},"product_brand":[],"product_cat":[223,196],"product_tag":[452,464],"class_list":{"0":"post-22628","1":"product","2":"type-product","3":"status-publish","4":"has-post-thumbnail","6":"product_cat-ballon-bleu","7":"product_cat-cartier","8":"product_tag-replica-de-reloj","9":"product_tag-replica-de-reloj-cartier","11":"first","12":"instock","13":"sale","14":"shipping-taxable","15":"purchasable","16":"product-type-simple"},"yoast_head":"<!-- This site is optimized with the Yoast SEO plugin v27.3 - https:\/\/yoast.com\/product\/yoast-seo-wordpress\/ -->\n<title>[hot-selling model]Cartier Ballon Bleu De Cartier replica watches WJBB0033 AF Factory women&#039;s leather strap 33 mm - Trustywatches<\/title>\n<meta name=\"robots\" content=\"index, follow, max-snippet:-1, max-image-preview:large, max-video-preview:-1\" \/>\n<link rel=\"canonical\" href=\"https:\/\/trustywatches.com\/en\/product\/cartier-replicas-de-relojes-ballon-bleu-de-cartier-wjbb0033-correa-de-cuero-para-mujer-af-factory-33-mm\/\" \/>\n<meta property=\"og:locale\" content=\"en_US\" \/>\n<meta property=\"og:type\" content=\"article\" \/>\n<meta property=\"og:title\" content=\"[hot-selling model]Cartier Ballon Bleu De Cartier replica watches WJBB0033 AF Factory women&#039;s leather strap 33 mm - Trustywatches\" \/>\n<meta property=\"og:description\" content=\"ESPECIFICACIONES \u2013 GARANT\u00cdADE LOS RELOJES R\u00c9PLICA DE CARTIER  Especificaci\u00f3n Detalles  Tama\u00f1o 33 mm  Material Acero inoxidable  Correa Cuero Correa  Movimiento Cuarzo  Cristal Zafiro macizo  Funciones Funcionalidad  Resistencia al agua Buena  Garant\u00eda 5 a\u00f1os en el Movimiento  Servicios Spa gratuito: lubricaci\u00f3n de m\u00e1quinas  Soporte Cambio a una mejor relaci\u00f3n calidad-precio\" \/>\n<meta property=\"og:url\" content=\"https:\/\/trustywatches.com\/en\/product\/cartier-replicas-de-relojes-ballon-bleu-de-cartier-wjbb0033-correa-de-cuero-para-mujer-af-factory-33-mm\/\" \/>\n<meta property=\"og:site_name\" content=\"Trustywatches\" \/>\n<meta property=\"article:modified_time\" content=\"2026-03-05T06:45:42+00:00\" \/>\n<meta property=\"og:image\" content=\"https:\/\/trustywatches.com\/wp-content\/uploads\/2026\/01\/Dong-Ho-Cartier-Replica-11-Ballon-Bleu-De-Cartier-WJBB0033-Nu-Dinh-Da-Xuong-AF-33mm-12.jpg\" \/>\n\t<meta property=\"og:image:width\" content=\"1920\" \/>\n\t<meta property=\"og:image:height\" content=\"1920\" \/>\n\t<meta property=\"og:image:type\" content=\"image\/jpeg\" \/>\n<meta name=\"twitter:card\" content=\"summary_large_image\" \/>\n<script type=\"application\/ld+json\" class=\"yoast-schema-graph\">{\"@context\":\"https:\\\/\\\/schema.org\",\"@graph\":[{\"@type\":\"WebPage\",\"@id\":\"https:\\\/\\\/trustywatches.com\\\/en\\\/product\\\/cartier-replicas-de-relojes-ballon-bleu-de-cartier-wjbb0033-correa-de-cuero-para-mujer-af-factory-33-mm\\\/\",\"url\":\"https:\\\/\\\/trustywatches.com\\\/en\\\/product\\\/cartier-replicas-de-relojes-ballon-bleu-de-cartier-wjbb0033-correa-de-cuero-para-mujer-af-factory-33-mm\\\/\",\"name\":\"[hot-selling model]Cartier Ballon Bleu De Cartier replica watches WJBB0033 AF Factory women's leather strap 33 mm - Trustywatches\",\"isPartOf\":{\"@id\":\"https:\\\/\\\/trustywatches.com\\\/#website\"},\"primaryImageOfPage\":{\"@id\":\"https:\\\/\\\/trustywatches.com\\\/en\\\/product\\\/cartier-replicas-de-relojes-ballon-bleu-de-cartier-wjbb0033-correa-de-cuero-para-mujer-af-factory-33-mm\\\/#primaryimage\"},\"image\":{\"@id\":\"https:\\\/\\\/trustywatches.com\\\/en\\\/product\\\/cartier-replicas-de-relojes-ballon-bleu-de-cartier-wjbb0033-correa-de-cuero-para-mujer-af-factory-33-mm\\\/#primaryimage\"},\"thumbnailUrl\":\"https:\\\/\\\/trustywatches.com\\\/wp-content\\\/uploads\\\/2026\\\/01\\\/Dong-Ho-Cartier-Replica-11-Ballon-Bleu-De-Cartier-WJBB0033-Nu-Dinh-Da-Xuong-AF-33mm-12.jpg\",\"datePublished\":\"2026-01-14T10:15:58+00:00\",\"dateModified\":\"2026-03-05T06:45:42+00:00\",\"breadcrumb\":{\"@id\":\"https:\\\/\\\/trustywatches.com\\\/en\\\/product\\\/cartier-replicas-de-relojes-ballon-bleu-de-cartier-wjbb0033-correa-de-cuero-para-mujer-af-factory-33-mm\\\/#breadcrumb\"},\"inLanguage\":\"en-US\",\"potentialAction\":[{\"@type\":\"ReadAction\",\"target\":[\"https:\\\/\\\/trustywatches.com\\\/en\\\/product\\\/cartier-replicas-de-relojes-ballon-bleu-de-cartier-wjbb0033-correa-de-cuero-para-mujer-af-factory-33-mm\\\/\"]}]},{\"@type\":\"ImageObject\",\"inLanguage\":\"en-US\",\"@id\":\"https:\\\/\\\/trustywatches.com\\\/en\\\/product\\\/cartier-replicas-de-relojes-ballon-bleu-de-cartier-wjbb0033-correa-de-cuero-para-mujer-af-factory-33-mm\\\/#primaryimage\",\"url\":\"https:\\\/\\\/trustywatches.com\\\/wp-content\\\/uploads\\\/2026\\\/01\\\/Dong-Ho-Cartier-Replica-11-Ballon-Bleu-De-Cartier-WJBB0033-Nu-Dinh-Da-Xuong-AF-33mm-12.jpg\",\"contentUrl\":\"https:\\\/\\\/trustywatches.com\\\/wp-content\\\/uploads\\\/2026\\\/01\\\/Dong-Ho-Cartier-Replica-11-Ballon-Bleu-De-Cartier-WJBB0033-Nu-Dinh-Da-Xuong-AF-33mm-12.jpg\",\"width\":1920,\"height\":1920},{\"@type\":\"BreadcrumbList\",\"@id\":\"https:\\\/\\\/trustywatches.com\\\/en\\\/product\\\/cartier-replicas-de-relojes-ballon-bleu-de-cartier-wjbb0033-correa-de-cuero-para-mujer-af-factory-33-mm\\\/#breadcrumb\",\"itemListElement\":[{\"@type\":\"ListItem\",\"position\":1,\"name\":\"Home\",\"item\":\"https:\\\/\\\/trustywatches.com\\\/\"},{\"@type\":\"ListItem\",\"position\":2,\"name\":\"TIENDA\",\"item\":\"https:\\\/\\\/trustywatches.com\\\/tienda\\\/\"},{\"@type\":\"ListItem\",\"position\":3,\"name\":\"[hot-selling model]Cartier Ballon Bleu De Cartier replica watches WJBB0033 AF Factory women&#8217;s leather strap 33 mm\"}]},{\"@type\":\"WebSite\",\"@id\":\"https:\\\/\\\/trustywatches.com\\\/#website\",\"url\":\"https:\\\/\\\/trustywatches.com\\\/\",\"name\":\"Trustywatches\",\"description\":\"\",\"potentialAction\":[{\"@type\":\"SearchAction\",\"target\":{\"@type\":\"EntryPoint\",\"urlTemplate\":\"https:\\\/\\\/trustywatches.com\\\/?s={search_term_string}\"},\"query-input\":{\"@type\":\"PropertyValueSpecification\",\"valueRequired\":true,\"valueName\":\"search_term_string\"}}],\"inLanguage\":\"en-US\"}]}<\/script>\n<!-- \/ Yoast SEO plugin. -->","yoast_head_json":{"title":"[hot-selling model]Cartier Ballon Bleu De Cartier replica watches WJBB0033 AF Factory women's leather strap 33 mm - Trustywatches","robots":{"index":"index","follow":"follow","max-snippet":"max-snippet:-1","max-image-preview":"max-image-preview:large","max-video-preview":"max-video-preview:-1"},"canonical":"https:\/\/trustywatches.com\/en\/product\/cartier-replicas-de-relojes-ballon-bleu-de-cartier-wjbb0033-correa-de-cuero-para-mujer-af-factory-33-mm\/","og_locale":"en_US","og_type":"article","og_title":"[hot-selling model]Cartier Ballon Bleu De Cartier replica watches WJBB0033 AF Factory women's leather strap 33 mm - Trustywatches","og_description":"ESPECIFICACIONES \u2013 GARANT\u00cdADE LOS RELOJES R\u00c9PLICA DE CARTIER  Especificaci\u00f3n Detalles  Tama\u00f1o 33 mm  Material Acero inoxidable  Correa Cuero Correa  Movimiento Cuarzo  Cristal Zafiro macizo  Funciones Funcionalidad  Resistencia al agua Buena  Garant\u00eda 5 a\u00f1os en el Movimiento  Servicios Spa gratuito: lubricaci\u00f3n de m\u00e1quinas  Soporte Cambio a una mejor relaci\u00f3n calidad-precio","og_url":"https:\/\/trustywatches.com\/en\/product\/cartier-replicas-de-relojes-ballon-bleu-de-cartier-wjbb0033-correa-de-cuero-para-mujer-af-factory-33-mm\/","og_site_name":"Trustywatches","article_modified_time":"2026-03-05T06:45:42+00:00","og_image":[{"width":1920,"height":1920,"url":"https:\/\/trustywatches.com\/wp-content\/uploads\/2026\/01\/Dong-Ho-Cartier-Replica-11-Ballon-Bleu-De-Cartier-WJBB0033-Nu-Dinh-Da-Xuong-AF-33mm-12.jpg","type":"image\/jpeg"}],"twitter_card":"summary_large_image","schema":{"@context":"https:\/\/schema.org","@graph":[{"@type":"WebPage","@id":"https:\/\/trustywatches.com\/en\/product\/cartier-replicas-de-relojes-ballon-bleu-de-cartier-wjbb0033-correa-de-cuero-para-mujer-af-factory-33-mm\/","url":"https:\/\/trustywatches.com\/en\/product\/cartier-replicas-de-relojes-ballon-bleu-de-cartier-wjbb0033-correa-de-cuero-para-mujer-af-factory-33-mm\/","name":"[hot-selling model]Cartier Ballon Bleu De Cartier replica watches WJBB0033 AF Factory women's leather strap 33 mm - Trustywatches","isPartOf":{"@id":"https:\/\/trustywatches.com\/#website"},"primaryImageOfPage":{"@id":"https:\/\/trustywatches.com\/en\/product\/cartier-replicas-de-relojes-ballon-bleu-de-cartier-wjbb0033-correa-de-cuero-para-mujer-af-factory-33-mm\/#primaryimage"},"image":{"@id":"https:\/\/trustywatches.com\/en\/product\/cartier-replicas-de-relojes-ballon-bleu-de-cartier-wjbb0033-correa-de-cuero-para-mujer-af-factory-33-mm\/#primaryimage"},"thumbnailUrl":"https:\/\/trustywatches.com\/wp-content\/uploads\/2026\/01\/Dong-Ho-Cartier-Replica-11-Ballon-Bleu-De-Cartier-WJBB0033-Nu-Dinh-Da-Xuong-AF-33mm-12.jpg","datePublished":"2026-01-14T10:15:58+00:00","dateModified":"2026-03-05T06:45:42+00:00","breadcrumb":{"@id":"https:\/\/trustywatches.com\/en\/product\/cartier-replicas-de-relojes-ballon-bleu-de-cartier-wjbb0033-correa-de-cuero-para-mujer-af-factory-33-mm\/#breadcrumb"},"inLanguage":"en-US","potentialAction":[{"@type":"ReadAction","target":["https:\/\/trustywatches.com\/en\/product\/cartier-replicas-de-relojes-ballon-bleu-de-cartier-wjbb0033-correa-de-cuero-para-mujer-af-factory-33-mm\/"]}]},{"@type":"ImageObject","inLanguage":"en-US","@id":"https:\/\/trustywatches.com\/en\/product\/cartier-replicas-de-relojes-ballon-bleu-de-cartier-wjbb0033-correa-de-cuero-para-mujer-af-factory-33-mm\/#primaryimage","url":"https:\/\/trustywatches.com\/wp-content\/uploads\/2026\/01\/Dong-Ho-Cartier-Replica-11-Ballon-Bleu-De-Cartier-WJBB0033-Nu-Dinh-Da-Xuong-AF-33mm-12.jpg","contentUrl":"https:\/\/trustywatches.com\/wp-content\/uploads\/2026\/01\/Dong-Ho-Cartier-Replica-11-Ballon-Bleu-De-Cartier-WJBB0033-Nu-Dinh-Da-Xuong-AF-33mm-12.jpg","width":1920,"height":1920},{"@type":"BreadcrumbList","@id":"https:\/\/trustywatches.com\/en\/product\/cartier-replicas-de-relojes-ballon-bleu-de-cartier-wjbb0033-correa-de-cuero-para-mujer-af-factory-33-mm\/#breadcrumb","itemListElement":[{"@type":"ListItem","position":1,"name":"Home","item":"https:\/\/trustywatches.com\/"},{"@type":"ListItem","position":2,"name":"TIENDA","item":"https:\/\/trustywatches.com\/tienda\/"},{"@type":"ListItem","position":3,"name":"[hot-selling model]Cartier Ballon Bleu De Cartier replica watches WJBB0033 AF Factory women&#8217;s leather strap 33 mm"}]},{"@type":"WebSite","@id":"https:\/\/trustywatches.com\/#website","url":"https:\/\/trustywatches.com\/","name":"Trustywatches","description":"","potentialAction":[{"@type":"SearchAction","target":{"@type":"EntryPoint","urlTemplate":"https:\/\/trustywatches.com\/?s={search_term_string}"},"query-input":{"@type":"PropertyValueSpecification","valueRequired":true,"valueName":"search_term_string"}}],"inLanguage":"en-US"}]}},"post_mailing_queue_ids":[],"_links":{"self":[{"href":"https:\/\/trustywatches.com\/en\/wp-json\/wp\/v2\/product\/22628","targetHints":{"allow":["GET"]}}],"collection":[{"href":"https:\/\/trustywatches.com\/en\/wp-json\/wp\/v2\/product"}],"about":[{"href":"https:\/\/trustywatches.com\/en\/wp-json\/wp\/v2\/types\/product"}],"replies":[{"embeddable":true,"href":"https:\/\/trustywatches.com\/en\/wp-json\/wp\/v2\/comments?post=22628"}],"wp:featuredmedia":[{"embeddable":true,"href":"https:\/\/trustywatches.com\/en\/wp-json\/wp\/v2\/media\/26625"}],"wp:attachment":[{"href":"https:\/\/trustywatches.com\/en\/wp-json\/wp\/v2\/media?parent=22628"}],"wp:term":[{"taxonomy":"product_brand","embeddable":true,"href":"https:\/\/trustywatches.com\/en\/wp-json\/wp\/v2\/product_brand?post=22628"},{"taxonomy":"product_cat","embeddable":true,"href":"https:\/\/trustywatches.com\/en\/wp-json\/wp\/v2\/product_cat?post=22628"},{"taxonomy":"product_tag","embeddable":true,"href":"https:\/\/trustywatches.com\/en\/wp-json\/wp\/v2\/product_tag?post=22628"}],"curies":[{"name":"wp","href":"https:\/\/api.w.org\/{rel}","templated":true}]}}