{"id":22641,"date":"2026-01-14T04:15:59","date_gmt":"2026-01-14T10:15:59","guid":{"rendered":"https:\/\/darkgreen-grouse-660966.hostingersite.com\/product\/omega-seamaster-aqua-terra-150m-relojes-de-imitacion-de-lujo-esfera-azul-de-verano-vs-caja-de-fabrica-de-41-mm\/"},"modified":"2026-03-05T00:45:42","modified_gmt":"2026-03-05T06:45:42","slug":"omega-seamaster-aqua-terra-150m-relojes-de-imitacion-de-lujo-esfera-azul-de-verano-vs-caja-de-fabrica-de-41-mm","status":"publish","type":"product","link":"https:\/\/trustywatches.com\/en\/product\/omega-seamaster-aqua-terra-150m-relojes-de-imitacion-de-lujo-esfera-azul-de-verano-vs-caja-de-fabrica-de-41-mm\/","title":{"rendered":"Omega Seamaster Aqua Terra 150M Luxury Faux Watches Summer Blue Dial vs. 41mm factory case"},"content":{"rendered":"<h2><strong>Introducing the luxury imitation watches Omega Seamaster Aqua Terra 150M<\/strong><\/h2>\n<p><img fetchpriority=\"high\" decoding=\"async\" class=\"aligncenter size-large wp-image-44038\" src=\"https:\/\/kingreplica.com.vn\/wp-content\/uploads\/2025\/11\/Dong-Ho-Omega-Seamaster-Aqua-Terra-150M-Replica-11-Mat-So-Summer-Blue-Xuong-VS-41mm-10-683x1024.jpg\" alt=\"Dong Ho Omega Seamaster Aqua Terra 150M Replica 11 Mat So Summer Blue Xuong VS 41mm (2)\" width=\"683\" height=\"1024\" \/> <img decoding=\"async\" class=\"aligncenter size-large wp-image-44037\" src=\"https:\/\/kingreplica.com.vn\/wp-content\/uploads\/2025\/11\/Dong-Ho-Omega-Seamaster-Aqua-Terra-150M-Replica-11-Mat-So-Summer-Blue-Xuong-VS-41mm-9-683x1024.jpg\" alt=\"Dong Ho Omega Seamaster Aqua Terra 150M Replica 11 Mat So Summer Blue Xuong VS 41mm (2)\" width=\"683\" height=\"1024\" \/> <img decoding=\"async\" class=\"aligncenter size-large wp-image-44035\" src=\"https:\/\/kingreplica.com.vn\/wp-content\/uploads\/2025\/11\/Dong-Ho-Omega-Seamaster-Aqua-Terra-150M-Replica-11-Mat-So-Summer-Blue-Xuong-VS-41mm-7-683x1024.jpg\" alt=\"Dong Ho Omega Seamaster Aqua Terra 150M Replica 11 Mat So Summer Blue Xuong VS 41mm (2)\" width=\"683\" height=\"1024\" \/> <img loading=\"lazy\" decoding=\"async\" class=\"aligncenter size-large wp-image-44034\" src=\"https:\/\/kingreplica.com.vn\/wp-content\/uploads\/2025\/11\/Dong-Ho-Omega-Seamaster-Aqua-Terra-150M-Replica-11-Mat-So-Summer-Blue-Xuong-VS-41mm-6-683x1024.jpg\" alt=\"Dong Ho Omega Seamaster Aqua Terra 150M Replica 11 Mat So Summer Blue Xuong VS 41mm (2)\" width=\"683\" height=\"1024\" \/><\/p>","protected":false},"excerpt":{"rendered":"<h2><strong>ESPECIFICACIONES \u2013 GARANT\u00cdA<\/strong><strong>DE LOS RELOJES R\u00c9PLICA OMEGA<\/strong><\/h2>\n<table class=\"shop_attributes\" width=\"480\">\n<tbody>\n<tr>\n<th><strong>Especificaci\u00f3n<\/strong><\/th>\n<td><strong>Detalles<\/strong><\/td>\n<\/tr>\n<tr>\n<th><strong>Tama\u00f1o<\/strong><\/th>\n<td><strong>41 mm<\/strong><\/td>\n<\/tr>\n<tr>\n<th>Material<\/th>\n<td><strong>Acero inoxidable<\/strong><\/td>\n<\/tr>\n<tr>\n<th><strong>Correa<\/strong><\/th>\n<td><strong>Alambre met\u00e1lico<\/strong><\/td>\n<\/tr>\n<tr>\n<th><strong>Movimiento<\/strong><\/th>\n<td><strong>Autom\u00e1tico \u2013 Calibre 8900<\/strong><\/td>\n<\/tr>\n<tr>\n<th><strong>Cristal<\/strong><\/th>\n<td><strong>Zafiro macizo<\/strong><\/td>\n<\/tr>\n<tr>\n<th><strong>Funciones<\/strong><\/th>\n<td><strong>Funcionalidad<\/strong><\/td>\n<\/tr>\n<tr>\n<th>Resistencia al agua<\/th>\n<td><strong><span class=\"text_exposed_show\">Buena<\/span><\/strong><\/td>\n<\/tr>\n<tr>\n<th>Garant\u00eda<\/th>\n<td><strong>5 a\u00f1os en el movimiento<\/strong><\/td>\n<\/tr>\n<tr>\n<th><strong>Servicios<\/strong><\/th>\n<td><strong>Spa gratuito &#8211; M\u00e1quina Lubricaci\u00f3n<br \/>\n<\/strong><\/td>\n<\/tr>\n<tr>\n<th><strong>Soporte<\/strong><\/th>\n<td><strong>Cambio a mejor precio<\/strong><\/td>\n<\/tr>\n<\/tbody>\n<\/table>","protected":false},"featured_media":26786,"comment_status":"open","ping_status":"closed","template":"","meta":{"iawp_total_views":3},"product_brand":[],"product_cat":[212,194],"product_tag":[452,451],"class_list":{"0":"post-22641","1":"product","2":"type-product","3":"status-publish","4":"has-post-thumbnail","6":"product_cat-de-ville","7":"product_cat-omega","8":"product_tag-replica-de-reloj","9":"product_tag-replica-de-reloj-omega","11":"first","12":"instock","13":"sale","14":"shipping-taxable","15":"purchasable","16":"product-type-simple"},"yoast_head":"<!-- This site is optimized with the Yoast SEO plugin v27.3 - https:\/\/yoast.com\/product\/yoast-seo-wordpress\/ -->\n<title>Omega Seamaster Aqua Terra 150M Luxury Faux Watches Summer Blue Dial vs. 41mm factory case - Trustywatches<\/title>\n<meta name=\"robots\" content=\"index, follow, max-snippet:-1, max-image-preview:large, max-video-preview:-1\" \/>\n<link rel=\"canonical\" href=\"https:\/\/trustywatches.com\/en\/product\/omega-seamaster-aqua-terra-150m-relojes-de-imitacion-de-lujo-esfera-azul-de-verano-vs-caja-de-fabrica-de-41-mm\/\" \/>\n<meta property=\"og:locale\" content=\"en_US\" \/>\n<meta property=\"og:type\" content=\"article\" \/>\n<meta property=\"og:title\" content=\"Omega Seamaster Aqua Terra 150M Luxury Faux Watches Summer Blue Dial vs. 41mm factory case - Trustywatches\" \/>\n<meta property=\"og:description\" content=\"ESPECIFICACIONES \u2013 GARANT\u00cdADE LOS RELOJES R\u00c9PLICA OMEGA  Especificaci\u00f3n Detalles  Tama\u00f1o 41 mm  Material Acero inoxidable  Correa Alambre met\u00e1lico  Movimiento Autom\u00e1tico \u2013 Calibre 8900  Cristal Zafiro macizo  Funciones Funcionalidad  Resistencia al agua Buena  Garant\u00eda 5 a\u00f1os en el movimiento  Servicios Spa gratuito - M\u00e1quina Lubricaci\u00f3n  Soporte Cambio a mejor precio\" \/>\n<meta property=\"og:url\" content=\"https:\/\/trustywatches.com\/en\/product\/omega-seamaster-aqua-terra-150m-relojes-de-imitacion-de-lujo-esfera-azul-de-verano-vs-caja-de-fabrica-de-41-mm\/\" \/>\n<meta property=\"og:site_name\" content=\"Trustywatches\" \/>\n<meta property=\"article:modified_time\" content=\"2026-03-05T06:45:42+00:00\" \/>\n<meta property=\"og:image\" content=\"https:\/\/trustywatches.com\/wp-content\/uploads\/2026\/01\/Dong-Ho-Omega-Seamaster-Aqua-Terra-150M-Replica-11-Mat-So-Summer-Blue-Xuong-VS-41mm-10.jpg\" \/>\n\t<meta property=\"og:image:width\" content=\"1280\" \/>\n\t<meta property=\"og:image:height\" content=\"1920\" \/>\n\t<meta property=\"og:image:type\" content=\"image\/jpeg\" \/>\n<meta name=\"twitter:card\" content=\"summary_large_image\" \/>\n<script type=\"application\/ld+json\" class=\"yoast-schema-graph\">{\"@context\":\"https:\\\/\\\/schema.org\",\"@graph\":[{\"@type\":\"WebPage\",\"@id\":\"https:\\\/\\\/trustywatches.com\\\/en\\\/product\\\/omega-seamaster-aqua-terra-150m-relojes-de-imitacion-de-lujo-esfera-azul-de-verano-vs-caja-de-fabrica-de-41-mm\\\/\",\"url\":\"https:\\\/\\\/trustywatches.com\\\/en\\\/product\\\/omega-seamaster-aqua-terra-150m-relojes-de-imitacion-de-lujo-esfera-azul-de-verano-vs-caja-de-fabrica-de-41-mm\\\/\",\"name\":\"Omega Seamaster Aqua Terra 150M Luxury Faux Watches Summer Blue Dial vs. 41mm factory case - Trustywatches\",\"isPartOf\":{\"@id\":\"https:\\\/\\\/trustywatches.com\\\/#website\"},\"primaryImageOfPage\":{\"@id\":\"https:\\\/\\\/trustywatches.com\\\/en\\\/product\\\/omega-seamaster-aqua-terra-150m-relojes-de-imitacion-de-lujo-esfera-azul-de-verano-vs-caja-de-fabrica-de-41-mm\\\/#primaryimage\"},\"image\":{\"@id\":\"https:\\\/\\\/trustywatches.com\\\/en\\\/product\\\/omega-seamaster-aqua-terra-150m-relojes-de-imitacion-de-lujo-esfera-azul-de-verano-vs-caja-de-fabrica-de-41-mm\\\/#primaryimage\"},\"thumbnailUrl\":\"https:\\\/\\\/trustywatches.com\\\/wp-content\\\/uploads\\\/2026\\\/01\\\/Dong-Ho-Omega-Seamaster-Aqua-Terra-150M-Replica-11-Mat-So-Summer-Blue-Xuong-VS-41mm-10.jpg\",\"datePublished\":\"2026-01-14T10:15:59+00:00\",\"dateModified\":\"2026-03-05T06:45:42+00:00\",\"breadcrumb\":{\"@id\":\"https:\\\/\\\/trustywatches.com\\\/en\\\/product\\\/omega-seamaster-aqua-terra-150m-relojes-de-imitacion-de-lujo-esfera-azul-de-verano-vs-caja-de-fabrica-de-41-mm\\\/#breadcrumb\"},\"inLanguage\":\"en-US\",\"potentialAction\":[{\"@type\":\"ReadAction\",\"target\":[\"https:\\\/\\\/trustywatches.com\\\/en\\\/product\\\/omega-seamaster-aqua-terra-150m-relojes-de-imitacion-de-lujo-esfera-azul-de-verano-vs-caja-de-fabrica-de-41-mm\\\/\"]}]},{\"@type\":\"ImageObject\",\"inLanguage\":\"en-US\",\"@id\":\"https:\\\/\\\/trustywatches.com\\\/en\\\/product\\\/omega-seamaster-aqua-terra-150m-relojes-de-imitacion-de-lujo-esfera-azul-de-verano-vs-caja-de-fabrica-de-41-mm\\\/#primaryimage\",\"url\":\"https:\\\/\\\/trustywatches.com\\\/wp-content\\\/uploads\\\/2026\\\/01\\\/Dong-Ho-Omega-Seamaster-Aqua-Terra-150M-Replica-11-Mat-So-Summer-Blue-Xuong-VS-41mm-10.jpg\",\"contentUrl\":\"https:\\\/\\\/trustywatches.com\\\/wp-content\\\/uploads\\\/2026\\\/01\\\/Dong-Ho-Omega-Seamaster-Aqua-Terra-150M-Replica-11-Mat-So-Summer-Blue-Xuong-VS-41mm-10.jpg\",\"width\":1280,\"height\":1920},{\"@type\":\"BreadcrumbList\",\"@id\":\"https:\\\/\\\/trustywatches.com\\\/en\\\/product\\\/omega-seamaster-aqua-terra-150m-relojes-de-imitacion-de-lujo-esfera-azul-de-verano-vs-caja-de-fabrica-de-41-mm\\\/#breadcrumb\",\"itemListElement\":[{\"@type\":\"ListItem\",\"position\":1,\"name\":\"Home\",\"item\":\"https:\\\/\\\/trustywatches.com\\\/\"},{\"@type\":\"ListItem\",\"position\":2,\"name\":\"TIENDA\",\"item\":\"https:\\\/\\\/trustywatches.com\\\/tienda\\\/\"},{\"@type\":\"ListItem\",\"position\":3,\"name\":\"Omega Seamaster Aqua Terra 150M Luxury Faux Watches Summer Blue Dial vs. 41mm factory case\"}]},{\"@type\":\"WebSite\",\"@id\":\"https:\\\/\\\/trustywatches.com\\\/#website\",\"url\":\"https:\\\/\\\/trustywatches.com\\\/\",\"name\":\"Trustywatches\",\"description\":\"\",\"potentialAction\":[{\"@type\":\"SearchAction\",\"target\":{\"@type\":\"EntryPoint\",\"urlTemplate\":\"https:\\\/\\\/trustywatches.com\\\/?s={search_term_string}\"},\"query-input\":{\"@type\":\"PropertyValueSpecification\",\"valueRequired\":true,\"valueName\":\"search_term_string\"}}],\"inLanguage\":\"en-US\"}]}<\/script>\n<!-- \/ Yoast SEO plugin. -->","yoast_head_json":{"title":"Omega Seamaster Aqua Terra 150M Luxury Faux Watches Summer Blue Dial vs. 41mm factory case - Trustywatches","robots":{"index":"index","follow":"follow","max-snippet":"max-snippet:-1","max-image-preview":"max-image-preview:large","max-video-preview":"max-video-preview:-1"},"canonical":"https:\/\/trustywatches.com\/en\/product\/omega-seamaster-aqua-terra-150m-relojes-de-imitacion-de-lujo-esfera-azul-de-verano-vs-caja-de-fabrica-de-41-mm\/","og_locale":"en_US","og_type":"article","og_title":"Omega Seamaster Aqua Terra 150M Luxury Faux Watches Summer Blue Dial vs. 41mm factory case - Trustywatches","og_description":"ESPECIFICACIONES \u2013 GARANT\u00cdADE LOS RELOJES R\u00c9PLICA OMEGA  Especificaci\u00f3n Detalles  Tama\u00f1o 41 mm  Material Acero inoxidable  Correa Alambre met\u00e1lico  Movimiento Autom\u00e1tico \u2013 Calibre 8900  Cristal Zafiro macizo  Funciones Funcionalidad  Resistencia al agua Buena  Garant\u00eda 5 a\u00f1os en el movimiento  Servicios Spa gratuito - M\u00e1quina Lubricaci\u00f3n  Soporte Cambio a mejor precio","og_url":"https:\/\/trustywatches.com\/en\/product\/omega-seamaster-aqua-terra-150m-relojes-de-imitacion-de-lujo-esfera-azul-de-verano-vs-caja-de-fabrica-de-41-mm\/","og_site_name":"Trustywatches","article_modified_time":"2026-03-05T06:45:42+00:00","og_image":[{"width":1280,"height":1920,"url":"https:\/\/trustywatches.com\/wp-content\/uploads\/2026\/01\/Dong-Ho-Omega-Seamaster-Aqua-Terra-150M-Replica-11-Mat-So-Summer-Blue-Xuong-VS-41mm-10.jpg","type":"image\/jpeg"}],"twitter_card":"summary_large_image","schema":{"@context":"https:\/\/schema.org","@graph":[{"@type":"WebPage","@id":"https:\/\/trustywatches.com\/en\/product\/omega-seamaster-aqua-terra-150m-relojes-de-imitacion-de-lujo-esfera-azul-de-verano-vs-caja-de-fabrica-de-41-mm\/","url":"https:\/\/trustywatches.com\/en\/product\/omega-seamaster-aqua-terra-150m-relojes-de-imitacion-de-lujo-esfera-azul-de-verano-vs-caja-de-fabrica-de-41-mm\/","name":"Omega Seamaster Aqua Terra 150M Luxury Faux Watches Summer Blue Dial vs. 41mm factory case - Trustywatches","isPartOf":{"@id":"https:\/\/trustywatches.com\/#website"},"primaryImageOfPage":{"@id":"https:\/\/trustywatches.com\/en\/product\/omega-seamaster-aqua-terra-150m-relojes-de-imitacion-de-lujo-esfera-azul-de-verano-vs-caja-de-fabrica-de-41-mm\/#primaryimage"},"image":{"@id":"https:\/\/trustywatches.com\/en\/product\/omega-seamaster-aqua-terra-150m-relojes-de-imitacion-de-lujo-esfera-azul-de-verano-vs-caja-de-fabrica-de-41-mm\/#primaryimage"},"thumbnailUrl":"https:\/\/trustywatches.com\/wp-content\/uploads\/2026\/01\/Dong-Ho-Omega-Seamaster-Aqua-Terra-150M-Replica-11-Mat-So-Summer-Blue-Xuong-VS-41mm-10.jpg","datePublished":"2026-01-14T10:15:59+00:00","dateModified":"2026-03-05T06:45:42+00:00","breadcrumb":{"@id":"https:\/\/trustywatches.com\/en\/product\/omega-seamaster-aqua-terra-150m-relojes-de-imitacion-de-lujo-esfera-azul-de-verano-vs-caja-de-fabrica-de-41-mm\/#breadcrumb"},"inLanguage":"en-US","potentialAction":[{"@type":"ReadAction","target":["https:\/\/trustywatches.com\/en\/product\/omega-seamaster-aqua-terra-150m-relojes-de-imitacion-de-lujo-esfera-azul-de-verano-vs-caja-de-fabrica-de-41-mm\/"]}]},{"@type":"ImageObject","inLanguage":"en-US","@id":"https:\/\/trustywatches.com\/en\/product\/omega-seamaster-aqua-terra-150m-relojes-de-imitacion-de-lujo-esfera-azul-de-verano-vs-caja-de-fabrica-de-41-mm\/#primaryimage","url":"https:\/\/trustywatches.com\/wp-content\/uploads\/2026\/01\/Dong-Ho-Omega-Seamaster-Aqua-Terra-150M-Replica-11-Mat-So-Summer-Blue-Xuong-VS-41mm-10.jpg","contentUrl":"https:\/\/trustywatches.com\/wp-content\/uploads\/2026\/01\/Dong-Ho-Omega-Seamaster-Aqua-Terra-150M-Replica-11-Mat-So-Summer-Blue-Xuong-VS-41mm-10.jpg","width":1280,"height":1920},{"@type":"BreadcrumbList","@id":"https:\/\/trustywatches.com\/en\/product\/omega-seamaster-aqua-terra-150m-relojes-de-imitacion-de-lujo-esfera-azul-de-verano-vs-caja-de-fabrica-de-41-mm\/#breadcrumb","itemListElement":[{"@type":"ListItem","position":1,"name":"Home","item":"https:\/\/trustywatches.com\/"},{"@type":"ListItem","position":2,"name":"TIENDA","item":"https:\/\/trustywatches.com\/tienda\/"},{"@type":"ListItem","position":3,"name":"Omega Seamaster Aqua Terra 150M Luxury Faux Watches Summer Blue Dial vs. 41mm factory case"}]},{"@type":"WebSite","@id":"https:\/\/trustywatches.com\/#website","url":"https:\/\/trustywatches.com\/","name":"Trustywatches","description":"","potentialAction":[{"@type":"SearchAction","target":{"@type":"EntryPoint","urlTemplate":"https:\/\/trustywatches.com\/?s={search_term_string}"},"query-input":{"@type":"PropertyValueSpecification","valueRequired":true,"valueName":"search_term_string"}}],"inLanguage":"en-US"}]}},"post_mailing_queue_ids":[],"_links":{"self":[{"href":"https:\/\/trustywatches.com\/en\/wp-json\/wp\/v2\/product\/22641","targetHints":{"allow":["GET"]}}],"collection":[{"href":"https:\/\/trustywatches.com\/en\/wp-json\/wp\/v2\/product"}],"about":[{"href":"https:\/\/trustywatches.com\/en\/wp-json\/wp\/v2\/types\/product"}],"replies":[{"embeddable":true,"href":"https:\/\/trustywatches.com\/en\/wp-json\/wp\/v2\/comments?post=22641"}],"wp:featuredmedia":[{"embeddable":true,"href":"https:\/\/trustywatches.com\/en\/wp-json\/wp\/v2\/media\/26786"}],"wp:attachment":[{"href":"https:\/\/trustywatches.com\/en\/wp-json\/wp\/v2\/media?parent=22641"}],"wp:term":[{"taxonomy":"product_brand","embeddable":true,"href":"https:\/\/trustywatches.com\/en\/wp-json\/wp\/v2\/product_brand?post=22641"},{"taxonomy":"product_cat","embeddable":true,"href":"https:\/\/trustywatches.com\/en\/wp-json\/wp\/v2\/product_cat?post=22641"},{"taxonomy":"product_tag","embeddable":true,"href":"https:\/\/trustywatches.com\/en\/wp-json\/wp\/v2\/product_tag?post=22641"}],"curies":[{"name":"wp","href":"https:\/\/api.w.org\/{rel}","templated":true}]}}