{"id":22651,"date":"2026-01-14T04:15:59","date_gmt":"2026-01-14T10:15:59","guid":{"rendered":"https:\/\/darkgreen-grouse-660966.hostingersite.com\/product\/audemars-piguet-royal-oak-offshore-chronograph-26420io-reloj-de-imitacion-de-lujo-esfera-gris-aps-43-mm\/"},"modified":"2026-03-05T00:45:44","modified_gmt":"2026-03-05T06:45:44","slug":"audemars-piguet-royal-oak-offshore-cronografo-26420io-replica-de-reloj-de-lujo-esfera-gris-movimiento-aps-43-mm","status":"publish","type":"product","link":"https:\/\/trustywatches.com\/en\/product\/audemars-piguet-royal-oak-offshore-cronografo-26420io-replica-de-reloj-de-lujo-esfera-gris-movimiento-aps-43-mm\/","title":{"rendered":"Audemars Piguet Royal Oak Offshore Chronograph 26420IO &#8211; Luxury replica watch (gray dial, APS movement, 43 mm)"},"content":{"rendered":"<h2><strong>We present Audemars Piguet luxury replica watches<\/strong><\/h2>\n<p><img fetchpriority=\"high\" decoding=\"async\" class=\"aligncenter size-large wp-image-44509\" src=\"https:\/\/kingreplica.com.vn\/wp-content\/uploads\/2025\/11\/Dong-Ho-Audemars-Piguet-Che-Tac-Royal-Oak-Offshore-Chronograph-26420IO-Mau-Xam-Nha-May-APS-43mm-7-1024x768.jpg\" alt=\"??ng H? Audemars Piguet Ch? Royal Oak Offshore Chronograph 26420IO M??u X??m Nh?? M??y APS 43mm (3)\" width=\"1020\" height=\"765\" \/> <img decoding=\"async\" class=\"aligncenter size-large wp-image-44514\" src=\"https:\/\/kingreplica.com.vn\/wp-content\/uploads\/2025\/11\/Dong-Ho-Audemars-Piguet-Che-Tac-Royal-Oak-Offshore-Chronograph-26420IO-Mau-Xam-Nha-May-APS-43mm-12-1024x768.jpg\" alt=\"Dong Ho Audemars Piguet Ch? T??c Royal Oak Offshore Chronograph 26420IO M??u X??m Nh?? M??y APS 43mm (3)\" width=\"1020\" height=\"765\" \/> <img decoding=\"async\" class=\"aligncenter size-large wp-image-44517\" src=\"https:\/\/kingreplica.com.vn\/wp-content\/uploads\/2025\/11\/Dong-Ho-Audemars-Piguet-Che-Tac-Royal-Oak-Offshore-Chronograph-26420IO-Mau-Xam-Nha-May-APS-43mm-1-1024x768.jpg\" alt=\"Dong Ho Audemars Piguet Ch? T??c Royal Oak Offshore Chronograph 26420IO M??u X??m Nh?? M??y APS 43mm (3)\" width=\"1020\" height=\"765\" \/> <img loading=\"lazy\" decoding=\"async\" class=\"aligncenter size-large wp-image-44507\" src=\"https:\/\/kingreplica.com.vn\/wp-content\/uploads\/2025\/11\/Dong-Ho-Audemars-Piguet-Che-Tac-Royal-Oak-Offshore-Chronograph-26420IO-Mau-Xam-Nha-May-APS-43mm-5-1024x768.jpg\" alt=\"Dong Ho Audemars Piguet Ch? T??c Royal Oak Offshore Chronograph 26420IO M??u X??m Nh?? M??y APS 43mm (3)\" width=\"1020\" height=\"765\" \/> <img loading=\"lazy\" decoding=\"async\" class=\"aligncenter size-large wp-image-44515\" src=\"https:\/\/kingreplica.com.vn\/wp-content\/uploads\/2025\/11\/Dong-Ho-Audemars-Piguet-Che-Tac-Royal-Oak-Offshore-Chronograph-26420IO-Mau-Xam-Nha-May-APS-43mm-13-1024x768.jpg\" alt=\"Dong Ho Audemars Piguet Ch? T??c Royal Oak Offshore Chronograph 26420IO M??u X??m Nh?? M??y APS 43mm (3)\" width=\"1020\" height=\"765\" \/><\/p>","protected":false},"excerpt":{"rendered":"<h2><strong>ESPECIFICACIONES \u2013 GARANT\u00cdA<\/strong><strong>DE LOS RELOJES DE LUJO AUDEMARS PIGUET ROYAL OAK OFFSHORE R\u00c9PLICAS<\/strong><\/h2>\n<table class=\"shop_attributes\" width=\"480\">\n<tbody>\n<tr>\n<th><strong>Especificaci\u00f3n<\/strong><\/th>\n<td><strong>Detalles<\/strong><\/td>\n<\/tr>\n<tr>\n<th><strong>Tama\u00f1o<\/strong><\/th>\n<td><strong>43 mm<\/strong><\/td>\n<\/tr>\n<tr>\n<th>Material<\/th>\n<td><strong>Acero inoxidable<\/strong><\/td>\n<\/tr>\n<tr>\n<th><strong>Correa<\/strong><\/th>\n<td><strong>Caucho Correa<\/strong><\/td>\n<\/tr>\n<tr>\n<th><strong>Movimiento<\/strong><\/th>\n<td><strong>Autom\u00e1tico \u2013 Calibre 4401<\/strong><\/td>\n<\/tr>\n<tr>\n<th><strong>Cristal<\/strong><\/th>\n<td><strong>Zafiro macizo<\/strong><\/td>\n<\/tr>\n<tr>\n<th><strong>Funciones<\/strong><\/th>\n<td><strong>Funcionalidad<\/strong><\/td>\n<\/tr>\n<tr>\n<th>Resistencia al agua<\/th>\n<td><strong><span class=\"text_exposed_show\">Buena<\/span><\/strong><\/td>\n<\/tr>\n<tr>\n<th>Garant\u00eda<\/th>\n<td><strong>5 a\u00f1os en el Movimiento<\/strong><\/td>\n<\/tr>\n<tr>\n<th><strong>Servicios<\/strong><\/th>\n<td><strong>Spa gratuito: lubricaci\u00f3n de m\u00e1quinas<\/strong><\/td>\n<\/tr>\n<tr>\n<th><strong>Soporte<\/strong><\/th>\n<td><strong>Cambio a una mejor relaci\u00f3n calidad-precio<\/strong><\/td>\n<\/tr>\n<\/tbody>\n<\/table>","protected":false},"featured_media":26881,"comment_status":"closed","ping_status":"closed","template":"","meta":{"iawp_total_views":2},"product_brand":[],"product_cat":[195,215],"product_tag":[463,456],"class_list":{"0":"post-22651","1":"product","2":"type-product","3":"status-publish","4":"has-post-thumbnail","6":"product_cat-audemars-piguet","7":"product_cat-oak-offshore","8":"product_tag-replicas-de-relojes","9":"product_tag-replicas-de-relojes-audemars-piguet","11":"first","12":"instock","13":"sale","14":"shipping-taxable","15":"purchasable","16":"product-type-simple"},"yoast_head":"<!-- This site is optimized with the Yoast SEO plugin v27.3 - https:\/\/yoast.com\/product\/yoast-seo-wordpress\/ -->\n<title>Audemars Piguet Royal Oak Offshore Chronograph 26420IO - Luxury replica watch (gray dial, APS movement, 43 mm) - Trustywatches<\/title>\n<meta name=\"robots\" content=\"index, follow, max-snippet:-1, max-image-preview:large, max-video-preview:-1\" \/>\n<link rel=\"canonical\" href=\"https:\/\/trustywatches.com\/en\/product\/audemars-piguet-royal-oak-offshore-cronografo-26420io-replica-de-reloj-de-lujo-esfera-gris-movimiento-aps-43-mm\/\" \/>\n<meta property=\"og:locale\" content=\"en_US\" \/>\n<meta property=\"og:type\" content=\"article\" \/>\n<meta property=\"og:title\" content=\"Audemars Piguet Royal Oak Offshore Chronograph 26420IO - Luxury replica watch (gray dial, APS movement, 43 mm) - Trustywatches\" \/>\n<meta property=\"og:description\" content=\"ESPECIFICACIONES \u2013 GARANT\u00cdADE LOS RELOJES DE LUJO AUDEMARS PIGUET ROYAL OAK OFFSHORE R\u00c9PLICAS  Especificaci\u00f3n Detalles  Tama\u00f1o 43 mm  Material Acero inoxidable  Correa Caucho Correa  Movimiento Autom\u00e1tico \u2013 Calibre 4401  Cristal Zafiro macizo  Funciones Funcionalidad  Resistencia al agua Buena  Garant\u00eda 5 a\u00f1os en el Movimiento  Servicios Spa gratuito: lubricaci\u00f3n de m\u00e1quinas  Soporte Cambio a una mejor relaci\u00f3n calidad-precio\" \/>\n<meta property=\"og:url\" content=\"https:\/\/trustywatches.com\/en\/product\/audemars-piguet-royal-oak-offshore-cronografo-26420io-replica-de-reloj-de-lujo-esfera-gris-movimiento-aps-43-mm\/\" \/>\n<meta property=\"og:site_name\" content=\"Trustywatches\" \/>\n<meta property=\"article:modified_time\" content=\"2026-03-05T06:45:44+00:00\" \/>\n<meta property=\"og:image\" content=\"https:\/\/trustywatches.com\/wp-content\/uploads\/2026\/01\/Dong-Ho-Audemars-Piguet-Che-Tac-Royal-Oak-Offshore-Chronograph-26420IO-Mau-Xam-Nha-May-APS-43mm-8.jpg\" \/>\n\t<meta property=\"og:image:width\" content=\"1440\" \/>\n\t<meta property=\"og:image:height\" content=\"1080\" \/>\n\t<meta property=\"og:image:type\" content=\"image\/jpeg\" \/>\n<meta name=\"twitter:card\" content=\"summary_large_image\" \/>\n<script type=\"application\/ld+json\" class=\"yoast-schema-graph\">{\"@context\":\"https:\\\/\\\/schema.org\",\"@graph\":[{\"@type\":\"WebPage\",\"@id\":\"https:\\\/\\\/trustywatches.com\\\/product\\\/audemars-piguet-royal-oak-offshore-cronografo-26420io-replica-de-reloj-de-lujo-esfera-gris-movimiento-aps-43-mm\\\/\",\"url\":\"https:\\\/\\\/trustywatches.com\\\/product\\\/audemars-piguet-royal-oak-offshore-cronografo-26420io-replica-de-reloj-de-lujo-esfera-gris-movimiento-aps-43-mm\\\/\",\"name\":\"Audemars Piguet Royal Oak Offshore Chronograph 26420IO - Luxury replica watch (gray dial, APS movement, 43 mm) - Trustywatches\",\"isPartOf\":{\"@id\":\"https:\\\/\\\/trustywatches.com\\\/#website\"},\"primaryImageOfPage\":{\"@id\":\"https:\\\/\\\/trustywatches.com\\\/product\\\/audemars-piguet-royal-oak-offshore-cronografo-26420io-replica-de-reloj-de-lujo-esfera-gris-movimiento-aps-43-mm\\\/#primaryimage\"},\"image\":{\"@id\":\"https:\\\/\\\/trustywatches.com\\\/product\\\/audemars-piguet-royal-oak-offshore-cronografo-26420io-replica-de-reloj-de-lujo-esfera-gris-movimiento-aps-43-mm\\\/#primaryimage\"},\"thumbnailUrl\":\"https:\\\/\\\/trustywatches.com\\\/wp-content\\\/uploads\\\/2026\\\/01\\\/Dong-Ho-Audemars-Piguet-Che-Tac-Royal-Oak-Offshore-Chronograph-26420IO-Mau-Xam-Nha-May-APS-43mm-8.jpg\",\"datePublished\":\"2026-01-14T10:15:59+00:00\",\"dateModified\":\"2026-03-05T06:45:44+00:00\",\"breadcrumb\":{\"@id\":\"https:\\\/\\\/trustywatches.com\\\/product\\\/audemars-piguet-royal-oak-offshore-cronografo-26420io-replica-de-reloj-de-lujo-esfera-gris-movimiento-aps-43-mm\\\/#breadcrumb\"},\"inLanguage\":\"en-US\",\"potentialAction\":[{\"@type\":\"ReadAction\",\"target\":[\"https:\\\/\\\/trustywatches.com\\\/product\\\/audemars-piguet-royal-oak-offshore-cronografo-26420io-replica-de-reloj-de-lujo-esfera-gris-movimiento-aps-43-mm\\\/\"]}]},{\"@type\":\"ImageObject\",\"inLanguage\":\"en-US\",\"@id\":\"https:\\\/\\\/trustywatches.com\\\/product\\\/audemars-piguet-royal-oak-offshore-cronografo-26420io-replica-de-reloj-de-lujo-esfera-gris-movimiento-aps-43-mm\\\/#primaryimage\",\"url\":\"https:\\\/\\\/trustywatches.com\\\/wp-content\\\/uploads\\\/2026\\\/01\\\/Dong-Ho-Audemars-Piguet-Che-Tac-Royal-Oak-Offshore-Chronograph-26420IO-Mau-Xam-Nha-May-APS-43mm-8.jpg\",\"contentUrl\":\"https:\\\/\\\/trustywatches.com\\\/wp-content\\\/uploads\\\/2026\\\/01\\\/Dong-Ho-Audemars-Piguet-Che-Tac-Royal-Oak-Offshore-Chronograph-26420IO-Mau-Xam-Nha-May-APS-43mm-8.jpg\",\"width\":1440,\"height\":1080},{\"@type\":\"BreadcrumbList\",\"@id\":\"https:\\\/\\\/trustywatches.com\\\/product\\\/audemars-piguet-royal-oak-offshore-cronografo-26420io-replica-de-reloj-de-lujo-esfera-gris-movimiento-aps-43-mm\\\/#breadcrumb\",\"itemListElement\":[{\"@type\":\"ListItem\",\"position\":1,\"name\":\"Home\",\"item\":\"https:\\\/\\\/trustywatches.com\\\/\"},{\"@type\":\"ListItem\",\"position\":2,\"name\":\"TIENDA\",\"item\":\"https:\\\/\\\/trustywatches.com\\\/tienda\\\/\"},{\"@type\":\"ListItem\",\"position\":3,\"name\":\"Audemars Piguet Royal Oak Offshore Chronograph 26420IO &#8211; Luxury replica watch (gray dial, APS movement, 43 mm)\"}]},{\"@type\":\"WebSite\",\"@id\":\"https:\\\/\\\/trustywatches.com\\\/#website\",\"url\":\"https:\\\/\\\/trustywatches.com\\\/\",\"name\":\"Trustywatches\",\"description\":\"\",\"potentialAction\":[{\"@type\":\"SearchAction\",\"target\":{\"@type\":\"EntryPoint\",\"urlTemplate\":\"https:\\\/\\\/trustywatches.com\\\/?s={search_term_string}\"},\"query-input\":{\"@type\":\"PropertyValueSpecification\",\"valueRequired\":true,\"valueName\":\"search_term_string\"}}],\"inLanguage\":\"en-US\"}]}<\/script>\n<!-- \/ Yoast SEO plugin. -->","yoast_head_json":{"title":"Audemars Piguet Royal Oak Offshore Chronograph 26420IO - Luxury replica watch (gray dial, APS movement, 43 mm) - Trustywatches","robots":{"index":"index","follow":"follow","max-snippet":"max-snippet:-1","max-image-preview":"max-image-preview:large","max-video-preview":"max-video-preview:-1"},"canonical":"https:\/\/trustywatches.com\/en\/product\/audemars-piguet-royal-oak-offshore-cronografo-26420io-replica-de-reloj-de-lujo-esfera-gris-movimiento-aps-43-mm\/","og_locale":"en_US","og_type":"article","og_title":"Audemars Piguet Royal Oak Offshore Chronograph 26420IO - Luxury replica watch (gray dial, APS movement, 43 mm) - Trustywatches","og_description":"ESPECIFICACIONES \u2013 GARANT\u00cdADE LOS RELOJES DE LUJO AUDEMARS PIGUET ROYAL OAK OFFSHORE R\u00c9PLICAS  Especificaci\u00f3n Detalles  Tama\u00f1o 43 mm  Material Acero inoxidable  Correa Caucho Correa  Movimiento Autom\u00e1tico \u2013 Calibre 4401  Cristal Zafiro macizo  Funciones Funcionalidad  Resistencia al agua Buena  Garant\u00eda 5 a\u00f1os en el Movimiento  Servicios Spa gratuito: lubricaci\u00f3n de m\u00e1quinas  Soporte Cambio a una mejor relaci\u00f3n calidad-precio","og_url":"https:\/\/trustywatches.com\/en\/product\/audemars-piguet-royal-oak-offshore-cronografo-26420io-replica-de-reloj-de-lujo-esfera-gris-movimiento-aps-43-mm\/","og_site_name":"Trustywatches","article_modified_time":"2026-03-05T06:45:44+00:00","og_image":[{"width":1440,"height":1080,"url":"https:\/\/trustywatches.com\/wp-content\/uploads\/2026\/01\/Dong-Ho-Audemars-Piguet-Che-Tac-Royal-Oak-Offshore-Chronograph-26420IO-Mau-Xam-Nha-May-APS-43mm-8.jpg","type":"image\/jpeg"}],"twitter_card":"summary_large_image","schema":{"@context":"https:\/\/schema.org","@graph":[{"@type":"WebPage","@id":"https:\/\/trustywatches.com\/product\/audemars-piguet-royal-oak-offshore-cronografo-26420io-replica-de-reloj-de-lujo-esfera-gris-movimiento-aps-43-mm\/","url":"https:\/\/trustywatches.com\/product\/audemars-piguet-royal-oak-offshore-cronografo-26420io-replica-de-reloj-de-lujo-esfera-gris-movimiento-aps-43-mm\/","name":"Audemars Piguet Royal Oak Offshore Chronograph 26420IO - Luxury replica watch (gray dial, APS movement, 43 mm) - Trustywatches","isPartOf":{"@id":"https:\/\/trustywatches.com\/#website"},"primaryImageOfPage":{"@id":"https:\/\/trustywatches.com\/product\/audemars-piguet-royal-oak-offshore-cronografo-26420io-replica-de-reloj-de-lujo-esfera-gris-movimiento-aps-43-mm\/#primaryimage"},"image":{"@id":"https:\/\/trustywatches.com\/product\/audemars-piguet-royal-oak-offshore-cronografo-26420io-replica-de-reloj-de-lujo-esfera-gris-movimiento-aps-43-mm\/#primaryimage"},"thumbnailUrl":"https:\/\/trustywatches.com\/wp-content\/uploads\/2026\/01\/Dong-Ho-Audemars-Piguet-Che-Tac-Royal-Oak-Offshore-Chronograph-26420IO-Mau-Xam-Nha-May-APS-43mm-8.jpg","datePublished":"2026-01-14T10:15:59+00:00","dateModified":"2026-03-05T06:45:44+00:00","breadcrumb":{"@id":"https:\/\/trustywatches.com\/product\/audemars-piguet-royal-oak-offshore-cronografo-26420io-replica-de-reloj-de-lujo-esfera-gris-movimiento-aps-43-mm\/#breadcrumb"},"inLanguage":"en-US","potentialAction":[{"@type":"ReadAction","target":["https:\/\/trustywatches.com\/product\/audemars-piguet-royal-oak-offshore-cronografo-26420io-replica-de-reloj-de-lujo-esfera-gris-movimiento-aps-43-mm\/"]}]},{"@type":"ImageObject","inLanguage":"en-US","@id":"https:\/\/trustywatches.com\/product\/audemars-piguet-royal-oak-offshore-cronografo-26420io-replica-de-reloj-de-lujo-esfera-gris-movimiento-aps-43-mm\/#primaryimage","url":"https:\/\/trustywatches.com\/wp-content\/uploads\/2026\/01\/Dong-Ho-Audemars-Piguet-Che-Tac-Royal-Oak-Offshore-Chronograph-26420IO-Mau-Xam-Nha-May-APS-43mm-8.jpg","contentUrl":"https:\/\/trustywatches.com\/wp-content\/uploads\/2026\/01\/Dong-Ho-Audemars-Piguet-Che-Tac-Royal-Oak-Offshore-Chronograph-26420IO-Mau-Xam-Nha-May-APS-43mm-8.jpg","width":1440,"height":1080},{"@type":"BreadcrumbList","@id":"https:\/\/trustywatches.com\/product\/audemars-piguet-royal-oak-offshore-cronografo-26420io-replica-de-reloj-de-lujo-esfera-gris-movimiento-aps-43-mm\/#breadcrumb","itemListElement":[{"@type":"ListItem","position":1,"name":"Home","item":"https:\/\/trustywatches.com\/"},{"@type":"ListItem","position":2,"name":"TIENDA","item":"https:\/\/trustywatches.com\/tienda\/"},{"@type":"ListItem","position":3,"name":"Audemars Piguet Royal Oak Offshore Chronograph 26420IO &#8211; Luxury replica watch (gray dial, APS movement, 43 mm)"}]},{"@type":"WebSite","@id":"https:\/\/trustywatches.com\/#website","url":"https:\/\/trustywatches.com\/","name":"Trustywatches","description":"","potentialAction":[{"@type":"SearchAction","target":{"@type":"EntryPoint","urlTemplate":"https:\/\/trustywatches.com\/?s={search_term_string}"},"query-input":{"@type":"PropertyValueSpecification","valueRequired":true,"valueName":"search_term_string"}}],"inLanguage":"en-US"}]}},"post_mailing_queue_ids":[],"_links":{"self":[{"href":"https:\/\/trustywatches.com\/en\/wp-json\/wp\/v2\/product\/22651","targetHints":{"allow":["GET"]}}],"collection":[{"href":"https:\/\/trustywatches.com\/en\/wp-json\/wp\/v2\/product"}],"about":[{"href":"https:\/\/trustywatches.com\/en\/wp-json\/wp\/v2\/types\/product"}],"replies":[{"embeddable":true,"href":"https:\/\/trustywatches.com\/en\/wp-json\/wp\/v2\/comments?post=22651"}],"wp:featuredmedia":[{"embeddable":true,"href":"https:\/\/trustywatches.com\/en\/wp-json\/wp\/v2\/media\/26881"}],"wp:attachment":[{"href":"https:\/\/trustywatches.com\/en\/wp-json\/wp\/v2\/media?parent=22651"}],"wp:term":[{"taxonomy":"product_brand","embeddable":true,"href":"https:\/\/trustywatches.com\/en\/wp-json\/wp\/v2\/product_brand?post=22651"},{"taxonomy":"product_cat","embeddable":true,"href":"https:\/\/trustywatches.com\/en\/wp-json\/wp\/v2\/product_cat?post=22651"},{"taxonomy":"product_tag","embeddable":true,"href":"https:\/\/trustywatches.com\/en\/wp-json\/wp\/v2\/product_tag?post=22651"}],"curies":[{"name":"wp","href":"https:\/\/api.w.org\/{rel}","templated":true}]}}