{"id":22656,"date":"2026-01-14T04:16:01","date_gmt":"2026-01-14T10:16:01","guid":{"rendered":"https:\/\/darkgreen-grouse-660966.hostingersite.com\/product\/audemars-piguet-code-11-59-relojes-de-imitacion-con-esfera-azul-ahumada-aps-factory-41-mm\/"},"modified":"2026-03-05T00:45:44","modified_gmt":"2026-03-05T06:45:44","slug":"audemars-piguet-code-11-59-replica-de-reloj-esfera-azul-ahumada-fabricacion-aps-41-mm","status":"publish","type":"product","link":"https:\/\/trustywatches.com\/en\/product\/audemars-piguet-code-11-59-replica-de-reloj-esfera-azul-ahumada-fabricacion-aps-41-mm\/","title":{"rendered":"Audemars Piguet Code 11.59 &#8211; Replica watch, smoky blue dial, APS manufacturing, 41 mm"},"content":{"rendered":"<h2><strong> Introducing the Audemars Piguet Code 11.59<\/strong><\/h2>\n<p><img fetchpriority=\"high\" decoding=\"async\" class=\"large-size aligncenter wp-image-44654\" src=\"https:\/\/kingreplica.com.vn\/wp-content\/uploads\/2025\/11\/Dong-Ho-Audemars-Piguet-Code-11.59-Che-Tac-Mat-So-Mau-Xanh-Khoi-Nha-May-APS-41mm-1-1024x1024.jpg\" alt=\"??ng H? Audemars Piguet Code 11.59 Ch? T??c M?t S? M??u Xanh Kh??i Nh?? M??y APS 41 mm (1)\" width=\"1020\" height=\"1020\" \/> <img decoding=\"async\" class=\"aligncenter large-size wp-image-44658\" src=\"https:\/\/kingreplica.com.vn\/wp-content\/uploads\/2025\/11\/Dong-Ho-Audemars-Piguet-Code-11.59-Che-Tac-Mat-So-Mau-Xanh-Khoi-Nha-May-APS-41mm-5-1024x1024.jpg\" alt=\"??ng H? Audemars Piguet Code 11.59 Ch? T??c M?t S? M??u Xanh Kh??i Nh?? M??y APS 41 mm (1)\" width=\"1020\" height=\"1020\" \/> <img decoding=\"async\" class=\"aligncenter size-large wp-image-44657\" src=\"https:\/\/kingreplica.com.vn\/wp-content\/uploads\/2025\/11\/Dong-Ho-Audemars-Piguet-Code-11.59-Che-Tac-Mat-So-Mau-Xanh-Khoi-Nha-May-APS-41mm-4-1024x1024.jpg\" alt=\"??ng H? Audemars Piguet Code 11.59 Ch? T??c M?t S? M??u Xanh Kh??i Nh?? M??y APS 41 mm (1)\" width=\"1020\" height=\"1020\" \/> <img loading=\"lazy\" decoding=\"async\" class=\"aligncenter size-large wp-image-44656\" src=\"https:\/\/kingreplica.com.vn\/wp-content\/uploads\/2025\/11\/Dong-Ho-Audemars-Piguet-Code-11.59-Che-Tac-Mat-So-Mau-Xanh-Khoi-Nha-May-APS-41mm-3-1024x1024.jpg\" alt=\"??ng H? Audemars Piguet Code 11.59 Ch? T??c M?t S? M??u Xanh Kh??i Nh?? M??y APS 41mm (1)\" width=\"1020\" height=\"1020\" \/><\/p>","protected":false},"excerpt":{"rendered":"<h2><strong>ESPECIFICACIONES \u2013 GARANT\u00cdA DE LOS RELOJES DE IMITACI\u00d3N AUDEMARS PIGUET<\/strong><strong><\/strong><\/h2>\n<table class=\"shop_attributes\" width=\"480\">\n<tbody>\n<tr>\n<th><strong>Especificaci\u00f3n<\/strong><\/th>\n<td><strong>Detalles<\/strong><\/td>\n<\/tr>\n<tr>\n<th><strong>Tama\u00f1o<\/strong><\/th>\n<td><strong>41 mm<\/strong><\/td>\n<\/tr>\n<tr>\n<th>Material<\/th>\n<td><strong>Acero inoxidable<\/strong><\/td>\n<\/tr>\n<tr>\n<th><strong>Correa<\/strong><\/th>\n<td><strong>Correa de cuero<\/strong><\/td>\n<\/tr>\n<tr>\n<th><strong>Movimiento<\/strong><\/th>\n<td><strong>Autom\u00e1tico Superclon<\/strong><\/td>\n<\/tr>\n<tr>\n<th><strong>Cristal<\/strong><\/th>\n<td><strong>Zafiro macizo<\/strong><\/td>\n<\/tr>\n<tr>\n<th><strong>Funciones<\/strong><\/th>\n<td><strong>Funcionalidad<\/strong><\/td>\n<\/tr>\n<tr>\n<th>Resistencia al agua<\/th>\n<td><strong><span class=\"text_exposed_show\">Buena<\/span><\/strong><\/td>\n<\/tr>\n<tr>\n<th>Garant\u00eda<\/th>\n<td><strong>5 a\u00f1os de garant\u00eda<\/strong><\/td>\n<\/tr>\n<tr>\n<th><strong>Servicios<\/strong><\/th>\n<td><strong>Spa gratuito &#8211; M\u00e1quina Lubricaci\u00f3n<br \/>\n<\/strong><\/td>\n<\/tr>\n<tr>\n<th><strong>Soporte<\/strong><\/th>\n<td><strong>Cambio a mejor precio<\/strong><\/td>\n<\/tr>\n<\/tbody>\n<\/table>","protected":false},"featured_media":26936,"comment_status":"closed","ping_status":"closed","template":"","meta":{"iawp_total_views":3},"product_brand":[],"product_cat":[195,215],"product_tag":[452,459],"class_list":{"0":"post-22656","1":"product","2":"type-product","3":"status-publish","4":"has-post-thumbnail","6":"product_cat-audemars-piguet","7":"product_cat-oak-offshore","8":"product_tag-replica-de-reloj","9":"product_tag-replica-de-reloj-audemars-piguet","11":"first","12":"instock","13":"sale","14":"shipping-taxable","15":"purchasable","16":"product-type-simple"},"yoast_head":"<!-- This site is optimized with the Yoast SEO plugin v27.3 - https:\/\/yoast.com\/product\/yoast-seo-wordpress\/ -->\n<title>Audemars Piguet Code 11.59 - Replica watch, smoky blue dial, APS manufacturing, 41 mm - Trustywatches<\/title>\n<meta name=\"robots\" content=\"index, follow, max-snippet:-1, max-image-preview:large, max-video-preview:-1\" \/>\n<link rel=\"canonical\" href=\"https:\/\/trustywatches.com\/en\/product\/audemars-piguet-code-11-59-replica-de-reloj-esfera-azul-ahumada-fabricacion-aps-41-mm\/\" \/>\n<meta property=\"og:locale\" content=\"en_US\" \/>\n<meta property=\"og:type\" content=\"article\" \/>\n<meta property=\"og:title\" content=\"Audemars Piguet Code 11.59 - Replica watch, smoky blue dial, APS manufacturing, 41 mm - Trustywatches\" \/>\n<meta property=\"og:description\" content=\"ESPECIFICACIONES \u2013 GARANT\u00cdA DE LOS RELOJES DE IMITACI\u00d3N AUDEMARS PIGUET  Especificaci\u00f3n Detalles  Tama\u00f1o 41 mm  Material Acero inoxidable  Correa Correa de cuero  Movimiento Autom\u00e1tico Superclon  Cristal Zafiro macizo  Funciones Funcionalidad  Resistencia al agua Buena  Garant\u00eda 5 a\u00f1os de garant\u00eda  Servicios Spa gratuito - M\u00e1quina Lubricaci\u00f3n  Soporte Cambio a mejor precio\" \/>\n<meta property=\"og:url\" content=\"https:\/\/trustywatches.com\/en\/product\/audemars-piguet-code-11-59-replica-de-reloj-esfera-azul-ahumada-fabricacion-aps-41-mm\/\" \/>\n<meta property=\"og:site_name\" content=\"Trustywatches\" \/>\n<meta property=\"article:modified_time\" content=\"2026-03-05T06:45:44+00:00\" \/>\n<meta property=\"og:image\" content=\"https:\/\/trustywatches.com\/wp-content\/uploads\/2026\/01\/Dong-Ho-Audemars-Piguet-Code-11.59-Che-Tac-Mat-So-Mau-Xanh-Khoi-Nha-May-APS-41mm-1.jpg\" \/>\n\t<meta property=\"og:image:width\" content=\"1280\" \/>\n\t<meta property=\"og:image:height\" content=\"1280\" \/>\n\t<meta property=\"og:image:type\" content=\"image\/jpeg\" \/>\n<meta name=\"twitter:card\" content=\"summary_large_image\" \/>\n<script type=\"application\/ld+json\" class=\"yoast-schema-graph\">{\"@context\":\"https:\\\/\\\/schema.org\",\"@graph\":[{\"@type\":\"WebPage\",\"@id\":\"https:\\\/\\\/trustywatches.com\\\/product\\\/audemars-piguet-code-11-59-replica-de-reloj-esfera-azul-ahumada-fabricacion-aps-41-mm\\\/\",\"url\":\"https:\\\/\\\/trustywatches.com\\\/product\\\/audemars-piguet-code-11-59-replica-de-reloj-esfera-azul-ahumada-fabricacion-aps-41-mm\\\/\",\"name\":\"Audemars Piguet Code 11.59 - Replica watch, smoky blue dial, APS manufacturing, 41 mm - Trustywatches\",\"isPartOf\":{\"@id\":\"https:\\\/\\\/trustywatches.com\\\/#website\"},\"primaryImageOfPage\":{\"@id\":\"https:\\\/\\\/trustywatches.com\\\/product\\\/audemars-piguet-code-11-59-replica-de-reloj-esfera-azul-ahumada-fabricacion-aps-41-mm\\\/#primaryimage\"},\"image\":{\"@id\":\"https:\\\/\\\/trustywatches.com\\\/product\\\/audemars-piguet-code-11-59-replica-de-reloj-esfera-azul-ahumada-fabricacion-aps-41-mm\\\/#primaryimage\"},\"thumbnailUrl\":\"https:\\\/\\\/trustywatches.com\\\/wp-content\\\/uploads\\\/2026\\\/01\\\/Dong-Ho-Audemars-Piguet-Code-11.59-Che-Tac-Mat-So-Mau-Xanh-Khoi-Nha-May-APS-41mm-1.jpg\",\"datePublished\":\"2026-01-14T10:16:01+00:00\",\"dateModified\":\"2026-03-05T06:45:44+00:00\",\"breadcrumb\":{\"@id\":\"https:\\\/\\\/trustywatches.com\\\/product\\\/audemars-piguet-code-11-59-replica-de-reloj-esfera-azul-ahumada-fabricacion-aps-41-mm\\\/#breadcrumb\"},\"inLanguage\":\"en-US\",\"potentialAction\":[{\"@type\":\"ReadAction\",\"target\":[\"https:\\\/\\\/trustywatches.com\\\/product\\\/audemars-piguet-code-11-59-replica-de-reloj-esfera-azul-ahumada-fabricacion-aps-41-mm\\\/\"]}]},{\"@type\":\"ImageObject\",\"inLanguage\":\"en-US\",\"@id\":\"https:\\\/\\\/trustywatches.com\\\/product\\\/audemars-piguet-code-11-59-replica-de-reloj-esfera-azul-ahumada-fabricacion-aps-41-mm\\\/#primaryimage\",\"url\":\"https:\\\/\\\/trustywatches.com\\\/wp-content\\\/uploads\\\/2026\\\/01\\\/Dong-Ho-Audemars-Piguet-Code-11.59-Che-Tac-Mat-So-Mau-Xanh-Khoi-Nha-May-APS-41mm-1.jpg\",\"contentUrl\":\"https:\\\/\\\/trustywatches.com\\\/wp-content\\\/uploads\\\/2026\\\/01\\\/Dong-Ho-Audemars-Piguet-Code-11.59-Che-Tac-Mat-So-Mau-Xanh-Khoi-Nha-May-APS-41mm-1.jpg\",\"width\":1280,\"height\":1280},{\"@type\":\"BreadcrumbList\",\"@id\":\"https:\\\/\\\/trustywatches.com\\\/product\\\/audemars-piguet-code-11-59-replica-de-reloj-esfera-azul-ahumada-fabricacion-aps-41-mm\\\/#breadcrumb\",\"itemListElement\":[{\"@type\":\"ListItem\",\"position\":1,\"name\":\"Home\",\"item\":\"https:\\\/\\\/trustywatches.com\\\/\"},{\"@type\":\"ListItem\",\"position\":2,\"name\":\"TIENDA\",\"item\":\"https:\\\/\\\/trustywatches.com\\\/tienda\\\/\"},{\"@type\":\"ListItem\",\"position\":3,\"name\":\"Audemars Piguet Code 11.59 &#8211; Replica watch, smoky blue dial, APS manufacturing, 41 mm\"}]},{\"@type\":\"WebSite\",\"@id\":\"https:\\\/\\\/trustywatches.com\\\/#website\",\"url\":\"https:\\\/\\\/trustywatches.com\\\/\",\"name\":\"Trustywatches\",\"description\":\"\",\"potentialAction\":[{\"@type\":\"SearchAction\",\"target\":{\"@type\":\"EntryPoint\",\"urlTemplate\":\"https:\\\/\\\/trustywatches.com\\\/?s={search_term_string}\"},\"query-input\":{\"@type\":\"PropertyValueSpecification\",\"valueRequired\":true,\"valueName\":\"search_term_string\"}}],\"inLanguage\":\"en-US\"}]}<\/script>\n<!-- \/ Yoast SEO plugin. -->","yoast_head_json":{"title":"Audemars Piguet Code 11.59 - Replica watch, smoky blue dial, APS manufacturing, 41 mm - Trustywatches","robots":{"index":"index","follow":"follow","max-snippet":"max-snippet:-1","max-image-preview":"max-image-preview:large","max-video-preview":"max-video-preview:-1"},"canonical":"https:\/\/trustywatches.com\/en\/product\/audemars-piguet-code-11-59-replica-de-reloj-esfera-azul-ahumada-fabricacion-aps-41-mm\/","og_locale":"en_US","og_type":"article","og_title":"Audemars Piguet Code 11.59 - Replica watch, smoky blue dial, APS manufacturing, 41 mm - Trustywatches","og_description":"ESPECIFICACIONES \u2013 GARANT\u00cdA DE LOS RELOJES DE IMITACI\u00d3N AUDEMARS PIGUET  Especificaci\u00f3n Detalles  Tama\u00f1o 41 mm  Material Acero inoxidable  Correa Correa de cuero  Movimiento Autom\u00e1tico Superclon  Cristal Zafiro macizo  Funciones Funcionalidad  Resistencia al agua Buena  Garant\u00eda 5 a\u00f1os de garant\u00eda  Servicios Spa gratuito - M\u00e1quina Lubricaci\u00f3n  Soporte Cambio a mejor precio","og_url":"https:\/\/trustywatches.com\/en\/product\/audemars-piguet-code-11-59-replica-de-reloj-esfera-azul-ahumada-fabricacion-aps-41-mm\/","og_site_name":"Trustywatches","article_modified_time":"2026-03-05T06:45:44+00:00","og_image":[{"width":1280,"height":1280,"url":"https:\/\/trustywatches.com\/wp-content\/uploads\/2026\/01\/Dong-Ho-Audemars-Piguet-Code-11.59-Che-Tac-Mat-So-Mau-Xanh-Khoi-Nha-May-APS-41mm-1.jpg","type":"image\/jpeg"}],"twitter_card":"summary_large_image","schema":{"@context":"https:\/\/schema.org","@graph":[{"@type":"WebPage","@id":"https:\/\/trustywatches.com\/product\/audemars-piguet-code-11-59-replica-de-reloj-esfera-azul-ahumada-fabricacion-aps-41-mm\/","url":"https:\/\/trustywatches.com\/product\/audemars-piguet-code-11-59-replica-de-reloj-esfera-azul-ahumada-fabricacion-aps-41-mm\/","name":"Audemars Piguet Code 11.59 - Replica watch, smoky blue dial, APS manufacturing, 41 mm - Trustywatches","isPartOf":{"@id":"https:\/\/trustywatches.com\/#website"},"primaryImageOfPage":{"@id":"https:\/\/trustywatches.com\/product\/audemars-piguet-code-11-59-replica-de-reloj-esfera-azul-ahumada-fabricacion-aps-41-mm\/#primaryimage"},"image":{"@id":"https:\/\/trustywatches.com\/product\/audemars-piguet-code-11-59-replica-de-reloj-esfera-azul-ahumada-fabricacion-aps-41-mm\/#primaryimage"},"thumbnailUrl":"https:\/\/trustywatches.com\/wp-content\/uploads\/2026\/01\/Dong-Ho-Audemars-Piguet-Code-11.59-Che-Tac-Mat-So-Mau-Xanh-Khoi-Nha-May-APS-41mm-1.jpg","datePublished":"2026-01-14T10:16:01+00:00","dateModified":"2026-03-05T06:45:44+00:00","breadcrumb":{"@id":"https:\/\/trustywatches.com\/product\/audemars-piguet-code-11-59-replica-de-reloj-esfera-azul-ahumada-fabricacion-aps-41-mm\/#breadcrumb"},"inLanguage":"en-US","potentialAction":[{"@type":"ReadAction","target":["https:\/\/trustywatches.com\/product\/audemars-piguet-code-11-59-replica-de-reloj-esfera-azul-ahumada-fabricacion-aps-41-mm\/"]}]},{"@type":"ImageObject","inLanguage":"en-US","@id":"https:\/\/trustywatches.com\/product\/audemars-piguet-code-11-59-replica-de-reloj-esfera-azul-ahumada-fabricacion-aps-41-mm\/#primaryimage","url":"https:\/\/trustywatches.com\/wp-content\/uploads\/2026\/01\/Dong-Ho-Audemars-Piguet-Code-11.59-Che-Tac-Mat-So-Mau-Xanh-Khoi-Nha-May-APS-41mm-1.jpg","contentUrl":"https:\/\/trustywatches.com\/wp-content\/uploads\/2026\/01\/Dong-Ho-Audemars-Piguet-Code-11.59-Che-Tac-Mat-So-Mau-Xanh-Khoi-Nha-May-APS-41mm-1.jpg","width":1280,"height":1280},{"@type":"BreadcrumbList","@id":"https:\/\/trustywatches.com\/product\/audemars-piguet-code-11-59-replica-de-reloj-esfera-azul-ahumada-fabricacion-aps-41-mm\/#breadcrumb","itemListElement":[{"@type":"ListItem","position":1,"name":"Home","item":"https:\/\/trustywatches.com\/"},{"@type":"ListItem","position":2,"name":"TIENDA","item":"https:\/\/trustywatches.com\/tienda\/"},{"@type":"ListItem","position":3,"name":"Audemars Piguet Code 11.59 &#8211; Replica watch, smoky blue dial, APS manufacturing, 41 mm"}]},{"@type":"WebSite","@id":"https:\/\/trustywatches.com\/#website","url":"https:\/\/trustywatches.com\/","name":"Trustywatches","description":"","potentialAction":[{"@type":"SearchAction","target":{"@type":"EntryPoint","urlTemplate":"https:\/\/trustywatches.com\/?s={search_term_string}"},"query-input":{"@type":"PropertyValueSpecification","valueRequired":true,"valueName":"search_term_string"}}],"inLanguage":"en-US"}]}},"post_mailing_queue_ids":[],"_links":{"self":[{"href":"https:\/\/trustywatches.com\/en\/wp-json\/wp\/v2\/product\/22656","targetHints":{"allow":["GET"]}}],"collection":[{"href":"https:\/\/trustywatches.com\/en\/wp-json\/wp\/v2\/product"}],"about":[{"href":"https:\/\/trustywatches.com\/en\/wp-json\/wp\/v2\/types\/product"}],"replies":[{"embeddable":true,"href":"https:\/\/trustywatches.com\/en\/wp-json\/wp\/v2\/comments?post=22656"}],"wp:featuredmedia":[{"embeddable":true,"href":"https:\/\/trustywatches.com\/en\/wp-json\/wp\/v2\/media\/26936"}],"wp:attachment":[{"href":"https:\/\/trustywatches.com\/en\/wp-json\/wp\/v2\/media?parent=22656"}],"wp:term":[{"taxonomy":"product_brand","embeddable":true,"href":"https:\/\/trustywatches.com\/en\/wp-json\/wp\/v2\/product_brand?post=22656"},{"taxonomy":"product_cat","embeddable":true,"href":"https:\/\/trustywatches.com\/en\/wp-json\/wp\/v2\/product_cat?post=22656"},{"taxonomy":"product_tag","embeddable":true,"href":"https:\/\/trustywatches.com\/en\/wp-json\/wp\/v2\/product_tag?post=22656"}],"curies":[{"name":"wp","href":"https:\/\/api.w.org\/{rel}","templated":true}]}}