{"id":22664,"date":"2026-01-14T04:16:02","date_gmt":"2026-01-14T10:16:02","guid":{"rendered":"https:\/\/darkgreen-grouse-660966.hostingersite.com\/product\/patek-philippe-aquanaut-5067-reloj-de-imitacion-esfera-blanca-bisel-caja-de-moissanita-oro-de-18-quilates-352-mm\/"},"modified":"2026-03-05T00:45:44","modified_gmt":"2026-03-05T06:45:44","slug":"patek-philippe-aquanaut-5067-reloj-de-imitacion-esfera-blanca-bisel-caja-de-moissanita-oro-de-18-quilates-352-mm","status":"publish","type":"product","link":"https:\/\/trustywatches.com\/en\/product\/patek-philippe-aquanaut-5067-reloj-de-imitacion-esfera-blanca-bisel-caja-de-moissanita-oro-de-18-quilates-352-mm\/","title":{"rendered":"Patek Philippe Aquanaut 5067 Imitation Watch White Dial Bezel Moissanite Case 18K Gold 35.2mm"},"content":{"rendered":"<h2><strong> Introducing the imitation watches Patek Philippe Aquanaut 5067<\/strong><\/h2>\n<p><img fetchpriority=\"high\" decoding=\"async\" class=\"aligncenter size-large wp-image-44996\" src=\"https:\/\/kingreplica.com.vn\/wp-content\/uploads\/2025\/12\/Dong-Ho-Nu-Patek-Philippe-Aquanaut-5067-Che-Tac-Boc-Vang-That-Vien-Dinh-Moissanite-35-1-1024x1024.jpg\" alt=\"??ng H? N? Patek Philippe Aquanaut 5067 Ch? T??c B?c V??ng Th?t Vi?n ???nh Moissanite 35 (2)\" width=\"1020\" height=\"1020\" \/> <img decoding=\"async\" class=\"aligncenter large-size wp-image-44994\" src=\"https:\/\/kingreplica.com.vn\/wp-content\/uploads\/2025\/12\/Dong-Ho-Nu-Patek-Philippe-Aquanaut-5067-Che-Tac-Boc-Vang-That-Vien-Dinh-Moissanite-35-11-1024x1024.jpg\" alt=\"??ng H? N? Patek Philippe Aquanaut 5067 Ch? T??c B?c V??ng Th?t Vi?n ???nh Moissanite 35 (2)\" width=\" 1020\" height=\"1020\" \/> <img decoding=\"async\" class=\"aligncenter size-large wp-image-44995\" src=\"https:\/\/kingreplica.com.vn\/wp-content\/uploads\/2025\/12\/Dong-Ho-Nu-Patek-Philippe-Aquanaut-5067-Che-Tac-Boc-Vang-That-Vien-Dinh-Moissanite-35-12-1024x1024.jpg\" alt=\"??ng H? N? Patek Philippe Aquanaut 5067 Ch? T??c B?c V??ng Th?t Vi?n ???nh Moissanite 35 (2)\" width=\"1020\" height=\"1020\" \/> <img decoding=\"async\" class=\"aligncenter size-large wp-image-44993\" src=\"https:\/\/kingreplica.com.vn\/wp-content\/uploads\/2025\/12\/Dong-Ho-Nu-Patek-Philippe-Aquanaut-5067-Che-Tac-Boc-Vang-That-Vien-Dinh-Moissanite-35-10-1024x1024.jpg\" alt=\"??ng H? N? Patek Philippe Aquanaut 5067 Ch? T??c B?c V??ng Th?t Vi?n ???nh Moissanite 35 (2)\" width=\"1020\" height=\"1020\" \/><\/p>","protected":false},"excerpt":{"rendered":"<h2><strong>ESPECIFICACIONES \u2013 GARANT\u00cdA<\/strong><strong>DE LOS RELOJES DE IMITACI\u00d3N PATEK PHILIPPE<\/strong><\/h2>\n<table class=\"shop_attributes\" width=\"480\">\n<tbody>\n<tr>\n<th><strong>Especificaci\u00f3n<\/strong><\/th>\n<td><strong>Detalles<\/strong><\/td>\n<\/tr>\n<tr>\n<th><strong>Tama\u00f1o<\/strong><\/th>\n<td><strong>35,2 mm<\/strong><\/td>\n<\/tr>\n<tr>\n<th>Material<\/th>\n<td><strong>Acero inoxidable ba\u00f1ado en oro<\/strong><\/td>\n<\/tr>\n<tr>\n<th><strong>Correa<\/strong><\/th>\n<td><strong>Caucho Correa<\/strong><\/td>\n<\/tr>\n<tr>\n<th><strong>Movimiento<\/strong><\/th>\n<td><strong>Cuarzo<\/strong><\/td>\n<\/tr>\n<tr>\n<th><strong>Cristal<\/strong><\/th>\n<td><strong>Zafiro macizo<\/strong><\/td>\n<\/tr>\n<tr>\n<th><strong>Funciones<\/strong><\/th>\n<td><strong>Funcionalidad<\/strong><\/td>\n<\/tr>\n<tr>\n<th>Resistencia al agua<\/th>\n<td><strong><span class=\"text_exposed_show\">Buena<\/span><\/strong><\/td>\n<\/tr>\n<tr>\n<th>Garant\u00eda<\/th>\n<td><strong>5 a\u00f1os en el Movimiento<\/strong><\/td>\n<\/tr>\n<tr>\n<th><strong>Servicios<\/strong><\/th>\n<td><strong>Spa gratuito: lubricaci\u00f3n de m\u00e1quinas<\/strong><\/td>\n<\/tr>\n<tr>\n<th><strong>Soporte<\/strong><\/th>\n<td><strong>Cambio a una mejor relaci\u00f3n calidad-precio<\/strong><\/td>\n<\/tr>\n<\/tbody>\n<\/table>","protected":false},"featured_media":27042,"comment_status":"open","ping_status":"closed","template":"","meta":{"iawp_total_views":1},"product_brand":[],"product_cat":[212,194],"product_tag":[455,466,463,457,472,474,473],"class_list":{"0":"post-22664","1":"product","2":"type-product","3":"status-publish","4":"has-post-thumbnail","6":"product_cat-de-ville","7":"product_cat-omega","8":"product_tag-relojes-con-diamantes","9":"product_tag-relojes-envueltos-en-oro-de-18-quilates","10":"product_tag-replicas-de-relojes","11":"product_tag-replicas-de-relojes-con-diamantes-y-oro","12":"product_tag-replicas-de-relojes-omega","13":"product_tag-replicas-de-relojes-patek-philippe","14":"product_tag-replicas-de-relojes-patek-philippe-aquanaut","16":"first","17":"instock","18":"sale","19":"shipping-taxable","20":"purchasable","21":"product-type-simple"},"yoast_head":"<!-- This site is optimized with the Yoast SEO plugin v27.3 - https:\/\/yoast.com\/product\/yoast-seo-wordpress\/ -->\n<title>Patek Philippe Aquanaut 5067 Imitation Watch White Dial Bezel Moissanite Case 18K Gold 35.2mm - Trustywatches<\/title>\n<meta name=\"robots\" content=\"index, follow, max-snippet:-1, max-image-preview:large, max-video-preview:-1\" \/>\n<link rel=\"canonical\" href=\"https:\/\/trustywatches.com\/en\/product\/patek-philippe-aquanaut-5067-reloj-de-imitacion-esfera-blanca-bisel-caja-de-moissanita-oro-de-18-quilates-352-mm\/\" \/>\n<meta property=\"og:locale\" content=\"en_US\" \/>\n<meta property=\"og:type\" content=\"article\" \/>\n<meta property=\"og:title\" content=\"Patek Philippe Aquanaut 5067 Imitation Watch White Dial Bezel Moissanite Case 18K Gold 35.2mm - Trustywatches\" \/>\n<meta property=\"og:description\" content=\"ESPECIFICACIONES \u2013 GARANT\u00cdADE LOS RELOJES DE IMITACI\u00d3N PATEK PHILIPPE  Especificaci\u00f3n Detalles  Tama\u00f1o 35,2 mm  Material Acero inoxidable ba\u00f1ado en oro  Correa Caucho Correa  Movimiento Cuarzo  Cristal Zafiro macizo  Funciones Funcionalidad  Resistencia al agua Buena  Garant\u00eda 5 a\u00f1os en el Movimiento  Servicios Spa gratuito: lubricaci\u00f3n de m\u00e1quinas  Soporte Cambio a una mejor relaci\u00f3n calidad-precio\" \/>\n<meta property=\"og:url\" content=\"https:\/\/trustywatches.com\/en\/product\/patek-philippe-aquanaut-5067-reloj-de-imitacion-esfera-blanca-bisel-caja-de-moissanita-oro-de-18-quilates-352-mm\/\" \/>\n<meta property=\"og:site_name\" content=\"Trustywatches\" \/>\n<meta property=\"article:modified_time\" content=\"2026-03-05T06:45:44+00:00\" \/>\n<meta property=\"og:image\" content=\"https:\/\/trustywatches.com\/wp-content\/uploads\/2026\/01\/Dong-Ho-Nu-Patek-Philippe-Aquanaut-5067-Che-Tac-Boc-Vang-That-Vien-Dinh-Moissanite-35-1.jpg\" \/>\n\t<meta property=\"og:image:width\" content=\"1920\" \/>\n\t<meta property=\"og:image:height\" content=\"1920\" \/>\n\t<meta property=\"og:image:type\" content=\"image\/jpeg\" \/>\n<meta name=\"twitter:card\" content=\"summary_large_image\" \/>\n<script type=\"application\/ld+json\" class=\"yoast-schema-graph\">{\"@context\":\"https:\\\/\\\/schema.org\",\"@graph\":[{\"@type\":\"WebPage\",\"@id\":\"https:\\\/\\\/trustywatches.com\\\/product\\\/patek-philippe-aquanaut-5067-reloj-de-imitacion-esfera-blanca-bisel-caja-de-moissanita-oro-de-18-quilates-352-mm\\\/\",\"url\":\"https:\\\/\\\/trustywatches.com\\\/product\\\/patek-philippe-aquanaut-5067-reloj-de-imitacion-esfera-blanca-bisel-caja-de-moissanita-oro-de-18-quilates-352-mm\\\/\",\"name\":\"Patek Philippe Aquanaut 5067 Imitation Watch White Dial Bezel Moissanite Case 18K Gold 35.2mm - Trustywatches\",\"isPartOf\":{\"@id\":\"https:\\\/\\\/trustywatches.com\\\/#website\"},\"primaryImageOfPage\":{\"@id\":\"https:\\\/\\\/trustywatches.com\\\/product\\\/patek-philippe-aquanaut-5067-reloj-de-imitacion-esfera-blanca-bisel-caja-de-moissanita-oro-de-18-quilates-352-mm\\\/#primaryimage\"},\"image\":{\"@id\":\"https:\\\/\\\/trustywatches.com\\\/product\\\/patek-philippe-aquanaut-5067-reloj-de-imitacion-esfera-blanca-bisel-caja-de-moissanita-oro-de-18-quilates-352-mm\\\/#primaryimage\"},\"thumbnailUrl\":\"https:\\\/\\\/trustywatches.com\\\/wp-content\\\/uploads\\\/2026\\\/01\\\/Dong-Ho-Nu-Patek-Philippe-Aquanaut-5067-Che-Tac-Boc-Vang-That-Vien-Dinh-Moissanite-35-1.jpg\",\"datePublished\":\"2026-01-14T10:16:02+00:00\",\"dateModified\":\"2026-03-05T06:45:44+00:00\",\"breadcrumb\":{\"@id\":\"https:\\\/\\\/trustywatches.com\\\/product\\\/patek-philippe-aquanaut-5067-reloj-de-imitacion-esfera-blanca-bisel-caja-de-moissanita-oro-de-18-quilates-352-mm\\\/#breadcrumb\"},\"inLanguage\":\"en-US\",\"potentialAction\":[{\"@type\":\"ReadAction\",\"target\":[\"https:\\\/\\\/trustywatches.com\\\/product\\\/patek-philippe-aquanaut-5067-reloj-de-imitacion-esfera-blanca-bisel-caja-de-moissanita-oro-de-18-quilates-352-mm\\\/\"]}]},{\"@type\":\"ImageObject\",\"inLanguage\":\"en-US\",\"@id\":\"https:\\\/\\\/trustywatches.com\\\/product\\\/patek-philippe-aquanaut-5067-reloj-de-imitacion-esfera-blanca-bisel-caja-de-moissanita-oro-de-18-quilates-352-mm\\\/#primaryimage\",\"url\":\"https:\\\/\\\/trustywatches.com\\\/wp-content\\\/uploads\\\/2026\\\/01\\\/Dong-Ho-Nu-Patek-Philippe-Aquanaut-5067-Che-Tac-Boc-Vang-That-Vien-Dinh-Moissanite-35-1.jpg\",\"contentUrl\":\"https:\\\/\\\/trustywatches.com\\\/wp-content\\\/uploads\\\/2026\\\/01\\\/Dong-Ho-Nu-Patek-Philippe-Aquanaut-5067-Che-Tac-Boc-Vang-That-Vien-Dinh-Moissanite-35-1.jpg\",\"width\":1920,\"height\":1920},{\"@type\":\"BreadcrumbList\",\"@id\":\"https:\\\/\\\/trustywatches.com\\\/product\\\/patek-philippe-aquanaut-5067-reloj-de-imitacion-esfera-blanca-bisel-caja-de-moissanita-oro-de-18-quilates-352-mm\\\/#breadcrumb\",\"itemListElement\":[{\"@type\":\"ListItem\",\"position\":1,\"name\":\"Home\",\"item\":\"https:\\\/\\\/trustywatches.com\\\/\"},{\"@type\":\"ListItem\",\"position\":2,\"name\":\"TIENDA\",\"item\":\"https:\\\/\\\/trustywatches.com\\\/tienda\\\/\"},{\"@type\":\"ListItem\",\"position\":3,\"name\":\"Patek Philippe Aquanaut 5067 Imitation Watch White Dial Bezel Moissanite Case 18K Gold 35.2mm\"}]},{\"@type\":\"WebSite\",\"@id\":\"https:\\\/\\\/trustywatches.com\\\/#website\",\"url\":\"https:\\\/\\\/trustywatches.com\\\/\",\"name\":\"Trustywatches\",\"description\":\"\",\"potentialAction\":[{\"@type\":\"SearchAction\",\"target\":{\"@type\":\"EntryPoint\",\"urlTemplate\":\"https:\\\/\\\/trustywatches.com\\\/?s={search_term_string}\"},\"query-input\":{\"@type\":\"PropertyValueSpecification\",\"valueRequired\":true,\"valueName\":\"search_term_string\"}}],\"inLanguage\":\"en-US\"}]}<\/script>\n<!-- \/ Yoast SEO plugin. -->","yoast_head_json":{"title":"Patek Philippe Aquanaut 5067 Imitation Watch White Dial Bezel Moissanite Case 18K Gold 35.2mm - Trustywatches","robots":{"index":"index","follow":"follow","max-snippet":"max-snippet:-1","max-image-preview":"max-image-preview:large","max-video-preview":"max-video-preview:-1"},"canonical":"https:\/\/trustywatches.com\/en\/product\/patek-philippe-aquanaut-5067-reloj-de-imitacion-esfera-blanca-bisel-caja-de-moissanita-oro-de-18-quilates-352-mm\/","og_locale":"en_US","og_type":"article","og_title":"Patek Philippe Aquanaut 5067 Imitation Watch White Dial Bezel Moissanite Case 18K Gold 35.2mm - Trustywatches","og_description":"ESPECIFICACIONES \u2013 GARANT\u00cdADE LOS RELOJES DE IMITACI\u00d3N PATEK PHILIPPE  Especificaci\u00f3n Detalles  Tama\u00f1o 35,2 mm  Material Acero inoxidable ba\u00f1ado en oro  Correa Caucho Correa  Movimiento Cuarzo  Cristal Zafiro macizo  Funciones Funcionalidad  Resistencia al agua Buena  Garant\u00eda 5 a\u00f1os en el Movimiento  Servicios Spa gratuito: lubricaci\u00f3n de m\u00e1quinas  Soporte Cambio a una mejor relaci\u00f3n calidad-precio","og_url":"https:\/\/trustywatches.com\/en\/product\/patek-philippe-aquanaut-5067-reloj-de-imitacion-esfera-blanca-bisel-caja-de-moissanita-oro-de-18-quilates-352-mm\/","og_site_name":"Trustywatches","article_modified_time":"2026-03-05T06:45:44+00:00","og_image":[{"width":1920,"height":1920,"url":"https:\/\/trustywatches.com\/wp-content\/uploads\/2026\/01\/Dong-Ho-Nu-Patek-Philippe-Aquanaut-5067-Che-Tac-Boc-Vang-That-Vien-Dinh-Moissanite-35-1.jpg","type":"image\/jpeg"}],"twitter_card":"summary_large_image","schema":{"@context":"https:\/\/schema.org","@graph":[{"@type":"WebPage","@id":"https:\/\/trustywatches.com\/product\/patek-philippe-aquanaut-5067-reloj-de-imitacion-esfera-blanca-bisel-caja-de-moissanita-oro-de-18-quilates-352-mm\/","url":"https:\/\/trustywatches.com\/product\/patek-philippe-aquanaut-5067-reloj-de-imitacion-esfera-blanca-bisel-caja-de-moissanita-oro-de-18-quilates-352-mm\/","name":"Patek Philippe Aquanaut 5067 Imitation Watch White Dial Bezel Moissanite Case 18K Gold 35.2mm - Trustywatches","isPartOf":{"@id":"https:\/\/trustywatches.com\/#website"},"primaryImageOfPage":{"@id":"https:\/\/trustywatches.com\/product\/patek-philippe-aquanaut-5067-reloj-de-imitacion-esfera-blanca-bisel-caja-de-moissanita-oro-de-18-quilates-352-mm\/#primaryimage"},"image":{"@id":"https:\/\/trustywatches.com\/product\/patek-philippe-aquanaut-5067-reloj-de-imitacion-esfera-blanca-bisel-caja-de-moissanita-oro-de-18-quilates-352-mm\/#primaryimage"},"thumbnailUrl":"https:\/\/trustywatches.com\/wp-content\/uploads\/2026\/01\/Dong-Ho-Nu-Patek-Philippe-Aquanaut-5067-Che-Tac-Boc-Vang-That-Vien-Dinh-Moissanite-35-1.jpg","datePublished":"2026-01-14T10:16:02+00:00","dateModified":"2026-03-05T06:45:44+00:00","breadcrumb":{"@id":"https:\/\/trustywatches.com\/product\/patek-philippe-aquanaut-5067-reloj-de-imitacion-esfera-blanca-bisel-caja-de-moissanita-oro-de-18-quilates-352-mm\/#breadcrumb"},"inLanguage":"en-US","potentialAction":[{"@type":"ReadAction","target":["https:\/\/trustywatches.com\/product\/patek-philippe-aquanaut-5067-reloj-de-imitacion-esfera-blanca-bisel-caja-de-moissanita-oro-de-18-quilates-352-mm\/"]}]},{"@type":"ImageObject","inLanguage":"en-US","@id":"https:\/\/trustywatches.com\/product\/patek-philippe-aquanaut-5067-reloj-de-imitacion-esfera-blanca-bisel-caja-de-moissanita-oro-de-18-quilates-352-mm\/#primaryimage","url":"https:\/\/trustywatches.com\/wp-content\/uploads\/2026\/01\/Dong-Ho-Nu-Patek-Philippe-Aquanaut-5067-Che-Tac-Boc-Vang-That-Vien-Dinh-Moissanite-35-1.jpg","contentUrl":"https:\/\/trustywatches.com\/wp-content\/uploads\/2026\/01\/Dong-Ho-Nu-Patek-Philippe-Aquanaut-5067-Che-Tac-Boc-Vang-That-Vien-Dinh-Moissanite-35-1.jpg","width":1920,"height":1920},{"@type":"BreadcrumbList","@id":"https:\/\/trustywatches.com\/product\/patek-philippe-aquanaut-5067-reloj-de-imitacion-esfera-blanca-bisel-caja-de-moissanita-oro-de-18-quilates-352-mm\/#breadcrumb","itemListElement":[{"@type":"ListItem","position":1,"name":"Home","item":"https:\/\/trustywatches.com\/"},{"@type":"ListItem","position":2,"name":"TIENDA","item":"https:\/\/trustywatches.com\/tienda\/"},{"@type":"ListItem","position":3,"name":"Patek Philippe Aquanaut 5067 Imitation Watch White Dial Bezel Moissanite Case 18K Gold 35.2mm"}]},{"@type":"WebSite","@id":"https:\/\/trustywatches.com\/#website","url":"https:\/\/trustywatches.com\/","name":"Trustywatches","description":"","potentialAction":[{"@type":"SearchAction","target":{"@type":"EntryPoint","urlTemplate":"https:\/\/trustywatches.com\/?s={search_term_string}"},"query-input":{"@type":"PropertyValueSpecification","valueRequired":true,"valueName":"search_term_string"}}],"inLanguage":"en-US"}]}},"post_mailing_queue_ids":[],"_links":{"self":[{"href":"https:\/\/trustywatches.com\/en\/wp-json\/wp\/v2\/product\/22664","targetHints":{"allow":["GET"]}}],"collection":[{"href":"https:\/\/trustywatches.com\/en\/wp-json\/wp\/v2\/product"}],"about":[{"href":"https:\/\/trustywatches.com\/en\/wp-json\/wp\/v2\/types\/product"}],"replies":[{"embeddable":true,"href":"https:\/\/trustywatches.com\/en\/wp-json\/wp\/v2\/comments?post=22664"}],"wp:featuredmedia":[{"embeddable":true,"href":"https:\/\/trustywatches.com\/en\/wp-json\/wp\/v2\/media\/27042"}],"wp:attachment":[{"href":"https:\/\/trustywatches.com\/en\/wp-json\/wp\/v2\/media?parent=22664"}],"wp:term":[{"taxonomy":"product_brand","embeddable":true,"href":"https:\/\/trustywatches.com\/en\/wp-json\/wp\/v2\/product_brand?post=22664"},{"taxonomy":"product_cat","embeddable":true,"href":"https:\/\/trustywatches.com\/en\/wp-json\/wp\/v2\/product_cat?post=22664"},{"taxonomy":"product_tag","embeddable":true,"href":"https:\/\/trustywatches.com\/en\/wp-json\/wp\/v2\/product_tag?post=22664"}],"curies":[{"name":"wp","href":"https:\/\/api.w.org\/{rel}","templated":true}]}}