{"id":22671,"date":"2026-01-14T04:16:02","date_gmt":"2026-01-14T10:16:02","guid":{"rendered":"https:\/\/darkgreen-grouse-660966.hostingersite.com\/product\/omega-de-ville-prestige-relojes-de-imitacion-de-lujo-con-esfera-rosa-arenada-y-movimiento-automatico-de-34-mm\/"},"modified":"2026-03-05T00:45:44","modified_gmt":"2026-03-05T06:45:44","slug":"omega-de-ville-prestige-relojes-de-imitacion-de-lujo-con-esfera-rosa-arenada-y-movimiento-automatico-de-34-mm","status":"publish","type":"product","link":"https:\/\/trustywatches.com\/en\/product\/omega-de-ville-prestige-relojes-de-imitacion-de-lujo-con-esfera-rosa-arenada-y-movimiento-automatico-de-34-mm\/","title":{"rendered":"Omega De Ville Prestige Luxury Faux Watches with Sandblasted Pink Dial and 34mm Automatic Movement"},"content":{"rendered":"<h2><strong>Introducing the Omega De Ville Prestige luxury imitation watches<\/strong><\/h2>\n<div style=\"width: 720px\" class=\"wp-video\"><!--[if lt IE 9]>document.createElement('video');<![endif]--><br \/>\n<video class=\"wp-video-shortcode\" id=\"video-0-1\" width=\"720\" height=\"1280\" preload=\"metadata\" controls=\"controls\"><a href=\"https:\/\/kingreplica.com.vn\/wp-content\/uploads\/2025\/12\/Dong-Ho-Omega-De-Ville-Prestige-Che-Tac-Mat-So-Mau-Hong-Phun-Cat-34mm-1.mp4\" target=\"_blank\" rel=\"noopener\">https:\/\/kingreplica.com.vn\/wp-content\/uploads\/2025\/12\/Dong-Ho-Omega-De-Ville-Prestige-Che-Tac-Mat-So-Mau-Hong-Phun-Cat-34mm-1.mp4<\/a><\/video><\/div>\n<p><img fetchpriority=\"high\" decoding=\"async\" class=\"aligncenter size-large wp-image-45504\" src=\"https:\/\/kingreplica.com.vn\/wp-content\/uploads\/2025\/12\/Dong-Ho-Omega-De-Ville-Prestige-Che-Tac-Mat-So-Mau-Hong-Phun-Cat-34mm-1-1024x1024.jpg\" alt=\"??ng H? Omega De Ville Prestige Ch? T??c M?t S? M??u H?ng Phun C??t 34mm (2)\" width=\"1020\" height=\"1020\" \/> <img decoding=\"async\" class=\"aligncenter size-large wp-image-45498\" src=\"https:\/\/kingreplica.com.vn\/wp-content\/uploads\/2025\/12\/Dong-Ho-Omega-De-Ville-Prestige-Che-Tac-Mat-So-Mau-Hong-Phun-Cat-34mm-6-1024x1024.jpg\" alt=\"??ng H? Omega De Ville Prestige Ch? T??c M?t S? M??u H?ng Phun C??t 34mm (2)\" width=\"1020\" height=\"1020\" \/> <img decoding=\"async\" class=\"aligncenter size-large wp-image-45495\" src=\"https:\/\/kingreplica.com.vn\/wp-content\/uploads\/2025\/12\/Dong-Ho-Omega-De-Ville-Prestige-Che-Tac-Mat-So-Mau-Hong-Phun-Cat-34mm-3-1024x1024.jpg\" alt=\"??ng H? Omega De Ville Prestige Ch? T??c M?t S? M??u H?ng Phun C??t 34mm (2)\" width=\"1020\" height=\"1020\" \/> <img loading=\"lazy\" decoding=\"async\" class=\"aligncenter size-large wp-image-45496\" src=\"https:\/\/kingreplica.com.vn\/wp-content\/uploads\/2025\/12\/Dong-Ho-Omega-De-Ville-Prestige-Che-Tac-Mat-So-Mau-Hong-Phun-Cat-34mm-4-1024x1024.jpg\" alt=\"??ng H? Omega De Ville Prestige Ch? T??c M?t S? M??u H?ng Phun C??t 34mm (2)\" width=\"1020\" height=\"1020\" \/><\/p>\n","protected":false},"excerpt":{"rendered":"<h2><strong>ESPECIFICACIONES \u2013 GARANT\u00cdA<\/strong><strong>DE LOS RELOJES DE IMITACI\u00d3N DE LUJO OMEGA<\/strong><\/h2>\n<table class=\"shop_attributes\" width=\"480\">\n<tbody>\n<tr>\n<th><strong>Especificaci\u00f3n<\/strong><\/th>\n<td><strong>Detalles<\/strong><\/td>\n<\/tr>\n<tr>\n<th><strong>Tama\u00f1o<\/strong><\/th>\n<td><strong>34 mm<\/strong><\/td>\n<\/tr>\n<tr>\n<th>Material<\/th>\n<td><strong>Acero inoxidable<\/strong><\/td>\n<\/tr>\n<tr>\n<th><strong>Correa<\/strong><\/th>\n<td><strong>Correa met\u00e1lica<\/strong><\/td>\n<\/tr>\n<tr>\n<th><strong>Movimiento<\/strong><\/th>\n<td><strong>Autom\u00e1tico \u2013 Super Clon<\/strong><\/td>\n<\/tr>\n<tr>\n<th><strong>Cristal<\/strong><\/th>\n<td><strong>Zafiro macizo<\/strong><\/td>\n<\/tr>\n<tr>\n<th><strong>Funciones<\/strong><\/th>\n<td><strong>Funcionalidad<\/strong><\/td>\n<\/tr>\n<tr>\n<th>Resistencia al agua<\/th>\n<td><strong><span class=\"text_exposed_show\">Buena<\/span><\/strong><\/td>\n<\/tr>\n<tr>\n<th>Garant\u00eda<\/th>\n<td><strong>5 a\u00f1os de garant\u00eda<\/strong><\/td>\n<\/tr>\n<tr>\n<th><strong>Servicios<\/strong><\/th>\n<td><strong>Spa gratuito &#8211; M\u00e1quina Lubricaci\u00f3n<br \/>\n<\/strong><\/td>\n<\/tr>\n<tr>\n<th><strong>Soporte<\/strong><\/th>\n<td><strong>Cambio a mejor precio<\/strong><\/td>\n<\/tr>\n<\/tbody>\n<\/table>","protected":false},"featured_media":27121,"comment_status":"open","ping_status":"closed","template":"","meta":{"iawp_total_views":2},"product_brand":[],"product_cat":[212,194],"product_tag":[452,451],"class_list":{"0":"post-22671","1":"product","2":"type-product","3":"status-publish","4":"has-post-thumbnail","6":"product_cat-de-ville","7":"product_cat-omega","8":"product_tag-replica-de-reloj","9":"product_tag-replica-de-reloj-omega","11":"first","12":"instock","13":"sale","14":"shipping-taxable","15":"purchasable","16":"product-type-simple"},"yoast_head":"<!-- This site is optimized with the Yoast SEO plugin v27.3 - https:\/\/yoast.com\/product\/yoast-seo-wordpress\/ -->\n<title>Omega De Ville Prestige Luxury Faux Watches with Sandblasted Pink Dial and 34mm Automatic Movement - Trustywatches<\/title>\n<meta name=\"robots\" content=\"index, follow, max-snippet:-1, max-image-preview:large, max-video-preview:-1\" \/>\n<link rel=\"canonical\" href=\"https:\/\/trustywatches.com\/en\/product\/omega-de-ville-prestige-relojes-de-imitacion-de-lujo-con-esfera-rosa-arenada-y-movimiento-automatico-de-34-mm\/\" \/>\n<meta property=\"og:locale\" content=\"en_US\" \/>\n<meta property=\"og:type\" content=\"article\" \/>\n<meta property=\"og:title\" content=\"Omega De Ville Prestige Luxury Faux Watches with Sandblasted Pink Dial and 34mm Automatic Movement - Trustywatches\" \/>\n<meta property=\"og:description\" content=\"ESPECIFICACIONES \u2013 GARANT\u00cdADE LOS RELOJES DE IMITACI\u00d3N DE LUJO OMEGA  Especificaci\u00f3n Detalles  Tama\u00f1o 34 mm  Material Acero inoxidable  Correa Correa met\u00e1lica  Movimiento Autom\u00e1tico \u2013 Super Clon  Cristal Zafiro macizo  Funciones Funcionalidad  Resistencia al agua Buena  Garant\u00eda 5 a\u00f1os de garant\u00eda  Servicios Spa gratuito - M\u00e1quina Lubricaci\u00f3n  Soporte Cambio a mejor precio\" \/>\n<meta property=\"og:url\" content=\"https:\/\/trustywatches.com\/en\/product\/omega-de-ville-prestige-relojes-de-imitacion-de-lujo-con-esfera-rosa-arenada-y-movimiento-automatico-de-34-mm\/\" \/>\n<meta property=\"og:site_name\" content=\"Trustywatches\" \/>\n<meta property=\"article:modified_time\" content=\"2026-03-05T06:45:44+00:00\" \/>\n<meta property=\"og:image\" content=\"https:\/\/trustywatches.com\/wp-content\/uploads\/2026\/01\/Dong-Ho-Omega-De-Ville-Prestige-Che-Tac-Mat-So-Mau-Hong-Phun-Cat-34mm-1.jpg\" \/>\n\t<meta property=\"og:image:width\" content=\"1920\" \/>\n\t<meta property=\"og:image:height\" content=\"1920\" \/>\n\t<meta property=\"og:image:type\" content=\"image\/jpeg\" \/>\n<meta name=\"twitter:card\" content=\"summary_large_image\" \/>\n<script type=\"application\/ld+json\" class=\"yoast-schema-graph\">{\"@context\":\"https:\\\/\\\/schema.org\",\"@graph\":[{\"@type\":\"WebPage\",\"@id\":\"https:\\\/\\\/trustywatches.com\\\/product\\\/omega-de-ville-prestige-relojes-de-imitacion-de-lujo-con-esfera-rosa-arenada-y-movimiento-automatico-de-34-mm\\\/\",\"url\":\"https:\\\/\\\/trustywatches.com\\\/product\\\/omega-de-ville-prestige-relojes-de-imitacion-de-lujo-con-esfera-rosa-arenada-y-movimiento-automatico-de-34-mm\\\/\",\"name\":\"Omega De Ville Prestige Luxury Faux Watches with Sandblasted Pink Dial and 34mm Automatic Movement - Trustywatches\",\"isPartOf\":{\"@id\":\"https:\\\/\\\/trustywatches.com\\\/#website\"},\"primaryImageOfPage\":{\"@id\":\"https:\\\/\\\/trustywatches.com\\\/product\\\/omega-de-ville-prestige-relojes-de-imitacion-de-lujo-con-esfera-rosa-arenada-y-movimiento-automatico-de-34-mm\\\/#primaryimage\"},\"image\":{\"@id\":\"https:\\\/\\\/trustywatches.com\\\/product\\\/omega-de-ville-prestige-relojes-de-imitacion-de-lujo-con-esfera-rosa-arenada-y-movimiento-automatico-de-34-mm\\\/#primaryimage\"},\"thumbnailUrl\":\"https:\\\/\\\/trustywatches.com\\\/wp-content\\\/uploads\\\/2026\\\/01\\\/Dong-Ho-Omega-De-Ville-Prestige-Che-Tac-Mat-So-Mau-Hong-Phun-Cat-34mm-1.jpg\",\"datePublished\":\"2026-01-14T10:16:02+00:00\",\"dateModified\":\"2026-03-05T06:45:44+00:00\",\"breadcrumb\":{\"@id\":\"https:\\\/\\\/trustywatches.com\\\/product\\\/omega-de-ville-prestige-relojes-de-imitacion-de-lujo-con-esfera-rosa-arenada-y-movimiento-automatico-de-34-mm\\\/#breadcrumb\"},\"inLanguage\":\"en-US\",\"potentialAction\":[{\"@type\":\"ReadAction\",\"target\":[\"https:\\\/\\\/trustywatches.com\\\/product\\\/omega-de-ville-prestige-relojes-de-imitacion-de-lujo-con-esfera-rosa-arenada-y-movimiento-automatico-de-34-mm\\\/\"]}]},{\"@type\":\"ImageObject\",\"inLanguage\":\"en-US\",\"@id\":\"https:\\\/\\\/trustywatches.com\\\/product\\\/omega-de-ville-prestige-relojes-de-imitacion-de-lujo-con-esfera-rosa-arenada-y-movimiento-automatico-de-34-mm\\\/#primaryimage\",\"url\":\"https:\\\/\\\/trustywatches.com\\\/wp-content\\\/uploads\\\/2026\\\/01\\\/Dong-Ho-Omega-De-Ville-Prestige-Che-Tac-Mat-So-Mau-Hong-Phun-Cat-34mm-1.jpg\",\"contentUrl\":\"https:\\\/\\\/trustywatches.com\\\/wp-content\\\/uploads\\\/2026\\\/01\\\/Dong-Ho-Omega-De-Ville-Prestige-Che-Tac-Mat-So-Mau-Hong-Phun-Cat-34mm-1.jpg\",\"width\":1920,\"height\":1920},{\"@type\":\"BreadcrumbList\",\"@id\":\"https:\\\/\\\/trustywatches.com\\\/product\\\/omega-de-ville-prestige-relojes-de-imitacion-de-lujo-con-esfera-rosa-arenada-y-movimiento-automatico-de-34-mm\\\/#breadcrumb\",\"itemListElement\":[{\"@type\":\"ListItem\",\"position\":1,\"name\":\"Home\",\"item\":\"https:\\\/\\\/trustywatches.com\\\/\"},{\"@type\":\"ListItem\",\"position\":2,\"name\":\"TIENDA\",\"item\":\"https:\\\/\\\/trustywatches.com\\\/tienda\\\/\"},{\"@type\":\"ListItem\",\"position\":3,\"name\":\"Omega De Ville Prestige Luxury Faux Watches with Sandblasted Pink Dial and 34mm Automatic Movement\"}]},{\"@type\":\"WebSite\",\"@id\":\"https:\\\/\\\/trustywatches.com\\\/#website\",\"url\":\"https:\\\/\\\/trustywatches.com\\\/\",\"name\":\"Trustywatches\",\"description\":\"\",\"potentialAction\":[{\"@type\":\"SearchAction\",\"target\":{\"@type\":\"EntryPoint\",\"urlTemplate\":\"https:\\\/\\\/trustywatches.com\\\/?s={search_term_string}\"},\"query-input\":{\"@type\":\"PropertyValueSpecification\",\"valueRequired\":true,\"valueName\":\"search_term_string\"}}],\"inLanguage\":\"en-US\"}]}<\/script>\n<!-- \/ Yoast SEO plugin. -->","yoast_head_json":{"title":"Omega De Ville Prestige Luxury Faux Watches with Sandblasted Pink Dial and 34mm Automatic Movement - Trustywatches","robots":{"index":"index","follow":"follow","max-snippet":"max-snippet:-1","max-image-preview":"max-image-preview:large","max-video-preview":"max-video-preview:-1"},"canonical":"https:\/\/trustywatches.com\/en\/product\/omega-de-ville-prestige-relojes-de-imitacion-de-lujo-con-esfera-rosa-arenada-y-movimiento-automatico-de-34-mm\/","og_locale":"en_US","og_type":"article","og_title":"Omega De Ville Prestige Luxury Faux Watches with Sandblasted Pink Dial and 34mm Automatic Movement - Trustywatches","og_description":"ESPECIFICACIONES \u2013 GARANT\u00cdADE LOS RELOJES DE IMITACI\u00d3N DE LUJO OMEGA  Especificaci\u00f3n Detalles  Tama\u00f1o 34 mm  Material Acero inoxidable  Correa Correa met\u00e1lica  Movimiento Autom\u00e1tico \u2013 Super Clon  Cristal Zafiro macizo  Funciones Funcionalidad  Resistencia al agua Buena  Garant\u00eda 5 a\u00f1os de garant\u00eda  Servicios Spa gratuito - M\u00e1quina Lubricaci\u00f3n  Soporte Cambio a mejor precio","og_url":"https:\/\/trustywatches.com\/en\/product\/omega-de-ville-prestige-relojes-de-imitacion-de-lujo-con-esfera-rosa-arenada-y-movimiento-automatico-de-34-mm\/","og_site_name":"Trustywatches","article_modified_time":"2026-03-05T06:45:44+00:00","og_image":[{"width":1920,"height":1920,"url":"https:\/\/trustywatches.com\/wp-content\/uploads\/2026\/01\/Dong-Ho-Omega-De-Ville-Prestige-Che-Tac-Mat-So-Mau-Hong-Phun-Cat-34mm-1.jpg","type":"image\/jpeg"}],"twitter_card":"summary_large_image","schema":{"@context":"https:\/\/schema.org","@graph":[{"@type":"WebPage","@id":"https:\/\/trustywatches.com\/product\/omega-de-ville-prestige-relojes-de-imitacion-de-lujo-con-esfera-rosa-arenada-y-movimiento-automatico-de-34-mm\/","url":"https:\/\/trustywatches.com\/product\/omega-de-ville-prestige-relojes-de-imitacion-de-lujo-con-esfera-rosa-arenada-y-movimiento-automatico-de-34-mm\/","name":"Omega De Ville Prestige Luxury Faux Watches with Sandblasted Pink Dial and 34mm Automatic Movement - Trustywatches","isPartOf":{"@id":"https:\/\/trustywatches.com\/#website"},"primaryImageOfPage":{"@id":"https:\/\/trustywatches.com\/product\/omega-de-ville-prestige-relojes-de-imitacion-de-lujo-con-esfera-rosa-arenada-y-movimiento-automatico-de-34-mm\/#primaryimage"},"image":{"@id":"https:\/\/trustywatches.com\/product\/omega-de-ville-prestige-relojes-de-imitacion-de-lujo-con-esfera-rosa-arenada-y-movimiento-automatico-de-34-mm\/#primaryimage"},"thumbnailUrl":"https:\/\/trustywatches.com\/wp-content\/uploads\/2026\/01\/Dong-Ho-Omega-De-Ville-Prestige-Che-Tac-Mat-So-Mau-Hong-Phun-Cat-34mm-1.jpg","datePublished":"2026-01-14T10:16:02+00:00","dateModified":"2026-03-05T06:45:44+00:00","breadcrumb":{"@id":"https:\/\/trustywatches.com\/product\/omega-de-ville-prestige-relojes-de-imitacion-de-lujo-con-esfera-rosa-arenada-y-movimiento-automatico-de-34-mm\/#breadcrumb"},"inLanguage":"en-US","potentialAction":[{"@type":"ReadAction","target":["https:\/\/trustywatches.com\/product\/omega-de-ville-prestige-relojes-de-imitacion-de-lujo-con-esfera-rosa-arenada-y-movimiento-automatico-de-34-mm\/"]}]},{"@type":"ImageObject","inLanguage":"en-US","@id":"https:\/\/trustywatches.com\/product\/omega-de-ville-prestige-relojes-de-imitacion-de-lujo-con-esfera-rosa-arenada-y-movimiento-automatico-de-34-mm\/#primaryimage","url":"https:\/\/trustywatches.com\/wp-content\/uploads\/2026\/01\/Dong-Ho-Omega-De-Ville-Prestige-Che-Tac-Mat-So-Mau-Hong-Phun-Cat-34mm-1.jpg","contentUrl":"https:\/\/trustywatches.com\/wp-content\/uploads\/2026\/01\/Dong-Ho-Omega-De-Ville-Prestige-Che-Tac-Mat-So-Mau-Hong-Phun-Cat-34mm-1.jpg","width":1920,"height":1920},{"@type":"BreadcrumbList","@id":"https:\/\/trustywatches.com\/product\/omega-de-ville-prestige-relojes-de-imitacion-de-lujo-con-esfera-rosa-arenada-y-movimiento-automatico-de-34-mm\/#breadcrumb","itemListElement":[{"@type":"ListItem","position":1,"name":"Home","item":"https:\/\/trustywatches.com\/"},{"@type":"ListItem","position":2,"name":"TIENDA","item":"https:\/\/trustywatches.com\/tienda\/"},{"@type":"ListItem","position":3,"name":"Omega De Ville Prestige Luxury Faux Watches with Sandblasted Pink Dial and 34mm Automatic Movement"}]},{"@type":"WebSite","@id":"https:\/\/trustywatches.com\/#website","url":"https:\/\/trustywatches.com\/","name":"Trustywatches","description":"","potentialAction":[{"@type":"SearchAction","target":{"@type":"EntryPoint","urlTemplate":"https:\/\/trustywatches.com\/?s={search_term_string}"},"query-input":{"@type":"PropertyValueSpecification","valueRequired":true,"valueName":"search_term_string"}}],"inLanguage":"en-US"}]}},"post_mailing_queue_ids":[],"_links":{"self":[{"href":"https:\/\/trustywatches.com\/en\/wp-json\/wp\/v2\/product\/22671","targetHints":{"allow":["GET"]}}],"collection":[{"href":"https:\/\/trustywatches.com\/en\/wp-json\/wp\/v2\/product"}],"about":[{"href":"https:\/\/trustywatches.com\/en\/wp-json\/wp\/v2\/types\/product"}],"replies":[{"embeddable":true,"href":"https:\/\/trustywatches.com\/en\/wp-json\/wp\/v2\/comments?post=22671"}],"wp:featuredmedia":[{"embeddable":true,"href":"https:\/\/trustywatches.com\/en\/wp-json\/wp\/v2\/media\/27121"}],"wp:attachment":[{"href":"https:\/\/trustywatches.com\/en\/wp-json\/wp\/v2\/media?parent=22671"}],"wp:term":[{"taxonomy":"product_brand","embeddable":true,"href":"https:\/\/trustywatches.com\/en\/wp-json\/wp\/v2\/product_brand?post=22671"},{"taxonomy":"product_cat","embeddable":true,"href":"https:\/\/trustywatches.com\/en\/wp-json\/wp\/v2\/product_cat?post=22671"},{"taxonomy":"product_tag","embeddable":true,"href":"https:\/\/trustywatches.com\/en\/wp-json\/wp\/v2\/product_tag?post=22671"}],"curies":[{"name":"wp","href":"https:\/\/api.w.org\/{rel}","templated":true}]}}